{"id":23686,"date":"2025-02-07T20:31:13","date_gmt":"2025-02-07T16:31:13","guid":{"rendered":"https:\/\/airsystems.ge\/shop\/product\/vibro-pi-mini-sound-insulation-suspension-for-gypsum-board-ceilings\/"},"modified":"2025-02-26T00:24:28","modified_gmt":"2025-02-25T20:24:28","slug":"vibro-pi-mini-sound-insulation-suspension-for-gypsum-board-ceilings","status":"publish","type":"product","link":"https:\/\/airrent.ge\/az\/product\/vibro-pi-mini-sound-insulation-suspension-for-gypsum-board-ceilings\/","title":{"rendered":"Vibro-Pi mini: Gips taxta tavanlar \u00fc\u00e7\u00fcn s\u0259s izolyasiya asma"},"content":{"rendered":"<p>H\u0259r s\u00fcspansiyon \u00fc\u00e7\u00fcn 8-20\u00a0daN.<\/p>\n<p>S\u00fcspansiyonun l\u00f6vb\u0259ri perpendikulyar olmal\u0131d\u0131r.<\/p>\n<p><strong>Dinamik X\u00fcsusiyy\u0259tl\u0259r<\/strong><\/p>\n<p>10Hz-d\u0259n \u00e7ox t\u0259bii tezlik.<\/p>\n","protected":false},"excerpt":{"rendered":"<p>S\u0259s izolyasiya ed\u0259n al\u00e7\u0131pan tavanlar\u0131n\u0131n as\u0131lmas\u0131. B\u00fct\u00fcn \u00fcz\u0259n tavan t\u0259tbiql\u0259rind\u0259 istifad\u0259 edil\u0259 bil\u0259r.<\/p>\n<p>T\u018fSV\u0130R\u0130<\/p>\n<p>Vibro-Pi mini S\u0259s \u0130zolyasiya Asq\u0131s\u0131 s\u0259s izolyasiya ed\u0259n (gipskarton) tavanlar\u0131 asmaq, hava kanallar\u0131n\u0131 v\u0259 s. asmaq \u00fc\u00e7\u00fcn istifad\u0259 olunur. Metal profilin k\u0259narlar\u0131 il\u0259 dizayn\u0131, t\u0259l\u0259b olunduqda, \u00fcz\u0259n tavan\u0131n qeyri-b\u0259rab\u0259r s\u0259viyy\u0259l\u0259rin\u0259 nail olmaq \u00fc\u00e7\u00fcn m\u00fcxt\u0259lif uzunluqlarda asanl\u0131qla k\u0259sil\u0259 v\u0259 ya \u0259yil\u0259 bil\u0259r.<br \/>\nVibro-Pi mini d\u00fczg\u00fcn formala\u015fd\u0131r\u0131lm\u0131\u015f sinkl\u0259nmi\u015f t\u0259b\u0259q\u0259nin metal \u00e7\u0259r\u00e7iv\u0259sind\u0259n ibar\u0259tdir. \u00dcst hiss\u0259d\u0259 vibrasiyaya qar\u015f\u0131 x\u00fcsusi rezin dayaq (Vibro-mini) yerl\u0259\u015fdirilib. Rezin dayaq vasit\u0259sil\u0259 tavana b\u0259rkidil\u0259 bil\u0259n M6 vint (daxil deyil) istifad\u0259 olunur.<br \/>\nVibro-mini rezin anti-vibrasiya d\u0259st\u0259yi \u0259la vibrasiya n\u0259zar\u0259ti \u00fc\u00e7\u00fcn \u00e7ox yax\u015f\u0131 \u0259yilm\u0259 v\u0259 y\u00fck nisb\u0259ti il\u0259 y\u00fcks\u0259k keyfiyy\u0259tli rezin birl\u0259\u015fm\u0259d\u0259n haz\u0131rlanm\u0131\u015f x\u00fcsusi t\u0259dqiqat\u0131n n\u0259tic\u0259sidir. Metal profilin x\u00fcsusi konstruksiyas\u0131 perforasiya edilmi\u015fdir, buna g\u00f6r\u0259 d\u0259 layih\u0259 ehtiyaclar\u0131n\u0131 \u00f6d\u0259m\u0259k \u00fc\u00e7\u00fcn m\u00fcxt\u0259lif uzunluqlarda asanl\u0131qla k\u0259sil\u0259 bil\u0259r.<\/p>\n<p>Qura\u015fd\u0131rma<\/p>\n<p>Vibro-Pi mini vibrasiya as\u0131lqan\u0131ndan istifad\u0259 ed\u0259r\u0259k gips kartondan asma tavan qura\u015fd\u0131rark\u0259n<br \/>\na\u015fa\u011f\u0131dak\u0131 prosedura \u0259m\u0259l olunur:<br \/>\n\u2022 Asma tavan\u0131n asma yerl\u0259rini qeyd edin.<br \/>\n\u2022 Tavanda \u00d88-\u0259 q\u0259d\u0259r de\u015fikl\u0259r qaz\u0131n.<br \/>\n\u2022 Vibro-Pi mini-ni \u03a0 \u015f\u0259klin\u0259 salmadan haz\u0131rlay\u0131n<br \/>\n\u2022 Boltlar\u0131 v\u0259 ya \u00e7ubuqlar\u0131 vidalay\u0131n.<br \/>\n\u2022 \u0130ki yan qapa\u011f\u0131 qatlay\u0131n ki, \u03a0 formas\u0131 yarans\u0131n.<br \/>\n\u2022 Vibro-Pi mini-nin h\u0259r iki t\u0259r\u0259fin\u0259 metal profili vidalay\u0131n v\u0259 as\u0131n.<\/p>\n<p>T\u018fTB\u0130QL\u018fR<\/p>\n<p>S\u0259s izolyasiya ed\u0259n al\u00e7\u0131pan tavanlar\u0131n\u0131n as\u0131lmas\u0131.<br \/>\nHava kanallar\u0131n\u0131n vibrasiyaya qar\u015f\u0131 asq\u0131s\u0131 v\u0259 s.<br \/>\nD\u0130NAM\u0130K X\u00dcSUS\u0130YY\u018fTL\u018fR<\/p>\n<p>Maksimum y\u00fck: 20 daN<br \/>\nT\u0259bii Tezlik: 15 Hz<\/p>\n","protected":false},"featured_media":22459,"template":"","meta":[],"product_brand":[],"product_cat":[927],"product_tag":[],"class_list":{"0":"post-23686","1":"product","2":"type-product","3":"status-publish","4":"has-post-thumbnail","6":"product_cat-vibrasiya-anti-ss-kuy-akustik-az","8":"first","9":"instock","10":"shipping-taxable","11":"product-type-simple"},"yoast_head":"<!-- This site is optimized with the Yoast SEO plugin v27.1.1 - https:\/\/yoast.com\/product\/yoast-seo-wordpress\/ -->\n<title>Vibro-Pi mini: Gips taxta tavanlar \u00fc\u00e7\u00fcn s\u0259s izolyasiya asma - AirRent.ge<\/title>\n<meta name=\"robots\" content=\"index, follow, max-snippet:-1, max-image-preview:large, max-video-preview:-1\" \/>\n<link rel=\"canonical\" href=\"https:\/\/airrent.ge\/az\/product\/vibro-pi-mini-sound-insulation-suspension-for-gypsum-board-ceilings\/\" \/>\n<meta property=\"og:locale\" content=\"az_AZ\" \/>\n<meta property=\"og:type\" content=\"article\" \/>\n<meta property=\"og:title\" content=\"Vibro-Pi mini: Gips taxta tavanlar \u00fc\u00e7\u00fcn s\u0259s izolyasiya asma - AirRent.ge\" \/>\n<meta property=\"og:description\" content=\"S\u0259s izolyasiya ed\u0259n al\u00e7\u0131pan tavanlar\u0131n\u0131n as\u0131lmas\u0131. B\u00fct\u00fcn \u00fcz\u0259n tavan t\u0259tbiql\u0259rind\u0259 istifad\u0259 edil\u0259 bil\u0259r.  T\u018fSV\u0130R\u0130  Vibro-Pi mini S\u0259s \u0130zolyasiya Asq\u0131s\u0131 s\u0259s izolyasiya ed\u0259n (gipskarton) tavanlar\u0131 asmaq, hava kanallar\u0131n\u0131 v\u0259 s. asmaq \u00fc\u00e7\u00fcn istifad\u0259 olunur. Metal profilin k\u0259narlar\u0131 il\u0259 dizayn\u0131, t\u0259l\u0259b olunduqda, \u00fcz\u0259n tavan\u0131n qeyri-b\u0259rab\u0259r s\u0259viyy\u0259l\u0259rin\u0259 nail olmaq \u00fc\u00e7\u00fcn m\u00fcxt\u0259lif uzunluqlarda asanl\u0131qla k\u0259sil\u0259 v\u0259 ya \u0259yil\u0259 bil\u0259r. Vibro-Pi mini d\u00fczg\u00fcn formala\u015fd\u0131r\u0131lm\u0131\u015f sinkl\u0259nmi\u015f t\u0259b\u0259q\u0259nin metal \u00e7\u0259r\u00e7iv\u0259sind\u0259n ibar\u0259tdir. \u00dcst hiss\u0259d\u0259 vibrasiyaya qar\u015f\u0131 x\u00fcsusi rezin dayaq (Vibro-mini) yerl\u0259\u015fdirilib. Rezin dayaq vasit\u0259sil\u0259 tavana b\u0259rkidil\u0259 bil\u0259n M6 vint (daxil deyil) istifad\u0259 olunur. Vibro-mini rezin anti-vibrasiya d\u0259st\u0259yi \u0259la vibrasiya n\u0259zar\u0259ti \u00fc\u00e7\u00fcn \u00e7ox yax\u015f\u0131 \u0259yilm\u0259 v\u0259 y\u00fck nisb\u0259ti il\u0259 y\u00fcks\u0259k keyfiyy\u0259tli rezin birl\u0259\u015fm\u0259d\u0259n haz\u0131rlanm\u0131\u015f x\u00fcsusi t\u0259dqiqat\u0131n n\u0259tic\u0259sidir. Metal profilin x\u00fcsusi konstruksiyas\u0131 perforasiya edilmi\u015fdir, buna g\u00f6r\u0259 d\u0259 layih\u0259 ehtiyaclar\u0131n\u0131 \u00f6d\u0259m\u0259k \u00fc\u00e7\u00fcn m\u00fcxt\u0259lif uzunluqlarda asanl\u0131qla k\u0259sil\u0259 bil\u0259r.  Qura\u015fd\u0131rma  Vibro-Pi mini vibrasiya as\u0131lqan\u0131ndan istifad\u0259 ed\u0259r\u0259k gips kartondan asma tavan qura\u015fd\u0131rark\u0259n a\u015fa\u011f\u0131dak\u0131 prosedura \u0259m\u0259l olunur: \u2022 Asma tavan\u0131n asma yerl\u0259rini qeyd edin. \u2022 Tavanda \u00d88-\u0259 q\u0259d\u0259r de\u015fikl\u0259r qaz\u0131n. \u2022 Vibro-Pi mini-ni \u03a0 \u015f\u0259klin\u0259 salmadan haz\u0131rlay\u0131n \u2022 Boltlar\u0131 v\u0259 ya \u00e7ubuqlar\u0131 vidalay\u0131n. \u2022 \u0130ki yan qapa\u011f\u0131 qatlay\u0131n ki, \u03a0 formas\u0131 yarans\u0131n. \u2022 Vibro-Pi mini-nin h\u0259r iki t\u0259r\u0259fin\u0259 metal profili vidalay\u0131n v\u0259 as\u0131n.  T\u018fTB\u0130QL\u018fR  S\u0259s izolyasiya ed\u0259n al\u00e7\u0131pan tavanlar\u0131n\u0131n as\u0131lmas\u0131. Hava kanallar\u0131n\u0131n vibrasiyaya qar\u015f\u0131 asq\u0131s\u0131 v\u0259 s. D\u0130NAM\u0130K X\u00dcSUS\u0130YY\u018fTL\u018fR  Maksimum y\u00fck: 20 daN T\u0259bii Tezlik: 15 Hz\" \/>\n<meta property=\"og:url\" content=\"https:\/\/airrent.ge\/az\/product\/vibro-pi-mini-sound-insulation-suspension-for-gypsum-board-ceilings\/\" \/>\n<meta property=\"og:site_name\" content=\"AirRent.ge\" \/>\n<meta property=\"article:modified_time\" content=\"2025-02-25T20:24:28+00:00\" \/>\n<meta property=\"og:image\" content=\"https:\/\/airrent.ge\/wp-content\/uploads\/2025\/02\/07200994630_A.jpg\" \/>\n\t<meta property=\"og:image:width\" content=\"280\" \/>\n\t<meta property=\"og:image:height\" content=\"210\" \/>\n\t<meta property=\"og:image:type\" content=\"image\/jpeg\" \/>\n<meta name=\"twitter:card\" content=\"summary_large_image\" \/>\n<script type=\"application\/ld+json\" class=\"yoast-schema-graph\">{\"@context\":\"https:\/\/schema.org\",\"@graph\":[{\"@type\":\"WebPage\",\"@id\":\"https:\/\/airrent.ge\/az\/product\/vibro-pi-mini-sound-insulation-suspension-for-gypsum-board-ceilings\/\",\"url\":\"https:\/\/airrent.ge\/az\/product\/vibro-pi-mini-sound-insulation-suspension-for-gypsum-board-ceilings\/\",\"name\":\"Vibro-Pi mini: Gips taxta tavanlar \u00fc\u00e7\u00fcn s\u0259s izolyasiya asma - AirRent.ge\",\"isPartOf\":{\"@id\":\"https:\/\/airrent.ge\/#website\"},\"primaryImageOfPage\":{\"@id\":\"https:\/\/airrent.ge\/az\/product\/vibro-pi-mini-sound-insulation-suspension-for-gypsum-board-ceilings\/#primaryimage\"},\"image\":{\"@id\":\"https:\/\/airrent.ge\/az\/product\/vibro-pi-mini-sound-insulation-suspension-for-gypsum-board-ceilings\/#primaryimage\"},\"thumbnailUrl\":\"https:\/\/airrent.ge\/wp-content\/uploads\/2025\/02\/07200994630_A.jpg\",\"datePublished\":\"2025-02-07T16:31:13+00:00\",\"dateModified\":\"2025-02-25T20:24:28+00:00\",\"breadcrumb\":{\"@id\":\"https:\/\/airrent.ge\/az\/product\/vibro-pi-mini-sound-insulation-suspension-for-gypsum-board-ceilings\/#breadcrumb\"},\"inLanguage\":\"az\",\"potentialAction\":[{\"@type\":\"ReadAction\",\"target\":[\"https:\/\/airrent.ge\/az\/product\/vibro-pi-mini-sound-insulation-suspension-for-gypsum-board-ceilings\/\"]}]},{\"@type\":\"ImageObject\",\"inLanguage\":\"az\",\"@id\":\"https:\/\/airrent.ge\/az\/product\/vibro-pi-mini-sound-insulation-suspension-for-gypsum-board-ceilings\/#primaryimage\",\"url\":\"https:\/\/airrent.ge\/wp-content\/uploads\/2025\/02\/07200994630_A.jpg\",\"contentUrl\":\"https:\/\/airrent.ge\/wp-content\/uploads\/2025\/02\/07200994630_A.jpg\",\"width\":280,\"height\":210},{\"@type\":\"BreadcrumbList\",\"@id\":\"https:\/\/airrent.ge\/az\/product\/vibro-pi-mini-sound-insulation-suspension-for-gypsum-board-ceilings\/#breadcrumb\",\"itemListElement\":[{\"@type\":\"ListItem\",\"position\":1,\"name\":\"Home\",\"item\":\"https:\/\/airrent.ge\/az\/home\/\"},{\"@type\":\"ListItem\",\"position\":2,\"name\":\"M\u0259hsullar\",\"item\":\"https:\/\/airrent.ge\/az\/products\/\"},{\"@type\":\"ListItem\",\"position\":3,\"name\":\"Vibro-Pi mini: Gips taxta tavanlar \u00fc\u00e7\u00fcn s\u0259s izolyasiya asma\"}]},{\"@type\":\"WebSite\",\"@id\":\"https:\/\/airrent.ge\/#website\",\"url\":\"https:\/\/airrent.ge\/\",\"name\":\"airrent.ge\",\"description\":\"Rental Services\",\"publisher\":{\"@id\":\"https:\/\/airrent.ge\/#organization\"},\"potentialAction\":[{\"@type\":\"SearchAction\",\"target\":{\"@type\":\"EntryPoint\",\"urlTemplate\":\"https:\/\/airrent.ge\/?s={search_term_string}\"},\"query-input\":{\"@type\":\"PropertyValueSpecification\",\"valueRequired\":true,\"valueName\":\"search_term_string\"}}],\"inLanguage\":\"az\"},{\"@type\":\"Organization\",\"@id\":\"https:\/\/airrent.ge\/#organization\",\"name\":\"airrent.ge\",\"url\":\"https:\/\/airrent.ge\/\",\"logo\":{\"@type\":\"ImageObject\",\"inLanguage\":\"az\",\"@id\":\"https:\/\/airrent.ge\/#\/schema\/logo\/image\/\",\"url\":\"https:\/\/airrent.ge\/wp-content\/uploads\/2026\/03\/airrent.png\",\"contentUrl\":\"https:\/\/airrent.ge\/wp-content\/uploads\/2026\/03\/airrent.png\",\"width\":1536,\"height\":1024,\"caption\":\"airrent.ge\"},\"image\":{\"@id\":\"https:\/\/airrent.ge\/#\/schema\/logo\/image\/\"}}]}<\/script>\n<!-- \/ Yoast SEO plugin. -->","yoast_head_json":{"title":"Vibro-Pi mini: Gips taxta tavanlar \u00fc\u00e7\u00fcn s\u0259s izolyasiya asma - AirRent.ge","robots":{"index":"index","follow":"follow","max-snippet":"max-snippet:-1","max-image-preview":"max-image-preview:large","max-video-preview":"max-video-preview:-1"},"canonical":"https:\/\/airrent.ge\/az\/product\/vibro-pi-mini-sound-insulation-suspension-for-gypsum-board-ceilings\/","og_locale":"az_AZ","og_type":"article","og_title":"Vibro-Pi mini: Gips taxta tavanlar \u00fc\u00e7\u00fcn s\u0259s izolyasiya asma - AirRent.ge","og_description":"S\u0259s izolyasiya ed\u0259n al\u00e7\u0131pan tavanlar\u0131n\u0131n as\u0131lmas\u0131. B\u00fct\u00fcn \u00fcz\u0259n tavan t\u0259tbiql\u0259rind\u0259 istifad\u0259 edil\u0259 bil\u0259r.  T\u018fSV\u0130R\u0130  Vibro-Pi mini S\u0259s \u0130zolyasiya Asq\u0131s\u0131 s\u0259s izolyasiya ed\u0259n (gipskarton) tavanlar\u0131 asmaq, hava kanallar\u0131n\u0131 v\u0259 s. asmaq \u00fc\u00e7\u00fcn istifad\u0259 olunur. Metal profilin k\u0259narlar\u0131 il\u0259 dizayn\u0131, t\u0259l\u0259b olunduqda, \u00fcz\u0259n tavan\u0131n qeyri-b\u0259rab\u0259r s\u0259viyy\u0259l\u0259rin\u0259 nail olmaq \u00fc\u00e7\u00fcn m\u00fcxt\u0259lif uzunluqlarda asanl\u0131qla k\u0259sil\u0259 v\u0259 ya \u0259yil\u0259 bil\u0259r. Vibro-Pi mini d\u00fczg\u00fcn formala\u015fd\u0131r\u0131lm\u0131\u015f sinkl\u0259nmi\u015f t\u0259b\u0259q\u0259nin metal \u00e7\u0259r\u00e7iv\u0259sind\u0259n ibar\u0259tdir. \u00dcst hiss\u0259d\u0259 vibrasiyaya qar\u015f\u0131 x\u00fcsusi rezin dayaq (Vibro-mini) yerl\u0259\u015fdirilib. Rezin dayaq vasit\u0259sil\u0259 tavana b\u0259rkidil\u0259 bil\u0259n M6 vint (daxil deyil) istifad\u0259 olunur. Vibro-mini rezin anti-vibrasiya d\u0259st\u0259yi \u0259la vibrasiya n\u0259zar\u0259ti \u00fc\u00e7\u00fcn \u00e7ox yax\u015f\u0131 \u0259yilm\u0259 v\u0259 y\u00fck nisb\u0259ti il\u0259 y\u00fcks\u0259k keyfiyy\u0259tli rezin birl\u0259\u015fm\u0259d\u0259n haz\u0131rlanm\u0131\u015f x\u00fcsusi t\u0259dqiqat\u0131n n\u0259tic\u0259sidir. Metal profilin x\u00fcsusi konstruksiyas\u0131 perforasiya edilmi\u015fdir, buna g\u00f6r\u0259 d\u0259 layih\u0259 ehtiyaclar\u0131n\u0131 \u00f6d\u0259m\u0259k \u00fc\u00e7\u00fcn m\u00fcxt\u0259lif uzunluqlarda asanl\u0131qla k\u0259sil\u0259 bil\u0259r.  Qura\u015fd\u0131rma  Vibro-Pi mini vibrasiya as\u0131lqan\u0131ndan istifad\u0259 ed\u0259r\u0259k gips kartondan asma tavan qura\u015fd\u0131rark\u0259n a\u015fa\u011f\u0131dak\u0131 prosedura \u0259m\u0259l olunur: \u2022 Asma tavan\u0131n asma yerl\u0259rini qeyd edin. \u2022 Tavanda \u00d88-\u0259 q\u0259d\u0259r de\u015fikl\u0259r qaz\u0131n. \u2022 Vibro-Pi mini-ni \u03a0 \u015f\u0259klin\u0259 salmadan haz\u0131rlay\u0131n \u2022 Boltlar\u0131 v\u0259 ya \u00e7ubuqlar\u0131 vidalay\u0131n. \u2022 \u0130ki yan qapa\u011f\u0131 qatlay\u0131n ki, \u03a0 formas\u0131 yarans\u0131n. \u2022 Vibro-Pi mini-nin h\u0259r iki t\u0259r\u0259fin\u0259 metal profili vidalay\u0131n v\u0259 as\u0131n.  T\u018fTB\u0130QL\u018fR  S\u0259s izolyasiya ed\u0259n al\u00e7\u0131pan tavanlar\u0131n\u0131n as\u0131lmas\u0131. Hava kanallar\u0131n\u0131n vibrasiyaya qar\u015f\u0131 asq\u0131s\u0131 v\u0259 s. D\u0130NAM\u0130K X\u00dcSUS\u0130YY\u018fTL\u018fR  Maksimum y\u00fck: 20 daN T\u0259bii Tezlik: 15 Hz","og_url":"https:\/\/airrent.ge\/az\/product\/vibro-pi-mini-sound-insulation-suspension-for-gypsum-board-ceilings\/","og_site_name":"AirRent.ge","article_modified_time":"2025-02-25T20:24:28+00:00","og_image":[{"width":280,"height":210,"url":"https:\/\/airrent.ge\/wp-content\/uploads\/2025\/02\/07200994630_A.jpg","type":"image\/jpeg"}],"twitter_card":"summary_large_image","schema":{"@context":"https:\/\/schema.org","@graph":[{"@type":"WebPage","@id":"https:\/\/airrent.ge\/az\/product\/vibro-pi-mini-sound-insulation-suspension-for-gypsum-board-ceilings\/","url":"https:\/\/airrent.ge\/az\/product\/vibro-pi-mini-sound-insulation-suspension-for-gypsum-board-ceilings\/","name":"Vibro-Pi mini: Gips taxta tavanlar \u00fc\u00e7\u00fcn s\u0259s izolyasiya asma - AirRent.ge","isPartOf":{"@id":"https:\/\/airrent.ge\/#website"},"primaryImageOfPage":{"@id":"https:\/\/airrent.ge\/az\/product\/vibro-pi-mini-sound-insulation-suspension-for-gypsum-board-ceilings\/#primaryimage"},"image":{"@id":"https:\/\/airrent.ge\/az\/product\/vibro-pi-mini-sound-insulation-suspension-for-gypsum-board-ceilings\/#primaryimage"},"thumbnailUrl":"https:\/\/airrent.ge\/wp-content\/uploads\/2025\/02\/07200994630_A.jpg","datePublished":"2025-02-07T16:31:13+00:00","dateModified":"2025-02-25T20:24:28+00:00","breadcrumb":{"@id":"https:\/\/airrent.ge\/az\/product\/vibro-pi-mini-sound-insulation-suspension-for-gypsum-board-ceilings\/#breadcrumb"},"inLanguage":"az","potentialAction":[{"@type":"ReadAction","target":["https:\/\/airrent.ge\/az\/product\/vibro-pi-mini-sound-insulation-suspension-for-gypsum-board-ceilings\/"]}]},{"@type":"ImageObject","inLanguage":"az","@id":"https:\/\/airrent.ge\/az\/product\/vibro-pi-mini-sound-insulation-suspension-for-gypsum-board-ceilings\/#primaryimage","url":"https:\/\/airrent.ge\/wp-content\/uploads\/2025\/02\/07200994630_A.jpg","contentUrl":"https:\/\/airrent.ge\/wp-content\/uploads\/2025\/02\/07200994630_A.jpg","width":280,"height":210},{"@type":"BreadcrumbList","@id":"https:\/\/airrent.ge\/az\/product\/vibro-pi-mini-sound-insulation-suspension-for-gypsum-board-ceilings\/#breadcrumb","itemListElement":[{"@type":"ListItem","position":1,"name":"Home","item":"https:\/\/airrent.ge\/az\/home\/"},{"@type":"ListItem","position":2,"name":"M\u0259hsullar","item":"https:\/\/airrent.ge\/az\/products\/"},{"@type":"ListItem","position":3,"name":"Vibro-Pi mini: Gips taxta tavanlar \u00fc\u00e7\u00fcn s\u0259s izolyasiya asma"}]},{"@type":"WebSite","@id":"https:\/\/airrent.ge\/#website","url":"https:\/\/airrent.ge\/","name":"airrent.ge","description":"Rental Services","publisher":{"@id":"https:\/\/airrent.ge\/#organization"},"potentialAction":[{"@type":"SearchAction","target":{"@type":"EntryPoint","urlTemplate":"https:\/\/airrent.ge\/?s={search_term_string}"},"query-input":{"@type":"PropertyValueSpecification","valueRequired":true,"valueName":"search_term_string"}}],"inLanguage":"az"},{"@type":"Organization","@id":"https:\/\/airrent.ge\/#organization","name":"airrent.ge","url":"https:\/\/airrent.ge\/","logo":{"@type":"ImageObject","inLanguage":"az","@id":"https:\/\/airrent.ge\/#\/schema\/logo\/image\/","url":"https:\/\/airrent.ge\/wp-content\/uploads\/2026\/03\/airrent.png","contentUrl":"https:\/\/airrent.ge\/wp-content\/uploads\/2026\/03\/airrent.png","width":1536,"height":1024,"caption":"airrent.ge"},"image":{"@id":"https:\/\/airrent.ge\/#\/schema\/logo\/image\/"}}]}},"_links":{"self":[{"href":"https:\/\/airrent.ge\/az\/wp-json\/wp\/v2\/product\/23686","targetHints":{"allow":["GET"]}}],"collection":[{"href":"https:\/\/airrent.ge\/az\/wp-json\/wp\/v2\/product"}],"about":[{"href":"https:\/\/airrent.ge\/az\/wp-json\/wp\/v2\/types\/product"}],"wp:featuredmedia":[{"embeddable":true,"href":"https:\/\/airrent.ge\/az\/wp-json\/wp\/v2\/media\/22459"}],"wp:attachment":[{"href":"https:\/\/airrent.ge\/az\/wp-json\/wp\/v2\/media?parent=23686"}],"wp:term":[{"taxonomy":"product_brand","embeddable":true,"href":"https:\/\/airrent.ge\/az\/wp-json\/wp\/v2\/product_brand?post=23686"},{"taxonomy":"product_cat","embeddable":true,"href":"https:\/\/airrent.ge\/az\/wp-json\/wp\/v2\/product_cat?post=23686"},{"taxonomy":"product_tag","embeddable":true,"href":"https:\/\/airrent.ge\/az\/wp-json\/wp\/v2\/product_tag?post=23686"}],"curies":[{"name":"wp","href":"https:\/\/api.w.org\/{rel}","templated":true}]}}