{"id":23702,"date":"2025-02-07T19:44:22","date_gmt":"2025-02-07T15:44:22","guid":{"rendered":"https:\/\/airsystems.ge\/shop\/product\/vibro-band-intermediate-anti-vibration-band-for-wooden-floors\/"},"modified":"2025-02-26T00:24:28","modified_gmt":"2025-02-25T20:24:28","slug":"vibro-band-intermediate-anti-vibration-band-for-wooden-floors","status":"publish","type":"product","link":"https:\/\/airrent.ge\/az\/product\/vibro-band-intermediate-anti-vibration-band-for-wooden-floors\/","title":{"rendered":"Vibro-Band: Taxta D\u00f6\u015f\u0259m\u0259l\u0259r \u00fc\u00e7\u00fcn Aral\u0131q Anti-vibrasiya Band\u0131"},"content":{"rendered":"","protected":false},"excerpt":{"rendered":"<p>T\u018fTB\u0130QL\u018fR<\/p>\n<p>Vibro-Band \u0259t\u0259k l\u00f6vh\u0259l\u0259ri v\u0259 \u00fcz\u0259n taxta d\u00f6\u015f\u0259m\u0259l\u0259r aras\u0131nda aral\u0131q vibrasiya \u0259leyhin\u0259 bant kimi istifad\u0259 olunur. Vibro-Band istifad\u0259 ed\u0259r\u0259k, \u0259t\u0259kd\u0259n s\u0259s v\u0259 vibrasiya ke\u00e7m\u0259sinin qar\u015f\u0131s\u0131 al\u0131n\u0131r.<\/p>\n<p>T\u018fSV\u0130R\u0130<\/p>\n<p>Vibro-Band anti-vibrasiya profili x\u00fcsusi sintetik kau\u00e7ukdan haz\u0131rlan\u0131r.<\/p>\n<p>Onun innovativ dizayn\u0131 t\u0259min edir:<br \/>\n\u2022 Asan qura\u015fd\u0131rma.<br \/>\n\u2022 M\u00fcmk\u00fcn s\u0259sin qar\u015f\u0131s\u0131n\u0131n al\u0131nmas\u0131 \u2013 k\u00f6rp\u00fc.<br \/>\n\u2022 D\u00f6\u015f\u0259m\u0259nin su izolyasiyas\u0131.<br \/>\n\u2022 Skirting-board v\u0259 taxta parket aras\u0131nda m\u00f6hk\u0259m qura\u015fd\u0131rma.<\/p>\n<p>Aral\u0131q vibrasiya \u0259leyhin\u0259 bant, Vibro-Band, yandan \u00f6t\u00fcr\u00fcl\u0259n vibrasiyan\u0131n qar\u015f\u0131s\u0131n\u0131 almaq \u00fc\u00e7\u00fcn vibrasiya \u0259leyhin\u0259 qur\u011fular\u00a0Vibro-FM\u00a0v\u0259 ya\u00a0Vibro-FS\u00a0 il\u0259 istifad\u0259 edildikd\u0259 taxta mismarlanm\u0131\u015f d\u00f6\u015f\u0259m\u0259l\u0259rd\u0259 z\u0259ruri aksesuard\u0131r.<\/p>\n<p>MONTAJ<\/p>\n<p>Parketin qura\u015fd\u0131r\u0131lmas\u0131 zaman\u0131 parket v\u0259 divar aras\u0131nda s\u0259s-k\u00fcy salmamaq \u00fc\u00e7\u00fcn m\u00fcvafiq bo\u015fluq (4 \u2013 8 mm) olmal\u0131d\u0131r.<br \/>\nVibro-Band-\u0131 basaraq bo\u015flu\u011fa qoyun. Qapaqlar\u0131 say\u0259sind\u0259 asanl\u0131qla b\u0259rkidilir, lakin laz\u0131m olduqda yuxar\u0131 hiss\u0259si divara m\u0131xlana bil\u0259r.<br \/>\nN\u0259hay\u0259t, \u0259t\u0259k l\u00f6vh\u0259sini Vibro-Band \u00fcz\u0259rin\u0259 qoyun.<\/p>\n","protected":false},"featured_media":22385,"template":"","meta":[],"product_brand":[],"product_cat":[927],"product_tag":[],"class_list":{"0":"post-23702","1":"product","2":"type-product","3":"status-publish","4":"has-post-thumbnail","6":"product_cat-vibrasiya-anti-ss-kuy-akustik-az","8":"first","9":"instock","10":"shipping-taxable","11":"product-type-simple"},"yoast_head":"<!-- This site is optimized with the Yoast SEO plugin v27.1.1 - https:\/\/yoast.com\/product\/yoast-seo-wordpress\/ -->\n<title>Vibro-Band: Taxta D\u00f6\u015f\u0259m\u0259l\u0259r \u00fc\u00e7\u00fcn Aral\u0131q Anti-vibrasiya Band\u0131 - AirRent.ge<\/title>\n<meta name=\"robots\" content=\"index, follow, max-snippet:-1, max-image-preview:large, max-video-preview:-1\" \/>\n<link rel=\"canonical\" href=\"https:\/\/airrent.ge\/az\/product\/vibro-band-intermediate-anti-vibration-band-for-wooden-floors\/\" \/>\n<meta property=\"og:locale\" content=\"az_AZ\" \/>\n<meta property=\"og:type\" content=\"article\" \/>\n<meta property=\"og:title\" content=\"Vibro-Band: Taxta D\u00f6\u015f\u0259m\u0259l\u0259r \u00fc\u00e7\u00fcn Aral\u0131q Anti-vibrasiya Band\u0131 - AirRent.ge\" \/>\n<meta property=\"og:description\" content=\"T\u018fTB\u0130QL\u018fR  Vibro-Band \u0259t\u0259k l\u00f6vh\u0259l\u0259ri v\u0259 \u00fcz\u0259n taxta d\u00f6\u015f\u0259m\u0259l\u0259r aras\u0131nda aral\u0131q vibrasiya \u0259leyhin\u0259 bant kimi istifad\u0259 olunur. Vibro-Band istifad\u0259 ed\u0259r\u0259k, \u0259t\u0259kd\u0259n s\u0259s v\u0259 vibrasiya ke\u00e7m\u0259sinin qar\u015f\u0131s\u0131 al\u0131n\u0131r.  T\u018fSV\u0130R\u0130  Vibro-Band anti-vibrasiya profili x\u00fcsusi sintetik kau\u00e7ukdan haz\u0131rlan\u0131r.  Onun innovativ dizayn\u0131 t\u0259min edir: \u2022 Asan qura\u015fd\u0131rma. \u2022 M\u00fcmk\u00fcn s\u0259sin qar\u015f\u0131s\u0131n\u0131n al\u0131nmas\u0131 \u2013 k\u00f6rp\u00fc. \u2022 D\u00f6\u015f\u0259m\u0259nin su izolyasiyas\u0131. \u2022 Skirting-board v\u0259 taxta parket aras\u0131nda m\u00f6hk\u0259m qura\u015fd\u0131rma.  Aral\u0131q vibrasiya \u0259leyhin\u0259 bant, Vibro-Band, yandan \u00f6t\u00fcr\u00fcl\u0259n vibrasiyan\u0131n qar\u015f\u0131s\u0131n\u0131 almaq \u00fc\u00e7\u00fcn vibrasiya \u0259leyhin\u0259 qur\u011fular\u00a0Vibro-FM\u00a0v\u0259 ya\u00a0Vibro-FS\u00a0 il\u0259 istifad\u0259 edildikd\u0259 taxta mismarlanm\u0131\u015f d\u00f6\u015f\u0259m\u0259l\u0259rd\u0259 z\u0259ruri aksesuard\u0131r.  MONTAJ  Parketin qura\u015fd\u0131r\u0131lmas\u0131 zaman\u0131 parket v\u0259 divar aras\u0131nda s\u0259s-k\u00fcy salmamaq \u00fc\u00e7\u00fcn m\u00fcvafiq bo\u015fluq (4 \u2013 8 mm) olmal\u0131d\u0131r. Vibro-Band-\u0131 basaraq bo\u015flu\u011fa qoyun. Qapaqlar\u0131 say\u0259sind\u0259 asanl\u0131qla b\u0259rkidilir, lakin laz\u0131m olduqda yuxar\u0131 hiss\u0259si divara m\u0131xlana bil\u0259r. N\u0259hay\u0259t, \u0259t\u0259k l\u00f6vh\u0259sini Vibro-Band \u00fcz\u0259rin\u0259 qoyun.\" \/>\n<meta property=\"og:url\" content=\"https:\/\/airrent.ge\/az\/product\/vibro-band-intermediate-anti-vibration-band-for-wooden-floors\/\" \/>\n<meta property=\"og:site_name\" content=\"AirRent.ge\" \/>\n<meta property=\"article:modified_time\" content=\"2025-02-25T20:24:28+00:00\" \/>\n<meta property=\"og:image\" content=\"https:\/\/airrent.ge\/wp-content\/uploads\/2025\/02\/vibro-band-1.jpg\" \/>\n\t<meta property=\"og:image:width\" content=\"1800\" \/>\n\t<meta property=\"og:image:height\" content=\"1608\" \/>\n\t<meta property=\"og:image:type\" content=\"image\/jpeg\" \/>\n<meta name=\"twitter:card\" content=\"summary_large_image\" \/>\n<script type=\"application\/ld+json\" class=\"yoast-schema-graph\">{\"@context\":\"https:\/\/schema.org\",\"@graph\":[{\"@type\":\"WebPage\",\"@id\":\"https:\/\/airrent.ge\/az\/product\/vibro-band-intermediate-anti-vibration-band-for-wooden-floors\/\",\"url\":\"https:\/\/airrent.ge\/az\/product\/vibro-band-intermediate-anti-vibration-band-for-wooden-floors\/\",\"name\":\"Vibro-Band: Taxta D\u00f6\u015f\u0259m\u0259l\u0259r \u00fc\u00e7\u00fcn Aral\u0131q Anti-vibrasiya Band\u0131 - AirRent.ge\",\"isPartOf\":{\"@id\":\"https:\/\/airrent.ge\/#website\"},\"primaryImageOfPage\":{\"@id\":\"https:\/\/airrent.ge\/az\/product\/vibro-band-intermediate-anti-vibration-band-for-wooden-floors\/#primaryimage\"},\"image\":{\"@id\":\"https:\/\/airrent.ge\/az\/product\/vibro-band-intermediate-anti-vibration-band-for-wooden-floors\/#primaryimage\"},\"thumbnailUrl\":\"https:\/\/airrent.ge\/wp-content\/uploads\/2025\/02\/vibro-band-1.jpg\",\"datePublished\":\"2025-02-07T15:44:22+00:00\",\"dateModified\":\"2025-02-25T20:24:28+00:00\",\"breadcrumb\":{\"@id\":\"https:\/\/airrent.ge\/az\/product\/vibro-band-intermediate-anti-vibration-band-for-wooden-floors\/#breadcrumb\"},\"inLanguage\":\"az\",\"potentialAction\":[{\"@type\":\"ReadAction\",\"target\":[\"https:\/\/airrent.ge\/az\/product\/vibro-band-intermediate-anti-vibration-band-for-wooden-floors\/\"]}]},{\"@type\":\"ImageObject\",\"inLanguage\":\"az\",\"@id\":\"https:\/\/airrent.ge\/az\/product\/vibro-band-intermediate-anti-vibration-band-for-wooden-floors\/#primaryimage\",\"url\":\"https:\/\/airrent.ge\/wp-content\/uploads\/2025\/02\/vibro-band-1.jpg\",\"contentUrl\":\"https:\/\/airrent.ge\/wp-content\/uploads\/2025\/02\/vibro-band-1.jpg\",\"width\":1800,\"height\":1608},{\"@type\":\"BreadcrumbList\",\"@id\":\"https:\/\/airrent.ge\/az\/product\/vibro-band-intermediate-anti-vibration-band-for-wooden-floors\/#breadcrumb\",\"itemListElement\":[{\"@type\":\"ListItem\",\"position\":1,\"name\":\"Home\",\"item\":\"https:\/\/airrent.ge\/az\/home\/\"},{\"@type\":\"ListItem\",\"position\":2,\"name\":\"M\u0259hsullar\",\"item\":\"https:\/\/airrent.ge\/az\/products\/\"},{\"@type\":\"ListItem\",\"position\":3,\"name\":\"Vibro-Band: Taxta D\u00f6\u015f\u0259m\u0259l\u0259r \u00fc\u00e7\u00fcn Aral\u0131q Anti-vibrasiya Band\u0131\"}]},{\"@type\":\"WebSite\",\"@id\":\"https:\/\/airrent.ge\/#website\",\"url\":\"https:\/\/airrent.ge\/\",\"name\":\"airrent.ge\",\"description\":\"Rental Services\",\"publisher\":{\"@id\":\"https:\/\/airrent.ge\/#organization\"},\"potentialAction\":[{\"@type\":\"SearchAction\",\"target\":{\"@type\":\"EntryPoint\",\"urlTemplate\":\"https:\/\/airrent.ge\/?s={search_term_string}\"},\"query-input\":{\"@type\":\"PropertyValueSpecification\",\"valueRequired\":true,\"valueName\":\"search_term_string\"}}],\"inLanguage\":\"az\"},{\"@type\":\"Organization\",\"@id\":\"https:\/\/airrent.ge\/#organization\",\"name\":\"airrent.ge\",\"url\":\"https:\/\/airrent.ge\/\",\"logo\":{\"@type\":\"ImageObject\",\"inLanguage\":\"az\",\"@id\":\"https:\/\/airrent.ge\/#\/schema\/logo\/image\/\",\"url\":\"https:\/\/airrent.ge\/wp-content\/uploads\/2026\/03\/airrent.png\",\"contentUrl\":\"https:\/\/airrent.ge\/wp-content\/uploads\/2026\/03\/airrent.png\",\"width\":1536,\"height\":1024,\"caption\":\"airrent.ge\"},\"image\":{\"@id\":\"https:\/\/airrent.ge\/#\/schema\/logo\/image\/\"}}]}<\/script>\n<!-- \/ Yoast SEO plugin. -->","yoast_head_json":{"title":"Vibro-Band: Taxta D\u00f6\u015f\u0259m\u0259l\u0259r \u00fc\u00e7\u00fcn Aral\u0131q Anti-vibrasiya Band\u0131 - AirRent.ge","robots":{"index":"index","follow":"follow","max-snippet":"max-snippet:-1","max-image-preview":"max-image-preview:large","max-video-preview":"max-video-preview:-1"},"canonical":"https:\/\/airrent.ge\/az\/product\/vibro-band-intermediate-anti-vibration-band-for-wooden-floors\/","og_locale":"az_AZ","og_type":"article","og_title":"Vibro-Band: Taxta D\u00f6\u015f\u0259m\u0259l\u0259r \u00fc\u00e7\u00fcn Aral\u0131q Anti-vibrasiya Band\u0131 - AirRent.ge","og_description":"T\u018fTB\u0130QL\u018fR  Vibro-Band \u0259t\u0259k l\u00f6vh\u0259l\u0259ri v\u0259 \u00fcz\u0259n taxta d\u00f6\u015f\u0259m\u0259l\u0259r aras\u0131nda aral\u0131q vibrasiya \u0259leyhin\u0259 bant kimi istifad\u0259 olunur. Vibro-Band istifad\u0259 ed\u0259r\u0259k, \u0259t\u0259kd\u0259n s\u0259s v\u0259 vibrasiya ke\u00e7m\u0259sinin qar\u015f\u0131s\u0131 al\u0131n\u0131r.  T\u018fSV\u0130R\u0130  Vibro-Band anti-vibrasiya profili x\u00fcsusi sintetik kau\u00e7ukdan haz\u0131rlan\u0131r.  Onun innovativ dizayn\u0131 t\u0259min edir: \u2022 Asan qura\u015fd\u0131rma. \u2022 M\u00fcmk\u00fcn s\u0259sin qar\u015f\u0131s\u0131n\u0131n al\u0131nmas\u0131 \u2013 k\u00f6rp\u00fc. \u2022 D\u00f6\u015f\u0259m\u0259nin su izolyasiyas\u0131. \u2022 Skirting-board v\u0259 taxta parket aras\u0131nda m\u00f6hk\u0259m qura\u015fd\u0131rma.  Aral\u0131q vibrasiya \u0259leyhin\u0259 bant, Vibro-Band, yandan \u00f6t\u00fcr\u00fcl\u0259n vibrasiyan\u0131n qar\u015f\u0131s\u0131n\u0131 almaq \u00fc\u00e7\u00fcn vibrasiya \u0259leyhin\u0259 qur\u011fular\u00a0Vibro-FM\u00a0v\u0259 ya\u00a0Vibro-FS\u00a0 il\u0259 istifad\u0259 edildikd\u0259 taxta mismarlanm\u0131\u015f d\u00f6\u015f\u0259m\u0259l\u0259rd\u0259 z\u0259ruri aksesuard\u0131r.  MONTAJ  Parketin qura\u015fd\u0131r\u0131lmas\u0131 zaman\u0131 parket v\u0259 divar aras\u0131nda s\u0259s-k\u00fcy salmamaq \u00fc\u00e7\u00fcn m\u00fcvafiq bo\u015fluq (4 \u2013 8 mm) olmal\u0131d\u0131r. Vibro-Band-\u0131 basaraq bo\u015flu\u011fa qoyun. Qapaqlar\u0131 say\u0259sind\u0259 asanl\u0131qla b\u0259rkidilir, lakin laz\u0131m olduqda yuxar\u0131 hiss\u0259si divara m\u0131xlana bil\u0259r. N\u0259hay\u0259t, \u0259t\u0259k l\u00f6vh\u0259sini Vibro-Band \u00fcz\u0259rin\u0259 qoyun.","og_url":"https:\/\/airrent.ge\/az\/product\/vibro-band-intermediate-anti-vibration-band-for-wooden-floors\/","og_site_name":"AirRent.ge","article_modified_time":"2025-02-25T20:24:28+00:00","og_image":[{"width":1800,"height":1608,"url":"https:\/\/airrent.ge\/wp-content\/uploads\/2025\/02\/vibro-band-1.jpg","type":"image\/jpeg"}],"twitter_card":"summary_large_image","schema":{"@context":"https:\/\/schema.org","@graph":[{"@type":"WebPage","@id":"https:\/\/airrent.ge\/az\/product\/vibro-band-intermediate-anti-vibration-band-for-wooden-floors\/","url":"https:\/\/airrent.ge\/az\/product\/vibro-band-intermediate-anti-vibration-band-for-wooden-floors\/","name":"Vibro-Band: Taxta D\u00f6\u015f\u0259m\u0259l\u0259r \u00fc\u00e7\u00fcn Aral\u0131q Anti-vibrasiya Band\u0131 - AirRent.ge","isPartOf":{"@id":"https:\/\/airrent.ge\/#website"},"primaryImageOfPage":{"@id":"https:\/\/airrent.ge\/az\/product\/vibro-band-intermediate-anti-vibration-band-for-wooden-floors\/#primaryimage"},"image":{"@id":"https:\/\/airrent.ge\/az\/product\/vibro-band-intermediate-anti-vibration-band-for-wooden-floors\/#primaryimage"},"thumbnailUrl":"https:\/\/airrent.ge\/wp-content\/uploads\/2025\/02\/vibro-band-1.jpg","datePublished":"2025-02-07T15:44:22+00:00","dateModified":"2025-02-25T20:24:28+00:00","breadcrumb":{"@id":"https:\/\/airrent.ge\/az\/product\/vibro-band-intermediate-anti-vibration-band-for-wooden-floors\/#breadcrumb"},"inLanguage":"az","potentialAction":[{"@type":"ReadAction","target":["https:\/\/airrent.ge\/az\/product\/vibro-band-intermediate-anti-vibration-band-for-wooden-floors\/"]}]},{"@type":"ImageObject","inLanguage":"az","@id":"https:\/\/airrent.ge\/az\/product\/vibro-band-intermediate-anti-vibration-band-for-wooden-floors\/#primaryimage","url":"https:\/\/airrent.ge\/wp-content\/uploads\/2025\/02\/vibro-band-1.jpg","contentUrl":"https:\/\/airrent.ge\/wp-content\/uploads\/2025\/02\/vibro-band-1.jpg","width":1800,"height":1608},{"@type":"BreadcrumbList","@id":"https:\/\/airrent.ge\/az\/product\/vibro-band-intermediate-anti-vibration-band-for-wooden-floors\/#breadcrumb","itemListElement":[{"@type":"ListItem","position":1,"name":"Home","item":"https:\/\/airrent.ge\/az\/home\/"},{"@type":"ListItem","position":2,"name":"M\u0259hsullar","item":"https:\/\/airrent.ge\/az\/products\/"},{"@type":"ListItem","position":3,"name":"Vibro-Band: Taxta D\u00f6\u015f\u0259m\u0259l\u0259r \u00fc\u00e7\u00fcn Aral\u0131q Anti-vibrasiya Band\u0131"}]},{"@type":"WebSite","@id":"https:\/\/airrent.ge\/#website","url":"https:\/\/airrent.ge\/","name":"airrent.ge","description":"Rental Services","publisher":{"@id":"https:\/\/airrent.ge\/#organization"},"potentialAction":[{"@type":"SearchAction","target":{"@type":"EntryPoint","urlTemplate":"https:\/\/airrent.ge\/?s={search_term_string}"},"query-input":{"@type":"PropertyValueSpecification","valueRequired":true,"valueName":"search_term_string"}}],"inLanguage":"az"},{"@type":"Organization","@id":"https:\/\/airrent.ge\/#organization","name":"airrent.ge","url":"https:\/\/airrent.ge\/","logo":{"@type":"ImageObject","inLanguage":"az","@id":"https:\/\/airrent.ge\/#\/schema\/logo\/image\/","url":"https:\/\/airrent.ge\/wp-content\/uploads\/2026\/03\/airrent.png","contentUrl":"https:\/\/airrent.ge\/wp-content\/uploads\/2026\/03\/airrent.png","width":1536,"height":1024,"caption":"airrent.ge"},"image":{"@id":"https:\/\/airrent.ge\/#\/schema\/logo\/image\/"}}]}},"_links":{"self":[{"href":"https:\/\/airrent.ge\/az\/wp-json\/wp\/v2\/product\/23702","targetHints":{"allow":["GET"]}}],"collection":[{"href":"https:\/\/airrent.ge\/az\/wp-json\/wp\/v2\/product"}],"about":[{"href":"https:\/\/airrent.ge\/az\/wp-json\/wp\/v2\/types\/product"}],"wp:featuredmedia":[{"embeddable":true,"href":"https:\/\/airrent.ge\/az\/wp-json\/wp\/v2\/media\/22385"}],"wp:attachment":[{"href":"https:\/\/airrent.ge\/az\/wp-json\/wp\/v2\/media?parent=23702"}],"wp:term":[{"taxonomy":"product_brand","embeddable":true,"href":"https:\/\/airrent.ge\/az\/wp-json\/wp\/v2\/product_brand?post=23702"},{"taxonomy":"product_cat","embeddable":true,"href":"https:\/\/airrent.ge\/az\/wp-json\/wp\/v2\/product_cat?post=23702"},{"taxonomy":"product_tag","embeddable":true,"href":"https:\/\/airrent.ge\/az\/wp-json\/wp\/v2\/product_tag?post=23702"}],"curies":[{"name":"wp","href":"https:\/\/api.w.org\/{rel}","templated":true}]}}