{"id":23778,"date":"2025-02-12T10:57:47","date_gmt":"2025-02-12T06:57:47","guid":{"rendered":"https:\/\/airsystems.ge\/shop\/product\/18947\/"},"modified":"2025-02-25T23:28:05","modified_gmt":"2025-02-25T19:28:05","slug":"18947","status":"publish","type":"product","link":"https:\/\/airrent.ge\/az\/product\/18947\/","title":{"rendered":"Akustik \u015eaquli B\u00f6lm\u0259l\u0259r ALPHAcoustic \u2013 AB"},"content":{"rendered":"<p>ALPHAcoustic\u00a0\u2013\u00a0AB.Ortho\u00a0d\u00fczbucaql\u0131 k\u0259sikli (Dor \u00fcslubu) \u015faquli s\u0259s uducu tavan p\u0259rd\u0259l\u0259ridir.<\/p>\n<p>Onlar m\u00fcvafiq akustik t\u0259dqiqat t\u0259r\u0259find\u0259n m\u00fc\u0259yy\u0259n edildiyi kimi, paralel x\u0259tl\u0259rd\u0259 tavandan \u015faquli olaraq as\u0131l\u0131rlar.<\/p>\n<p>Akustik panell\u0259rin miqdar\u0131n\u0131 v\u0259 aralar\u0131ndak\u0131 bo\u015fluqlar\u0131 m\u00fc\u0259yy\u0259n etm\u0259k \u00fc\u00e7\u00fcn texniki \u015f\u00f6b\u0259mizin t\u0259cr\u00fcb\u0259li komandam\u0131z t\u0259r\u0259find\u0259n \u0259trafl\u0131 akustik ara\u015fd\u0131rma apar\u0131la bil\u0259r.<\/p>\n<p>Standart \u00d6l\u00e7\u00fcl\u0259r: 120x60sm v\u0259 120x30sm<br \/>\nQal\u0131nl\u0131q: 30-50-80mm<br \/>\n(ist\u0259y\u0259 g\u00f6r\u0259 m\u00fcxt\u0259lif forma, \u00f6l\u00e7\u00fc v\u0259 qal\u0131nl\u0131qda istehsal oluna bil\u0259r)<\/p>\n<p>\u00c7ox t\u0259sirli iki s\u0259s udma t\u0259r\u0259fi say\u0259sind\u0259 bu elementl\u0259r y\u00fcks\u0259k s\u0259s udulmas\u0131na nail ola bilir. Onlar h\u0259m\u00e7inin daxili akustikan\u0131 yax\u015f\u0131la\u015fd\u0131rmaq v\u0259 \u0259ks-s\u0259dalar\u0131 azaltmaq \u00fc\u00e7\u00fcn z\u0259hl\u0259t\u00f6k\u0259n \u00e7oxsayl\u0131 s\u0259s-k\u00fcy \u0259ksini azald\u0131r. Onlar kondisionerin v\u0259 i\u015f\u0131qland\u0131rma sisteminin i\u015fini pozmadan daha yax\u015f\u0131 akustik m\u00fchit yarad\u0131rlar.<\/p>\n<p>S\u0259s uducu panell\u0259r\u00a0ALPHAcoustic\u00a0\u2013 AB\u00a0ISO 354:2003-\u0259 uy\u011fun olaraq \u00f6l\u00e7\u00fcl\u00fcb. \u00d6l\u00e7\u00fcl\u0259ri 1200x600x80 mm olan, aralar\u0131nda 600 mm m\u0259saf\u0259d\u0259 as\u0131lm\u0131\u015f panell\u0259r \u00fc\u00e7\u00fcn s\u0259s udma \u0259msal\u0131 a\u015fa\u011f\u0131dak\u0131 c\u0259dv\u0259ld\u0259 g\u00f6st\u0259rilmi\u015fdir (burada \u03b1N h\u0259r obyekt \u00fc\u00e7\u00fcn ekvivalent s\u0259s udma s\u0259thidir).<\/p>\n<table width=\"435\">\n<thead>\n<tr>\n<th rowspan=\"2\"><small style=\"font-size: 16px; font-weight: 400;\">Sample type:<br \/>\nALPHAcoustic\u00a0\u2013 AB<br \/>\n1200 mm x 600 mm x 80 mm<\/small><\/th>\n<th colspan=\"6\"><span style=\"font-weight: 400;\">Frequency (Hz)<\/span><\/th>\n<\/tr>\n<tr>\n<td>125<\/td>\n<td>250<\/td>\n<td>500<\/td>\n<td>1000<\/td>\n<td>2000<\/td>\n<td>4000<\/td>\n<\/tr>\n<\/thead>\n<tbody>\n<tr>\n<td>Sound Absorption Coefficient (\u03b1<sub>N<\/sub>)<\/td>\n<td>0.2<\/td>\n<td>0.43<\/td>\n<td>0.98<\/td>\n<td>1.4<\/td>\n<td>1.4<\/td>\n<td>1.3<\/td>\n<\/tr>\n<\/tbody>\n<\/table>\n","protected":false},"excerpt":{"rendered":"<p>Kesiti D\u00fczbucaql\u0131<\/p>\n<p>&nbsp;<\/p>\n<p>ALPHAcoustic\u00a0\u2013\u00a0AB.Ortho\u00a0d\u00fczbucaql\u0131 k\u0259sikli (Dor \u00fcslubu) \u015faquli s\u0259s uducu tavan p\u0259rd\u0259l\u0259ridir.<\/p>\n<p>Onlar m\u00fcvafiq akustik t\u0259dqiqat t\u0259r\u0259find\u0259n m\u00fc\u0259yy\u0259n edildiyi kimi, paralel x\u0259tl\u0259rd\u0259 tavandan \u015faquli olaraq as\u0131l\u0131rlar.<\/p>\n<p>Akustik panell\u0259rin miqdar\u0131n\u0131 v\u0259 aralar\u0131ndak\u0131 bo\u015fluqlar\u0131 m\u00fc\u0259yy\u0259n etm\u0259k \u00fc\u00e7\u00fcn texniki \u015f\u00f6b\u0259mizin t\u0259cr\u00fcb\u0259li komandam\u0131z t\u0259r\u0259find\u0259n \u0259trafl\u0131 akustik ara\u015fd\u0131rma apar\u0131la bil\u0259r.<\/p>\n<p>Standart \u00d6l\u00e7\u00fcl\u0259r: 120x60sm v\u0259 120x30sm<br \/>\nQal\u0131nl\u0131q: 30-50-80mm<br \/>\n(ist\u0259y\u0259 g\u00f6r\u0259 m\u00fcxt\u0259lif forma, \u00f6l\u00e7\u00fc v\u0259 qal\u0131nl\u0131qda istehsal oluna bil\u0259r)<\/p>\n","protected":false},"featured_media":22833,"template":"","meta":[],"product_brand":[],"product_cat":[930,931],"product_tag":[],"class_list":{"0":"post-23778","1":"product","2":"type-product","3":"status-publish","4":"has-post-thumbnail","6":"product_cat-acoustic-panels-az","7":"product_cat-architectural-acoustic-az","9":"first","10":"instock","11":"shipping-taxable","12":"product-type-simple"},"yoast_head":"<!-- This site is optimized with the Yoast SEO plugin v27.1.1 - https:\/\/yoast.com\/product\/yoast-seo-wordpress\/ -->\n<title>Akustik \u015eaquli B\u00f6lm\u0259l\u0259r ALPHAcoustic \u2013 AB - AirRent.ge<\/title>\n<meta name=\"robots\" content=\"index, follow, max-snippet:-1, max-image-preview:large, max-video-preview:-1\" \/>\n<link rel=\"canonical\" href=\"https:\/\/airrent.ge\/az\/product\/18947\/\" \/>\n<meta property=\"og:locale\" content=\"az_AZ\" \/>\n<meta property=\"og:type\" content=\"article\" \/>\n<meta property=\"og:title\" content=\"Akustik \u015eaquli B\u00f6lm\u0259l\u0259r ALPHAcoustic \u2013 AB - AirRent.ge\" \/>\n<meta property=\"og:description\" content=\"Kesiti D\u00fczbucaql\u0131  &nbsp;  ALPHAcoustic\u00a0\u2013\u00a0AB.Ortho\u00a0d\u00fczbucaql\u0131 k\u0259sikli (Dor \u00fcslubu) \u015faquli s\u0259s uducu tavan p\u0259rd\u0259l\u0259ridir.  Onlar m\u00fcvafiq akustik t\u0259dqiqat t\u0259r\u0259find\u0259n m\u00fc\u0259yy\u0259n edildiyi kimi, paralel x\u0259tl\u0259rd\u0259 tavandan \u015faquli olaraq as\u0131l\u0131rlar.  Akustik panell\u0259rin miqdar\u0131n\u0131 v\u0259 aralar\u0131ndak\u0131 bo\u015fluqlar\u0131 m\u00fc\u0259yy\u0259n etm\u0259k \u00fc\u00e7\u00fcn texniki \u015f\u00f6b\u0259mizin t\u0259cr\u00fcb\u0259li komandam\u0131z t\u0259r\u0259find\u0259n \u0259trafl\u0131 akustik ara\u015fd\u0131rma apar\u0131la bil\u0259r.  Standart \u00d6l\u00e7\u00fcl\u0259r: 120x60sm v\u0259 120x30sm Qal\u0131nl\u0131q: 30-50-80mm (ist\u0259y\u0259 g\u00f6r\u0259 m\u00fcxt\u0259lif forma, \u00f6l\u00e7\u00fc v\u0259 qal\u0131nl\u0131qda istehsal oluna bil\u0259r)\" \/>\n<meta property=\"og:url\" content=\"https:\/\/airrent.ge\/az\/product\/18947\/\" \/>\n<meta property=\"og:site_name\" content=\"AirRent.ge\" \/>\n<meta property=\"article:modified_time\" content=\"2025-02-25T19:28:05+00:00\" \/>\n<meta property=\"og:image\" content=\"https:\/\/airrent.ge\/wp-content\/uploads\/2025\/02\/Acoustic-Baffles-1024x576-1.jpg\" \/>\n\t<meta property=\"og:image:width\" content=\"1024\" \/>\n\t<meta property=\"og:image:height\" content=\"576\" \/>\n\t<meta property=\"og:image:type\" content=\"image\/jpeg\" \/>\n<meta name=\"twitter:card\" content=\"summary_large_image\" \/>\n<meta name=\"twitter:label1\" content=\"Est. reading time\" \/>\n\t<meta name=\"twitter:data1\" content=\"1 minute\" \/>\n<script type=\"application\/ld+json\" class=\"yoast-schema-graph\">{\"@context\":\"https:\/\/schema.org\",\"@graph\":[{\"@type\":\"WebPage\",\"@id\":\"https:\/\/airrent.ge\/az\/product\/18947\/\",\"url\":\"https:\/\/airrent.ge\/az\/product\/18947\/\",\"name\":\"Akustik \u015eaquli B\u00f6lm\u0259l\u0259r ALPHAcoustic \u2013 AB - AirRent.ge\",\"isPartOf\":{\"@id\":\"https:\/\/airrent.ge\/#website\"},\"primaryImageOfPage\":{\"@id\":\"https:\/\/airrent.ge\/az\/product\/18947\/#primaryimage\"},\"image\":{\"@id\":\"https:\/\/airrent.ge\/az\/product\/18947\/#primaryimage\"},\"thumbnailUrl\":\"https:\/\/airrent.ge\/wp-content\/uploads\/2025\/02\/Acoustic-Baffles-1024x576-1.jpg\",\"datePublished\":\"2025-02-12T06:57:47+00:00\",\"dateModified\":\"2025-02-25T19:28:05+00:00\",\"breadcrumb\":{\"@id\":\"https:\/\/airrent.ge\/az\/product\/18947\/#breadcrumb\"},\"inLanguage\":\"az\",\"potentialAction\":[{\"@type\":\"ReadAction\",\"target\":[\"https:\/\/airrent.ge\/az\/product\/18947\/\"]}]},{\"@type\":\"ImageObject\",\"inLanguage\":\"az\",\"@id\":\"https:\/\/airrent.ge\/az\/product\/18947\/#primaryimage\",\"url\":\"https:\/\/airrent.ge\/wp-content\/uploads\/2025\/02\/Acoustic-Baffles-1024x576-1.jpg\",\"contentUrl\":\"https:\/\/airrent.ge\/wp-content\/uploads\/2025\/02\/Acoustic-Baffles-1024x576-1.jpg\",\"width\":1024,\"height\":576},{\"@type\":\"BreadcrumbList\",\"@id\":\"https:\/\/airrent.ge\/az\/product\/18947\/#breadcrumb\",\"itemListElement\":[{\"@type\":\"ListItem\",\"position\":1,\"name\":\"Home\",\"item\":\"https:\/\/airrent.ge\/az\/home\/\"},{\"@type\":\"ListItem\",\"position\":2,\"name\":\"M\u0259hsullar\",\"item\":\"https:\/\/airrent.ge\/az\/products\/\"},{\"@type\":\"ListItem\",\"position\":3,\"name\":\"Akustik \u015eaquli B\u00f6lm\u0259l\u0259r ALPHAcoustic \u2013 AB\"}]},{\"@type\":\"WebSite\",\"@id\":\"https:\/\/airrent.ge\/#website\",\"url\":\"https:\/\/airrent.ge\/\",\"name\":\"airrent.ge\",\"description\":\"Rental Services\",\"publisher\":{\"@id\":\"https:\/\/airrent.ge\/#organization\"},\"potentialAction\":[{\"@type\":\"SearchAction\",\"target\":{\"@type\":\"EntryPoint\",\"urlTemplate\":\"https:\/\/airrent.ge\/?s={search_term_string}\"},\"query-input\":{\"@type\":\"PropertyValueSpecification\",\"valueRequired\":true,\"valueName\":\"search_term_string\"}}],\"inLanguage\":\"az\"},{\"@type\":\"Organization\",\"@id\":\"https:\/\/airrent.ge\/#organization\",\"name\":\"airrent.ge\",\"url\":\"https:\/\/airrent.ge\/\",\"logo\":{\"@type\":\"ImageObject\",\"inLanguage\":\"az\",\"@id\":\"https:\/\/airrent.ge\/#\/schema\/logo\/image\/\",\"url\":\"https:\/\/airrent.ge\/wp-content\/uploads\/2026\/03\/airrent.png\",\"contentUrl\":\"https:\/\/airrent.ge\/wp-content\/uploads\/2026\/03\/airrent.png\",\"width\":1536,\"height\":1024,\"caption\":\"airrent.ge\"},\"image\":{\"@id\":\"https:\/\/airrent.ge\/#\/schema\/logo\/image\/\"}}]}<\/script>\n<!-- \/ Yoast SEO plugin. -->","yoast_head_json":{"title":"Akustik \u015eaquli B\u00f6lm\u0259l\u0259r ALPHAcoustic \u2013 AB - AirRent.ge","robots":{"index":"index","follow":"follow","max-snippet":"max-snippet:-1","max-image-preview":"max-image-preview:large","max-video-preview":"max-video-preview:-1"},"canonical":"https:\/\/airrent.ge\/az\/product\/18947\/","og_locale":"az_AZ","og_type":"article","og_title":"Akustik \u015eaquli B\u00f6lm\u0259l\u0259r ALPHAcoustic \u2013 AB - AirRent.ge","og_description":"Kesiti D\u00fczbucaql\u0131  &nbsp;  ALPHAcoustic\u00a0\u2013\u00a0AB.Ortho\u00a0d\u00fczbucaql\u0131 k\u0259sikli (Dor \u00fcslubu) \u015faquli s\u0259s uducu tavan p\u0259rd\u0259l\u0259ridir.  Onlar m\u00fcvafiq akustik t\u0259dqiqat t\u0259r\u0259find\u0259n m\u00fc\u0259yy\u0259n edildiyi kimi, paralel x\u0259tl\u0259rd\u0259 tavandan \u015faquli olaraq as\u0131l\u0131rlar.  Akustik panell\u0259rin miqdar\u0131n\u0131 v\u0259 aralar\u0131ndak\u0131 bo\u015fluqlar\u0131 m\u00fc\u0259yy\u0259n etm\u0259k \u00fc\u00e7\u00fcn texniki \u015f\u00f6b\u0259mizin t\u0259cr\u00fcb\u0259li komandam\u0131z t\u0259r\u0259find\u0259n \u0259trafl\u0131 akustik ara\u015fd\u0131rma apar\u0131la bil\u0259r.  Standart \u00d6l\u00e7\u00fcl\u0259r: 120x60sm v\u0259 120x30sm Qal\u0131nl\u0131q: 30-50-80mm (ist\u0259y\u0259 g\u00f6r\u0259 m\u00fcxt\u0259lif forma, \u00f6l\u00e7\u00fc v\u0259 qal\u0131nl\u0131qda istehsal oluna bil\u0259r)","og_url":"https:\/\/airrent.ge\/az\/product\/18947\/","og_site_name":"AirRent.ge","article_modified_time":"2025-02-25T19:28:05+00:00","og_image":[{"width":1024,"height":576,"url":"https:\/\/airrent.ge\/wp-content\/uploads\/2025\/02\/Acoustic-Baffles-1024x576-1.jpg","type":"image\/jpeg"}],"twitter_card":"summary_large_image","twitter_misc":{"Est. reading time":"1 minute"},"schema":{"@context":"https:\/\/schema.org","@graph":[{"@type":"WebPage","@id":"https:\/\/airrent.ge\/az\/product\/18947\/","url":"https:\/\/airrent.ge\/az\/product\/18947\/","name":"Akustik \u015eaquli B\u00f6lm\u0259l\u0259r ALPHAcoustic \u2013 AB - AirRent.ge","isPartOf":{"@id":"https:\/\/airrent.ge\/#website"},"primaryImageOfPage":{"@id":"https:\/\/airrent.ge\/az\/product\/18947\/#primaryimage"},"image":{"@id":"https:\/\/airrent.ge\/az\/product\/18947\/#primaryimage"},"thumbnailUrl":"https:\/\/airrent.ge\/wp-content\/uploads\/2025\/02\/Acoustic-Baffles-1024x576-1.jpg","datePublished":"2025-02-12T06:57:47+00:00","dateModified":"2025-02-25T19:28:05+00:00","breadcrumb":{"@id":"https:\/\/airrent.ge\/az\/product\/18947\/#breadcrumb"},"inLanguage":"az","potentialAction":[{"@type":"ReadAction","target":["https:\/\/airrent.ge\/az\/product\/18947\/"]}]},{"@type":"ImageObject","inLanguage":"az","@id":"https:\/\/airrent.ge\/az\/product\/18947\/#primaryimage","url":"https:\/\/airrent.ge\/wp-content\/uploads\/2025\/02\/Acoustic-Baffles-1024x576-1.jpg","contentUrl":"https:\/\/airrent.ge\/wp-content\/uploads\/2025\/02\/Acoustic-Baffles-1024x576-1.jpg","width":1024,"height":576},{"@type":"BreadcrumbList","@id":"https:\/\/airrent.ge\/az\/product\/18947\/#breadcrumb","itemListElement":[{"@type":"ListItem","position":1,"name":"Home","item":"https:\/\/airrent.ge\/az\/home\/"},{"@type":"ListItem","position":2,"name":"M\u0259hsullar","item":"https:\/\/airrent.ge\/az\/products\/"},{"@type":"ListItem","position":3,"name":"Akustik \u015eaquli B\u00f6lm\u0259l\u0259r ALPHAcoustic \u2013 AB"}]},{"@type":"WebSite","@id":"https:\/\/airrent.ge\/#website","url":"https:\/\/airrent.ge\/","name":"airrent.ge","description":"Rental Services","publisher":{"@id":"https:\/\/airrent.ge\/#organization"},"potentialAction":[{"@type":"SearchAction","target":{"@type":"EntryPoint","urlTemplate":"https:\/\/airrent.ge\/?s={search_term_string}"},"query-input":{"@type":"PropertyValueSpecification","valueRequired":true,"valueName":"search_term_string"}}],"inLanguage":"az"},{"@type":"Organization","@id":"https:\/\/airrent.ge\/#organization","name":"airrent.ge","url":"https:\/\/airrent.ge\/","logo":{"@type":"ImageObject","inLanguage":"az","@id":"https:\/\/airrent.ge\/#\/schema\/logo\/image\/","url":"https:\/\/airrent.ge\/wp-content\/uploads\/2026\/03\/airrent.png","contentUrl":"https:\/\/airrent.ge\/wp-content\/uploads\/2026\/03\/airrent.png","width":1536,"height":1024,"caption":"airrent.ge"},"image":{"@id":"https:\/\/airrent.ge\/#\/schema\/logo\/image\/"}}]}},"_links":{"self":[{"href":"https:\/\/airrent.ge\/az\/wp-json\/wp\/v2\/product\/23778","targetHints":{"allow":["GET"]}}],"collection":[{"href":"https:\/\/airrent.ge\/az\/wp-json\/wp\/v2\/product"}],"about":[{"href":"https:\/\/airrent.ge\/az\/wp-json\/wp\/v2\/types\/product"}],"wp:featuredmedia":[{"embeddable":true,"href":"https:\/\/airrent.ge\/az\/wp-json\/wp\/v2\/media\/22833"}],"wp:attachment":[{"href":"https:\/\/airrent.ge\/az\/wp-json\/wp\/v2\/media?parent=23778"}],"wp:term":[{"taxonomy":"product_brand","embeddable":true,"href":"https:\/\/airrent.ge\/az\/wp-json\/wp\/v2\/product_brand?post=23778"},{"taxonomy":"product_cat","embeddable":true,"href":"https:\/\/airrent.ge\/az\/wp-json\/wp\/v2\/product_cat?post=23778"},{"taxonomy":"product_tag","embeddable":true,"href":"https:\/\/airrent.ge\/az\/wp-json\/wp\/v2\/product_tag?post=23778"}],"curies":[{"name":"wp","href":"https:\/\/api.w.org\/{rel}","templated":true}]}}