{"id":23813,"date":"2025-02-12T21:21:46","date_gmt":"2025-02-12T17:21:46","guid":{"rendered":"https:\/\/airsystems.ge\/shop\/product\/sound-absorbing-slabs-isolfon-whisper\/"},"modified":"2025-02-23T21:46:30","modified_gmt":"2025-02-23T17:46:30","slug":"sound-absorbing-slabs-isolfon-whisper","status":"publish","type":"product","link":"https:\/\/airrent.ge\/az\/product\/sound-absorbing-slabs-isolfon-whisper\/","title":{"rendered":"S\u0259s uducu plit\u0259l\u0259r ISOLfon \u2013 Whisper"},"content":{"rendered":"<p>\u00d6l\u00e7\u00fcl\u0259ri: 120\u00d7240 sm<br \/>\nQal\u0131nl\u0131q: 20, 25, 40 v\u0259 50<br \/>\nR\u0259ng:\u00a0FR n\u00f6v\u00fc \u00fc\u00e7\u00fcn Qara \/ A\u011f<br \/>\nDB n\u00f6v\u00fc \u00fc\u00e7\u00fcn boz<\/p>\n<p>Yan\u011f\u0131na davaml\u0131l\u0131q:<\/p>\n<p>Stratocell Whisper FR n\u00f6v\u00fc \u00fc\u00e7\u00fcn: DIN 4102:B1, EN 13501-1 B, S2 d0<\/p>\n<p>DB n\u00f6v\u00fc \u00fc\u00e7\u00fcn: FMV SS 302<\/p>\n<p>X\u00fcsusiyy\u0259tl\u0259r:<\/p>\n<p>N\u0259m\u0259 davaml\u0131, Y\u00fcks\u0259k s\u0259s udma, a\u015fa\u011f\u0131 \u00e7\u0259ki, asan istehsal\/konvertasiya, su qoruyucuya ehtiyac yoxdur, lifsiz, \u00d6z-\u00f6z\u00fcn\u0259 dayanan \/ struktur c\u0259h\u0259td\u0259n m\u00fcst\u0259qil, yuyula bil\u0259n s\u0259th, yan\u011f\u0131n gecikdirici<\/p>\n","protected":false},"excerpt":{"rendered":"<p>ISOLFON \u2013 Whisper\u00a0qapal\u0131 h\u00fcceyr\u0259li polietilen k\u00f6p\u00fck t\u0259b\u0259q\u0259l\u0259rd\u0259n ibar\u0259tdir, daha sonra mikro perforasiya edilir v\u0259 s\u0259s udma \u0259msal\u0131n\u0131n artmas\u0131 il\u0259 n\u0259tic\u0259l\u0259nir. 50 mm qal\u0131nl\u0131\u011f\u0131nda Whisper NRC=1 (Sinif A S\u0259s udma sinfi A) \u0259ld\u0259 edir.<\/p>\n<p>Bu x\u00fcsusi material lifl\u0259rd\u0259n ibar\u0259t deyil v\u0259 buna g\u00f6r\u0259 d\u0259 par\u00e7alana v\u0259 ya q\u0131c\u0131qland\u0131r\u0131c\u0131 toz buraxa bilm\u0259z. Standart t\u0259mizl\u0259yicil\u0259r\u0259 qar\u015f\u0131 m\u00fcqavim\u0259t g\u00f6st\u0259rir, bunun n\u0259tic\u0259sind\u0259 asanl\u0131qla t\u0259mizl\u0259n\u0259 bilir. Bu, Stratocell Whisper-\u0131 barlar, restoranlar, \u0259yl\u0259nc\u0259 m\u0259rk\u0259zl\u0259ri v\u0259 s. kimi yem\u0259k sah\u0259l\u0259ri \u00fc\u00e7\u00fcn uy\u011fun edir. Stratocell material\u0131n\u0131n dig\u0259r t\u0259tbiql\u0259rin\u0259 s\u0259syazma studiyalar\u0131, ev kinoteatrlar\u0131, qapal\u0131 \u00fczg\u00fc\u00e7\u00fcl\u00fck hovuzlar\u0131, idman zallar\u0131, avtomobil yuma m\u0259nt\u0259q\u0259l\u0259ri, at\u0131\u015f poliqonlar\u0131, idman zallar\u0131, \u00fcmumi r\u00fctub\u0259t s\u0259viyy\u0259sinin y\u00fcks\u0259ldiyi yerl\u0259rd\u0259 v\u0259 s. s\u0259sin udulmas\u0131 daxildir.<\/p>\n<p>ISOLFON \u2013 Whisper\u00a0qapal\u0131 h\u00fcceyr\u0259li polietilen k\u00f6p\u00fck t\u0259b\u0259q\u0259l\u0259r h\u0259m\u00e7inin \u015faquli s\u0259s uducu tavan p\u0259rd\u0259l\u0259ri, y\u00fcks\u0259k s\u00fcr\u0259tli d\u0259mir yollar\u0131nda\/magistral yollarda s\u0259s p\u0259rd\u0259l\u0259ri, daxili kanallar\u0131n \u00fczl\u0259nm\u0259si, havaland\u0131rma-kondisioner s\u0259s tutucular\u0131, x\u00fcsus\u0259n d\u0259 y\u00fcks\u0259k r\u00fctub\u0259t olduqda v\u0259 s. kimi t\u0259tbiq oluna bil\u0259r.<\/p>\n<p>Bundan \u0259lav\u0259, Stratocell Whisper mexaniki dayaql\u0131 (uy\u011fun yuyucularla geni\u015fl\u0259ndiril\u0259 bil\u0259n t\u0131xaclar) v\u0259 ya maye v\u0259 ya sprey yap\u0131\u015fd\u0131r\u0131c\u0131 il\u0259 \u00f6z\u00fcn\u00fcdayand\u0131ran panell\u0259r kimi qura\u015fd\u0131r\u0131la bil\u0259r. B\u0131\u00e7aq v\u0259 ya uy\u011fun mi\u015farla k\u0259sm\u0259k \u00e7ox asand\u0131r.<\/p>\n<p>M\u0259hsul yan\u011f\u0131na davaml\u0131l\u0131\u011f\u0131na g\u00f6r\u0259 2 m\u00fcxt\u0259lif n\u00f6vd\u0259 t\u0259qdim edil\u0259 bil\u0259r:<\/p>\n<p>ISOLFON-Whisper\u00a0FR\u00a0(DIN 4102:B1, EN 13501-1 B, S2 d0 uy\u011fun olaraq yan\u011f\u0131n d\u0259r\u0259c\u0259si)<\/p>\n<p>R\u0259ng: A\u011f v\u0259 qara<\/p>\n<p>ISOLFON-Whisper\u00a0DB\u00a0(yan\u011f\u0131n reytinqi FMV SS 302)<\/p>\n<p>R\u0259ng: Boz<\/p>\n<p>Xarici t\u0259tbiql\u0259r \u00fc\u00e7\u00fcn biziml\u0259 \u0259laq\u0259 saxlay\u0131n.<\/p>\n<p>\u00dcST\u00dcNL\u018fR\u0130<\/p>\n<p>Y\u00fcks\u0259k s\u0259s udma:\u00a0Qapal\u0131 h\u00fcceyr\u0259li laminatl\u0131 polietilen k\u00f6p\u00fck formas\u0131 \u0259la akustik x\u00fcsusiyy\u0259tl\u0259r t\u0259min edir.<\/p>\n<p>Suya davaml\u0131:\u00a0Ya\u015f v\u0259 ya r\u00fctub\u0259tli \u015f\u0259raitd\u0259 d\u0259yi\u015fm\u0259z v\u0259 davaml\u0131 performans t\u0259min edir.<\/p>\n<p>Yan\u011f\u0131na reaksiya:\u00a0N\u0259qliyyat, S\u0259naye n\u0259qliyyat vasit\u0259l\u0259ri, D\u0259niz\u00e7ilik, Qatarlar, M\u0259i\u015f\u0259t Avadanl\u0131qlar\u0131 v\u0259 Elektronika, Tikinti v\u0259 Tikinti sah\u0259l\u0259rind\u0259 t\u0259l\u0259b olunan b\u00fct\u00fcn tipik Yan\u011f\u0131n Normlar\u0131na cavab verir.<\/p>\n<p>A\u015fa\u011f\u0131 qura\u015fd\u0131rma x\u0259rcl\u0259ri:\u00a0Y\u00fcng\u00fcl \u00e7\u0259kisi v\u0259 \u00f6z\u00fcn\u00fc da\u015f\u0131yan qurulu\u015fu say\u0259sind\u0259 onu k\u0259sm\u0259k v\u0259 yerind\u0259 qura\u015fd\u0131rmaq \u00e7ox asand\u0131r.<\/p>\n","protected":false},"featured_media":22853,"template":"","meta":[],"product_brand":[],"product_cat":[804],"product_tag":[],"class_list":{"0":"post-23813","1":"product","2":"type-product","3":"status-publish","4":"has-post-thumbnail","6":"product_cat-akustika-ss-kuy-v-vibrasiyaya-nzart","8":"first","9":"instock","10":"shipping-taxable","11":"product-type-simple"},"yoast_head":"<!-- This site is optimized with the Yoast SEO plugin v27.1.1 - https:\/\/yoast.com\/product\/yoast-seo-wordpress\/ -->\n<title>S\u0259s uducu plit\u0259l\u0259r ISOLfon \u2013 Whisper - AirRent.ge<\/title>\n<meta name=\"robots\" content=\"index, follow, max-snippet:-1, max-image-preview:large, max-video-preview:-1\" \/>\n<link rel=\"canonical\" href=\"https:\/\/airrent.ge\/az\/product\/sound-absorbing-slabs-isolfon-whisper\/\" \/>\n<meta property=\"og:locale\" content=\"az_AZ\" \/>\n<meta property=\"og:type\" content=\"article\" \/>\n<meta property=\"og:title\" content=\"S\u0259s uducu plit\u0259l\u0259r ISOLfon \u2013 Whisper - AirRent.ge\" \/>\n<meta property=\"og:description\" content=\"ISOLFON \u2013 Whisper\u00a0qapal\u0131 h\u00fcceyr\u0259li polietilen k\u00f6p\u00fck t\u0259b\u0259q\u0259l\u0259rd\u0259n ibar\u0259tdir, daha sonra mikro perforasiya edilir v\u0259 s\u0259s udma \u0259msal\u0131n\u0131n artmas\u0131 il\u0259 n\u0259tic\u0259l\u0259nir. 50 mm qal\u0131nl\u0131\u011f\u0131nda Whisper NRC=1 (Sinif A S\u0259s udma sinfi A) \u0259ld\u0259 edir.  Bu x\u00fcsusi material lifl\u0259rd\u0259n ibar\u0259t deyil v\u0259 buna g\u00f6r\u0259 d\u0259 par\u00e7alana v\u0259 ya q\u0131c\u0131qland\u0131r\u0131c\u0131 toz buraxa bilm\u0259z. Standart t\u0259mizl\u0259yicil\u0259r\u0259 qar\u015f\u0131 m\u00fcqavim\u0259t g\u00f6st\u0259rir, bunun n\u0259tic\u0259sind\u0259 asanl\u0131qla t\u0259mizl\u0259n\u0259 bilir. Bu, Stratocell Whisper-\u0131 barlar, restoranlar, \u0259yl\u0259nc\u0259 m\u0259rk\u0259zl\u0259ri v\u0259 s. kimi yem\u0259k sah\u0259l\u0259ri \u00fc\u00e7\u00fcn uy\u011fun edir. Stratocell material\u0131n\u0131n dig\u0259r t\u0259tbiql\u0259rin\u0259 s\u0259syazma studiyalar\u0131, ev kinoteatrlar\u0131, qapal\u0131 \u00fczg\u00fc\u00e7\u00fcl\u00fck hovuzlar\u0131, idman zallar\u0131, avtomobil yuma m\u0259nt\u0259q\u0259l\u0259ri, at\u0131\u015f poliqonlar\u0131, idman zallar\u0131, \u00fcmumi r\u00fctub\u0259t s\u0259viyy\u0259sinin y\u00fcks\u0259ldiyi yerl\u0259rd\u0259 v\u0259 s. s\u0259sin udulmas\u0131 daxildir.  ISOLFON \u2013 Whisper\u00a0qapal\u0131 h\u00fcceyr\u0259li polietilen k\u00f6p\u00fck t\u0259b\u0259q\u0259l\u0259r h\u0259m\u00e7inin \u015faquli s\u0259s uducu tavan p\u0259rd\u0259l\u0259ri, y\u00fcks\u0259k s\u00fcr\u0259tli d\u0259mir yollar\u0131nda\/magistral yollarda s\u0259s p\u0259rd\u0259l\u0259ri, daxili kanallar\u0131n \u00fczl\u0259nm\u0259si, havaland\u0131rma-kondisioner s\u0259s tutucular\u0131, x\u00fcsus\u0259n d\u0259 y\u00fcks\u0259k r\u00fctub\u0259t olduqda v\u0259 s. kimi t\u0259tbiq oluna bil\u0259r.  Bundan \u0259lav\u0259, Stratocell Whisper mexaniki dayaql\u0131 (uy\u011fun yuyucularla geni\u015fl\u0259ndiril\u0259 bil\u0259n t\u0131xaclar) v\u0259 ya maye v\u0259 ya sprey yap\u0131\u015fd\u0131r\u0131c\u0131 il\u0259 \u00f6z\u00fcn\u00fcdayand\u0131ran panell\u0259r kimi qura\u015fd\u0131r\u0131la bil\u0259r. B\u0131\u00e7aq v\u0259 ya uy\u011fun mi\u015farla k\u0259sm\u0259k \u00e7ox asand\u0131r.  M\u0259hsul yan\u011f\u0131na davaml\u0131l\u0131\u011f\u0131na g\u00f6r\u0259 2 m\u00fcxt\u0259lif n\u00f6vd\u0259 t\u0259qdim edil\u0259 bil\u0259r:  ISOLFON-Whisper\u00a0FR\u00a0(DIN 4102:B1, EN 13501-1 B, S2 d0 uy\u011fun olaraq yan\u011f\u0131n d\u0259r\u0259c\u0259si)  R\u0259ng: A\u011f v\u0259 qara  ISOLFON-Whisper\u00a0DB\u00a0(yan\u011f\u0131n reytinqi FMV SS 302)  R\u0259ng: Boz  Xarici t\u0259tbiql\u0259r \u00fc\u00e7\u00fcn biziml\u0259 \u0259laq\u0259 saxlay\u0131n.  \u00dcST\u00dcNL\u018fR\u0130  Y\u00fcks\u0259k s\u0259s udma:\u00a0Qapal\u0131 h\u00fcceyr\u0259li laminatl\u0131 polietilen k\u00f6p\u00fck formas\u0131 \u0259la akustik x\u00fcsusiyy\u0259tl\u0259r t\u0259min edir.  Suya davaml\u0131:\u00a0Ya\u015f v\u0259 ya r\u00fctub\u0259tli \u015f\u0259raitd\u0259 d\u0259yi\u015fm\u0259z v\u0259 davaml\u0131 performans t\u0259min edir.  Yan\u011f\u0131na reaksiya:\u00a0N\u0259qliyyat, S\u0259naye n\u0259qliyyat vasit\u0259l\u0259ri, D\u0259niz\u00e7ilik, Qatarlar, M\u0259i\u015f\u0259t Avadanl\u0131qlar\u0131 v\u0259 Elektronika, Tikinti v\u0259 Tikinti sah\u0259l\u0259rind\u0259 t\u0259l\u0259b olunan b\u00fct\u00fcn tipik Yan\u011f\u0131n Normlar\u0131na cavab verir.  A\u015fa\u011f\u0131 qura\u015fd\u0131rma x\u0259rcl\u0259ri:\u00a0Y\u00fcng\u00fcl \u00e7\u0259kisi v\u0259 \u00f6z\u00fcn\u00fc da\u015f\u0131yan qurulu\u015fu say\u0259sind\u0259 onu k\u0259sm\u0259k v\u0259 yerind\u0259 qura\u015fd\u0131rmaq \u00e7ox asand\u0131r.\" \/>\n<meta property=\"og:url\" content=\"https:\/\/airrent.ge\/az\/product\/sound-absorbing-slabs-isolfon-whisper\/\" \/>\n<meta property=\"og:site_name\" content=\"AirRent.ge\" \/>\n<meta property=\"article:modified_time\" content=\"2025-02-23T17:46:30+00:00\" \/>\n<meta property=\"og:image\" content=\"https:\/\/airrent.ge\/wp-content\/uploads\/2025\/02\/styrofoam-ceiling-acoustic-panels.jpg\" \/>\n\t<meta property=\"og:image:width\" content=\"1523\" \/>\n\t<meta property=\"og:image:height\" content=\"1001\" \/>\n\t<meta property=\"og:image:type\" content=\"image\/jpeg\" \/>\n<meta name=\"twitter:card\" content=\"summary_large_image\" \/>\n<script type=\"application\/ld+json\" class=\"yoast-schema-graph\">{\"@context\":\"https:\/\/schema.org\",\"@graph\":[{\"@type\":\"WebPage\",\"@id\":\"https:\/\/airrent.ge\/az\/product\/sound-absorbing-slabs-isolfon-whisper\/\",\"url\":\"https:\/\/airrent.ge\/az\/product\/sound-absorbing-slabs-isolfon-whisper\/\",\"name\":\"S\u0259s uducu plit\u0259l\u0259r ISOLfon \u2013 Whisper - AirRent.ge\",\"isPartOf\":{\"@id\":\"https:\/\/airrent.ge\/#website\"},\"primaryImageOfPage\":{\"@id\":\"https:\/\/airrent.ge\/az\/product\/sound-absorbing-slabs-isolfon-whisper\/#primaryimage\"},\"image\":{\"@id\":\"https:\/\/airrent.ge\/az\/product\/sound-absorbing-slabs-isolfon-whisper\/#primaryimage\"},\"thumbnailUrl\":\"https:\/\/airrent.ge\/wp-content\/uploads\/2025\/02\/styrofoam-ceiling-acoustic-panels.jpg\",\"datePublished\":\"2025-02-12T17:21:46+00:00\",\"dateModified\":\"2025-02-23T17:46:30+00:00\",\"breadcrumb\":{\"@id\":\"https:\/\/airrent.ge\/az\/product\/sound-absorbing-slabs-isolfon-whisper\/#breadcrumb\"},\"inLanguage\":\"az\",\"potentialAction\":[{\"@type\":\"ReadAction\",\"target\":[\"https:\/\/airrent.ge\/az\/product\/sound-absorbing-slabs-isolfon-whisper\/\"]}]},{\"@type\":\"ImageObject\",\"inLanguage\":\"az\",\"@id\":\"https:\/\/airrent.ge\/az\/product\/sound-absorbing-slabs-isolfon-whisper\/#primaryimage\",\"url\":\"https:\/\/airrent.ge\/wp-content\/uploads\/2025\/02\/styrofoam-ceiling-acoustic-panels.jpg\",\"contentUrl\":\"https:\/\/airrent.ge\/wp-content\/uploads\/2025\/02\/styrofoam-ceiling-acoustic-panels.jpg\",\"width\":1523,\"height\":1001},{\"@type\":\"BreadcrumbList\",\"@id\":\"https:\/\/airrent.ge\/az\/product\/sound-absorbing-slabs-isolfon-whisper\/#breadcrumb\",\"itemListElement\":[{\"@type\":\"ListItem\",\"position\":1,\"name\":\"Home\",\"item\":\"https:\/\/airrent.ge\/az\/home\/\"},{\"@type\":\"ListItem\",\"position\":2,\"name\":\"M\u0259hsullar\",\"item\":\"https:\/\/airrent.ge\/az\/products\/\"},{\"@type\":\"ListItem\",\"position\":3,\"name\":\"S\u0259s uducu plit\u0259l\u0259r ISOLfon \u2013 Whisper\"}]},{\"@type\":\"WebSite\",\"@id\":\"https:\/\/airrent.ge\/#website\",\"url\":\"https:\/\/airrent.ge\/\",\"name\":\"airrent.ge\",\"description\":\"Rental Services\",\"publisher\":{\"@id\":\"https:\/\/airrent.ge\/#organization\"},\"potentialAction\":[{\"@type\":\"SearchAction\",\"target\":{\"@type\":\"EntryPoint\",\"urlTemplate\":\"https:\/\/airrent.ge\/?s={search_term_string}\"},\"query-input\":{\"@type\":\"PropertyValueSpecification\",\"valueRequired\":true,\"valueName\":\"search_term_string\"}}],\"inLanguage\":\"az\"},{\"@type\":\"Organization\",\"@id\":\"https:\/\/airrent.ge\/#organization\",\"name\":\"airrent.ge\",\"url\":\"https:\/\/airrent.ge\/\",\"logo\":{\"@type\":\"ImageObject\",\"inLanguage\":\"az\",\"@id\":\"https:\/\/airrent.ge\/#\/schema\/logo\/image\/\",\"url\":\"https:\/\/airrent.ge\/wp-content\/uploads\/2026\/03\/airrent.png\",\"contentUrl\":\"https:\/\/airrent.ge\/wp-content\/uploads\/2026\/03\/airrent.png\",\"width\":1536,\"height\":1024,\"caption\":\"airrent.ge\"},\"image\":{\"@id\":\"https:\/\/airrent.ge\/#\/schema\/logo\/image\/\"}}]}<\/script>\n<!-- \/ Yoast SEO plugin. -->","yoast_head_json":{"title":"S\u0259s uducu plit\u0259l\u0259r ISOLfon \u2013 Whisper - AirRent.ge","robots":{"index":"index","follow":"follow","max-snippet":"max-snippet:-1","max-image-preview":"max-image-preview:large","max-video-preview":"max-video-preview:-1"},"canonical":"https:\/\/airrent.ge\/az\/product\/sound-absorbing-slabs-isolfon-whisper\/","og_locale":"az_AZ","og_type":"article","og_title":"S\u0259s uducu plit\u0259l\u0259r ISOLfon \u2013 Whisper - AirRent.ge","og_description":"ISOLFON \u2013 Whisper\u00a0qapal\u0131 h\u00fcceyr\u0259li polietilen k\u00f6p\u00fck t\u0259b\u0259q\u0259l\u0259rd\u0259n ibar\u0259tdir, daha sonra mikro perforasiya edilir v\u0259 s\u0259s udma \u0259msal\u0131n\u0131n artmas\u0131 il\u0259 n\u0259tic\u0259l\u0259nir. 50 mm qal\u0131nl\u0131\u011f\u0131nda Whisper NRC=1 (Sinif A S\u0259s udma sinfi A) \u0259ld\u0259 edir.  Bu x\u00fcsusi material lifl\u0259rd\u0259n ibar\u0259t deyil v\u0259 buna g\u00f6r\u0259 d\u0259 par\u00e7alana v\u0259 ya q\u0131c\u0131qland\u0131r\u0131c\u0131 toz buraxa bilm\u0259z. Standart t\u0259mizl\u0259yicil\u0259r\u0259 qar\u015f\u0131 m\u00fcqavim\u0259t g\u00f6st\u0259rir, bunun n\u0259tic\u0259sind\u0259 asanl\u0131qla t\u0259mizl\u0259n\u0259 bilir. Bu, Stratocell Whisper-\u0131 barlar, restoranlar, \u0259yl\u0259nc\u0259 m\u0259rk\u0259zl\u0259ri v\u0259 s. kimi yem\u0259k sah\u0259l\u0259ri \u00fc\u00e7\u00fcn uy\u011fun edir. Stratocell material\u0131n\u0131n dig\u0259r t\u0259tbiql\u0259rin\u0259 s\u0259syazma studiyalar\u0131, ev kinoteatrlar\u0131, qapal\u0131 \u00fczg\u00fc\u00e7\u00fcl\u00fck hovuzlar\u0131, idman zallar\u0131, avtomobil yuma m\u0259nt\u0259q\u0259l\u0259ri, at\u0131\u015f poliqonlar\u0131, idman zallar\u0131, \u00fcmumi r\u00fctub\u0259t s\u0259viyy\u0259sinin y\u00fcks\u0259ldiyi yerl\u0259rd\u0259 v\u0259 s. s\u0259sin udulmas\u0131 daxildir.  ISOLFON \u2013 Whisper\u00a0qapal\u0131 h\u00fcceyr\u0259li polietilen k\u00f6p\u00fck t\u0259b\u0259q\u0259l\u0259r h\u0259m\u00e7inin \u015faquli s\u0259s uducu tavan p\u0259rd\u0259l\u0259ri, y\u00fcks\u0259k s\u00fcr\u0259tli d\u0259mir yollar\u0131nda\/magistral yollarda s\u0259s p\u0259rd\u0259l\u0259ri, daxili kanallar\u0131n \u00fczl\u0259nm\u0259si, havaland\u0131rma-kondisioner s\u0259s tutucular\u0131, x\u00fcsus\u0259n d\u0259 y\u00fcks\u0259k r\u00fctub\u0259t olduqda v\u0259 s. kimi t\u0259tbiq oluna bil\u0259r.  Bundan \u0259lav\u0259, Stratocell Whisper mexaniki dayaql\u0131 (uy\u011fun yuyucularla geni\u015fl\u0259ndiril\u0259 bil\u0259n t\u0131xaclar) v\u0259 ya maye v\u0259 ya sprey yap\u0131\u015fd\u0131r\u0131c\u0131 il\u0259 \u00f6z\u00fcn\u00fcdayand\u0131ran panell\u0259r kimi qura\u015fd\u0131r\u0131la bil\u0259r. B\u0131\u00e7aq v\u0259 ya uy\u011fun mi\u015farla k\u0259sm\u0259k \u00e7ox asand\u0131r.  M\u0259hsul yan\u011f\u0131na davaml\u0131l\u0131\u011f\u0131na g\u00f6r\u0259 2 m\u00fcxt\u0259lif n\u00f6vd\u0259 t\u0259qdim edil\u0259 bil\u0259r:  ISOLFON-Whisper\u00a0FR\u00a0(DIN 4102:B1, EN 13501-1 B, S2 d0 uy\u011fun olaraq yan\u011f\u0131n d\u0259r\u0259c\u0259si)  R\u0259ng: A\u011f v\u0259 qara  ISOLFON-Whisper\u00a0DB\u00a0(yan\u011f\u0131n reytinqi FMV SS 302)  R\u0259ng: Boz  Xarici t\u0259tbiql\u0259r \u00fc\u00e7\u00fcn biziml\u0259 \u0259laq\u0259 saxlay\u0131n.  \u00dcST\u00dcNL\u018fR\u0130  Y\u00fcks\u0259k s\u0259s udma:\u00a0Qapal\u0131 h\u00fcceyr\u0259li laminatl\u0131 polietilen k\u00f6p\u00fck formas\u0131 \u0259la akustik x\u00fcsusiyy\u0259tl\u0259r t\u0259min edir.  Suya davaml\u0131:\u00a0Ya\u015f v\u0259 ya r\u00fctub\u0259tli \u015f\u0259raitd\u0259 d\u0259yi\u015fm\u0259z v\u0259 davaml\u0131 performans t\u0259min edir.  Yan\u011f\u0131na reaksiya:\u00a0N\u0259qliyyat, S\u0259naye n\u0259qliyyat vasit\u0259l\u0259ri, D\u0259niz\u00e7ilik, Qatarlar, M\u0259i\u015f\u0259t Avadanl\u0131qlar\u0131 v\u0259 Elektronika, Tikinti v\u0259 Tikinti sah\u0259l\u0259rind\u0259 t\u0259l\u0259b olunan b\u00fct\u00fcn tipik Yan\u011f\u0131n Normlar\u0131na cavab verir.  A\u015fa\u011f\u0131 qura\u015fd\u0131rma x\u0259rcl\u0259ri:\u00a0Y\u00fcng\u00fcl \u00e7\u0259kisi v\u0259 \u00f6z\u00fcn\u00fc da\u015f\u0131yan qurulu\u015fu say\u0259sind\u0259 onu k\u0259sm\u0259k v\u0259 yerind\u0259 qura\u015fd\u0131rmaq \u00e7ox asand\u0131r.","og_url":"https:\/\/airrent.ge\/az\/product\/sound-absorbing-slabs-isolfon-whisper\/","og_site_name":"AirRent.ge","article_modified_time":"2025-02-23T17:46:30+00:00","og_image":[{"width":1523,"height":1001,"url":"https:\/\/airrent.ge\/wp-content\/uploads\/2025\/02\/styrofoam-ceiling-acoustic-panels.jpg","type":"image\/jpeg"}],"twitter_card":"summary_large_image","schema":{"@context":"https:\/\/schema.org","@graph":[{"@type":"WebPage","@id":"https:\/\/airrent.ge\/az\/product\/sound-absorbing-slabs-isolfon-whisper\/","url":"https:\/\/airrent.ge\/az\/product\/sound-absorbing-slabs-isolfon-whisper\/","name":"S\u0259s uducu plit\u0259l\u0259r ISOLfon \u2013 Whisper - AirRent.ge","isPartOf":{"@id":"https:\/\/airrent.ge\/#website"},"primaryImageOfPage":{"@id":"https:\/\/airrent.ge\/az\/product\/sound-absorbing-slabs-isolfon-whisper\/#primaryimage"},"image":{"@id":"https:\/\/airrent.ge\/az\/product\/sound-absorbing-slabs-isolfon-whisper\/#primaryimage"},"thumbnailUrl":"https:\/\/airrent.ge\/wp-content\/uploads\/2025\/02\/styrofoam-ceiling-acoustic-panels.jpg","datePublished":"2025-02-12T17:21:46+00:00","dateModified":"2025-02-23T17:46:30+00:00","breadcrumb":{"@id":"https:\/\/airrent.ge\/az\/product\/sound-absorbing-slabs-isolfon-whisper\/#breadcrumb"},"inLanguage":"az","potentialAction":[{"@type":"ReadAction","target":["https:\/\/airrent.ge\/az\/product\/sound-absorbing-slabs-isolfon-whisper\/"]}]},{"@type":"ImageObject","inLanguage":"az","@id":"https:\/\/airrent.ge\/az\/product\/sound-absorbing-slabs-isolfon-whisper\/#primaryimage","url":"https:\/\/airrent.ge\/wp-content\/uploads\/2025\/02\/styrofoam-ceiling-acoustic-panels.jpg","contentUrl":"https:\/\/airrent.ge\/wp-content\/uploads\/2025\/02\/styrofoam-ceiling-acoustic-panels.jpg","width":1523,"height":1001},{"@type":"BreadcrumbList","@id":"https:\/\/airrent.ge\/az\/product\/sound-absorbing-slabs-isolfon-whisper\/#breadcrumb","itemListElement":[{"@type":"ListItem","position":1,"name":"Home","item":"https:\/\/airrent.ge\/az\/home\/"},{"@type":"ListItem","position":2,"name":"M\u0259hsullar","item":"https:\/\/airrent.ge\/az\/products\/"},{"@type":"ListItem","position":3,"name":"S\u0259s uducu plit\u0259l\u0259r ISOLfon \u2013 Whisper"}]},{"@type":"WebSite","@id":"https:\/\/airrent.ge\/#website","url":"https:\/\/airrent.ge\/","name":"airrent.ge","description":"Rental Services","publisher":{"@id":"https:\/\/airrent.ge\/#organization"},"potentialAction":[{"@type":"SearchAction","target":{"@type":"EntryPoint","urlTemplate":"https:\/\/airrent.ge\/?s={search_term_string}"},"query-input":{"@type":"PropertyValueSpecification","valueRequired":true,"valueName":"search_term_string"}}],"inLanguage":"az"},{"@type":"Organization","@id":"https:\/\/airrent.ge\/#organization","name":"airrent.ge","url":"https:\/\/airrent.ge\/","logo":{"@type":"ImageObject","inLanguage":"az","@id":"https:\/\/airrent.ge\/#\/schema\/logo\/image\/","url":"https:\/\/airrent.ge\/wp-content\/uploads\/2026\/03\/airrent.png","contentUrl":"https:\/\/airrent.ge\/wp-content\/uploads\/2026\/03\/airrent.png","width":1536,"height":1024,"caption":"airrent.ge"},"image":{"@id":"https:\/\/airrent.ge\/#\/schema\/logo\/image\/"}}]}},"_links":{"self":[{"href":"https:\/\/airrent.ge\/az\/wp-json\/wp\/v2\/product\/23813","targetHints":{"allow":["GET"]}}],"collection":[{"href":"https:\/\/airrent.ge\/az\/wp-json\/wp\/v2\/product"}],"about":[{"href":"https:\/\/airrent.ge\/az\/wp-json\/wp\/v2\/types\/product"}],"wp:featuredmedia":[{"embeddable":true,"href":"https:\/\/airrent.ge\/az\/wp-json\/wp\/v2\/media\/22853"}],"wp:attachment":[{"href":"https:\/\/airrent.ge\/az\/wp-json\/wp\/v2\/media?parent=23813"}],"wp:term":[{"taxonomy":"product_brand","embeddable":true,"href":"https:\/\/airrent.ge\/az\/wp-json\/wp\/v2\/product_brand?post=23813"},{"taxonomy":"product_cat","embeddable":true,"href":"https:\/\/airrent.ge\/az\/wp-json\/wp\/v2\/product_cat?post=23813"},{"taxonomy":"product_tag","embeddable":true,"href":"https:\/\/airrent.ge\/az\/wp-json\/wp\/v2\/product_tag?post=23813"}],"curies":[{"name":"wp","href":"https:\/\/api.w.org\/{rel}","templated":true}]}}