{"id":24023,"date":"2025-02-23T23:01:48","date_gmt":"2025-02-23T19:01:48","guid":{"rendered":"https:\/\/airsystems.ge\/shop\/product\/circular-acoustic-panels-alphacoustic-kiklos\/"},"modified":"2025-02-23T23:03:35","modified_gmt":"2025-02-23T19:03:35","slug":"circular-acoustic-panels-alphacoustic-kiklos","status":"publish","type":"product","link":"https:\/\/airrent.ge\/az\/product\/circular-acoustic-panels-alphacoustic-kiklos\/","title":{"rendered":"Dair\u0259vi Akustik Panell\u0259r ALPHAcoustic \u2013 KIKLOS"},"content":{"rendered":"","protected":false},"excerpt":{"rendered":"<p>Kesiti D\u00fczbucaql\u0131<\/p>\n<p>ALPHAcoustic \u2013 Kiklos.Ortho, s\u0259s spektri boyunca y\u00fcks\u0259k s\u0259s udulmas\u0131na nail olmaq \u00fc\u00e7\u00fcn x\u00fcsusi olaraq haz\u0131rlanm\u0131\u015f, ayd\u0131n d\u00fczbucaql\u0131 k\u0259sikli (Dor stili) x\u00fcsusi dizayn edilmi\u015f dair\u0259vi s\u0259s uducu panell\u0259rdir.<\/p>\n<p>Bu d\u0259yirmi akustik \u00e7\u0259r\u00e7iv\u0259l\u0259r \u015f\u0259xsi i\u015f yerinizi t\u0259kc\u0259 vizual olaraq deyil, h\u0259m d\u0259 akustik c\u0259h\u0259td\u0259n t\u0259kmill\u0259\u015fdir\u0259 bil\u0259r, z\u0259hl\u0259t\u00f6k\u0259n s\u0259s \u0259ksikliyini azalda bil\u0259r.<\/p>\n<p>Onlar asanl\u0131qla m\u0259kan\u0131n dizayn\u0131na v\u0259 memarl\u0131q akustikas\u0131na uy\u011funla\u015fd\u0131r\u0131la bil\u0259r.<\/p>\n<p>Kateqoriya: Akustik Panell\u0259r<\/p>\n<p>Kesiti \u018fyri<\/p>\n<p>ALPHAcoustic \u2013 Kiklos.Tondo \u0259yri en k\u0259siyi olan dair\u0259vi s\u0259s uducu panell\u0259rdir.<\/p>\n<p>Elmi ara\u015fd\u0131rmalarla s\u00fcbut edilmi\u015fdir ki, \u0259yri cisiml\u0259r insan beyninin m\u00fcsb\u0259t emosiyalarla \u0259laq\u0259li hiss\u0259l\u0259rini aktivl\u0259\u015fdirir.<\/p>\n<p>Onlar s\u0259s spektri boyunca y\u00fcks\u0259k s\u0259s udulmas\u0131na nail olmaq \u00fc\u00e7\u00fcn x\u00fcsusi olaraq haz\u0131rlanm\u0131\u015fd\u0131r. Onlar \u015f\u0259xsi m\u0259kan\u0131n\u0131z\u0131 v\u0259 i\u015f yerinizi t\u0259kc\u0259 vizual olaraq deyil, h\u0259m d\u0259 akustik c\u0259h\u0259td\u0259n t\u0259kmill\u0259\u015fdir\u0259 bil\u0259r, z\u0259hl\u0259t\u00f6k\u0259n s\u0259s \u0259ksikliyini azalda bil\u0259r.<\/p>\n<p>\u018fsas x\u00fcsusiyy\u0259tl\u0259r:<\/p>\n<p>&#8211; Z\u0259rif \u0259yri dizayn.<br \/>\n-Rahatl\u0131q, t\u0259hl\u00fck\u0259sizlik, yax\u0131nl\u0131q v\u0259 rahatl\u0131q yayan harmonik \u0259yril\u0259r.<br \/>\n-Onlar m\u0259kan\u0131n akustik v\u0259 estetik t\u0259kmill\u0259\u015fdirilm\u0259sini t\u0259klif edirl\u0259r.<\/p>\n<p>Kateqoriya: Akustik Panell\u0259r<\/p>\n","protected":false},"featured_media":24029,"template":"","meta":[],"product_brand":[],"product_cat":[930,804,931],"product_tag":[],"class_list":{"0":"post-24023","1":"product","2":"type-product","3":"status-publish","4":"has-post-thumbnail","6":"product_cat-acoustic-panels-az","7":"product_cat-akustika-ss-kuy-v-vibrasiyaya-nzart","8":"product_cat-architectural-acoustic-az","10":"first","11":"instock","12":"shipping-taxable","13":"product-type-simple"},"yoast_head":"<!-- This site is optimized with the Yoast SEO plugin v27.1.1 - https:\/\/yoast.com\/product\/yoast-seo-wordpress\/ -->\n<title>Dair\u0259vi Akustik Panell\u0259r ALPHAcoustic \u2013 KIKLOS - AirRent.ge<\/title>\n<meta name=\"robots\" content=\"index, follow, max-snippet:-1, max-image-preview:large, max-video-preview:-1\" \/>\n<link rel=\"canonical\" href=\"https:\/\/airrent.ge\/az\/product\/circular-acoustic-panels-alphacoustic-kiklos\/\" \/>\n<meta property=\"og:locale\" content=\"az_AZ\" \/>\n<meta property=\"og:type\" content=\"article\" \/>\n<meta property=\"og:title\" content=\"Dair\u0259vi Akustik Panell\u0259r ALPHAcoustic \u2013 KIKLOS - AirRent.ge\" \/>\n<meta property=\"og:description\" content=\"Kesiti D\u00fczbucaql\u0131  ALPHAcoustic \u2013 Kiklos.Ortho, s\u0259s spektri boyunca y\u00fcks\u0259k s\u0259s udulmas\u0131na nail olmaq \u00fc\u00e7\u00fcn x\u00fcsusi olaraq haz\u0131rlanm\u0131\u015f, ayd\u0131n d\u00fczbucaql\u0131 k\u0259sikli (Dor stili) x\u00fcsusi dizayn edilmi\u015f dair\u0259vi s\u0259s uducu panell\u0259rdir.  Bu d\u0259yirmi akustik \u00e7\u0259r\u00e7iv\u0259l\u0259r \u015f\u0259xsi i\u015f yerinizi t\u0259kc\u0259 vizual olaraq deyil, h\u0259m d\u0259 akustik c\u0259h\u0259td\u0259n t\u0259kmill\u0259\u015fdir\u0259 bil\u0259r, z\u0259hl\u0259t\u00f6k\u0259n s\u0259s \u0259ksikliyini azalda bil\u0259r.  Onlar asanl\u0131qla m\u0259kan\u0131n dizayn\u0131na v\u0259 memarl\u0131q akustikas\u0131na uy\u011funla\u015fd\u0131r\u0131la bil\u0259r.  Kateqoriya: Akustik Panell\u0259r  Kesiti \u018fyri  ALPHAcoustic \u2013 Kiklos.Tondo \u0259yri en k\u0259siyi olan dair\u0259vi s\u0259s uducu panell\u0259rdir.  Elmi ara\u015fd\u0131rmalarla s\u00fcbut edilmi\u015fdir ki, \u0259yri cisiml\u0259r insan beyninin m\u00fcsb\u0259t emosiyalarla \u0259laq\u0259li hiss\u0259l\u0259rini aktivl\u0259\u015fdirir.  Onlar s\u0259s spektri boyunca y\u00fcks\u0259k s\u0259s udulmas\u0131na nail olmaq \u00fc\u00e7\u00fcn x\u00fcsusi olaraq haz\u0131rlanm\u0131\u015fd\u0131r. Onlar \u015f\u0259xsi m\u0259kan\u0131n\u0131z\u0131 v\u0259 i\u015f yerinizi t\u0259kc\u0259 vizual olaraq deyil, h\u0259m d\u0259 akustik c\u0259h\u0259td\u0259n t\u0259kmill\u0259\u015fdir\u0259 bil\u0259r, z\u0259hl\u0259t\u00f6k\u0259n s\u0259s \u0259ksikliyini azalda bil\u0259r.  \u018fsas x\u00fcsusiyy\u0259tl\u0259r:  - Z\u0259rif \u0259yri dizayn. -Rahatl\u0131q, t\u0259hl\u00fck\u0259sizlik, yax\u0131nl\u0131q v\u0259 rahatl\u0131q yayan harmonik \u0259yril\u0259r. -Onlar m\u0259kan\u0131n akustik v\u0259 estetik t\u0259kmill\u0259\u015fdirilm\u0259sini t\u0259klif edirl\u0259r.  Kateqoriya: Akustik Panell\u0259r\" \/>\n<meta property=\"og:url\" content=\"https:\/\/airrent.ge\/az\/product\/circular-acoustic-panels-alphacoustic-kiklos\/\" \/>\n<meta property=\"og:site_name\" content=\"AirRent.ge\" \/>\n<meta property=\"article:modified_time\" content=\"2025-02-23T19:03:35+00:00\" \/>\n<meta property=\"og:image\" content=\"https:\/\/airrent.ge\/wp-content\/uploads\/2025\/02\/alphacoustic-kiklos-ortho-en-scaled-e1593184209747.jpg\" \/>\n\t<meta property=\"og:image:width\" content=\"1333\" \/>\n\t<meta property=\"og:image:height\" content=\"1000\" \/>\n\t<meta property=\"og:image:type\" content=\"image\/jpeg\" \/>\n<meta name=\"twitter:card\" content=\"summary_large_image\" \/>\n<script type=\"application\/ld+json\" class=\"yoast-schema-graph\">{\"@context\":\"https:\/\/schema.org\",\"@graph\":[{\"@type\":\"WebPage\",\"@id\":\"https:\/\/airrent.ge\/az\/product\/circular-acoustic-panels-alphacoustic-kiklos\/\",\"url\":\"https:\/\/airrent.ge\/az\/product\/circular-acoustic-panels-alphacoustic-kiklos\/\",\"name\":\"Dair\u0259vi Akustik Panell\u0259r ALPHAcoustic \u2013 KIKLOS - AirRent.ge\",\"isPartOf\":{\"@id\":\"https:\/\/airrent.ge\/#website\"},\"primaryImageOfPage\":{\"@id\":\"https:\/\/airrent.ge\/az\/product\/circular-acoustic-panels-alphacoustic-kiklos\/#primaryimage\"},\"image\":{\"@id\":\"https:\/\/airrent.ge\/az\/product\/circular-acoustic-panels-alphacoustic-kiklos\/#primaryimage\"},\"thumbnailUrl\":\"https:\/\/airrent.ge\/wp-content\/uploads\/2025\/02\/alphacoustic-kiklos-ortho-en-scaled-e1593184209747.jpg\",\"datePublished\":\"2025-02-23T19:01:48+00:00\",\"dateModified\":\"2025-02-23T19:03:35+00:00\",\"breadcrumb\":{\"@id\":\"https:\/\/airrent.ge\/az\/product\/circular-acoustic-panels-alphacoustic-kiklos\/#breadcrumb\"},\"inLanguage\":\"az\",\"potentialAction\":[{\"@type\":\"ReadAction\",\"target\":[\"https:\/\/airrent.ge\/az\/product\/circular-acoustic-panels-alphacoustic-kiklos\/\"]}]},{\"@type\":\"ImageObject\",\"inLanguage\":\"az\",\"@id\":\"https:\/\/airrent.ge\/az\/product\/circular-acoustic-panels-alphacoustic-kiklos\/#primaryimage\",\"url\":\"https:\/\/airrent.ge\/wp-content\/uploads\/2025\/02\/alphacoustic-kiklos-ortho-en-scaled-e1593184209747.jpg\",\"contentUrl\":\"https:\/\/airrent.ge\/wp-content\/uploads\/2025\/02\/alphacoustic-kiklos-ortho-en-scaled-e1593184209747.jpg\",\"width\":1333,\"height\":1000},{\"@type\":\"BreadcrumbList\",\"@id\":\"https:\/\/airrent.ge\/az\/product\/circular-acoustic-panels-alphacoustic-kiklos\/#breadcrumb\",\"itemListElement\":[{\"@type\":\"ListItem\",\"position\":1,\"name\":\"Home\",\"item\":\"https:\/\/airrent.ge\/az\/home\/\"},{\"@type\":\"ListItem\",\"position\":2,\"name\":\"M\u0259hsullar\",\"item\":\"https:\/\/airrent.ge\/az\/products\/\"},{\"@type\":\"ListItem\",\"position\":3,\"name\":\"Dair\u0259vi Akustik Panell\u0259r ALPHAcoustic \u2013 KIKLOS\"}]},{\"@type\":\"WebSite\",\"@id\":\"https:\/\/airrent.ge\/#website\",\"url\":\"https:\/\/airrent.ge\/\",\"name\":\"airrent.ge\",\"description\":\"Rental Services\",\"publisher\":{\"@id\":\"https:\/\/airrent.ge\/#organization\"},\"potentialAction\":[{\"@type\":\"SearchAction\",\"target\":{\"@type\":\"EntryPoint\",\"urlTemplate\":\"https:\/\/airrent.ge\/?s={search_term_string}\"},\"query-input\":{\"@type\":\"PropertyValueSpecification\",\"valueRequired\":true,\"valueName\":\"search_term_string\"}}],\"inLanguage\":\"az\"},{\"@type\":\"Organization\",\"@id\":\"https:\/\/airrent.ge\/#organization\",\"name\":\"airrent.ge\",\"url\":\"https:\/\/airrent.ge\/\",\"logo\":{\"@type\":\"ImageObject\",\"inLanguage\":\"az\",\"@id\":\"https:\/\/airrent.ge\/#\/schema\/logo\/image\/\",\"url\":\"https:\/\/airrent.ge\/wp-content\/uploads\/2026\/03\/airrent.png\",\"contentUrl\":\"https:\/\/airrent.ge\/wp-content\/uploads\/2026\/03\/airrent.png\",\"width\":1536,\"height\":1024,\"caption\":\"airrent.ge\"},\"image\":{\"@id\":\"https:\/\/airrent.ge\/#\/schema\/logo\/image\/\"}}]}<\/script>\n<!-- \/ Yoast SEO plugin. -->","yoast_head_json":{"title":"Dair\u0259vi Akustik Panell\u0259r ALPHAcoustic \u2013 KIKLOS - AirRent.ge","robots":{"index":"index","follow":"follow","max-snippet":"max-snippet:-1","max-image-preview":"max-image-preview:large","max-video-preview":"max-video-preview:-1"},"canonical":"https:\/\/airrent.ge\/az\/product\/circular-acoustic-panels-alphacoustic-kiklos\/","og_locale":"az_AZ","og_type":"article","og_title":"Dair\u0259vi Akustik Panell\u0259r ALPHAcoustic \u2013 KIKLOS - AirRent.ge","og_description":"Kesiti D\u00fczbucaql\u0131  ALPHAcoustic \u2013 Kiklos.Ortho, s\u0259s spektri boyunca y\u00fcks\u0259k s\u0259s udulmas\u0131na nail olmaq \u00fc\u00e7\u00fcn x\u00fcsusi olaraq haz\u0131rlanm\u0131\u015f, ayd\u0131n d\u00fczbucaql\u0131 k\u0259sikli (Dor stili) x\u00fcsusi dizayn edilmi\u015f dair\u0259vi s\u0259s uducu panell\u0259rdir.  Bu d\u0259yirmi akustik \u00e7\u0259r\u00e7iv\u0259l\u0259r \u015f\u0259xsi i\u015f yerinizi t\u0259kc\u0259 vizual olaraq deyil, h\u0259m d\u0259 akustik c\u0259h\u0259td\u0259n t\u0259kmill\u0259\u015fdir\u0259 bil\u0259r, z\u0259hl\u0259t\u00f6k\u0259n s\u0259s \u0259ksikliyini azalda bil\u0259r.  Onlar asanl\u0131qla m\u0259kan\u0131n dizayn\u0131na v\u0259 memarl\u0131q akustikas\u0131na uy\u011funla\u015fd\u0131r\u0131la bil\u0259r.  Kateqoriya: Akustik Panell\u0259r  Kesiti \u018fyri  ALPHAcoustic \u2013 Kiklos.Tondo \u0259yri en k\u0259siyi olan dair\u0259vi s\u0259s uducu panell\u0259rdir.  Elmi ara\u015fd\u0131rmalarla s\u00fcbut edilmi\u015fdir ki, \u0259yri cisiml\u0259r insan beyninin m\u00fcsb\u0259t emosiyalarla \u0259laq\u0259li hiss\u0259l\u0259rini aktivl\u0259\u015fdirir.  Onlar s\u0259s spektri boyunca y\u00fcks\u0259k s\u0259s udulmas\u0131na nail olmaq \u00fc\u00e7\u00fcn x\u00fcsusi olaraq haz\u0131rlanm\u0131\u015fd\u0131r. Onlar \u015f\u0259xsi m\u0259kan\u0131n\u0131z\u0131 v\u0259 i\u015f yerinizi t\u0259kc\u0259 vizual olaraq deyil, h\u0259m d\u0259 akustik c\u0259h\u0259td\u0259n t\u0259kmill\u0259\u015fdir\u0259 bil\u0259r, z\u0259hl\u0259t\u00f6k\u0259n s\u0259s \u0259ksikliyini azalda bil\u0259r.  \u018fsas x\u00fcsusiyy\u0259tl\u0259r:  - Z\u0259rif \u0259yri dizayn. -Rahatl\u0131q, t\u0259hl\u00fck\u0259sizlik, yax\u0131nl\u0131q v\u0259 rahatl\u0131q yayan harmonik \u0259yril\u0259r. -Onlar m\u0259kan\u0131n akustik v\u0259 estetik t\u0259kmill\u0259\u015fdirilm\u0259sini t\u0259klif edirl\u0259r.  Kateqoriya: Akustik Panell\u0259r","og_url":"https:\/\/airrent.ge\/az\/product\/circular-acoustic-panels-alphacoustic-kiklos\/","og_site_name":"AirRent.ge","article_modified_time":"2025-02-23T19:03:35+00:00","og_image":[{"width":1333,"height":1000,"url":"https:\/\/airrent.ge\/wp-content\/uploads\/2025\/02\/alphacoustic-kiklos-ortho-en-scaled-e1593184209747.jpg","type":"image\/jpeg"}],"twitter_card":"summary_large_image","schema":{"@context":"https:\/\/schema.org","@graph":[{"@type":"WebPage","@id":"https:\/\/airrent.ge\/az\/product\/circular-acoustic-panels-alphacoustic-kiklos\/","url":"https:\/\/airrent.ge\/az\/product\/circular-acoustic-panels-alphacoustic-kiklos\/","name":"Dair\u0259vi Akustik Panell\u0259r ALPHAcoustic \u2013 KIKLOS - AirRent.ge","isPartOf":{"@id":"https:\/\/airrent.ge\/#website"},"primaryImageOfPage":{"@id":"https:\/\/airrent.ge\/az\/product\/circular-acoustic-panels-alphacoustic-kiklos\/#primaryimage"},"image":{"@id":"https:\/\/airrent.ge\/az\/product\/circular-acoustic-panels-alphacoustic-kiklos\/#primaryimage"},"thumbnailUrl":"https:\/\/airrent.ge\/wp-content\/uploads\/2025\/02\/alphacoustic-kiklos-ortho-en-scaled-e1593184209747.jpg","datePublished":"2025-02-23T19:01:48+00:00","dateModified":"2025-02-23T19:03:35+00:00","breadcrumb":{"@id":"https:\/\/airrent.ge\/az\/product\/circular-acoustic-panels-alphacoustic-kiklos\/#breadcrumb"},"inLanguage":"az","potentialAction":[{"@type":"ReadAction","target":["https:\/\/airrent.ge\/az\/product\/circular-acoustic-panels-alphacoustic-kiklos\/"]}]},{"@type":"ImageObject","inLanguage":"az","@id":"https:\/\/airrent.ge\/az\/product\/circular-acoustic-panels-alphacoustic-kiklos\/#primaryimage","url":"https:\/\/airrent.ge\/wp-content\/uploads\/2025\/02\/alphacoustic-kiklos-ortho-en-scaled-e1593184209747.jpg","contentUrl":"https:\/\/airrent.ge\/wp-content\/uploads\/2025\/02\/alphacoustic-kiklos-ortho-en-scaled-e1593184209747.jpg","width":1333,"height":1000},{"@type":"BreadcrumbList","@id":"https:\/\/airrent.ge\/az\/product\/circular-acoustic-panels-alphacoustic-kiklos\/#breadcrumb","itemListElement":[{"@type":"ListItem","position":1,"name":"Home","item":"https:\/\/airrent.ge\/az\/home\/"},{"@type":"ListItem","position":2,"name":"M\u0259hsullar","item":"https:\/\/airrent.ge\/az\/products\/"},{"@type":"ListItem","position":3,"name":"Dair\u0259vi Akustik Panell\u0259r ALPHAcoustic \u2013 KIKLOS"}]},{"@type":"WebSite","@id":"https:\/\/airrent.ge\/#website","url":"https:\/\/airrent.ge\/","name":"airrent.ge","description":"Rental Services","publisher":{"@id":"https:\/\/airrent.ge\/#organization"},"potentialAction":[{"@type":"SearchAction","target":{"@type":"EntryPoint","urlTemplate":"https:\/\/airrent.ge\/?s={search_term_string}"},"query-input":{"@type":"PropertyValueSpecification","valueRequired":true,"valueName":"search_term_string"}}],"inLanguage":"az"},{"@type":"Organization","@id":"https:\/\/airrent.ge\/#organization","name":"airrent.ge","url":"https:\/\/airrent.ge\/","logo":{"@type":"ImageObject","inLanguage":"az","@id":"https:\/\/airrent.ge\/#\/schema\/logo\/image\/","url":"https:\/\/airrent.ge\/wp-content\/uploads\/2026\/03\/airrent.png","contentUrl":"https:\/\/airrent.ge\/wp-content\/uploads\/2026\/03\/airrent.png","width":1536,"height":1024,"caption":"airrent.ge"},"image":{"@id":"https:\/\/airrent.ge\/#\/schema\/logo\/image\/"}}]}},"_links":{"self":[{"href":"https:\/\/airrent.ge\/az\/wp-json\/wp\/v2\/product\/24023","targetHints":{"allow":["GET"]}}],"collection":[{"href":"https:\/\/airrent.ge\/az\/wp-json\/wp\/v2\/product"}],"about":[{"href":"https:\/\/airrent.ge\/az\/wp-json\/wp\/v2\/types\/product"}],"wp:featuredmedia":[{"embeddable":true,"href":"https:\/\/airrent.ge\/az\/wp-json\/wp\/v2\/media\/24029"}],"wp:attachment":[{"href":"https:\/\/airrent.ge\/az\/wp-json\/wp\/v2\/media?parent=24023"}],"wp:term":[{"taxonomy":"product_brand","embeddable":true,"href":"https:\/\/airrent.ge\/az\/wp-json\/wp\/v2\/product_brand?post=24023"},{"taxonomy":"product_cat","embeddable":true,"href":"https:\/\/airrent.ge\/az\/wp-json\/wp\/v2\/product_cat?post=24023"},{"taxonomy":"product_tag","embeddable":true,"href":"https:\/\/airrent.ge\/az\/wp-json\/wp\/v2\/product_tag?post=24023"}],"curies":[{"name":"wp","href":"https:\/\/api.w.org\/{rel}","templated":true}]}}