{"id":24236,"date":"2025-02-23T23:29:06","date_gmt":"2025-02-23T19:29:06","guid":{"rendered":"https:\/\/airsystems.ge\/shop\/product\/sound-absorbing-curtains-alphacoustic-acu-reverb\/"},"modified":"2025-02-23T23:31:31","modified_gmt":"2025-02-23T19:31:31","slug":"sound-absorbing-curtains-alphacoustic-acu-reverb","status":"publish","type":"product","link":"https:\/\/airrent.ge\/az\/product\/sound-absorbing-curtains-alphacoustic-acu-reverb\/","title":{"rendered":"S\u0259s Ed\u0259n P\u0259rd\u0259l\u0259r ALPHAcoustic \u2013 ACu. Reverb"},"content":{"rendered":"","protected":false},"excerpt":{"rendered":"<p>ALPHAcoustic-ACu. Reverb, ilk n\u00f6vb\u0259d\u0259 standart dekorativ p\u0259rd\u0259l\u0259r\u0259 nisb\u0259t\u0259n daha \u00e7ox s\u0259si udmaq \u00fc\u00e7\u00fcn n\u0259z\u0259rd\u0259 tutulmu\u015f yeni s\u0259s uducu p\u0259rd\u0259l\u0259r seriyas\u0131d\u0131r. \u018fsas se\u00e7im akustik par\u00e7an\u0131n bir qat\u0131d\u0131r. Layih\u0259niz \u00fc\u00e7\u00fcn d\u00fczg\u00fcn kombinasiyalar\u0131 se\u00e7m\u0259k \u00fc\u00e7\u00fcn geni\u015f par\u00e7a toxumas\u0131 v\u0259 r\u0259ngl\u0259ri var. S\u0259sin udulmas\u0131n\u0131n artmas\u0131 \u00fc\u00e7\u00fcn y\u00fcks\u0259k t\u0259l\u0259bl\u0259r olduqda, akustik p\u0259rd\u0259l\u0259r g\u00f6r\u00fcnm\u0259y\u0259n aral\u0131q \u0259lav\u0259 s\u0259s uducu material il\u0259 ikiqat par\u00e7adan haz\u0131rlana bil\u0259r.<\/p>\n<p>Kateqoriya: Akustik p\u0259rd\u0259l\u0259r<\/p>\n","protected":false},"featured_media":24171,"template":"","meta":[],"product_brand":[],"product_cat":[804,942,931],"product_tag":[],"class_list":{"0":"post-24236","1":"product","2":"type-product","3":"status-publish","4":"has-post-thumbnail","6":"product_cat-akustika-ss-kuy-v-vibrasiyaya-nzart","7":"product_cat-akustik-prdlr-az","8":"product_cat-architectural-acoustic-az","10":"first","11":"instock","12":"shipping-taxable","13":"product-type-simple"},"yoast_head":"<!-- This site is optimized with the Yoast SEO plugin v27.1.1 - https:\/\/yoast.com\/product\/yoast-seo-wordpress\/ -->\n<title>S\u0259s Ed\u0259n P\u0259rd\u0259l\u0259r ALPHAcoustic \u2013 ACu. Reverb - AirRent.ge<\/title>\n<meta name=\"robots\" content=\"index, follow, max-snippet:-1, max-image-preview:large, max-video-preview:-1\" \/>\n<link rel=\"canonical\" href=\"https:\/\/airrent.ge\/az\/product\/sound-absorbing-curtains-alphacoustic-acu-reverb\/\" \/>\n<meta property=\"og:locale\" content=\"az_AZ\" \/>\n<meta property=\"og:type\" content=\"article\" \/>\n<meta property=\"og:title\" content=\"S\u0259s Ed\u0259n P\u0259rd\u0259l\u0259r ALPHAcoustic \u2013 ACu. Reverb - AirRent.ge\" \/>\n<meta property=\"og:description\" content=\"ALPHAcoustic-ACu. Reverb, ilk n\u00f6vb\u0259d\u0259 standart dekorativ p\u0259rd\u0259l\u0259r\u0259 nisb\u0259t\u0259n daha \u00e7ox s\u0259si udmaq \u00fc\u00e7\u00fcn n\u0259z\u0259rd\u0259 tutulmu\u015f yeni s\u0259s uducu p\u0259rd\u0259l\u0259r seriyas\u0131d\u0131r. \u018fsas se\u00e7im akustik par\u00e7an\u0131n bir qat\u0131d\u0131r. Layih\u0259niz \u00fc\u00e7\u00fcn d\u00fczg\u00fcn kombinasiyalar\u0131 se\u00e7m\u0259k \u00fc\u00e7\u00fcn geni\u015f par\u00e7a toxumas\u0131 v\u0259 r\u0259ngl\u0259ri var. S\u0259sin udulmas\u0131n\u0131n artmas\u0131 \u00fc\u00e7\u00fcn y\u00fcks\u0259k t\u0259l\u0259bl\u0259r olduqda, akustik p\u0259rd\u0259l\u0259r g\u00f6r\u00fcnm\u0259y\u0259n aral\u0131q \u0259lav\u0259 s\u0259s uducu material il\u0259 ikiqat par\u00e7adan haz\u0131rlana bil\u0259r.  Kateqoriya: Akustik p\u0259rd\u0259l\u0259r\" \/>\n<meta property=\"og:url\" content=\"https:\/\/airrent.ge\/az\/product\/sound-absorbing-curtains-alphacoustic-acu-reverb\/\" \/>\n<meta property=\"og:site_name\" content=\"AirRent.ge\" \/>\n<meta property=\"article:modified_time\" content=\"2025-02-23T19:31:31+00:00\" \/>\n<meta property=\"og:image\" content=\"https:\/\/airrent.ge\/wp-content\/uploads\/2025\/02\/Acu-Reverb-Project-800x800.png\" \/>\n\t<meta property=\"og:image:width\" content=\"800\" \/>\n\t<meta property=\"og:image:height\" content=\"800\" \/>\n\t<meta property=\"og:image:type\" content=\"image\/png\" \/>\n<meta name=\"twitter:card\" content=\"summary_large_image\" \/>\n<script type=\"application\/ld+json\" class=\"yoast-schema-graph\">{\"@context\":\"https:\/\/schema.org\",\"@graph\":[{\"@type\":\"WebPage\",\"@id\":\"https:\/\/airrent.ge\/az\/product\/sound-absorbing-curtains-alphacoustic-acu-reverb\/\",\"url\":\"https:\/\/airrent.ge\/az\/product\/sound-absorbing-curtains-alphacoustic-acu-reverb\/\",\"name\":\"S\u0259s Ed\u0259n P\u0259rd\u0259l\u0259r ALPHAcoustic \u2013 ACu. Reverb - AirRent.ge\",\"isPartOf\":{\"@id\":\"https:\/\/airrent.ge\/#website\"},\"primaryImageOfPage\":{\"@id\":\"https:\/\/airrent.ge\/az\/product\/sound-absorbing-curtains-alphacoustic-acu-reverb\/#primaryimage\"},\"image\":{\"@id\":\"https:\/\/airrent.ge\/az\/product\/sound-absorbing-curtains-alphacoustic-acu-reverb\/#primaryimage\"},\"thumbnailUrl\":\"https:\/\/airrent.ge\/wp-content\/uploads\/2025\/02\/Acu-Reverb-Project.png\",\"datePublished\":\"2025-02-23T19:29:06+00:00\",\"dateModified\":\"2025-02-23T19:31:31+00:00\",\"breadcrumb\":{\"@id\":\"https:\/\/airrent.ge\/az\/product\/sound-absorbing-curtains-alphacoustic-acu-reverb\/#breadcrumb\"},\"inLanguage\":\"az\",\"potentialAction\":[{\"@type\":\"ReadAction\",\"target\":[\"https:\/\/airrent.ge\/az\/product\/sound-absorbing-curtains-alphacoustic-acu-reverb\/\"]}]},{\"@type\":\"ImageObject\",\"inLanguage\":\"az\",\"@id\":\"https:\/\/airrent.ge\/az\/product\/sound-absorbing-curtains-alphacoustic-acu-reverb\/#primaryimage\",\"url\":\"https:\/\/airrent.ge\/wp-content\/uploads\/2025\/02\/Acu-Reverb-Project.png\",\"contentUrl\":\"https:\/\/airrent.ge\/wp-content\/uploads\/2025\/02\/Acu-Reverb-Project.png\",\"width\":2448,\"height\":2448},{\"@type\":\"BreadcrumbList\",\"@id\":\"https:\/\/airrent.ge\/az\/product\/sound-absorbing-curtains-alphacoustic-acu-reverb\/#breadcrumb\",\"itemListElement\":[{\"@type\":\"ListItem\",\"position\":1,\"name\":\"Home\",\"item\":\"https:\/\/airrent.ge\/az\/home\/\"},{\"@type\":\"ListItem\",\"position\":2,\"name\":\"M\u0259hsullar\",\"item\":\"https:\/\/airrent.ge\/az\/products\/\"},{\"@type\":\"ListItem\",\"position\":3,\"name\":\"S\u0259s Ed\u0259n P\u0259rd\u0259l\u0259r ALPHAcoustic \u2013 ACu. Reverb\"}]},{\"@type\":\"WebSite\",\"@id\":\"https:\/\/airrent.ge\/#website\",\"url\":\"https:\/\/airrent.ge\/\",\"name\":\"airrent.ge\",\"description\":\"Rental Services\",\"publisher\":{\"@id\":\"https:\/\/airrent.ge\/#organization\"},\"potentialAction\":[{\"@type\":\"SearchAction\",\"target\":{\"@type\":\"EntryPoint\",\"urlTemplate\":\"https:\/\/airrent.ge\/?s={search_term_string}\"},\"query-input\":{\"@type\":\"PropertyValueSpecification\",\"valueRequired\":true,\"valueName\":\"search_term_string\"}}],\"inLanguage\":\"az\"},{\"@type\":\"Organization\",\"@id\":\"https:\/\/airrent.ge\/#organization\",\"name\":\"airrent.ge\",\"url\":\"https:\/\/airrent.ge\/\",\"logo\":{\"@type\":\"ImageObject\",\"inLanguage\":\"az\",\"@id\":\"https:\/\/airrent.ge\/#\/schema\/logo\/image\/\",\"url\":\"https:\/\/airrent.ge\/wp-content\/uploads\/2026\/03\/airrent.png\",\"contentUrl\":\"https:\/\/airrent.ge\/wp-content\/uploads\/2026\/03\/airrent.png\",\"width\":1536,\"height\":1024,\"caption\":\"airrent.ge\"},\"image\":{\"@id\":\"https:\/\/airrent.ge\/#\/schema\/logo\/image\/\"}}]}<\/script>\n<!-- \/ Yoast SEO plugin. -->","yoast_head_json":{"title":"S\u0259s Ed\u0259n P\u0259rd\u0259l\u0259r ALPHAcoustic \u2013 ACu. Reverb - AirRent.ge","robots":{"index":"index","follow":"follow","max-snippet":"max-snippet:-1","max-image-preview":"max-image-preview:large","max-video-preview":"max-video-preview:-1"},"canonical":"https:\/\/airrent.ge\/az\/product\/sound-absorbing-curtains-alphacoustic-acu-reverb\/","og_locale":"az_AZ","og_type":"article","og_title":"S\u0259s Ed\u0259n P\u0259rd\u0259l\u0259r ALPHAcoustic \u2013 ACu. Reverb - AirRent.ge","og_description":"ALPHAcoustic-ACu. Reverb, ilk n\u00f6vb\u0259d\u0259 standart dekorativ p\u0259rd\u0259l\u0259r\u0259 nisb\u0259t\u0259n daha \u00e7ox s\u0259si udmaq \u00fc\u00e7\u00fcn n\u0259z\u0259rd\u0259 tutulmu\u015f yeni s\u0259s uducu p\u0259rd\u0259l\u0259r seriyas\u0131d\u0131r. \u018fsas se\u00e7im akustik par\u00e7an\u0131n bir qat\u0131d\u0131r. Layih\u0259niz \u00fc\u00e7\u00fcn d\u00fczg\u00fcn kombinasiyalar\u0131 se\u00e7m\u0259k \u00fc\u00e7\u00fcn geni\u015f par\u00e7a toxumas\u0131 v\u0259 r\u0259ngl\u0259ri var. S\u0259sin udulmas\u0131n\u0131n artmas\u0131 \u00fc\u00e7\u00fcn y\u00fcks\u0259k t\u0259l\u0259bl\u0259r olduqda, akustik p\u0259rd\u0259l\u0259r g\u00f6r\u00fcnm\u0259y\u0259n aral\u0131q \u0259lav\u0259 s\u0259s uducu material il\u0259 ikiqat par\u00e7adan haz\u0131rlana bil\u0259r.  Kateqoriya: Akustik p\u0259rd\u0259l\u0259r","og_url":"https:\/\/airrent.ge\/az\/product\/sound-absorbing-curtains-alphacoustic-acu-reverb\/","og_site_name":"AirRent.ge","article_modified_time":"2025-02-23T19:31:31+00:00","og_image":[{"width":800,"height":800,"url":"https:\/\/airrent.ge\/wp-content\/uploads\/2025\/02\/Acu-Reverb-Project-800x800.png","type":"image\/png"}],"twitter_card":"summary_large_image","schema":{"@context":"https:\/\/schema.org","@graph":[{"@type":"WebPage","@id":"https:\/\/airrent.ge\/az\/product\/sound-absorbing-curtains-alphacoustic-acu-reverb\/","url":"https:\/\/airrent.ge\/az\/product\/sound-absorbing-curtains-alphacoustic-acu-reverb\/","name":"S\u0259s Ed\u0259n P\u0259rd\u0259l\u0259r ALPHAcoustic \u2013 ACu. Reverb - AirRent.ge","isPartOf":{"@id":"https:\/\/airrent.ge\/#website"},"primaryImageOfPage":{"@id":"https:\/\/airrent.ge\/az\/product\/sound-absorbing-curtains-alphacoustic-acu-reverb\/#primaryimage"},"image":{"@id":"https:\/\/airrent.ge\/az\/product\/sound-absorbing-curtains-alphacoustic-acu-reverb\/#primaryimage"},"thumbnailUrl":"https:\/\/airrent.ge\/wp-content\/uploads\/2025\/02\/Acu-Reverb-Project.png","datePublished":"2025-02-23T19:29:06+00:00","dateModified":"2025-02-23T19:31:31+00:00","breadcrumb":{"@id":"https:\/\/airrent.ge\/az\/product\/sound-absorbing-curtains-alphacoustic-acu-reverb\/#breadcrumb"},"inLanguage":"az","potentialAction":[{"@type":"ReadAction","target":["https:\/\/airrent.ge\/az\/product\/sound-absorbing-curtains-alphacoustic-acu-reverb\/"]}]},{"@type":"ImageObject","inLanguage":"az","@id":"https:\/\/airrent.ge\/az\/product\/sound-absorbing-curtains-alphacoustic-acu-reverb\/#primaryimage","url":"https:\/\/airrent.ge\/wp-content\/uploads\/2025\/02\/Acu-Reverb-Project.png","contentUrl":"https:\/\/airrent.ge\/wp-content\/uploads\/2025\/02\/Acu-Reverb-Project.png","width":2448,"height":2448},{"@type":"BreadcrumbList","@id":"https:\/\/airrent.ge\/az\/product\/sound-absorbing-curtains-alphacoustic-acu-reverb\/#breadcrumb","itemListElement":[{"@type":"ListItem","position":1,"name":"Home","item":"https:\/\/airrent.ge\/az\/home\/"},{"@type":"ListItem","position":2,"name":"M\u0259hsullar","item":"https:\/\/airrent.ge\/az\/products\/"},{"@type":"ListItem","position":3,"name":"S\u0259s Ed\u0259n P\u0259rd\u0259l\u0259r ALPHAcoustic \u2013 ACu. Reverb"}]},{"@type":"WebSite","@id":"https:\/\/airrent.ge\/#website","url":"https:\/\/airrent.ge\/","name":"airrent.ge","description":"Rental Services","publisher":{"@id":"https:\/\/airrent.ge\/#organization"},"potentialAction":[{"@type":"SearchAction","target":{"@type":"EntryPoint","urlTemplate":"https:\/\/airrent.ge\/?s={search_term_string}"},"query-input":{"@type":"PropertyValueSpecification","valueRequired":true,"valueName":"search_term_string"}}],"inLanguage":"az"},{"@type":"Organization","@id":"https:\/\/airrent.ge\/#organization","name":"airrent.ge","url":"https:\/\/airrent.ge\/","logo":{"@type":"ImageObject","inLanguage":"az","@id":"https:\/\/airrent.ge\/#\/schema\/logo\/image\/","url":"https:\/\/airrent.ge\/wp-content\/uploads\/2026\/03\/airrent.png","contentUrl":"https:\/\/airrent.ge\/wp-content\/uploads\/2026\/03\/airrent.png","width":1536,"height":1024,"caption":"airrent.ge"},"image":{"@id":"https:\/\/airrent.ge\/#\/schema\/logo\/image\/"}}]}},"_links":{"self":[{"href":"https:\/\/airrent.ge\/az\/wp-json\/wp\/v2\/product\/24236","targetHints":{"allow":["GET"]}}],"collection":[{"href":"https:\/\/airrent.ge\/az\/wp-json\/wp\/v2\/product"}],"about":[{"href":"https:\/\/airrent.ge\/az\/wp-json\/wp\/v2\/types\/product"}],"wp:featuredmedia":[{"embeddable":true,"href":"https:\/\/airrent.ge\/az\/wp-json\/wp\/v2\/media\/24171"}],"wp:attachment":[{"href":"https:\/\/airrent.ge\/az\/wp-json\/wp\/v2\/media?parent=24236"}],"wp:term":[{"taxonomy":"product_brand","embeddable":true,"href":"https:\/\/airrent.ge\/az\/wp-json\/wp\/v2\/product_brand?post=24236"},{"taxonomy":"product_cat","embeddable":true,"href":"https:\/\/airrent.ge\/az\/wp-json\/wp\/v2\/product_cat?post=24236"},{"taxonomy":"product_tag","embeddable":true,"href":"https:\/\/airrent.ge\/az\/wp-json\/wp\/v2\/product_tag?post=24236"}],"curies":[{"name":"wp","href":"https:\/\/api.w.org\/{rel}","templated":true}]}}