{"id":24869,"date":"2025-02-26T12:29:45","date_gmt":"2025-02-26T08:29:45","guid":{"rendered":"https:\/\/airsystems.ge\/shop\/product\/ph-measuring-device-bw10\/"},"modified":"2025-02-26T12:39:40","modified_gmt":"2025-02-26T08:39:40","slug":"ph-measuring-device-bw10","status":"publish","type":"product","link":"https:\/\/airrent.ge\/az\/product\/ph-measuring-device-bw10\/","title":{"rendered":"pH \u00f6l\u00e7m\u0259 cihaz\u0131 BW10"},"content":{"rendered":"<table id=\"t065e3da265e54a\" class=\"tech\" cellspacing=\"0\" cellpadding=\"0\">\n<thead>\n<tr class=\"titlerow\">\n<th class=\"color titlerow-dropdown rotate-225deg\" colspan=\"3\">Technical data<\/th>\n<\/tr>\n<\/thead>\n<tbody>\n<tr class=\"headerrow\">\n<th colspan=\"3\">General information<\/th>\n<\/tr>\n<tr class=\"odd\">\n<th width=\"30%\">Article number<\/th>\n<td width=\"40%\">3.510.205.810<\/td>\n<\/tr>\n<tr class=\"headerrow\">\n<th colspan=\"3\">pH value<\/th>\n<\/tr>\n<tr class=\"odd\">\n<th width=\"30%\">Min. measuring range [pH]<\/th>\n<td width=\"40%\">0<\/td>\n<\/tr>\n<tr class=\"even\">\n<th width=\"30%\">Max. measuring range [pH]<\/th>\n<td width=\"40%\">14<\/td>\n<\/tr>\n<tr class=\"odd\">\n<th width=\"30%\">Resolution [pH]<\/th>\n<td width=\"40%\">0.01<\/td>\n<\/tr>\n<tr class=\"even\">\n<th width=\"30%\">Accuracy \u00b1 | pH liquid analysis<\/th>\n<td width=\"40%\">\u00b10.02 pH<\/td>\n<\/tr>\n<tr class=\"headerrow\">\n<th colspan=\"3\">Temperature [\u00b0C]<\/th>\n<\/tr>\n<tr class=\"odd\">\n<th width=\"30%\">Min. measuring range [\u00b0C]<\/th>\n<td width=\"40%\">0<\/td>\n<\/tr>\n<tr class=\"even\">\n<th width=\"30%\">Max. measuring range [\u00b0C]<\/th>\n<td width=\"40%\">50<\/td>\n<\/tr>\n<tr class=\"odd\">\n<th width=\"30%\">Resolution [\u00b0C]<\/th>\n<td width=\"40%\">0.1<\/td>\n<\/tr>\n<tr class=\"even\">\n<th width=\"30%\">Accuracy \u00b1 | Temperature [\u00b0C]<\/th>\n<td width=\"40%\">\u00b10.2<\/td>\n<\/tr>\n<tr class=\"headerrow\">\n<th colspan=\"3\">Temperature [\u00b0F]<\/th>\n<\/tr>\n<tr class=\"odd\">\n<th width=\"30%\">Min. measuring range [\u00b0F]<\/th>\n<td width=\"40%\">32<\/td>\n<\/tr>\n<tr class=\"even\">\n<th width=\"30%\">Max. measuring range [\u00b0F]<\/th>\n<td width=\"40%\">122<\/td>\n<\/tr>\n<tr class=\"odd\">\n<th width=\"30%\">Resolution [\u00b0F]<\/th>\n<td width=\"40%\">1<\/td>\n<\/tr>\n<tr class=\"even\">\n<th width=\"30%\">Accuracy \u00b1 | Temperature [\u00b0F]<\/th>\n<td width=\"40%\">\u00b12<\/td>\n<\/tr>\n<tr class=\"headerrow\">\n<th colspan=\"3\">Display<\/th>\n<\/tr>\n<tr class=\"odd\">\n<th width=\"30%\">LCD<\/th>\n<td width=\"40%\"><\/td>\n<\/tr>\n<tr class=\"headerrow\">\n<th colspan=\"3\">Device control<\/th>\n<\/tr>\n<tr class=\"odd\">\n<th width=\"30%\">Membrane keyboard<\/th>\n<td width=\"40%\"><\/td>\n<\/tr>\n<tr class=\"headerrow\">\n<th colspan=\"3\">Housing design<\/th>\n<\/tr>\n<tr class=\"odd\">\n<th width=\"30%\">Plastics<\/th>\n<td width=\"40%\"><\/td>\n<\/tr>\n<tr class=\"headerrow\">\n<th colspan=\"3\">Type of protection<\/th>\n<\/tr>\n<tr class=\"odd\">\n<th width=\"30%\">IP65<\/th>\n<td width=\"40%\"><\/td>\n<\/tr>\n<tr class=\"headerrow\">\n<th colspan=\"3\">Power supply<\/th>\n<\/tr>\n<tr class=\"odd\">\n<th width=\"30%\">Battery type<\/th>\n<td width=\"40%\">4\u00a0x 1.5\u00a0V, LR44<\/td>\n<\/tr>\n<tr class=\"headerrow\">\n<th colspan=\"3\">Ambient conditions<\/th>\n<\/tr>\n<tr class=\"odd\">\n<th width=\"30%\">Operation &#8211; min. temperature [\u00b0C]<\/th>\n<td width=\"40%\">0<\/td>\n<\/tr>\n<tr class=\"even\">\n<th width=\"30%\">Operation &#8211; max. temperature [\u00b0C]<\/th>\n<td width=\"40%\">50<\/td>\n<\/tr>\n<tr class=\"odd\">\n<th width=\"30%\">Operation &#8211; max. relative humidity [% RH]<\/th>\n<td width=\"40%\">85<\/td>\n<\/tr>\n<tr class=\"even\">\n<th width=\"30%\">Storage &#8211; min. temperature [\u00b0C]<\/th>\n<td width=\"40%\">10<\/td>\n<\/tr>\n<tr class=\"odd\">\n<th width=\"30%\">Storage &#8211; max. temperature [\u00b0C]<\/th>\n<td width=\"40%\">25<\/td>\n<\/tr>\n<tr class=\"even\">\n<th width=\"30%\">Storage &#8211; max. relative humidity (non-condensing) [%]<\/th>\n<td width=\"40%\">65<\/td>\n<\/tr>\n<tr class=\"headerrow\">\n<th colspan=\"3\">Dimensions<\/th>\n<\/tr>\n<tr class=\"odd\">\n<th width=\"30%\">Length (packaging excluded) [mm]<\/th>\n<td width=\"40%\">188<\/td>\n<\/tr>\n<tr class=\"even\">\n<th width=\"30%\">Width (packaging excluded) [mm]<\/th>\n<td width=\"40%\">38<\/td>\n<\/tr>\n<tr class=\"odd\">\n<th width=\"30%\">Height (packaging excluded) [mm]<\/th>\n<td width=\"40%\">38<\/td>\n<\/tr>\n<tr class=\"headerrow\">\n<th colspan=\"3\">Weight<\/th>\n<\/tr>\n<tr class=\"odd\">\n<th width=\"30%\">(packaging excluded) [kg]<\/th>\n<td width=\"40%\">0.083<\/td>\n<\/tr>\n<\/tbody>\n<\/table>\n<table id=\"t165e3da265e54a\" class=\"tech\" cellspacing=\"0\" cellpadding=\"0\">\n<thead>\n<tr class=\"titlerow\">\n<th class=\"color titlerow-dropdown rotate-225deg\" colspan=\"3\">Standard scope of delivery<\/th>\n<\/tr>\n<\/thead>\n<tbody>\n<tr class=\"headerrow\">\n<th colspan=\"3\">Standard scope of delivery<\/th>\n<\/tr>\n<tr class=\"odd\">\n<th width=\"30%\">Measuring device<\/th>\n<td width=\"40%\"><\/td>\n<\/tr>\n<tr class=\"even\">\n<th width=\"30%\">pH buffer solution set (4.01\/7.00\/10.01)<\/th>\n<td width=\"40%\"><\/td>\n<\/tr>\n<tr class=\"odd\">\n<th width=\"30%\">Operating manual<\/th>\n<td width=\"40%\"><\/td>\n<\/tr>\n<\/tbody>\n<\/table>\n<table id=\"t265e3da265e54a\" class=\"tech\" cellspacing=\"0\" cellpadding=\"0\">\n<thead>\n<tr class=\"titlerow\">\n<th class=\"color titlerow-dropdown rotate-225deg\" colspan=\"3\">Ascertainable measured values and functions<\/th>\n<\/tr>\n<\/thead>\n<tbody>\n<tr class=\"headerrow\">\n<th colspan=\"3\">Internal sensors<\/th>\n<\/tr>\n<tr class=\"odd\">\n<th width=\"30%\">pH value<\/th>\n<td width=\"40%\"><\/td>\n<\/tr>\n<tr class=\"even\">\n<th width=\"30%\">Water temperature<\/th>\n<td width=\"40%\"><\/td>\n<\/tr>\n<tr class=\"headerrow\">\n<th colspan=\"3\">Functions and features<\/th>\n<\/tr>\n<tr class=\"odd\">\n<th width=\"30%\">Measured value hold function<\/th>\n<td width=\"40%\"><\/td>\n<\/tr>\n<tr class=\"even\">\n<th width=\"30%\">Switching function \u00b0C\/\u00b0F<\/th>\n<td width=\"40%\"><\/td>\n<\/tr>\n<tr class=\"odd\">\n<th width=\"30%\">Automatic switch-off<\/th>\n<td width=\"40%\"><\/td>\n<\/tr>\n<tr class=\"even\">\n<th width=\"30%\">Exchangeable pH electrode<\/th>\n<td width=\"40%\"><\/td>\n<\/tr>\n<tr class=\"odd\">\n<th width=\"30%\">Dual display of pH value and water temperature<\/th>\n<td width=\"40%\"><\/td>\n<\/tr>\n<tr class=\"even\">\n<th width=\"30%\">Automatic temperature compensation<\/th>\n<td width=\"40%\"><\/td>\n<\/tr>\n<tr class=\"odd\">\n<th width=\"30%\">Auto calibration function for pH 4.01\/7.00\/10.01<\/th>\n<td width=\"40%\"><\/td>\n<\/tr>\n<\/tbody>\n<\/table>\n<div class=\"legendtext\">\n<p class=\"bodytext\">\u00a0standard equipment<\/p>\n<p class=\"bodytext\">\u00a0optionally available<\/p>\n<p class=\"bodytext\">\u00a0not available<\/p>\n<p>&nbsp;<\/p>\n<\/div>\n","protected":false},"excerpt":{"rendered":"<p>Tur\u015fudan q\u0259l\u0259viy\u0259 q\u0259d\u0259r m\u0259hlullar\u0131n pH d\u0259y\u0259rini d\u0259qiq m\u00fc\u0259yy\u0259nl\u0259\u015fdirir<\/p>\n<p>Bir \u00e7ox sah\u0259d\u0259 t\u0259tbiq oluna bil\u0259r<br \/>\nY\u0131\u011fcam, cib \u00f6l\u00e7\u00fcs\u00fcnd\u0259 pH \u00f6l\u00e7m\u0259 cihaz\u0131 BW10 hovuz sahibl\u0259ri \u00fc\u00e7\u00fcn oldu\u011fu kimi akvarium v\u0259 bitki h\u0259v\u0259skarlar\u0131 \u00fc\u00e7\u00fcn d\u0259 uy\u011fundur. Lakin BW10 h\u0259m d\u0259 pe\u015f\u0259kar sektorda t\u0259tbiql\u0259r \u00fc\u00e7\u00fcn etibarl\u0131 yolda\u015f edir, m\u0259s\u0259l\u0259n. qida v\u0259 i\u00e7ki s\u0259nayesind\u0259 keyfiyy\u0259t yoxlamalar\u0131 v\u0259 ya suyun keyfiyy\u0259tinin tez v\u0259 etibarl\u0131 qiym\u0259tl\u0259ndirilm\u0259si \u00fc\u00e7\u00fcn pH d\u0259y\u0259rl\u0259rinin \u00f6l\u00e7\u00fclm\u0259si.<\/p>\n<p>Son ill\u0259rd\u0259 t\u0259bii g\u00f6lm\u0259\u00e7\u0259l\u0259r getdikc\u0259 populyarla\u015f\u0131r. Bir qayda olaraq, onlar ekoloji tarazl\u0131q v\u0259ziyy\u0259tind\u0259dirl\u0259r v\u0259 kimy\u0259vi \u0259lav\u0259l\u0259r olmadan ed\u0259 bil\u0259rl\u0259r. Bununla bel\u0259, m\u00fcnt\u0259z\u0259m olaraq pH d\u0259y\u0259rini yoxlamaqla arzuolunmaz s\u00fcrprizl\u0259rd\u0259n qa\u00e7\u0131nmaq olar. Ya\u011f\u0131\u015f v\u0259 ya kran suyu il\u0259 doldurulmas\u0131 h\u0259mi\u015f\u0259 pH d\u0259y\u0259rinin asidik (pH &lt; 7) v\u0259 ya q\u0259l\u0259vi (pH &gt; 7) diapazonuna s\u00fcr\u00fc\u015fm\u0259sin\u0259 s\u0259b\u0259b ola bil\u0259r. Bal\u0131qlar \u00fc\u00e7\u00fcn tolerantl\u0131q diapazonu pH 6,5 il\u0259 8,5 aras\u0131ndad\u0131r. \u0130deal olaraq g\u00f6lm\u0259\u00e7\u0259 suyunun pH d\u0259y\u0259ri t\u0259qrib\u0259n olmal\u0131d\u0131r. pH 7 (neytral) v\u0259 m\u00fcmk\u00fcn q\u0259d\u0259r sabit qal\u0131n.<\/p>\n<p>Lakin \u00fczg\u00fc\u00e7\u00fcl\u00fck hovuzlar\u0131nda, x\u00fcsus\u0259n d\u0259 a\u00e7\u0131q havada olduqda d\u00fczg\u00fcn pH d\u0259y\u0259rini m\u00fc\u015fahid\u0259 etm\u0259k v\u0259 bel\u0259likl\u0259, m\u00fcnt\u0259z\u0259m olaraq n\u0259zar\u0259t etm\u0259k d\u0259 vacibdir. Su h\u0259ddind\u0259n art\u0131q tur\u015fu v\u0259 ya q\u0259l\u0259vi olarsa, bu, yaln\u0131z \u00e7im\u0259nl\u0259r\u0259 m\u0259nfi t\u0259sir g\u00f6st\u0259rmir (g\u00f6zl\u0259ri sancmaq, qa\u015f\u0131nma). Bundan \u0259lav\u0259, hovuzda istifad\u0259 olunan materiallar\u0131n davaml\u0131l\u0131\u011f\u0131na (korroziya, \u0259h\u0259ngli materiallar\u0131n par\u00e7alanmas\u0131, m\u0259sam\u0259lilik v\u0259 s.) v\u0259 \u0259lav\u0259 edil\u0259n dezinfeksiyaedici madd\u0259l\u0259rin effektivliyin\u0259 t\u0259sir g\u00f6st\u0259rir.<\/p>\n","protected":false},"featured_media":24864,"template":"","meta":[],"product_brand":[],"product_cat":[820,1006,817],"product_tag":[],"class_list":{"0":"post-24869","1":"product","2":"type-product","3":"status-publish","4":"has-post-thumbnail","6":"product_cat-olcm-texnologiyasi-cihazlari-altlri-az","7":"product_cat-ph-analizi-su-az-maye","8":"product_cat-trotec-az","10":"first","11":"instock","12":"shipping-taxable","13":"purchasable","14":"product-type-simple"},"yoast_head":"<!-- This site is optimized with the Yoast SEO plugin v27.1.1 - https:\/\/yoast.com\/product\/yoast-seo-wordpress\/ -->\n<title>pH \u00f6l\u00e7m\u0259 cihaz\u0131 BW10 - AirRent.ge<\/title>\n<meta name=\"robots\" content=\"index, follow, max-snippet:-1, max-image-preview:large, max-video-preview:-1\" \/>\n<link rel=\"canonical\" href=\"https:\/\/airrent.ge\/az\/product\/ph-measuring-device-bw10\/\" \/>\n<meta property=\"og:locale\" content=\"az_AZ\" \/>\n<meta property=\"og:type\" content=\"article\" \/>\n<meta property=\"og:title\" content=\"pH \u00f6l\u00e7m\u0259 cihaz\u0131 BW10 - AirRent.ge\" \/>\n<meta property=\"og:description\" content=\"Tur\u015fudan q\u0259l\u0259viy\u0259 q\u0259d\u0259r m\u0259hlullar\u0131n pH d\u0259y\u0259rini d\u0259qiq m\u00fc\u0259yy\u0259nl\u0259\u015fdirir  Bir \u00e7ox sah\u0259d\u0259 t\u0259tbiq oluna bil\u0259r Y\u0131\u011fcam, cib \u00f6l\u00e7\u00fcs\u00fcnd\u0259 pH \u00f6l\u00e7m\u0259 cihaz\u0131 BW10 hovuz sahibl\u0259ri \u00fc\u00e7\u00fcn oldu\u011fu kimi akvarium v\u0259 bitki h\u0259v\u0259skarlar\u0131 \u00fc\u00e7\u00fcn d\u0259 uy\u011fundur. Lakin BW10 h\u0259m d\u0259 pe\u015f\u0259kar sektorda t\u0259tbiql\u0259r \u00fc\u00e7\u00fcn etibarl\u0131 yolda\u015f edir, m\u0259s\u0259l\u0259n. qida v\u0259 i\u00e7ki s\u0259nayesind\u0259 keyfiyy\u0259t yoxlamalar\u0131 v\u0259 ya suyun keyfiyy\u0259tinin tez v\u0259 etibarl\u0131 qiym\u0259tl\u0259ndirilm\u0259si \u00fc\u00e7\u00fcn pH d\u0259y\u0259rl\u0259rinin \u00f6l\u00e7\u00fclm\u0259si.  Son ill\u0259rd\u0259 t\u0259bii g\u00f6lm\u0259\u00e7\u0259l\u0259r getdikc\u0259 populyarla\u015f\u0131r. Bir qayda olaraq, onlar ekoloji tarazl\u0131q v\u0259ziyy\u0259tind\u0259dirl\u0259r v\u0259 kimy\u0259vi \u0259lav\u0259l\u0259r olmadan ed\u0259 bil\u0259rl\u0259r. Bununla bel\u0259, m\u00fcnt\u0259z\u0259m olaraq pH d\u0259y\u0259rini yoxlamaqla arzuolunmaz s\u00fcrprizl\u0259rd\u0259n qa\u00e7\u0131nmaq olar. Ya\u011f\u0131\u015f v\u0259 ya kran suyu il\u0259 doldurulmas\u0131 h\u0259mi\u015f\u0259 pH d\u0259y\u0259rinin asidik (pH &lt; 7) v\u0259 ya q\u0259l\u0259vi (pH &gt; 7) diapazonuna s\u00fcr\u00fc\u015fm\u0259sin\u0259 s\u0259b\u0259b ola bil\u0259r. Bal\u0131qlar \u00fc\u00e7\u00fcn tolerantl\u0131q diapazonu pH 6,5 il\u0259 8,5 aras\u0131ndad\u0131r. \u0130deal olaraq g\u00f6lm\u0259\u00e7\u0259 suyunun pH d\u0259y\u0259ri t\u0259qrib\u0259n olmal\u0131d\u0131r. pH 7 (neytral) v\u0259 m\u00fcmk\u00fcn q\u0259d\u0259r sabit qal\u0131n.  Lakin \u00fczg\u00fc\u00e7\u00fcl\u00fck hovuzlar\u0131nda, x\u00fcsus\u0259n d\u0259 a\u00e7\u0131q havada olduqda d\u00fczg\u00fcn pH d\u0259y\u0259rini m\u00fc\u015fahid\u0259 etm\u0259k v\u0259 bel\u0259likl\u0259, m\u00fcnt\u0259z\u0259m olaraq n\u0259zar\u0259t etm\u0259k d\u0259 vacibdir. Su h\u0259ddind\u0259n art\u0131q tur\u015fu v\u0259 ya q\u0259l\u0259vi olarsa, bu, yaln\u0131z \u00e7im\u0259nl\u0259r\u0259 m\u0259nfi t\u0259sir g\u00f6st\u0259rmir (g\u00f6zl\u0259ri sancmaq, qa\u015f\u0131nma). Bundan \u0259lav\u0259, hovuzda istifad\u0259 olunan materiallar\u0131n davaml\u0131l\u0131\u011f\u0131na (korroziya, \u0259h\u0259ngli materiallar\u0131n par\u00e7alanmas\u0131, m\u0259sam\u0259lilik v\u0259 s.) v\u0259 \u0259lav\u0259 edil\u0259n dezinfeksiyaedici madd\u0259l\u0259rin effektivliyin\u0259 t\u0259sir g\u00f6st\u0259rir.\" \/>\n<meta property=\"og:url\" content=\"https:\/\/airrent.ge\/az\/product\/ph-measuring-device-bw10\/\" \/>\n<meta property=\"og:site_name\" content=\"AirRent.ge\" \/>\n<meta property=\"article:modified_time\" content=\"2025-02-26T08:39:40+00:00\" \/>\n<meta property=\"og:image\" content=\"https:\/\/airrent.ge\/wp-content\/uploads\/2025\/02\/bw10-f50d.jpg\" \/>\n\t<meta property=\"og:image:width\" content=\"600\" \/>\n\t<meta property=\"og:image:height\" content=\"600\" \/>\n\t<meta property=\"og:image:type\" content=\"image\/jpeg\" \/>\n<meta name=\"twitter:card\" content=\"summary_large_image\" \/>\n<meta name=\"twitter:label1\" content=\"Est. reading time\" \/>\n\t<meta name=\"twitter:data1\" content=\"1 minute\" \/>\n<script type=\"application\/ld+json\" class=\"yoast-schema-graph\">{\"@context\":\"https:\/\/schema.org\",\"@graph\":[{\"@type\":\"WebPage\",\"@id\":\"https:\/\/airrent.ge\/az\/product\/ph-measuring-device-bw10\/\",\"url\":\"https:\/\/airrent.ge\/az\/product\/ph-measuring-device-bw10\/\",\"name\":\"pH \u00f6l\u00e7m\u0259 cihaz\u0131 BW10 - AirRent.ge\",\"isPartOf\":{\"@id\":\"https:\/\/airrent.ge\/#website\"},\"primaryImageOfPage\":{\"@id\":\"https:\/\/airrent.ge\/az\/product\/ph-measuring-device-bw10\/#primaryimage\"},\"image\":{\"@id\":\"https:\/\/airrent.ge\/az\/product\/ph-measuring-device-bw10\/#primaryimage\"},\"thumbnailUrl\":\"https:\/\/airrent.ge\/wp-content\/uploads\/2025\/02\/bw10-f50d.jpg\",\"datePublished\":\"2025-02-26T08:29:45+00:00\",\"dateModified\":\"2025-02-26T08:39:40+00:00\",\"breadcrumb\":{\"@id\":\"https:\/\/airrent.ge\/az\/product\/ph-measuring-device-bw10\/#breadcrumb\"},\"inLanguage\":\"az\",\"potentialAction\":[{\"@type\":\"ReadAction\",\"target\":[\"https:\/\/airrent.ge\/az\/product\/ph-measuring-device-bw10\/\"]}]},{\"@type\":\"ImageObject\",\"inLanguage\":\"az\",\"@id\":\"https:\/\/airrent.ge\/az\/product\/ph-measuring-device-bw10\/#primaryimage\",\"url\":\"https:\/\/airrent.ge\/wp-content\/uploads\/2025\/02\/bw10-f50d.jpg\",\"contentUrl\":\"https:\/\/airrent.ge\/wp-content\/uploads\/2025\/02\/bw10-f50d.jpg\",\"width\":600,\"height\":600},{\"@type\":\"BreadcrumbList\",\"@id\":\"https:\/\/airrent.ge\/az\/product\/ph-measuring-device-bw10\/#breadcrumb\",\"itemListElement\":[{\"@type\":\"ListItem\",\"position\":1,\"name\":\"Home\",\"item\":\"https:\/\/airrent.ge\/az\/home\/\"},{\"@type\":\"ListItem\",\"position\":2,\"name\":\"M\u0259hsullar\",\"item\":\"https:\/\/airrent.ge\/az\/products\/\"},{\"@type\":\"ListItem\",\"position\":3,\"name\":\"pH \u00f6l\u00e7m\u0259 cihaz\u0131 BW10\"}]},{\"@type\":\"WebSite\",\"@id\":\"https:\/\/airrent.ge\/#website\",\"url\":\"https:\/\/airrent.ge\/\",\"name\":\"airrent.ge\",\"description\":\"Rental Services\",\"publisher\":{\"@id\":\"https:\/\/airrent.ge\/#organization\"},\"potentialAction\":[{\"@type\":\"SearchAction\",\"target\":{\"@type\":\"EntryPoint\",\"urlTemplate\":\"https:\/\/airrent.ge\/?s={search_term_string}\"},\"query-input\":{\"@type\":\"PropertyValueSpecification\",\"valueRequired\":true,\"valueName\":\"search_term_string\"}}],\"inLanguage\":\"az\"},{\"@type\":\"Organization\",\"@id\":\"https:\/\/airrent.ge\/#organization\",\"name\":\"airrent.ge\",\"url\":\"https:\/\/airrent.ge\/\",\"logo\":{\"@type\":\"ImageObject\",\"inLanguage\":\"az\",\"@id\":\"https:\/\/airrent.ge\/#\/schema\/logo\/image\/\",\"url\":\"https:\/\/airrent.ge\/wp-content\/uploads\/2026\/03\/airrent.png\",\"contentUrl\":\"https:\/\/airrent.ge\/wp-content\/uploads\/2026\/03\/airrent.png\",\"width\":1536,\"height\":1024,\"caption\":\"airrent.ge\"},\"image\":{\"@id\":\"https:\/\/airrent.ge\/#\/schema\/logo\/image\/\"}}]}<\/script>\n<!-- \/ Yoast SEO plugin. -->","yoast_head_json":{"title":"pH \u00f6l\u00e7m\u0259 cihaz\u0131 BW10 - AirRent.ge","robots":{"index":"index","follow":"follow","max-snippet":"max-snippet:-1","max-image-preview":"max-image-preview:large","max-video-preview":"max-video-preview:-1"},"canonical":"https:\/\/airrent.ge\/az\/product\/ph-measuring-device-bw10\/","og_locale":"az_AZ","og_type":"article","og_title":"pH \u00f6l\u00e7m\u0259 cihaz\u0131 BW10 - AirRent.ge","og_description":"Tur\u015fudan q\u0259l\u0259viy\u0259 q\u0259d\u0259r m\u0259hlullar\u0131n pH d\u0259y\u0259rini d\u0259qiq m\u00fc\u0259yy\u0259nl\u0259\u015fdirir  Bir \u00e7ox sah\u0259d\u0259 t\u0259tbiq oluna bil\u0259r Y\u0131\u011fcam, cib \u00f6l\u00e7\u00fcs\u00fcnd\u0259 pH \u00f6l\u00e7m\u0259 cihaz\u0131 BW10 hovuz sahibl\u0259ri \u00fc\u00e7\u00fcn oldu\u011fu kimi akvarium v\u0259 bitki h\u0259v\u0259skarlar\u0131 \u00fc\u00e7\u00fcn d\u0259 uy\u011fundur. Lakin BW10 h\u0259m d\u0259 pe\u015f\u0259kar sektorda t\u0259tbiql\u0259r \u00fc\u00e7\u00fcn etibarl\u0131 yolda\u015f edir, m\u0259s\u0259l\u0259n. qida v\u0259 i\u00e7ki s\u0259nayesind\u0259 keyfiyy\u0259t yoxlamalar\u0131 v\u0259 ya suyun keyfiyy\u0259tinin tez v\u0259 etibarl\u0131 qiym\u0259tl\u0259ndirilm\u0259si \u00fc\u00e7\u00fcn pH d\u0259y\u0259rl\u0259rinin \u00f6l\u00e7\u00fclm\u0259si.  Son ill\u0259rd\u0259 t\u0259bii g\u00f6lm\u0259\u00e7\u0259l\u0259r getdikc\u0259 populyarla\u015f\u0131r. Bir qayda olaraq, onlar ekoloji tarazl\u0131q v\u0259ziyy\u0259tind\u0259dirl\u0259r v\u0259 kimy\u0259vi \u0259lav\u0259l\u0259r olmadan ed\u0259 bil\u0259rl\u0259r. Bununla bel\u0259, m\u00fcnt\u0259z\u0259m olaraq pH d\u0259y\u0259rini yoxlamaqla arzuolunmaz s\u00fcrprizl\u0259rd\u0259n qa\u00e7\u0131nmaq olar. Ya\u011f\u0131\u015f v\u0259 ya kran suyu il\u0259 doldurulmas\u0131 h\u0259mi\u015f\u0259 pH d\u0259y\u0259rinin asidik (pH &lt; 7) v\u0259 ya q\u0259l\u0259vi (pH &gt; 7) diapazonuna s\u00fcr\u00fc\u015fm\u0259sin\u0259 s\u0259b\u0259b ola bil\u0259r. Bal\u0131qlar \u00fc\u00e7\u00fcn tolerantl\u0131q diapazonu pH 6,5 il\u0259 8,5 aras\u0131ndad\u0131r. \u0130deal olaraq g\u00f6lm\u0259\u00e7\u0259 suyunun pH d\u0259y\u0259ri t\u0259qrib\u0259n olmal\u0131d\u0131r. pH 7 (neytral) v\u0259 m\u00fcmk\u00fcn q\u0259d\u0259r sabit qal\u0131n.  Lakin \u00fczg\u00fc\u00e7\u00fcl\u00fck hovuzlar\u0131nda, x\u00fcsus\u0259n d\u0259 a\u00e7\u0131q havada olduqda d\u00fczg\u00fcn pH d\u0259y\u0259rini m\u00fc\u015fahid\u0259 etm\u0259k v\u0259 bel\u0259likl\u0259, m\u00fcnt\u0259z\u0259m olaraq n\u0259zar\u0259t etm\u0259k d\u0259 vacibdir. Su h\u0259ddind\u0259n art\u0131q tur\u015fu v\u0259 ya q\u0259l\u0259vi olarsa, bu, yaln\u0131z \u00e7im\u0259nl\u0259r\u0259 m\u0259nfi t\u0259sir g\u00f6st\u0259rmir (g\u00f6zl\u0259ri sancmaq, qa\u015f\u0131nma). Bundan \u0259lav\u0259, hovuzda istifad\u0259 olunan materiallar\u0131n davaml\u0131l\u0131\u011f\u0131na (korroziya, \u0259h\u0259ngli materiallar\u0131n par\u00e7alanmas\u0131, m\u0259sam\u0259lilik v\u0259 s.) v\u0259 \u0259lav\u0259 edil\u0259n dezinfeksiyaedici madd\u0259l\u0259rin effektivliyin\u0259 t\u0259sir g\u00f6st\u0259rir.","og_url":"https:\/\/airrent.ge\/az\/product\/ph-measuring-device-bw10\/","og_site_name":"AirRent.ge","article_modified_time":"2025-02-26T08:39:40+00:00","og_image":[{"width":600,"height":600,"url":"https:\/\/airrent.ge\/wp-content\/uploads\/2025\/02\/bw10-f50d.jpg","type":"image\/jpeg"}],"twitter_card":"summary_large_image","twitter_misc":{"Est. reading time":"1 minute"},"schema":{"@context":"https:\/\/schema.org","@graph":[{"@type":"WebPage","@id":"https:\/\/airrent.ge\/az\/product\/ph-measuring-device-bw10\/","url":"https:\/\/airrent.ge\/az\/product\/ph-measuring-device-bw10\/","name":"pH \u00f6l\u00e7m\u0259 cihaz\u0131 BW10 - AirRent.ge","isPartOf":{"@id":"https:\/\/airrent.ge\/#website"},"primaryImageOfPage":{"@id":"https:\/\/airrent.ge\/az\/product\/ph-measuring-device-bw10\/#primaryimage"},"image":{"@id":"https:\/\/airrent.ge\/az\/product\/ph-measuring-device-bw10\/#primaryimage"},"thumbnailUrl":"https:\/\/airrent.ge\/wp-content\/uploads\/2025\/02\/bw10-f50d.jpg","datePublished":"2025-02-26T08:29:45+00:00","dateModified":"2025-02-26T08:39:40+00:00","breadcrumb":{"@id":"https:\/\/airrent.ge\/az\/product\/ph-measuring-device-bw10\/#breadcrumb"},"inLanguage":"az","potentialAction":[{"@type":"ReadAction","target":["https:\/\/airrent.ge\/az\/product\/ph-measuring-device-bw10\/"]}]},{"@type":"ImageObject","inLanguage":"az","@id":"https:\/\/airrent.ge\/az\/product\/ph-measuring-device-bw10\/#primaryimage","url":"https:\/\/airrent.ge\/wp-content\/uploads\/2025\/02\/bw10-f50d.jpg","contentUrl":"https:\/\/airrent.ge\/wp-content\/uploads\/2025\/02\/bw10-f50d.jpg","width":600,"height":600},{"@type":"BreadcrumbList","@id":"https:\/\/airrent.ge\/az\/product\/ph-measuring-device-bw10\/#breadcrumb","itemListElement":[{"@type":"ListItem","position":1,"name":"Home","item":"https:\/\/airrent.ge\/az\/home\/"},{"@type":"ListItem","position":2,"name":"M\u0259hsullar","item":"https:\/\/airrent.ge\/az\/products\/"},{"@type":"ListItem","position":3,"name":"pH \u00f6l\u00e7m\u0259 cihaz\u0131 BW10"}]},{"@type":"WebSite","@id":"https:\/\/airrent.ge\/#website","url":"https:\/\/airrent.ge\/","name":"airrent.ge","description":"Rental Services","publisher":{"@id":"https:\/\/airrent.ge\/#organization"},"potentialAction":[{"@type":"SearchAction","target":{"@type":"EntryPoint","urlTemplate":"https:\/\/airrent.ge\/?s={search_term_string}"},"query-input":{"@type":"PropertyValueSpecification","valueRequired":true,"valueName":"search_term_string"}}],"inLanguage":"az"},{"@type":"Organization","@id":"https:\/\/airrent.ge\/#organization","name":"airrent.ge","url":"https:\/\/airrent.ge\/","logo":{"@type":"ImageObject","inLanguage":"az","@id":"https:\/\/airrent.ge\/#\/schema\/logo\/image\/","url":"https:\/\/airrent.ge\/wp-content\/uploads\/2026\/03\/airrent.png","contentUrl":"https:\/\/airrent.ge\/wp-content\/uploads\/2026\/03\/airrent.png","width":1536,"height":1024,"caption":"airrent.ge"},"image":{"@id":"https:\/\/airrent.ge\/#\/schema\/logo\/image\/"}}]}},"_links":{"self":[{"href":"https:\/\/airrent.ge\/az\/wp-json\/wp\/v2\/product\/24869","targetHints":{"allow":["GET"]}}],"collection":[{"href":"https:\/\/airrent.ge\/az\/wp-json\/wp\/v2\/product"}],"about":[{"href":"https:\/\/airrent.ge\/az\/wp-json\/wp\/v2\/types\/product"}],"wp:featuredmedia":[{"embeddable":true,"href":"https:\/\/airrent.ge\/az\/wp-json\/wp\/v2\/media\/24864"}],"wp:attachment":[{"href":"https:\/\/airrent.ge\/az\/wp-json\/wp\/v2\/media?parent=24869"}],"wp:term":[{"taxonomy":"product_brand","embeddable":true,"href":"https:\/\/airrent.ge\/az\/wp-json\/wp\/v2\/product_brand?post=24869"},{"taxonomy":"product_cat","embeddable":true,"href":"https:\/\/airrent.ge\/az\/wp-json\/wp\/v2\/product_cat?post=24869"},{"taxonomy":"product_tag","embeddable":true,"href":"https:\/\/airrent.ge\/az\/wp-json\/wp\/v2\/product_tag?post=24869"}],"curies":[{"name":"wp","href":"https:\/\/api.w.org\/{rel}","templated":true}]}}