{"id":27670,"date":"2024-01-25T22:30:51","date_gmt":"2024-01-25T18:30:51","guid":{"rendered":"https:\/\/airsystems.ge\/shop\/product\/heylo-staubstop-3000-6000-dust-extraction\/"},"modified":"2025-04-05T23:07:07","modified_gmt":"2025-04-05T19:07:07","slug":"heylo-staubstop-3000-6000-dust-extraction","status":"publish","type":"product","link":"https:\/\/airrent.ge\/az\/product\/heylo-staubstop-3000-6000-dust-extraction\/","title":{"rendered":"Heylo StaubStop 3000-6000 \u2013 toz \u00e7\u0131xarma"},"content":{"rendered":"<section class=\"max-w-[1088px] mx-auto w-full px-5 my-10 md:my-12 lg:my-16 xl:my-20 xl:px-0\" data-block=\"bullet-list\">\n<div class=\"md:text-center\">\n<h3 class=\"text-black font-bold text-lg md:text-xl lg:text-2xl\">\u018fsas x\u00fcsusiyy\u0259tl\u0259r<\/h3>\n<\/div>\n<div class=\"mt-6 md:mt-10\">\n<div class=\"flex flex-wrap\">\n<div class=\"w-full md:w-1\/2 auto-bullets md:pr-16\">\n<ul>\n<li class=\"text-sm md:text-base text-black mt-3 flex items-start\">\n<div class=\"pl-5\">Kobud v\u0259 inc\u0259 toz filtrl\u0259ri toz hiss\u0259cikl\u0259rini tez v\u0259 etibarl\u0131 \u015f\u0259kild\u0259 toplay\u0131r<br \/>\nY\u00fcks\u0259k hava ax\u0131n\u0131<br \/>\nToz, kir, boya duman\u0131 birba\u015fa \u00e7\u0131xar\u0131l\u0131r<br \/>\nS\u00fcr\u0259tl\u0259 da\u015f\u0131n\u0131b<br \/>\nHava kanal\u0131n\u0131 birl\u0259\u015fdir\u0259r\u0259k m\u0259qs\u0259dy\u00f6nl\u00fc \u00e7\u0131xarma m\u00fcmk\u00fcnd\u00fcr<\/div>\n<\/li>\n<\/ul>\n<\/div>\n<\/div>\n<\/div>\n<\/section>\n<section class=\"max-w-[1088px] mx-auto w-full px-5 my-10 md:my-12 lg:my-16 xl:my-20 xl:px-0\" data-block=\"product-specifications\">\n<div class=\"md:text-center\">\n<h3 class=\"text-black font-bold text-lg md:text-xl lg:text-2xl\"><strong>Product specifications<\/strong><\/h3>\n<\/div>\n<div class=\"mt-6 md:mt-10\">\n<div class=\"lg:flex flex-wrap\">\n<div class=\"lg:mr-10 relative z-[1]\">\n<ul class=\"hidden lg:block\">\n<li>\n<h4 class=\"font-bold\">Select model:<\/h4>\n<\/li>\n<li class=\"mt-2\">StaubStop 3000<\/li>\n<\/ul>\n<div data-mount=\"ProductSpecs\"><\/div>\n<\/div>\n<div class=\"lg:mt-0 md:mt-6 lg:flex-1\">\n<div id=\"spec-staubstop-3000\" class=\"prose max-w-full md:overflow-auto\" data-spec-content=\"\">\n<div class=\"spreadsheet-container hidden md:block\">\n<table class=\"w-full table-fixed mb-0\">\n<thead>\n<tr>\n<th class=\"font-bold text-base\"><span class=\"block px-4\">Specifications<\/span><\/th>\n<th class=\"font-bold text-base text-center\"><span class=\"block px-10 md:px-20\">Units<\/span><\/th>\n<th class=\"font-bold text-base text-center will-change\"><span class=\"block px-4\">StaubStop\u00a03000<\/span><\/th>\n<\/tr>\n<\/thead>\n<tbody>\n<tr class=\"bg-grey-200\/50 p-2\">\n<td colspan=\"1\"><span class=\"block px-4\">Fan air flow rate max.<\/span><\/td>\n<td class=\"text-center\">\n<div class=\"px-10 md:px-20 flex items-center justify-center\">m\u00b3\/h<\/div>\n<\/td>\n<td class=\"text-center will-change\">\n<div class=\"px-10 md:px-20 flex items-center justify-center\">3,102<\/div>\n<\/td>\n<\/tr>\n<tr class=\" p-2\">\n<td colspan=\"1\"><span class=\"block px-4\">Power supply<\/span><\/td>\n<td class=\"text-center\">\n<div class=\"px-10 md:px-20 flex items-center justify-center\">V\/Hz<\/div>\n<\/td>\n<td class=\"text-center will-change\">\n<div class=\"px-10 md:px-20 flex items-center justify-center\">230\/1ph\/50<\/div>\n<\/td>\n<\/tr>\n<tr class=\"bg-grey-200\/50 p-2\">\n<td colspan=\"1\"><span class=\"block px-4\">Included filter<\/span><\/td>\n<td class=\"text-center\">\n<div class=\"px-10 md:px-20 flex items-center justify-center\"><\/div>\n<\/td>\n<td class=\"text-center will-change\">\n<div class=\"px-10 md:px-20 flex items-center justify-center\">Dust filter set (G4 + F9)<\/div>\n<\/td>\n<\/tr>\n<tr class=\" p-2\">\n<td colspan=\"1\"><span class=\"block px-4\">Sound level @3m<\/span><\/td>\n<td class=\"text-center\">\n<div class=\"px-10 md:px-20 flex items-center justify-center\">dB(A)<\/div>\n<\/td>\n<td class=\"text-center will-change\">\n<div class=\"px-10 md:px-20 flex items-center justify-center\">78<\/div>\n<\/td>\n<\/tr>\n<tr class=\"bg-grey-200\/50 p-2\">\n<td colspan=\"1\"><span class=\"block px-4\">Product size filter housing (l x w x h)<\/span><\/td>\n<td class=\"text-center\">\n<div class=\"px-10 md:px-20 flex items-center justify-center\">mm<\/div>\n<\/td>\n<td class=\"text-center will-change\">\n<div class=\"px-10 md:px-20 flex items-center justify-center\">450 x 430 x 450<\/div>\n<\/td>\n<\/tr>\n<tr class=\" p-2\">\n<td colspan=\"1\"><span class=\"block px-4\">Weight<\/span><\/td>\n<td class=\"text-center\">\n<div class=\"px-10 md:px-20 flex items-center justify-center\">kg<\/div>\n<\/td>\n<td class=\"text-center will-change\">\n<div class=\"px-10 md:px-20 flex items-center justify-center\">29<\/div>\n<\/td>\n<\/tr>\n<\/tbody>\n<\/table>\n<ul>\n<li>StaubStop\u00a06000<\/li>\n<\/ul>\n<\/div>\n<\/div>\n<\/div>\n<\/div>\n<\/div>\n<\/section>\n<section class=\"max-w-[1088px] mx-auto w-full px-5 my-10 md:my-12 lg:my-16 xl:my-20 xl:px-0\" data-block=\"link-list\">\n<div class=\"max-w-[1088px] mx-auto\">\n<div class=\"md:text-center\">\n<div class=\"mt-6 md:mt-10\">\n<div class=\"lg:flex flex-wrap\">\n<div class=\"lg:mt-0 md:mt-6 lg:flex-1\">\n<div id=\"spec-staubstop-6000\" class=\"prose max-w-full md:overflow-auto\" data-spec-content=\"\">\n<div class=\"spreadsheet-container hidden md:block\">\n<div class=\"mt-6 md:mt-10\">\n<div class=\"lg:flex flex-wrap\">\n<div class=\"lg:mt-0 md:mt-6 lg:flex-1\">\n<div id=\"spec-staubstop-6000\" class=\"prose max-w-full md:overflow-auto\" data-spec-content=\"\">\n<div class=\"spreadsheet-container hidden md:block\">\n<table class=\"w-full table-fixed mb-0\">\n<thead>\n<tr>\n<th class=\"font-bold text-base\"><span class=\"block px-4\">Specifications<\/span><\/th>\n<th class=\"font-bold text-base text-center\"><span class=\"block px-10 md:px-20\">Units<\/span><\/th>\n<th class=\"font-bold text-base text-center will-change\"><span class=\"block px-4\">StaubStop\u00a06000<\/span><\/th>\n<\/tr>\n<\/thead>\n<tbody>\n<tr class=\"bg-grey-200\/50 p-2\">\n<td colspan=\"1\"><span class=\"block px-4\">Fan air flow rate max.<\/span><\/td>\n<td class=\"text-center\">\n<div class=\"px-10 md:px-20 flex items-center justify-center\">m\u00b3\/h<\/div>\n<\/td>\n<td class=\"text-center will-change\">\n<div class=\"px-10 md:px-20 flex items-center justify-center\">5,410<\/div>\n<\/td>\n<\/tr>\n<tr class=\" p-2\">\n<td colspan=\"1\"><span class=\"block px-4\">Power supply<\/span><\/td>\n<td class=\"text-center\">\n<div class=\"px-10 md:px-20 flex items-center justify-center\">V\/Hz<\/div>\n<\/td>\n<td class=\"text-center will-change\">\n<div class=\"px-10 md:px-20 flex items-center justify-center\">230\/1ph\/50<\/div>\n<\/td>\n<\/tr>\n<tr class=\"bg-grey-200\/50 p-2\">\n<td colspan=\"1\"><span class=\"block px-4\">Included filter<\/span><\/td>\n<td class=\"text-center\">\n<div class=\"px-10 md:px-20 flex items-center justify-center\"><\/div>\n<\/td>\n<td class=\"text-center will-change\">\n<div class=\"px-10 md:px-20 flex items-center justify-center\">Dust filter set (G4 + F9)<\/div>\n<\/td>\n<\/tr>\n<tr class=\" p-2\">\n<td colspan=\"1\"><span class=\"block px-4\">Sound level @3m<\/span><\/td>\n<td class=\"text-center\">\n<div class=\"px-10 md:px-20 flex items-center justify-center\">dB(A)<\/div>\n<\/td>\n<td class=\"text-center will-change\">\n<div class=\"px-10 md:px-20 flex items-center justify-center\">84<\/div>\n<\/td>\n<\/tr>\n<tr class=\"bg-grey-200\/50 p-2\">\n<td colspan=\"1\"><span class=\"block px-4\">Product size filter housing (l x w x h)<\/span><\/td>\n<td class=\"text-center\">\n<div class=\"px-10 md:px-20 flex items-center justify-center\">mm<\/div>\n<\/td>\n<td class=\"text-center will-change\">\n<div class=\"px-10 md:px-20 flex items-center justify-center\">445 x 640 x 690<\/div>\n<\/td>\n<\/tr>\n<tr class=\" p-2\">\n<td colspan=\"1\"><span class=\"block px-4\">Weight<\/span><\/td>\n<td class=\"text-center\">\n<div class=\"px-10 md:px-20 flex items-center justify-center\">kg<\/div>\n<\/td>\n<td class=\"text-center will-change\">\n<div class=\"px-10 md:px-20 flex items-center justify-center\">45<\/div>\n<\/td>\n<\/tr>\n<\/tbody>\n<\/table>\n<\/div>\n<\/div>\n<\/div>\n<\/div>\n<\/div>\n<\/div>\n<\/div>\n<\/div>\n<\/div>\n<\/div>\n<ul>\n<li class=\"flex items-center gap-5 text-sm text-black mt-3 md:text-base lg:text-lg\"><strong>Uy\u011fundur:<\/strong><\/li>\n<\/ul>\n<\/div>\n<div class=\"mt-6 max-w-4xl mx-auto\">\n<div class=\"flex flex-wrap md:ml-20\">\n<div class=\"w-full md:w-1\/2 auto-bullets md:pr-16\">\n<ul>\n<li class=\"flex items-center gap-5 text-sm text-black mt-3 md:text-base lg:text-lg\">Ticar\u0259t binalar\u0131<br \/>\nTikinti<br \/>\nS\u0259naye, fabrikl\u0259r v\u0259 istehsal<br \/>\n\u0130stirah\u0259t v\u0259 istirah\u0259t<br \/>\n\u0130car\u0259 \u015firk\u0259tl\u0259ri<\/li>\n<\/ul>\n<\/div>\n<\/div>\n<\/div>\n<\/div>\n<\/section>\n","protected":false},"excerpt":{"rendered":"<div class=\"max-w-4xl\">\n<div class=\"text-xl font-bold mt-1 md:mt-2\">Birba\u015fa toz \u00e7\u0131xarma<\/div>\n<\/div>\n<figure><img decoding=\"async\" src=\"https:\/\/dantherm-group-cdn.s3.amazonaws.com\/media\/brands\/DG-Banners-Rebranding-HEYLO-to-MASTER-EN.jpg\" alt=\"\" \/><\/figure>\n<p>Mobil toz \u00e7\u0131xarma &#8211; atelyed\u0259 v\u0259 tikinti sah\u0259sind\u0259 istifad\u0259 \u00fc\u00e7\u00fcn.<\/p>\n<p>StaubStop ehtiva edir: Ventilator PowerVent 3000 v\u0259 ya PowerVent 6000 + filtr korpusu + toz filtri d\u0259sti (G4 + F9)<\/p>\n<p>Tikinti sah\u0259l\u0259rind\u0259 havan\u0131n t\u0259mizl\u0259nm\u0259si standart olacaq: 2014-c\u00fc ilin yaz\u0131nda T\u0259hl\u00fck\u0259li Madd\u0259l\u0259r Komit\u0259si tikinti sah\u0259l\u0259rind\u0259 t\u0259n\u0259ff\u00fcs edil\u0259 bil\u0259n tozlar\u0131n h\u0259ddi 3 mq\/m3-d\u0259n 1,25 mq\/m3-\u0259 endirmi\u015fdir.<\/p>\n<p>Mobil hava filtri StaubStop tikinti sah\u0259l\u0259rind\u0259ki tozu minimuma endirir. Kombinasiya ventilyatordan v\u0259 qaba v\u0259 inc\u0259 toz filtri daxil olmaqla filtr korpusundan ibar\u0259tdir. G\u00fccl\u00fc ventilyator t\u0259mir i\u015fl\u0259ri zaman\u0131 tozun birba\u015fa m\u0259n\u015f\u0259 n\u00f6qt\u0259sind\u0259 \u00e7\u0131xar\u0131lmas\u0131n\u0131 t\u0259min edir. Kombinasiya tez qurulur v\u0259 a\u015fa\u011f\u0131 \u00e7\u0259ki s\u0259b\u0259bind\u0259n da\u015f\u0131nmas\u0131 asand\u0131r.<\/p>\n<p>Laz\u0131m g\u0259l\u0259rs\u0259, h\u0259ddind\u0259n art\u0131q p\u00fcsk\u00fcrtm\u0259ni \u00e7\u0131xarmaq \u00fc\u00e7\u00fcn toz filtri v\u0259 ya iste\u011fe ba\u011fl\u0131 olaraq m\u00fcr\u0259kk\u0259b filtri istifad\u0259 edil\u0259 bil\u0259r. FarbStop 3000-\u0259 n\u0259z\u0259r sal\u0131n.<\/p>\n","protected":false},"featured_media":27647,"template":"","meta":[],"product_brand":[],"product_cat":[812,809],"product_tag":[],"class_list":{"0":"post-27670","1":"product","2":"type-product","3":"status-publish","4":"has-post-thumbnail","6":"product_cat-hava-tmizlyicisi-tmizlm-toz-filtr","7":"product_cat-hava-nmlndiricisi-kondisioner-az-ventilyasiya-ventilyator","9":"first","10":"instock","11":"shipping-taxable","12":"product-type-simple"},"yoast_head":"<!-- This site is optimized with the Yoast SEO plugin v27.1.1 - https:\/\/yoast.com\/product\/yoast-seo-wordpress\/ -->\n<title>Heylo StaubStop 3000-6000 \u2013 toz \u00e7\u0131xarma - AirRent.ge<\/title>\n<meta name=\"robots\" content=\"index, follow, max-snippet:-1, max-image-preview:large, max-video-preview:-1\" \/>\n<link rel=\"canonical\" href=\"https:\/\/airrent.ge\/az\/product\/heylo-staubstop-3000-6000-dust-extraction\/\" \/>\n<meta property=\"og:locale\" content=\"az_AZ\" \/>\n<meta property=\"og:type\" content=\"article\" \/>\n<meta property=\"og:title\" content=\"Heylo StaubStop 3000-6000 \u2013 toz \u00e7\u0131xarma - AirRent.ge\" \/>\n<meta property=\"og:description\" content=\"Birba\u015fa toz \u00e7\u0131xarma   Mobil toz \u00e7\u0131xarma - atelyed\u0259 v\u0259 tikinti sah\u0259sind\u0259 istifad\u0259 \u00fc\u00e7\u00fcn.  StaubStop ehtiva edir: Ventilator PowerVent 3000 v\u0259 ya PowerVent 6000 + filtr korpusu + toz filtri d\u0259sti (G4 + F9)  Tikinti sah\u0259l\u0259rind\u0259 havan\u0131n t\u0259mizl\u0259nm\u0259si standart olacaq: 2014-c\u00fc ilin yaz\u0131nda T\u0259hl\u00fck\u0259li Madd\u0259l\u0259r Komit\u0259si tikinti sah\u0259l\u0259rind\u0259 t\u0259n\u0259ff\u00fcs edil\u0259 bil\u0259n tozlar\u0131n h\u0259ddi 3 mq\/m3-d\u0259n 1,25 mq\/m3-\u0259 endirmi\u015fdir.  Mobil hava filtri StaubStop tikinti sah\u0259l\u0259rind\u0259ki tozu minimuma endirir. Kombinasiya ventilyatordan v\u0259 qaba v\u0259 inc\u0259 toz filtri daxil olmaqla filtr korpusundan ibar\u0259tdir. G\u00fccl\u00fc ventilyator t\u0259mir i\u015fl\u0259ri zaman\u0131 tozun birba\u015fa m\u0259n\u015f\u0259 n\u00f6qt\u0259sind\u0259 \u00e7\u0131xar\u0131lmas\u0131n\u0131 t\u0259min edir. Kombinasiya tez qurulur v\u0259 a\u015fa\u011f\u0131 \u00e7\u0259ki s\u0259b\u0259bind\u0259n da\u015f\u0131nmas\u0131 asand\u0131r.  Laz\u0131m g\u0259l\u0259rs\u0259, h\u0259ddind\u0259n art\u0131q p\u00fcsk\u00fcrtm\u0259ni \u00e7\u0131xarmaq \u00fc\u00e7\u00fcn toz filtri v\u0259 ya iste\u011fe ba\u011fl\u0131 olaraq m\u00fcr\u0259kk\u0259b filtri istifad\u0259 edil\u0259 bil\u0259r. FarbStop 3000-\u0259 n\u0259z\u0259r sal\u0131n.\" \/>\n<meta property=\"og:url\" content=\"https:\/\/airrent.ge\/az\/product\/heylo-staubstop-3000-6000-dust-extraction\/\" \/>\n<meta property=\"og:site_name\" content=\"AirRent.ge\" \/>\n<meta property=\"article:modified_time\" content=\"2025-04-05T19:07:07+00:00\" \/>\n<meta property=\"og:image\" content=\"https:\/\/airrent.ge\/wp-content\/uploads\/2025\/04\/Heylo-Luftreiniger-StaubStop-3000_2022-01-25-090712_eerr.jpg\" \/>\n\t<meta property=\"og:image:width\" content=\"1000\" \/>\n\t<meta property=\"og:image:height\" content=\"1000\" \/>\n\t<meta property=\"og:image:type\" content=\"image\/jpeg\" \/>\n<meta name=\"twitter:card\" content=\"summary_large_image\" \/>\n<meta name=\"twitter:label1\" content=\"Est. reading time\" \/>\n\t<meta name=\"twitter:data1\" content=\"1 minute\" \/>\n<script type=\"application\/ld+json\" class=\"yoast-schema-graph\">{\"@context\":\"https:\/\/schema.org\",\"@graph\":[{\"@type\":\"WebPage\",\"@id\":\"https:\/\/airrent.ge\/az\/product\/heylo-staubstop-3000-6000-dust-extraction\/\",\"url\":\"https:\/\/airrent.ge\/az\/product\/heylo-staubstop-3000-6000-dust-extraction\/\",\"name\":\"Heylo StaubStop 3000-6000 \u2013 toz \u00e7\u0131xarma - AirRent.ge\",\"isPartOf\":{\"@id\":\"https:\/\/airrent.ge\/#website\"},\"primaryImageOfPage\":{\"@id\":\"https:\/\/airrent.ge\/az\/product\/heylo-staubstop-3000-6000-dust-extraction\/#primaryimage\"},\"image\":{\"@id\":\"https:\/\/airrent.ge\/az\/product\/heylo-staubstop-3000-6000-dust-extraction\/#primaryimage\"},\"thumbnailUrl\":\"https:\/\/airrent.ge\/wp-content\/uploads\/2025\/04\/Heylo-Luftreiniger-StaubStop-3000_2022-01-25-090712_eerr.jpg\",\"datePublished\":\"2024-01-25T18:30:51+00:00\",\"dateModified\":\"2025-04-05T19:07:07+00:00\",\"breadcrumb\":{\"@id\":\"https:\/\/airrent.ge\/az\/product\/heylo-staubstop-3000-6000-dust-extraction\/#breadcrumb\"},\"inLanguage\":\"az\",\"potentialAction\":[{\"@type\":\"ReadAction\",\"target\":[\"https:\/\/airrent.ge\/az\/product\/heylo-staubstop-3000-6000-dust-extraction\/\"]}]},{\"@type\":\"ImageObject\",\"inLanguage\":\"az\",\"@id\":\"https:\/\/airrent.ge\/az\/product\/heylo-staubstop-3000-6000-dust-extraction\/#primaryimage\",\"url\":\"https:\/\/airrent.ge\/wp-content\/uploads\/2025\/04\/Heylo-Luftreiniger-StaubStop-3000_2022-01-25-090712_eerr.jpg\",\"contentUrl\":\"https:\/\/airrent.ge\/wp-content\/uploads\/2025\/04\/Heylo-Luftreiniger-StaubStop-3000_2022-01-25-090712_eerr.jpg\",\"width\":1000,\"height\":1000},{\"@type\":\"BreadcrumbList\",\"@id\":\"https:\/\/airrent.ge\/az\/product\/heylo-staubstop-3000-6000-dust-extraction\/#breadcrumb\",\"itemListElement\":[{\"@type\":\"ListItem\",\"position\":1,\"name\":\"Home\",\"item\":\"https:\/\/airrent.ge\/az\/home\/\"},{\"@type\":\"ListItem\",\"position\":2,\"name\":\"M\u0259hsullar\",\"item\":\"https:\/\/airrent.ge\/az\/products\/\"},{\"@type\":\"ListItem\",\"position\":3,\"name\":\"Heylo StaubStop 3000-6000 \u2013 toz \u00e7\u0131xarma\"}]},{\"@type\":\"WebSite\",\"@id\":\"https:\/\/airrent.ge\/#website\",\"url\":\"https:\/\/airrent.ge\/\",\"name\":\"airrent.ge\",\"description\":\"Rental Services\",\"publisher\":{\"@id\":\"https:\/\/airrent.ge\/#organization\"},\"potentialAction\":[{\"@type\":\"SearchAction\",\"target\":{\"@type\":\"EntryPoint\",\"urlTemplate\":\"https:\/\/airrent.ge\/?s={search_term_string}\"},\"query-input\":{\"@type\":\"PropertyValueSpecification\",\"valueRequired\":true,\"valueName\":\"search_term_string\"}}],\"inLanguage\":\"az\"},{\"@type\":\"Organization\",\"@id\":\"https:\/\/airrent.ge\/#organization\",\"name\":\"airrent.ge\",\"url\":\"https:\/\/airrent.ge\/\",\"logo\":{\"@type\":\"ImageObject\",\"inLanguage\":\"az\",\"@id\":\"https:\/\/airrent.ge\/#\/schema\/logo\/image\/\",\"url\":\"https:\/\/airrent.ge\/wp-content\/uploads\/2026\/03\/airrent.png\",\"contentUrl\":\"https:\/\/airrent.ge\/wp-content\/uploads\/2026\/03\/airrent.png\",\"width\":1536,\"height\":1024,\"caption\":\"airrent.ge\"},\"image\":{\"@id\":\"https:\/\/airrent.ge\/#\/schema\/logo\/image\/\"}}]}<\/script>\n<!-- \/ Yoast SEO plugin. -->","yoast_head_json":{"title":"Heylo StaubStop 3000-6000 \u2013 toz \u00e7\u0131xarma - AirRent.ge","robots":{"index":"index","follow":"follow","max-snippet":"max-snippet:-1","max-image-preview":"max-image-preview:large","max-video-preview":"max-video-preview:-1"},"canonical":"https:\/\/airrent.ge\/az\/product\/heylo-staubstop-3000-6000-dust-extraction\/","og_locale":"az_AZ","og_type":"article","og_title":"Heylo StaubStop 3000-6000 \u2013 toz \u00e7\u0131xarma - AirRent.ge","og_description":"Birba\u015fa toz \u00e7\u0131xarma   Mobil toz \u00e7\u0131xarma - atelyed\u0259 v\u0259 tikinti sah\u0259sind\u0259 istifad\u0259 \u00fc\u00e7\u00fcn.  StaubStop ehtiva edir: Ventilator PowerVent 3000 v\u0259 ya PowerVent 6000 + filtr korpusu + toz filtri d\u0259sti (G4 + F9)  Tikinti sah\u0259l\u0259rind\u0259 havan\u0131n t\u0259mizl\u0259nm\u0259si standart olacaq: 2014-c\u00fc ilin yaz\u0131nda T\u0259hl\u00fck\u0259li Madd\u0259l\u0259r Komit\u0259si tikinti sah\u0259l\u0259rind\u0259 t\u0259n\u0259ff\u00fcs edil\u0259 bil\u0259n tozlar\u0131n h\u0259ddi 3 mq\/m3-d\u0259n 1,25 mq\/m3-\u0259 endirmi\u015fdir.  Mobil hava filtri StaubStop tikinti sah\u0259l\u0259rind\u0259ki tozu minimuma endirir. Kombinasiya ventilyatordan v\u0259 qaba v\u0259 inc\u0259 toz filtri daxil olmaqla filtr korpusundan ibar\u0259tdir. G\u00fccl\u00fc ventilyator t\u0259mir i\u015fl\u0259ri zaman\u0131 tozun birba\u015fa m\u0259n\u015f\u0259 n\u00f6qt\u0259sind\u0259 \u00e7\u0131xar\u0131lmas\u0131n\u0131 t\u0259min edir. Kombinasiya tez qurulur v\u0259 a\u015fa\u011f\u0131 \u00e7\u0259ki s\u0259b\u0259bind\u0259n da\u015f\u0131nmas\u0131 asand\u0131r.  Laz\u0131m g\u0259l\u0259rs\u0259, h\u0259ddind\u0259n art\u0131q p\u00fcsk\u00fcrtm\u0259ni \u00e7\u0131xarmaq \u00fc\u00e7\u00fcn toz filtri v\u0259 ya iste\u011fe ba\u011fl\u0131 olaraq m\u00fcr\u0259kk\u0259b filtri istifad\u0259 edil\u0259 bil\u0259r. FarbStop 3000-\u0259 n\u0259z\u0259r sal\u0131n.","og_url":"https:\/\/airrent.ge\/az\/product\/heylo-staubstop-3000-6000-dust-extraction\/","og_site_name":"AirRent.ge","article_modified_time":"2025-04-05T19:07:07+00:00","og_image":[{"width":1000,"height":1000,"url":"https:\/\/airrent.ge\/wp-content\/uploads\/2025\/04\/Heylo-Luftreiniger-StaubStop-3000_2022-01-25-090712_eerr.jpg","type":"image\/jpeg"}],"twitter_card":"summary_large_image","twitter_misc":{"Est. reading time":"1 minute"},"schema":{"@context":"https:\/\/schema.org","@graph":[{"@type":"WebPage","@id":"https:\/\/airrent.ge\/az\/product\/heylo-staubstop-3000-6000-dust-extraction\/","url":"https:\/\/airrent.ge\/az\/product\/heylo-staubstop-3000-6000-dust-extraction\/","name":"Heylo StaubStop 3000-6000 \u2013 toz \u00e7\u0131xarma - AirRent.ge","isPartOf":{"@id":"https:\/\/airrent.ge\/#website"},"primaryImageOfPage":{"@id":"https:\/\/airrent.ge\/az\/product\/heylo-staubstop-3000-6000-dust-extraction\/#primaryimage"},"image":{"@id":"https:\/\/airrent.ge\/az\/product\/heylo-staubstop-3000-6000-dust-extraction\/#primaryimage"},"thumbnailUrl":"https:\/\/airrent.ge\/wp-content\/uploads\/2025\/04\/Heylo-Luftreiniger-StaubStop-3000_2022-01-25-090712_eerr.jpg","datePublished":"2024-01-25T18:30:51+00:00","dateModified":"2025-04-05T19:07:07+00:00","breadcrumb":{"@id":"https:\/\/airrent.ge\/az\/product\/heylo-staubstop-3000-6000-dust-extraction\/#breadcrumb"},"inLanguage":"az","potentialAction":[{"@type":"ReadAction","target":["https:\/\/airrent.ge\/az\/product\/heylo-staubstop-3000-6000-dust-extraction\/"]}]},{"@type":"ImageObject","inLanguage":"az","@id":"https:\/\/airrent.ge\/az\/product\/heylo-staubstop-3000-6000-dust-extraction\/#primaryimage","url":"https:\/\/airrent.ge\/wp-content\/uploads\/2025\/04\/Heylo-Luftreiniger-StaubStop-3000_2022-01-25-090712_eerr.jpg","contentUrl":"https:\/\/airrent.ge\/wp-content\/uploads\/2025\/04\/Heylo-Luftreiniger-StaubStop-3000_2022-01-25-090712_eerr.jpg","width":1000,"height":1000},{"@type":"BreadcrumbList","@id":"https:\/\/airrent.ge\/az\/product\/heylo-staubstop-3000-6000-dust-extraction\/#breadcrumb","itemListElement":[{"@type":"ListItem","position":1,"name":"Home","item":"https:\/\/airrent.ge\/az\/home\/"},{"@type":"ListItem","position":2,"name":"M\u0259hsullar","item":"https:\/\/airrent.ge\/az\/products\/"},{"@type":"ListItem","position":3,"name":"Heylo StaubStop 3000-6000 \u2013 toz \u00e7\u0131xarma"}]},{"@type":"WebSite","@id":"https:\/\/airrent.ge\/#website","url":"https:\/\/airrent.ge\/","name":"airrent.ge","description":"Rental Services","publisher":{"@id":"https:\/\/airrent.ge\/#organization"},"potentialAction":[{"@type":"SearchAction","target":{"@type":"EntryPoint","urlTemplate":"https:\/\/airrent.ge\/?s={search_term_string}"},"query-input":{"@type":"PropertyValueSpecification","valueRequired":true,"valueName":"search_term_string"}}],"inLanguage":"az"},{"@type":"Organization","@id":"https:\/\/airrent.ge\/#organization","name":"airrent.ge","url":"https:\/\/airrent.ge\/","logo":{"@type":"ImageObject","inLanguage":"az","@id":"https:\/\/airrent.ge\/#\/schema\/logo\/image\/","url":"https:\/\/airrent.ge\/wp-content\/uploads\/2026\/03\/airrent.png","contentUrl":"https:\/\/airrent.ge\/wp-content\/uploads\/2026\/03\/airrent.png","width":1536,"height":1024,"caption":"airrent.ge"},"image":{"@id":"https:\/\/airrent.ge\/#\/schema\/logo\/image\/"}}]}},"_links":{"self":[{"href":"https:\/\/airrent.ge\/az\/wp-json\/wp\/v2\/product\/27670","targetHints":{"allow":["GET"]}}],"collection":[{"href":"https:\/\/airrent.ge\/az\/wp-json\/wp\/v2\/product"}],"about":[{"href":"https:\/\/airrent.ge\/az\/wp-json\/wp\/v2\/types\/product"}],"wp:featuredmedia":[{"embeddable":true,"href":"https:\/\/airrent.ge\/az\/wp-json\/wp\/v2\/media\/27647"}],"wp:attachment":[{"href":"https:\/\/airrent.ge\/az\/wp-json\/wp\/v2\/media?parent=27670"}],"wp:term":[{"taxonomy":"product_brand","embeddable":true,"href":"https:\/\/airrent.ge\/az\/wp-json\/wp\/v2\/product_brand?post=27670"},{"taxonomy":"product_cat","embeddable":true,"href":"https:\/\/airrent.ge\/az\/wp-json\/wp\/v2\/product_cat?post=27670"},{"taxonomy":"product_tag","embeddable":true,"href":"https:\/\/airrent.ge\/az\/wp-json\/wp\/v2\/product_tag?post=27670"}],"curies":[{"name":"wp","href":"https:\/\/api.w.org\/{rel}","templated":true}]}}