{"id":27714,"date":"2024-01-25T22:29:07","date_gmt":"2024-01-25T18:29:07","guid":{"rendered":"https:\/\/airsystems.ge\/shop\/product\/heylo-staubstop-3000-plus-dust-extraction\/"},"modified":"2025-04-05T23:25:48","modified_gmt":"2025-04-05T19:25:48","slug":"heylo-staubstop-3000-plus-dust-extraction","status":"publish","type":"product","link":"https:\/\/airrent.ge\/az\/product\/heylo-staubstop-3000-plus-dust-extraction\/","title":{"rendered":"Heylo StaubStop 3000 PLUS \u2013 toz \u00e7\u0131xarma"},"content":{"rendered":"<section class=\"max-w-[1088px] mx-auto w-full px-5 my-10 md:my-12 lg:my-16 xl:my-20 xl:px-0\" data-block=\"bullet-list\">\n<div class=\"md:text-center\">\n<h3 class=\"text-black font-bold text-lg md:text-xl lg:text-2xl\">\u018fsas x\u00fcsusiyy\u0259tl\u0259r<\/h3>\n<\/div>\n<div class=\"mt-6 md:mt-10\">\n<div class=\"flex flex-wrap\">\n<div class=\"w-full md:w-1\/2 auto-bullets md:pr-16\">\n<ul>\n<li class=\"text-sm md:text-base text-black mt-3 flex items-start\">\n<div class=\"pl-5\">Kobud v\u0259 inc\u0259 toz filtrl\u0259ri toz hiss\u0259cikl\u0259rini tez v\u0259 etibarl\u0131 \u015f\u0259kild\u0259 toplay\u0131r<br \/>\nY\u00fcks\u0259k hava ax\u0131n\u0131<br \/>\nToz, kir, boya duman\u0131 birba\u015fa \u00e7\u0131xar\u0131l\u0131r<br \/>\nS\u00fcr\u0259tl\u0259 da\u015f\u0131n\u0131b<br \/>\nS\u00fczg\u0259cin d\u0259yi\u015fdirilm\u0259si \u00fc\u00e7\u00fcn praktiki g\u00f6st\u0259rici &#8211; filtrin d\u0259yi\u015fdirilm\u0259si laz\u0131m olduqda d\u0259rhal tan\u0131n\u0131r<br \/>\nHava kanal\u0131n\u0131 birl\u0259\u015fdirm\u0259kl\u0259 m\u0259qs\u0259dy\u00f6nl\u00fc \u00e7\u0131xarma m\u00fcmk\u00fcnd\u00fcr<\/div>\n<\/li>\n<\/ul>\n<\/div>\n<\/div>\n<\/div>\n<\/section>\n<section class=\"max-w-[1088px] mx-auto w-full my-10 md:my-12 lg:my-16 xl:my-20\" data-block=\"content-block\">\n<div class=\"max-w-[1088px] mx-auto\">\n<div class=\"flex flex-col items-center gap-6 px-5 w-full md:grid md:grid-cols-12 md:items-stretch xl:px-0\" data-content-block=\"container\">\n<div class=\"relative flex flex-col gap-5 w-full md:col-span-12 md:col-start-1 sm:items-start sm:text-left order-first md:order-none\" data-content-block=\"column\">\n<div class=\"prose text-pretty max-w-full text-left text-black prose-p:text-black prose-headings:mt-6 prose-headings:mb-3 md:prose-headings:text-lg prose-a:text-current prose-a:transition prose-a:ease-linear prose-a:duration-300\" data-content-block=\"text\">\n<p>StaubStop PLUS bu halda s\u00fcr\u0259tli qura\u015fd\u0131rma h\u0259llidir. Bu hava filtri il\u0259 toz v\u0259 kir birba\u015fa tikinti sah\u0259sin\u0259 \u00e7\u0259kil\u0259 bil\u0259r. \u0130stifad\u0259 olunan qaba v\u0259 inc\u0259 toz filtri toz hiss\u0259cikl\u0259rini tez bir zamanda t\u0259mizl\u0259yir v\u0259 tikilm\u0259kd\u0259 olan \u0259traf m\u00fchitin v\u0259 ola bilsin ki, h\u0259r hans\u0131 qon\u015fu ya\u015fay\u0131\u015f sah\u0259l\u0259rinin tozsuz qalmas\u0131na \u0259min olun. S\u00fczg\u0259cin d\u0259yi\u015fdirilm\u0259sinin praktik g\u00f6st\u0259ricisi say\u0259sind\u0259 h\u0259r k\u0259s filtrin n\u0259 vaxt d\u0259yi\u015fdirilm\u0259li oldu\u011funu d\u0259rhal anlaya bil\u0259r. StaubStop PLUS hava filtri sistemi iki m\u0259rh\u0259l\u0259li filtr sistemind\u0259n istifad\u0259 edir. Birinci filtr m\u0259rh\u0259l\u0259si \u0259vv\u0259lc\u0259d\u0259n filtrd\u0259n (qaba toz filtri G4) v\u0259 M filtr sinifinin m\u00f6hk\u0259m Heylo inc\u0259 toz filtrind\u0259n (F9) ibar\u0259t \u0259sas filtr pill\u0259sind\u0259n ibar\u0259tdir.<\/p>\n<\/div>\n<\/div>\n<\/div>\n<\/div>\n<\/section>\n<section class=\"max-w-[1088px] mx-auto w-full px-5 my-10 md:my-12 lg:my-16 xl:my-20 xl:px-0\" data-block=\"product-specifications\">\n<div class=\"md:text-center\">\n<h3 class=\"text-black font-bold text-lg md:text-xl lg:text-2xl\"><strong>Product specifications<\/strong><\/h3>\n<\/div>\n<div class=\" md:mt-10\">\n<div class=\"\">\n<div class=\"lg:mt-0 \">\n<div id=\"spec-staubstop-3000-plus\" class=\"prose max-w-full md:overflow-auto\" data-spec-content=\"\">\n<div class=\"spreadsheet-container hidden md:block\">\n<table class=\"w-full table-fixed mb-0\">\n<thead>\n<tr>\n<th class=\"font-bold text-base\"><span class=\"block px-4\">Specifications<\/span><\/th>\n<th class=\"font-bold text-base text-center\"><span class=\"block px-10 md:px-20\">Units<\/span><\/th>\n<th class=\"font-bold text-base text-center will-change\"><span class=\"block px-4\">StaubStop\u00a03000\u00a0PLUS<\/span><\/th>\n<\/tr>\n<\/thead>\n<tbody>\n<tr class=\"bg-grey-200\/50 p-2\">\n<td colspan=\"1\"><span class=\"block px-4\">Fan air flow rate max.<\/span><\/td>\n<td class=\"text-center\">\n<div class=\"px-10 md:px-20 flex items-center justify-center\">m\u00b3\/h<\/div>\n<\/td>\n<td class=\"text-center will-change\">\n<div class=\"px-10 md:px-20 flex items-center justify-center\">3,102<\/div>\n<\/td>\n<\/tr>\n<tr class=\" p-2\">\n<td colspan=\"1\"><span class=\"block px-4\">Power supply<\/span><\/td>\n<td class=\"text-center\">\n<div class=\"px-10 md:px-20 flex items-center justify-center\">V\/Hz<\/div>\n<\/td>\n<td class=\"text-center will-change\">\n<div class=\"px-10 md:px-20 flex items-center justify-center\">230\/1ph\/50<\/div>\n<\/td>\n<\/tr>\n<tr class=\"bg-grey-200\/50 p-2\">\n<td colspan=\"1\"><span class=\"block px-4\">Included filter<\/span><\/td>\n<td class=\"text-center\">\n<div class=\"px-10 md:px-20 flex items-center justify-center\"><\/div>\n<\/td>\n<td class=\"text-center will-change\">\n<div class=\"px-10 md:px-20 flex items-center justify-center\">Dust filter set (G4 + F9)<\/div>\n<\/td>\n<\/tr>\n<tr class=\" p-2\">\n<td colspan=\"1\"><span class=\"block px-4\">Sound level @3m<\/span><\/td>\n<td class=\"text-center\">\n<div class=\"px-10 md:px-20 flex items-center justify-center\">dB(A)<\/div>\n<\/td>\n<td class=\"text-center will-change\">\n<div class=\"px-10 md:px-20 flex items-center justify-center\">78<\/div>\n<\/td>\n<\/tr>\n<tr class=\"bg-grey-200\/50 p-2\">\n<td colspan=\"1\"><span class=\"block px-4\">Product size filter housing (l x w x h)<\/span><\/td>\n<td class=\"text-center\">\n<div class=\"px-10 md:px-20 flex items-center justify-center\">mm<\/div>\n<\/td>\n<td class=\"text-center will-change\">\n<div class=\"px-10 md:px-20 flex items-center justify-center\">420 x 450 x 510<\/div>\n<\/td>\n<\/tr>\n<tr class=\" p-2\">\n<td colspan=\"1\"><span class=\"block px-4\">Weight<\/span><\/td>\n<td class=\"text-center\">\n<div class=\"px-10 md:px-20 flex items-center justify-center\">kg<\/div>\n<\/td>\n<td class=\"text-center will-change\">\n<div class=\"px-10 md:px-20 flex items-center justify-center\">30<\/div>\n<\/td>\n<\/tr>\n<\/tbody>\n<\/table>\n<\/div>\n<\/div>\n<\/div>\n<\/div>\n<\/div>\n<\/section>\n<section class=\"max-w-[1088px] mx-auto w-full px-5 my-10 md:my-12 lg:my-16 xl:my-20 xl:px-0\" data-block=\"link-list\">\n<div class=\"max-w-[1088px] mx-auto\">\n<div class=\"md:text-center\">\n<ul>\n<li class=\"flex items-center gap-5 text-sm text-black mt-3 md:text-base lg:text-lg\"><strong>Uy\u011fundur:<\/strong><\/li>\n<\/ul>\n<\/div>\n<div class=\"mt-6 max-w-4xl mx-auto\">\n<div class=\"flex flex-wrap md:ml-20\">\n<div class=\"w-full md:w-1\/2 auto-bullets md:pr-16\">\n<ul>\n<li class=\"flex items-center gap-5 text-sm text-black mt-3 md:text-base lg:text-lg\">Ticar\u0259t binalar\u0131<br \/>\nTikinti<br \/>\nS\u0259naye, fabrikl\u0259r v\u0259 istehsal<br \/>\n\u0130stirah\u0259t v\u0259 istirah\u0259t<br \/>\n\u0130car\u0259 \u015firk\u0259tl\u0259ri<\/li>\n<\/ul>\n<\/div>\n<\/div>\n<\/div>\n<\/div>\n<\/section>\n","protected":false},"excerpt":{"rendered":"<div class=\"max-w-4xl\">\n<div class=\"text-xl font-bold mt-1 md:mt-2\">Filtr t\u0259zyiq\u00f6l\u00e7\u0259ni il\u0259 StaubStop PLUS hava t\u0259mizl\u0259yicisi<\/div>\n<\/div>\n<div class=\"grid grid-cols-1 gap-8 md:grid-cols-2 lg:gap-12 xl:gap-20\">\n<div class=\"absolute z-[4] top-0 right-0 pointer-events-none\">\n<figure><img decoding=\"async\" src=\"https:\/\/dantherm-group-cdn.s3.amazonaws.com\/media\/brands\/DG-Banners-Rebranding-HEYLO-to-MASTER-EN.jpg\" alt=\"\" \/><\/figure>\n<p>Mobil toz \u00e7\u0131xarma &#8211; atelyed\u0259 v\u0259 tikinti sah\u0259sind\u0259 istifad\u0259 \u00fc\u00e7\u00fcn.<\/p>\n<p>StaubStop PLUS-a daxildir: Ventilator PowerVent 3000 (3102m\u00b3\/saat hava ax\u0131n\u0131 s\u00fcr\u0259ti) + filtr korpusu PLUS filtr t\u0259zyiq\u00f6l\u00e7\u0259ni + qaba toz filtri G4 + inc\u0259 toz filtri F9<\/p>\n<p>Tikinti sah\u0259sind\u0259 havan\u0131n t\u0259mizl\u0259nm\u0259si m\u0259cburidir: \u0130\u015f yerind\u0259 y\u00fcks\u0259k toz m\u0259ruz qalmas\u0131 s\u0259b\u0259bind\u0259n gec f\u0259sadlar qa\u00e7\u0131lmazd\u0131r. Statistika g\u00f6st\u0259rir ki, a\u011fciy\u0259r x\u0259r\u00e7\u0259ngi v\u0259 ya silikozdan \u00f6l\u00fcm hallar\u0131 azalm\u0131r. Bu arada ham\u0131ya asbestl\u0259 ba\u011fl\u0131 x\u0259b\u0259rdarl\u0131q edilib, amma inc\u0259 kvars tozunun (m\u0259s\u0259l\u0259n, \u0259h\u0259ngli qumda\u015f\u0131, qranit v\u0259 ya m\u0259sam\u0259li beton da\u015f) kanserogen oldu\u011funu kim bilir?<\/p>\n<p>TRGS 900-\u0259 uy\u011fun olaraq, yeni toz emissiya h\u0259ddi indi 3 mq\/cum \u0259v\u0259zin\u0259 yaln\u0131z 1,25 mq\/cum aras\u0131ndad\u0131r. Sa\u011flaml\u0131\u011fa z\u0259r\u0259r verm\u0259m\u0259k v\u0259 ya tikinti sah\u0259l\u0259rini ba\u011flamamaq \u00fc\u00e7\u00fcn hava filtri h\u0259r bir tikinti v\u0259 b\u0259rpa i\u015finin sahibinin avadanl\u0131q fondunda olmal\u0131d\u0131r.<\/p>\n<\/div>\n<\/div>\n","protected":false},"featured_media":27691,"template":"","meta":[],"product_brand":[],"product_cat":[812,809],"product_tag":[],"class_list":{"0":"post-27714","1":"product","2":"type-product","3":"status-publish","4":"has-post-thumbnail","6":"product_cat-hava-tmizlyicisi-tmizlm-toz-filtr","7":"product_cat-hava-nmlndiricisi-kondisioner-az-ventilyasiya-ventilyator","9":"first","10":"instock","11":"shipping-taxable","12":"product-type-simple"},"yoast_head":"<!-- This site is optimized with the Yoast SEO plugin v27.1.1 - https:\/\/yoast.com\/product\/yoast-seo-wordpress\/ -->\n<title>Heylo StaubStop 3000 PLUS \u2013 toz \u00e7\u0131xarma - AirRent.ge<\/title>\n<meta name=\"robots\" content=\"index, follow, max-snippet:-1, max-image-preview:large, max-video-preview:-1\" \/>\n<link rel=\"canonical\" href=\"https:\/\/airrent.ge\/az\/product\/heylo-staubstop-3000-plus-dust-extraction\/\" \/>\n<meta property=\"og:locale\" content=\"az_AZ\" \/>\n<meta property=\"og:type\" content=\"article\" \/>\n<meta property=\"og:title\" content=\"Heylo StaubStop 3000 PLUS \u2013 toz \u00e7\u0131xarma - AirRent.ge\" \/>\n<meta property=\"og:description\" content=\"Filtr t\u0259zyiq\u00f6l\u00e7\u0259ni il\u0259 StaubStop PLUS hava t\u0259mizl\u0259yicisi     Mobil toz \u00e7\u0131xarma - atelyed\u0259 v\u0259 tikinti sah\u0259sind\u0259 istifad\u0259 \u00fc\u00e7\u00fcn.  StaubStop PLUS-a daxildir: Ventilator PowerVent 3000 (3102m\u00b3\/saat hava ax\u0131n\u0131 s\u00fcr\u0259ti) + filtr korpusu PLUS filtr t\u0259zyiq\u00f6l\u00e7\u0259ni + qaba toz filtri G4 + inc\u0259 toz filtri F9  Tikinti sah\u0259sind\u0259 havan\u0131n t\u0259mizl\u0259nm\u0259si m\u0259cburidir: \u0130\u015f yerind\u0259 y\u00fcks\u0259k toz m\u0259ruz qalmas\u0131 s\u0259b\u0259bind\u0259n gec f\u0259sadlar qa\u00e7\u0131lmazd\u0131r. Statistika g\u00f6st\u0259rir ki, a\u011fciy\u0259r x\u0259r\u00e7\u0259ngi v\u0259 ya silikozdan \u00f6l\u00fcm hallar\u0131 azalm\u0131r. Bu arada ham\u0131ya asbestl\u0259 ba\u011fl\u0131 x\u0259b\u0259rdarl\u0131q edilib, amma inc\u0259 kvars tozunun (m\u0259s\u0259l\u0259n, \u0259h\u0259ngli qumda\u015f\u0131, qranit v\u0259 ya m\u0259sam\u0259li beton da\u015f) kanserogen oldu\u011funu kim bilir?  TRGS 900-\u0259 uy\u011fun olaraq, yeni toz emissiya h\u0259ddi indi 3 mq\/cum \u0259v\u0259zin\u0259 yaln\u0131z 1,25 mq\/cum aras\u0131ndad\u0131r. Sa\u011flaml\u0131\u011fa z\u0259r\u0259r verm\u0259m\u0259k v\u0259 ya tikinti sah\u0259l\u0259rini ba\u011flamamaq \u00fc\u00e7\u00fcn hava filtri h\u0259r bir tikinti v\u0259 b\u0259rpa i\u015finin sahibinin avadanl\u0131q fondunda olmal\u0131d\u0131r.\" \/>\n<meta property=\"og:url\" content=\"https:\/\/airrent.ge\/az\/product\/heylo-staubstop-3000-plus-dust-extraction\/\" \/>\n<meta property=\"og:site_name\" content=\"AirRent.ge\" \/>\n<meta property=\"article:modified_time\" content=\"2025-04-05T19:25:48+00:00\" \/>\n<meta property=\"og:image\" content=\"https:\/\/airrent.ge\/wp-content\/uploads\/2025\/04\/Heylo-Luftreiniger-StaubStop-3000-PLUS.jpg\" \/>\n\t<meta property=\"og:image:width\" content=\"1000\" \/>\n\t<meta property=\"og:image:height\" content=\"1000\" \/>\n\t<meta property=\"og:image:type\" content=\"image\/jpeg\" \/>\n<meta name=\"twitter:card\" content=\"summary_large_image\" \/>\n<meta name=\"twitter:label1\" content=\"Est. reading time\" \/>\n\t<meta name=\"twitter:data1\" content=\"2 minutes\" \/>\n<script type=\"application\/ld+json\" class=\"yoast-schema-graph\">{\"@context\":\"https:\/\/schema.org\",\"@graph\":[{\"@type\":\"WebPage\",\"@id\":\"https:\/\/airrent.ge\/az\/product\/heylo-staubstop-3000-plus-dust-extraction\/\",\"url\":\"https:\/\/airrent.ge\/az\/product\/heylo-staubstop-3000-plus-dust-extraction\/\",\"name\":\"Heylo StaubStop 3000 PLUS \u2013 toz \u00e7\u0131xarma - AirRent.ge\",\"isPartOf\":{\"@id\":\"https:\/\/airrent.ge\/#website\"},\"primaryImageOfPage\":{\"@id\":\"https:\/\/airrent.ge\/az\/product\/heylo-staubstop-3000-plus-dust-extraction\/#primaryimage\"},\"image\":{\"@id\":\"https:\/\/airrent.ge\/az\/product\/heylo-staubstop-3000-plus-dust-extraction\/#primaryimage\"},\"thumbnailUrl\":\"https:\/\/airrent.ge\/wp-content\/uploads\/2025\/04\/Heylo-Luftreiniger-StaubStop-3000-PLUS.jpg\",\"datePublished\":\"2024-01-25T18:29:07+00:00\",\"dateModified\":\"2025-04-05T19:25:48+00:00\",\"breadcrumb\":{\"@id\":\"https:\/\/airrent.ge\/az\/product\/heylo-staubstop-3000-plus-dust-extraction\/#breadcrumb\"},\"inLanguage\":\"az\",\"potentialAction\":[{\"@type\":\"ReadAction\",\"target\":[\"https:\/\/airrent.ge\/az\/product\/heylo-staubstop-3000-plus-dust-extraction\/\"]}]},{\"@type\":\"ImageObject\",\"inLanguage\":\"az\",\"@id\":\"https:\/\/airrent.ge\/az\/product\/heylo-staubstop-3000-plus-dust-extraction\/#primaryimage\",\"url\":\"https:\/\/airrent.ge\/wp-content\/uploads\/2025\/04\/Heylo-Luftreiniger-StaubStop-3000-PLUS.jpg\",\"contentUrl\":\"https:\/\/airrent.ge\/wp-content\/uploads\/2025\/04\/Heylo-Luftreiniger-StaubStop-3000-PLUS.jpg\",\"width\":1000,\"height\":1000},{\"@type\":\"BreadcrumbList\",\"@id\":\"https:\/\/airrent.ge\/az\/product\/heylo-staubstop-3000-plus-dust-extraction\/#breadcrumb\",\"itemListElement\":[{\"@type\":\"ListItem\",\"position\":1,\"name\":\"Home\",\"item\":\"https:\/\/airrent.ge\/az\/home\/\"},{\"@type\":\"ListItem\",\"position\":2,\"name\":\"M\u0259hsullar\",\"item\":\"https:\/\/airrent.ge\/az\/products\/\"},{\"@type\":\"ListItem\",\"position\":3,\"name\":\"Heylo StaubStop 3000 PLUS \u2013 toz \u00e7\u0131xarma\"}]},{\"@type\":\"WebSite\",\"@id\":\"https:\/\/airrent.ge\/#website\",\"url\":\"https:\/\/airrent.ge\/\",\"name\":\"airrent.ge\",\"description\":\"Rental Services\",\"publisher\":{\"@id\":\"https:\/\/airrent.ge\/#organization\"},\"potentialAction\":[{\"@type\":\"SearchAction\",\"target\":{\"@type\":\"EntryPoint\",\"urlTemplate\":\"https:\/\/airrent.ge\/?s={search_term_string}\"},\"query-input\":{\"@type\":\"PropertyValueSpecification\",\"valueRequired\":true,\"valueName\":\"search_term_string\"}}],\"inLanguage\":\"az\"},{\"@type\":\"Organization\",\"@id\":\"https:\/\/airrent.ge\/#organization\",\"name\":\"airrent.ge\",\"url\":\"https:\/\/airrent.ge\/\",\"logo\":{\"@type\":\"ImageObject\",\"inLanguage\":\"az\",\"@id\":\"https:\/\/airrent.ge\/#\/schema\/logo\/image\/\",\"url\":\"https:\/\/airrent.ge\/wp-content\/uploads\/2026\/03\/airrent.png\",\"contentUrl\":\"https:\/\/airrent.ge\/wp-content\/uploads\/2026\/03\/airrent.png\",\"width\":1536,\"height\":1024,\"caption\":\"airrent.ge\"},\"image\":{\"@id\":\"https:\/\/airrent.ge\/#\/schema\/logo\/image\/\"}}]}<\/script>\n<!-- \/ Yoast SEO plugin. -->","yoast_head_json":{"title":"Heylo StaubStop 3000 PLUS \u2013 toz \u00e7\u0131xarma - AirRent.ge","robots":{"index":"index","follow":"follow","max-snippet":"max-snippet:-1","max-image-preview":"max-image-preview:large","max-video-preview":"max-video-preview:-1"},"canonical":"https:\/\/airrent.ge\/az\/product\/heylo-staubstop-3000-plus-dust-extraction\/","og_locale":"az_AZ","og_type":"article","og_title":"Heylo StaubStop 3000 PLUS \u2013 toz \u00e7\u0131xarma - AirRent.ge","og_description":"Filtr t\u0259zyiq\u00f6l\u00e7\u0259ni il\u0259 StaubStop PLUS hava t\u0259mizl\u0259yicisi     Mobil toz \u00e7\u0131xarma - atelyed\u0259 v\u0259 tikinti sah\u0259sind\u0259 istifad\u0259 \u00fc\u00e7\u00fcn.  StaubStop PLUS-a daxildir: Ventilator PowerVent 3000 (3102m\u00b3\/saat hava ax\u0131n\u0131 s\u00fcr\u0259ti) + filtr korpusu PLUS filtr t\u0259zyiq\u00f6l\u00e7\u0259ni + qaba toz filtri G4 + inc\u0259 toz filtri F9  Tikinti sah\u0259sind\u0259 havan\u0131n t\u0259mizl\u0259nm\u0259si m\u0259cburidir: \u0130\u015f yerind\u0259 y\u00fcks\u0259k toz m\u0259ruz qalmas\u0131 s\u0259b\u0259bind\u0259n gec f\u0259sadlar qa\u00e7\u0131lmazd\u0131r. Statistika g\u00f6st\u0259rir ki, a\u011fciy\u0259r x\u0259r\u00e7\u0259ngi v\u0259 ya silikozdan \u00f6l\u00fcm hallar\u0131 azalm\u0131r. Bu arada ham\u0131ya asbestl\u0259 ba\u011fl\u0131 x\u0259b\u0259rdarl\u0131q edilib, amma inc\u0259 kvars tozunun (m\u0259s\u0259l\u0259n, \u0259h\u0259ngli qumda\u015f\u0131, qranit v\u0259 ya m\u0259sam\u0259li beton da\u015f) kanserogen oldu\u011funu kim bilir?  TRGS 900-\u0259 uy\u011fun olaraq, yeni toz emissiya h\u0259ddi indi 3 mq\/cum \u0259v\u0259zin\u0259 yaln\u0131z 1,25 mq\/cum aras\u0131ndad\u0131r. Sa\u011flaml\u0131\u011fa z\u0259r\u0259r verm\u0259m\u0259k v\u0259 ya tikinti sah\u0259l\u0259rini ba\u011flamamaq \u00fc\u00e7\u00fcn hava filtri h\u0259r bir tikinti v\u0259 b\u0259rpa i\u015finin sahibinin avadanl\u0131q fondunda olmal\u0131d\u0131r.","og_url":"https:\/\/airrent.ge\/az\/product\/heylo-staubstop-3000-plus-dust-extraction\/","og_site_name":"AirRent.ge","article_modified_time":"2025-04-05T19:25:48+00:00","og_image":[{"width":1000,"height":1000,"url":"https:\/\/airrent.ge\/wp-content\/uploads\/2025\/04\/Heylo-Luftreiniger-StaubStop-3000-PLUS.jpg","type":"image\/jpeg"}],"twitter_card":"summary_large_image","twitter_misc":{"Est. reading time":"2 minutes"},"schema":{"@context":"https:\/\/schema.org","@graph":[{"@type":"WebPage","@id":"https:\/\/airrent.ge\/az\/product\/heylo-staubstop-3000-plus-dust-extraction\/","url":"https:\/\/airrent.ge\/az\/product\/heylo-staubstop-3000-plus-dust-extraction\/","name":"Heylo StaubStop 3000 PLUS \u2013 toz \u00e7\u0131xarma - AirRent.ge","isPartOf":{"@id":"https:\/\/airrent.ge\/#website"},"primaryImageOfPage":{"@id":"https:\/\/airrent.ge\/az\/product\/heylo-staubstop-3000-plus-dust-extraction\/#primaryimage"},"image":{"@id":"https:\/\/airrent.ge\/az\/product\/heylo-staubstop-3000-plus-dust-extraction\/#primaryimage"},"thumbnailUrl":"https:\/\/airrent.ge\/wp-content\/uploads\/2025\/04\/Heylo-Luftreiniger-StaubStop-3000-PLUS.jpg","datePublished":"2024-01-25T18:29:07+00:00","dateModified":"2025-04-05T19:25:48+00:00","breadcrumb":{"@id":"https:\/\/airrent.ge\/az\/product\/heylo-staubstop-3000-plus-dust-extraction\/#breadcrumb"},"inLanguage":"az","potentialAction":[{"@type":"ReadAction","target":["https:\/\/airrent.ge\/az\/product\/heylo-staubstop-3000-plus-dust-extraction\/"]}]},{"@type":"ImageObject","inLanguage":"az","@id":"https:\/\/airrent.ge\/az\/product\/heylo-staubstop-3000-plus-dust-extraction\/#primaryimage","url":"https:\/\/airrent.ge\/wp-content\/uploads\/2025\/04\/Heylo-Luftreiniger-StaubStop-3000-PLUS.jpg","contentUrl":"https:\/\/airrent.ge\/wp-content\/uploads\/2025\/04\/Heylo-Luftreiniger-StaubStop-3000-PLUS.jpg","width":1000,"height":1000},{"@type":"BreadcrumbList","@id":"https:\/\/airrent.ge\/az\/product\/heylo-staubstop-3000-plus-dust-extraction\/#breadcrumb","itemListElement":[{"@type":"ListItem","position":1,"name":"Home","item":"https:\/\/airrent.ge\/az\/home\/"},{"@type":"ListItem","position":2,"name":"M\u0259hsullar","item":"https:\/\/airrent.ge\/az\/products\/"},{"@type":"ListItem","position":3,"name":"Heylo StaubStop 3000 PLUS \u2013 toz \u00e7\u0131xarma"}]},{"@type":"WebSite","@id":"https:\/\/airrent.ge\/#website","url":"https:\/\/airrent.ge\/","name":"airrent.ge","description":"Rental Services","publisher":{"@id":"https:\/\/airrent.ge\/#organization"},"potentialAction":[{"@type":"SearchAction","target":{"@type":"EntryPoint","urlTemplate":"https:\/\/airrent.ge\/?s={search_term_string}"},"query-input":{"@type":"PropertyValueSpecification","valueRequired":true,"valueName":"search_term_string"}}],"inLanguage":"az"},{"@type":"Organization","@id":"https:\/\/airrent.ge\/#organization","name":"airrent.ge","url":"https:\/\/airrent.ge\/","logo":{"@type":"ImageObject","inLanguage":"az","@id":"https:\/\/airrent.ge\/#\/schema\/logo\/image\/","url":"https:\/\/airrent.ge\/wp-content\/uploads\/2026\/03\/airrent.png","contentUrl":"https:\/\/airrent.ge\/wp-content\/uploads\/2026\/03\/airrent.png","width":1536,"height":1024,"caption":"airrent.ge"},"image":{"@id":"https:\/\/airrent.ge\/#\/schema\/logo\/image\/"}}]}},"_links":{"self":[{"href":"https:\/\/airrent.ge\/az\/wp-json\/wp\/v2\/product\/27714","targetHints":{"allow":["GET"]}}],"collection":[{"href":"https:\/\/airrent.ge\/az\/wp-json\/wp\/v2\/product"}],"about":[{"href":"https:\/\/airrent.ge\/az\/wp-json\/wp\/v2\/types\/product"}],"wp:featuredmedia":[{"embeddable":true,"href":"https:\/\/airrent.ge\/az\/wp-json\/wp\/v2\/media\/27691"}],"wp:attachment":[{"href":"https:\/\/airrent.ge\/az\/wp-json\/wp\/v2\/media?parent=27714"}],"wp:term":[{"taxonomy":"product_brand","embeddable":true,"href":"https:\/\/airrent.ge\/az\/wp-json\/wp\/v2\/product_brand?post=27714"},{"taxonomy":"product_cat","embeddable":true,"href":"https:\/\/airrent.ge\/az\/wp-json\/wp\/v2\/product_cat?post=27714"},{"taxonomy":"product_tag","embeddable":true,"href":"https:\/\/airrent.ge\/az\/wp-json\/wp\/v2\/product_tag?post=27714"}],"curies":[{"name":"wp","href":"https:\/\/api.w.org\/{rel}","templated":true}]}}