{"id":28066,"date":"2025-04-06T20:24:43","date_gmt":"2025-04-06T16:24:43","guid":{"rendered":"https:\/\/airsystems.ge\/shop\/product\/trotec-ttw-45000-axial-fan\/"},"modified":"2025-04-06T20:33:34","modified_gmt":"2025-04-06T16:33:34","slug":"trotec-ttw-45000-axial-fan","status":"publish","type":"product","link":"https:\/\/airrent.ge\/az\/product\/trotec-ttw-45000-axial-fan\/","title":{"rendered":"Trotec TTW 45000 \u2013 eksenel fan"},"content":{"rendered":"<section class=\"max-w-[1088px] mx-auto w-full px-5 my-10 md:my-12 lg:my-16 xl:my-20 xl:px-0\" data-block=\"bullet-list\">\n<div class=\"md:text-center\">\n<h3 class=\"text-black font-bold text-lg md:text-xl lg:text-2xl\">\u018fsas x\u00fcsusiyy\u0259tl\u0259r<\/h3>\n<\/div>\n<div class=\"mt-6 md:mt-10\">\n<div class=\"flex flex-wrap\">\n<div class=\"w-full md:w-1\/2 auto-bullets md:pr-16\">\n<ul>\n<li class=\"text-sm md:text-base text-black mt-3 flex items-start\">\n<div class=\"pl-5\">Y\u00fcks\u0259k performansl\u0131 v\u0259 m\u00f6hk\u0259m eksenel fan<br \/>\nS\u0259naye v\u0259 icar\u0259, el\u0259c\u0259 d\u0259 \u0259yl\u0259nc\u0259 s\u0259nayesi \u00fc\u00e7\u00fcn ideald\u0131r<br \/>\n\u00c7\u0259tin m\u00fchitl\u0259rd\u0259 davaml\u0131 i\u015fl\u0259m\u0259k \u00fc\u00e7\u00fcn qurulmu\u015fdur<br \/>\nY\u00fcks\u0259k hava d\u00f6vriyy\u0259 qabiliyy\u0259ti<br \/>\nSaxlama v\u0259 \u0259m\u0259liyyat m\u0259qs\u0259dl\u0259ri \u00fc\u00e7\u00fcn y\u0131\u011f\u0131la bil\u0259r<br \/>\nAsan idar\u0259 &#8211; t\u0259k\u0259rl\u0259r say\u0259sind\u0259 yerini tez d\u0259yi\u015fdirin<\/div>\n<\/li>\n<\/ul>\n<\/div>\n<\/div>\n<\/div>\n<\/section>\n<section class=\"max-w-[1088px] mx-auto w-full px-5 my-10 md:my-12 lg:my-16 xl:my-20 xl:px-0\" data-block=\"product-specifications\">\n<div class=\"md:text-center\">\n<h3 class=\"text-black font-bold text-lg md:text-xl lg:text-2xl\"><strong>Product specifications<\/strong><\/h3>\n<\/div>\n<div class=\" md:mt-10\">\n<div class=\"\">\n<div class=\"lg:mt-0 \">\n<div id=\"spec-ttw-45000\" class=\"prose max-w-full md:overflow-auto\" data-spec-content=\"\">\n<div class=\"spreadsheet-container hidden md:block\">\n<table class=\"w-full table-fixed mb-0\">\n<thead>\n<tr>\n<th class=\"font-bold text-base\"><span class=\"block px-4\">Specifications<\/span><\/th>\n<th class=\"font-bold text-base text-center\"><span class=\"block px-10 md:px-20\">Units<\/span><\/th>\n<th class=\"font-bold text-base text-center will-change\"><span class=\"block px-4\">TTW\u00a045000<\/span><\/th>\n<\/tr>\n<\/thead>\n<tbody>\n<tr class=\"bg-grey-200\/50 p-2\">\n<td colspan=\"1\"><span class=\"block px-4\">Air flow rate max.<\/span><\/td>\n<td class=\"text-center\">\n<div class=\"px-10 md:px-20 flex items-center justify-center\">m\u00b3\/h<\/div>\n<\/td>\n<td class=\"text-center will-change\">\n<div class=\"px-10 md:px-20 flex items-center justify-center\">45,600<\/div>\n<\/td>\n<\/tr>\n<tr class=\" p-2\">\n<td colspan=\"1\"><span class=\"block px-4\">Air discharge velocity<\/span><\/td>\n<td class=\"text-center\">\n<div class=\"px-10 md:px-20 flex items-center justify-center\">km\/h<\/div>\n<\/td>\n<td class=\"text-center will-change\">\n<div class=\"px-10 md:px-20 flex items-center justify-center\">34.56<\/div>\n<\/td>\n<\/tr>\n<tr class=\"bg-grey-200\/50 p-2\">\n<td colspan=\"1\"><span class=\"block px-4\">Air pressure max.<\/span><\/td>\n<td class=\"text-center\">\n<div class=\"px-10 md:px-20 flex items-center justify-center\">Pa<\/div>\n<\/td>\n<td class=\"text-center will-change\">\n<div class=\"px-10 md:px-20 flex items-center justify-center\">70<\/div>\n<\/td>\n<\/tr>\n<tr class=\" p-2\">\n<td colspan=\"1\"><span class=\"block px-4\">Max. transport medium temperature<\/span><\/td>\n<td class=\"text-center\">\n<div class=\"px-10 md:px-20 flex items-center justify-center\">\u00b0C<\/div>\n<\/td>\n<td class=\"text-center will-change\">\n<div class=\"px-10 md:px-20 flex items-center justify-center\">40<\/div>\n<\/td>\n<\/tr>\n<tr class=\"bg-grey-200\/50 p-2\">\n<td colspan=\"1\"><span class=\"block px-4\">Power supply<\/span><\/td>\n<td class=\"text-center\">\n<div class=\"px-10 md:px-20 flex items-center justify-center\">V\/Hz<\/div>\n<\/td>\n<td class=\"text-center will-change\">\n<div class=\"px-10 md:px-20 flex items-center justify-center\">400\/3ph\/50<\/div>\n<\/td>\n<\/tr>\n<tr class=\" p-2\">\n<td colspan=\"1\"><span class=\"block px-4\">Power input<\/span><\/td>\n<td class=\"text-center\">\n<div class=\"px-10 md:px-20 flex items-center justify-center\">kW<\/div>\n<\/td>\n<td class=\"text-center will-change\">\n<div class=\"px-10 md:px-20 flex items-center justify-center\">1.5<\/div>\n<\/td>\n<\/tr>\n<tr class=\"bg-grey-200\/50 p-2\">\n<td colspan=\"1\"><span class=\"block px-4\">Fan<\/span><\/td>\n<td class=\"text-center\">\n<div class=\"px-10 md:px-20 flex items-center justify-center\"><\/div>\n<\/td>\n<td class=\"text-center will-change\">\n<div class=\"px-10 md:px-20 flex items-center justify-center\">Axial<\/div>\n<\/td>\n<\/tr>\n<tr class=\" p-2\">\n<td colspan=\"1\"><span class=\"block px-4\">Protection class<\/span><\/td>\n<td class=\"text-center\">\n<div class=\"px-10 md:px-20 flex items-center justify-center\"><\/div>\n<\/td>\n<td class=\"text-center will-change\">\n<div class=\"px-10 md:px-20 flex items-center justify-center\">IP55<\/div>\n<\/td>\n<\/tr>\n<tr class=\"bg-grey-200\/50 p-2\">\n<td colspan=\"1\"><span class=\"block px-4\">Sound level @3m<\/span><\/td>\n<td class=\"text-center\">\n<div class=\"px-10 md:px-20 flex items-center justify-center\">dB(A)<\/div>\n<\/td>\n<td class=\"text-center will-change\">\n<div class=\"px-10 md:px-20 flex items-center justify-center\">65<\/div>\n<\/td>\n<\/tr>\n<tr class=\" p-2\">\n<td colspan=\"1\"><span class=\"block px-4\">Product size (l x w x h)<\/span><\/td>\n<td class=\"text-center\">\n<div class=\"px-10 md:px-20 flex items-center justify-center\">mm<\/div>\n<\/td>\n<td class=\"text-center will-change\">\n<div class=\"px-10 md:px-20 flex items-center justify-center\">1395 x 720 x 1625<\/div>\n<\/td>\n<\/tr>\n<tr class=\"bg-grey-200\/50 p-2\">\n<td colspan=\"1\"><span class=\"block px-4\">Weight<\/span><\/td>\n<td class=\"text-center\">\n<div class=\"px-10 md:px-20 flex items-center justify-center\">kg<\/div>\n<\/td>\n<td class=\"text-center will-change\">\n<div class=\"px-10 md:px-20 flex items-center justify-center\">88<\/div>\n<\/td>\n<\/tr>\n<\/tbody>\n<\/table>\n<\/div>\n<\/div>\n<\/div>\n<\/div>\n<\/div>\n<\/section>\n<section class=\"max-w-[1088px] mx-auto w-full px-5 my-10 md:my-12 lg:my-16 xl:my-20 xl:px-0\" data-block=\"link-list\">\n<div class=\"max-w-[1088px] mx-auto\">\n<div class=\"md:text-center\">\n<ul>\n<li class=\"flex items-center gap-5 text-sm text-black mt-3 md:text-base lg:text-lg\"><strong>Uy\u011fundur:<\/strong><\/li>\n<\/ul>\n<\/div>\n<div class=\"mt-6 max-w-4xl mx-auto\">\n<div class=\"flex flex-wrap md:ml-20\">\n<div class=\"w-full md:w-1\/2 auto-bullets md:pr-16\">\n<ul>\n<li class=\"flex items-center gap-5 text-sm text-black mt-3 md:text-base lg:text-lg\">T\u0259dbirl\u0259r v\u0259 festivallar<br \/>\nS\u0259naye, fabrik v\u0259 istehsal<br \/>\n\u0130car\u0259 \u015firk\u0259tl\u0259ri<\/li>\n<\/ul>\n<\/div>\n<\/div>\n<\/div>\n<\/div>\n<\/section>\n","protected":false},"excerpt":{"rendered":"<div class=\"max-w-4xl\">\n<div class=\"text-xl font-bold mt-1 md:mt-2\">\n<p>Uber-k\u00fcl\u0259k ma\u015f\u0131nlar\u0131<\/p>\n<p>TTW 45000 \u0259n \u00e7\u0259tin s\u0259naye t\u0259tbiql\u0259ri \u00fc\u00e7\u00fcn n\u0259z\u0259rd\u0259 tutulmu\u015f a\u011f\u0131r y\u00fck da\u015f\u0131yan eksenel ventilyatordur. 45.000 m\u00b3\/saata q\u0259d\u0259r olan k\u00fctl\u0259vi hava ax\u0131n\u0131 il\u0259 o, istehsal m\u00fc\u0259ssis\u0259l\u0259ri, tikinti sah\u0259l\u0259ri v\u0259 idman zallar\u0131 kimi geni\u015f \u0259razil\u0259ri tez v\u0259 effektiv \u015f\u0259kild\u0259 havaland\u0131ra bilir. Fan y\u00fcks\u0259k performansl\u0131 motora v\u0259 \u0259n \u00e7\u0259tin \u015f\u0259rtl\u0259r\u0259 tab g\u0259tir\u0259 bil\u0259n davaml\u0131 polad konstruksiyaya malikdir. Asan saxlama \u00fc\u00e7\u00fcn y\u0131\u011f\u0131la bil\u0259r. T\u0259sirli performans\u0131 v\u0259 m\u00f6hk\u0259m dizayn\u0131 il\u0259 TTW 45000 \u00e7\u0259tin havaland\u0131rma i\u015fl\u0259ri \u00fc\u00e7\u00fcn m\u00fck\u0259mm\u0259l se\u00e7imdir.<\/p>\n<\/div>\n<\/div>\n","protected":false},"featured_media":28055,"template":"","meta":[],"product_brand":[],"product_cat":[809,990,967],"product_tag":[],"class_list":{"0":"post-28066","1":"product","2":"type-product","3":"status-publish","4":"has-post-thumbnail","6":"product_cat-hava-nmlndiricisi-kondisioner-az-ventilyasiya-ventilyator","7":"product_cat-ventilyatorlar-peskar-az","8":"product_cat-ventilyasiya-az-ventilyator-havalandirma-eksenel-radial","10":"first","11":"instock","12":"shipping-taxable","13":"purchasable","14":"product-type-simple"},"yoast_head":"<!-- This site is optimized with the Yoast SEO plugin v27.1.1 - https:\/\/yoast.com\/product\/yoast-seo-wordpress\/ -->\n<title>Trotec TTW 45000 \u2013 eksenel fan - AirRent.ge<\/title>\n<meta name=\"robots\" content=\"index, follow, max-snippet:-1, max-image-preview:large, max-video-preview:-1\" \/>\n<link rel=\"canonical\" href=\"https:\/\/airrent.ge\/az\/product\/trotec-ttw-45000-axial-fan\/\" \/>\n<meta property=\"og:locale\" content=\"az_AZ\" \/>\n<meta property=\"og:type\" content=\"article\" \/>\n<meta property=\"og:title\" content=\"Trotec TTW 45000 \u2013 eksenel fan - AirRent.ge\" \/>\n<meta property=\"og:description\" content=\"Uber-k\u00fcl\u0259k ma\u015f\u0131nlar\u0131  TTW 45000 \u0259n \u00e7\u0259tin s\u0259naye t\u0259tbiql\u0259ri \u00fc\u00e7\u00fcn n\u0259z\u0259rd\u0259 tutulmu\u015f a\u011f\u0131r y\u00fck da\u015f\u0131yan eksenel ventilyatordur. 45.000 m\u00b3\/saata q\u0259d\u0259r olan k\u00fctl\u0259vi hava ax\u0131n\u0131 il\u0259 o, istehsal m\u00fc\u0259ssis\u0259l\u0259ri, tikinti sah\u0259l\u0259ri v\u0259 idman zallar\u0131 kimi geni\u015f \u0259razil\u0259ri tez v\u0259 effektiv \u015f\u0259kild\u0259 havaland\u0131ra bilir. Fan y\u00fcks\u0259k performansl\u0131 motora v\u0259 \u0259n \u00e7\u0259tin \u015f\u0259rtl\u0259r\u0259 tab g\u0259tir\u0259 bil\u0259n davaml\u0131 polad konstruksiyaya malikdir. Asan saxlama \u00fc\u00e7\u00fcn y\u0131\u011f\u0131la bil\u0259r. T\u0259sirli performans\u0131 v\u0259 m\u00f6hk\u0259m dizayn\u0131 il\u0259 TTW 45000 \u00e7\u0259tin havaland\u0131rma i\u015fl\u0259ri \u00fc\u00e7\u00fcn m\u00fck\u0259mm\u0259l se\u00e7imdir.\" \/>\n<meta property=\"og:url\" content=\"https:\/\/airrent.ge\/az\/product\/trotec-ttw-45000-axial-fan\/\" \/>\n<meta property=\"og:site_name\" content=\"AirRent.ge\" \/>\n<meta property=\"article:modified_time\" content=\"2025-04-06T16:33:34+00:00\" \/>\n<meta property=\"og:image\" content=\"https:\/\/airrent.ge\/wp-content\/uploads\/2025\/04\/Trotec-TTW-45000-main-right.jpg\" \/>\n\t<meta property=\"og:image:width\" content=\"1000\" \/>\n\t<meta property=\"og:image:height\" content=\"1000\" \/>\n\t<meta property=\"og:image:type\" content=\"image\/jpeg\" \/>\n<meta name=\"twitter:card\" content=\"summary_large_image\" \/>\n<meta name=\"twitter:label1\" content=\"Est. reading time\" \/>\n\t<meta name=\"twitter:data1\" content=\"1 minute\" \/>\n<script type=\"application\/ld+json\" class=\"yoast-schema-graph\">{\"@context\":\"https:\/\/schema.org\",\"@graph\":[{\"@type\":\"WebPage\",\"@id\":\"https:\/\/airrent.ge\/az\/product\/trotec-ttw-45000-axial-fan\/\",\"url\":\"https:\/\/airrent.ge\/az\/product\/trotec-ttw-45000-axial-fan\/\",\"name\":\"Trotec TTW 45000 \u2013 eksenel fan - AirRent.ge\",\"isPartOf\":{\"@id\":\"https:\/\/airrent.ge\/#website\"},\"primaryImageOfPage\":{\"@id\":\"https:\/\/airrent.ge\/az\/product\/trotec-ttw-45000-axial-fan\/#primaryimage\"},\"image\":{\"@id\":\"https:\/\/airrent.ge\/az\/product\/trotec-ttw-45000-axial-fan\/#primaryimage\"},\"thumbnailUrl\":\"https:\/\/airrent.ge\/wp-content\/uploads\/2025\/04\/Trotec-TTW-45000-main-right.jpg\",\"datePublished\":\"2025-04-06T16:24:43+00:00\",\"dateModified\":\"2025-04-06T16:33:34+00:00\",\"breadcrumb\":{\"@id\":\"https:\/\/airrent.ge\/az\/product\/trotec-ttw-45000-axial-fan\/#breadcrumb\"},\"inLanguage\":\"az\",\"potentialAction\":[{\"@type\":\"ReadAction\",\"target\":[\"https:\/\/airrent.ge\/az\/product\/trotec-ttw-45000-axial-fan\/\"]}]},{\"@type\":\"ImageObject\",\"inLanguage\":\"az\",\"@id\":\"https:\/\/airrent.ge\/az\/product\/trotec-ttw-45000-axial-fan\/#primaryimage\",\"url\":\"https:\/\/airrent.ge\/wp-content\/uploads\/2025\/04\/Trotec-TTW-45000-main-right.jpg\",\"contentUrl\":\"https:\/\/airrent.ge\/wp-content\/uploads\/2025\/04\/Trotec-TTW-45000-main-right.jpg\",\"width\":1000,\"height\":1000},{\"@type\":\"BreadcrumbList\",\"@id\":\"https:\/\/airrent.ge\/az\/product\/trotec-ttw-45000-axial-fan\/#breadcrumb\",\"itemListElement\":[{\"@type\":\"ListItem\",\"position\":1,\"name\":\"Home\",\"item\":\"https:\/\/airrent.ge\/az\/home\/\"},{\"@type\":\"ListItem\",\"position\":2,\"name\":\"M\u0259hsullar\",\"item\":\"https:\/\/airrent.ge\/az\/products\/\"},{\"@type\":\"ListItem\",\"position\":3,\"name\":\"Trotec TTW 45000 \u2013 eksenel fan\"}]},{\"@type\":\"WebSite\",\"@id\":\"https:\/\/airrent.ge\/#website\",\"url\":\"https:\/\/airrent.ge\/\",\"name\":\"airrent.ge\",\"description\":\"Rental Services\",\"publisher\":{\"@id\":\"https:\/\/airrent.ge\/#organization\"},\"potentialAction\":[{\"@type\":\"SearchAction\",\"target\":{\"@type\":\"EntryPoint\",\"urlTemplate\":\"https:\/\/airrent.ge\/?s={search_term_string}\"},\"query-input\":{\"@type\":\"PropertyValueSpecification\",\"valueRequired\":true,\"valueName\":\"search_term_string\"}}],\"inLanguage\":\"az\"},{\"@type\":\"Organization\",\"@id\":\"https:\/\/airrent.ge\/#organization\",\"name\":\"airrent.ge\",\"url\":\"https:\/\/airrent.ge\/\",\"logo\":{\"@type\":\"ImageObject\",\"inLanguage\":\"az\",\"@id\":\"https:\/\/airrent.ge\/#\/schema\/logo\/image\/\",\"url\":\"https:\/\/airrent.ge\/wp-content\/uploads\/2026\/03\/airrent.png\",\"contentUrl\":\"https:\/\/airrent.ge\/wp-content\/uploads\/2026\/03\/airrent.png\",\"width\":1536,\"height\":1024,\"caption\":\"airrent.ge\"},\"image\":{\"@id\":\"https:\/\/airrent.ge\/#\/schema\/logo\/image\/\"}}]}<\/script>\n<!-- \/ Yoast SEO plugin. -->","yoast_head_json":{"title":"Trotec TTW 45000 \u2013 eksenel fan - AirRent.ge","robots":{"index":"index","follow":"follow","max-snippet":"max-snippet:-1","max-image-preview":"max-image-preview:large","max-video-preview":"max-video-preview:-1"},"canonical":"https:\/\/airrent.ge\/az\/product\/trotec-ttw-45000-axial-fan\/","og_locale":"az_AZ","og_type":"article","og_title":"Trotec TTW 45000 \u2013 eksenel fan - AirRent.ge","og_description":"Uber-k\u00fcl\u0259k ma\u015f\u0131nlar\u0131  TTW 45000 \u0259n \u00e7\u0259tin s\u0259naye t\u0259tbiql\u0259ri \u00fc\u00e7\u00fcn n\u0259z\u0259rd\u0259 tutulmu\u015f a\u011f\u0131r y\u00fck da\u015f\u0131yan eksenel ventilyatordur. 45.000 m\u00b3\/saata q\u0259d\u0259r olan k\u00fctl\u0259vi hava ax\u0131n\u0131 il\u0259 o, istehsal m\u00fc\u0259ssis\u0259l\u0259ri, tikinti sah\u0259l\u0259ri v\u0259 idman zallar\u0131 kimi geni\u015f \u0259razil\u0259ri tez v\u0259 effektiv \u015f\u0259kild\u0259 havaland\u0131ra bilir. Fan y\u00fcks\u0259k performansl\u0131 motora v\u0259 \u0259n \u00e7\u0259tin \u015f\u0259rtl\u0259r\u0259 tab g\u0259tir\u0259 bil\u0259n davaml\u0131 polad konstruksiyaya malikdir. Asan saxlama \u00fc\u00e7\u00fcn y\u0131\u011f\u0131la bil\u0259r. T\u0259sirli performans\u0131 v\u0259 m\u00f6hk\u0259m dizayn\u0131 il\u0259 TTW 45000 \u00e7\u0259tin havaland\u0131rma i\u015fl\u0259ri \u00fc\u00e7\u00fcn m\u00fck\u0259mm\u0259l se\u00e7imdir.","og_url":"https:\/\/airrent.ge\/az\/product\/trotec-ttw-45000-axial-fan\/","og_site_name":"AirRent.ge","article_modified_time":"2025-04-06T16:33:34+00:00","og_image":[{"width":1000,"height":1000,"url":"https:\/\/airrent.ge\/wp-content\/uploads\/2025\/04\/Trotec-TTW-45000-main-right.jpg","type":"image\/jpeg"}],"twitter_card":"summary_large_image","twitter_misc":{"Est. reading time":"1 minute"},"schema":{"@context":"https:\/\/schema.org","@graph":[{"@type":"WebPage","@id":"https:\/\/airrent.ge\/az\/product\/trotec-ttw-45000-axial-fan\/","url":"https:\/\/airrent.ge\/az\/product\/trotec-ttw-45000-axial-fan\/","name":"Trotec TTW 45000 \u2013 eksenel fan - AirRent.ge","isPartOf":{"@id":"https:\/\/airrent.ge\/#website"},"primaryImageOfPage":{"@id":"https:\/\/airrent.ge\/az\/product\/trotec-ttw-45000-axial-fan\/#primaryimage"},"image":{"@id":"https:\/\/airrent.ge\/az\/product\/trotec-ttw-45000-axial-fan\/#primaryimage"},"thumbnailUrl":"https:\/\/airrent.ge\/wp-content\/uploads\/2025\/04\/Trotec-TTW-45000-main-right.jpg","datePublished":"2025-04-06T16:24:43+00:00","dateModified":"2025-04-06T16:33:34+00:00","breadcrumb":{"@id":"https:\/\/airrent.ge\/az\/product\/trotec-ttw-45000-axial-fan\/#breadcrumb"},"inLanguage":"az","potentialAction":[{"@type":"ReadAction","target":["https:\/\/airrent.ge\/az\/product\/trotec-ttw-45000-axial-fan\/"]}]},{"@type":"ImageObject","inLanguage":"az","@id":"https:\/\/airrent.ge\/az\/product\/trotec-ttw-45000-axial-fan\/#primaryimage","url":"https:\/\/airrent.ge\/wp-content\/uploads\/2025\/04\/Trotec-TTW-45000-main-right.jpg","contentUrl":"https:\/\/airrent.ge\/wp-content\/uploads\/2025\/04\/Trotec-TTW-45000-main-right.jpg","width":1000,"height":1000},{"@type":"BreadcrumbList","@id":"https:\/\/airrent.ge\/az\/product\/trotec-ttw-45000-axial-fan\/#breadcrumb","itemListElement":[{"@type":"ListItem","position":1,"name":"Home","item":"https:\/\/airrent.ge\/az\/home\/"},{"@type":"ListItem","position":2,"name":"M\u0259hsullar","item":"https:\/\/airrent.ge\/az\/products\/"},{"@type":"ListItem","position":3,"name":"Trotec TTW 45000 \u2013 eksenel fan"}]},{"@type":"WebSite","@id":"https:\/\/airrent.ge\/#website","url":"https:\/\/airrent.ge\/","name":"airrent.ge","description":"Rental Services","publisher":{"@id":"https:\/\/airrent.ge\/#organization"},"potentialAction":[{"@type":"SearchAction","target":{"@type":"EntryPoint","urlTemplate":"https:\/\/airrent.ge\/?s={search_term_string}"},"query-input":{"@type":"PropertyValueSpecification","valueRequired":true,"valueName":"search_term_string"}}],"inLanguage":"az"},{"@type":"Organization","@id":"https:\/\/airrent.ge\/#organization","name":"airrent.ge","url":"https:\/\/airrent.ge\/","logo":{"@type":"ImageObject","inLanguage":"az","@id":"https:\/\/airrent.ge\/#\/schema\/logo\/image\/","url":"https:\/\/airrent.ge\/wp-content\/uploads\/2026\/03\/airrent.png","contentUrl":"https:\/\/airrent.ge\/wp-content\/uploads\/2026\/03\/airrent.png","width":1536,"height":1024,"caption":"airrent.ge"},"image":{"@id":"https:\/\/airrent.ge\/#\/schema\/logo\/image\/"}}]}},"_links":{"self":[{"href":"https:\/\/airrent.ge\/az\/wp-json\/wp\/v2\/product\/28066","targetHints":{"allow":["GET"]}}],"collection":[{"href":"https:\/\/airrent.ge\/az\/wp-json\/wp\/v2\/product"}],"about":[{"href":"https:\/\/airrent.ge\/az\/wp-json\/wp\/v2\/types\/product"}],"wp:featuredmedia":[{"embeddable":true,"href":"https:\/\/airrent.ge\/az\/wp-json\/wp\/v2\/media\/28055"}],"wp:attachment":[{"href":"https:\/\/airrent.ge\/az\/wp-json\/wp\/v2\/media?parent=28066"}],"wp:term":[{"taxonomy":"product_brand","embeddable":true,"href":"https:\/\/airrent.ge\/az\/wp-json\/wp\/v2\/product_brand?post=28066"},{"taxonomy":"product_cat","embeddable":true,"href":"https:\/\/airrent.ge\/az\/wp-json\/wp\/v2\/product_cat?post=28066"},{"taxonomy":"product_tag","embeddable":true,"href":"https:\/\/airrent.ge\/az\/wp-json\/wp\/v2\/product_tag?post=28066"}],"curies":[{"name":"wp","href":"https:\/\/api.w.org\/{rel}","templated":true}]}}