{"id":30072,"date":"2025-04-20T21:31:06","date_gmt":"2025-04-20T17:31:06","guid":{"rendered":"https:\/\/airsystems.ge\/shop\/product\/dxi-af-direct-expansion-close-control-unit-air-condenser-with-additional-freecooling-coil-inverter-compressor\/"},"modified":"2025-04-20T21:36:46","modified_gmt":"2025-04-20T17:36:46","slug":"dxi-af-direct-expansion-close-control-unit-air-condenser-with-additional-freecooling-coil-inverter-compressor","status":"publish","type":"product","link":"https:\/\/airrent.ge\/az\/product\/dxi-af-direct-expansion-close-control-unit-air-condenser-with-additional-freecooling-coil-inverter-compressor\/","title":{"rendered":"DXi.AF Birba\u015fa geni\u015fl\u0259ndirm\u0259 qapal\u0131 idar\u0259etm\u0259 bloku \u0259lav\u0259 s\u0259rb\u0259st soyuducu rulonlu hava kondensatoru, \u00e7evirici kompressor"},"content":{"rendered":"","protected":false},"excerpt":{"rendered":"<p>Yaln\u0131z \u015faquli qur\u011fular v\u0259 soyutma \u00fc\u00e7\u00fcn n\u0259zar\u0259t kondisionerl\u0259rini ba\u011flay\u0131n, istilik elementi, iste\u011fe ba\u011fl\u0131 n\u0259ml\u0259ndirici v\u0259 d\u0259qiq temperatur v\u0259 r\u00fctub\u0259t\u0259 n\u0259zar\u0259t \u00fc\u00e7\u00fcn n\u0259ml\u0259ndirici vasit\u0259sil\u0259 iste\u011fe ba\u011fl\u0131 q\u0131zd\u0131r\u0131n. X\u00fcsusil\u0259 serverl\u0259rd\u0259 v\u0259 \u0130T otaqlar\u0131nda v\u0259 \u00fcmumiyy\u0259tl\u0259 b\u00fct\u00fcn texnoloji t\u0259tbiql\u0259rd\u0259 d\u0259qiq kondisioner \u00fc\u00e7\u00fcn uy\u011fundur. \u0130NVERTER kompressorlu birba\u015fa geni\u015fl\u0259ndirm\u0259 PULSUZ SOYUTMA qur\u011fusu su il\u0259 soyudulur v\u0259 qo\u015fulmal\u0131d\u0131r<br \/>\nuzaq quru soyuducuya. \u0130NVERTER kompressoru real daxili y\u00fck\u0259 uy\u011fun olaraq soyutma qabiliyy\u0259tinin modulyasiyas\u0131na imkan verir, x\u00fcsusil\u0259 qism\u0259n y\u00fckl\u0259rd\u0259 effektivdir v\u0259 q\u0259bul edil\u0259n g\u00fcc\u00fc optimalla\u015fd\u0131r\u0131r v\u0259 ba\u015flan\u011f\u0131c c\u0259r\u0259yan\u0131n\u0131 aradan qald\u0131r\u0131r. Elektron geni\u015fl\u0259ndirici klapan v\u0259 EC \u0130NVERTER fanatlar\u0131 il\u0259 t\u0259chiz olunmu\u015f b\u00f6lm\u0259l\u0259r, yuxar\u0131 v\u0259 ya a\u015fa\u011f\u0131 ax\u0131n<\/p>\n","protected":false},"featured_media":30066,"template":"","meta":[],"product_brand":[],"product_cat":[1259,1268,875],"product_tag":[],"class_list":{"0":"post-30072","1":"product","2":"type-product","3":"status-publish","4":"has-post-thumbnail","6":"product_cat-hssas-kondisioner-crac-crah","7":"product_cat-precision-kondisioner-crac-az","8":"product_cat-snaye-az-kondisionerlr","10":"first","11":"instock","12":"shipping-taxable","13":"product-type-simple"},"yoast_head":"<!-- This site is optimized with the Yoast SEO plugin v27.1.1 - https:\/\/yoast.com\/product\/yoast-seo-wordpress\/ -->\n<title>DXi.AF Birba\u015fa geni\u015fl\u0259ndirm\u0259 qapal\u0131 idar\u0259etm\u0259 bloku \u0259lav\u0259 s\u0259rb\u0259st soyuducu rulonlu hava kondensatoru, \u00e7evirici kompressor - AirRent.ge<\/title>\n<meta name=\"robots\" content=\"index, follow, max-snippet:-1, max-image-preview:large, max-video-preview:-1\" \/>\n<link rel=\"canonical\" href=\"https:\/\/airrent.ge\/az\/product\/dxi-af-direct-expansion-close-control-unit-air-condenser-with-additional-freecooling-coil-inverter-compressor\/\" \/>\n<meta property=\"og:locale\" content=\"az_AZ\" \/>\n<meta property=\"og:type\" content=\"article\" \/>\n<meta property=\"og:title\" content=\"DXi.AF Birba\u015fa geni\u015fl\u0259ndirm\u0259 qapal\u0131 idar\u0259etm\u0259 bloku \u0259lav\u0259 s\u0259rb\u0259st soyuducu rulonlu hava kondensatoru, \u00e7evirici kompressor - AirRent.ge\" \/>\n<meta property=\"og:description\" content=\"Yaln\u0131z \u015faquli qur\u011fular v\u0259 soyutma \u00fc\u00e7\u00fcn n\u0259zar\u0259t kondisionerl\u0259rini ba\u011flay\u0131n, istilik elementi, iste\u011fe ba\u011fl\u0131 n\u0259ml\u0259ndirici v\u0259 d\u0259qiq temperatur v\u0259 r\u00fctub\u0259t\u0259 n\u0259zar\u0259t \u00fc\u00e7\u00fcn n\u0259ml\u0259ndirici vasit\u0259sil\u0259 iste\u011fe ba\u011fl\u0131 q\u0131zd\u0131r\u0131n. X\u00fcsusil\u0259 serverl\u0259rd\u0259 v\u0259 \u0130T otaqlar\u0131nda v\u0259 \u00fcmumiyy\u0259tl\u0259 b\u00fct\u00fcn texnoloji t\u0259tbiql\u0259rd\u0259 d\u0259qiq kondisioner \u00fc\u00e7\u00fcn uy\u011fundur. \u0130NVERTER kompressorlu birba\u015fa geni\u015fl\u0259ndirm\u0259 PULSUZ SOYUTMA qur\u011fusu su il\u0259 soyudulur v\u0259 qo\u015fulmal\u0131d\u0131r uzaq quru soyuducuya. \u0130NVERTER kompressoru real daxili y\u00fck\u0259 uy\u011fun olaraq soyutma qabiliyy\u0259tinin modulyasiyas\u0131na imkan verir, x\u00fcsusil\u0259 qism\u0259n y\u00fckl\u0259rd\u0259 effektivdir v\u0259 q\u0259bul edil\u0259n g\u00fcc\u00fc optimalla\u015fd\u0131r\u0131r v\u0259 ba\u015flan\u011f\u0131c c\u0259r\u0259yan\u0131n\u0131 aradan qald\u0131r\u0131r. Elektron geni\u015fl\u0259ndirici klapan v\u0259 EC \u0130NVERTER fanatlar\u0131 il\u0259 t\u0259chiz olunmu\u015f b\u00f6lm\u0259l\u0259r, yuxar\u0131 v\u0259 ya a\u015fa\u011f\u0131 ax\u0131n\" \/>\n<meta property=\"og:url\" content=\"https:\/\/airrent.ge\/az\/product\/dxi-af-direct-expansion-close-control-unit-air-condenser-with-additional-freecooling-coil-inverter-compressor\/\" \/>\n<meta property=\"og:site_name\" content=\"AirRent.ge\" \/>\n<meta property=\"article:modified_time\" content=\"2025-04-20T17:36:46+00:00\" \/>\n<meta property=\"og:image\" content=\"https:\/\/airrent.ge\/wp-content\/uploads\/2025\/04\/DXA-qh4ucv134jnc80daakorl9l7qlykalm6l6bnv22dq8-1-1.png\" \/>\n\t<meta property=\"og:image:width\" content=\"345\" \/>\n\t<meta property=\"og:image:height\" content=\"540\" \/>\n\t<meta property=\"og:image:type\" content=\"image\/png\" \/>\n<meta name=\"twitter:card\" content=\"summary_large_image\" \/>\n<script type=\"application\/ld+json\" class=\"yoast-schema-graph\">{\"@context\":\"https:\/\/schema.org\",\"@graph\":[{\"@type\":\"WebPage\",\"@id\":\"https:\/\/airrent.ge\/az\/product\/dxi-af-direct-expansion-close-control-unit-air-condenser-with-additional-freecooling-coil-inverter-compressor\/\",\"url\":\"https:\/\/airrent.ge\/az\/product\/dxi-af-direct-expansion-close-control-unit-air-condenser-with-additional-freecooling-coil-inverter-compressor\/\",\"name\":\"DXi.AF Birba\u015fa geni\u015fl\u0259ndirm\u0259 qapal\u0131 idar\u0259etm\u0259 bloku \u0259lav\u0259 s\u0259rb\u0259st soyuducu rulonlu hava kondensatoru, \u00e7evirici kompressor - AirRent.ge\",\"isPartOf\":{\"@id\":\"https:\/\/airrent.ge\/#website\"},\"primaryImageOfPage\":{\"@id\":\"https:\/\/airrent.ge\/az\/product\/dxi-af-direct-expansion-close-control-unit-air-condenser-with-additional-freecooling-coil-inverter-compressor\/#primaryimage\"},\"image\":{\"@id\":\"https:\/\/airrent.ge\/az\/product\/dxi-af-direct-expansion-close-control-unit-air-condenser-with-additional-freecooling-coil-inverter-compressor\/#primaryimage\"},\"thumbnailUrl\":\"https:\/\/airrent.ge\/wp-content\/uploads\/2025\/04\/DXA-qh4ucv134jnc80daakorl9l7qlykalm6l6bnv22dq8-1-1.png\",\"datePublished\":\"2025-04-20T17:31:06+00:00\",\"dateModified\":\"2025-04-20T17:36:46+00:00\",\"breadcrumb\":{\"@id\":\"https:\/\/airrent.ge\/az\/product\/dxi-af-direct-expansion-close-control-unit-air-condenser-with-additional-freecooling-coil-inverter-compressor\/#breadcrumb\"},\"inLanguage\":\"az\",\"potentialAction\":[{\"@type\":\"ReadAction\",\"target\":[\"https:\/\/airrent.ge\/az\/product\/dxi-af-direct-expansion-close-control-unit-air-condenser-with-additional-freecooling-coil-inverter-compressor\/\"]}]},{\"@type\":\"ImageObject\",\"inLanguage\":\"az\",\"@id\":\"https:\/\/airrent.ge\/az\/product\/dxi-af-direct-expansion-close-control-unit-air-condenser-with-additional-freecooling-coil-inverter-compressor\/#primaryimage\",\"url\":\"https:\/\/airrent.ge\/wp-content\/uploads\/2025\/04\/DXA-qh4ucv134jnc80daakorl9l7qlykalm6l6bnv22dq8-1-1.png\",\"contentUrl\":\"https:\/\/airrent.ge\/wp-content\/uploads\/2025\/04\/DXA-qh4ucv134jnc80daakorl9l7qlykalm6l6bnv22dq8-1-1.png\",\"width\":345,\"height\":540},{\"@type\":\"BreadcrumbList\",\"@id\":\"https:\/\/airrent.ge\/az\/product\/dxi-af-direct-expansion-close-control-unit-air-condenser-with-additional-freecooling-coil-inverter-compressor\/#breadcrumb\",\"itemListElement\":[{\"@type\":\"ListItem\",\"position\":1,\"name\":\"Home\",\"item\":\"https:\/\/airrent.ge\/az\/home\/\"},{\"@type\":\"ListItem\",\"position\":2,\"name\":\"M\u0259hsullar\",\"item\":\"https:\/\/airrent.ge\/az\/products\/\"},{\"@type\":\"ListItem\",\"position\":3,\"name\":\"DXi.AF Birba\u015fa geni\u015fl\u0259ndirm\u0259 qapal\u0131 idar\u0259etm\u0259 bloku \u0259lav\u0259 s\u0259rb\u0259st soyuducu rulonlu hava kondensatoru, \u00e7evirici kompressor\"}]},{\"@type\":\"WebSite\",\"@id\":\"https:\/\/airrent.ge\/#website\",\"url\":\"https:\/\/airrent.ge\/\",\"name\":\"airrent.ge\",\"description\":\"Rental Services\",\"publisher\":{\"@id\":\"https:\/\/airrent.ge\/#organization\"},\"potentialAction\":[{\"@type\":\"SearchAction\",\"target\":{\"@type\":\"EntryPoint\",\"urlTemplate\":\"https:\/\/airrent.ge\/?s={search_term_string}\"},\"query-input\":{\"@type\":\"PropertyValueSpecification\",\"valueRequired\":true,\"valueName\":\"search_term_string\"}}],\"inLanguage\":\"az\"},{\"@type\":\"Organization\",\"@id\":\"https:\/\/airrent.ge\/#organization\",\"name\":\"airrent.ge\",\"url\":\"https:\/\/airrent.ge\/\",\"logo\":{\"@type\":\"ImageObject\",\"inLanguage\":\"az\",\"@id\":\"https:\/\/airrent.ge\/#\/schema\/logo\/image\/\",\"url\":\"https:\/\/airrent.ge\/wp-content\/uploads\/2026\/03\/airrent.png\",\"contentUrl\":\"https:\/\/airrent.ge\/wp-content\/uploads\/2026\/03\/airrent.png\",\"width\":1536,\"height\":1024,\"caption\":\"airrent.ge\"},\"image\":{\"@id\":\"https:\/\/airrent.ge\/#\/schema\/logo\/image\/\"}}]}<\/script>\n<!-- \/ Yoast SEO plugin. -->","yoast_head_json":{"title":"DXi.AF Birba\u015fa geni\u015fl\u0259ndirm\u0259 qapal\u0131 idar\u0259etm\u0259 bloku \u0259lav\u0259 s\u0259rb\u0259st soyuducu rulonlu hava kondensatoru, \u00e7evirici kompressor - AirRent.ge","robots":{"index":"index","follow":"follow","max-snippet":"max-snippet:-1","max-image-preview":"max-image-preview:large","max-video-preview":"max-video-preview:-1"},"canonical":"https:\/\/airrent.ge\/az\/product\/dxi-af-direct-expansion-close-control-unit-air-condenser-with-additional-freecooling-coil-inverter-compressor\/","og_locale":"az_AZ","og_type":"article","og_title":"DXi.AF Birba\u015fa geni\u015fl\u0259ndirm\u0259 qapal\u0131 idar\u0259etm\u0259 bloku \u0259lav\u0259 s\u0259rb\u0259st soyuducu rulonlu hava kondensatoru, \u00e7evirici kompressor - AirRent.ge","og_description":"Yaln\u0131z \u015faquli qur\u011fular v\u0259 soyutma \u00fc\u00e7\u00fcn n\u0259zar\u0259t kondisionerl\u0259rini ba\u011flay\u0131n, istilik elementi, iste\u011fe ba\u011fl\u0131 n\u0259ml\u0259ndirici v\u0259 d\u0259qiq temperatur v\u0259 r\u00fctub\u0259t\u0259 n\u0259zar\u0259t \u00fc\u00e7\u00fcn n\u0259ml\u0259ndirici vasit\u0259sil\u0259 iste\u011fe ba\u011fl\u0131 q\u0131zd\u0131r\u0131n. X\u00fcsusil\u0259 serverl\u0259rd\u0259 v\u0259 \u0130T otaqlar\u0131nda v\u0259 \u00fcmumiyy\u0259tl\u0259 b\u00fct\u00fcn texnoloji t\u0259tbiql\u0259rd\u0259 d\u0259qiq kondisioner \u00fc\u00e7\u00fcn uy\u011fundur. \u0130NVERTER kompressorlu birba\u015fa geni\u015fl\u0259ndirm\u0259 PULSUZ SOYUTMA qur\u011fusu su il\u0259 soyudulur v\u0259 qo\u015fulmal\u0131d\u0131r uzaq quru soyuducuya. \u0130NVERTER kompressoru real daxili y\u00fck\u0259 uy\u011fun olaraq soyutma qabiliyy\u0259tinin modulyasiyas\u0131na imkan verir, x\u00fcsusil\u0259 qism\u0259n y\u00fckl\u0259rd\u0259 effektivdir v\u0259 q\u0259bul edil\u0259n g\u00fcc\u00fc optimalla\u015fd\u0131r\u0131r v\u0259 ba\u015flan\u011f\u0131c c\u0259r\u0259yan\u0131n\u0131 aradan qald\u0131r\u0131r. Elektron geni\u015fl\u0259ndirici klapan v\u0259 EC \u0130NVERTER fanatlar\u0131 il\u0259 t\u0259chiz olunmu\u015f b\u00f6lm\u0259l\u0259r, yuxar\u0131 v\u0259 ya a\u015fa\u011f\u0131 ax\u0131n","og_url":"https:\/\/airrent.ge\/az\/product\/dxi-af-direct-expansion-close-control-unit-air-condenser-with-additional-freecooling-coil-inverter-compressor\/","og_site_name":"AirRent.ge","article_modified_time":"2025-04-20T17:36:46+00:00","og_image":[{"width":345,"height":540,"url":"https:\/\/airrent.ge\/wp-content\/uploads\/2025\/04\/DXA-qh4ucv134jnc80daakorl9l7qlykalm6l6bnv22dq8-1-1.png","type":"image\/png"}],"twitter_card":"summary_large_image","schema":{"@context":"https:\/\/schema.org","@graph":[{"@type":"WebPage","@id":"https:\/\/airrent.ge\/az\/product\/dxi-af-direct-expansion-close-control-unit-air-condenser-with-additional-freecooling-coil-inverter-compressor\/","url":"https:\/\/airrent.ge\/az\/product\/dxi-af-direct-expansion-close-control-unit-air-condenser-with-additional-freecooling-coil-inverter-compressor\/","name":"DXi.AF Birba\u015fa geni\u015fl\u0259ndirm\u0259 qapal\u0131 idar\u0259etm\u0259 bloku \u0259lav\u0259 s\u0259rb\u0259st soyuducu rulonlu hava kondensatoru, \u00e7evirici kompressor - AirRent.ge","isPartOf":{"@id":"https:\/\/airrent.ge\/#website"},"primaryImageOfPage":{"@id":"https:\/\/airrent.ge\/az\/product\/dxi-af-direct-expansion-close-control-unit-air-condenser-with-additional-freecooling-coil-inverter-compressor\/#primaryimage"},"image":{"@id":"https:\/\/airrent.ge\/az\/product\/dxi-af-direct-expansion-close-control-unit-air-condenser-with-additional-freecooling-coil-inverter-compressor\/#primaryimage"},"thumbnailUrl":"https:\/\/airrent.ge\/wp-content\/uploads\/2025\/04\/DXA-qh4ucv134jnc80daakorl9l7qlykalm6l6bnv22dq8-1-1.png","datePublished":"2025-04-20T17:31:06+00:00","dateModified":"2025-04-20T17:36:46+00:00","breadcrumb":{"@id":"https:\/\/airrent.ge\/az\/product\/dxi-af-direct-expansion-close-control-unit-air-condenser-with-additional-freecooling-coil-inverter-compressor\/#breadcrumb"},"inLanguage":"az","potentialAction":[{"@type":"ReadAction","target":["https:\/\/airrent.ge\/az\/product\/dxi-af-direct-expansion-close-control-unit-air-condenser-with-additional-freecooling-coil-inverter-compressor\/"]}]},{"@type":"ImageObject","inLanguage":"az","@id":"https:\/\/airrent.ge\/az\/product\/dxi-af-direct-expansion-close-control-unit-air-condenser-with-additional-freecooling-coil-inverter-compressor\/#primaryimage","url":"https:\/\/airrent.ge\/wp-content\/uploads\/2025\/04\/DXA-qh4ucv134jnc80daakorl9l7qlykalm6l6bnv22dq8-1-1.png","contentUrl":"https:\/\/airrent.ge\/wp-content\/uploads\/2025\/04\/DXA-qh4ucv134jnc80daakorl9l7qlykalm6l6bnv22dq8-1-1.png","width":345,"height":540},{"@type":"BreadcrumbList","@id":"https:\/\/airrent.ge\/az\/product\/dxi-af-direct-expansion-close-control-unit-air-condenser-with-additional-freecooling-coil-inverter-compressor\/#breadcrumb","itemListElement":[{"@type":"ListItem","position":1,"name":"Home","item":"https:\/\/airrent.ge\/az\/home\/"},{"@type":"ListItem","position":2,"name":"M\u0259hsullar","item":"https:\/\/airrent.ge\/az\/products\/"},{"@type":"ListItem","position":3,"name":"DXi.AF Birba\u015fa geni\u015fl\u0259ndirm\u0259 qapal\u0131 idar\u0259etm\u0259 bloku \u0259lav\u0259 s\u0259rb\u0259st soyuducu rulonlu hava kondensatoru, \u00e7evirici kompressor"}]},{"@type":"WebSite","@id":"https:\/\/airrent.ge\/#website","url":"https:\/\/airrent.ge\/","name":"airrent.ge","description":"Rental Services","publisher":{"@id":"https:\/\/airrent.ge\/#organization"},"potentialAction":[{"@type":"SearchAction","target":{"@type":"EntryPoint","urlTemplate":"https:\/\/airrent.ge\/?s={search_term_string}"},"query-input":{"@type":"PropertyValueSpecification","valueRequired":true,"valueName":"search_term_string"}}],"inLanguage":"az"},{"@type":"Organization","@id":"https:\/\/airrent.ge\/#organization","name":"airrent.ge","url":"https:\/\/airrent.ge\/","logo":{"@type":"ImageObject","inLanguage":"az","@id":"https:\/\/airrent.ge\/#\/schema\/logo\/image\/","url":"https:\/\/airrent.ge\/wp-content\/uploads\/2026\/03\/airrent.png","contentUrl":"https:\/\/airrent.ge\/wp-content\/uploads\/2026\/03\/airrent.png","width":1536,"height":1024,"caption":"airrent.ge"},"image":{"@id":"https:\/\/airrent.ge\/#\/schema\/logo\/image\/"}}]}},"_links":{"self":[{"href":"https:\/\/airrent.ge\/az\/wp-json\/wp\/v2\/product\/30072","targetHints":{"allow":["GET"]}}],"collection":[{"href":"https:\/\/airrent.ge\/az\/wp-json\/wp\/v2\/product"}],"about":[{"href":"https:\/\/airrent.ge\/az\/wp-json\/wp\/v2\/types\/product"}],"wp:featuredmedia":[{"embeddable":true,"href":"https:\/\/airrent.ge\/az\/wp-json\/wp\/v2\/media\/30066"}],"wp:attachment":[{"href":"https:\/\/airrent.ge\/az\/wp-json\/wp\/v2\/media?parent=30072"}],"wp:term":[{"taxonomy":"product_brand","embeddable":true,"href":"https:\/\/airrent.ge\/az\/wp-json\/wp\/v2\/product_brand?post=30072"},{"taxonomy":"product_cat","embeddable":true,"href":"https:\/\/airrent.ge\/az\/wp-json\/wp\/v2\/product_cat?post=30072"},{"taxonomy":"product_tag","embeddable":true,"href":"https:\/\/airrent.ge\/az\/wp-json\/wp\/v2\/product_tag?post=30072"}],"curies":[{"name":"wp","href":"https:\/\/api.w.org\/{rel}","templated":true}]}}