{"id":30483,"date":"2025-04-30T23:12:30","date_gmt":"2025-04-30T19:12:30","guid":{"rendered":"https:\/\/airsystems.ge\/shop\/product\/wind-ressource-assessment\/"},"modified":"2025-05-01T16:28:20","modified_gmt":"2025-05-01T12:28:20","slug":"wind-ressource-assessment","status":"publish","type":"product","link":"https:\/\/airrent.ge\/az\/product\/wind-ressource-assessment\/","title":{"rendered":"Wind Ressource Assessment"},"content":{"rendered":"<h3>K\u00fcl\u0259k Ehtiyatlar\u0131n\u0131n Qiym\u0259tl\u0259ndirilm\u0259si \u00fc\u00e7\u00fcn k\u00fcl\u0259yin \u00f6l\u00e7\u00fclm\u0259si komponentl\u0259ri<\/h3>\n<ul>\n<li style=\"list-style-type: none;\">\n<ul>\n<li style=\"list-style-type: none;\">\n<ul>\n<li><a href=\"https:\/\/www.ammonit.com\/en\/products\/data-loggers\/\">K\u00fcl\u0259k m\u0259lumatlar\u0131n\u0131<\/a> qeyd etm\u0259k v\u0259 hesablamaq \u00fc\u00e7\u00fcn m\u0259lumat qeydl\u0259ri<br \/>\nK\u00fcl\u0259yin s\u00fcr\u0259tini \u00f6l\u00e7m\u0259k \u00fc\u00e7\u00fcn <a href=\"https:\/\/www.ammonit.com\/en\/products\/wind-sensors\/anemometers\/\">anemometrl\u0259r<\/a><br \/>\n<a href=\"https:\/\/www.ammonit.com\/en\/products\/wind-sensors\/wind-vanes\/\">K\u00fcl\u0259yin istiqam\u0259tini t\u0259yin etm\u0259<\/a>k \u00fc\u00e7\u00fcn k\u00fcl\u0259k qanadlar\u0131<br \/>\n<a href=\"https:\/\/www.ammonit.com\/en\/products\/wind-sensors\/temperature-humidity-sensors\/\">Hava s\u0131xl\u0131\u011f\u0131n\u0131 \u00f6l\u00e7m\u0259k \u00fc\u00e7\u00fcn temperatur<\/a> r\u00fctub\u0259t sensoru v\u0259\u00a0<a href=\"https:\/\/www.ammonit.com\/en\/products\/wind-sensors\/air-pressure-sensors\/\">hava t\u0259zyiqi sensoru<\/a><br \/>\n<a href=\"https:\/\/www.ammonit.com\/en\/products\/remote-sensing\/\">Uzaqdan zondlama sisteml\u0259ri<\/a>\u00a0&#8211;\u00a0<a href=\"https:\/\/www.ammonit.com\/en\/products\/remote-sensing\/product-details\/meteolaser_lidar\/\">LiDAR\u00a0<\/a>cihazlar\u0131<br \/>\n<a href=\"https:\/\/www.ammonit.com\/en\/products\/data-logger-accessories\/communication-systems\/\">\u00d6l\u00e7m\u0259 m\u0259lumatlar\u0131n\u0131 \u00f6t\u00fcrm\u0259k \u00fc\u00e7\u00fcn kommunikasiya sisteml\u0259ri<\/a><br \/>\n<a href=\"https:\/\/www.ammonit.com\/en\/products\/data-logger-accessories\/power-supply\/\">Enerji t\u0259chizat\u0131 sisteml\u0259ri<\/a><\/li>\n<\/ul>\n<\/li>\n<\/ul>\n<\/li>\n<\/ul>\n<h3>Standartlar v\u0259 T\u0259limatlar<\/h3>\n<ul>\n<li><a href=\"https:\/\/www.ammonit.com\/en\/customer-support\/knowledge\/standards-and-guidelines\/iec-61400-12-12017\/\" target=\"_blank\" rel=\"noopener\">IEC 61400-12-1:2017<\/a><\/li>\n<li><a href=\"https:\/\/www.ammonit.com\/en\/customer-support\/knowledge\/standards-and-guidelines\/measnet\/\" target=\"_blank\" rel=\"noopener\">MEASNET<\/a><\/li>\n<li><a href=\"https:\/\/www.ammonit.com\/en\/customer-support\/knowledge\/standards-and-guidelines\/tr6\/\" target=\"_blank\" rel=\"noopener\">TR6 (Rev.11)<\/a><\/li>\n<\/ul>\n","protected":false},"excerpt":{"rendered":"<p>K\u00fcl\u0259k fermas\u0131n\u0131 qurmazdan \u0259vv\u0259l sah\u0259nin qiym\u0259tl\u0259ndirilm\u0259si \u00fc\u00e7\u00fcn yerli k\u00fcl\u0259k \u015f\u0259raiti \u00f6l\u00e7\u00fclm\u0259lidir. Toplanm\u0131\u015f m\u0259lumatlara \u0259sas\u0259n m\u0259sl\u0259h\u0259t\u00e7il\u0259r g\u00f6zl\u0259nil\u0259n k\u00fcl\u0259k enerjisi m\u0259hsuldarl\u0131\u011f\u0131n\u0131 hesablay\u0131rlar.<\/p>\n<p>M\u00fcvafiq sensorlar, rabit\u0259 v\u0259 enerji t\u0259chizat\u0131 sistemi il\u0259 sayt\u0131n\u0131za m\u0259xsus k\u00fcl\u0259k \u00f6l\u00e7m\u0259 sisteminizi dizayn edirik.<\/p>\n<p>K\u00fcl\u0259k \u00f6l\u00e7m\u0259 kampaniyan\u0131z\u0131 m\u00fczakir\u0259 etm\u0259k \u00fc\u00e7\u00fcn biziml\u0259 v\u0259 ya t\u0259r\u0259fda\u015flar\u0131m\u0131zla \u0259laq\u0259 saxlay\u0131n.<\/p>\n","protected":false},"featured_media":30500,"template":"","meta":[],"product_brand":[],"product_cat":[1336,1342],"product_tag":[],"class_list":{"0":"post-30483","1":"product","2":"type-product","3":"status-publish","4":"has-post-thumbnail","6":"product_cat-brpa-olunan-enerji-kulk-v-guns-enerjisi-olcusu-az","7":"product_cat-kulk-resurslarinin-qiymtlndirilmsi","9":"first","10":"instock","11":"shipping-taxable","12":"product-type-simple"},"yoast_head":"<!-- This site is optimized with the Yoast SEO plugin v27.1.1 - https:\/\/yoast.com\/product\/yoast-seo-wordpress\/ -->\n<title>Wind Ressource Assessment - AirRent.ge<\/title>\n<meta name=\"robots\" content=\"index, follow, max-snippet:-1, max-image-preview:large, max-video-preview:-1\" \/>\n<link rel=\"canonical\" href=\"https:\/\/airrent.ge\/az\/product\/wind-ressource-assessment\/\" \/>\n<meta property=\"og:locale\" content=\"az_AZ\" \/>\n<meta property=\"og:type\" content=\"article\" \/>\n<meta property=\"og:title\" content=\"Wind Ressource Assessment - AirRent.ge\" \/>\n<meta property=\"og:description\" content=\"K\u00fcl\u0259k fermas\u0131n\u0131 qurmazdan \u0259vv\u0259l sah\u0259nin qiym\u0259tl\u0259ndirilm\u0259si \u00fc\u00e7\u00fcn yerli k\u00fcl\u0259k \u015f\u0259raiti \u00f6l\u00e7\u00fclm\u0259lidir. Toplanm\u0131\u015f m\u0259lumatlara \u0259sas\u0259n m\u0259sl\u0259h\u0259t\u00e7il\u0259r g\u00f6zl\u0259nil\u0259n k\u00fcl\u0259k enerjisi m\u0259hsuldarl\u0131\u011f\u0131n\u0131 hesablay\u0131rlar.  M\u00fcvafiq sensorlar, rabit\u0259 v\u0259 enerji t\u0259chizat\u0131 sistemi il\u0259 sayt\u0131n\u0131za m\u0259xsus k\u00fcl\u0259k \u00f6l\u00e7m\u0259 sisteminizi dizayn edirik.  K\u00fcl\u0259k \u00f6l\u00e7m\u0259 kampaniyan\u0131z\u0131 m\u00fczakir\u0259 etm\u0259k \u00fc\u00e7\u00fcn biziml\u0259 v\u0259 ya t\u0259r\u0259fda\u015flar\u0131m\u0131zla \u0259laq\u0259 saxlay\u0131n.\" \/>\n<meta property=\"og:url\" content=\"https:\/\/airrent.ge\/az\/product\/wind-ressource-assessment\/\" \/>\n<meta property=\"og:site_name\" content=\"AirRent.ge\" \/>\n<meta property=\"article:modified_time\" content=\"2025-05-01T12:28:20+00:00\" \/>\n<meta property=\"og:image\" content=\"https:\/\/airrent.ge\/wp-content\/uploads\/2025\/04\/ammonit-wind-ressource-assessment.jpg__1200x381_q85_subsampling-2-1.jpg\" \/>\n\t<meta property=\"og:image:width\" content=\"1200\" \/>\n\t<meta property=\"og:image:height\" content=\"381\" \/>\n\t<meta property=\"og:image:type\" content=\"image\/jpeg\" \/>\n<meta name=\"twitter:card\" content=\"summary_large_image\" \/>\n<meta name=\"twitter:label1\" content=\"Est. reading time\" \/>\n\t<meta name=\"twitter:data1\" content=\"1 minute\" \/>\n<script type=\"application\/ld+json\" class=\"yoast-schema-graph\">{\"@context\":\"https:\/\/schema.org\",\"@graph\":[{\"@type\":\"WebPage\",\"@id\":\"https:\/\/airrent.ge\/az\/product\/wind-ressource-assessment\/\",\"url\":\"https:\/\/airrent.ge\/az\/product\/wind-ressource-assessment\/\",\"name\":\"Wind Ressource Assessment - AirRent.ge\",\"isPartOf\":{\"@id\":\"https:\/\/airrent.ge\/#website\"},\"primaryImageOfPage\":{\"@id\":\"https:\/\/airrent.ge\/az\/product\/wind-ressource-assessment\/#primaryimage\"},\"image\":{\"@id\":\"https:\/\/airrent.ge\/az\/product\/wind-ressource-assessment\/#primaryimage\"},\"thumbnailUrl\":\"https:\/\/airrent.ge\/wp-content\/uploads\/2025\/04\/ammonit-wind-ressource-assessment.jpg__1200x381_q85_subsampling-2-1.jpg\",\"datePublished\":\"2025-04-30T19:12:30+00:00\",\"dateModified\":\"2025-05-01T12:28:20+00:00\",\"breadcrumb\":{\"@id\":\"https:\/\/airrent.ge\/az\/product\/wind-ressource-assessment\/#breadcrumb\"},\"inLanguage\":\"az\",\"potentialAction\":[{\"@type\":\"ReadAction\",\"target\":[\"https:\/\/airrent.ge\/az\/product\/wind-ressource-assessment\/\"]}]},{\"@type\":\"ImageObject\",\"inLanguage\":\"az\",\"@id\":\"https:\/\/airrent.ge\/az\/product\/wind-ressource-assessment\/#primaryimage\",\"url\":\"https:\/\/airrent.ge\/wp-content\/uploads\/2025\/04\/ammonit-wind-ressource-assessment.jpg__1200x381_q85_subsampling-2-1.jpg\",\"contentUrl\":\"https:\/\/airrent.ge\/wp-content\/uploads\/2025\/04\/ammonit-wind-ressource-assessment.jpg__1200x381_q85_subsampling-2-1.jpg\",\"width\":1200,\"height\":381},{\"@type\":\"BreadcrumbList\",\"@id\":\"https:\/\/airrent.ge\/az\/product\/wind-ressource-assessment\/#breadcrumb\",\"itemListElement\":[{\"@type\":\"ListItem\",\"position\":1,\"name\":\"Home\",\"item\":\"https:\/\/airrent.ge\/az\/home\/\"},{\"@type\":\"ListItem\",\"position\":2,\"name\":\"M\u0259hsullar\",\"item\":\"https:\/\/airrent.ge\/az\/products\/\"},{\"@type\":\"ListItem\",\"position\":3,\"name\":\"Wind Ressource Assessment\"}]},{\"@type\":\"WebSite\",\"@id\":\"https:\/\/airrent.ge\/#website\",\"url\":\"https:\/\/airrent.ge\/\",\"name\":\"airrent.ge\",\"description\":\"Rental Services\",\"publisher\":{\"@id\":\"https:\/\/airrent.ge\/#organization\"},\"potentialAction\":[{\"@type\":\"SearchAction\",\"target\":{\"@type\":\"EntryPoint\",\"urlTemplate\":\"https:\/\/airrent.ge\/?s={search_term_string}\"},\"query-input\":{\"@type\":\"PropertyValueSpecification\",\"valueRequired\":true,\"valueName\":\"search_term_string\"}}],\"inLanguage\":\"az\"},{\"@type\":\"Organization\",\"@id\":\"https:\/\/airrent.ge\/#organization\",\"name\":\"airrent.ge\",\"url\":\"https:\/\/airrent.ge\/\",\"logo\":{\"@type\":\"ImageObject\",\"inLanguage\":\"az\",\"@id\":\"https:\/\/airrent.ge\/#\/schema\/logo\/image\/\",\"url\":\"https:\/\/airrent.ge\/wp-content\/uploads\/2026\/03\/airrent.png\",\"contentUrl\":\"https:\/\/airrent.ge\/wp-content\/uploads\/2026\/03\/airrent.png\",\"width\":1536,\"height\":1024,\"caption\":\"airrent.ge\"},\"image\":{\"@id\":\"https:\/\/airrent.ge\/#\/schema\/logo\/image\/\"}}]}<\/script>\n<!-- \/ Yoast SEO plugin. -->","yoast_head_json":{"title":"Wind Ressource Assessment - AirRent.ge","robots":{"index":"index","follow":"follow","max-snippet":"max-snippet:-1","max-image-preview":"max-image-preview:large","max-video-preview":"max-video-preview:-1"},"canonical":"https:\/\/airrent.ge\/az\/product\/wind-ressource-assessment\/","og_locale":"az_AZ","og_type":"article","og_title":"Wind Ressource Assessment - AirRent.ge","og_description":"K\u00fcl\u0259k fermas\u0131n\u0131 qurmazdan \u0259vv\u0259l sah\u0259nin qiym\u0259tl\u0259ndirilm\u0259si \u00fc\u00e7\u00fcn yerli k\u00fcl\u0259k \u015f\u0259raiti \u00f6l\u00e7\u00fclm\u0259lidir. Toplanm\u0131\u015f m\u0259lumatlara \u0259sas\u0259n m\u0259sl\u0259h\u0259t\u00e7il\u0259r g\u00f6zl\u0259nil\u0259n k\u00fcl\u0259k enerjisi m\u0259hsuldarl\u0131\u011f\u0131n\u0131 hesablay\u0131rlar.  M\u00fcvafiq sensorlar, rabit\u0259 v\u0259 enerji t\u0259chizat\u0131 sistemi il\u0259 sayt\u0131n\u0131za m\u0259xsus k\u00fcl\u0259k \u00f6l\u00e7m\u0259 sisteminizi dizayn edirik.  K\u00fcl\u0259k \u00f6l\u00e7m\u0259 kampaniyan\u0131z\u0131 m\u00fczakir\u0259 etm\u0259k \u00fc\u00e7\u00fcn biziml\u0259 v\u0259 ya t\u0259r\u0259fda\u015flar\u0131m\u0131zla \u0259laq\u0259 saxlay\u0131n.","og_url":"https:\/\/airrent.ge\/az\/product\/wind-ressource-assessment\/","og_site_name":"AirRent.ge","article_modified_time":"2025-05-01T12:28:20+00:00","og_image":[{"width":1200,"height":381,"url":"https:\/\/airrent.ge\/wp-content\/uploads\/2025\/04\/ammonit-wind-ressource-assessment.jpg__1200x381_q85_subsampling-2-1.jpg","type":"image\/jpeg"}],"twitter_card":"summary_large_image","twitter_misc":{"Est. reading time":"1 minute"},"schema":{"@context":"https:\/\/schema.org","@graph":[{"@type":"WebPage","@id":"https:\/\/airrent.ge\/az\/product\/wind-ressource-assessment\/","url":"https:\/\/airrent.ge\/az\/product\/wind-ressource-assessment\/","name":"Wind Ressource Assessment - AirRent.ge","isPartOf":{"@id":"https:\/\/airrent.ge\/#website"},"primaryImageOfPage":{"@id":"https:\/\/airrent.ge\/az\/product\/wind-ressource-assessment\/#primaryimage"},"image":{"@id":"https:\/\/airrent.ge\/az\/product\/wind-ressource-assessment\/#primaryimage"},"thumbnailUrl":"https:\/\/airrent.ge\/wp-content\/uploads\/2025\/04\/ammonit-wind-ressource-assessment.jpg__1200x381_q85_subsampling-2-1.jpg","datePublished":"2025-04-30T19:12:30+00:00","dateModified":"2025-05-01T12:28:20+00:00","breadcrumb":{"@id":"https:\/\/airrent.ge\/az\/product\/wind-ressource-assessment\/#breadcrumb"},"inLanguage":"az","potentialAction":[{"@type":"ReadAction","target":["https:\/\/airrent.ge\/az\/product\/wind-ressource-assessment\/"]}]},{"@type":"ImageObject","inLanguage":"az","@id":"https:\/\/airrent.ge\/az\/product\/wind-ressource-assessment\/#primaryimage","url":"https:\/\/airrent.ge\/wp-content\/uploads\/2025\/04\/ammonit-wind-ressource-assessment.jpg__1200x381_q85_subsampling-2-1.jpg","contentUrl":"https:\/\/airrent.ge\/wp-content\/uploads\/2025\/04\/ammonit-wind-ressource-assessment.jpg__1200x381_q85_subsampling-2-1.jpg","width":1200,"height":381},{"@type":"BreadcrumbList","@id":"https:\/\/airrent.ge\/az\/product\/wind-ressource-assessment\/#breadcrumb","itemListElement":[{"@type":"ListItem","position":1,"name":"Home","item":"https:\/\/airrent.ge\/az\/home\/"},{"@type":"ListItem","position":2,"name":"M\u0259hsullar","item":"https:\/\/airrent.ge\/az\/products\/"},{"@type":"ListItem","position":3,"name":"Wind Ressource Assessment"}]},{"@type":"WebSite","@id":"https:\/\/airrent.ge\/#website","url":"https:\/\/airrent.ge\/","name":"airrent.ge","description":"Rental Services","publisher":{"@id":"https:\/\/airrent.ge\/#organization"},"potentialAction":[{"@type":"SearchAction","target":{"@type":"EntryPoint","urlTemplate":"https:\/\/airrent.ge\/?s={search_term_string}"},"query-input":{"@type":"PropertyValueSpecification","valueRequired":true,"valueName":"search_term_string"}}],"inLanguage":"az"},{"@type":"Organization","@id":"https:\/\/airrent.ge\/#organization","name":"airrent.ge","url":"https:\/\/airrent.ge\/","logo":{"@type":"ImageObject","inLanguage":"az","@id":"https:\/\/airrent.ge\/#\/schema\/logo\/image\/","url":"https:\/\/airrent.ge\/wp-content\/uploads\/2026\/03\/airrent.png","contentUrl":"https:\/\/airrent.ge\/wp-content\/uploads\/2026\/03\/airrent.png","width":1536,"height":1024,"caption":"airrent.ge"},"image":{"@id":"https:\/\/airrent.ge\/#\/schema\/logo\/image\/"}}]}},"_links":{"self":[{"href":"https:\/\/airrent.ge\/az\/wp-json\/wp\/v2\/product\/30483","targetHints":{"allow":["GET"]}}],"collection":[{"href":"https:\/\/airrent.ge\/az\/wp-json\/wp\/v2\/product"}],"about":[{"href":"https:\/\/airrent.ge\/az\/wp-json\/wp\/v2\/types\/product"}],"wp:featuredmedia":[{"embeddable":true,"href":"https:\/\/airrent.ge\/az\/wp-json\/wp\/v2\/media\/30500"}],"wp:attachment":[{"href":"https:\/\/airrent.ge\/az\/wp-json\/wp\/v2\/media?parent=30483"}],"wp:term":[{"taxonomy":"product_brand","embeddable":true,"href":"https:\/\/airrent.ge\/az\/wp-json\/wp\/v2\/product_brand?post=30483"},{"taxonomy":"product_cat","embeddable":true,"href":"https:\/\/airrent.ge\/az\/wp-json\/wp\/v2\/product_cat?post=30483"},{"taxonomy":"product_tag","embeddable":true,"href":"https:\/\/airrent.ge\/az\/wp-json\/wp\/v2\/product_tag?post=30483"}],"curies":[{"name":"wp","href":"https:\/\/api.w.org\/{rel}","templated":true}]}}