{"id":30543,"date":"2025-05-02T13:53:23","date_gmt":"2025-05-02T09:53:23","guid":{"rendered":"https:\/\/airsystems.ge\/shop\/product\/wind-measurement-in-cold-climate\/"},"modified":"2025-05-02T14:08:23","modified_gmt":"2025-05-02T10:08:23","slug":"wind-measurement-in-cold-climate","status":"publish","type":"product","link":"https:\/\/airrent.ge\/az\/product\/wind-measurement-in-cold-climate\/","title":{"rendered":"Soyuq \u0130qlimd\u0259 K\u00fcl\u0259k \u00d6l\u00e7\u00fcs\u00fc"},"content":{"rendered":"<h3>Soyuq iqlimd\u0259 k\u00fcl\u0259yin \u00f6l\u00e7\u00fclm\u0259si il\u0259 ba\u011fl\u0131 probleml\u0259r<\/h3>\n<p>Sensorlar\u0131n buzlanmas\u0131<br \/>\nQar\u0131\u015f\u0131q dir\u0259k tikintisinin buzlanmas\u0131<br \/>\nQar v\u0259 buzla \u0259laq\u0259dar uy\u011funsuz \u00f6l\u00e7m\u0259 m\u0259lumatlar\u0131<br \/>\nDaha m\u00fcr\u0259kk\u0259b hesablamalar s\u0259b\u0259bind\u0259n k\u00fcl\u0259k \u015f\u0259raitini qiym\u0259tl\u0259ndirm\u0259kd\u0259 \u00e7\u0259tinlikl\u0259r<br \/>\nEtibarl\u0131 istilik sensorlar\u0131na enerji t\u0259chizat\u0131 v\u0259 s.<\/p>\n<p>Soyuq iqlimd\u0259 \u00f6l\u00e7m\u0259 il\u0259 ba\u011fl\u0131 suallar\u0131n\u0131z varm\u0131? Sat\u0131\u015f komandam\u0131z sizin \u00fc\u00e7\u00fcn buradad\u0131r.<\/p>\n<h3>Soyuq iqlimd\u0259 k\u00fcl\u0259yin \u00f6l\u00e7\u00fclm\u0259si komponentl\u0259ri<\/h3>\n<p><a href=\"https:\/\/www.ammonit.com\/en\/products\/data-loggers\/\">K\u00fcl\u0259k m\u0259lumatlar\u0131n\u0131<\/a>\u00a0qeyd etm\u0259k v\u0259 hesablamaq \u00fc\u00e7\u00fcn m\u0259lumat qeydl\u0259ri<br \/>\nK\u00fcl\u0259yin s\u00fcr\u0259tini \u00f6l\u00e7m\u0259k \u00fc\u00e7\u00fcn\u00a0<a href=\"https:\/\/www.ammonit.com\/en\/products\/wind-sensors\/anemometers\/\">anemometrl\u0259r<\/a><br \/>\n<a href=\"https:\/\/www.ammonit.com\/en\/products\/wind-sensors\/wind-vanes\/\">K\u00fcl\u0259yin istiqam\u0259tini t\u0259yin etm\u0259<\/a>k \u00fc\u00e7\u00fcn k\u00fcl\u0259k qanadlar\u0131<br \/>\n<a href=\"https:\/\/www.ammonit.com\/en\/products\/wind-sensors\/temperature-humidity-sensors\/\">Hava s\u0131xl\u0131\u011f\u0131n\u0131 \u00f6l\u00e7m\u0259k \u00fc\u00e7\u00fcn temperatur<\/a>\u00a0r\u00fctub\u0259t sensoru v\u0259\u00a0<a href=\"https:\/\/www.ammonit.com\/en\/products\/wind-sensors\/air-pressure-sensors\/\">hava t\u0259zyiqi sensoru<\/a><br \/>\n<a href=\"https:\/\/www.ammonit.com\/en\/products\/remote-sensing\/\">Uzaqdan zondlama sisteml\u0259ri<\/a>\u00a0\u2013\u00a0<a href=\"https:\/\/www.ammonit.com\/en\/products\/remote-sensing\/product-details\/meteolaser_lidar\/\">LiDAR\u00a0<\/a>cihazlar\u0131<br \/>\n<a href=\"https:\/\/www.ammonit.com\/en\/products\/data-logger-accessories\/communication-systems\/\">\u00d6l\u00e7m\u0259 m\u0259lumatlar\u0131n\u0131 \u00f6t\u00fcrm\u0259k \u00fc\u00e7\u00fcn kommunikasiya sisteml\u0259ri<\/a><br \/>\n<a href=\"https:\/\/www.ammonit.com\/en\/products\/data-logger-accessories\/power-supply\/\">Enerji t\u0259chizat\u0131 sisteml\u0259ri<\/a><\/p>\n<h3>Standartlar v\u0259 T\u0259limatlar<\/h3>\n<ul>\n<li><a href=\"https:\/\/www.ammonit.com\/en\/customer-support\/knowledge\/standards-and-guidelines\/iec-61400-12-12017\/\" target=\"_blank\" rel=\"noopener\">IEC 61400-12-1:2017<\/a><\/li>\n<li><a href=\"https:\/\/www.ammonit.com\/en\/customer-support\/knowledge\/standards-and-guidelines\/measnet\/\" target=\"_blank\" rel=\"noopener\">MEASNET<\/a><\/li>\n<li><a href=\"https:\/\/www.ammonit.com\/en\/customer-support\/knowledge\/standards-and-guidelines\/tr6\/\" target=\"_blank\" rel=\"noopener\">TR6 (Rev.11)<\/a><\/li>\n<\/ul>\n<p>&nbsp;<\/p>\n","protected":false},"excerpt":{"rendered":"<h1>Soyuq \u0130qlimd\u0259 K\u00fcl\u0259k \u00d6l\u00e7\u00fcs\u00fc<\/h1>\n<p>Soyuq iqlim b\u00f6lg\u0259l\u0259rind\u0259 \u00f6l\u00e7m\u0259 kampaniyalar\u0131 \u00fc\u00e7\u00fcn \u00f6l\u00e7m\u0259 al\u0259tl\u0259rini diqq\u0259tl\u0259 se\u00e7m\u0259k vacibdir. X\u00fcsusil\u0259 sensorlar\u0131n buzlanmas\u0131 v\u0259 yanl\u0131\u015f qura\u015fd\u0131r\u0131lm\u0131\u015f mast konstruksiyas\u0131 \u00f6l\u00e7m\u0259 x\u0259talar\u0131na v\u0259 m\u0259lumatlar\u0131n itirilm\u0259sin\u0259 s\u0259b\u0259b ola bil\u0259r. Etibarl\u0131 enerji istehlak\u0131 \u00f6l\u00e7m\u0259 sistemini d\u00fczg\u00fcn q\u0131zd\u0131rmaq \u00fc\u00e7\u00fcn \u00e7ox vacibdir.<\/p>\n","protected":false},"featured_media":30538,"template":"","meta":[],"product_brand":[],"product_cat":[1349,1367],"product_tag":[],"class_list":{"0":"post-30543","1":"product","2":"type-product","3":"status-publish","4":"has-post-thumbnail","6":"product_cat-kulk-enerjisi","7":"product_cat-soyuq-iqlimd-kulk-olcusu","9":"first","10":"instock","11":"shipping-taxable","12":"product-type-simple"},"yoast_head":"<!-- This site is optimized with the Yoast SEO plugin v27.1.1 - https:\/\/yoast.com\/product\/yoast-seo-wordpress\/ -->\n<title>Soyuq \u0130qlimd\u0259 K\u00fcl\u0259k \u00d6l\u00e7\u00fcs\u00fc - AirRent.ge<\/title>\n<meta name=\"robots\" content=\"index, follow, max-snippet:-1, max-image-preview:large, max-video-preview:-1\" \/>\n<link rel=\"canonical\" href=\"https:\/\/airrent.ge\/az\/product\/wind-measurement-in-cold-climate\/\" \/>\n<meta property=\"og:locale\" content=\"az_AZ\" \/>\n<meta property=\"og:type\" content=\"article\" \/>\n<meta property=\"og:title\" content=\"Soyuq \u0130qlimd\u0259 K\u00fcl\u0259k \u00d6l\u00e7\u00fcs\u00fc - AirRent.ge\" \/>\n<meta property=\"og:description\" content=\"Soyuq \u0130qlimd\u0259 K\u00fcl\u0259k \u00d6l\u00e7\u00fcs\u00fc Soyuq iqlim b\u00f6lg\u0259l\u0259rind\u0259 \u00f6l\u00e7m\u0259 kampaniyalar\u0131 \u00fc\u00e7\u00fcn \u00f6l\u00e7m\u0259 al\u0259tl\u0259rini diqq\u0259tl\u0259 se\u00e7m\u0259k vacibdir. X\u00fcsusil\u0259 sensorlar\u0131n buzlanmas\u0131 v\u0259 yanl\u0131\u015f qura\u015fd\u0131r\u0131lm\u0131\u015f mast konstruksiyas\u0131 \u00f6l\u00e7m\u0259 x\u0259talar\u0131na v\u0259 m\u0259lumatlar\u0131n itirilm\u0259sin\u0259 s\u0259b\u0259b ola bil\u0259r. Etibarl\u0131 enerji istehlak\u0131 \u00f6l\u00e7m\u0259 sistemini d\u00fczg\u00fcn q\u0131zd\u0131rmaq \u00fc\u00e7\u00fcn \u00e7ox vacibdir.\" \/>\n<meta property=\"og:url\" content=\"https:\/\/airrent.ge\/az\/product\/wind-measurement-in-cold-climate\/\" \/>\n<meta property=\"og:site_name\" content=\"AirRent.ge\" \/>\n<meta property=\"article:modified_time\" content=\"2025-05-02T10:08:23+00:00\" \/>\n<meta property=\"og:image\" content=\"https:\/\/airrent.ge\/wp-content\/uploads\/2025\/05\/ammonit-cold-climate.jpg__1200x298_q85_subsampling-2-1.jpg\" \/>\n\t<meta property=\"og:image:width\" content=\"1200\" \/>\n\t<meta property=\"og:image:height\" content=\"298\" \/>\n\t<meta property=\"og:image:type\" content=\"image\/jpeg\" \/>\n<meta name=\"twitter:card\" content=\"summary_large_image\" \/>\n<meta name=\"twitter:label1\" content=\"Est. reading time\" \/>\n\t<meta name=\"twitter:data1\" content=\"1 minute\" \/>\n<script type=\"application\/ld+json\" class=\"yoast-schema-graph\">{\"@context\":\"https:\/\/schema.org\",\"@graph\":[{\"@type\":\"WebPage\",\"@id\":\"https:\/\/airrent.ge\/az\/product\/wind-measurement-in-cold-climate\/\",\"url\":\"https:\/\/airrent.ge\/az\/product\/wind-measurement-in-cold-climate\/\",\"name\":\"Soyuq \u0130qlimd\u0259 K\u00fcl\u0259k \u00d6l\u00e7\u00fcs\u00fc - AirRent.ge\",\"isPartOf\":{\"@id\":\"https:\/\/airrent.ge\/#website\"},\"primaryImageOfPage\":{\"@id\":\"https:\/\/airrent.ge\/az\/product\/wind-measurement-in-cold-climate\/#primaryimage\"},\"image\":{\"@id\":\"https:\/\/airrent.ge\/az\/product\/wind-measurement-in-cold-climate\/#primaryimage\"},\"thumbnailUrl\":\"https:\/\/airrent.ge\/wp-content\/uploads\/2025\/05\/ammonit-cold-climate.jpg__1200x298_q85_subsampling-2-1.jpg\",\"datePublished\":\"2025-05-02T09:53:23+00:00\",\"dateModified\":\"2025-05-02T10:08:23+00:00\",\"breadcrumb\":{\"@id\":\"https:\/\/airrent.ge\/az\/product\/wind-measurement-in-cold-climate\/#breadcrumb\"},\"inLanguage\":\"az\",\"potentialAction\":[{\"@type\":\"ReadAction\",\"target\":[\"https:\/\/airrent.ge\/az\/product\/wind-measurement-in-cold-climate\/\"]}]},{\"@type\":\"ImageObject\",\"inLanguage\":\"az\",\"@id\":\"https:\/\/airrent.ge\/az\/product\/wind-measurement-in-cold-climate\/#primaryimage\",\"url\":\"https:\/\/airrent.ge\/wp-content\/uploads\/2025\/05\/ammonit-cold-climate.jpg__1200x298_q85_subsampling-2-1.jpg\",\"contentUrl\":\"https:\/\/airrent.ge\/wp-content\/uploads\/2025\/05\/ammonit-cold-climate.jpg__1200x298_q85_subsampling-2-1.jpg\",\"width\":1200,\"height\":298},{\"@type\":\"BreadcrumbList\",\"@id\":\"https:\/\/airrent.ge\/az\/product\/wind-measurement-in-cold-climate\/#breadcrumb\",\"itemListElement\":[{\"@type\":\"ListItem\",\"position\":1,\"name\":\"Home\",\"item\":\"https:\/\/airrent.ge\/az\/home\/\"},{\"@type\":\"ListItem\",\"position\":2,\"name\":\"M\u0259hsullar\",\"item\":\"https:\/\/airrent.ge\/az\/products\/\"},{\"@type\":\"ListItem\",\"position\":3,\"name\":\"Soyuq \u0130qlimd\u0259 K\u00fcl\u0259k \u00d6l\u00e7\u00fcs\u00fc\"}]},{\"@type\":\"WebSite\",\"@id\":\"https:\/\/airrent.ge\/#website\",\"url\":\"https:\/\/airrent.ge\/\",\"name\":\"airrent.ge\",\"description\":\"Rental Services\",\"publisher\":{\"@id\":\"https:\/\/airrent.ge\/#organization\"},\"potentialAction\":[{\"@type\":\"SearchAction\",\"target\":{\"@type\":\"EntryPoint\",\"urlTemplate\":\"https:\/\/airrent.ge\/?s={search_term_string}\"},\"query-input\":{\"@type\":\"PropertyValueSpecification\",\"valueRequired\":true,\"valueName\":\"search_term_string\"}}],\"inLanguage\":\"az\"},{\"@type\":\"Organization\",\"@id\":\"https:\/\/airrent.ge\/#organization\",\"name\":\"airrent.ge\",\"url\":\"https:\/\/airrent.ge\/\",\"logo\":{\"@type\":\"ImageObject\",\"inLanguage\":\"az\",\"@id\":\"https:\/\/airrent.ge\/#\/schema\/logo\/image\/\",\"url\":\"https:\/\/airrent.ge\/wp-content\/uploads\/2026\/03\/airrent.png\",\"contentUrl\":\"https:\/\/airrent.ge\/wp-content\/uploads\/2026\/03\/airrent.png\",\"width\":1536,\"height\":1024,\"caption\":\"airrent.ge\"},\"image\":{\"@id\":\"https:\/\/airrent.ge\/#\/schema\/logo\/image\/\"}}]}<\/script>\n<!-- \/ Yoast SEO plugin. -->","yoast_head_json":{"title":"Soyuq \u0130qlimd\u0259 K\u00fcl\u0259k \u00d6l\u00e7\u00fcs\u00fc - AirRent.ge","robots":{"index":"index","follow":"follow","max-snippet":"max-snippet:-1","max-image-preview":"max-image-preview:large","max-video-preview":"max-video-preview:-1"},"canonical":"https:\/\/airrent.ge\/az\/product\/wind-measurement-in-cold-climate\/","og_locale":"az_AZ","og_type":"article","og_title":"Soyuq \u0130qlimd\u0259 K\u00fcl\u0259k \u00d6l\u00e7\u00fcs\u00fc - AirRent.ge","og_description":"Soyuq \u0130qlimd\u0259 K\u00fcl\u0259k \u00d6l\u00e7\u00fcs\u00fc Soyuq iqlim b\u00f6lg\u0259l\u0259rind\u0259 \u00f6l\u00e7m\u0259 kampaniyalar\u0131 \u00fc\u00e7\u00fcn \u00f6l\u00e7m\u0259 al\u0259tl\u0259rini diqq\u0259tl\u0259 se\u00e7m\u0259k vacibdir. X\u00fcsusil\u0259 sensorlar\u0131n buzlanmas\u0131 v\u0259 yanl\u0131\u015f qura\u015fd\u0131r\u0131lm\u0131\u015f mast konstruksiyas\u0131 \u00f6l\u00e7m\u0259 x\u0259talar\u0131na v\u0259 m\u0259lumatlar\u0131n itirilm\u0259sin\u0259 s\u0259b\u0259b ola bil\u0259r. Etibarl\u0131 enerji istehlak\u0131 \u00f6l\u00e7m\u0259 sistemini d\u00fczg\u00fcn q\u0131zd\u0131rmaq \u00fc\u00e7\u00fcn \u00e7ox vacibdir.","og_url":"https:\/\/airrent.ge\/az\/product\/wind-measurement-in-cold-climate\/","og_site_name":"AirRent.ge","article_modified_time":"2025-05-02T10:08:23+00:00","og_image":[{"width":1200,"height":298,"url":"https:\/\/airrent.ge\/wp-content\/uploads\/2025\/05\/ammonit-cold-climate.jpg__1200x298_q85_subsampling-2-1.jpg","type":"image\/jpeg"}],"twitter_card":"summary_large_image","twitter_misc":{"Est. reading time":"1 minute"},"schema":{"@context":"https:\/\/schema.org","@graph":[{"@type":"WebPage","@id":"https:\/\/airrent.ge\/az\/product\/wind-measurement-in-cold-climate\/","url":"https:\/\/airrent.ge\/az\/product\/wind-measurement-in-cold-climate\/","name":"Soyuq \u0130qlimd\u0259 K\u00fcl\u0259k \u00d6l\u00e7\u00fcs\u00fc - AirRent.ge","isPartOf":{"@id":"https:\/\/airrent.ge\/#website"},"primaryImageOfPage":{"@id":"https:\/\/airrent.ge\/az\/product\/wind-measurement-in-cold-climate\/#primaryimage"},"image":{"@id":"https:\/\/airrent.ge\/az\/product\/wind-measurement-in-cold-climate\/#primaryimage"},"thumbnailUrl":"https:\/\/airrent.ge\/wp-content\/uploads\/2025\/05\/ammonit-cold-climate.jpg__1200x298_q85_subsampling-2-1.jpg","datePublished":"2025-05-02T09:53:23+00:00","dateModified":"2025-05-02T10:08:23+00:00","breadcrumb":{"@id":"https:\/\/airrent.ge\/az\/product\/wind-measurement-in-cold-climate\/#breadcrumb"},"inLanguage":"az","potentialAction":[{"@type":"ReadAction","target":["https:\/\/airrent.ge\/az\/product\/wind-measurement-in-cold-climate\/"]}]},{"@type":"ImageObject","inLanguage":"az","@id":"https:\/\/airrent.ge\/az\/product\/wind-measurement-in-cold-climate\/#primaryimage","url":"https:\/\/airrent.ge\/wp-content\/uploads\/2025\/05\/ammonit-cold-climate.jpg__1200x298_q85_subsampling-2-1.jpg","contentUrl":"https:\/\/airrent.ge\/wp-content\/uploads\/2025\/05\/ammonit-cold-climate.jpg__1200x298_q85_subsampling-2-1.jpg","width":1200,"height":298},{"@type":"BreadcrumbList","@id":"https:\/\/airrent.ge\/az\/product\/wind-measurement-in-cold-climate\/#breadcrumb","itemListElement":[{"@type":"ListItem","position":1,"name":"Home","item":"https:\/\/airrent.ge\/az\/home\/"},{"@type":"ListItem","position":2,"name":"M\u0259hsullar","item":"https:\/\/airrent.ge\/az\/products\/"},{"@type":"ListItem","position":3,"name":"Soyuq \u0130qlimd\u0259 K\u00fcl\u0259k \u00d6l\u00e7\u00fcs\u00fc"}]},{"@type":"WebSite","@id":"https:\/\/airrent.ge\/#website","url":"https:\/\/airrent.ge\/","name":"airrent.ge","description":"Rental Services","publisher":{"@id":"https:\/\/airrent.ge\/#organization"},"potentialAction":[{"@type":"SearchAction","target":{"@type":"EntryPoint","urlTemplate":"https:\/\/airrent.ge\/?s={search_term_string}"},"query-input":{"@type":"PropertyValueSpecification","valueRequired":true,"valueName":"search_term_string"}}],"inLanguage":"az"},{"@type":"Organization","@id":"https:\/\/airrent.ge\/#organization","name":"airrent.ge","url":"https:\/\/airrent.ge\/","logo":{"@type":"ImageObject","inLanguage":"az","@id":"https:\/\/airrent.ge\/#\/schema\/logo\/image\/","url":"https:\/\/airrent.ge\/wp-content\/uploads\/2026\/03\/airrent.png","contentUrl":"https:\/\/airrent.ge\/wp-content\/uploads\/2026\/03\/airrent.png","width":1536,"height":1024,"caption":"airrent.ge"},"image":{"@id":"https:\/\/airrent.ge\/#\/schema\/logo\/image\/"}}]}},"_links":{"self":[{"href":"https:\/\/airrent.ge\/az\/wp-json\/wp\/v2\/product\/30543","targetHints":{"allow":["GET"]}}],"collection":[{"href":"https:\/\/airrent.ge\/az\/wp-json\/wp\/v2\/product"}],"about":[{"href":"https:\/\/airrent.ge\/az\/wp-json\/wp\/v2\/types\/product"}],"wp:featuredmedia":[{"embeddable":true,"href":"https:\/\/airrent.ge\/az\/wp-json\/wp\/v2\/media\/30538"}],"wp:attachment":[{"href":"https:\/\/airrent.ge\/az\/wp-json\/wp\/v2\/media?parent=30543"}],"wp:term":[{"taxonomy":"product_brand","embeddable":true,"href":"https:\/\/airrent.ge\/az\/wp-json\/wp\/v2\/product_brand?post=30543"},{"taxonomy":"product_cat","embeddable":true,"href":"https:\/\/airrent.ge\/az\/wp-json\/wp\/v2\/product_cat?post=30543"},{"taxonomy":"product_tag","embeddable":true,"href":"https:\/\/airrent.ge\/az\/wp-json\/wp\/v2\/product_tag?post=30543"}],"curies":[{"name":"wp","href":"https:\/\/api.w.org\/{rel}","templated":true}]}}