{"id":30909,"date":"2025-05-10T22:59:58","date_gmt":"2025-05-10T18:59:58","guid":{"rendered":"https:\/\/airsystems.ge\/shop\/product\/anemometer-young-propeller-for-vertical-measurements-cft-propeller-27106t\/"},"modified":"2025-05-10T23:03:35","modified_gmt":"2025-05-10T19:03:35","slug":"anemometer-young-propeller-for-vertical-measurements-cft-propeller-27106t","status":"publish","type":"product","link":"https:\/\/airrent.ge\/az\/product\/anemometer-young-propeller-for-vertical-measurements-cft-propeller-27106t\/","title":{"rendered":"\u015eaquli \u00f6l\u00e7m\u0259l\u0259r \u00fc\u00e7\u00fcn Anemometr G\u0259nc Pervane, CFT Pervane 27106T"},"content":{"rendered":"<ul>\n<li>A\u015fa\u011f\u0131 e\u015fik d\u0259qiqlikli hava s\u00fcr\u0259ti sensoru<br \/>\nS\u00fcr\u0259tli cavab ver\u0259n helikoid pervane<br \/>\n\u015eaquli hava \u00f6l\u00e7\u00fcl\u0259ri<br \/>\nPervane anemometri d\u0259qiq, t\u0259k oxlu k\u00fcl\u0259k \u00f6l\u00e7m\u0259 al\u0259tidir. Anemometr, hava s\u00fcr\u0259tin\u0259 x\u0259tti olaraq m\u00fct\u0259nasib bir DC g\u0259rginliyi istehsal etm\u0259k \u00fc\u00e7\u00fcn s\u00fcr\u0259tli reaksiya ver\u0259n helikoid pervane v\u0259 y\u00fcks\u0259k keyfiyy\u0259tli tax-generator \u00e7eviricisind\u0259n istifad\u0259 edir.<\/p>\n<p>\u0130st\u0259nil\u0259n istiqam\u0259td\u0259n hava ax\u0131n\u0131 \u00f6l\u00e7\u00fcl\u0259 bil\u0259r, lakin pervane yaln\u0131z f\u0131rlanma oxuna paralel olan hava ax\u0131n\u0131n\u0131n komponentin\u0259 cavab verir. Oxdan k\u0259nar cavab uy\u011fun polarite il\u0259 kosinus \u0259yrisin\u0259 yax\u0131ndan yax\u0131nla\u015f\u0131r; perpendikulyar hava ax\u0131n\u0131 il\u0259 pervane d\u00f6nm\u00fcr.<\/p>\n<p>\u00c7\u0131x\u0131\u015f siqnal\u0131 geni\u015f spektrli siqnal t\u0259rc\u00fcm\u0259\u00e7il\u0259ri v\u0259 m\u0259lumatlar\u0131n qeydiyyat\u0131 cihazlar\u0131 \u00fc\u00e7\u00fcn uy\u011fundur. Karbon lifli termoplastik (CFT) pervaneli Model 27106T y\u00fcks\u0259k h\u0259ssasl\u0131q v\u0259 davaml\u0131l\u0131q t\u0259klif edir.<\/li>\n<\/ul>\n<table border=\"1\" width=\"596\" cellspacing=\"1\" cellpadding=\"1\">\n<thead>\n<tr>\n<th scope=\"col\"><span style=\"font-weight: 400;\">Characteristic<\/span><\/th>\n<th scope=\"col\"><span style=\"font-weight: 400;\">Description \/ Value<\/span><\/th>\n<\/tr>\n<\/thead>\n<tbody>\n<tr>\n<td>Measurement range<\/td>\n<td>0 &#8230; 40 m\/s (axial flow)<br \/>\n0 &#8230; 35 m\/s (all angles)<\/td>\n<\/tr>\n<tr>\n<td>Accuracy<\/td>\n<td>\u00b1 1% (0.0049 m\/s per rpm)<\/td>\n<\/tr>\n<tr>\n<td>Slope<\/td>\n<td>18 m\/s\/V<\/td>\n<\/tr>\n<tr>\n<td>Output voltage<\/td>\n<td>Analog DC voltage proportional to axial wind component.<br \/>\nPolarity reverses with\u00a0 reverse rotation.<br \/>\n1800 rpm (500 mV) = 9 m\/s<br \/>\n\u00b1 1 V = \u00b1 18 m\/s<\/td>\n<\/tr>\n<tr>\n<td>Threshold sensitivity<\/td>\n<td>0.4 m\/s<\/td>\n<\/tr>\n<tr>\n<td>Operating temperature<\/td>\n<td>-50 &#8230; 50\u00b0C<\/td>\n<\/tr>\n<tr>\n<td>Propeller<\/td>\n<td>4-blade helicoid propeller molded of carbon fiber thermoplastic<\/td>\n<\/tr>\n<tr>\n<td>Dimensions<\/td>\n<td>Length: 43 cm, housing diameter: 2.5 cm, propeller diameter: 20 cm<\/td>\n<\/tr>\n<tr>\n<td>Weight<\/td>\n<td>0.5 kg<\/td>\n<\/tr>\n<tr>\n<td>Mounting<\/td>\n<td>3\/4 \u201c pipe thread adapter<\/td>\n<\/tr>\n<tr>\n<td>Manufacturer<\/td>\n<td>Gill \/ Young<\/td>\n<\/tr>\n<\/tbody>\n<\/table>\n","protected":false},"excerpt":{"rendered":"<h3>Sifari\u015f n\u00f6mr\u0259si<\/h3>\n<p>S17100<\/p>\n","protected":false},"featured_media":30904,"template":"","meta":[],"product_brand":[],"product_cat":[1422,1336,1416],"product_tag":[],"class_list":{"0":"post-30909","1":"product","2":"type-product","3":"status-publish","4":"has-post-thumbnail","6":"product_cat-anemometr","7":"product_cat-brpa-olunan-enerji-kulk-v-guns-enerjisi-olcusu-az","8":"product_cat-kulk-sensoru","10":"first","11":"instock","12":"shipping-taxable","13":"product-type-simple"},"yoast_head":"<!-- This site is optimized with the Yoast SEO plugin v27.1.1 - https:\/\/yoast.com\/product\/yoast-seo-wordpress\/ -->\n<title>\u015eaquli \u00f6l\u00e7m\u0259l\u0259r \u00fc\u00e7\u00fcn Anemometr G\u0259nc Pervane, CFT Pervane 27106T - AirRent.ge<\/title>\n<meta name=\"robots\" content=\"index, follow, max-snippet:-1, max-image-preview:large, max-video-preview:-1\" \/>\n<link rel=\"canonical\" href=\"https:\/\/airrent.ge\/az\/product\/anemometer-young-propeller-for-vertical-measurements-cft-propeller-27106t\/\" \/>\n<meta property=\"og:locale\" content=\"az_AZ\" \/>\n<meta property=\"og:type\" content=\"article\" \/>\n<meta property=\"og:title\" content=\"\u015eaquli \u00f6l\u00e7m\u0259l\u0259r \u00fc\u00e7\u00fcn Anemometr G\u0259nc Pervane, CFT Pervane 27106T - AirRent.ge\" \/>\n<meta property=\"og:description\" content=\"Sifari\u015f n\u00f6mr\u0259si S17100\" \/>\n<meta property=\"og:url\" content=\"https:\/\/airrent.ge\/az\/product\/anemometer-young-propeller-for-vertical-measurements-cft-propeller-27106t\/\" \/>\n<meta property=\"og:site_name\" content=\"AirRent.ge\" \/>\n<meta property=\"article:modified_time\" content=\"2025-05-10T19:03:35+00:00\" \/>\n<meta property=\"og:image\" content=\"https:\/\/airrent.ge\/wp-content\/uploads\/2025\/05\/anemometer-young-propeller.jpg__490x490_q85_crop_subsampling-2_upscale.jpg\" \/>\n\t<meta property=\"og:image:width\" content=\"490\" \/>\n\t<meta property=\"og:image:height\" content=\"490\" \/>\n\t<meta property=\"og:image:type\" content=\"image\/jpeg\" \/>\n<meta name=\"twitter:card\" content=\"summary_large_image\" \/>\n<meta name=\"twitter:label1\" content=\"Est. reading time\" \/>\n\t<meta name=\"twitter:data1\" content=\"1 minute\" \/>\n<script type=\"application\/ld+json\" class=\"yoast-schema-graph\">{\"@context\":\"https:\/\/schema.org\",\"@graph\":[{\"@type\":\"WebPage\",\"@id\":\"https:\/\/airrent.ge\/az\/product\/anemometer-young-propeller-for-vertical-measurements-cft-propeller-27106t\/\",\"url\":\"https:\/\/airrent.ge\/az\/product\/anemometer-young-propeller-for-vertical-measurements-cft-propeller-27106t\/\",\"name\":\"\u015eaquli \u00f6l\u00e7m\u0259l\u0259r \u00fc\u00e7\u00fcn Anemometr G\u0259nc Pervane, CFT Pervane 27106T - AirRent.ge\",\"isPartOf\":{\"@id\":\"https:\/\/airrent.ge\/#website\"},\"primaryImageOfPage\":{\"@id\":\"https:\/\/airrent.ge\/az\/product\/anemometer-young-propeller-for-vertical-measurements-cft-propeller-27106t\/#primaryimage\"},\"image\":{\"@id\":\"https:\/\/airrent.ge\/az\/product\/anemometer-young-propeller-for-vertical-measurements-cft-propeller-27106t\/#primaryimage\"},\"thumbnailUrl\":\"https:\/\/airrent.ge\/wp-content\/uploads\/2025\/05\/anemometer-young-propeller.jpg__490x490_q85_crop_subsampling-2_upscale.jpg\",\"datePublished\":\"2025-05-10T18:59:58+00:00\",\"dateModified\":\"2025-05-10T19:03:35+00:00\",\"breadcrumb\":{\"@id\":\"https:\/\/airrent.ge\/az\/product\/anemometer-young-propeller-for-vertical-measurements-cft-propeller-27106t\/#breadcrumb\"},\"inLanguage\":\"az\",\"potentialAction\":[{\"@type\":\"ReadAction\",\"target\":[\"https:\/\/airrent.ge\/az\/product\/anemometer-young-propeller-for-vertical-measurements-cft-propeller-27106t\/\"]}]},{\"@type\":\"ImageObject\",\"inLanguage\":\"az\",\"@id\":\"https:\/\/airrent.ge\/az\/product\/anemometer-young-propeller-for-vertical-measurements-cft-propeller-27106t\/#primaryimage\",\"url\":\"https:\/\/airrent.ge\/wp-content\/uploads\/2025\/05\/anemometer-young-propeller.jpg__490x490_q85_crop_subsampling-2_upscale.jpg\",\"contentUrl\":\"https:\/\/airrent.ge\/wp-content\/uploads\/2025\/05\/anemometer-young-propeller.jpg__490x490_q85_crop_subsampling-2_upscale.jpg\",\"width\":490,\"height\":490},{\"@type\":\"BreadcrumbList\",\"@id\":\"https:\/\/airrent.ge\/az\/product\/anemometer-young-propeller-for-vertical-measurements-cft-propeller-27106t\/#breadcrumb\",\"itemListElement\":[{\"@type\":\"ListItem\",\"position\":1,\"name\":\"Home\",\"item\":\"https:\/\/airrent.ge\/az\/home\/\"},{\"@type\":\"ListItem\",\"position\":2,\"name\":\"M\u0259hsullar\",\"item\":\"https:\/\/airrent.ge\/az\/products\/\"},{\"@type\":\"ListItem\",\"position\":3,\"name\":\"\u015eaquli \u00f6l\u00e7m\u0259l\u0259r \u00fc\u00e7\u00fcn Anemometr G\u0259nc Pervane, CFT Pervane 27106T\"}]},{\"@type\":\"WebSite\",\"@id\":\"https:\/\/airrent.ge\/#website\",\"url\":\"https:\/\/airrent.ge\/\",\"name\":\"airrent.ge\",\"description\":\"Rental Services\",\"publisher\":{\"@id\":\"https:\/\/airrent.ge\/#organization\"},\"potentialAction\":[{\"@type\":\"SearchAction\",\"target\":{\"@type\":\"EntryPoint\",\"urlTemplate\":\"https:\/\/airrent.ge\/?s={search_term_string}\"},\"query-input\":{\"@type\":\"PropertyValueSpecification\",\"valueRequired\":true,\"valueName\":\"search_term_string\"}}],\"inLanguage\":\"az\"},{\"@type\":\"Organization\",\"@id\":\"https:\/\/airrent.ge\/#organization\",\"name\":\"airrent.ge\",\"url\":\"https:\/\/airrent.ge\/\",\"logo\":{\"@type\":\"ImageObject\",\"inLanguage\":\"az\",\"@id\":\"https:\/\/airrent.ge\/#\/schema\/logo\/image\/\",\"url\":\"https:\/\/airrent.ge\/wp-content\/uploads\/2026\/03\/airrent.png\",\"contentUrl\":\"https:\/\/airrent.ge\/wp-content\/uploads\/2026\/03\/airrent.png\",\"width\":1536,\"height\":1024,\"caption\":\"airrent.ge\"},\"image\":{\"@id\":\"https:\/\/airrent.ge\/#\/schema\/logo\/image\/\"}}]}<\/script>\n<!-- \/ Yoast SEO plugin. -->","yoast_head_json":{"title":"\u015eaquli \u00f6l\u00e7m\u0259l\u0259r \u00fc\u00e7\u00fcn Anemometr G\u0259nc Pervane, CFT Pervane 27106T - AirRent.ge","robots":{"index":"index","follow":"follow","max-snippet":"max-snippet:-1","max-image-preview":"max-image-preview:large","max-video-preview":"max-video-preview:-1"},"canonical":"https:\/\/airrent.ge\/az\/product\/anemometer-young-propeller-for-vertical-measurements-cft-propeller-27106t\/","og_locale":"az_AZ","og_type":"article","og_title":"\u015eaquli \u00f6l\u00e7m\u0259l\u0259r \u00fc\u00e7\u00fcn Anemometr G\u0259nc Pervane, CFT Pervane 27106T - AirRent.ge","og_description":"Sifari\u015f n\u00f6mr\u0259si S17100","og_url":"https:\/\/airrent.ge\/az\/product\/anemometer-young-propeller-for-vertical-measurements-cft-propeller-27106t\/","og_site_name":"AirRent.ge","article_modified_time":"2025-05-10T19:03:35+00:00","og_image":[{"width":490,"height":490,"url":"https:\/\/airrent.ge\/wp-content\/uploads\/2025\/05\/anemometer-young-propeller.jpg__490x490_q85_crop_subsampling-2_upscale.jpg","type":"image\/jpeg"}],"twitter_card":"summary_large_image","twitter_misc":{"Est. reading time":"1 minute"},"schema":{"@context":"https:\/\/schema.org","@graph":[{"@type":"WebPage","@id":"https:\/\/airrent.ge\/az\/product\/anemometer-young-propeller-for-vertical-measurements-cft-propeller-27106t\/","url":"https:\/\/airrent.ge\/az\/product\/anemometer-young-propeller-for-vertical-measurements-cft-propeller-27106t\/","name":"\u015eaquli \u00f6l\u00e7m\u0259l\u0259r \u00fc\u00e7\u00fcn Anemometr G\u0259nc Pervane, CFT Pervane 27106T - AirRent.ge","isPartOf":{"@id":"https:\/\/airrent.ge\/#website"},"primaryImageOfPage":{"@id":"https:\/\/airrent.ge\/az\/product\/anemometer-young-propeller-for-vertical-measurements-cft-propeller-27106t\/#primaryimage"},"image":{"@id":"https:\/\/airrent.ge\/az\/product\/anemometer-young-propeller-for-vertical-measurements-cft-propeller-27106t\/#primaryimage"},"thumbnailUrl":"https:\/\/airrent.ge\/wp-content\/uploads\/2025\/05\/anemometer-young-propeller.jpg__490x490_q85_crop_subsampling-2_upscale.jpg","datePublished":"2025-05-10T18:59:58+00:00","dateModified":"2025-05-10T19:03:35+00:00","breadcrumb":{"@id":"https:\/\/airrent.ge\/az\/product\/anemometer-young-propeller-for-vertical-measurements-cft-propeller-27106t\/#breadcrumb"},"inLanguage":"az","potentialAction":[{"@type":"ReadAction","target":["https:\/\/airrent.ge\/az\/product\/anemometer-young-propeller-for-vertical-measurements-cft-propeller-27106t\/"]}]},{"@type":"ImageObject","inLanguage":"az","@id":"https:\/\/airrent.ge\/az\/product\/anemometer-young-propeller-for-vertical-measurements-cft-propeller-27106t\/#primaryimage","url":"https:\/\/airrent.ge\/wp-content\/uploads\/2025\/05\/anemometer-young-propeller.jpg__490x490_q85_crop_subsampling-2_upscale.jpg","contentUrl":"https:\/\/airrent.ge\/wp-content\/uploads\/2025\/05\/anemometer-young-propeller.jpg__490x490_q85_crop_subsampling-2_upscale.jpg","width":490,"height":490},{"@type":"BreadcrumbList","@id":"https:\/\/airrent.ge\/az\/product\/anemometer-young-propeller-for-vertical-measurements-cft-propeller-27106t\/#breadcrumb","itemListElement":[{"@type":"ListItem","position":1,"name":"Home","item":"https:\/\/airrent.ge\/az\/home\/"},{"@type":"ListItem","position":2,"name":"M\u0259hsullar","item":"https:\/\/airrent.ge\/az\/products\/"},{"@type":"ListItem","position":3,"name":"\u015eaquli \u00f6l\u00e7m\u0259l\u0259r \u00fc\u00e7\u00fcn Anemometr G\u0259nc Pervane, CFT Pervane 27106T"}]},{"@type":"WebSite","@id":"https:\/\/airrent.ge\/#website","url":"https:\/\/airrent.ge\/","name":"airrent.ge","description":"Rental Services","publisher":{"@id":"https:\/\/airrent.ge\/#organization"},"potentialAction":[{"@type":"SearchAction","target":{"@type":"EntryPoint","urlTemplate":"https:\/\/airrent.ge\/?s={search_term_string}"},"query-input":{"@type":"PropertyValueSpecification","valueRequired":true,"valueName":"search_term_string"}}],"inLanguage":"az"},{"@type":"Organization","@id":"https:\/\/airrent.ge\/#organization","name":"airrent.ge","url":"https:\/\/airrent.ge\/","logo":{"@type":"ImageObject","inLanguage":"az","@id":"https:\/\/airrent.ge\/#\/schema\/logo\/image\/","url":"https:\/\/airrent.ge\/wp-content\/uploads\/2026\/03\/airrent.png","contentUrl":"https:\/\/airrent.ge\/wp-content\/uploads\/2026\/03\/airrent.png","width":1536,"height":1024,"caption":"airrent.ge"},"image":{"@id":"https:\/\/airrent.ge\/#\/schema\/logo\/image\/"}}]}},"_links":{"self":[{"href":"https:\/\/airrent.ge\/az\/wp-json\/wp\/v2\/product\/30909","targetHints":{"allow":["GET"]}}],"collection":[{"href":"https:\/\/airrent.ge\/az\/wp-json\/wp\/v2\/product"}],"about":[{"href":"https:\/\/airrent.ge\/az\/wp-json\/wp\/v2\/types\/product"}],"wp:featuredmedia":[{"embeddable":true,"href":"https:\/\/airrent.ge\/az\/wp-json\/wp\/v2\/media\/30904"}],"wp:attachment":[{"href":"https:\/\/airrent.ge\/az\/wp-json\/wp\/v2\/media?parent=30909"}],"wp:term":[{"taxonomy":"product_brand","embeddable":true,"href":"https:\/\/airrent.ge\/az\/wp-json\/wp\/v2\/product_brand?post=30909"},{"taxonomy":"product_cat","embeddable":true,"href":"https:\/\/airrent.ge\/az\/wp-json\/wp\/v2\/product_cat?post=30909"},{"taxonomy":"product_tag","embeddable":true,"href":"https:\/\/airrent.ge\/az\/wp-json\/wp\/v2\/product_tag?post=30909"}],"curies":[{"name":"wp","href":"https:\/\/api.w.org\/{rel}","templated":true}]}}