{"id":31048,"date":"2025-05-11T11:55:18","date_gmt":"2025-05-11T07:55:18","guid":{"rendered":"https:\/\/airsystems.ge\/shop\/product\/air-pressure-sensor-vaisala-ptb110\/"},"modified":"2025-05-11T12:10:33","modified_gmt":"2025-05-11T08:10:33","slug":"air-pressure-sensor-vaisala-ptb110","status":"publish","type":"product","link":"https:\/\/airrent.ge\/az\/product\/air-pressure-sensor-vaisala-ptb110\/","title":{"rendered":"Hava T\u0259zyiq Sensoru Vaisala PTB110"},"content":{"rendered":"<ul>\n<li>D\u0259qiqlik \u00b10,3 hPa @ +20 \u00b0C<br \/>\nIEC 17025 kalibrl\u0259m\u0259 sertifikat\u0131 daxil olmaqla \u00e7atd\u0131r\u0131lma<br \/>\nOtaq temperaturunda d\u0259qiq barometrik t\u0259zyiq \u00f6l\u00e7m\u0259l\u0259ri v\u0259<br \/>\nGeni\u015f temperatur diapazonunda \u00fcmumi \u0259traf m\u00fchit t\u0259zyiqinin monitorinqi<\/p>\n<p><strong>Vaisala BAROCAP\u00ae texnologiyas\u0131<\/strong><\/p>\n<p>PTB110 barometrik t\u0259zyiq sensoru, barometrik t\u0259zyiq \u00f6l\u00e7m\u0259 t\u0259tbiql\u0259ri \u00fc\u00e7\u00fcn Vaisala t\u0259r\u0259find\u0259n haz\u0131rlanm\u0131\u015f silikon kapasitiv m\u00fctl\u0259q t\u0259zyiq sensoru olan Vaisala BAROCAP\u00ae sensorundan istifad\u0259 edir. Sensor t\u0259k kristal silisiumun \u00fcst\u00fcn elastiklik x\u00fcsusiyy\u0259tl\u0259rini v\u0259 mexaniki dayan\u0131ql\u0131\u011f\u0131n\u0131 s\u00fcbut edilmi\u015f kapasitiv a\u015fkarlama prinsipi il\u0259 birl\u0259\u015fdirir.<\/p>\n<p><strong>D\u0259qiqlik v\u0259 sabitlik<\/strong><\/p>\n<p>Barometrik t\u0259zyiq sensorunun \u0259la uzunm\u00fcdd\u0259tli sabitliyi bir \u00e7ox t\u0259tbiql\u0259rd\u0259 sah\u0259nin t\u0259nziml\u0259nm\u0259si ehtiyac\u0131n\u0131 minimuma endirir v\u0259 ya h\u0259tta aradan qald\u0131r\u0131r.<\/p>\n<p><strong>T\u0259tbiql\u0259r<\/strong><\/p>\n<p>PTB110 \u0259traf m\u00fchitin t\u0259zyiqinin monitorinqi, m\u0259lumat \u015famand\u0131ralar\u0131, lazer interferometrl\u0259ri, k\u0259nd t\u0259s\u0259rr\u00fcfat\u0131 v\u0259 hidrologiya kimi m\u00fcxt\u0259lif t\u0259tbiql\u0259r \u00fc\u00e7\u00fcn uy\u011fundur. Y\u0131\u011fcam PTB110, a\u015fa\u011f\u0131 enerji s\u0259rfiyyat\u0131na malik oldu\u011fu \u00fc\u00e7\u00fcn x\u00fcsusil\u0259 datalogger proqramlar\u0131 \u00fc\u00e7\u00fcn ideald\u0131r.<\/li>\n<\/ul>\n<p>&nbsp;<\/p>\n<table border=\"1\" width=\"511\" cellspacing=\"1\" cellpadding=\"1\">\n<thead>\n<tr>\n<th scope=\"col\"><span style=\"font-weight: 400;\">Characteristic<\/span><\/th>\n<th scope=\"col\"><span style=\"font-weight: 400;\">\u00a0<\/span><\/th>\n<\/tr>\n<\/thead>\n<tbody>\n<tr>\n<td>Operating pressure<\/td>\n<td>S32100: 800 &#8230; 1100 hPa (mbar)<br \/>\nS32200: 600 &#8230; 1100 hPa (mbar)<br \/>\nS32300: 500 &#8230; 1100 hPa (mbar)<\/td>\n<\/tr>\n<tr>\n<td>Temperature range<\/td>\n<td>-40 &#8230; +60 \u00b0C<\/td>\n<\/tr>\n<tr>\n<td>Humidity range<\/td>\n<td>non-condensing<\/td>\n<\/tr>\n<tr>\n<td colspan=\"2\">Electrical data<\/td>\n<\/tr>\n<tr>\n<td>Output voltage<\/td>\n<td>0 &#8230; 5 VDC<\/td>\n<\/tr>\n<tr>\n<td>Supply voltage<\/td>\n<td>10 &#8230; 30 VDC<\/td>\n<\/tr>\n<tr>\n<td>Current consumption<\/td>\n<td>&lt; 4 mA<\/td>\n<\/tr>\n<tr>\n<td colspan=\"2\">Accuracy<\/td>\n<\/tr>\n<tr>\n<td>Total accuracy<\/td>\n<td>\u00b10.3 hPa (+15 &#8230; +25 \u00b0C)<br \/>\n\u00b10.6 hPa (\u00a0\u00a0\u00a0 0 &#8230; +40 \u00b0C)<br \/>\n\u00b11.0 hPa (-20 &#8230; +45 \u00b0C)<br \/>\n\u00b11.5 hPa (-40 &#8230; +60 \u00b0C)<\/td>\n<\/tr>\n<tr>\n<td>Repeatability<\/td>\n<td>\u00b10.03 hPa<\/td>\n<\/tr>\n<tr>\n<td>Long term stability<\/td>\n<td>\u00b10.1 hPa\/year<\/td>\n<\/tr>\n<tr>\n<td>Resolution<\/td>\n<td>0.1 hPa<\/td>\n<\/tr>\n<tr>\n<td colspan=\"2\">General<\/td>\n<\/tr>\n<tr>\n<td>Dimensions<\/td>\n<td>97.3 x 68.4 x 28.1 mm (H x W x D)<\/td>\n<\/tr>\n<tr>\n<td>Weight<\/td>\n<td>\u00a090 g<\/td>\n<\/tr>\n<tr>\n<td>Connection<\/td>\n<td>Screw terminal plug (5-pole plug)<\/td>\n<\/tr>\n<tr>\n<td>Housing cover<\/td>\n<td>ABS \/ PC lend<\/td>\n<\/tr>\n<tr>\n<td>Mounting plate<\/td>\n<td>Aluminum<\/td>\n<\/tr>\n<tr>\n<td>Housing classification<\/td>\n<td>IP 32<\/td>\n<\/tr>\n<tr>\n<td>Calibration<\/td>\n<td>IEC 17025<\/td>\n<\/tr>\n<tr>\n<td>Manufacturer<\/td>\n<td>Vaisala<\/td>\n<\/tr>\n<\/tbody>\n<\/table>\n","protected":false},"excerpt":{"rendered":"<table border=\"1\" width=\"500\" cellspacing=\"1\" cellpadding=\"1\">\n<thead>\n<tr>\n<th scope=\"col\">Sifari\u015f n\u00f6mr\u0259si<\/th>\n<th scope=\"col\"><\/th>\n<th scope=\"col\"><\/th>\n<\/tr>\n<\/thead>\n<tbody>\n<tr>\n<td>S32100<\/td>\n<td>PTB 110.3A<\/td>\n<td>800 &#8230; 1100 hPa<\/td>\n<\/tr>\n<tr>\n<td>S32200<\/td>\n<td>PTB 110.2A<\/td>\n<td>600 &#8230; 1100 hPa<\/td>\n<\/tr>\n<tr>\n<td>S32300<\/td>\n<td>PTB 110.1A<\/td>\n<td>500 &#8230; 1100 hPa<\/td>\n<\/tr>\n<\/tbody>\n<\/table>\n","protected":false},"featured_media":31043,"template":"","meta":[],"product_brand":[],"product_cat":[1336,1439,1416],"product_tag":[],"class_list":{"0":"post-31048","1":"product","2":"type-product","3":"status-publish","4":"has-post-thumbnail","6":"product_cat-brpa-olunan-enerji-kulk-v-guns-enerjisi-olcusu-az","7":"product_cat-air-pressure-sensors-az","8":"product_cat-kulk-sensoru","10":"first","11":"instock","12":"shipping-taxable","13":"product-type-simple"},"yoast_head":"<!-- This site is optimized with the Yoast SEO plugin v27.1.1 - https:\/\/yoast.com\/product\/yoast-seo-wordpress\/ -->\n<title>Hava T\u0259zyiq Sensoru Vaisala PTB110 - AirRent.ge<\/title>\n<meta name=\"robots\" content=\"index, follow, max-snippet:-1, max-image-preview:large, max-video-preview:-1\" \/>\n<link rel=\"canonical\" href=\"https:\/\/airrent.ge\/az\/product\/air-pressure-sensor-vaisala-ptb110\/\" \/>\n<meta property=\"og:locale\" content=\"az_AZ\" \/>\n<meta property=\"og:type\" content=\"article\" \/>\n<meta property=\"og:title\" content=\"Hava T\u0259zyiq Sensoru Vaisala PTB110 - AirRent.ge\" \/>\n<meta property=\"og:description\" content=\"Sifari\u015f n\u00f6mr\u0259si       S32100 PTB 110.3A 800 ... 1100 hPa   S32200 PTB 110.2A 600 ... 1100 hPa   S32300 PTB 110.1A 500 ... 1100 hPa\" \/>\n<meta property=\"og:url\" content=\"https:\/\/airrent.ge\/az\/product\/air-pressure-sensor-vaisala-ptb110\/\" \/>\n<meta property=\"og:site_name\" content=\"AirRent.ge\" \/>\n<meta property=\"article:modified_time\" content=\"2025-05-11T08:10:33+00:00\" \/>\n<meta property=\"og:image\" content=\"https:\/\/airrent.ge\/wp-content\/uploads\/2025\/05\/Air-Pressure-Sensor-Vaisala-PTB110.jpg\" \/>\n\t<meta property=\"og:image:width\" content=\"490\" \/>\n\t<meta property=\"og:image:height\" content=\"490\" \/>\n\t<meta property=\"og:image:type\" content=\"image\/jpeg\" \/>\n<meta name=\"twitter:card\" content=\"summary_large_image\" \/>\n<meta name=\"twitter:label1\" content=\"Est. reading time\" \/>\n\t<meta name=\"twitter:data1\" content=\"1 minute\" \/>\n<script type=\"application\/ld+json\" class=\"yoast-schema-graph\">{\"@context\":\"https:\/\/schema.org\",\"@graph\":[{\"@type\":\"WebPage\",\"@id\":\"https:\/\/airrent.ge\/az\/product\/air-pressure-sensor-vaisala-ptb110\/\",\"url\":\"https:\/\/airrent.ge\/az\/product\/air-pressure-sensor-vaisala-ptb110\/\",\"name\":\"Hava T\u0259zyiq Sensoru Vaisala PTB110 - AirRent.ge\",\"isPartOf\":{\"@id\":\"https:\/\/airrent.ge\/#website\"},\"primaryImageOfPage\":{\"@id\":\"https:\/\/airrent.ge\/az\/product\/air-pressure-sensor-vaisala-ptb110\/#primaryimage\"},\"image\":{\"@id\":\"https:\/\/airrent.ge\/az\/product\/air-pressure-sensor-vaisala-ptb110\/#primaryimage\"},\"thumbnailUrl\":\"https:\/\/airrent.ge\/wp-content\/uploads\/2025\/05\/Air-Pressure-Sensor-Vaisala-PTB110.jpg\",\"datePublished\":\"2025-05-11T07:55:18+00:00\",\"dateModified\":\"2025-05-11T08:10:33+00:00\",\"breadcrumb\":{\"@id\":\"https:\/\/airrent.ge\/az\/product\/air-pressure-sensor-vaisala-ptb110\/#breadcrumb\"},\"inLanguage\":\"az\",\"potentialAction\":[{\"@type\":\"ReadAction\",\"target\":[\"https:\/\/airrent.ge\/az\/product\/air-pressure-sensor-vaisala-ptb110\/\"]}]},{\"@type\":\"ImageObject\",\"inLanguage\":\"az\",\"@id\":\"https:\/\/airrent.ge\/az\/product\/air-pressure-sensor-vaisala-ptb110\/#primaryimage\",\"url\":\"https:\/\/airrent.ge\/wp-content\/uploads\/2025\/05\/Air-Pressure-Sensor-Vaisala-PTB110.jpg\",\"contentUrl\":\"https:\/\/airrent.ge\/wp-content\/uploads\/2025\/05\/Air-Pressure-Sensor-Vaisala-PTB110.jpg\",\"width\":490,\"height\":490},{\"@type\":\"BreadcrumbList\",\"@id\":\"https:\/\/airrent.ge\/az\/product\/air-pressure-sensor-vaisala-ptb110\/#breadcrumb\",\"itemListElement\":[{\"@type\":\"ListItem\",\"position\":1,\"name\":\"Home\",\"item\":\"https:\/\/airrent.ge\/az\/home\/\"},{\"@type\":\"ListItem\",\"position\":2,\"name\":\"M\u0259hsullar\",\"item\":\"https:\/\/airrent.ge\/az\/products\/\"},{\"@type\":\"ListItem\",\"position\":3,\"name\":\"Hava T\u0259zyiq Sensoru Vaisala PTB110\"}]},{\"@type\":\"WebSite\",\"@id\":\"https:\/\/airrent.ge\/#website\",\"url\":\"https:\/\/airrent.ge\/\",\"name\":\"airrent.ge\",\"description\":\"Rental Services\",\"publisher\":{\"@id\":\"https:\/\/airrent.ge\/#organization\"},\"potentialAction\":[{\"@type\":\"SearchAction\",\"target\":{\"@type\":\"EntryPoint\",\"urlTemplate\":\"https:\/\/airrent.ge\/?s={search_term_string}\"},\"query-input\":{\"@type\":\"PropertyValueSpecification\",\"valueRequired\":true,\"valueName\":\"search_term_string\"}}],\"inLanguage\":\"az\"},{\"@type\":\"Organization\",\"@id\":\"https:\/\/airrent.ge\/#organization\",\"name\":\"airrent.ge\",\"url\":\"https:\/\/airrent.ge\/\",\"logo\":{\"@type\":\"ImageObject\",\"inLanguage\":\"az\",\"@id\":\"https:\/\/airrent.ge\/#\/schema\/logo\/image\/\",\"url\":\"https:\/\/airrent.ge\/wp-content\/uploads\/2026\/03\/airrent.png\",\"contentUrl\":\"https:\/\/airrent.ge\/wp-content\/uploads\/2026\/03\/airrent.png\",\"width\":1536,\"height\":1024,\"caption\":\"airrent.ge\"},\"image\":{\"@id\":\"https:\/\/airrent.ge\/#\/schema\/logo\/image\/\"}}]}<\/script>\n<!-- \/ Yoast SEO plugin. -->","yoast_head_json":{"title":"Hava T\u0259zyiq Sensoru Vaisala PTB110 - AirRent.ge","robots":{"index":"index","follow":"follow","max-snippet":"max-snippet:-1","max-image-preview":"max-image-preview:large","max-video-preview":"max-video-preview:-1"},"canonical":"https:\/\/airrent.ge\/az\/product\/air-pressure-sensor-vaisala-ptb110\/","og_locale":"az_AZ","og_type":"article","og_title":"Hava T\u0259zyiq Sensoru Vaisala PTB110 - AirRent.ge","og_description":"Sifari\u015f n\u00f6mr\u0259si       S32100 PTB 110.3A 800 ... 1100 hPa   S32200 PTB 110.2A 600 ... 1100 hPa   S32300 PTB 110.1A 500 ... 1100 hPa","og_url":"https:\/\/airrent.ge\/az\/product\/air-pressure-sensor-vaisala-ptb110\/","og_site_name":"AirRent.ge","article_modified_time":"2025-05-11T08:10:33+00:00","og_image":[{"width":490,"height":490,"url":"https:\/\/airrent.ge\/wp-content\/uploads\/2025\/05\/Air-Pressure-Sensor-Vaisala-PTB110.jpg","type":"image\/jpeg"}],"twitter_card":"summary_large_image","twitter_misc":{"Est. reading time":"1 minute"},"schema":{"@context":"https:\/\/schema.org","@graph":[{"@type":"WebPage","@id":"https:\/\/airrent.ge\/az\/product\/air-pressure-sensor-vaisala-ptb110\/","url":"https:\/\/airrent.ge\/az\/product\/air-pressure-sensor-vaisala-ptb110\/","name":"Hava T\u0259zyiq Sensoru Vaisala PTB110 - AirRent.ge","isPartOf":{"@id":"https:\/\/airrent.ge\/#website"},"primaryImageOfPage":{"@id":"https:\/\/airrent.ge\/az\/product\/air-pressure-sensor-vaisala-ptb110\/#primaryimage"},"image":{"@id":"https:\/\/airrent.ge\/az\/product\/air-pressure-sensor-vaisala-ptb110\/#primaryimage"},"thumbnailUrl":"https:\/\/airrent.ge\/wp-content\/uploads\/2025\/05\/Air-Pressure-Sensor-Vaisala-PTB110.jpg","datePublished":"2025-05-11T07:55:18+00:00","dateModified":"2025-05-11T08:10:33+00:00","breadcrumb":{"@id":"https:\/\/airrent.ge\/az\/product\/air-pressure-sensor-vaisala-ptb110\/#breadcrumb"},"inLanguage":"az","potentialAction":[{"@type":"ReadAction","target":["https:\/\/airrent.ge\/az\/product\/air-pressure-sensor-vaisala-ptb110\/"]}]},{"@type":"ImageObject","inLanguage":"az","@id":"https:\/\/airrent.ge\/az\/product\/air-pressure-sensor-vaisala-ptb110\/#primaryimage","url":"https:\/\/airrent.ge\/wp-content\/uploads\/2025\/05\/Air-Pressure-Sensor-Vaisala-PTB110.jpg","contentUrl":"https:\/\/airrent.ge\/wp-content\/uploads\/2025\/05\/Air-Pressure-Sensor-Vaisala-PTB110.jpg","width":490,"height":490},{"@type":"BreadcrumbList","@id":"https:\/\/airrent.ge\/az\/product\/air-pressure-sensor-vaisala-ptb110\/#breadcrumb","itemListElement":[{"@type":"ListItem","position":1,"name":"Home","item":"https:\/\/airrent.ge\/az\/home\/"},{"@type":"ListItem","position":2,"name":"M\u0259hsullar","item":"https:\/\/airrent.ge\/az\/products\/"},{"@type":"ListItem","position":3,"name":"Hava T\u0259zyiq Sensoru Vaisala PTB110"}]},{"@type":"WebSite","@id":"https:\/\/airrent.ge\/#website","url":"https:\/\/airrent.ge\/","name":"airrent.ge","description":"Rental Services","publisher":{"@id":"https:\/\/airrent.ge\/#organization"},"potentialAction":[{"@type":"SearchAction","target":{"@type":"EntryPoint","urlTemplate":"https:\/\/airrent.ge\/?s={search_term_string}"},"query-input":{"@type":"PropertyValueSpecification","valueRequired":true,"valueName":"search_term_string"}}],"inLanguage":"az"},{"@type":"Organization","@id":"https:\/\/airrent.ge\/#organization","name":"airrent.ge","url":"https:\/\/airrent.ge\/","logo":{"@type":"ImageObject","inLanguage":"az","@id":"https:\/\/airrent.ge\/#\/schema\/logo\/image\/","url":"https:\/\/airrent.ge\/wp-content\/uploads\/2026\/03\/airrent.png","contentUrl":"https:\/\/airrent.ge\/wp-content\/uploads\/2026\/03\/airrent.png","width":1536,"height":1024,"caption":"airrent.ge"},"image":{"@id":"https:\/\/airrent.ge\/#\/schema\/logo\/image\/"}}]}},"_links":{"self":[{"href":"https:\/\/airrent.ge\/az\/wp-json\/wp\/v2\/product\/31048","targetHints":{"allow":["GET"]}}],"collection":[{"href":"https:\/\/airrent.ge\/az\/wp-json\/wp\/v2\/product"}],"about":[{"href":"https:\/\/airrent.ge\/az\/wp-json\/wp\/v2\/types\/product"}],"wp:featuredmedia":[{"embeddable":true,"href":"https:\/\/airrent.ge\/az\/wp-json\/wp\/v2\/media\/31043"}],"wp:attachment":[{"href":"https:\/\/airrent.ge\/az\/wp-json\/wp\/v2\/media?parent=31048"}],"wp:term":[{"taxonomy":"product_brand","embeddable":true,"href":"https:\/\/airrent.ge\/az\/wp-json\/wp\/v2\/product_brand?post=31048"},{"taxonomy":"product_cat","embeddable":true,"href":"https:\/\/airrent.ge\/az\/wp-json\/wp\/v2\/product_cat?post=31048"},{"taxonomy":"product_tag","embeddable":true,"href":"https:\/\/airrent.ge\/az\/wp-json\/wp\/v2\/product_tag?post=31048"}],"curies":[{"name":"wp","href":"https:\/\/api.w.org\/{rel}","templated":true}]}}