{"id":31904,"date":"2025-04-23T22:30:56","date_gmt":"2025-04-23T18:30:56","guid":{"rendered":"https:\/\/airsystems.ge\/shop\/product\/electrical-design\/"},"modified":"2025-05-20T12:44:32","modified_gmt":"2025-05-20T08:44:32","slug":"electrical-design","status":"publish","type":"product","link":"https:\/\/airrent.ge\/az\/product\/electrical-design\/","title":{"rendered":"Elektrik Dizayn\u0131"},"content":{"rendered":"","protected":false},"excerpt":{"rendered":"<p>Elektrik dizayn\u0131 i\u015f\u0131qland\u0131rma avadanl\u0131\u011f\u0131, enerji sisteml\u0259ri, enerji paylanmas\u0131, yan\u011f\u0131n v\u0259 h\u0259yat t\u0259hl\u00fck\u0259sizliyi sisteml\u0259ri, elektron komponentl\u0259r, s\u0259s v\u0259 m\u0259lumat rabit\u0259si infrastrukturu daxil olmaqla elektrik avadanl\u0131qlar\u0131n\u0131n planla\u015fd\u0131r\u0131lmas\u0131, yarad\u0131lmas\u0131, s\u0131naqdan ke\u00e7irilm\u0259si v\u0259 ya i\u015fl\u0259nib haz\u0131rlanmas\u0131 v\u0259 qura\u015fd\u0131r\u0131lmas\u0131na n\u0259zar\u0259ti n\u0259z\u0259rd\u0259 tutur.<\/p>\n","protected":false},"featured_media":31912,"template":"","meta":[],"product_brand":[],"product_cat":[1560,1320],"product_tag":[],"class_list":{"0":"post-31904","1":"product","2":"type-product","3":"status-publish","4":"has-post-thumbnail","6":"product_cat-elektrik-dizayni","7":"product_cat-mep-dizayn-planlamasi","9":"first","10":"instock","11":"shipping-taxable","12":"product-type-simple"},"yoast_head":"<!-- This site is optimized with the Yoast SEO plugin v27.1.1 - https:\/\/yoast.com\/product\/yoast-seo-wordpress\/ -->\n<title>Elektrik Dizayn\u0131 - AirRent.ge<\/title>\n<meta name=\"robots\" content=\"index, follow, max-snippet:-1, max-image-preview:large, max-video-preview:-1\" \/>\n<link rel=\"canonical\" href=\"https:\/\/airrent.ge\/az\/product\/electrical-design\/\" \/>\n<meta property=\"og:locale\" content=\"az_AZ\" \/>\n<meta property=\"og:type\" content=\"article\" \/>\n<meta property=\"og:title\" content=\"Elektrik Dizayn\u0131 - AirRent.ge\" \/>\n<meta property=\"og:description\" content=\"Elektrik dizayn\u0131 i\u015f\u0131qland\u0131rma avadanl\u0131\u011f\u0131, enerji sisteml\u0259ri, enerji paylanmas\u0131, yan\u011f\u0131n v\u0259 h\u0259yat t\u0259hl\u00fck\u0259sizliyi sisteml\u0259ri, elektron komponentl\u0259r, s\u0259s v\u0259 m\u0259lumat rabit\u0259si infrastrukturu daxil olmaqla elektrik avadanl\u0131qlar\u0131n\u0131n planla\u015fd\u0131r\u0131lmas\u0131, yarad\u0131lmas\u0131, s\u0131naqdan ke\u00e7irilm\u0259si v\u0259 ya i\u015fl\u0259nib haz\u0131rlanmas\u0131 v\u0259 qura\u015fd\u0131r\u0131lmas\u0131na n\u0259zar\u0259ti n\u0259z\u0259rd\u0259 tutur.\" \/>\n<meta property=\"og:url\" content=\"https:\/\/airrent.ge\/az\/product\/electrical-design\/\" \/>\n<meta property=\"og:site_name\" content=\"AirRent.ge\" \/>\n<meta property=\"article:modified_time\" content=\"2025-05-20T08:44:32+00:00\" \/>\n<meta property=\"og:image\" content=\"https:\/\/airrent.ge\/wp-content\/uploads\/2025\/04\/Four-Electrical-Software-for-Design-and-Analysis-of-Switchgear-in-the-Grid-for-Electrical-Engineers-and-Students.jpg\" \/>\n\t<meta property=\"og:image:width\" content=\"750\" \/>\n\t<meta property=\"og:image:height\" content=\"423\" \/>\n\t<meta property=\"og:image:type\" content=\"image\/jpeg\" \/>\n<meta name=\"twitter:card\" content=\"summary_large_image\" \/>\n<script type=\"application\/ld+json\" class=\"yoast-schema-graph\">{\"@context\":\"https:\/\/schema.org\",\"@graph\":[{\"@type\":\"WebPage\",\"@id\":\"https:\/\/airrent.ge\/az\/product\/electrical-design\/\",\"url\":\"https:\/\/airrent.ge\/az\/product\/electrical-design\/\",\"name\":\"Elektrik Dizayn\u0131 - AirRent.ge\",\"isPartOf\":{\"@id\":\"https:\/\/airrent.ge\/#website\"},\"primaryImageOfPage\":{\"@id\":\"https:\/\/airrent.ge\/az\/product\/electrical-design\/#primaryimage\"},\"image\":{\"@id\":\"https:\/\/airrent.ge\/az\/product\/electrical-design\/#primaryimage\"},\"thumbnailUrl\":\"https:\/\/airrent.ge\/wp-content\/uploads\/2025\/04\/Four-Electrical-Software-for-Design-and-Analysis-of-Switchgear-in-the-Grid-for-Electrical-Engineers-and-Students.jpg\",\"datePublished\":\"2025-04-23T18:30:56+00:00\",\"dateModified\":\"2025-05-20T08:44:32+00:00\",\"breadcrumb\":{\"@id\":\"https:\/\/airrent.ge\/az\/product\/electrical-design\/#breadcrumb\"},\"inLanguage\":\"az\",\"potentialAction\":[{\"@type\":\"ReadAction\",\"target\":[\"https:\/\/airrent.ge\/az\/product\/electrical-design\/\"]}]},{\"@type\":\"ImageObject\",\"inLanguage\":\"az\",\"@id\":\"https:\/\/airrent.ge\/az\/product\/electrical-design\/#primaryimage\",\"url\":\"https:\/\/airrent.ge\/wp-content\/uploads\/2025\/04\/Four-Electrical-Software-for-Design-and-Analysis-of-Switchgear-in-the-Grid-for-Electrical-Engineers-and-Students.jpg\",\"contentUrl\":\"https:\/\/airrent.ge\/wp-content\/uploads\/2025\/04\/Four-Electrical-Software-for-Design-and-Analysis-of-Switchgear-in-the-Grid-for-Electrical-Engineers-and-Students.jpg\",\"width\":750,\"height\":423},{\"@type\":\"BreadcrumbList\",\"@id\":\"https:\/\/airrent.ge\/az\/product\/electrical-design\/#breadcrumb\",\"itemListElement\":[{\"@type\":\"ListItem\",\"position\":1,\"name\":\"Home\",\"item\":\"https:\/\/airrent.ge\/az\/home\/\"},{\"@type\":\"ListItem\",\"position\":2,\"name\":\"M\u0259hsullar\",\"item\":\"https:\/\/airrent.ge\/az\/products\/\"},{\"@type\":\"ListItem\",\"position\":3,\"name\":\"Elektrik Dizayn\u0131\"}]},{\"@type\":\"WebSite\",\"@id\":\"https:\/\/airrent.ge\/#website\",\"url\":\"https:\/\/airrent.ge\/\",\"name\":\"airrent.ge\",\"description\":\"Rental Services\",\"publisher\":{\"@id\":\"https:\/\/airrent.ge\/#organization\"},\"potentialAction\":[{\"@type\":\"SearchAction\",\"target\":{\"@type\":\"EntryPoint\",\"urlTemplate\":\"https:\/\/airrent.ge\/?s={search_term_string}\"},\"query-input\":{\"@type\":\"PropertyValueSpecification\",\"valueRequired\":true,\"valueName\":\"search_term_string\"}}],\"inLanguage\":\"az\"},{\"@type\":\"Organization\",\"@id\":\"https:\/\/airrent.ge\/#organization\",\"name\":\"airrent.ge\",\"url\":\"https:\/\/airrent.ge\/\",\"logo\":{\"@type\":\"ImageObject\",\"inLanguage\":\"az\",\"@id\":\"https:\/\/airrent.ge\/#\/schema\/logo\/image\/\",\"url\":\"https:\/\/airrent.ge\/wp-content\/uploads\/2026\/03\/airrent.png\",\"contentUrl\":\"https:\/\/airrent.ge\/wp-content\/uploads\/2026\/03\/airrent.png\",\"width\":1536,\"height\":1024,\"caption\":\"airrent.ge\"},\"image\":{\"@id\":\"https:\/\/airrent.ge\/#\/schema\/logo\/image\/\"}}]}<\/script>\n<!-- \/ Yoast SEO plugin. -->","yoast_head_json":{"title":"Elektrik Dizayn\u0131 - AirRent.ge","robots":{"index":"index","follow":"follow","max-snippet":"max-snippet:-1","max-image-preview":"max-image-preview:large","max-video-preview":"max-video-preview:-1"},"canonical":"https:\/\/airrent.ge\/az\/product\/electrical-design\/","og_locale":"az_AZ","og_type":"article","og_title":"Elektrik Dizayn\u0131 - AirRent.ge","og_description":"Elektrik dizayn\u0131 i\u015f\u0131qland\u0131rma avadanl\u0131\u011f\u0131, enerji sisteml\u0259ri, enerji paylanmas\u0131, yan\u011f\u0131n v\u0259 h\u0259yat t\u0259hl\u00fck\u0259sizliyi sisteml\u0259ri, elektron komponentl\u0259r, s\u0259s v\u0259 m\u0259lumat rabit\u0259si infrastrukturu daxil olmaqla elektrik avadanl\u0131qlar\u0131n\u0131n planla\u015fd\u0131r\u0131lmas\u0131, yarad\u0131lmas\u0131, s\u0131naqdan ke\u00e7irilm\u0259si v\u0259 ya i\u015fl\u0259nib haz\u0131rlanmas\u0131 v\u0259 qura\u015fd\u0131r\u0131lmas\u0131na n\u0259zar\u0259ti n\u0259z\u0259rd\u0259 tutur.","og_url":"https:\/\/airrent.ge\/az\/product\/electrical-design\/","og_site_name":"AirRent.ge","article_modified_time":"2025-05-20T08:44:32+00:00","og_image":[{"width":750,"height":423,"url":"https:\/\/airrent.ge\/wp-content\/uploads\/2025\/04\/Four-Electrical-Software-for-Design-and-Analysis-of-Switchgear-in-the-Grid-for-Electrical-Engineers-and-Students.jpg","type":"image\/jpeg"}],"twitter_card":"summary_large_image","schema":{"@context":"https:\/\/schema.org","@graph":[{"@type":"WebPage","@id":"https:\/\/airrent.ge\/az\/product\/electrical-design\/","url":"https:\/\/airrent.ge\/az\/product\/electrical-design\/","name":"Elektrik Dizayn\u0131 - AirRent.ge","isPartOf":{"@id":"https:\/\/airrent.ge\/#website"},"primaryImageOfPage":{"@id":"https:\/\/airrent.ge\/az\/product\/electrical-design\/#primaryimage"},"image":{"@id":"https:\/\/airrent.ge\/az\/product\/electrical-design\/#primaryimage"},"thumbnailUrl":"https:\/\/airrent.ge\/wp-content\/uploads\/2025\/04\/Four-Electrical-Software-for-Design-and-Analysis-of-Switchgear-in-the-Grid-for-Electrical-Engineers-and-Students.jpg","datePublished":"2025-04-23T18:30:56+00:00","dateModified":"2025-05-20T08:44:32+00:00","breadcrumb":{"@id":"https:\/\/airrent.ge\/az\/product\/electrical-design\/#breadcrumb"},"inLanguage":"az","potentialAction":[{"@type":"ReadAction","target":["https:\/\/airrent.ge\/az\/product\/electrical-design\/"]}]},{"@type":"ImageObject","inLanguage":"az","@id":"https:\/\/airrent.ge\/az\/product\/electrical-design\/#primaryimage","url":"https:\/\/airrent.ge\/wp-content\/uploads\/2025\/04\/Four-Electrical-Software-for-Design-and-Analysis-of-Switchgear-in-the-Grid-for-Electrical-Engineers-and-Students.jpg","contentUrl":"https:\/\/airrent.ge\/wp-content\/uploads\/2025\/04\/Four-Electrical-Software-for-Design-and-Analysis-of-Switchgear-in-the-Grid-for-Electrical-Engineers-and-Students.jpg","width":750,"height":423},{"@type":"BreadcrumbList","@id":"https:\/\/airrent.ge\/az\/product\/electrical-design\/#breadcrumb","itemListElement":[{"@type":"ListItem","position":1,"name":"Home","item":"https:\/\/airrent.ge\/az\/home\/"},{"@type":"ListItem","position":2,"name":"M\u0259hsullar","item":"https:\/\/airrent.ge\/az\/products\/"},{"@type":"ListItem","position":3,"name":"Elektrik Dizayn\u0131"}]},{"@type":"WebSite","@id":"https:\/\/airrent.ge\/#website","url":"https:\/\/airrent.ge\/","name":"airrent.ge","description":"Rental Services","publisher":{"@id":"https:\/\/airrent.ge\/#organization"},"potentialAction":[{"@type":"SearchAction","target":{"@type":"EntryPoint","urlTemplate":"https:\/\/airrent.ge\/?s={search_term_string}"},"query-input":{"@type":"PropertyValueSpecification","valueRequired":true,"valueName":"search_term_string"}}],"inLanguage":"az"},{"@type":"Organization","@id":"https:\/\/airrent.ge\/#organization","name":"airrent.ge","url":"https:\/\/airrent.ge\/","logo":{"@type":"ImageObject","inLanguage":"az","@id":"https:\/\/airrent.ge\/#\/schema\/logo\/image\/","url":"https:\/\/airrent.ge\/wp-content\/uploads\/2026\/03\/airrent.png","contentUrl":"https:\/\/airrent.ge\/wp-content\/uploads\/2026\/03\/airrent.png","width":1536,"height":1024,"caption":"airrent.ge"},"image":{"@id":"https:\/\/airrent.ge\/#\/schema\/logo\/image\/"}}]}},"_links":{"self":[{"href":"https:\/\/airrent.ge\/az\/wp-json\/wp\/v2\/product\/31904","targetHints":{"allow":["GET"]}}],"collection":[{"href":"https:\/\/airrent.ge\/az\/wp-json\/wp\/v2\/product"}],"about":[{"href":"https:\/\/airrent.ge\/az\/wp-json\/wp\/v2\/types\/product"}],"wp:featuredmedia":[{"embeddable":true,"href":"https:\/\/airrent.ge\/az\/wp-json\/wp\/v2\/media\/31912"}],"wp:attachment":[{"href":"https:\/\/airrent.ge\/az\/wp-json\/wp\/v2\/media?parent=31904"}],"wp:term":[{"taxonomy":"product_brand","embeddable":true,"href":"https:\/\/airrent.ge\/az\/wp-json\/wp\/v2\/product_brand?post=31904"},{"taxonomy":"product_cat","embeddable":true,"href":"https:\/\/airrent.ge\/az\/wp-json\/wp\/v2\/product_cat?post=31904"},{"taxonomy":"product_tag","embeddable":true,"href":"https:\/\/airrent.ge\/az\/wp-json\/wp\/v2\/product_tag?post=31904"}],"curies":[{"name":"wp","href":"https:\/\/api.w.org\/{rel}","templated":true}]}}