{"id":32328,"date":"2025-05-21T12:26:48","date_gmt":"2025-05-21T08:26:48","guid":{"rendered":"https:\/\/airsystems.ge\/shop\/product\/omnidirectional-antenna-gsm-umts-lte-adapter\/"},"modified":"2025-05-21T12:30:51","modified_gmt":"2025-05-21T08:30:51","slug":"omnidirectional-antenna-gsm-umts-lte-adapter","status":"publish","type":"product","link":"https:\/\/airrent.ge\/az\/product\/omnidirectional-antenna-gsm-umts-lte-adapter\/","title":{"rendered":"\u00c7ox y\u00f6nl\u00fc antenna GSM UMTS LTE + adapter"},"content":{"rendered":"<table border=\"1\" width=\"430\" cellspacing=\"1\" cellpadding=\"1\">\n<thead>\n<tr>\n<th scope=\"col\">Frequency<\/th>\n<th scope=\"col\">700-900 MHz<br \/>\n1800-2100 MHz<br \/>\n2400-2700 MHz<\/th>\n<\/tr>\n<\/thead>\n<tbody>\n<tr>\n<td>Impedance<\/td>\n<td>50 \u03a9<\/td>\n<\/tr>\n<tr>\n<td>B.S.W.R<\/td>\n<td>2.0:1<\/td>\n<\/tr>\n<tr>\n<td>Gain<\/td>\n<td>5 dBi<\/td>\n<\/tr>\n<tr>\n<td>Polarisation<\/td>\n<td>vertical<\/td>\n<\/tr>\n<tr>\n<td>Max. Power<\/td>\n<td>10 W<\/td>\n<\/tr>\n<tr>\n<td>Temperature range<\/td>\n<td>-40\u00b0C to +80\u00b0C<\/td>\n<\/tr>\n<tr>\n<td>Cable\/connector<\/td>\n<td>3 m RG58 \/ FME\/SMA connector<\/td>\n<\/tr>\n<tr>\n<td>Base<\/td>\n<td>magnetic, 70 mm \u00d8<\/td>\n<\/tr>\n<tr>\n<td>Height<\/td>\n<td>453 mm<\/td>\n<\/tr>\n<tr>\n<td>Weight<\/td>\n<td>249 g<\/td>\n<\/tr>\n<\/tbody>\n<\/table>\n","protected":false},"excerpt":{"rendered":"<h3>Sifari\u015f n\u00f6mr\u0259si<\/h3>\n<p>M72260<\/p>\n","protected":false},"featured_media":32317,"template":"","meta":[],"product_brand":[],"product_cat":[1336,1543,1607],"product_tag":[],"class_list":{"0":"post-32328","1":"product","2":"type-product","3":"status-publish","4":"has-post-thumbnail","6":"product_cat-brpa-olunan-enerji-kulk-v-guns-enerjisi-olcusu-az","7":"product_cat-data-logger-aksesuarlari","8":"product_cat-rabit-sistemlri","10":"first","11":"instock","12":"shipping-taxable","13":"product-type-simple"},"yoast_head":"<!-- This site is optimized with the Yoast SEO plugin v27.1.1 - https:\/\/yoast.com\/product\/yoast-seo-wordpress\/ -->\n<title>\u00c7ox y\u00f6nl\u00fc antenna GSM UMTS LTE + adapter - AirRent.ge<\/title>\n<meta name=\"robots\" content=\"index, follow, max-snippet:-1, max-image-preview:large, max-video-preview:-1\" \/>\n<link rel=\"canonical\" href=\"https:\/\/airrent.ge\/az\/product\/omnidirectional-antenna-gsm-umts-lte-adapter\/\" \/>\n<meta property=\"og:locale\" content=\"az_AZ\" \/>\n<meta property=\"og:type\" content=\"article\" \/>\n<meta property=\"og:title\" content=\"\u00c7ox y\u00f6nl\u00fc antenna GSM UMTS LTE + adapter - AirRent.ge\" \/>\n<meta property=\"og:description\" content=\"Sifari\u015f n\u00f6mr\u0259si M72260\" \/>\n<meta property=\"og:url\" content=\"https:\/\/airrent.ge\/az\/product\/omnidirectional-antenna-gsm-umts-lte-adapter\/\" \/>\n<meta property=\"og:site_name\" content=\"AirRent.ge\" \/>\n<meta property=\"article:modified_time\" content=\"2025-05-21T08:30:51+00:00\" \/>\n<meta property=\"og:image\" content=\"https:\/\/airrent.ge\/wp-content\/uploads\/2025\/05\/omnidirectional_antenna.jpg__490x490_q85_crop_subsampling-2_upscale.jpg\" \/>\n\t<meta property=\"og:image:width\" content=\"490\" \/>\n\t<meta property=\"og:image:height\" content=\"490\" \/>\n\t<meta property=\"og:image:type\" content=\"image\/jpeg\" \/>\n<meta name=\"twitter:card\" content=\"summary_large_image\" \/>\n<script type=\"application\/ld+json\" class=\"yoast-schema-graph\">{\"@context\":\"https:\/\/schema.org\",\"@graph\":[{\"@type\":\"WebPage\",\"@id\":\"https:\/\/airrent.ge\/az\/product\/omnidirectional-antenna-gsm-umts-lte-adapter\/\",\"url\":\"https:\/\/airrent.ge\/az\/product\/omnidirectional-antenna-gsm-umts-lte-adapter\/\",\"name\":\"\u00c7ox y\u00f6nl\u00fc antenna GSM UMTS LTE + adapter - AirRent.ge\",\"isPartOf\":{\"@id\":\"https:\/\/airrent.ge\/#website\"},\"primaryImageOfPage\":{\"@id\":\"https:\/\/airrent.ge\/az\/product\/omnidirectional-antenna-gsm-umts-lte-adapter\/#primaryimage\"},\"image\":{\"@id\":\"https:\/\/airrent.ge\/az\/product\/omnidirectional-antenna-gsm-umts-lte-adapter\/#primaryimage\"},\"thumbnailUrl\":\"https:\/\/airrent.ge\/wp-content\/uploads\/2025\/05\/omnidirectional_antenna.jpg__490x490_q85_crop_subsampling-2_upscale.jpg\",\"datePublished\":\"2025-05-21T08:26:48+00:00\",\"dateModified\":\"2025-05-21T08:30:51+00:00\",\"breadcrumb\":{\"@id\":\"https:\/\/airrent.ge\/az\/product\/omnidirectional-antenna-gsm-umts-lte-adapter\/#breadcrumb\"},\"inLanguage\":\"az\",\"potentialAction\":[{\"@type\":\"ReadAction\",\"target\":[\"https:\/\/airrent.ge\/az\/product\/omnidirectional-antenna-gsm-umts-lte-adapter\/\"]}]},{\"@type\":\"ImageObject\",\"inLanguage\":\"az\",\"@id\":\"https:\/\/airrent.ge\/az\/product\/omnidirectional-antenna-gsm-umts-lte-adapter\/#primaryimage\",\"url\":\"https:\/\/airrent.ge\/wp-content\/uploads\/2025\/05\/omnidirectional_antenna.jpg__490x490_q85_crop_subsampling-2_upscale.jpg\",\"contentUrl\":\"https:\/\/airrent.ge\/wp-content\/uploads\/2025\/05\/omnidirectional_antenna.jpg__490x490_q85_crop_subsampling-2_upscale.jpg\",\"width\":490,\"height\":490},{\"@type\":\"BreadcrumbList\",\"@id\":\"https:\/\/airrent.ge\/az\/product\/omnidirectional-antenna-gsm-umts-lte-adapter\/#breadcrumb\",\"itemListElement\":[{\"@type\":\"ListItem\",\"position\":1,\"name\":\"Home\",\"item\":\"https:\/\/airrent.ge\/az\/home\/\"},{\"@type\":\"ListItem\",\"position\":2,\"name\":\"M\u0259hsullar\",\"item\":\"https:\/\/airrent.ge\/az\/products\/\"},{\"@type\":\"ListItem\",\"position\":3,\"name\":\"\u00c7ox y\u00f6nl\u00fc antenna GSM UMTS LTE + adapter\"}]},{\"@type\":\"WebSite\",\"@id\":\"https:\/\/airrent.ge\/#website\",\"url\":\"https:\/\/airrent.ge\/\",\"name\":\"airrent.ge\",\"description\":\"Rental Services\",\"publisher\":{\"@id\":\"https:\/\/airrent.ge\/#organization\"},\"potentialAction\":[{\"@type\":\"SearchAction\",\"target\":{\"@type\":\"EntryPoint\",\"urlTemplate\":\"https:\/\/airrent.ge\/?s={search_term_string}\"},\"query-input\":{\"@type\":\"PropertyValueSpecification\",\"valueRequired\":true,\"valueName\":\"search_term_string\"}}],\"inLanguage\":\"az\"},{\"@type\":\"Organization\",\"@id\":\"https:\/\/airrent.ge\/#organization\",\"name\":\"airrent.ge\",\"url\":\"https:\/\/airrent.ge\/\",\"logo\":{\"@type\":\"ImageObject\",\"inLanguage\":\"az\",\"@id\":\"https:\/\/airrent.ge\/#\/schema\/logo\/image\/\",\"url\":\"https:\/\/airrent.ge\/wp-content\/uploads\/2026\/03\/airrent.png\",\"contentUrl\":\"https:\/\/airrent.ge\/wp-content\/uploads\/2026\/03\/airrent.png\",\"width\":1536,\"height\":1024,\"caption\":\"airrent.ge\"},\"image\":{\"@id\":\"https:\/\/airrent.ge\/#\/schema\/logo\/image\/\"}}]}<\/script>\n<!-- \/ Yoast SEO plugin. -->","yoast_head_json":{"title":"\u00c7ox y\u00f6nl\u00fc antenna GSM UMTS LTE + adapter - AirRent.ge","robots":{"index":"index","follow":"follow","max-snippet":"max-snippet:-1","max-image-preview":"max-image-preview:large","max-video-preview":"max-video-preview:-1"},"canonical":"https:\/\/airrent.ge\/az\/product\/omnidirectional-antenna-gsm-umts-lte-adapter\/","og_locale":"az_AZ","og_type":"article","og_title":"\u00c7ox y\u00f6nl\u00fc antenna GSM UMTS LTE + adapter - AirRent.ge","og_description":"Sifari\u015f n\u00f6mr\u0259si M72260","og_url":"https:\/\/airrent.ge\/az\/product\/omnidirectional-antenna-gsm-umts-lte-adapter\/","og_site_name":"AirRent.ge","article_modified_time":"2025-05-21T08:30:51+00:00","og_image":[{"width":490,"height":490,"url":"https:\/\/airrent.ge\/wp-content\/uploads\/2025\/05\/omnidirectional_antenna.jpg__490x490_q85_crop_subsampling-2_upscale.jpg","type":"image\/jpeg"}],"twitter_card":"summary_large_image","schema":{"@context":"https:\/\/schema.org","@graph":[{"@type":"WebPage","@id":"https:\/\/airrent.ge\/az\/product\/omnidirectional-antenna-gsm-umts-lte-adapter\/","url":"https:\/\/airrent.ge\/az\/product\/omnidirectional-antenna-gsm-umts-lte-adapter\/","name":"\u00c7ox y\u00f6nl\u00fc antenna GSM UMTS LTE + adapter - AirRent.ge","isPartOf":{"@id":"https:\/\/airrent.ge\/#website"},"primaryImageOfPage":{"@id":"https:\/\/airrent.ge\/az\/product\/omnidirectional-antenna-gsm-umts-lte-adapter\/#primaryimage"},"image":{"@id":"https:\/\/airrent.ge\/az\/product\/omnidirectional-antenna-gsm-umts-lte-adapter\/#primaryimage"},"thumbnailUrl":"https:\/\/airrent.ge\/wp-content\/uploads\/2025\/05\/omnidirectional_antenna.jpg__490x490_q85_crop_subsampling-2_upscale.jpg","datePublished":"2025-05-21T08:26:48+00:00","dateModified":"2025-05-21T08:30:51+00:00","breadcrumb":{"@id":"https:\/\/airrent.ge\/az\/product\/omnidirectional-antenna-gsm-umts-lte-adapter\/#breadcrumb"},"inLanguage":"az","potentialAction":[{"@type":"ReadAction","target":["https:\/\/airrent.ge\/az\/product\/omnidirectional-antenna-gsm-umts-lte-adapter\/"]}]},{"@type":"ImageObject","inLanguage":"az","@id":"https:\/\/airrent.ge\/az\/product\/omnidirectional-antenna-gsm-umts-lte-adapter\/#primaryimage","url":"https:\/\/airrent.ge\/wp-content\/uploads\/2025\/05\/omnidirectional_antenna.jpg__490x490_q85_crop_subsampling-2_upscale.jpg","contentUrl":"https:\/\/airrent.ge\/wp-content\/uploads\/2025\/05\/omnidirectional_antenna.jpg__490x490_q85_crop_subsampling-2_upscale.jpg","width":490,"height":490},{"@type":"BreadcrumbList","@id":"https:\/\/airrent.ge\/az\/product\/omnidirectional-antenna-gsm-umts-lte-adapter\/#breadcrumb","itemListElement":[{"@type":"ListItem","position":1,"name":"Home","item":"https:\/\/airrent.ge\/az\/home\/"},{"@type":"ListItem","position":2,"name":"M\u0259hsullar","item":"https:\/\/airrent.ge\/az\/products\/"},{"@type":"ListItem","position":3,"name":"\u00c7ox y\u00f6nl\u00fc antenna GSM UMTS LTE + adapter"}]},{"@type":"WebSite","@id":"https:\/\/airrent.ge\/#website","url":"https:\/\/airrent.ge\/","name":"airrent.ge","description":"Rental Services","publisher":{"@id":"https:\/\/airrent.ge\/#organization"},"potentialAction":[{"@type":"SearchAction","target":{"@type":"EntryPoint","urlTemplate":"https:\/\/airrent.ge\/?s={search_term_string}"},"query-input":{"@type":"PropertyValueSpecification","valueRequired":true,"valueName":"search_term_string"}}],"inLanguage":"az"},{"@type":"Organization","@id":"https:\/\/airrent.ge\/#organization","name":"airrent.ge","url":"https:\/\/airrent.ge\/","logo":{"@type":"ImageObject","inLanguage":"az","@id":"https:\/\/airrent.ge\/#\/schema\/logo\/image\/","url":"https:\/\/airrent.ge\/wp-content\/uploads\/2026\/03\/airrent.png","contentUrl":"https:\/\/airrent.ge\/wp-content\/uploads\/2026\/03\/airrent.png","width":1536,"height":1024,"caption":"airrent.ge"},"image":{"@id":"https:\/\/airrent.ge\/#\/schema\/logo\/image\/"}}]}},"_links":{"self":[{"href":"https:\/\/airrent.ge\/az\/wp-json\/wp\/v2\/product\/32328","targetHints":{"allow":["GET"]}}],"collection":[{"href":"https:\/\/airrent.ge\/az\/wp-json\/wp\/v2\/product"}],"about":[{"href":"https:\/\/airrent.ge\/az\/wp-json\/wp\/v2\/types\/product"}],"wp:featuredmedia":[{"embeddable":true,"href":"https:\/\/airrent.ge\/az\/wp-json\/wp\/v2\/media\/32317"}],"wp:attachment":[{"href":"https:\/\/airrent.ge\/az\/wp-json\/wp\/v2\/media?parent=32328"}],"wp:term":[{"taxonomy":"product_brand","embeddable":true,"href":"https:\/\/airrent.ge\/az\/wp-json\/wp\/v2\/product_brand?post=32328"},{"taxonomy":"product_cat","embeddable":true,"href":"https:\/\/airrent.ge\/az\/wp-json\/wp\/v2\/product_cat?post=32328"},{"taxonomy":"product_tag","embeddable":true,"href":"https:\/\/airrent.ge\/az\/wp-json\/wp\/v2\/product_tag?post=32328"}],"curies":[{"name":"wp","href":"https:\/\/api.w.org\/{rel}","templated":true}]}}