{"id":32493,"date":"2025-05-23T20:53:41","date_gmt":"2025-05-23T16:53:41","guid":{"rendered":"https:\/\/airsystems.ge\/shop\/product\/outdoor-packaged-unit-ed-serie-outdoor-packaged-air-conditioning-units-air-cooled-type\/"},"modified":"2025-05-23T20:58:44","modified_gmt":"2025-05-23T16:58:44","slug":"outdoor-packaged-unit-ed-serie-outdoor-packaged-air-conditioning-units-air-cooled-type","status":"publish","type":"product","link":"https:\/\/airrent.ge\/az\/product\/outdoor-packaged-unit-ed-serie-outdoor-packaged-air-conditioning-units-air-cooled-type\/","title":{"rendered":"Xarici qabla\u015fd\u0131rma qur\u011fusu \u2013 ED seriyas\u0131 A\u00e7\u0131q havada qabla\u015fd\u0131r\u0131lm\u0131\u015f kondisionerl\u0259r -20\u00b0C-d\u0259n +45\u00b0C-d\u0259k hava il\u0259 soyudulur"},"content":{"rendered":"<p><a class=\"elementor-button elementor-button-link elementor-size-sm\" href=\"https:\/\/www.enextechnologies.com\/wp-content\/uploads\/2024\/08\/ED-SERIE_ENG.pdf\" target=\"_blank\" rel=\"noopener\"><span class=\"elementor-button-content-wrapper\"><span class=\"elementor-button-text\">BROCHURE<\/span><\/span><\/a><\/p>\n","protected":false},"excerpt":{"rendered":"<div class=\"elementor-element elementor-element-391e72ec elementor-widget elementor-widget-theme-post-content\" data-id=\"391e72ec\" data-element_type=\"widget\" data-widget_type=\"theme-post-content.default\">\n<div class=\"elementor-widget-container\">\n<p>Soyutma g\u00fcc\u00fc 6,3 kVt-dan 17,2 kVt-a q\u0259d\u0259r<\/p>\n<p>Xarici qabla\u015fd\u0131r\u0131lm\u0131\u015f kondisionerl\u0259r hava il\u0259 soyudulan tip, otaq daxilind\u0259 qura\u015fd\u0131rmalar \u00fc\u00e7\u00fcn ideal, radio baza stansiyas\u0131 v\u0259 m\u0259lumatlar\u0131n emal\u0131 m\u0259rk\u0259zi \u00fc\u00e7\u00fcn s\u0131\u011f\u0131nacaq. Soyuducu hava yuxar\u0131dan \u00e7\u0131xar\u0131l\u0131r v\u0259 a\u015fa\u011f\u0131ya g\u00f6nd\u0259rilir.<\/p>\n<p>\u018fsas X\u00fcsusiyy\u0259tl\u0259r<\/p>\n<p>Sinkl\u0259nmi\u015f poladdan haz\u0131rlanm\u0131\u015f \u0259sas \u00e7\u0259r\u00e7iv\u0259 v\u0259 panell\u0259r<br \/>\nAl\u00fcminium-al\u00fcminium mikrokanall\u0131 kondensator batareyas\u0131<br \/>\nBuxarlanan ventilyatorlar b\u00f6lm\u0259 n\u00f6v\u00fc EC, 48Vdc<br \/>\nKondensasiya b\u00f6lm\u0259sinin fanatlar\u0131 kondensasiya t\u0259zyiqin\u0259 uy\u011fun olaraq d\u0259yi\u015f\u0259n s\u00fcr\u0259t\u0259 malikdir<br \/>\n\u0130st\u0259k \u00fczr\u0259: Ethernet l\u00f6vh\u0259si, Serial RS232\/485, SNMP&amp;Web<\/p>\n<\/div>\n<\/div>\n","protected":false},"featured_media":32486,"template":"","meta":[],"product_brand":[],"product_cat":[1619,875],"product_tag":[],"class_list":{"0":"post-32493","1":"product","2":"type-product","3":"status-publish","4":"has-post-thumbnail","6":"product_cat-snaye-kondisioneri-qablasdirilib","7":"product_cat-snaye-az-kondisionerlr","9":"first","10":"instock","11":"shipping-taxable","12":"product-type-simple"},"yoast_head":"<!-- This site is optimized with the Yoast SEO plugin v27.1.1 - https:\/\/yoast.com\/product\/yoast-seo-wordpress\/ -->\n<title>Xarici qabla\u015fd\u0131rma qur\u011fusu \u2013 ED seriyas\u0131 A\u00e7\u0131q havada qabla\u015fd\u0131r\u0131lm\u0131\u015f kondisionerl\u0259r -20\u00b0C-d\u0259n +45\u00b0C-d\u0259k hava il\u0259 soyudulur - AirRent.ge<\/title>\n<meta name=\"robots\" content=\"index, follow, max-snippet:-1, max-image-preview:large, max-video-preview:-1\" \/>\n<link rel=\"canonical\" href=\"https:\/\/airrent.ge\/az\/product\/outdoor-packaged-unit-ed-serie-outdoor-packaged-air-conditioning-units-air-cooled-type\/\" \/>\n<meta property=\"og:locale\" content=\"az_AZ\" \/>\n<meta property=\"og:type\" content=\"article\" \/>\n<meta property=\"og:title\" content=\"Xarici qabla\u015fd\u0131rma qur\u011fusu \u2013 ED seriyas\u0131 A\u00e7\u0131q havada qabla\u015fd\u0131r\u0131lm\u0131\u015f kondisionerl\u0259r -20\u00b0C-d\u0259n +45\u00b0C-d\u0259k hava il\u0259 soyudulur - AirRent.ge\" \/>\n<meta property=\"og:description\" content=\"Soyutma g\u00fcc\u00fc 6,3 kVt-dan 17,2 kVt-a q\u0259d\u0259r  Xarici qabla\u015fd\u0131r\u0131lm\u0131\u015f kondisionerl\u0259r hava il\u0259 soyudulan tip, otaq daxilind\u0259 qura\u015fd\u0131rmalar \u00fc\u00e7\u00fcn ideal, radio baza stansiyas\u0131 v\u0259 m\u0259lumatlar\u0131n emal\u0131 m\u0259rk\u0259zi \u00fc\u00e7\u00fcn s\u0131\u011f\u0131nacaq. Soyuducu hava yuxar\u0131dan \u00e7\u0131xar\u0131l\u0131r v\u0259 a\u015fa\u011f\u0131ya g\u00f6nd\u0259rilir.  \u018fsas X\u00fcsusiyy\u0259tl\u0259r  Sinkl\u0259nmi\u015f poladdan haz\u0131rlanm\u0131\u015f \u0259sas \u00e7\u0259r\u00e7iv\u0259 v\u0259 panell\u0259r Al\u00fcminium-al\u00fcminium mikrokanall\u0131 kondensator batareyas\u0131 Buxarlanan ventilyatorlar b\u00f6lm\u0259 n\u00f6v\u00fc EC, 48Vdc Kondensasiya b\u00f6lm\u0259sinin fanatlar\u0131 kondensasiya t\u0259zyiqin\u0259 uy\u011fun olaraq d\u0259yi\u015f\u0259n s\u00fcr\u0259t\u0259 malikdir \u0130st\u0259k \u00fczr\u0259: Ethernet l\u00f6vh\u0259si, Serial RS232\/485, SNMP&amp;Web\" \/>\n<meta property=\"og:url\" content=\"https:\/\/airrent.ge\/az\/product\/outdoor-packaged-unit-ed-serie-outdoor-packaged-air-conditioning-units-air-cooled-type\/\" \/>\n<meta property=\"og:site_name\" content=\"AirRent.ge\" \/>\n<meta property=\"article:modified_time\" content=\"2025-05-23T16:58:44+00:00\" \/>\n<meta property=\"og:image\" content=\"https:\/\/airrent.ge\/wp-content\/uploads\/2025\/05\/monoblocco-da-esterno-serie-ED.png\" \/>\n\t<meta property=\"og:image:width\" content=\"2560\" \/>\n\t<meta property=\"og:image:height\" content=\"2221\" \/>\n\t<meta property=\"og:image:type\" content=\"image\/png\" \/>\n<meta name=\"twitter:card\" content=\"summary_large_image\" \/>\n<script type=\"application\/ld+json\" class=\"yoast-schema-graph\">{\"@context\":\"https:\/\/schema.org\",\"@graph\":[{\"@type\":\"WebPage\",\"@id\":\"https:\/\/airrent.ge\/az\/product\/outdoor-packaged-unit-ed-serie-outdoor-packaged-air-conditioning-units-air-cooled-type\/\",\"url\":\"https:\/\/airrent.ge\/az\/product\/outdoor-packaged-unit-ed-serie-outdoor-packaged-air-conditioning-units-air-cooled-type\/\",\"name\":\"Xarici qabla\u015fd\u0131rma qur\u011fusu \u2013 ED seriyas\u0131 A\u00e7\u0131q havada qabla\u015fd\u0131r\u0131lm\u0131\u015f kondisionerl\u0259r -20\u00b0C-d\u0259n +45\u00b0C-d\u0259k hava il\u0259 soyudulur - AirRent.ge\",\"isPartOf\":{\"@id\":\"https:\/\/airrent.ge\/#website\"},\"primaryImageOfPage\":{\"@id\":\"https:\/\/airrent.ge\/az\/product\/outdoor-packaged-unit-ed-serie-outdoor-packaged-air-conditioning-units-air-cooled-type\/#primaryimage\"},\"image\":{\"@id\":\"https:\/\/airrent.ge\/az\/product\/outdoor-packaged-unit-ed-serie-outdoor-packaged-air-conditioning-units-air-cooled-type\/#primaryimage\"},\"thumbnailUrl\":\"https:\/\/airrent.ge\/wp-content\/uploads\/2025\/05\/monoblocco-da-esterno-serie-ED.png\",\"datePublished\":\"2025-05-23T16:53:41+00:00\",\"dateModified\":\"2025-05-23T16:58:44+00:00\",\"breadcrumb\":{\"@id\":\"https:\/\/airrent.ge\/az\/product\/outdoor-packaged-unit-ed-serie-outdoor-packaged-air-conditioning-units-air-cooled-type\/#breadcrumb\"},\"inLanguage\":\"az\",\"potentialAction\":[{\"@type\":\"ReadAction\",\"target\":[\"https:\/\/airrent.ge\/az\/product\/outdoor-packaged-unit-ed-serie-outdoor-packaged-air-conditioning-units-air-cooled-type\/\"]}]},{\"@type\":\"ImageObject\",\"inLanguage\":\"az\",\"@id\":\"https:\/\/airrent.ge\/az\/product\/outdoor-packaged-unit-ed-serie-outdoor-packaged-air-conditioning-units-air-cooled-type\/#primaryimage\",\"url\":\"https:\/\/airrent.ge\/wp-content\/uploads\/2025\/05\/monoblocco-da-esterno-serie-ED.png\",\"contentUrl\":\"https:\/\/airrent.ge\/wp-content\/uploads\/2025\/05\/monoblocco-da-esterno-serie-ED.png\",\"width\":2560,\"height\":2221},{\"@type\":\"BreadcrumbList\",\"@id\":\"https:\/\/airrent.ge\/az\/product\/outdoor-packaged-unit-ed-serie-outdoor-packaged-air-conditioning-units-air-cooled-type\/#breadcrumb\",\"itemListElement\":[{\"@type\":\"ListItem\",\"position\":1,\"name\":\"Home\",\"item\":\"https:\/\/airrent.ge\/az\/home\/\"},{\"@type\":\"ListItem\",\"position\":2,\"name\":\"M\u0259hsullar\",\"item\":\"https:\/\/airrent.ge\/az\/products\/\"},{\"@type\":\"ListItem\",\"position\":3,\"name\":\"Xarici qabla\u015fd\u0131rma qur\u011fusu \u2013 ED seriyas\u0131 A\u00e7\u0131q havada qabla\u015fd\u0131r\u0131lm\u0131\u015f kondisionerl\u0259r -20\u00b0C-d\u0259n +45\u00b0C-d\u0259k hava il\u0259 soyudulur\"}]},{\"@type\":\"WebSite\",\"@id\":\"https:\/\/airrent.ge\/#website\",\"url\":\"https:\/\/airrent.ge\/\",\"name\":\"airrent.ge\",\"description\":\"Rental Services\",\"publisher\":{\"@id\":\"https:\/\/airrent.ge\/#organization\"},\"potentialAction\":[{\"@type\":\"SearchAction\",\"target\":{\"@type\":\"EntryPoint\",\"urlTemplate\":\"https:\/\/airrent.ge\/?s={search_term_string}\"},\"query-input\":{\"@type\":\"PropertyValueSpecification\",\"valueRequired\":true,\"valueName\":\"search_term_string\"}}],\"inLanguage\":\"az\"},{\"@type\":\"Organization\",\"@id\":\"https:\/\/airrent.ge\/#organization\",\"name\":\"airrent.ge\",\"url\":\"https:\/\/airrent.ge\/\",\"logo\":{\"@type\":\"ImageObject\",\"inLanguage\":\"az\",\"@id\":\"https:\/\/airrent.ge\/#\/schema\/logo\/image\/\",\"url\":\"https:\/\/airrent.ge\/wp-content\/uploads\/2026\/03\/airrent.png\",\"contentUrl\":\"https:\/\/airrent.ge\/wp-content\/uploads\/2026\/03\/airrent.png\",\"width\":1536,\"height\":1024,\"caption\":\"airrent.ge\"},\"image\":{\"@id\":\"https:\/\/airrent.ge\/#\/schema\/logo\/image\/\"}}]}<\/script>\n<!-- \/ Yoast SEO plugin. -->","yoast_head_json":{"title":"Xarici qabla\u015fd\u0131rma qur\u011fusu \u2013 ED seriyas\u0131 A\u00e7\u0131q havada qabla\u015fd\u0131r\u0131lm\u0131\u015f kondisionerl\u0259r -20\u00b0C-d\u0259n +45\u00b0C-d\u0259k hava il\u0259 soyudulur - AirRent.ge","robots":{"index":"index","follow":"follow","max-snippet":"max-snippet:-1","max-image-preview":"max-image-preview:large","max-video-preview":"max-video-preview:-1"},"canonical":"https:\/\/airrent.ge\/az\/product\/outdoor-packaged-unit-ed-serie-outdoor-packaged-air-conditioning-units-air-cooled-type\/","og_locale":"az_AZ","og_type":"article","og_title":"Xarici qabla\u015fd\u0131rma qur\u011fusu \u2013 ED seriyas\u0131 A\u00e7\u0131q havada qabla\u015fd\u0131r\u0131lm\u0131\u015f kondisionerl\u0259r -20\u00b0C-d\u0259n +45\u00b0C-d\u0259k hava il\u0259 soyudulur - AirRent.ge","og_description":"Soyutma g\u00fcc\u00fc 6,3 kVt-dan 17,2 kVt-a q\u0259d\u0259r  Xarici qabla\u015fd\u0131r\u0131lm\u0131\u015f kondisionerl\u0259r hava il\u0259 soyudulan tip, otaq daxilind\u0259 qura\u015fd\u0131rmalar \u00fc\u00e7\u00fcn ideal, radio baza stansiyas\u0131 v\u0259 m\u0259lumatlar\u0131n emal\u0131 m\u0259rk\u0259zi \u00fc\u00e7\u00fcn s\u0131\u011f\u0131nacaq. Soyuducu hava yuxar\u0131dan \u00e7\u0131xar\u0131l\u0131r v\u0259 a\u015fa\u011f\u0131ya g\u00f6nd\u0259rilir.  \u018fsas X\u00fcsusiyy\u0259tl\u0259r  Sinkl\u0259nmi\u015f poladdan haz\u0131rlanm\u0131\u015f \u0259sas \u00e7\u0259r\u00e7iv\u0259 v\u0259 panell\u0259r Al\u00fcminium-al\u00fcminium mikrokanall\u0131 kondensator batareyas\u0131 Buxarlanan ventilyatorlar b\u00f6lm\u0259 n\u00f6v\u00fc EC, 48Vdc Kondensasiya b\u00f6lm\u0259sinin fanatlar\u0131 kondensasiya t\u0259zyiqin\u0259 uy\u011fun olaraq d\u0259yi\u015f\u0259n s\u00fcr\u0259t\u0259 malikdir \u0130st\u0259k \u00fczr\u0259: Ethernet l\u00f6vh\u0259si, Serial RS232\/485, SNMP&amp;Web","og_url":"https:\/\/airrent.ge\/az\/product\/outdoor-packaged-unit-ed-serie-outdoor-packaged-air-conditioning-units-air-cooled-type\/","og_site_name":"AirRent.ge","article_modified_time":"2025-05-23T16:58:44+00:00","og_image":[{"width":2560,"height":2221,"url":"https:\/\/airrent.ge\/wp-content\/uploads\/2025\/05\/monoblocco-da-esterno-serie-ED.png","type":"image\/png"}],"twitter_card":"summary_large_image","schema":{"@context":"https:\/\/schema.org","@graph":[{"@type":"WebPage","@id":"https:\/\/airrent.ge\/az\/product\/outdoor-packaged-unit-ed-serie-outdoor-packaged-air-conditioning-units-air-cooled-type\/","url":"https:\/\/airrent.ge\/az\/product\/outdoor-packaged-unit-ed-serie-outdoor-packaged-air-conditioning-units-air-cooled-type\/","name":"Xarici qabla\u015fd\u0131rma qur\u011fusu \u2013 ED seriyas\u0131 A\u00e7\u0131q havada qabla\u015fd\u0131r\u0131lm\u0131\u015f kondisionerl\u0259r -20\u00b0C-d\u0259n +45\u00b0C-d\u0259k hava il\u0259 soyudulur - AirRent.ge","isPartOf":{"@id":"https:\/\/airrent.ge\/#website"},"primaryImageOfPage":{"@id":"https:\/\/airrent.ge\/az\/product\/outdoor-packaged-unit-ed-serie-outdoor-packaged-air-conditioning-units-air-cooled-type\/#primaryimage"},"image":{"@id":"https:\/\/airrent.ge\/az\/product\/outdoor-packaged-unit-ed-serie-outdoor-packaged-air-conditioning-units-air-cooled-type\/#primaryimage"},"thumbnailUrl":"https:\/\/airrent.ge\/wp-content\/uploads\/2025\/05\/monoblocco-da-esterno-serie-ED.png","datePublished":"2025-05-23T16:53:41+00:00","dateModified":"2025-05-23T16:58:44+00:00","breadcrumb":{"@id":"https:\/\/airrent.ge\/az\/product\/outdoor-packaged-unit-ed-serie-outdoor-packaged-air-conditioning-units-air-cooled-type\/#breadcrumb"},"inLanguage":"az","potentialAction":[{"@type":"ReadAction","target":["https:\/\/airrent.ge\/az\/product\/outdoor-packaged-unit-ed-serie-outdoor-packaged-air-conditioning-units-air-cooled-type\/"]}]},{"@type":"ImageObject","inLanguage":"az","@id":"https:\/\/airrent.ge\/az\/product\/outdoor-packaged-unit-ed-serie-outdoor-packaged-air-conditioning-units-air-cooled-type\/#primaryimage","url":"https:\/\/airrent.ge\/wp-content\/uploads\/2025\/05\/monoblocco-da-esterno-serie-ED.png","contentUrl":"https:\/\/airrent.ge\/wp-content\/uploads\/2025\/05\/monoblocco-da-esterno-serie-ED.png","width":2560,"height":2221},{"@type":"BreadcrumbList","@id":"https:\/\/airrent.ge\/az\/product\/outdoor-packaged-unit-ed-serie-outdoor-packaged-air-conditioning-units-air-cooled-type\/#breadcrumb","itemListElement":[{"@type":"ListItem","position":1,"name":"Home","item":"https:\/\/airrent.ge\/az\/home\/"},{"@type":"ListItem","position":2,"name":"M\u0259hsullar","item":"https:\/\/airrent.ge\/az\/products\/"},{"@type":"ListItem","position":3,"name":"Xarici qabla\u015fd\u0131rma qur\u011fusu \u2013 ED seriyas\u0131 A\u00e7\u0131q havada qabla\u015fd\u0131r\u0131lm\u0131\u015f kondisionerl\u0259r -20\u00b0C-d\u0259n +45\u00b0C-d\u0259k hava il\u0259 soyudulur"}]},{"@type":"WebSite","@id":"https:\/\/airrent.ge\/#website","url":"https:\/\/airrent.ge\/","name":"airrent.ge","description":"Rental Services","publisher":{"@id":"https:\/\/airrent.ge\/#organization"},"potentialAction":[{"@type":"SearchAction","target":{"@type":"EntryPoint","urlTemplate":"https:\/\/airrent.ge\/?s={search_term_string}"},"query-input":{"@type":"PropertyValueSpecification","valueRequired":true,"valueName":"search_term_string"}}],"inLanguage":"az"},{"@type":"Organization","@id":"https:\/\/airrent.ge\/#organization","name":"airrent.ge","url":"https:\/\/airrent.ge\/","logo":{"@type":"ImageObject","inLanguage":"az","@id":"https:\/\/airrent.ge\/#\/schema\/logo\/image\/","url":"https:\/\/airrent.ge\/wp-content\/uploads\/2026\/03\/airrent.png","contentUrl":"https:\/\/airrent.ge\/wp-content\/uploads\/2026\/03\/airrent.png","width":1536,"height":1024,"caption":"airrent.ge"},"image":{"@id":"https:\/\/airrent.ge\/#\/schema\/logo\/image\/"}}]}},"_links":{"self":[{"href":"https:\/\/airrent.ge\/az\/wp-json\/wp\/v2\/product\/32493","targetHints":{"allow":["GET"]}}],"collection":[{"href":"https:\/\/airrent.ge\/az\/wp-json\/wp\/v2\/product"}],"about":[{"href":"https:\/\/airrent.ge\/az\/wp-json\/wp\/v2\/types\/product"}],"wp:featuredmedia":[{"embeddable":true,"href":"https:\/\/airrent.ge\/az\/wp-json\/wp\/v2\/media\/32486"}],"wp:attachment":[{"href":"https:\/\/airrent.ge\/az\/wp-json\/wp\/v2\/media?parent=32493"}],"wp:term":[{"taxonomy":"product_brand","embeddable":true,"href":"https:\/\/airrent.ge\/az\/wp-json\/wp\/v2\/product_brand?post=32493"},{"taxonomy":"product_cat","embeddable":true,"href":"https:\/\/airrent.ge\/az\/wp-json\/wp\/v2\/product_cat?post=32493"},{"taxonomy":"product_tag","embeddable":true,"href":"https:\/\/airrent.ge\/az\/wp-json\/wp\/v2\/product_tag?post=32493"}],"curies":[{"name":"wp","href":"https:\/\/api.w.org\/{rel}","templated":true}]}}