{"id":32959,"date":"2025-05-25T13:48:33","date_gmt":"2025-05-25T09:48:33","guid":{"rendered":"https:\/\/airsystems.ge\/shop\/product\/industrial-cubic-evaporators-ststal\/"},"modified":"2025-05-25T13:55:01","modified_gmt":"2025-05-25T09:55:01","slug":"industrial-cubic-evaporators-ststal","status":"publish","type":"product","link":"https:\/\/airrent.ge\/az\/product\/industrial-cubic-evaporators-ststal\/","title":{"rendered":"S\u0259naye kubik buxarland\u0131r\u0131c\u0131lar\u0131 (StSt\/Al)"},"content":{"rendered":"<p>X\u00fcsusiyy\u0259tl\u0259r<\/p>\n<p>Boru h\u0259nd\u0259s\u0259si. \u0130ki h\u0259nd\u0259si m\u00f6vcuddur: 5\/8\u2033 boru 50\u00d750 x\u0259tt v\u0259 7\/8\u2033 boru 65,43 x 56,66 pill\u0259li<br \/>\nBoru material\u0131. AISI 304 paslanmayan polad (v\u0259 ya t\u0259l\u0259b \u00fczr\u0259 AISI 316)<br \/>\nAl\u00fcminium qanadlar. \u0130ste\u011fe ba\u011fl\u0131 olaraq, onlar epoksi qoruyucu il\u0259 maqnezium al\u00fcminium v\u0259 ya al\u00fcminiumdan haz\u0131rlana bil\u0259r<br \/>\nPaslanmayan polad vintl\u0259r<br \/>\nA\u011f termo-lakl\u0131 al\u00fcminium korpus<br \/>\n\u00c7\u0131xar\u0131lan yan \u00f6rt\u00fckl\u0259r. Soyuducu birl\u0259\u015fm\u0259l\u0259ri asanl\u0131qla \u0259ld\u0259 edil\u0259 bil\u0259r<br \/>\nKondensasiyan\u0131n qar\u015f\u0131s\u0131n\u0131 almaq \u00fc\u00e7\u00fcn standart olaraq poliuretanla izolyasiya edilmi\u015fdir. Tamamil\u0259 GRP-d\u0259n (fiberglasla g\u00fccl\u0259ndirilmi\u015f polyester) haz\u0131rlanm\u0131\u015f qab, y\u00fcng\u00fcl v\u0259 davaml\u0131 material, s\u0259rt, korroziyaya davaml\u0131 v\u0259 yax\u015f\u0131 istilik, akustik v\u0259 elektrik izolyatorudur.<br \/>\nModeld\u0259n as\u0131l\u0131 olaraq IP54 v\u0259 ya IP55 m\u00fch\u0259rrikli ErP Ready eksenel fanatlar; motorun termokontaktlarla qorunmas\u0131<br \/>\nAvadanl\u0131q t\u0259zyiqli v\u0259 Schrader + klapanlar\u0131 il\u0259 \u00e7atd\u0131r\u0131l\u0131r<\/p>\n<p>Aksesuarlar<\/p>\n<p>\u00c7ekm\u0259 klapan qura\u015fd\u0131r\u0131lm\u0131\u015f qabda isti qaz\u0131n \u0259rim\u0259si (iste\u011fe ba\u011fl\u0131)<br \/>\nSuyun \u0259rim\u0259si<br \/>\nBobin v\u0259\/v\u0259 ya nim\u00e7\u0259d\u0259 elektrik \u0259rim\u0259si<br \/>\nQar\u0131\u015f\u0131q defrost<br \/>\nFanlar \u00fcz\u0259rind\u0259 q\u0131zd\u0131r\u0131c\u0131 \u00fcz\u00fckl\u0259r<br \/>\nTekstil qollar\u0131na qo\u015fulma<br \/>\nBa\u011flama Sistemi<br \/>\nAzarke\u015f yay\u0131m\u00e7\u0131lar\u0131<br \/>\nEmi\u015f bunkerl\u0259ri<br \/>\nDefrostun optimalla\u015fd\u0131r\u0131lmas\u0131 \u00fc\u00e7\u00fcn h\u0259ddind\u0259n art\u0131q t\u0259zyiq damperl\u0259ri olan bo\u015faltma bunkerl\u0259ri<br \/>\nTers hava istiqam\u0259ti (pervan\u0259 fanatlar\u0131)<br \/>\nEC azarke\u015fl\u0259ri<br \/>\nQar\u0131\u015f\u0131q qanadl\u0131 add\u0131mlar<br \/>\nEpoksi il\u0259 qorunan t\u0259b\u0259q\u0259l\u0259r<br \/>\nPaslanmayan polad korpus<br \/>\nT\u0259nziml\u0259n\u0259n dayaq ayaqlar\u0131 (avadanl\u0131\u011f\u0131n d\u00f6\u015f\u0259m\u0259y\u0259 qura\u015fd\u0131r\u0131lmas\u0131 \u00fc\u00e7\u00fcn)<\/p>\n","protected":false},"excerpt":{"rendered":"<div class=\"elementor-element elementor-element-6799186e elementor-widget elementor-widget-heading\" data-id=\"6799186e\" data-element_type=\"widget\" data-widget_type=\"heading.default\">\n<div class=\"elementor-widget-container\">\n<div class=\"elementor-heading-title elementor-size-default\">\n<p>EC<br \/>\nEC kub buxarland\u0131r\u0131c\u0131lar b\u00fct\u00fcn n\u00f6v soyuq otaqlar \u00fc\u00e7\u00fcn y\u00fcks\u0259k s\u0259m\u0259r\u0259lilikli qur\u011fulard\u0131r. EC seriyas\u0131 geni\u015f \u00f6l\u00e7\u00fcl\u0259r v\u0259 t\u0259tbiql\u0259ri \u0259hat\u0259 ed\u0259n iki m\u00f6vcud h\u0259nd\u0259s\u0259 il\u0259 g\u0259lir.<\/p>\n<p>Paslanmayan polad borular v\u0259 al\u00fcminium qanadlarla (StSt\/Al) istehsal olunur. B\u00fct\u00fcn soyuducularla (NH\u2083, CO\u2082, qlikol, HFC v\u0259 s.) uy\u011fun g\u0259lir. 1-d\u0259n 6-ya q\u0259d\u0259r eksenel fanatlar\u0131n modul dizayn\u0131 (\u00d8350, 450, 500, 560, 630, 800, 910). Fin add\u0131m\u0131: 4-4,5-5-6-7-8-9-10-11-12 mm.<\/p>\n<p>EC seriyal\u0131 buxarland\u0131r\u0131c\u0131lar su basm\u0131\u015f NH\u2083 sisteml\u0259ri (h\u0259m pompalanan, h\u0259m d\u0259 cazib\u0259 q\u00fcvv\u0259si) \u00fc\u00e7\u00fcn x\u00fcsusi olaraq haz\u0131rlanm\u0131\u015f y\u00fcks\u0259k s\u0259m\u0259r\u0259li s\u0259naye kubik buxarland\u0131r\u0131c\u0131lard\u0131r. EC buxarland\u0131r\u0131c\u0131lar\u0131 m\u00f6hk\u0259m konstruksiyaya malikdir, y\u00fcks\u0259k performansa malikdir v\u0259 korroziyaya y\u00fcks\u0259k davaml\u0131d\u0131r.<\/p>\n<p>Meyv\u0259-t\u0259r\u0259v\u0259z, bal\u0131q v\u0259 \u0259t s\u0259nayesind\u0259 dondurulmu\u015f kameralarda, soyuducu v\u0259 konservl\u0259\u015fdirm\u0259 kameralar\u0131nda v\u0259 qida s\u0259nayesind\u0259 paylama m\u0259rk\u0259zl\u0259rind\u0259 birba\u015fa t\u0259tbiq olunur. Standart buxarland\u0131r\u0131c\u0131lar\u0131n bu \u00e7e\u015fidi f\u0259rdi h\u0259ll\u0259rd\u0259 t\u0259tbiq \u00fc\u00e7\u00fcn y\u00fcks\u0259k d\u0259r\u0259c\u0259d\u0259 \u00e7eviklik t\u0259klif edir.<\/p>\n<\/div>\n<\/div>\n<\/div>\n","protected":false},"featured_media":32954,"template":"","meta":[],"product_brand":[],"product_cat":[1643,875],"product_tag":[],"class_list":{"0":"post-32959","1":"product","2":"type-product","3":"status-publish","4":"has-post-thumbnail","6":"product_cat-buxarlandirici","7":"product_cat-snaye-az-kondisionerlr","9":"first","10":"instock","11":"shipping-taxable","12":"product-type-simple"},"yoast_head":"<!-- This site is optimized with the Yoast SEO plugin v27.1.1 - https:\/\/yoast.com\/product\/yoast-seo-wordpress\/ -->\n<title>S\u0259naye kubik buxarland\u0131r\u0131c\u0131lar\u0131 (StSt\/Al) - AirRent.ge<\/title>\n<meta name=\"robots\" content=\"index, follow, max-snippet:-1, max-image-preview:large, max-video-preview:-1\" \/>\n<link rel=\"canonical\" href=\"https:\/\/airrent.ge\/az\/product\/industrial-cubic-evaporators-ststal\/\" \/>\n<meta property=\"og:locale\" content=\"az_AZ\" \/>\n<meta property=\"og:type\" content=\"article\" \/>\n<meta property=\"og:title\" content=\"S\u0259naye kubik buxarland\u0131r\u0131c\u0131lar\u0131 (StSt\/Al) - AirRent.ge\" \/>\n<meta property=\"og:description\" content=\"EC EC kub buxarland\u0131r\u0131c\u0131lar b\u00fct\u00fcn n\u00f6v soyuq otaqlar \u00fc\u00e7\u00fcn y\u00fcks\u0259k s\u0259m\u0259r\u0259lilikli qur\u011fulard\u0131r. EC seriyas\u0131 geni\u015f \u00f6l\u00e7\u00fcl\u0259r v\u0259 t\u0259tbiql\u0259ri \u0259hat\u0259 ed\u0259n iki m\u00f6vcud h\u0259nd\u0259s\u0259 il\u0259 g\u0259lir.  Paslanmayan polad borular v\u0259 al\u00fcminium qanadlarla (StSt\/Al) istehsal olunur. B\u00fct\u00fcn soyuducularla (NH\u2083, CO\u2082, qlikol, HFC v\u0259 s.) uy\u011fun g\u0259lir. 1-d\u0259n 6-ya q\u0259d\u0259r eksenel fanatlar\u0131n modul dizayn\u0131 (\u00d8350, 450, 500, 560, 630, 800, 910). Fin add\u0131m\u0131: 4-4,5-5-6-7-8-9-10-11-12 mm.  EC seriyal\u0131 buxarland\u0131r\u0131c\u0131lar su basm\u0131\u015f NH\u2083 sisteml\u0259ri (h\u0259m pompalanan, h\u0259m d\u0259 cazib\u0259 q\u00fcvv\u0259si) \u00fc\u00e7\u00fcn x\u00fcsusi olaraq haz\u0131rlanm\u0131\u015f y\u00fcks\u0259k s\u0259m\u0259r\u0259li s\u0259naye kubik buxarland\u0131r\u0131c\u0131lard\u0131r. EC buxarland\u0131r\u0131c\u0131lar\u0131 m\u00f6hk\u0259m konstruksiyaya malikdir, y\u00fcks\u0259k performansa malikdir v\u0259 korroziyaya y\u00fcks\u0259k davaml\u0131d\u0131r.  Meyv\u0259-t\u0259r\u0259v\u0259z, bal\u0131q v\u0259 \u0259t s\u0259nayesind\u0259 dondurulmu\u015f kameralarda, soyuducu v\u0259 konservl\u0259\u015fdirm\u0259 kameralar\u0131nda v\u0259 qida s\u0259nayesind\u0259 paylama m\u0259rk\u0259zl\u0259rind\u0259 birba\u015fa t\u0259tbiq olunur. Standart buxarland\u0131r\u0131c\u0131lar\u0131n bu \u00e7e\u015fidi f\u0259rdi h\u0259ll\u0259rd\u0259 t\u0259tbiq \u00fc\u00e7\u00fcn y\u00fcks\u0259k d\u0259r\u0259c\u0259d\u0259 \u00e7eviklik t\u0259klif edir.\" \/>\n<meta property=\"og:url\" content=\"https:\/\/airrent.ge\/az\/product\/industrial-cubic-evaporators-ststal\/\" \/>\n<meta property=\"og:site_name\" content=\"AirRent.ge\" \/>\n<meta property=\"article:modified_time\" content=\"2025-05-25T09:55:01+00:00\" \/>\n<meta property=\"og:image\" content=\"https:\/\/airrent.ge\/wp-content\/uploads\/2025\/05\/Industrial-Cubic-Evaporators-StStAl-qdd9hl6pqhhsi6vouz6zbbrbgb5y3l0sig8bm9cc38.png\" \/>\n\t<meta property=\"og:image:width\" content=\"700\" \/>\n\t<meta property=\"og:image:height\" content=\"466\" \/>\n\t<meta property=\"og:image:type\" content=\"image\/png\" \/>\n<meta name=\"twitter:card\" content=\"summary_large_image\" \/>\n<meta name=\"twitter:label1\" content=\"Est. reading time\" \/>\n\t<meta name=\"twitter:data1\" content=\"1 minute\" \/>\n<script type=\"application\/ld+json\" class=\"yoast-schema-graph\">{\"@context\":\"https:\/\/schema.org\",\"@graph\":[{\"@type\":\"WebPage\",\"@id\":\"https:\/\/airrent.ge\/az\/product\/industrial-cubic-evaporators-ststal\/\",\"url\":\"https:\/\/airrent.ge\/az\/product\/industrial-cubic-evaporators-ststal\/\",\"name\":\"S\u0259naye kubik buxarland\u0131r\u0131c\u0131lar\u0131 (StSt\/Al) - AirRent.ge\",\"isPartOf\":{\"@id\":\"https:\/\/airrent.ge\/#website\"},\"primaryImageOfPage\":{\"@id\":\"https:\/\/airrent.ge\/az\/product\/industrial-cubic-evaporators-ststal\/#primaryimage\"},\"image\":{\"@id\":\"https:\/\/airrent.ge\/az\/product\/industrial-cubic-evaporators-ststal\/#primaryimage\"},\"thumbnailUrl\":\"https:\/\/airrent.ge\/wp-content\/uploads\/2025\/05\/Industrial-Cubic-Evaporators-StStAl-qdd9hl6pqhhsi6vouz6zbbrbgb5y3l0sig8bm9cc38.png\",\"datePublished\":\"2025-05-25T09:48:33+00:00\",\"dateModified\":\"2025-05-25T09:55:01+00:00\",\"breadcrumb\":{\"@id\":\"https:\/\/airrent.ge\/az\/product\/industrial-cubic-evaporators-ststal\/#breadcrumb\"},\"inLanguage\":\"az\",\"potentialAction\":[{\"@type\":\"ReadAction\",\"target\":[\"https:\/\/airrent.ge\/az\/product\/industrial-cubic-evaporators-ststal\/\"]}]},{\"@type\":\"ImageObject\",\"inLanguage\":\"az\",\"@id\":\"https:\/\/airrent.ge\/az\/product\/industrial-cubic-evaporators-ststal\/#primaryimage\",\"url\":\"https:\/\/airrent.ge\/wp-content\/uploads\/2025\/05\/Industrial-Cubic-Evaporators-StStAl-qdd9hl6pqhhsi6vouz6zbbrbgb5y3l0sig8bm9cc38.png\",\"contentUrl\":\"https:\/\/airrent.ge\/wp-content\/uploads\/2025\/05\/Industrial-Cubic-Evaporators-StStAl-qdd9hl6pqhhsi6vouz6zbbrbgb5y3l0sig8bm9cc38.png\",\"width\":700,\"height\":466},{\"@type\":\"BreadcrumbList\",\"@id\":\"https:\/\/airrent.ge\/az\/product\/industrial-cubic-evaporators-ststal\/#breadcrumb\",\"itemListElement\":[{\"@type\":\"ListItem\",\"position\":1,\"name\":\"Home\",\"item\":\"https:\/\/airrent.ge\/az\/home\/\"},{\"@type\":\"ListItem\",\"position\":2,\"name\":\"M\u0259hsullar\",\"item\":\"https:\/\/airrent.ge\/az\/products\/\"},{\"@type\":\"ListItem\",\"position\":3,\"name\":\"S\u0259naye kubik buxarland\u0131r\u0131c\u0131lar\u0131 (StSt\/Al)\"}]},{\"@type\":\"WebSite\",\"@id\":\"https:\/\/airrent.ge\/#website\",\"url\":\"https:\/\/airrent.ge\/\",\"name\":\"airrent.ge\",\"description\":\"Rental Services\",\"publisher\":{\"@id\":\"https:\/\/airrent.ge\/#organization\"},\"potentialAction\":[{\"@type\":\"SearchAction\",\"target\":{\"@type\":\"EntryPoint\",\"urlTemplate\":\"https:\/\/airrent.ge\/?s={search_term_string}\"},\"query-input\":{\"@type\":\"PropertyValueSpecification\",\"valueRequired\":true,\"valueName\":\"search_term_string\"}}],\"inLanguage\":\"az\"},{\"@type\":\"Organization\",\"@id\":\"https:\/\/airrent.ge\/#organization\",\"name\":\"airrent.ge\",\"url\":\"https:\/\/airrent.ge\/\",\"logo\":{\"@type\":\"ImageObject\",\"inLanguage\":\"az\",\"@id\":\"https:\/\/airrent.ge\/#\/schema\/logo\/image\/\",\"url\":\"https:\/\/airrent.ge\/wp-content\/uploads\/2026\/03\/airrent.png\",\"contentUrl\":\"https:\/\/airrent.ge\/wp-content\/uploads\/2026\/03\/airrent.png\",\"width\":1536,\"height\":1024,\"caption\":\"airrent.ge\"},\"image\":{\"@id\":\"https:\/\/airrent.ge\/#\/schema\/logo\/image\/\"}}]}<\/script>\n<!-- \/ Yoast SEO plugin. -->","yoast_head_json":{"title":"S\u0259naye kubik buxarland\u0131r\u0131c\u0131lar\u0131 (StSt\/Al) - AirRent.ge","robots":{"index":"index","follow":"follow","max-snippet":"max-snippet:-1","max-image-preview":"max-image-preview:large","max-video-preview":"max-video-preview:-1"},"canonical":"https:\/\/airrent.ge\/az\/product\/industrial-cubic-evaporators-ststal\/","og_locale":"az_AZ","og_type":"article","og_title":"S\u0259naye kubik buxarland\u0131r\u0131c\u0131lar\u0131 (StSt\/Al) - AirRent.ge","og_description":"EC EC kub buxarland\u0131r\u0131c\u0131lar b\u00fct\u00fcn n\u00f6v soyuq otaqlar \u00fc\u00e7\u00fcn y\u00fcks\u0259k s\u0259m\u0259r\u0259lilikli qur\u011fulard\u0131r. EC seriyas\u0131 geni\u015f \u00f6l\u00e7\u00fcl\u0259r v\u0259 t\u0259tbiql\u0259ri \u0259hat\u0259 ed\u0259n iki m\u00f6vcud h\u0259nd\u0259s\u0259 il\u0259 g\u0259lir.  Paslanmayan polad borular v\u0259 al\u00fcminium qanadlarla (StSt\/Al) istehsal olunur. B\u00fct\u00fcn soyuducularla (NH\u2083, CO\u2082, qlikol, HFC v\u0259 s.) uy\u011fun g\u0259lir. 1-d\u0259n 6-ya q\u0259d\u0259r eksenel fanatlar\u0131n modul dizayn\u0131 (\u00d8350, 450, 500, 560, 630, 800, 910). Fin add\u0131m\u0131: 4-4,5-5-6-7-8-9-10-11-12 mm.  EC seriyal\u0131 buxarland\u0131r\u0131c\u0131lar su basm\u0131\u015f NH\u2083 sisteml\u0259ri (h\u0259m pompalanan, h\u0259m d\u0259 cazib\u0259 q\u00fcvv\u0259si) \u00fc\u00e7\u00fcn x\u00fcsusi olaraq haz\u0131rlanm\u0131\u015f y\u00fcks\u0259k s\u0259m\u0259r\u0259li s\u0259naye kubik buxarland\u0131r\u0131c\u0131lard\u0131r. EC buxarland\u0131r\u0131c\u0131lar\u0131 m\u00f6hk\u0259m konstruksiyaya malikdir, y\u00fcks\u0259k performansa malikdir v\u0259 korroziyaya y\u00fcks\u0259k davaml\u0131d\u0131r.  Meyv\u0259-t\u0259r\u0259v\u0259z, bal\u0131q v\u0259 \u0259t s\u0259nayesind\u0259 dondurulmu\u015f kameralarda, soyuducu v\u0259 konservl\u0259\u015fdirm\u0259 kameralar\u0131nda v\u0259 qida s\u0259nayesind\u0259 paylama m\u0259rk\u0259zl\u0259rind\u0259 birba\u015fa t\u0259tbiq olunur. Standart buxarland\u0131r\u0131c\u0131lar\u0131n bu \u00e7e\u015fidi f\u0259rdi h\u0259ll\u0259rd\u0259 t\u0259tbiq \u00fc\u00e7\u00fcn y\u00fcks\u0259k d\u0259r\u0259c\u0259d\u0259 \u00e7eviklik t\u0259klif edir.","og_url":"https:\/\/airrent.ge\/az\/product\/industrial-cubic-evaporators-ststal\/","og_site_name":"AirRent.ge","article_modified_time":"2025-05-25T09:55:01+00:00","og_image":[{"width":700,"height":466,"url":"https:\/\/airrent.ge\/wp-content\/uploads\/2025\/05\/Industrial-Cubic-Evaporators-StStAl-qdd9hl6pqhhsi6vouz6zbbrbgb5y3l0sig8bm9cc38.png","type":"image\/png"}],"twitter_card":"summary_large_image","twitter_misc":{"Est. reading time":"1 minute"},"schema":{"@context":"https:\/\/schema.org","@graph":[{"@type":"WebPage","@id":"https:\/\/airrent.ge\/az\/product\/industrial-cubic-evaporators-ststal\/","url":"https:\/\/airrent.ge\/az\/product\/industrial-cubic-evaporators-ststal\/","name":"S\u0259naye kubik buxarland\u0131r\u0131c\u0131lar\u0131 (StSt\/Al) - AirRent.ge","isPartOf":{"@id":"https:\/\/airrent.ge\/#website"},"primaryImageOfPage":{"@id":"https:\/\/airrent.ge\/az\/product\/industrial-cubic-evaporators-ststal\/#primaryimage"},"image":{"@id":"https:\/\/airrent.ge\/az\/product\/industrial-cubic-evaporators-ststal\/#primaryimage"},"thumbnailUrl":"https:\/\/airrent.ge\/wp-content\/uploads\/2025\/05\/Industrial-Cubic-Evaporators-StStAl-qdd9hl6pqhhsi6vouz6zbbrbgb5y3l0sig8bm9cc38.png","datePublished":"2025-05-25T09:48:33+00:00","dateModified":"2025-05-25T09:55:01+00:00","breadcrumb":{"@id":"https:\/\/airrent.ge\/az\/product\/industrial-cubic-evaporators-ststal\/#breadcrumb"},"inLanguage":"az","potentialAction":[{"@type":"ReadAction","target":["https:\/\/airrent.ge\/az\/product\/industrial-cubic-evaporators-ststal\/"]}]},{"@type":"ImageObject","inLanguage":"az","@id":"https:\/\/airrent.ge\/az\/product\/industrial-cubic-evaporators-ststal\/#primaryimage","url":"https:\/\/airrent.ge\/wp-content\/uploads\/2025\/05\/Industrial-Cubic-Evaporators-StStAl-qdd9hl6pqhhsi6vouz6zbbrbgb5y3l0sig8bm9cc38.png","contentUrl":"https:\/\/airrent.ge\/wp-content\/uploads\/2025\/05\/Industrial-Cubic-Evaporators-StStAl-qdd9hl6pqhhsi6vouz6zbbrbgb5y3l0sig8bm9cc38.png","width":700,"height":466},{"@type":"BreadcrumbList","@id":"https:\/\/airrent.ge\/az\/product\/industrial-cubic-evaporators-ststal\/#breadcrumb","itemListElement":[{"@type":"ListItem","position":1,"name":"Home","item":"https:\/\/airrent.ge\/az\/home\/"},{"@type":"ListItem","position":2,"name":"M\u0259hsullar","item":"https:\/\/airrent.ge\/az\/products\/"},{"@type":"ListItem","position":3,"name":"S\u0259naye kubik buxarland\u0131r\u0131c\u0131lar\u0131 (StSt\/Al)"}]},{"@type":"WebSite","@id":"https:\/\/airrent.ge\/#website","url":"https:\/\/airrent.ge\/","name":"airrent.ge","description":"Rental Services","publisher":{"@id":"https:\/\/airrent.ge\/#organization"},"potentialAction":[{"@type":"SearchAction","target":{"@type":"EntryPoint","urlTemplate":"https:\/\/airrent.ge\/?s={search_term_string}"},"query-input":{"@type":"PropertyValueSpecification","valueRequired":true,"valueName":"search_term_string"}}],"inLanguage":"az"},{"@type":"Organization","@id":"https:\/\/airrent.ge\/#organization","name":"airrent.ge","url":"https:\/\/airrent.ge\/","logo":{"@type":"ImageObject","inLanguage":"az","@id":"https:\/\/airrent.ge\/#\/schema\/logo\/image\/","url":"https:\/\/airrent.ge\/wp-content\/uploads\/2026\/03\/airrent.png","contentUrl":"https:\/\/airrent.ge\/wp-content\/uploads\/2026\/03\/airrent.png","width":1536,"height":1024,"caption":"airrent.ge"},"image":{"@id":"https:\/\/airrent.ge\/#\/schema\/logo\/image\/"}}]}},"_links":{"self":[{"href":"https:\/\/airrent.ge\/az\/wp-json\/wp\/v2\/product\/32959","targetHints":{"allow":["GET"]}}],"collection":[{"href":"https:\/\/airrent.ge\/az\/wp-json\/wp\/v2\/product"}],"about":[{"href":"https:\/\/airrent.ge\/az\/wp-json\/wp\/v2\/types\/product"}],"wp:featuredmedia":[{"embeddable":true,"href":"https:\/\/airrent.ge\/az\/wp-json\/wp\/v2\/media\/32954"}],"wp:attachment":[{"href":"https:\/\/airrent.ge\/az\/wp-json\/wp\/v2\/media?parent=32959"}],"wp:term":[{"taxonomy":"product_brand","embeddable":true,"href":"https:\/\/airrent.ge\/az\/wp-json\/wp\/v2\/product_brand?post=32959"},{"taxonomy":"product_cat","embeddable":true,"href":"https:\/\/airrent.ge\/az\/wp-json\/wp\/v2\/product_cat?post=32959"},{"taxonomy":"product_tag","embeddable":true,"href":"https:\/\/airrent.ge\/az\/wp-json\/wp\/v2\/product_tag?post=32959"}],"curies":[{"name":"wp","href":"https:\/\/api.w.org\/{rel}","templated":true}]}}