{"id":33367,"date":"2025-05-25T16:36:47","date_gmt":"2025-05-25T12:36:47","guid":{"rendered":"https:\/\/airsystems.ge\/shop\/product\/nh3-blast-freezer\/"},"modified":"2025-05-25T16:39:26","modified_gmt":"2025-05-25T12:39:26","slug":"nh3-blast-freezer","status":"publish","type":"product","link":"https:\/\/airrent.ge\/az\/product\/nh3-blast-freezer\/","title":{"rendered":"NH3 Blast dondurucu"},"content":{"rendered":"","protected":false},"excerpt":{"rendered":"<div class=\"elementor-element elementor-element-f80f489 elementor-widget elementor-widget-heading\" data-id=\"f80f489\" data-element_type=\"widget\" data-widget_type=\"heading.default\">\n<div class=\"elementor-widget-container\">\n<div class=\"elementor-heading-title elementor-size-default\">\n<p>BTV\/BF\/SBF\/ECT: NH3 v\u0259 duzlu dondurucular<br \/>\n15 kVt-dan 550 kVt-a q\u0259d\u0259r soyutma g\u00fcc\u00fc<\/p>\n<p>ENEX INDUSTRIAL-\u0131n NH3 v\u0259 duzlu sulu dondurucu qur\u011fular\u0131 soyuq otaqda vahid hava paylanmas\u0131 t\u0259l\u0259b ed\u0259n s\u00fcr\u0259tli soyutma v\u0259 dondurma t\u0259tbiql\u0259ri \u00fc\u00e7\u00fcn n\u0259z\u0259rd\u0259 tutulmu\u015fdur. Qida h\u00fcceyr\u0259l\u0259rin\u0259 orqanolektik x\u00fcsusiyy\u0259tl\u0259rini saxlama\u011fa imkan ver\u0259n ki\u00e7ik buz kristallar\u0131n\u0131n \u0259m\u0259l\u0259 g\u0259lm\u0259sin\u0259 s\u0259b\u0259b olan s\u00fcr\u0259tli v\u0259 homojen bir proses \u00fc\u00e7\u00fcn haz\u0131rlanm\u0131\u015fd\u0131r. Paslanmayan polad borular aqressiv m\u00fchitl\u0259rd\u0259 y\u00fcks\u0259k dayan\u0131ql\u0131 R717 soyuducu v\u0259 maksimum m\u00fcdafi\u0259 il\u0259 uy\u011funluq t\u0259klif edir.<\/p>\n<\/div>\n<\/div>\n<\/div>\n","protected":false},"featured_media":33360,"template":"","meta":[],"product_brand":[],"product_cat":[1643,875],"product_tag":[],"class_list":{"0":"post-33367","1":"product","2":"type-product","3":"status-publish","4":"has-post-thumbnail","6":"product_cat-buxarlandirici","7":"product_cat-snaye-az-kondisionerlr","9":"first","10":"instock","11":"shipping-taxable","12":"product-type-simple"},"yoast_head":"<!-- This site is optimized with the Yoast SEO plugin v27.1.1 - https:\/\/yoast.com\/product\/yoast-seo-wordpress\/ -->\n<title>NH3 Blast dondurucu - AirRent.ge<\/title>\n<meta name=\"robots\" content=\"index, follow, max-snippet:-1, max-image-preview:large, max-video-preview:-1\" \/>\n<link rel=\"canonical\" href=\"https:\/\/airrent.ge\/az\/product\/nh3-blast-freezer\/\" \/>\n<meta property=\"og:locale\" content=\"az_AZ\" \/>\n<meta property=\"og:type\" content=\"article\" \/>\n<meta property=\"og:title\" content=\"NH3 Blast dondurucu - AirRent.ge\" \/>\n<meta property=\"og:description\" content=\"BTV\/BF\/SBF\/ECT: NH3 v\u0259 duzlu dondurucular 15 kVt-dan 550 kVt-a q\u0259d\u0259r soyutma g\u00fcc\u00fc  ENEX INDUSTRIAL-\u0131n NH3 v\u0259 duzlu sulu dondurucu qur\u011fular\u0131 soyuq otaqda vahid hava paylanmas\u0131 t\u0259l\u0259b ed\u0259n s\u00fcr\u0259tli soyutma v\u0259 dondurma t\u0259tbiql\u0259ri \u00fc\u00e7\u00fcn n\u0259z\u0259rd\u0259 tutulmu\u015fdur. Qida h\u00fcceyr\u0259l\u0259rin\u0259 orqanolektik x\u00fcsusiyy\u0259tl\u0259rini saxlama\u011fa imkan ver\u0259n ki\u00e7ik buz kristallar\u0131n\u0131n \u0259m\u0259l\u0259 g\u0259lm\u0259sin\u0259 s\u0259b\u0259b olan s\u00fcr\u0259tli v\u0259 homojen bir proses \u00fc\u00e7\u00fcn haz\u0131rlanm\u0131\u015fd\u0131r. Paslanmayan polad borular aqressiv m\u00fchitl\u0259rd\u0259 y\u00fcks\u0259k dayan\u0131ql\u0131 R717 soyuducu v\u0259 maksimum m\u00fcdafi\u0259 il\u0259 uy\u011funluq t\u0259klif edir.\" \/>\n<meta property=\"og:url\" content=\"https:\/\/airrent.ge\/az\/product\/nh3-blast-freezer\/\" \/>\n<meta property=\"og:site_name\" content=\"AirRent.ge\" \/>\n<meta property=\"article:modified_time\" content=\"2025-05-25T12:39:26+00:00\" \/>\n<meta property=\"og:image\" content=\"https:\/\/airrent.ge\/wp-content\/uploads\/2025\/05\/Evaporators-For-Spiral-Freezing-Tunnels_senzal-qdd9guv8f4hrh3xx4ntfdieetiro424b2tyq6ifcxg-1.png\" \/>\n\t<meta property=\"og:image:width\" content=\"700\" \/>\n\t<meta property=\"og:image:height\" content=\"466\" \/>\n\t<meta property=\"og:image:type\" content=\"image\/png\" \/>\n<meta name=\"twitter:card\" content=\"summary_large_image\" \/>\n<script type=\"application\/ld+json\" class=\"yoast-schema-graph\">{\"@context\":\"https:\/\/schema.org\",\"@graph\":[{\"@type\":\"WebPage\",\"@id\":\"https:\/\/airrent.ge\/az\/product\/nh3-blast-freezer\/\",\"url\":\"https:\/\/airrent.ge\/az\/product\/nh3-blast-freezer\/\",\"name\":\"NH3 Blast dondurucu - AirRent.ge\",\"isPartOf\":{\"@id\":\"https:\/\/airrent.ge\/#website\"},\"primaryImageOfPage\":{\"@id\":\"https:\/\/airrent.ge\/az\/product\/nh3-blast-freezer\/#primaryimage\"},\"image\":{\"@id\":\"https:\/\/airrent.ge\/az\/product\/nh3-blast-freezer\/#primaryimage\"},\"thumbnailUrl\":\"https:\/\/airrent.ge\/wp-content\/uploads\/2025\/05\/Evaporators-For-Spiral-Freezing-Tunnels_senzal-qdd9guv8f4hrh3xx4ntfdieetiro424b2tyq6ifcxg-1.png\",\"datePublished\":\"2025-05-25T12:36:47+00:00\",\"dateModified\":\"2025-05-25T12:39:26+00:00\",\"breadcrumb\":{\"@id\":\"https:\/\/airrent.ge\/az\/product\/nh3-blast-freezer\/#breadcrumb\"},\"inLanguage\":\"az\",\"potentialAction\":[{\"@type\":\"ReadAction\",\"target\":[\"https:\/\/airrent.ge\/az\/product\/nh3-blast-freezer\/\"]}]},{\"@type\":\"ImageObject\",\"inLanguage\":\"az\",\"@id\":\"https:\/\/airrent.ge\/az\/product\/nh3-blast-freezer\/#primaryimage\",\"url\":\"https:\/\/airrent.ge\/wp-content\/uploads\/2025\/05\/Evaporators-For-Spiral-Freezing-Tunnels_senzal-qdd9guv8f4hrh3xx4ntfdieetiro424b2tyq6ifcxg-1.png\",\"contentUrl\":\"https:\/\/airrent.ge\/wp-content\/uploads\/2025\/05\/Evaporators-For-Spiral-Freezing-Tunnels_senzal-qdd9guv8f4hrh3xx4ntfdieetiro424b2tyq6ifcxg-1.png\",\"width\":700,\"height\":466},{\"@type\":\"BreadcrumbList\",\"@id\":\"https:\/\/airrent.ge\/az\/product\/nh3-blast-freezer\/#breadcrumb\",\"itemListElement\":[{\"@type\":\"ListItem\",\"position\":1,\"name\":\"Home\",\"item\":\"https:\/\/airrent.ge\/az\/home\/\"},{\"@type\":\"ListItem\",\"position\":2,\"name\":\"M\u0259hsullar\",\"item\":\"https:\/\/airrent.ge\/az\/products\/\"},{\"@type\":\"ListItem\",\"position\":3,\"name\":\"NH3 Blast dondurucu\"}]},{\"@type\":\"WebSite\",\"@id\":\"https:\/\/airrent.ge\/#website\",\"url\":\"https:\/\/airrent.ge\/\",\"name\":\"airrent.ge\",\"description\":\"Rental Services\",\"publisher\":{\"@id\":\"https:\/\/airrent.ge\/#organization\"},\"potentialAction\":[{\"@type\":\"SearchAction\",\"target\":{\"@type\":\"EntryPoint\",\"urlTemplate\":\"https:\/\/airrent.ge\/?s={search_term_string}\"},\"query-input\":{\"@type\":\"PropertyValueSpecification\",\"valueRequired\":true,\"valueName\":\"search_term_string\"}}],\"inLanguage\":\"az\"},{\"@type\":\"Organization\",\"@id\":\"https:\/\/airrent.ge\/#organization\",\"name\":\"airrent.ge\",\"url\":\"https:\/\/airrent.ge\/\",\"logo\":{\"@type\":\"ImageObject\",\"inLanguage\":\"az\",\"@id\":\"https:\/\/airrent.ge\/#\/schema\/logo\/image\/\",\"url\":\"https:\/\/airrent.ge\/wp-content\/uploads\/2026\/03\/airrent.png\",\"contentUrl\":\"https:\/\/airrent.ge\/wp-content\/uploads\/2026\/03\/airrent.png\",\"width\":1536,\"height\":1024,\"caption\":\"airrent.ge\"},\"image\":{\"@id\":\"https:\/\/airrent.ge\/#\/schema\/logo\/image\/\"}}]}<\/script>\n<!-- \/ Yoast SEO plugin. -->","yoast_head_json":{"title":"NH3 Blast dondurucu - AirRent.ge","robots":{"index":"index","follow":"follow","max-snippet":"max-snippet:-1","max-image-preview":"max-image-preview:large","max-video-preview":"max-video-preview:-1"},"canonical":"https:\/\/airrent.ge\/az\/product\/nh3-blast-freezer\/","og_locale":"az_AZ","og_type":"article","og_title":"NH3 Blast dondurucu - AirRent.ge","og_description":"BTV\/BF\/SBF\/ECT: NH3 v\u0259 duzlu dondurucular 15 kVt-dan 550 kVt-a q\u0259d\u0259r soyutma g\u00fcc\u00fc  ENEX INDUSTRIAL-\u0131n NH3 v\u0259 duzlu sulu dondurucu qur\u011fular\u0131 soyuq otaqda vahid hava paylanmas\u0131 t\u0259l\u0259b ed\u0259n s\u00fcr\u0259tli soyutma v\u0259 dondurma t\u0259tbiql\u0259ri \u00fc\u00e7\u00fcn n\u0259z\u0259rd\u0259 tutulmu\u015fdur. Qida h\u00fcceyr\u0259l\u0259rin\u0259 orqanolektik x\u00fcsusiyy\u0259tl\u0259rini saxlama\u011fa imkan ver\u0259n ki\u00e7ik buz kristallar\u0131n\u0131n \u0259m\u0259l\u0259 g\u0259lm\u0259sin\u0259 s\u0259b\u0259b olan s\u00fcr\u0259tli v\u0259 homojen bir proses \u00fc\u00e7\u00fcn haz\u0131rlanm\u0131\u015fd\u0131r. Paslanmayan polad borular aqressiv m\u00fchitl\u0259rd\u0259 y\u00fcks\u0259k dayan\u0131ql\u0131 R717 soyuducu v\u0259 maksimum m\u00fcdafi\u0259 il\u0259 uy\u011funluq t\u0259klif edir.","og_url":"https:\/\/airrent.ge\/az\/product\/nh3-blast-freezer\/","og_site_name":"AirRent.ge","article_modified_time":"2025-05-25T12:39:26+00:00","og_image":[{"width":700,"height":466,"url":"https:\/\/airrent.ge\/wp-content\/uploads\/2025\/05\/Evaporators-For-Spiral-Freezing-Tunnels_senzal-qdd9guv8f4hrh3xx4ntfdieetiro424b2tyq6ifcxg-1.png","type":"image\/png"}],"twitter_card":"summary_large_image","schema":{"@context":"https:\/\/schema.org","@graph":[{"@type":"WebPage","@id":"https:\/\/airrent.ge\/az\/product\/nh3-blast-freezer\/","url":"https:\/\/airrent.ge\/az\/product\/nh3-blast-freezer\/","name":"NH3 Blast dondurucu - AirRent.ge","isPartOf":{"@id":"https:\/\/airrent.ge\/#website"},"primaryImageOfPage":{"@id":"https:\/\/airrent.ge\/az\/product\/nh3-blast-freezer\/#primaryimage"},"image":{"@id":"https:\/\/airrent.ge\/az\/product\/nh3-blast-freezer\/#primaryimage"},"thumbnailUrl":"https:\/\/airrent.ge\/wp-content\/uploads\/2025\/05\/Evaporators-For-Spiral-Freezing-Tunnels_senzal-qdd9guv8f4hrh3xx4ntfdieetiro424b2tyq6ifcxg-1.png","datePublished":"2025-05-25T12:36:47+00:00","dateModified":"2025-05-25T12:39:26+00:00","breadcrumb":{"@id":"https:\/\/airrent.ge\/az\/product\/nh3-blast-freezer\/#breadcrumb"},"inLanguage":"az","potentialAction":[{"@type":"ReadAction","target":["https:\/\/airrent.ge\/az\/product\/nh3-blast-freezer\/"]}]},{"@type":"ImageObject","inLanguage":"az","@id":"https:\/\/airrent.ge\/az\/product\/nh3-blast-freezer\/#primaryimage","url":"https:\/\/airrent.ge\/wp-content\/uploads\/2025\/05\/Evaporators-For-Spiral-Freezing-Tunnels_senzal-qdd9guv8f4hrh3xx4ntfdieetiro424b2tyq6ifcxg-1.png","contentUrl":"https:\/\/airrent.ge\/wp-content\/uploads\/2025\/05\/Evaporators-For-Spiral-Freezing-Tunnels_senzal-qdd9guv8f4hrh3xx4ntfdieetiro424b2tyq6ifcxg-1.png","width":700,"height":466},{"@type":"BreadcrumbList","@id":"https:\/\/airrent.ge\/az\/product\/nh3-blast-freezer\/#breadcrumb","itemListElement":[{"@type":"ListItem","position":1,"name":"Home","item":"https:\/\/airrent.ge\/az\/home\/"},{"@type":"ListItem","position":2,"name":"M\u0259hsullar","item":"https:\/\/airrent.ge\/az\/products\/"},{"@type":"ListItem","position":3,"name":"NH3 Blast dondurucu"}]},{"@type":"WebSite","@id":"https:\/\/airrent.ge\/#website","url":"https:\/\/airrent.ge\/","name":"airrent.ge","description":"Rental Services","publisher":{"@id":"https:\/\/airrent.ge\/#organization"},"potentialAction":[{"@type":"SearchAction","target":{"@type":"EntryPoint","urlTemplate":"https:\/\/airrent.ge\/?s={search_term_string}"},"query-input":{"@type":"PropertyValueSpecification","valueRequired":true,"valueName":"search_term_string"}}],"inLanguage":"az"},{"@type":"Organization","@id":"https:\/\/airrent.ge\/#organization","name":"airrent.ge","url":"https:\/\/airrent.ge\/","logo":{"@type":"ImageObject","inLanguage":"az","@id":"https:\/\/airrent.ge\/#\/schema\/logo\/image\/","url":"https:\/\/airrent.ge\/wp-content\/uploads\/2026\/03\/airrent.png","contentUrl":"https:\/\/airrent.ge\/wp-content\/uploads\/2026\/03\/airrent.png","width":1536,"height":1024,"caption":"airrent.ge"},"image":{"@id":"https:\/\/airrent.ge\/#\/schema\/logo\/image\/"}}]}},"_links":{"self":[{"href":"https:\/\/airrent.ge\/az\/wp-json\/wp\/v2\/product\/33367","targetHints":{"allow":["GET"]}}],"collection":[{"href":"https:\/\/airrent.ge\/az\/wp-json\/wp\/v2\/product"}],"about":[{"href":"https:\/\/airrent.ge\/az\/wp-json\/wp\/v2\/types\/product"}],"wp:featuredmedia":[{"embeddable":true,"href":"https:\/\/airrent.ge\/az\/wp-json\/wp\/v2\/media\/33360"}],"wp:attachment":[{"href":"https:\/\/airrent.ge\/az\/wp-json\/wp\/v2\/media?parent=33367"}],"wp:term":[{"taxonomy":"product_brand","embeddable":true,"href":"https:\/\/airrent.ge\/az\/wp-json\/wp\/v2\/product_brand?post=33367"},{"taxonomy":"product_cat","embeddable":true,"href":"https:\/\/airrent.ge\/az\/wp-json\/wp\/v2\/product_cat?post=33367"},{"taxonomy":"product_tag","embeddable":true,"href":"https:\/\/airrent.ge\/az\/wp-json\/wp\/v2\/product_tag?post=33367"}],"curies":[{"name":"wp","href":"https:\/\/api.w.org\/{rel}","templated":true}]}}