{"id":33475,"date":"2025-05-25T20:46:48","date_gmt":"2025-05-25T16:46:48","guid":{"rendered":"https:\/\/airsystems.ge\/shop\/product\/nh3-cooling-unit-w-custom-refrigeration-system-for-indoor-use\/"},"modified":"2025-05-25T20:50:03","modified_gmt":"2025-05-25T16:50:03","slug":"nh3-cooling-unit-w-custom-refrigeration-system-for-indoor-use","status":"publish","type":"product","link":"https:\/\/airrent.ge\/az\/product\/nh3-cooling-unit-w-custom-refrigeration-system-for-indoor-use\/","title":{"rendered":"Soyutma qur\u011fusu  NH3 Soyutma qur\u011fusu W: Daxili istifad\u0259 \u00fc\u00e7\u00fcn x\u00fcsusi soyuducu sistem"},"content":{"rendered":"","protected":false},"excerpt":{"rendered":"<p>S\u00fcp\u00fcr\u00fcl\u0259n H\u0259cm 1000 m3\/saatdan 12000 m3\/saata q\u0259d\u0259r<\/p>\n<p>ENEX INDUSTRIAL-dan W x\u00fcsusi soyuducu sistemi daxili istifad\u0259 \u00fc\u00e7\u00fcn ideald\u0131r. Uzaqdan quru v\u0259 ya buxarlanan kondensatorla hava il\u0259 soyudulur, su v\u0259 ya duzlu su il\u0259 soyudulur. Nasoslu sistem se\u00e7imi il\u0259 m\u00f6vcuddur v\u0259 qida emal\u0131 v\u0259 saxlama kimi b\u00f6y\u00fck s\u0259naye soyuducu sisteml\u0259ri \u00fc\u00e7\u00fcn uy\u011fundur.<\/p>\n<p>X\u00fcsusiyy\u0259tl\u0259r<\/p>\n<p>Paralel olaraq 2-d\u0259n 4-\u0259 q\u0259d\u0259r kompressor<br \/>\nBuxarlanma temperaturunun geni\u015f diapazonu (bir v\u0259 ya iki s\u0259viyy\u0259)<br \/>\nBoyal\u0131 polad damlama qab\u0131<br \/>\nSu\/duzlu su d\u00f6vr\u0259si \u00fc\u00e7\u00fcn paslanmayan polad 304L boru k\u0259m\u0259rl\u0259ri<\/p>\n","protected":false},"featured_media":33470,"template":"","meta":[],"product_brand":[],"product_cat":[875,1649],"product_tag":[],"class_list":{"0":"post-33475","1":"product","2":"type-product","3":"status-publish","4":"has-post-thumbnail","6":"product_cat-snaye-az-kondisionerlr","7":"product_cat-soyutma-qurgusu","9":"first","10":"instock","11":"shipping-taxable","12":"product-type-simple"},"yoast_head":"<!-- This site is optimized with the Yoast SEO plugin v27.1.1 - https:\/\/yoast.com\/product\/yoast-seo-wordpress\/ -->\n<title>Soyutma qur\u011fusu NH3 Soyutma qur\u011fusu W: Daxili istifad\u0259 \u00fc\u00e7\u00fcn x\u00fcsusi soyuducu sistem - AirRent.ge<\/title>\n<meta name=\"robots\" content=\"index, follow, max-snippet:-1, max-image-preview:large, max-video-preview:-1\" \/>\n<link rel=\"canonical\" href=\"https:\/\/airrent.ge\/az\/product\/nh3-cooling-unit-w-custom-refrigeration-system-for-indoor-use\/\" \/>\n<meta property=\"og:locale\" content=\"az_AZ\" \/>\n<meta property=\"og:type\" content=\"article\" \/>\n<meta property=\"og:title\" content=\"Soyutma qur\u011fusu NH3 Soyutma qur\u011fusu W: Daxili istifad\u0259 \u00fc\u00e7\u00fcn x\u00fcsusi soyuducu sistem - AirRent.ge\" \/>\n<meta property=\"og:description\" content=\"S\u00fcp\u00fcr\u00fcl\u0259n H\u0259cm 1000 m3\/saatdan 12000 m3\/saata q\u0259d\u0259r  ENEX INDUSTRIAL-dan W x\u00fcsusi soyuducu sistemi daxili istifad\u0259 \u00fc\u00e7\u00fcn ideald\u0131r. Uzaqdan quru v\u0259 ya buxarlanan kondensatorla hava il\u0259 soyudulur, su v\u0259 ya duzlu su il\u0259 soyudulur. Nasoslu sistem se\u00e7imi il\u0259 m\u00f6vcuddur v\u0259 qida emal\u0131 v\u0259 saxlama kimi b\u00f6y\u00fck s\u0259naye soyuducu sisteml\u0259ri \u00fc\u00e7\u00fcn uy\u011fundur.  X\u00fcsusiyy\u0259tl\u0259r  Paralel olaraq 2-d\u0259n 4-\u0259 q\u0259d\u0259r kompressor Buxarlanma temperaturunun geni\u015f diapazonu (bir v\u0259 ya iki s\u0259viyy\u0259) Boyal\u0131 polad damlama qab\u0131 Su\/duzlu su d\u00f6vr\u0259si \u00fc\u00e7\u00fcn paslanmayan polad 304L boru k\u0259m\u0259rl\u0259ri\" \/>\n<meta property=\"og:url\" content=\"https:\/\/airrent.ge\/az\/product\/nh3-cooling-unit-w-custom-refrigeration-system-for-indoor-use\/\" \/>\n<meta property=\"og:site_name\" content=\"AirRent.ge\" \/>\n<meta property=\"article:modified_time\" content=\"2025-05-25T16:50:03+00:00\" \/>\n<meta property=\"og:image\" content=\"https:\/\/airrent.ge\/wp-content\/uploads\/2025\/05\/NH3-COOLING-UNIT.jpg\" \/>\n\t<meta property=\"og:image:width\" content=\"717\" \/>\n\t<meta property=\"og:image:height\" content=\"391\" \/>\n\t<meta property=\"og:image:type\" content=\"image\/jpeg\" \/>\n<meta name=\"twitter:card\" content=\"summary_large_image\" \/>\n<script type=\"application\/ld+json\" class=\"yoast-schema-graph\">{\"@context\":\"https:\/\/schema.org\",\"@graph\":[{\"@type\":\"WebPage\",\"@id\":\"https:\/\/airrent.ge\/az\/product\/nh3-cooling-unit-w-custom-refrigeration-system-for-indoor-use\/\",\"url\":\"https:\/\/airrent.ge\/az\/product\/nh3-cooling-unit-w-custom-refrigeration-system-for-indoor-use\/\",\"name\":\"Soyutma qur\u011fusu NH3 Soyutma qur\u011fusu W: Daxili istifad\u0259 \u00fc\u00e7\u00fcn x\u00fcsusi soyuducu sistem - AirRent.ge\",\"isPartOf\":{\"@id\":\"https:\/\/airrent.ge\/#website\"},\"primaryImageOfPage\":{\"@id\":\"https:\/\/airrent.ge\/az\/product\/nh3-cooling-unit-w-custom-refrigeration-system-for-indoor-use\/#primaryimage\"},\"image\":{\"@id\":\"https:\/\/airrent.ge\/az\/product\/nh3-cooling-unit-w-custom-refrigeration-system-for-indoor-use\/#primaryimage\"},\"thumbnailUrl\":\"https:\/\/airrent.ge\/wp-content\/uploads\/2025\/05\/NH3-COOLING-UNIT.jpg\",\"datePublished\":\"2025-05-25T16:46:48+00:00\",\"dateModified\":\"2025-05-25T16:50:03+00:00\",\"breadcrumb\":{\"@id\":\"https:\/\/airrent.ge\/az\/product\/nh3-cooling-unit-w-custom-refrigeration-system-for-indoor-use\/#breadcrumb\"},\"inLanguage\":\"az\",\"potentialAction\":[{\"@type\":\"ReadAction\",\"target\":[\"https:\/\/airrent.ge\/az\/product\/nh3-cooling-unit-w-custom-refrigeration-system-for-indoor-use\/\"]}]},{\"@type\":\"ImageObject\",\"inLanguage\":\"az\",\"@id\":\"https:\/\/airrent.ge\/az\/product\/nh3-cooling-unit-w-custom-refrigeration-system-for-indoor-use\/#primaryimage\",\"url\":\"https:\/\/airrent.ge\/wp-content\/uploads\/2025\/05\/NH3-COOLING-UNIT.jpg\",\"contentUrl\":\"https:\/\/airrent.ge\/wp-content\/uploads\/2025\/05\/NH3-COOLING-UNIT.jpg\",\"width\":717,\"height\":391},{\"@type\":\"BreadcrumbList\",\"@id\":\"https:\/\/airrent.ge\/az\/product\/nh3-cooling-unit-w-custom-refrigeration-system-for-indoor-use\/#breadcrumb\",\"itemListElement\":[{\"@type\":\"ListItem\",\"position\":1,\"name\":\"Home\",\"item\":\"https:\/\/airrent.ge\/az\/home\/\"},{\"@type\":\"ListItem\",\"position\":2,\"name\":\"M\u0259hsullar\",\"item\":\"https:\/\/airrent.ge\/az\/products\/\"},{\"@type\":\"ListItem\",\"position\":3,\"name\":\"Soyutma qur\u011fusu NH3 Soyutma qur\u011fusu W: Daxili istifad\u0259 \u00fc\u00e7\u00fcn x\u00fcsusi soyuducu sistem\"}]},{\"@type\":\"WebSite\",\"@id\":\"https:\/\/airrent.ge\/#website\",\"url\":\"https:\/\/airrent.ge\/\",\"name\":\"airrent.ge\",\"description\":\"Rental Services\",\"publisher\":{\"@id\":\"https:\/\/airrent.ge\/#organization\"},\"potentialAction\":[{\"@type\":\"SearchAction\",\"target\":{\"@type\":\"EntryPoint\",\"urlTemplate\":\"https:\/\/airrent.ge\/?s={search_term_string}\"},\"query-input\":{\"@type\":\"PropertyValueSpecification\",\"valueRequired\":true,\"valueName\":\"search_term_string\"}}],\"inLanguage\":\"az\"},{\"@type\":\"Organization\",\"@id\":\"https:\/\/airrent.ge\/#organization\",\"name\":\"airrent.ge\",\"url\":\"https:\/\/airrent.ge\/\",\"logo\":{\"@type\":\"ImageObject\",\"inLanguage\":\"az\",\"@id\":\"https:\/\/airrent.ge\/#\/schema\/logo\/image\/\",\"url\":\"https:\/\/airrent.ge\/wp-content\/uploads\/2026\/03\/airrent.png\",\"contentUrl\":\"https:\/\/airrent.ge\/wp-content\/uploads\/2026\/03\/airrent.png\",\"width\":1536,\"height\":1024,\"caption\":\"airrent.ge\"},\"image\":{\"@id\":\"https:\/\/airrent.ge\/#\/schema\/logo\/image\/\"}}]}<\/script>\n<!-- \/ Yoast SEO plugin. -->","yoast_head_json":{"title":"Soyutma qur\u011fusu NH3 Soyutma qur\u011fusu W: Daxili istifad\u0259 \u00fc\u00e7\u00fcn x\u00fcsusi soyuducu sistem - AirRent.ge","robots":{"index":"index","follow":"follow","max-snippet":"max-snippet:-1","max-image-preview":"max-image-preview:large","max-video-preview":"max-video-preview:-1"},"canonical":"https:\/\/airrent.ge\/az\/product\/nh3-cooling-unit-w-custom-refrigeration-system-for-indoor-use\/","og_locale":"az_AZ","og_type":"article","og_title":"Soyutma qur\u011fusu NH3 Soyutma qur\u011fusu W: Daxili istifad\u0259 \u00fc\u00e7\u00fcn x\u00fcsusi soyuducu sistem - AirRent.ge","og_description":"S\u00fcp\u00fcr\u00fcl\u0259n H\u0259cm 1000 m3\/saatdan 12000 m3\/saata q\u0259d\u0259r  ENEX INDUSTRIAL-dan W x\u00fcsusi soyuducu sistemi daxili istifad\u0259 \u00fc\u00e7\u00fcn ideald\u0131r. Uzaqdan quru v\u0259 ya buxarlanan kondensatorla hava il\u0259 soyudulur, su v\u0259 ya duzlu su il\u0259 soyudulur. Nasoslu sistem se\u00e7imi il\u0259 m\u00f6vcuddur v\u0259 qida emal\u0131 v\u0259 saxlama kimi b\u00f6y\u00fck s\u0259naye soyuducu sisteml\u0259ri \u00fc\u00e7\u00fcn uy\u011fundur.  X\u00fcsusiyy\u0259tl\u0259r  Paralel olaraq 2-d\u0259n 4-\u0259 q\u0259d\u0259r kompressor Buxarlanma temperaturunun geni\u015f diapazonu (bir v\u0259 ya iki s\u0259viyy\u0259) Boyal\u0131 polad damlama qab\u0131 Su\/duzlu su d\u00f6vr\u0259si \u00fc\u00e7\u00fcn paslanmayan polad 304L boru k\u0259m\u0259rl\u0259ri","og_url":"https:\/\/airrent.ge\/az\/product\/nh3-cooling-unit-w-custom-refrigeration-system-for-indoor-use\/","og_site_name":"AirRent.ge","article_modified_time":"2025-05-25T16:50:03+00:00","og_image":[{"width":717,"height":391,"url":"https:\/\/airrent.ge\/wp-content\/uploads\/2025\/05\/NH3-COOLING-UNIT.jpg","type":"image\/jpeg"}],"twitter_card":"summary_large_image","schema":{"@context":"https:\/\/schema.org","@graph":[{"@type":"WebPage","@id":"https:\/\/airrent.ge\/az\/product\/nh3-cooling-unit-w-custom-refrigeration-system-for-indoor-use\/","url":"https:\/\/airrent.ge\/az\/product\/nh3-cooling-unit-w-custom-refrigeration-system-for-indoor-use\/","name":"Soyutma qur\u011fusu NH3 Soyutma qur\u011fusu W: Daxili istifad\u0259 \u00fc\u00e7\u00fcn x\u00fcsusi soyuducu sistem - AirRent.ge","isPartOf":{"@id":"https:\/\/airrent.ge\/#website"},"primaryImageOfPage":{"@id":"https:\/\/airrent.ge\/az\/product\/nh3-cooling-unit-w-custom-refrigeration-system-for-indoor-use\/#primaryimage"},"image":{"@id":"https:\/\/airrent.ge\/az\/product\/nh3-cooling-unit-w-custom-refrigeration-system-for-indoor-use\/#primaryimage"},"thumbnailUrl":"https:\/\/airrent.ge\/wp-content\/uploads\/2025\/05\/NH3-COOLING-UNIT.jpg","datePublished":"2025-05-25T16:46:48+00:00","dateModified":"2025-05-25T16:50:03+00:00","breadcrumb":{"@id":"https:\/\/airrent.ge\/az\/product\/nh3-cooling-unit-w-custom-refrigeration-system-for-indoor-use\/#breadcrumb"},"inLanguage":"az","potentialAction":[{"@type":"ReadAction","target":["https:\/\/airrent.ge\/az\/product\/nh3-cooling-unit-w-custom-refrigeration-system-for-indoor-use\/"]}]},{"@type":"ImageObject","inLanguage":"az","@id":"https:\/\/airrent.ge\/az\/product\/nh3-cooling-unit-w-custom-refrigeration-system-for-indoor-use\/#primaryimage","url":"https:\/\/airrent.ge\/wp-content\/uploads\/2025\/05\/NH3-COOLING-UNIT.jpg","contentUrl":"https:\/\/airrent.ge\/wp-content\/uploads\/2025\/05\/NH3-COOLING-UNIT.jpg","width":717,"height":391},{"@type":"BreadcrumbList","@id":"https:\/\/airrent.ge\/az\/product\/nh3-cooling-unit-w-custom-refrigeration-system-for-indoor-use\/#breadcrumb","itemListElement":[{"@type":"ListItem","position":1,"name":"Home","item":"https:\/\/airrent.ge\/az\/home\/"},{"@type":"ListItem","position":2,"name":"M\u0259hsullar","item":"https:\/\/airrent.ge\/az\/products\/"},{"@type":"ListItem","position":3,"name":"Soyutma qur\u011fusu NH3 Soyutma qur\u011fusu W: Daxili istifad\u0259 \u00fc\u00e7\u00fcn x\u00fcsusi soyuducu sistem"}]},{"@type":"WebSite","@id":"https:\/\/airrent.ge\/#website","url":"https:\/\/airrent.ge\/","name":"airrent.ge","description":"Rental Services","publisher":{"@id":"https:\/\/airrent.ge\/#organization"},"potentialAction":[{"@type":"SearchAction","target":{"@type":"EntryPoint","urlTemplate":"https:\/\/airrent.ge\/?s={search_term_string}"},"query-input":{"@type":"PropertyValueSpecification","valueRequired":true,"valueName":"search_term_string"}}],"inLanguage":"az"},{"@type":"Organization","@id":"https:\/\/airrent.ge\/#organization","name":"airrent.ge","url":"https:\/\/airrent.ge\/","logo":{"@type":"ImageObject","inLanguage":"az","@id":"https:\/\/airrent.ge\/#\/schema\/logo\/image\/","url":"https:\/\/airrent.ge\/wp-content\/uploads\/2026\/03\/airrent.png","contentUrl":"https:\/\/airrent.ge\/wp-content\/uploads\/2026\/03\/airrent.png","width":1536,"height":1024,"caption":"airrent.ge"},"image":{"@id":"https:\/\/airrent.ge\/#\/schema\/logo\/image\/"}}]}},"_links":{"self":[{"href":"https:\/\/airrent.ge\/az\/wp-json\/wp\/v2\/product\/33475","targetHints":{"allow":["GET"]}}],"collection":[{"href":"https:\/\/airrent.ge\/az\/wp-json\/wp\/v2\/product"}],"about":[{"href":"https:\/\/airrent.ge\/az\/wp-json\/wp\/v2\/types\/product"}],"wp:featuredmedia":[{"embeddable":true,"href":"https:\/\/airrent.ge\/az\/wp-json\/wp\/v2\/media\/33470"}],"wp:attachment":[{"href":"https:\/\/airrent.ge\/az\/wp-json\/wp\/v2\/media?parent=33475"}],"wp:term":[{"taxonomy":"product_brand","embeddable":true,"href":"https:\/\/airrent.ge\/az\/wp-json\/wp\/v2\/product_brand?post=33475"},{"taxonomy":"product_cat","embeddable":true,"href":"https:\/\/airrent.ge\/az\/wp-json\/wp\/v2\/product_cat?post=33475"},{"taxonomy":"product_tag","embeddable":true,"href":"https:\/\/airrent.ge\/az\/wp-json\/wp\/v2\/product_tag?post=33475"}],"curies":[{"name":"wp","href":"https:\/\/api.w.org\/{rel}","templated":true}]}}