{"id":33584,"date":"2025-05-25T22:00:11","date_gmt":"2025-05-25T18:00:11","guid":{"rendered":"https:\/\/airsystems.ge\/shop\/product\/yukon-w-water-to-water-reciprocating-heat-pump\/"},"modified":"2025-05-25T22:03:34","modified_gmt":"2025-05-25T18:03:34","slug":"yukon-w-water-to-water-reciprocating-heat-pump","status":"publish","type":"product","link":"https:\/\/airrent.ge\/az\/product\/yukon-w-water-to-water-reciprocating-heat-pump\/","title":{"rendered":"Yukon W Sudan suya d\u00f6n\u0259n istilik nasosu"},"content":{"rendered":"","protected":false},"excerpt":{"rendered":"<p>36 kVt-dan 3000 kVt-a q\u0259d\u0259r istilik g\u00fcc\u00fc<\/p>\n<p>Yukon W sudan suya d\u00f6n\u0259n istilik nasosu transkritik CO2 d\u00f6vr\u00fcn\u0259 \u0259saslan\u0131r. Suyun y\u00fcks\u0259k temperaturda (80\u00b0C-\u0259 q\u0259d\u0259r) q\u0131zd\u0131r\u0131lmal\u0131 oldu\u011fu v\u0259 isti t\u0259r\u0259f\u0259 qay\u0131tma temperaturunun 35\u00b0C-d\u0259n a\u015fa\u011f\u0131 oldu\u011fu zaman m\u0259nb\u0259 kimi sudan istifad\u0259 ed\u0259n s\u0259naye v\u0259 iri m\u0259rk\u0259zi istilik sisteml\u0259ri \u00fc\u00e7\u00fcn ideal se\u00e7imdir.<\/p>\n<p>X\u00dcSUS\u0130YY\u018fTL\u018fR\u0130<\/p>\n<p>\u2022 Qaynaqlanm\u0131\u015f polad \u00e7\u0259r\u00e7iv\u0259<br \/>\n\u2022 Pistonlu kompressorlar<br \/>\n\u2022 Paslanmayan polad boru k\u0259m\u0259rl\u0259ri<br \/>\n\u2022 M\u00fc\u0259llif n\u0259zar\u0259t proqram\u0131<br \/>\n\u2022 Mexanik ehtiyat klapanlar<br \/>\n\u2022 Birinci kompressorda tezlik \u00e7eviricisi<br \/>\n\u2022 Bo\u015faltma klapanlar\u0131n\u0131n kanallar\u0131<br \/>\n\u2022 Modbus TCP\/IP vasit\u0259sil\u0259 qo\u015fulma<br \/>\n\u2022 Enerji say\u011fac\u0131<br \/>\n\u2022 Uzaqdan monitorinq<br \/>\n\u2022 70K-a q\u0259d\u0259r \u0394T<br \/>\n\u2022 PS 80 barl\u0131 maye q\u0259buledicisi<br \/>\n\u2022 T\u0259zyiq d\u0259r\u0259c\u0259si HP t\u0259r\u0259fi PS=130 bar<\/p>\n","protected":false},"featured_media":33579,"template":"","meta":[],"product_brand":[],"product_cat":[1668,875],"product_tag":[],"class_list":{"0":"post-33584","1":"product","2":"type-product","3":"status-publish","4":"has-post-thumbnail","6":"product_cat-istilik-nasosu","7":"product_cat-snaye-az-kondisionerlr","9":"first","10":"instock","11":"shipping-taxable","12":"product-type-simple"},"yoast_head":"<!-- This site is optimized with the Yoast SEO plugin v27.1.1 - https:\/\/yoast.com\/product\/yoast-seo-wordpress\/ -->\n<title>Yukon W Sudan suya d\u00f6n\u0259n istilik nasosu - AirRent.ge<\/title>\n<meta name=\"robots\" content=\"index, follow, max-snippet:-1, max-image-preview:large, max-video-preview:-1\" \/>\n<link rel=\"canonical\" href=\"https:\/\/airrent.ge\/az\/product\/yukon-w-water-to-water-reciprocating-heat-pump\/\" \/>\n<meta property=\"og:locale\" content=\"az_AZ\" \/>\n<meta property=\"og:type\" content=\"article\" \/>\n<meta property=\"og:title\" content=\"Yukon W Sudan suya d\u00f6n\u0259n istilik nasosu - AirRent.ge\" \/>\n<meta property=\"og:description\" content=\"36 kVt-dan 3000 kVt-a q\u0259d\u0259r istilik g\u00fcc\u00fc  Yukon W sudan suya d\u00f6n\u0259n istilik nasosu transkritik CO2 d\u00f6vr\u00fcn\u0259 \u0259saslan\u0131r. Suyun y\u00fcks\u0259k temperaturda (80\u00b0C-\u0259 q\u0259d\u0259r) q\u0131zd\u0131r\u0131lmal\u0131 oldu\u011fu v\u0259 isti t\u0259r\u0259f\u0259 qay\u0131tma temperaturunun 35\u00b0C-d\u0259n a\u015fa\u011f\u0131 oldu\u011fu zaman m\u0259nb\u0259 kimi sudan istifad\u0259 ed\u0259n s\u0259naye v\u0259 iri m\u0259rk\u0259zi istilik sisteml\u0259ri \u00fc\u00e7\u00fcn ideal se\u00e7imdir.  X\u00dcSUS\u0130YY\u018fTL\u018fR\u0130  \u2022 Qaynaqlanm\u0131\u015f polad \u00e7\u0259r\u00e7iv\u0259 \u2022 Pistonlu kompressorlar \u2022 Paslanmayan polad boru k\u0259m\u0259rl\u0259ri \u2022 M\u00fc\u0259llif n\u0259zar\u0259t proqram\u0131 \u2022 Mexanik ehtiyat klapanlar \u2022 Birinci kompressorda tezlik \u00e7eviricisi \u2022 Bo\u015faltma klapanlar\u0131n\u0131n kanallar\u0131 \u2022 Modbus TCP\/IP vasit\u0259sil\u0259 qo\u015fulma \u2022 Enerji say\u011fac\u0131 \u2022 Uzaqdan monitorinq \u2022 70K-a q\u0259d\u0259r \u0394T \u2022 PS 80 barl\u0131 maye q\u0259buledicisi \u2022 T\u0259zyiq d\u0259r\u0259c\u0259si HP t\u0259r\u0259fi PS=130 bar\" \/>\n<meta property=\"og:url\" content=\"https:\/\/airrent.ge\/az\/product\/yukon-w-water-to-water-reciprocating-heat-pump\/\" \/>\n<meta property=\"og:site_name\" content=\"AirRent.ge\" \/>\n<meta property=\"article:modified_time\" content=\"2025-05-25T18:03:34+00:00\" \/>\n<meta property=\"og:image\" content=\"https:\/\/airrent.ge\/wp-content\/uploads\/2025\/05\/YUKON-alpiana.976-1259x800.png\" \/>\n\t<meta property=\"og:image:width\" content=\"1259\" \/>\n\t<meta property=\"og:image:height\" content=\"800\" \/>\n\t<meta property=\"og:image:type\" content=\"image\/png\" \/>\n<meta name=\"twitter:card\" content=\"summary_large_image\" \/>\n<script type=\"application\/ld+json\" class=\"yoast-schema-graph\">{\"@context\":\"https:\/\/schema.org\",\"@graph\":[{\"@type\":\"WebPage\",\"@id\":\"https:\/\/airrent.ge\/az\/product\/yukon-w-water-to-water-reciprocating-heat-pump\/\",\"url\":\"https:\/\/airrent.ge\/az\/product\/yukon-w-water-to-water-reciprocating-heat-pump\/\",\"name\":\"Yukon W Sudan suya d\u00f6n\u0259n istilik nasosu - AirRent.ge\",\"isPartOf\":{\"@id\":\"https:\/\/airrent.ge\/#website\"},\"primaryImageOfPage\":{\"@id\":\"https:\/\/airrent.ge\/az\/product\/yukon-w-water-to-water-reciprocating-heat-pump\/#primaryimage\"},\"image\":{\"@id\":\"https:\/\/airrent.ge\/az\/product\/yukon-w-water-to-water-reciprocating-heat-pump\/#primaryimage\"},\"thumbnailUrl\":\"https:\/\/airrent.ge\/wp-content\/uploads\/2025\/05\/YUKON-alpiana.976-scaled.png\",\"datePublished\":\"2025-05-25T18:00:11+00:00\",\"dateModified\":\"2025-05-25T18:03:34+00:00\",\"breadcrumb\":{\"@id\":\"https:\/\/airrent.ge\/az\/product\/yukon-w-water-to-water-reciprocating-heat-pump\/#breadcrumb\"},\"inLanguage\":\"az\",\"potentialAction\":[{\"@type\":\"ReadAction\",\"target\":[\"https:\/\/airrent.ge\/az\/product\/yukon-w-water-to-water-reciprocating-heat-pump\/\"]}]},{\"@type\":\"ImageObject\",\"inLanguage\":\"az\",\"@id\":\"https:\/\/airrent.ge\/az\/product\/yukon-w-water-to-water-reciprocating-heat-pump\/#primaryimage\",\"url\":\"https:\/\/airrent.ge\/wp-content\/uploads\/2025\/05\/YUKON-alpiana.976-scaled.png\",\"contentUrl\":\"https:\/\/airrent.ge\/wp-content\/uploads\/2025\/05\/YUKON-alpiana.976-scaled.png\",\"width\":2560,\"height\":1627},{\"@type\":\"BreadcrumbList\",\"@id\":\"https:\/\/airrent.ge\/az\/product\/yukon-w-water-to-water-reciprocating-heat-pump\/#breadcrumb\",\"itemListElement\":[{\"@type\":\"ListItem\",\"position\":1,\"name\":\"Home\",\"item\":\"https:\/\/airrent.ge\/az\/home\/\"},{\"@type\":\"ListItem\",\"position\":2,\"name\":\"M\u0259hsullar\",\"item\":\"https:\/\/airrent.ge\/az\/products\/\"},{\"@type\":\"ListItem\",\"position\":3,\"name\":\"Yukon W Sudan suya d\u00f6n\u0259n istilik nasosu\"}]},{\"@type\":\"WebSite\",\"@id\":\"https:\/\/airrent.ge\/#website\",\"url\":\"https:\/\/airrent.ge\/\",\"name\":\"airrent.ge\",\"description\":\"Rental Services\",\"publisher\":{\"@id\":\"https:\/\/airrent.ge\/#organization\"},\"potentialAction\":[{\"@type\":\"SearchAction\",\"target\":{\"@type\":\"EntryPoint\",\"urlTemplate\":\"https:\/\/airrent.ge\/?s={search_term_string}\"},\"query-input\":{\"@type\":\"PropertyValueSpecification\",\"valueRequired\":true,\"valueName\":\"search_term_string\"}}],\"inLanguage\":\"az\"},{\"@type\":\"Organization\",\"@id\":\"https:\/\/airrent.ge\/#organization\",\"name\":\"airrent.ge\",\"url\":\"https:\/\/airrent.ge\/\",\"logo\":{\"@type\":\"ImageObject\",\"inLanguage\":\"az\",\"@id\":\"https:\/\/airrent.ge\/#\/schema\/logo\/image\/\",\"url\":\"https:\/\/airrent.ge\/wp-content\/uploads\/2026\/03\/airrent.png\",\"contentUrl\":\"https:\/\/airrent.ge\/wp-content\/uploads\/2026\/03\/airrent.png\",\"width\":1536,\"height\":1024,\"caption\":\"airrent.ge\"},\"image\":{\"@id\":\"https:\/\/airrent.ge\/#\/schema\/logo\/image\/\"}}]}<\/script>\n<!-- \/ Yoast SEO plugin. -->","yoast_head_json":{"title":"Yukon W Sudan suya d\u00f6n\u0259n istilik nasosu - AirRent.ge","robots":{"index":"index","follow":"follow","max-snippet":"max-snippet:-1","max-image-preview":"max-image-preview:large","max-video-preview":"max-video-preview:-1"},"canonical":"https:\/\/airrent.ge\/az\/product\/yukon-w-water-to-water-reciprocating-heat-pump\/","og_locale":"az_AZ","og_type":"article","og_title":"Yukon W Sudan suya d\u00f6n\u0259n istilik nasosu - AirRent.ge","og_description":"36 kVt-dan 3000 kVt-a q\u0259d\u0259r istilik g\u00fcc\u00fc  Yukon W sudan suya d\u00f6n\u0259n istilik nasosu transkritik CO2 d\u00f6vr\u00fcn\u0259 \u0259saslan\u0131r. Suyun y\u00fcks\u0259k temperaturda (80\u00b0C-\u0259 q\u0259d\u0259r) q\u0131zd\u0131r\u0131lmal\u0131 oldu\u011fu v\u0259 isti t\u0259r\u0259f\u0259 qay\u0131tma temperaturunun 35\u00b0C-d\u0259n a\u015fa\u011f\u0131 oldu\u011fu zaman m\u0259nb\u0259 kimi sudan istifad\u0259 ed\u0259n s\u0259naye v\u0259 iri m\u0259rk\u0259zi istilik sisteml\u0259ri \u00fc\u00e7\u00fcn ideal se\u00e7imdir.  X\u00dcSUS\u0130YY\u018fTL\u018fR\u0130  \u2022 Qaynaqlanm\u0131\u015f polad \u00e7\u0259r\u00e7iv\u0259 \u2022 Pistonlu kompressorlar \u2022 Paslanmayan polad boru k\u0259m\u0259rl\u0259ri \u2022 M\u00fc\u0259llif n\u0259zar\u0259t proqram\u0131 \u2022 Mexanik ehtiyat klapanlar \u2022 Birinci kompressorda tezlik \u00e7eviricisi \u2022 Bo\u015faltma klapanlar\u0131n\u0131n kanallar\u0131 \u2022 Modbus TCP\/IP vasit\u0259sil\u0259 qo\u015fulma \u2022 Enerji say\u011fac\u0131 \u2022 Uzaqdan monitorinq \u2022 70K-a q\u0259d\u0259r \u0394T \u2022 PS 80 barl\u0131 maye q\u0259buledicisi \u2022 T\u0259zyiq d\u0259r\u0259c\u0259si HP t\u0259r\u0259fi PS=130 bar","og_url":"https:\/\/airrent.ge\/az\/product\/yukon-w-water-to-water-reciprocating-heat-pump\/","og_site_name":"AirRent.ge","article_modified_time":"2025-05-25T18:03:34+00:00","og_image":[{"width":1259,"height":800,"url":"https:\/\/airrent.ge\/wp-content\/uploads\/2025\/05\/YUKON-alpiana.976-1259x800.png","type":"image\/png"}],"twitter_card":"summary_large_image","schema":{"@context":"https:\/\/schema.org","@graph":[{"@type":"WebPage","@id":"https:\/\/airrent.ge\/az\/product\/yukon-w-water-to-water-reciprocating-heat-pump\/","url":"https:\/\/airrent.ge\/az\/product\/yukon-w-water-to-water-reciprocating-heat-pump\/","name":"Yukon W Sudan suya d\u00f6n\u0259n istilik nasosu - AirRent.ge","isPartOf":{"@id":"https:\/\/airrent.ge\/#website"},"primaryImageOfPage":{"@id":"https:\/\/airrent.ge\/az\/product\/yukon-w-water-to-water-reciprocating-heat-pump\/#primaryimage"},"image":{"@id":"https:\/\/airrent.ge\/az\/product\/yukon-w-water-to-water-reciprocating-heat-pump\/#primaryimage"},"thumbnailUrl":"https:\/\/airrent.ge\/wp-content\/uploads\/2025\/05\/YUKON-alpiana.976-scaled.png","datePublished":"2025-05-25T18:00:11+00:00","dateModified":"2025-05-25T18:03:34+00:00","breadcrumb":{"@id":"https:\/\/airrent.ge\/az\/product\/yukon-w-water-to-water-reciprocating-heat-pump\/#breadcrumb"},"inLanguage":"az","potentialAction":[{"@type":"ReadAction","target":["https:\/\/airrent.ge\/az\/product\/yukon-w-water-to-water-reciprocating-heat-pump\/"]}]},{"@type":"ImageObject","inLanguage":"az","@id":"https:\/\/airrent.ge\/az\/product\/yukon-w-water-to-water-reciprocating-heat-pump\/#primaryimage","url":"https:\/\/airrent.ge\/wp-content\/uploads\/2025\/05\/YUKON-alpiana.976-scaled.png","contentUrl":"https:\/\/airrent.ge\/wp-content\/uploads\/2025\/05\/YUKON-alpiana.976-scaled.png","width":2560,"height":1627},{"@type":"BreadcrumbList","@id":"https:\/\/airrent.ge\/az\/product\/yukon-w-water-to-water-reciprocating-heat-pump\/#breadcrumb","itemListElement":[{"@type":"ListItem","position":1,"name":"Home","item":"https:\/\/airrent.ge\/az\/home\/"},{"@type":"ListItem","position":2,"name":"M\u0259hsullar","item":"https:\/\/airrent.ge\/az\/products\/"},{"@type":"ListItem","position":3,"name":"Yukon W Sudan suya d\u00f6n\u0259n istilik nasosu"}]},{"@type":"WebSite","@id":"https:\/\/airrent.ge\/#website","url":"https:\/\/airrent.ge\/","name":"airrent.ge","description":"Rental Services","publisher":{"@id":"https:\/\/airrent.ge\/#organization"},"potentialAction":[{"@type":"SearchAction","target":{"@type":"EntryPoint","urlTemplate":"https:\/\/airrent.ge\/?s={search_term_string}"},"query-input":{"@type":"PropertyValueSpecification","valueRequired":true,"valueName":"search_term_string"}}],"inLanguage":"az"},{"@type":"Organization","@id":"https:\/\/airrent.ge\/#organization","name":"airrent.ge","url":"https:\/\/airrent.ge\/","logo":{"@type":"ImageObject","inLanguage":"az","@id":"https:\/\/airrent.ge\/#\/schema\/logo\/image\/","url":"https:\/\/airrent.ge\/wp-content\/uploads\/2026\/03\/airrent.png","contentUrl":"https:\/\/airrent.ge\/wp-content\/uploads\/2026\/03\/airrent.png","width":1536,"height":1024,"caption":"airrent.ge"},"image":{"@id":"https:\/\/airrent.ge\/#\/schema\/logo\/image\/"}}]}},"_links":{"self":[{"href":"https:\/\/airrent.ge\/az\/wp-json\/wp\/v2\/product\/33584","targetHints":{"allow":["GET"]}}],"collection":[{"href":"https:\/\/airrent.ge\/az\/wp-json\/wp\/v2\/product"}],"about":[{"href":"https:\/\/airrent.ge\/az\/wp-json\/wp\/v2\/types\/product"}],"wp:featuredmedia":[{"embeddable":true,"href":"https:\/\/airrent.ge\/az\/wp-json\/wp\/v2\/media\/33579"}],"wp:attachment":[{"href":"https:\/\/airrent.ge\/az\/wp-json\/wp\/v2\/media?parent=33584"}],"wp:term":[{"taxonomy":"product_brand","embeddable":true,"href":"https:\/\/airrent.ge\/az\/wp-json\/wp\/v2\/product_brand?post=33584"},{"taxonomy":"product_cat","embeddable":true,"href":"https:\/\/airrent.ge\/az\/wp-json\/wp\/v2\/product_cat?post=33584"},{"taxonomy":"product_tag","embeddable":true,"href":"https:\/\/airrent.ge\/az\/wp-json\/wp\/v2\/product_tag?post=33584"}],"curies":[{"name":"wp","href":"https:\/\/api.w.org\/{rel}","templated":true}]}}