{"id":33726,"date":"2025-05-26T12:00:26","date_gmt":"2025-05-26T08:00:26","guid":{"rendered":"https:\/\/airsystems.ge\/shop\/product\/lzti-high-efficiency-air-to-water-heat-pumps-equipped-with-dc-inverter-compressor-with-vapor-injection-evi-and-axial-fans\/"},"modified":"2025-05-26T12:03:20","modified_gmt":"2025-05-26T08:03:20","slug":"lzti-high-efficiency-air-to-water-heat-pumps-equipped-with-dc-inverter-compressor-with-vapor-injection-evi-and-axial-fans","status":"publish","type":"product","link":"https:\/\/airrent.ge\/az\/product\/lzti-high-efficiency-air-to-water-heat-pumps-equipped-with-dc-inverter-compressor-with-vapor-injection-evi-and-axial-fans\/","title":{"rendered":"LZTi \u0130nverter kompressoru v\u0259 eksenel ventilyatorlar\u0131 olan y\u00fcks\u0259k s\u0259m\u0259r\u0259li havadan suya istilik nasoslar\u0131"},"content":{"rendered":"<div class=\"elementor-element elementor-element-70da8153 elementor-widget elementor-widget-theme-page-title elementor-page-title elementor-widget-heading\" data-id=\"70da8153\" data-element_type=\"widget\" data-widget_type=\"theme-page-title.default\">\n<div class=\"elementor-widget-container\">\n<p>51 kVt-dan 270 kVt-a q\u0259d\u0259r istilik g\u00fcc\u00fc<\/p>\n<p>LHi seriyal\u0131 y\u00fcks\u0259k s\u0259m\u0259r\u0259li hava\/su istilik nasoslar\u0131 x\u00fcsusil\u0259 parlaq panelli istilik sisteml\u0259ri olan proqramlar v\u0259 ya istilik rejimind\u0259 maksimum s\u0259m\u0259r\u0259liliyin t\u0259l\u0259b olundu\u011fu t\u0259tbiql\u0259r \u00fc\u00e7\u00fcn uy\u011fundur. B\u00f6lm\u0259l\u0259r x\u00fcsusi olaraq isitm\u0259 rejimind\u0259 \u0259n yax\u015f\u0131 s\u0259m\u0259r\u0259liliy\u0259 malik olmaq \u00fc\u00e7\u00fcn n\u0259z\u0259rd\u0259 tutulmu\u015fdur, onlar -20\u00b0C xarici temperaturda i\u015fl\u0259y\u0259 v\u0259 60\u00b0C temperatura q\u0259d\u0259r su hasil ed\u0259 bilirl\u0259r. B\u00fct\u00fcn modell\u0259r h\u0259m\u00e7inin q\u0131\u015fda defrost funksiyas\u0131 \u00fc\u00e7\u00fcn t\u0259rs d\u00f6vr\u0259 klapan\u0131 il\u0259 t\u0259chiz edilmi\u015fdir; HH versiyalar\u0131 yaln\u0131z isti su istehsal\u0131 \u00fc\u00e7\u00fcn n\u0259z\u0259rd\u0259 tutulmu\u015fdur v\u0259 istilik nasoslar\u0131n\u0131n istilik generatorlar\u0131 kimi istifad\u0259si \u00fc\u00e7\u00fcn x\u00fcsusi qaydalar\u0131n m\u00f6vcud oldu\u011fu \u00f6lk\u0259l\u0259rd\u0259 vergi endiriml\u0259ri \u00fc\u00e7\u00fcn uy\u011fundur. RV versiyalar\u0131 soyudulmu\u015f su istehsal etm\u0259y\u0259 qadirdir. XL versiyalar\u0131 h\u0259m\u00e7inin s\u0259s-k\u00fcy\u00fc t\u0259xmin\u0259n 6-8 dB(A) azaltma\u011fa imkan ver\u0259n x\u00fcsusi \u00fcz\u0259n vibrasiya s\u00f6n\u00fcml\u0259m\u0259 sisteminin istifad\u0259si say\u0259sind\u0259 son d\u0259r\u0259c\u0259 a\u015fa\u011f\u0131 s\u0259s-k\u00fcy s\u0259viyy\u0259sin\u0259 malikdir (ist\u0259y\u0259 g\u00f6r\u0259).<\/p>\n<\/div>\n<\/div>\n<div class=\"elementor-element elementor-element-427e8a79 e-flex e-con-boxed e-con e-child\" data-id=\"427e8a79\" data-element_type=\"container\">\n<div class=\"e-con-inner\">\n<div class=\"elementor-element elementor-element-6e19ed90 hidebutton mc-bl elementor-align-left elementor-widget elementor-widget-button\" data-id=\"6e19ed90\" data-element_type=\"widget\" data-widget_type=\"button.default\">\n<div class=\"elementor-widget-container\">\n<div class=\"elementor-button-wrapper\"><a class=\"elementor-button elementor-button-link elementor-size-sm\" href=\"https:\/\/www.enextechnologies.com\/wp-content\/uploads\/2024\/09\/LZTi_ENG.pdf\" target=\"_blank\" rel=\"noopener\"><span class=\"elementor-button-content-wrapper\"><span class=\"elementor-button-text\">BROCHURE<\/span><\/span><\/a><\/div>\n<\/div>\n<\/div>\n<\/div>\n<\/div>\n","protected":false},"excerpt":{"rendered":"<p>51 kVt-dan 270 kVt-a q\u0259d\u0259r istilik g\u00fcc\u00fc LHi seriyal\u0131 y\u00fcks\u0259k s\u0259m\u0259r\u0259li hava\/su istilik nasoslar\u0131 x\u00fcsusil\u0259 parlaq panelli istilik sisteml\u0259ri olan<\/p>\n","protected":false},"featured_media":33721,"template":"","meta":[],"product_brand":[],"product_cat":[1668,875],"product_tag":[],"class_list":{"0":"post-33726","1":"product","2":"type-product","3":"status-publish","4":"has-post-thumbnail","6":"product_cat-istilik-nasosu","7":"product_cat-snaye-az-kondisionerlr","9":"first","10":"instock","11":"shipping-taxable","12":"product-type-simple"},"yoast_head":"<!-- This site is optimized with the Yoast SEO plugin v27.1.1 - https:\/\/yoast.com\/product\/yoast-seo-wordpress\/ -->\n<title>LZTi \u0130nverter kompressoru v\u0259 eksenel ventilyatorlar\u0131 olan y\u00fcks\u0259k s\u0259m\u0259r\u0259li havadan suya istilik nasoslar\u0131 - AirRent.ge<\/title>\n<meta name=\"robots\" content=\"index, follow, max-snippet:-1, max-image-preview:large, max-video-preview:-1\" \/>\n<link rel=\"canonical\" href=\"https:\/\/airrent.ge\/az\/product\/lzti-high-efficiency-air-to-water-heat-pumps-equipped-with-dc-inverter-compressor-with-vapor-injection-evi-and-axial-fans\/\" \/>\n<meta property=\"og:locale\" content=\"az_AZ\" \/>\n<meta property=\"og:type\" content=\"article\" \/>\n<meta property=\"og:title\" content=\"LZTi \u0130nverter kompressoru v\u0259 eksenel ventilyatorlar\u0131 olan y\u00fcks\u0259k s\u0259m\u0259r\u0259li havadan suya istilik nasoslar\u0131 - AirRent.ge\" \/>\n<meta property=\"og:description\" content=\"51 kVt-dan 270 kVt-a q\u0259d\u0259r istilik g\u00fcc\u00fc LHi seriyal\u0131 y\u00fcks\u0259k s\u0259m\u0259r\u0259li hava\/su istilik nasoslar\u0131 x\u00fcsusil\u0259 parlaq panelli istilik sisteml\u0259ri olan\" \/>\n<meta property=\"og:url\" content=\"https:\/\/airrent.ge\/az\/product\/lzti-high-efficiency-air-to-water-heat-pumps-equipped-with-dc-inverter-compressor-with-vapor-injection-evi-and-axial-fans\/\" \/>\n<meta property=\"og:site_name\" content=\"AirRent.ge\" \/>\n<meta property=\"article:modified_time\" content=\"2025-05-26T08:03:20+00:00\" \/>\n<meta property=\"og:image\" content=\"https:\/\/airrent.ge\/wp-content\/uploads\/2025\/05\/LZTi.jpg\" \/>\n\t<meta property=\"og:image:width\" content=\"2044\" \/>\n\t<meta property=\"og:image:height\" content=\"2412\" \/>\n\t<meta property=\"og:image:type\" content=\"image\/jpeg\" \/>\n<meta name=\"twitter:card\" content=\"summary_large_image\" \/>\n<meta name=\"twitter:label1\" content=\"Est. reading time\" \/>\n\t<meta name=\"twitter:data1\" content=\"1 minute\" \/>\n<script type=\"application\/ld+json\" class=\"yoast-schema-graph\">{\"@context\":\"https:\/\/schema.org\",\"@graph\":[{\"@type\":\"WebPage\",\"@id\":\"https:\/\/airrent.ge\/az\/product\/lzti-high-efficiency-air-to-water-heat-pumps-equipped-with-dc-inverter-compressor-with-vapor-injection-evi-and-axial-fans\/\",\"url\":\"https:\/\/airrent.ge\/az\/product\/lzti-high-efficiency-air-to-water-heat-pumps-equipped-with-dc-inverter-compressor-with-vapor-injection-evi-and-axial-fans\/\",\"name\":\"LZTi \u0130nverter kompressoru v\u0259 eksenel ventilyatorlar\u0131 olan y\u00fcks\u0259k s\u0259m\u0259r\u0259li havadan suya istilik nasoslar\u0131 - AirRent.ge\",\"isPartOf\":{\"@id\":\"https:\/\/airrent.ge\/#website\"},\"primaryImageOfPage\":{\"@id\":\"https:\/\/airrent.ge\/az\/product\/lzti-high-efficiency-air-to-water-heat-pumps-equipped-with-dc-inverter-compressor-with-vapor-injection-evi-and-axial-fans\/#primaryimage\"},\"image\":{\"@id\":\"https:\/\/airrent.ge\/az\/product\/lzti-high-efficiency-air-to-water-heat-pumps-equipped-with-dc-inverter-compressor-with-vapor-injection-evi-and-axial-fans\/#primaryimage\"},\"thumbnailUrl\":\"https:\/\/airrent.ge\/wp-content\/uploads\/2025\/05\/LZTi.jpg\",\"datePublished\":\"2025-05-26T08:00:26+00:00\",\"dateModified\":\"2025-05-26T08:03:20+00:00\",\"breadcrumb\":{\"@id\":\"https:\/\/airrent.ge\/az\/product\/lzti-high-efficiency-air-to-water-heat-pumps-equipped-with-dc-inverter-compressor-with-vapor-injection-evi-and-axial-fans\/#breadcrumb\"},\"inLanguage\":\"az\",\"potentialAction\":[{\"@type\":\"ReadAction\",\"target\":[\"https:\/\/airrent.ge\/az\/product\/lzti-high-efficiency-air-to-water-heat-pumps-equipped-with-dc-inverter-compressor-with-vapor-injection-evi-and-axial-fans\/\"]}]},{\"@type\":\"ImageObject\",\"inLanguage\":\"az\",\"@id\":\"https:\/\/airrent.ge\/az\/product\/lzti-high-efficiency-air-to-water-heat-pumps-equipped-with-dc-inverter-compressor-with-vapor-injection-evi-and-axial-fans\/#primaryimage\",\"url\":\"https:\/\/airrent.ge\/wp-content\/uploads\/2025\/05\/LZTi.jpg\",\"contentUrl\":\"https:\/\/airrent.ge\/wp-content\/uploads\/2025\/05\/LZTi.jpg\",\"width\":2044,\"height\":2412},{\"@type\":\"BreadcrumbList\",\"@id\":\"https:\/\/airrent.ge\/az\/product\/lzti-high-efficiency-air-to-water-heat-pumps-equipped-with-dc-inverter-compressor-with-vapor-injection-evi-and-axial-fans\/#breadcrumb\",\"itemListElement\":[{\"@type\":\"ListItem\",\"position\":1,\"name\":\"Home\",\"item\":\"https:\/\/airrent.ge\/az\/home\/\"},{\"@type\":\"ListItem\",\"position\":2,\"name\":\"M\u0259hsullar\",\"item\":\"https:\/\/airrent.ge\/az\/products\/\"},{\"@type\":\"ListItem\",\"position\":3,\"name\":\"LZTi \u0130nverter kompressoru v\u0259 eksenel ventilyatorlar\u0131 olan y\u00fcks\u0259k s\u0259m\u0259r\u0259li havadan suya istilik nasoslar\u0131\"}]},{\"@type\":\"WebSite\",\"@id\":\"https:\/\/airrent.ge\/#website\",\"url\":\"https:\/\/airrent.ge\/\",\"name\":\"airrent.ge\",\"description\":\"Rental Services\",\"publisher\":{\"@id\":\"https:\/\/airrent.ge\/#organization\"},\"potentialAction\":[{\"@type\":\"SearchAction\",\"target\":{\"@type\":\"EntryPoint\",\"urlTemplate\":\"https:\/\/airrent.ge\/?s={search_term_string}\"},\"query-input\":{\"@type\":\"PropertyValueSpecification\",\"valueRequired\":true,\"valueName\":\"search_term_string\"}}],\"inLanguage\":\"az\"},{\"@type\":\"Organization\",\"@id\":\"https:\/\/airrent.ge\/#organization\",\"name\":\"airrent.ge\",\"url\":\"https:\/\/airrent.ge\/\",\"logo\":{\"@type\":\"ImageObject\",\"inLanguage\":\"az\",\"@id\":\"https:\/\/airrent.ge\/#\/schema\/logo\/image\/\",\"url\":\"https:\/\/airrent.ge\/wp-content\/uploads\/2026\/03\/airrent.png\",\"contentUrl\":\"https:\/\/airrent.ge\/wp-content\/uploads\/2026\/03\/airrent.png\",\"width\":1536,\"height\":1024,\"caption\":\"airrent.ge\"},\"image\":{\"@id\":\"https:\/\/airrent.ge\/#\/schema\/logo\/image\/\"}}]}<\/script>\n<!-- \/ Yoast SEO plugin. -->","yoast_head_json":{"title":"LZTi \u0130nverter kompressoru v\u0259 eksenel ventilyatorlar\u0131 olan y\u00fcks\u0259k s\u0259m\u0259r\u0259li havadan suya istilik nasoslar\u0131 - AirRent.ge","robots":{"index":"index","follow":"follow","max-snippet":"max-snippet:-1","max-image-preview":"max-image-preview:large","max-video-preview":"max-video-preview:-1"},"canonical":"https:\/\/airrent.ge\/az\/product\/lzti-high-efficiency-air-to-water-heat-pumps-equipped-with-dc-inverter-compressor-with-vapor-injection-evi-and-axial-fans\/","og_locale":"az_AZ","og_type":"article","og_title":"LZTi \u0130nverter kompressoru v\u0259 eksenel ventilyatorlar\u0131 olan y\u00fcks\u0259k s\u0259m\u0259r\u0259li havadan suya istilik nasoslar\u0131 - AirRent.ge","og_description":"51 kVt-dan 270 kVt-a q\u0259d\u0259r istilik g\u00fcc\u00fc LHi seriyal\u0131 y\u00fcks\u0259k s\u0259m\u0259r\u0259li hava\/su istilik nasoslar\u0131 x\u00fcsusil\u0259 parlaq panelli istilik sisteml\u0259ri olan","og_url":"https:\/\/airrent.ge\/az\/product\/lzti-high-efficiency-air-to-water-heat-pumps-equipped-with-dc-inverter-compressor-with-vapor-injection-evi-and-axial-fans\/","og_site_name":"AirRent.ge","article_modified_time":"2025-05-26T08:03:20+00:00","og_image":[{"width":2044,"height":2412,"url":"https:\/\/airrent.ge\/wp-content\/uploads\/2025\/05\/LZTi.jpg","type":"image\/jpeg"}],"twitter_card":"summary_large_image","twitter_misc":{"Est. reading time":"1 minute"},"schema":{"@context":"https:\/\/schema.org","@graph":[{"@type":"WebPage","@id":"https:\/\/airrent.ge\/az\/product\/lzti-high-efficiency-air-to-water-heat-pumps-equipped-with-dc-inverter-compressor-with-vapor-injection-evi-and-axial-fans\/","url":"https:\/\/airrent.ge\/az\/product\/lzti-high-efficiency-air-to-water-heat-pumps-equipped-with-dc-inverter-compressor-with-vapor-injection-evi-and-axial-fans\/","name":"LZTi \u0130nverter kompressoru v\u0259 eksenel ventilyatorlar\u0131 olan y\u00fcks\u0259k s\u0259m\u0259r\u0259li havadan suya istilik nasoslar\u0131 - AirRent.ge","isPartOf":{"@id":"https:\/\/airrent.ge\/#website"},"primaryImageOfPage":{"@id":"https:\/\/airrent.ge\/az\/product\/lzti-high-efficiency-air-to-water-heat-pumps-equipped-with-dc-inverter-compressor-with-vapor-injection-evi-and-axial-fans\/#primaryimage"},"image":{"@id":"https:\/\/airrent.ge\/az\/product\/lzti-high-efficiency-air-to-water-heat-pumps-equipped-with-dc-inverter-compressor-with-vapor-injection-evi-and-axial-fans\/#primaryimage"},"thumbnailUrl":"https:\/\/airrent.ge\/wp-content\/uploads\/2025\/05\/LZTi.jpg","datePublished":"2025-05-26T08:00:26+00:00","dateModified":"2025-05-26T08:03:20+00:00","breadcrumb":{"@id":"https:\/\/airrent.ge\/az\/product\/lzti-high-efficiency-air-to-water-heat-pumps-equipped-with-dc-inverter-compressor-with-vapor-injection-evi-and-axial-fans\/#breadcrumb"},"inLanguage":"az","potentialAction":[{"@type":"ReadAction","target":["https:\/\/airrent.ge\/az\/product\/lzti-high-efficiency-air-to-water-heat-pumps-equipped-with-dc-inverter-compressor-with-vapor-injection-evi-and-axial-fans\/"]}]},{"@type":"ImageObject","inLanguage":"az","@id":"https:\/\/airrent.ge\/az\/product\/lzti-high-efficiency-air-to-water-heat-pumps-equipped-with-dc-inverter-compressor-with-vapor-injection-evi-and-axial-fans\/#primaryimage","url":"https:\/\/airrent.ge\/wp-content\/uploads\/2025\/05\/LZTi.jpg","contentUrl":"https:\/\/airrent.ge\/wp-content\/uploads\/2025\/05\/LZTi.jpg","width":2044,"height":2412},{"@type":"BreadcrumbList","@id":"https:\/\/airrent.ge\/az\/product\/lzti-high-efficiency-air-to-water-heat-pumps-equipped-with-dc-inverter-compressor-with-vapor-injection-evi-and-axial-fans\/#breadcrumb","itemListElement":[{"@type":"ListItem","position":1,"name":"Home","item":"https:\/\/airrent.ge\/az\/home\/"},{"@type":"ListItem","position":2,"name":"M\u0259hsullar","item":"https:\/\/airrent.ge\/az\/products\/"},{"@type":"ListItem","position":3,"name":"LZTi \u0130nverter kompressoru v\u0259 eksenel ventilyatorlar\u0131 olan y\u00fcks\u0259k s\u0259m\u0259r\u0259li havadan suya istilik nasoslar\u0131"}]},{"@type":"WebSite","@id":"https:\/\/airrent.ge\/#website","url":"https:\/\/airrent.ge\/","name":"airrent.ge","description":"Rental Services","publisher":{"@id":"https:\/\/airrent.ge\/#organization"},"potentialAction":[{"@type":"SearchAction","target":{"@type":"EntryPoint","urlTemplate":"https:\/\/airrent.ge\/?s={search_term_string}"},"query-input":{"@type":"PropertyValueSpecification","valueRequired":true,"valueName":"search_term_string"}}],"inLanguage":"az"},{"@type":"Organization","@id":"https:\/\/airrent.ge\/#organization","name":"airrent.ge","url":"https:\/\/airrent.ge\/","logo":{"@type":"ImageObject","inLanguage":"az","@id":"https:\/\/airrent.ge\/#\/schema\/logo\/image\/","url":"https:\/\/airrent.ge\/wp-content\/uploads\/2026\/03\/airrent.png","contentUrl":"https:\/\/airrent.ge\/wp-content\/uploads\/2026\/03\/airrent.png","width":1536,"height":1024,"caption":"airrent.ge"},"image":{"@id":"https:\/\/airrent.ge\/#\/schema\/logo\/image\/"}}]}},"_links":{"self":[{"href":"https:\/\/airrent.ge\/az\/wp-json\/wp\/v2\/product\/33726","targetHints":{"allow":["GET"]}}],"collection":[{"href":"https:\/\/airrent.ge\/az\/wp-json\/wp\/v2\/product"}],"about":[{"href":"https:\/\/airrent.ge\/az\/wp-json\/wp\/v2\/types\/product"}],"wp:featuredmedia":[{"embeddable":true,"href":"https:\/\/airrent.ge\/az\/wp-json\/wp\/v2\/media\/33721"}],"wp:attachment":[{"href":"https:\/\/airrent.ge\/az\/wp-json\/wp\/v2\/media?parent=33726"}],"wp:term":[{"taxonomy":"product_brand","embeddable":true,"href":"https:\/\/airrent.ge\/az\/wp-json\/wp\/v2\/product_brand?post=33726"},{"taxonomy":"product_cat","embeddable":true,"href":"https:\/\/airrent.ge\/az\/wp-json\/wp\/v2\/product_cat?post=33726"},{"taxonomy":"product_tag","embeddable":true,"href":"https:\/\/airrent.ge\/az\/wp-json\/wp\/v2\/product_tag?post=33726"}],"curies":[{"name":"wp","href":"https:\/\/api.w.org\/{rel}","templated":true}]}}