{"id":34358,"date":"2025-05-29T22:03:15","date_gmt":"2025-05-29T18:03:15","guid":{"rendered":"https:\/\/airsystems.ge\/shop\/product\/solar-panel-ibex-108mhc-eiger-410\/"},"modified":"2025-05-29T22:07:28","modified_gmt":"2025-05-29T18:07:28","slug":"solar-panel-ibex-108mhc-eiger-410","status":"publish","type":"product","link":"https:\/\/airrent.ge\/az\/product\/solar-panel-ibex-108mhc-eiger-410\/","title":{"rendered":"G\u00fcn\u0259\u015f paneli IBEX 108MHC-EIGER 410 Solar panel"},"content":{"rendered":"<h2>TECHNICAL DATA<\/h2>\n<div class=\"technical-data-table\">\n<div class=\"row no-gutters technical-data-table-row\">\n<div class=\"col-6\">Power classes: 410 Wp<\/div>\n<\/div>\n<div class=\"row no-gutters technical-data-table-row\">\n<div class=\"col-6\">Efficiency: Up to 21.02%<\/div>\n<\/div>\n<div class=\"row no-gutters technical-data-table-row\">\n<div class=\"col-6\">Size: 1724 x 1134 x 30 mm<\/div>\n<\/div>\n<div class=\"row no-gutters technical-data-table-row\">\n<div class=\"col-6\">Weight: Up to 21.5 kg<\/div>\n<\/div>\n<div class=\"row no-gutters technical-data-table-row small\">\n<div class=\"col-6\">Warranty<\/div>\n<div class=\"col-6\">At least 97% of nominal power during first year.<br \/>\nThereafter max. 0.5086% degradation per year.<br \/>\nAt least 86.83% of nominal power up to 20 years.<br \/>\nAt least 81.75% of nominal power up to 30 years.<\/div>\n<\/div>\n<div>\n<div class=\"product-body row\">\n<div class=\"col-12 col-md-6\">\n<div class=\"capture\">\n<p>YOU CAN READ MORE INFORMATION IN OUR DATA SHEET:<\/p>\n<p><a class=\"btn btn--theme\" href=\"https:\/\/www.swissenergy-solar.ch\/wp-content\/uploads\/2024\/01\/IBEX-108MHC-EiGER-410-V2-1_compressed.pdf\" target=\"_blank\" rel=\"noopener\">DATA SHEET<\/a><\/p>\n<\/div>\n<\/div>\n<\/div>\n<\/div>\n<\/div>\n","protected":false},"excerpt":{"rendered":"<div class=\"solar-age\"><img decoding=\"async\" class=\"lazy loaded\" src=\"https:\/\/www.swissenergy-solar.ch\/wp-content\/themes\/solar\/img\/Logo_30_Years_Warranty.svg\" alt=\"Warranty\" width=\"80\" data-src=\"https:\/\/www.swissenergy-solar.ch\/wp-content\/themes\/solar\/img\/Logo_30_Years_Warranty.svg\" data-was-processed=\"true\" \/><\/div>\n<div class=\"mobile-description\">\n<div class=\"country\"><b>\u0130sve\u00e7r\u0259d\u0259 haz\u0131rlanm\u0131\u015fd\u0131r<\/b><\/div>\n<div class=\"description\">\n<h2>EiGER Texnologiyas\u0131<\/h2>\n<ul>\n<li>M10 Qallium qatq\u0131l\u0131 mono vafli<br \/>\nP tipli PERC h\u00fcceyr\u0259si<br \/>\n9BB Half-cut texnologiyas\u0131<br \/>\nR\u0259ng arxa v\u0259r\u0259q &#8211; a\u011f<br \/>\n21,02% modul s\u0259m\u0259r\u0259liliyi<br \/>\n\u0259n b\u00f6y\u00fck h\u00fcceyr\u0259 \u00f6l\u00e7\u00fcs\u00fc (182\u00d791)<\/p>\n<p>&nbsp;<\/li>\n<\/ul>\n<\/div>\n<div class=\"applications\">\n<h3>\u00dc\u00c7\u00dcN \u0130DEAL<\/h3>\n<ul class=\"applications-list custom_list\">\n<li>\u015e\u0259xsi dam \u00f6rt\u00fcy\u00fcn\u00fcn qura\u015fd\u0131r\u0131lmas\u0131<br \/>\nTicar\u0259t v\u0259 S\u0259naye<br \/>\nYer\u0259 qura\u015fd\u0131r\u0131lm\u0131\u015f g\u00fcn\u0259\u015f elektrik stansiyalar\u0131<\/li>\n<\/ul>\n<\/div>\n<\/div>\n","protected":false},"featured_media":34340,"template":"","meta":[],"product_brand":[],"product_cat":[1673],"product_tag":[],"class_list":{"0":"post-34358","1":"product","2":"type-product","3":"status-publish","4":"has-post-thumbnail","6":"product_cat-guns-paneli-enerjisi-energy-az","8":"first","9":"instock","10":"shipping-taxable","11":"product-type-simple"},"yoast_head":"<!-- This site is optimized with the Yoast SEO plugin v27.1.1 - https:\/\/yoast.com\/product\/yoast-seo-wordpress\/ -->\n<title>G\u00fcn\u0259\u015f paneli IBEX 108MHC-EIGER 410 Solar panel - AirRent.ge<\/title>\n<meta name=\"robots\" content=\"index, follow, max-snippet:-1, max-image-preview:large, max-video-preview:-1\" \/>\n<link rel=\"canonical\" href=\"https:\/\/airrent.ge\/az\/product\/solar-panel-ibex-108mhc-eiger-410\/\" \/>\n<meta property=\"og:locale\" content=\"az_AZ\" \/>\n<meta property=\"og:type\" content=\"article\" \/>\n<meta property=\"og:title\" content=\"G\u00fcn\u0259\u015f paneli IBEX 108MHC-EIGER 410 Solar panel - AirRent.ge\" \/>\n<meta property=\"og:description\" content=\"\u0130sve\u00e7r\u0259d\u0259 haz\u0131rlanm\u0131\u015fd\u0131r  EiGER Texnologiyas\u0131   M10 Qallium qatq\u0131l\u0131 mono vafli P tipli PERC h\u00fcceyr\u0259si 9BB Half-cut texnologiyas\u0131 R\u0259ng arxa v\u0259r\u0259q - a\u011f 21,02% modul s\u0259m\u0259r\u0259liliyi \u0259n b\u00f6y\u00fck h\u00fcceyr\u0259 \u00f6l\u00e7\u00fcs\u00fc (182\u00d791)  &nbsp;    \u00dc\u00c7\u00dcN \u0130DEAL   \u015e\u0259xsi dam \u00f6rt\u00fcy\u00fcn\u00fcn qura\u015fd\u0131r\u0131lmas\u0131 Ticar\u0259t v\u0259 S\u0259naye Yer\u0259 qura\u015fd\u0131r\u0131lm\u0131\u015f g\u00fcn\u0259\u015f elektrik stansiyalar\u0131\" \/>\n<meta property=\"og:url\" content=\"https:\/\/airrent.ge\/az\/product\/solar-panel-ibex-108mhc-eiger-410\/\" \/>\n<meta property=\"og:site_name\" content=\"AirRent.ge\" \/>\n<meta property=\"article:modified_time\" content=\"2025-05-29T18:07:28+00:00\" \/>\n<meta property=\"og:image\" content=\"https:\/\/airrent.ge\/wp-content\/uploads\/2025\/05\/IBEX-108MHC-EiGER-1.png\" \/>\n\t<meta property=\"og:image:width\" content=\"874\" \/>\n\t<meta property=\"og:image:height\" content=\"1312\" \/>\n\t<meta property=\"og:image:type\" content=\"image\/png\" \/>\n<meta name=\"twitter:card\" content=\"summary_large_image\" \/>\n<script type=\"application\/ld+json\" class=\"yoast-schema-graph\">{\"@context\":\"https:\/\/schema.org\",\"@graph\":[{\"@type\":\"WebPage\",\"@id\":\"https:\/\/airrent.ge\/az\/product\/solar-panel-ibex-108mhc-eiger-410\/\",\"url\":\"https:\/\/airrent.ge\/az\/product\/solar-panel-ibex-108mhc-eiger-410\/\",\"name\":\"G\u00fcn\u0259\u015f paneli IBEX 108MHC-EIGER 410 Solar panel - AirRent.ge\",\"isPartOf\":{\"@id\":\"https:\/\/airrent.ge\/#website\"},\"primaryImageOfPage\":{\"@id\":\"https:\/\/airrent.ge\/az\/product\/solar-panel-ibex-108mhc-eiger-410\/#primaryimage\"},\"image\":{\"@id\":\"https:\/\/airrent.ge\/az\/product\/solar-panel-ibex-108mhc-eiger-410\/#primaryimage\"},\"thumbnailUrl\":\"https:\/\/airrent.ge\/wp-content\/uploads\/2025\/05\/IBEX-108MHC-EiGER-1.png\",\"datePublished\":\"2025-05-29T18:03:15+00:00\",\"dateModified\":\"2025-05-29T18:07:28+00:00\",\"breadcrumb\":{\"@id\":\"https:\/\/airrent.ge\/az\/product\/solar-panel-ibex-108mhc-eiger-410\/#breadcrumb\"},\"inLanguage\":\"az\",\"potentialAction\":[{\"@type\":\"ReadAction\",\"target\":[\"https:\/\/airrent.ge\/az\/product\/solar-panel-ibex-108mhc-eiger-410\/\"]}]},{\"@type\":\"ImageObject\",\"inLanguage\":\"az\",\"@id\":\"https:\/\/airrent.ge\/az\/product\/solar-panel-ibex-108mhc-eiger-410\/#primaryimage\",\"url\":\"https:\/\/airrent.ge\/wp-content\/uploads\/2025\/05\/IBEX-108MHC-EiGER-1.png\",\"contentUrl\":\"https:\/\/airrent.ge\/wp-content\/uploads\/2025\/05\/IBEX-108MHC-EiGER-1.png\",\"width\":874,\"height\":1312},{\"@type\":\"BreadcrumbList\",\"@id\":\"https:\/\/airrent.ge\/az\/product\/solar-panel-ibex-108mhc-eiger-410\/#breadcrumb\",\"itemListElement\":[{\"@type\":\"ListItem\",\"position\":1,\"name\":\"Home\",\"item\":\"https:\/\/airrent.ge\/az\/home\/\"},{\"@type\":\"ListItem\",\"position\":2,\"name\":\"M\u0259hsullar\",\"item\":\"https:\/\/airrent.ge\/az\/products\/\"},{\"@type\":\"ListItem\",\"position\":3,\"name\":\"G\u00fcn\u0259\u015f paneli IBEX 108MHC-EIGER 410 Solar panel\"}]},{\"@type\":\"WebSite\",\"@id\":\"https:\/\/airrent.ge\/#website\",\"url\":\"https:\/\/airrent.ge\/\",\"name\":\"airrent.ge\",\"description\":\"Rental Services\",\"publisher\":{\"@id\":\"https:\/\/airrent.ge\/#organization\"},\"potentialAction\":[{\"@type\":\"SearchAction\",\"target\":{\"@type\":\"EntryPoint\",\"urlTemplate\":\"https:\/\/airrent.ge\/?s={search_term_string}\"},\"query-input\":{\"@type\":\"PropertyValueSpecification\",\"valueRequired\":true,\"valueName\":\"search_term_string\"}}],\"inLanguage\":\"az\"},{\"@type\":\"Organization\",\"@id\":\"https:\/\/airrent.ge\/#organization\",\"name\":\"airrent.ge\",\"url\":\"https:\/\/airrent.ge\/\",\"logo\":{\"@type\":\"ImageObject\",\"inLanguage\":\"az\",\"@id\":\"https:\/\/airrent.ge\/#\/schema\/logo\/image\/\",\"url\":\"https:\/\/airrent.ge\/wp-content\/uploads\/2026\/03\/airrent.png\",\"contentUrl\":\"https:\/\/airrent.ge\/wp-content\/uploads\/2026\/03\/airrent.png\",\"width\":1536,\"height\":1024,\"caption\":\"airrent.ge\"},\"image\":{\"@id\":\"https:\/\/airrent.ge\/#\/schema\/logo\/image\/\"}}]}<\/script>\n<!-- \/ Yoast SEO plugin. -->","yoast_head_json":{"title":"G\u00fcn\u0259\u015f paneli IBEX 108MHC-EIGER 410 Solar panel - AirRent.ge","robots":{"index":"index","follow":"follow","max-snippet":"max-snippet:-1","max-image-preview":"max-image-preview:large","max-video-preview":"max-video-preview:-1"},"canonical":"https:\/\/airrent.ge\/az\/product\/solar-panel-ibex-108mhc-eiger-410\/","og_locale":"az_AZ","og_type":"article","og_title":"G\u00fcn\u0259\u015f paneli IBEX 108MHC-EIGER 410 Solar panel - AirRent.ge","og_description":"\u0130sve\u00e7r\u0259d\u0259 haz\u0131rlanm\u0131\u015fd\u0131r  EiGER Texnologiyas\u0131   M10 Qallium qatq\u0131l\u0131 mono vafli P tipli PERC h\u00fcceyr\u0259si 9BB Half-cut texnologiyas\u0131 R\u0259ng arxa v\u0259r\u0259q - a\u011f 21,02% modul s\u0259m\u0259r\u0259liliyi \u0259n b\u00f6y\u00fck h\u00fcceyr\u0259 \u00f6l\u00e7\u00fcs\u00fc (182\u00d791)  &nbsp;    \u00dc\u00c7\u00dcN \u0130DEAL   \u015e\u0259xsi dam \u00f6rt\u00fcy\u00fcn\u00fcn qura\u015fd\u0131r\u0131lmas\u0131 Ticar\u0259t v\u0259 S\u0259naye Yer\u0259 qura\u015fd\u0131r\u0131lm\u0131\u015f g\u00fcn\u0259\u015f elektrik stansiyalar\u0131","og_url":"https:\/\/airrent.ge\/az\/product\/solar-panel-ibex-108mhc-eiger-410\/","og_site_name":"AirRent.ge","article_modified_time":"2025-05-29T18:07:28+00:00","og_image":[{"width":874,"height":1312,"url":"https:\/\/airrent.ge\/wp-content\/uploads\/2025\/05\/IBEX-108MHC-EiGER-1.png","type":"image\/png"}],"twitter_card":"summary_large_image","schema":{"@context":"https:\/\/schema.org","@graph":[{"@type":"WebPage","@id":"https:\/\/airrent.ge\/az\/product\/solar-panel-ibex-108mhc-eiger-410\/","url":"https:\/\/airrent.ge\/az\/product\/solar-panel-ibex-108mhc-eiger-410\/","name":"G\u00fcn\u0259\u015f paneli IBEX 108MHC-EIGER 410 Solar panel - AirRent.ge","isPartOf":{"@id":"https:\/\/airrent.ge\/#website"},"primaryImageOfPage":{"@id":"https:\/\/airrent.ge\/az\/product\/solar-panel-ibex-108mhc-eiger-410\/#primaryimage"},"image":{"@id":"https:\/\/airrent.ge\/az\/product\/solar-panel-ibex-108mhc-eiger-410\/#primaryimage"},"thumbnailUrl":"https:\/\/airrent.ge\/wp-content\/uploads\/2025\/05\/IBEX-108MHC-EiGER-1.png","datePublished":"2025-05-29T18:03:15+00:00","dateModified":"2025-05-29T18:07:28+00:00","breadcrumb":{"@id":"https:\/\/airrent.ge\/az\/product\/solar-panel-ibex-108mhc-eiger-410\/#breadcrumb"},"inLanguage":"az","potentialAction":[{"@type":"ReadAction","target":["https:\/\/airrent.ge\/az\/product\/solar-panel-ibex-108mhc-eiger-410\/"]}]},{"@type":"ImageObject","inLanguage":"az","@id":"https:\/\/airrent.ge\/az\/product\/solar-panel-ibex-108mhc-eiger-410\/#primaryimage","url":"https:\/\/airrent.ge\/wp-content\/uploads\/2025\/05\/IBEX-108MHC-EiGER-1.png","contentUrl":"https:\/\/airrent.ge\/wp-content\/uploads\/2025\/05\/IBEX-108MHC-EiGER-1.png","width":874,"height":1312},{"@type":"BreadcrumbList","@id":"https:\/\/airrent.ge\/az\/product\/solar-panel-ibex-108mhc-eiger-410\/#breadcrumb","itemListElement":[{"@type":"ListItem","position":1,"name":"Home","item":"https:\/\/airrent.ge\/az\/home\/"},{"@type":"ListItem","position":2,"name":"M\u0259hsullar","item":"https:\/\/airrent.ge\/az\/products\/"},{"@type":"ListItem","position":3,"name":"G\u00fcn\u0259\u015f paneli IBEX 108MHC-EIGER 410 Solar panel"}]},{"@type":"WebSite","@id":"https:\/\/airrent.ge\/#website","url":"https:\/\/airrent.ge\/","name":"airrent.ge","description":"Rental Services","publisher":{"@id":"https:\/\/airrent.ge\/#organization"},"potentialAction":[{"@type":"SearchAction","target":{"@type":"EntryPoint","urlTemplate":"https:\/\/airrent.ge\/?s={search_term_string}"},"query-input":{"@type":"PropertyValueSpecification","valueRequired":true,"valueName":"search_term_string"}}],"inLanguage":"az"},{"@type":"Organization","@id":"https:\/\/airrent.ge\/#organization","name":"airrent.ge","url":"https:\/\/airrent.ge\/","logo":{"@type":"ImageObject","inLanguage":"az","@id":"https:\/\/airrent.ge\/#\/schema\/logo\/image\/","url":"https:\/\/airrent.ge\/wp-content\/uploads\/2026\/03\/airrent.png","contentUrl":"https:\/\/airrent.ge\/wp-content\/uploads\/2026\/03\/airrent.png","width":1536,"height":1024,"caption":"airrent.ge"},"image":{"@id":"https:\/\/airrent.ge\/#\/schema\/logo\/image\/"}}]}},"_links":{"self":[{"href":"https:\/\/airrent.ge\/az\/wp-json\/wp\/v2\/product\/34358","targetHints":{"allow":["GET"]}}],"collection":[{"href":"https:\/\/airrent.ge\/az\/wp-json\/wp\/v2\/product"}],"about":[{"href":"https:\/\/airrent.ge\/az\/wp-json\/wp\/v2\/types\/product"}],"wp:featuredmedia":[{"embeddable":true,"href":"https:\/\/airrent.ge\/az\/wp-json\/wp\/v2\/media\/34340"}],"wp:attachment":[{"href":"https:\/\/airrent.ge\/az\/wp-json\/wp\/v2\/media?parent=34358"}],"wp:term":[{"taxonomy":"product_brand","embeddable":true,"href":"https:\/\/airrent.ge\/az\/wp-json\/wp\/v2\/product_brand?post=34358"},{"taxonomy":"product_cat","embeddable":true,"href":"https:\/\/airrent.ge\/az\/wp-json\/wp\/v2\/product_cat?post=34358"},{"taxonomy":"product_tag","embeddable":true,"href":"https:\/\/airrent.ge\/az\/wp-json\/wp\/v2\/product_tag?post=34358"}],"curies":[{"name":"wp","href":"https:\/\/api.w.org\/{rel}","templated":true}]}}