{"id":34685,"date":"2025-06-07T20:44:49","date_gmt":"2025-06-07T16:44:49","guid":{"rendered":"https:\/\/airsystems.ge\/shop\/product\/lha-high-efficiency-air-to-water-heat-pumps-equipped-with-scroll-compressor-and-axial-fans\/"},"modified":"2025-06-07T20:49:40","modified_gmt":"2025-06-07T16:49:40","slug":"lha-high-efficiency-air-to-water-heat-pumps-equipped-with-scroll-compressor-and-axial-fans","status":"publish","type":"product","link":"https:\/\/airrent.ge\/az\/product\/lha-high-efficiency-air-to-water-heat-pumps-equipped-with-scroll-compressor-and-axial-fans\/","title":{"rendered":"LHA S\u00fcr\u00fc\u015fd\u00fcrm\u0259 kompressoru v\u0259 eksenel ventilyatorlarla t\u0259chiz olunmu\u015f y\u00fcks\u0259k s\u0259m\u0259r\u0259li havadan suya istilik nasoslar\u0131"},"content":{"rendered":"<div class=\"elementor-element elementor-element-391e72ec elementor-widget elementor-widget-theme-post-content\" data-id=\"391e72ec\" data-element_type=\"widget\" data-widget_type=\"theme-post-content.default\">\n<div class=\"elementor-widget-container\">\n<div class=\"n4sEPd\">\n<div class=\"QFw9Te BLojaf\"><\/div>\n<\/div>\n<div class=\"QcsUad BDJ8fb BLojaf sMVRZe hCXDsb wneUed\">\n<div class=\"usGWQd\">\n<div class=\"KkbLmb\">\n<div class=\"lRu31\" dir=\"ltr\">\n<p>LHA seriyal\u0131 y\u00fcks\u0259k s\u0259m\u0259r\u0259li istilik nasoslar\u0131 parlaq d\u00f6\u015f\u0259m\u0259 isitm\u0259 sisteml\u0259ri v\u0259 ya isitm\u0259 zaman\u0131 maksimum s\u0259m\u0259r\u0259liliyin laz\u0131m oldu\u011fu t\u0259tbiql\u0259r \u00fc\u00e7\u00fcn x\u00fcsusi olaraq haz\u0131rlanm\u0131\u015fd\u0131r. Onlar istilik rejimind\u0259 optimalla\u015fd\u0131r\u0131lm\u0131\u015fd\u0131r, 60\u00b0C-y\u0259 q\u0259d\u0259r su hasil ed\u0259 bilir v\u0259 \u0259traf m\u00fchitin temperaturu -20\u00b0C-\u0259 q\u0259d\u0259r i\u015fl\u0259y\u0259 bilir. B\u00fct\u00fcn versiyalar q\u0131\u015fda defrost \u00fc\u00e7\u00fcn istifad\u0259 olunan t\u0259rs d\u00f6vr\u0259 klapan\u0131 il\u0259 t\u0259chiz edilmi\u015fdir; HH versiyas\u0131 istilik \u00fc\u00e7\u00fcn istilik nasosu texnologiyas\u0131ndan istifad\u0259 \u00fc\u00e7\u00fcn d\u0259st\u0259k sxeml\u0259ri olan \u00f6lk\u0259l\u0259rd\u0259 istifad\u0259 \u00fc\u00e7\u00fcn uy\u011fundur. RV versiyalar\u0131 da soyuq su istehsal ed\u0259 bilir. Yaln\u0131z HH isitm\u0259 versiyalar\u0131 zavodda qura\u015fd\u0131r\u0131l\u0131b v\u0259 yaln\u0131z isitm\u0259 rejimind\u0259 i\u015fl\u0259m\u0259k \u00fc\u00e7\u00fcn kilidl\u0259nib. T\u0259xmin\u0259n 6-8 dB(A) s\u0259s-k\u00fcy\u00fc azaltma\u011fa imkan ver\u0259n x\u00fcsusi \u00fcz\u0259n vibrasiya s\u00f6nd\u00fcrm\u0259 sisteminin istifad\u0259si say\u0259sind\u0259 s\u0259s-k\u00fcy olduqca a\u015fa\u011f\u0131d\u0131r (\u0130st\u0259y\u0259 g\u00f6r\u0259).<\/p>\n<\/div>\n<\/div>\n<\/div>\n<\/div>\n<\/div>\n<\/div>\n<div class=\"elementor-element elementor-element-427e8a79 e-flex e-con-boxed e-con e-child\" data-id=\"427e8a79\" data-element_type=\"container\">\n<div class=\"e-con-inner\">\n<div class=\"elementor-element elementor-element-6e19ed90 hidebutton mc-bl elementor-align-left elementor-widget elementor-widget-button\" data-id=\"6e19ed90\" data-element_type=\"widget\" data-widget_type=\"button.default\">\n<div class=\"elementor-widget-container\">\n<div class=\"elementor-button-wrapper\"><a class=\"elementor-button elementor-button-link elementor-size-sm\" href=\"https:\/\/www.enextechnologies.com\/wp-content\/uploads\/2024\/09\/LHA-P2_ENG.pdf\" target=\"_blank\" rel=\"noopener\"><span class=\"elementor-button-content-wrapper\"><span class=\"elementor-button-text\">BROCHURE<\/span><\/span><\/a><\/div>\n<\/div>\n<\/div>\n<\/div>\n<\/div>\n","protected":false},"excerpt":{"rendered":"<p>22 kVt-dan 460 kVt-a q\u0259d\u0259r istilik g\u00fcc\u00fc<\/p>\n","protected":false},"featured_media":34679,"template":"","meta":[],"product_brand":[],"product_cat":[1668,875],"product_tag":[],"class_list":{"0":"post-34685","1":"product","2":"type-product","3":"status-publish","4":"has-post-thumbnail","6":"product_cat-istilik-nasosu","7":"product_cat-snaye-az-kondisionerlr","9":"first","10":"instock","11":"shipping-taxable","12":"product-type-simple"},"yoast_head":"<!-- This site is optimized with the Yoast SEO plugin v27.1.1 - https:\/\/yoast.com\/product\/yoast-seo-wordpress\/ -->\n<title>LHA S\u00fcr\u00fc\u015fd\u00fcrm\u0259 kompressoru v\u0259 eksenel ventilyatorlarla t\u0259chiz olunmu\u015f y\u00fcks\u0259k s\u0259m\u0259r\u0259li havadan suya istilik nasoslar\u0131 - AirRent.ge<\/title>\n<meta name=\"robots\" content=\"index, follow, max-snippet:-1, max-image-preview:large, max-video-preview:-1\" \/>\n<link rel=\"canonical\" href=\"https:\/\/airrent.ge\/az\/product\/lha-high-efficiency-air-to-water-heat-pumps-equipped-with-scroll-compressor-and-axial-fans\/\" \/>\n<meta property=\"og:locale\" content=\"az_AZ\" \/>\n<meta property=\"og:type\" content=\"article\" \/>\n<meta property=\"og:title\" content=\"LHA S\u00fcr\u00fc\u015fd\u00fcrm\u0259 kompressoru v\u0259 eksenel ventilyatorlarla t\u0259chiz olunmu\u015f y\u00fcks\u0259k s\u0259m\u0259r\u0259li havadan suya istilik nasoslar\u0131 - AirRent.ge\" \/>\n<meta property=\"og:description\" content=\"22 kVt-dan 460 kVt-a q\u0259d\u0259r istilik g\u00fcc\u00fc\" \/>\n<meta property=\"og:url\" content=\"https:\/\/airrent.ge\/az\/product\/lha-high-efficiency-air-to-water-heat-pumps-equipped-with-scroll-compressor-and-axial-fans\/\" \/>\n<meta property=\"og:site_name\" content=\"AirRent.ge\" \/>\n<meta property=\"article:modified_time\" content=\"2025-06-07T16:49:40+00:00\" \/>\n<meta property=\"og:image\" content=\"https:\/\/airrent.ge\/wp-content\/uploads\/2025\/06\/LHA.jpg\" \/>\n\t<meta property=\"og:image:width\" content=\"1298\" \/>\n\t<meta property=\"og:image:height\" content=\"1202\" \/>\n\t<meta property=\"og:image:type\" content=\"image\/jpeg\" \/>\n<meta name=\"twitter:card\" content=\"summary_large_image\" \/>\n<meta name=\"twitter:label1\" content=\"Est. reading time\" \/>\n\t<meta name=\"twitter:data1\" content=\"1 minute\" \/>\n<script type=\"application\/ld+json\" class=\"yoast-schema-graph\">{\"@context\":\"https:\/\/schema.org\",\"@graph\":[{\"@type\":\"WebPage\",\"@id\":\"https:\/\/airrent.ge\/az\/product\/lha-high-efficiency-air-to-water-heat-pumps-equipped-with-scroll-compressor-and-axial-fans\/\",\"url\":\"https:\/\/airrent.ge\/az\/product\/lha-high-efficiency-air-to-water-heat-pumps-equipped-with-scroll-compressor-and-axial-fans\/\",\"name\":\"LHA S\u00fcr\u00fc\u015fd\u00fcrm\u0259 kompressoru v\u0259 eksenel ventilyatorlarla t\u0259chiz olunmu\u015f y\u00fcks\u0259k s\u0259m\u0259r\u0259li havadan suya istilik nasoslar\u0131 - AirRent.ge\",\"isPartOf\":{\"@id\":\"https:\/\/airrent.ge\/#website\"},\"primaryImageOfPage\":{\"@id\":\"https:\/\/airrent.ge\/az\/product\/lha-high-efficiency-air-to-water-heat-pumps-equipped-with-scroll-compressor-and-axial-fans\/#primaryimage\"},\"image\":{\"@id\":\"https:\/\/airrent.ge\/az\/product\/lha-high-efficiency-air-to-water-heat-pumps-equipped-with-scroll-compressor-and-axial-fans\/#primaryimage\"},\"thumbnailUrl\":\"https:\/\/airrent.ge\/wp-content\/uploads\/2025\/06\/LHA.jpg\",\"datePublished\":\"2025-06-07T16:44:49+00:00\",\"dateModified\":\"2025-06-07T16:49:40+00:00\",\"breadcrumb\":{\"@id\":\"https:\/\/airrent.ge\/az\/product\/lha-high-efficiency-air-to-water-heat-pumps-equipped-with-scroll-compressor-and-axial-fans\/#breadcrumb\"},\"inLanguage\":\"az\",\"potentialAction\":[{\"@type\":\"ReadAction\",\"target\":[\"https:\/\/airrent.ge\/az\/product\/lha-high-efficiency-air-to-water-heat-pumps-equipped-with-scroll-compressor-and-axial-fans\/\"]}]},{\"@type\":\"ImageObject\",\"inLanguage\":\"az\",\"@id\":\"https:\/\/airrent.ge\/az\/product\/lha-high-efficiency-air-to-water-heat-pumps-equipped-with-scroll-compressor-and-axial-fans\/#primaryimage\",\"url\":\"https:\/\/airrent.ge\/wp-content\/uploads\/2025\/06\/LHA.jpg\",\"contentUrl\":\"https:\/\/airrent.ge\/wp-content\/uploads\/2025\/06\/LHA.jpg\",\"width\":1298,\"height\":1202},{\"@type\":\"BreadcrumbList\",\"@id\":\"https:\/\/airrent.ge\/az\/product\/lha-high-efficiency-air-to-water-heat-pumps-equipped-with-scroll-compressor-and-axial-fans\/#breadcrumb\",\"itemListElement\":[{\"@type\":\"ListItem\",\"position\":1,\"name\":\"Home\",\"item\":\"https:\/\/airrent.ge\/az\/home\/\"},{\"@type\":\"ListItem\",\"position\":2,\"name\":\"M\u0259hsullar\",\"item\":\"https:\/\/airrent.ge\/az\/products\/\"},{\"@type\":\"ListItem\",\"position\":3,\"name\":\"LHA S\u00fcr\u00fc\u015fd\u00fcrm\u0259 kompressoru v\u0259 eksenel ventilyatorlarla t\u0259chiz olunmu\u015f y\u00fcks\u0259k s\u0259m\u0259r\u0259li havadan suya istilik nasoslar\u0131\"}]},{\"@type\":\"WebSite\",\"@id\":\"https:\/\/airrent.ge\/#website\",\"url\":\"https:\/\/airrent.ge\/\",\"name\":\"airrent.ge\",\"description\":\"Rental Services\",\"publisher\":{\"@id\":\"https:\/\/airrent.ge\/#organization\"},\"potentialAction\":[{\"@type\":\"SearchAction\",\"target\":{\"@type\":\"EntryPoint\",\"urlTemplate\":\"https:\/\/airrent.ge\/?s={search_term_string}\"},\"query-input\":{\"@type\":\"PropertyValueSpecification\",\"valueRequired\":true,\"valueName\":\"search_term_string\"}}],\"inLanguage\":\"az\"},{\"@type\":\"Organization\",\"@id\":\"https:\/\/airrent.ge\/#organization\",\"name\":\"airrent.ge\",\"url\":\"https:\/\/airrent.ge\/\",\"logo\":{\"@type\":\"ImageObject\",\"inLanguage\":\"az\",\"@id\":\"https:\/\/airrent.ge\/#\/schema\/logo\/image\/\",\"url\":\"https:\/\/airrent.ge\/wp-content\/uploads\/2026\/03\/airrent.png\",\"contentUrl\":\"https:\/\/airrent.ge\/wp-content\/uploads\/2026\/03\/airrent.png\",\"width\":1536,\"height\":1024,\"caption\":\"airrent.ge\"},\"image\":{\"@id\":\"https:\/\/airrent.ge\/#\/schema\/logo\/image\/\"}}]}<\/script>\n<!-- \/ Yoast SEO plugin. -->","yoast_head_json":{"title":"LHA S\u00fcr\u00fc\u015fd\u00fcrm\u0259 kompressoru v\u0259 eksenel ventilyatorlarla t\u0259chiz olunmu\u015f y\u00fcks\u0259k s\u0259m\u0259r\u0259li havadan suya istilik nasoslar\u0131 - AirRent.ge","robots":{"index":"index","follow":"follow","max-snippet":"max-snippet:-1","max-image-preview":"max-image-preview:large","max-video-preview":"max-video-preview:-1"},"canonical":"https:\/\/airrent.ge\/az\/product\/lha-high-efficiency-air-to-water-heat-pumps-equipped-with-scroll-compressor-and-axial-fans\/","og_locale":"az_AZ","og_type":"article","og_title":"LHA S\u00fcr\u00fc\u015fd\u00fcrm\u0259 kompressoru v\u0259 eksenel ventilyatorlarla t\u0259chiz olunmu\u015f y\u00fcks\u0259k s\u0259m\u0259r\u0259li havadan suya istilik nasoslar\u0131 - AirRent.ge","og_description":"22 kVt-dan 460 kVt-a q\u0259d\u0259r istilik g\u00fcc\u00fc","og_url":"https:\/\/airrent.ge\/az\/product\/lha-high-efficiency-air-to-water-heat-pumps-equipped-with-scroll-compressor-and-axial-fans\/","og_site_name":"AirRent.ge","article_modified_time":"2025-06-07T16:49:40+00:00","og_image":[{"width":1298,"height":1202,"url":"https:\/\/airrent.ge\/wp-content\/uploads\/2025\/06\/LHA.jpg","type":"image\/jpeg"}],"twitter_card":"summary_large_image","twitter_misc":{"Est. reading time":"1 minute"},"schema":{"@context":"https:\/\/schema.org","@graph":[{"@type":"WebPage","@id":"https:\/\/airrent.ge\/az\/product\/lha-high-efficiency-air-to-water-heat-pumps-equipped-with-scroll-compressor-and-axial-fans\/","url":"https:\/\/airrent.ge\/az\/product\/lha-high-efficiency-air-to-water-heat-pumps-equipped-with-scroll-compressor-and-axial-fans\/","name":"LHA S\u00fcr\u00fc\u015fd\u00fcrm\u0259 kompressoru v\u0259 eksenel ventilyatorlarla t\u0259chiz olunmu\u015f y\u00fcks\u0259k s\u0259m\u0259r\u0259li havadan suya istilik nasoslar\u0131 - AirRent.ge","isPartOf":{"@id":"https:\/\/airrent.ge\/#website"},"primaryImageOfPage":{"@id":"https:\/\/airrent.ge\/az\/product\/lha-high-efficiency-air-to-water-heat-pumps-equipped-with-scroll-compressor-and-axial-fans\/#primaryimage"},"image":{"@id":"https:\/\/airrent.ge\/az\/product\/lha-high-efficiency-air-to-water-heat-pumps-equipped-with-scroll-compressor-and-axial-fans\/#primaryimage"},"thumbnailUrl":"https:\/\/airrent.ge\/wp-content\/uploads\/2025\/06\/LHA.jpg","datePublished":"2025-06-07T16:44:49+00:00","dateModified":"2025-06-07T16:49:40+00:00","breadcrumb":{"@id":"https:\/\/airrent.ge\/az\/product\/lha-high-efficiency-air-to-water-heat-pumps-equipped-with-scroll-compressor-and-axial-fans\/#breadcrumb"},"inLanguage":"az","potentialAction":[{"@type":"ReadAction","target":["https:\/\/airrent.ge\/az\/product\/lha-high-efficiency-air-to-water-heat-pumps-equipped-with-scroll-compressor-and-axial-fans\/"]}]},{"@type":"ImageObject","inLanguage":"az","@id":"https:\/\/airrent.ge\/az\/product\/lha-high-efficiency-air-to-water-heat-pumps-equipped-with-scroll-compressor-and-axial-fans\/#primaryimage","url":"https:\/\/airrent.ge\/wp-content\/uploads\/2025\/06\/LHA.jpg","contentUrl":"https:\/\/airrent.ge\/wp-content\/uploads\/2025\/06\/LHA.jpg","width":1298,"height":1202},{"@type":"BreadcrumbList","@id":"https:\/\/airrent.ge\/az\/product\/lha-high-efficiency-air-to-water-heat-pumps-equipped-with-scroll-compressor-and-axial-fans\/#breadcrumb","itemListElement":[{"@type":"ListItem","position":1,"name":"Home","item":"https:\/\/airrent.ge\/az\/home\/"},{"@type":"ListItem","position":2,"name":"M\u0259hsullar","item":"https:\/\/airrent.ge\/az\/products\/"},{"@type":"ListItem","position":3,"name":"LHA S\u00fcr\u00fc\u015fd\u00fcrm\u0259 kompressoru v\u0259 eksenel ventilyatorlarla t\u0259chiz olunmu\u015f y\u00fcks\u0259k s\u0259m\u0259r\u0259li havadan suya istilik nasoslar\u0131"}]},{"@type":"WebSite","@id":"https:\/\/airrent.ge\/#website","url":"https:\/\/airrent.ge\/","name":"airrent.ge","description":"Rental Services","publisher":{"@id":"https:\/\/airrent.ge\/#organization"},"potentialAction":[{"@type":"SearchAction","target":{"@type":"EntryPoint","urlTemplate":"https:\/\/airrent.ge\/?s={search_term_string}"},"query-input":{"@type":"PropertyValueSpecification","valueRequired":true,"valueName":"search_term_string"}}],"inLanguage":"az"},{"@type":"Organization","@id":"https:\/\/airrent.ge\/#organization","name":"airrent.ge","url":"https:\/\/airrent.ge\/","logo":{"@type":"ImageObject","inLanguage":"az","@id":"https:\/\/airrent.ge\/#\/schema\/logo\/image\/","url":"https:\/\/airrent.ge\/wp-content\/uploads\/2026\/03\/airrent.png","contentUrl":"https:\/\/airrent.ge\/wp-content\/uploads\/2026\/03\/airrent.png","width":1536,"height":1024,"caption":"airrent.ge"},"image":{"@id":"https:\/\/airrent.ge\/#\/schema\/logo\/image\/"}}]}},"_links":{"self":[{"href":"https:\/\/airrent.ge\/az\/wp-json\/wp\/v2\/product\/34685","targetHints":{"allow":["GET"]}}],"collection":[{"href":"https:\/\/airrent.ge\/az\/wp-json\/wp\/v2\/product"}],"about":[{"href":"https:\/\/airrent.ge\/az\/wp-json\/wp\/v2\/types\/product"}],"wp:featuredmedia":[{"embeddable":true,"href":"https:\/\/airrent.ge\/az\/wp-json\/wp\/v2\/media\/34679"}],"wp:attachment":[{"href":"https:\/\/airrent.ge\/az\/wp-json\/wp\/v2\/media?parent=34685"}],"wp:term":[{"taxonomy":"product_brand","embeddable":true,"href":"https:\/\/airrent.ge\/az\/wp-json\/wp\/v2\/product_brand?post=34685"},{"taxonomy":"product_cat","embeddable":true,"href":"https:\/\/airrent.ge\/az\/wp-json\/wp\/v2\/product_cat?post=34685"},{"taxonomy":"product_tag","embeddable":true,"href":"https:\/\/airrent.ge\/az\/wp-json\/wp\/v2\/product_tag?post=34685"}],"curies":[{"name":"wp","href":"https:\/\/api.w.org\/{rel}","templated":true}]}}