{"id":35204,"date":"2025-06-09T19:39:55","date_gmt":"2025-06-09T15:39:55","guid":{"rendered":"https:\/\/airsystems.ge\/shop\/product\/metal-noise-barrier-alphafon-mb\/"},"modified":"2025-06-09T19:45:46","modified_gmt":"2025-06-09T15:45:46","slug":"metal-noise-barrier-alphafon-mb","status":"publish","type":"product","link":"https:\/\/airrent.ge\/az\/product\/metal-noise-barrier-alphafon-mb\/","title":{"rendered":"Metal S\u0259s Bariyeri ALPHAfon-MB"},"content":{"rendered":"<p>Metal s\u0259s-k\u00fcy mane\u0259si ALPHAfon-MB xarici t\u0259r\u0259fd\u0259n sinkl\u0259nmi\u015f metal t\u0259b\u0259q\u0259d\u0259n v\u0259 daxili t\u0259r\u0259f \u00fc\u00e7\u00fcn perforasiya edilmi\u015f metal t\u0259b\u0259q\u0259d\u0259n ibar\u0259tdir. metal s\u0259s-k\u00fcy baryerinin dizayn\u0131.<\/p>\n<p><img decoding=\"async\" class=\"size-full wp-image-8819\" src=\"https:\/\/alphacoustic.com\/wp-content\/uploads\/2013\/09\/alphafon-mb-design-1.jpg\" sizes=\"(max-width: 871px) 100vw, 871px\" srcset=\"https:\/\/alphacoustic.com\/wp-content\/uploads\/2013\/09\/alphafon-mb-design-1.jpg 871w, https:\/\/alphacoustic.com\/wp-content\/uploads\/2013\/09\/alphafon-mb-design-1-300x124.jpg 300w, https:\/\/alphacoustic.com\/wp-content\/uploads\/2013\/09\/alphafon-mb-design-1-768x318.jpg 768w\" alt=\"metal noise barrier design\" width=\"410\" \/><\/p>\n<p>H\u0259r iki t\u0259r\u0259fd\u0259 standart r\u0259ng RAL 9002-dir, lakin h\u0259r iki t\u0259r\u0259f m\u00fcxt\u0259lif layih\u0259 t\u0259l\u0259bl\u0259rin\u0259 uy\u011fun olaraq ist\u0259nil\u0259n RAL R\u0259ngin\u0259 (\u00fc\u00e7\u00fcnc\u00fc t\u0259r\u0259fl\u0259r t\u0259r\u0259find\u0259n) r\u0259ngl\u0259n\u0259 bil\u0259r.<\/p>\n<p>M\u00fck\u0259mm\u0259l s\u0259s s\u0131zd\u0131rmazl\u0131\u011f\u0131na nail olmaq, h\u0259m d\u0259 \u0259yilm\u0259 g\u00fcc\u00fcn\u00fc art\u0131rmaq \u00fc\u00e7\u00fcn metal mane\u0259nin iki ucu d\u00fczg\u00fcn \u015f\u0259kild\u0259 (ki\u015fi-qad\u0131n) formala\u015f\u0131r.<\/p>\n<p>\u0130\u00e7\u0259risind\u0259 s\u0259s uducu material, mineral yun, hidrofob, uy\u011fun s\u0131xl\u0131qla doldurulur, nazik \u015f\u00fc\u015f\u0259 yun par\u00e7a il\u0259 \u00f6rt\u00fcl\u00fcr.<\/p>\n<p>Trafik s\u0259s-k\u00fcy\u00fcnd\u0259n s\u0259s-k\u00fcyd\u0259n qorunma (avtomobill\u0259r, qatarlar, s\u0259s-k\u00fcyl\u00fc ma\u015f\u0131nlar, soyuducular, soyutma q\u00fcll\u0259l\u0259ri v\u0259 s.)<br \/>\nQura\u015fd\u0131rmaq asand\u0131r<br \/>\nXarici m\u00fchit \u015f\u0259raitin\u0259 davaml\u0131l\u0131q<br \/>\nY\u00fcks\u0259k s\u0259s udma (bir t\u0259r\u0259fd\u0259n)<br \/>\n\u0130st\u0259nil\u0259n r\u0259ng\u0259 boyanmaq olar<br \/>\nQura\u015fd\u0131rma<br \/>\nALPHAfon-MB metal baryerl\u0259ri zirz\u0259miy\u0259 uy\u011fun \u015f\u0259kild\u0259 b\u0259rkidilmi\u015f x\u00fcsusi formal\u0131 qo\u015fa T-d\u0259n (HEA) d\u0259mir profil \u00fcz\u0259rind\u0259 s\u00fcr\u00fc\u015f\u0259r\u0259k qura\u015fd\u0131r\u0131la bil\u0259r. Metal baryerl\u0259r h\u0259m d\u0259 yuxar\u0131dan v\u0259 a\u015fa\u011f\u0131dan m\u00fcvafiq dayaqla \u015faquli \u015f\u0259kild\u0259 qura\u015fd\u0131r\u0131la bil\u0259r.<\/p>\n<p>Yolda s\u0259s-k\u00fcy baryeri v\u0259ziyy\u0259tind\u0259, baryerin dibind\u0259 m\u00fcvafiq beton divar qurmaq t\u00f6vsiy\u0259 olunur. S\u0259s-k\u00fcy\u00fcn azald\u0131lmas\u0131n\u0131 qiym\u0259tl\u0259ndirm\u0259k v\u0259 \u0259n yax\u015f\u0131 texniki-iqtisadi h\u0259ll yoluna q\u0259rar verm\u0259k \u00fc\u00e7\u00fcn metal mane\u0259nin h\u00fcnd\u00fcrl\u00fcy\u00fc v\u0259 uzunlu\u011fu \u015firk\u0259timiz t\u0259r\u0259find\u0259n x\u00fcsusi komp\u00fcter proqram\u0131 vasit\u0259sil\u0259 m\u00fc\u0259yy\u0259n edil\u0259 bil\u0259r.<\/p>\n<p>T\u018fTB\u0130QL\u018fR<\/p>\n<p>ALPHAfon-MB metal s\u0259s-k\u00fcy mane\u0259l\u0259ri daxili v\u0259 xarici istifad\u0259 \u00fc\u00e7\u00fcn s\u0259s izolyasiyas\u0131 v\u0259 mexaniki m\u00f6hk\u0259mlikl\u0259 \u0259laq\u0259dar s\u0259s udulmas\u0131 probleml\u0259ri \u00fc\u00e7\u00fcn s\u00fcr\u0259tli v\u0259 q\u0259na\u0259tcil bir h\u0259ll t\u0259\u015fkil edir:<\/p>\n<p>\u00fczg\u00fc\u00e7\u00fcl\u00fck hovuzlar\u0131<br \/>\ngimnaziyalar<br \/>\ndiskoteka &#8211; pablar<br \/>\nmusiqi m\u0259kt\u0259bl\u0259ri<br \/>\ns\u0259naye m\u00fc\u0259ssis\u0259l\u0259ri<br \/>\nm\u0259kt\u0259bl\u0259ri, x\u0259st\u0259xanalar\u0131, evl\u0259ri qorumaq \u00fc\u00e7\u00fcn k\u00fc\u00e7\u0259l\u0259r \u00fc\u00e7\u00fcn s\u0259s-k\u00fcy mane\u0259l\u0259ri<br \/>\nM\u0259hsul h\u0259m\u00e7inin ma\u015f\u0131nlar\u0131n s\u0259s-k\u00fcy\u00fcn\u0259 n\u0259zar\u0259td\u0259 istifad\u0259 edil\u0259 bil\u0259r: kondisionerl\u0259r, soyutma q\u00fcll\u0259l\u0259ri, soyuducular v\u0259 s.<\/p>\n","protected":false},"excerpt":{"rendered":"<div class=\"woocommerce-product-details__short-description\">\n<p>ALPHAfon-MB metal s\u0259s-k\u00fcy mane\u0259si xarici t\u0259r\u0259fd\u0259n sinkl\u0259nmi\u015f metal t\u0259b\u0259q\u0259d\u0259n v\u0259 daxili t\u0259r\u0259f \u00fc\u00e7\u00fcn perforasiya edilmi\u015f metal t\u0259b\u0259q\u0259d\u0259n ibar\u0259tdir.<\/p>\n<p>H\u0259r iki t\u0259r\u0259fd\u0259 standart r\u0259ng RAL 9002-dir, lakin h\u0259r iki t\u0259r\u0259f m\u00fcxt\u0259lif layih\u0259 t\u0259l\u0259bl\u0259rin\u0259 uy\u011fun olaraq ist\u0259nil\u0259n RAL R\u0259ngin\u0259 (\u00fc\u00e7\u00fcnc\u00fc t\u0259r\u0259fl\u0259r t\u0259r\u0259find\u0259n) r\u0259ngl\u0259n\u0259 bil\u0259r.<\/p>\n<p>M\u00fck\u0259mm\u0259l s\u0259s s\u0131zd\u0131rmazl\u0131\u011f\u0131na nail olmaq, h\u0259m d\u0259 \u0259yilm\u0259 g\u00fcc\u00fcn\u00fc art\u0131rmaq \u00fc\u00e7\u00fcn metal mane\u0259nin iki ucu d\u00fczg\u00fcn \u015f\u0259kild\u0259 (ki\u015fi-qad\u0131n) formala\u015f\u0131r.<\/p>\n<\/div>\n","protected":false},"featured_media":35144,"template":"","meta":[],"product_brand":[],"product_cat":[804,1715],"product_tag":[],"class_list":{"0":"post-35204","1":"product","2":"type-product","3":"status-publish","4":"has-post-thumbnail","6":"product_cat-akustika-ss-kuy-v-vibrasiyaya-nzart","7":"product_cat-mechanical-noise-control-az","9":"first","10":"instock","11":"shipping-taxable","12":"product-type-simple"},"yoast_head":"<!-- This site is optimized with the Yoast SEO plugin v27.1.1 - https:\/\/yoast.com\/product\/yoast-seo-wordpress\/ -->\n<title>Metal S\u0259s Bariyeri ALPHAfon-MB - AirRent.ge<\/title>\n<meta name=\"robots\" content=\"index, follow, max-snippet:-1, max-image-preview:large, max-video-preview:-1\" \/>\n<link rel=\"canonical\" href=\"https:\/\/airrent.ge\/az\/product\/metal-noise-barrier-alphafon-mb\/\" \/>\n<meta property=\"og:locale\" content=\"az_AZ\" \/>\n<meta property=\"og:type\" content=\"article\" \/>\n<meta property=\"og:title\" content=\"Metal S\u0259s Bariyeri ALPHAfon-MB - AirRent.ge\" \/>\n<meta property=\"og:description\" content=\"ALPHAfon-MB metal s\u0259s-k\u00fcy mane\u0259si xarici t\u0259r\u0259fd\u0259n sinkl\u0259nmi\u015f metal t\u0259b\u0259q\u0259d\u0259n v\u0259 daxili t\u0259r\u0259f \u00fc\u00e7\u00fcn perforasiya edilmi\u015f metal t\u0259b\u0259q\u0259d\u0259n ibar\u0259tdir.  H\u0259r iki t\u0259r\u0259fd\u0259 standart r\u0259ng RAL 9002-dir, lakin h\u0259r iki t\u0259r\u0259f m\u00fcxt\u0259lif layih\u0259 t\u0259l\u0259bl\u0259rin\u0259 uy\u011fun olaraq ist\u0259nil\u0259n RAL R\u0259ngin\u0259 (\u00fc\u00e7\u00fcnc\u00fc t\u0259r\u0259fl\u0259r t\u0259r\u0259find\u0259n) r\u0259ngl\u0259n\u0259 bil\u0259r.  M\u00fck\u0259mm\u0259l s\u0259s s\u0131zd\u0131rmazl\u0131\u011f\u0131na nail olmaq, h\u0259m d\u0259 \u0259yilm\u0259 g\u00fcc\u00fcn\u00fc art\u0131rmaq \u00fc\u00e7\u00fcn metal mane\u0259nin iki ucu d\u00fczg\u00fcn \u015f\u0259kild\u0259 (ki\u015fi-qad\u0131n) formala\u015f\u0131r.\" \/>\n<meta property=\"og:url\" content=\"https:\/\/airrent.ge\/az\/product\/metal-noise-barrier-alphafon-mb\/\" \/>\n<meta property=\"og:site_name\" content=\"AirRent.ge\" \/>\n<meta property=\"article:modified_time\" content=\"2025-06-09T15:45:46+00:00\" \/>\n<meta property=\"og:image\" content=\"https:\/\/airrent.ge\/wp-content\/uploads\/2025\/06\/metal-barrier-alphafon-mb.webp\" \/>\n\t<meta property=\"og:image:width\" content=\"800\" \/>\n\t<meta property=\"og:image:height\" content=\"600\" \/>\n\t<meta property=\"og:image:type\" content=\"image\/webp\" \/>\n<meta name=\"twitter:card\" content=\"summary_large_image\" \/>\n<meta name=\"twitter:label1\" content=\"Est. reading time\" \/>\n\t<meta name=\"twitter:data1\" content=\"2 minutes\" \/>\n<script type=\"application\/ld+json\" class=\"yoast-schema-graph\">{\"@context\":\"https:\/\/schema.org\",\"@graph\":[{\"@type\":\"WebPage\",\"@id\":\"https:\/\/airrent.ge\/az\/product\/metal-noise-barrier-alphafon-mb\/\",\"url\":\"https:\/\/airrent.ge\/az\/product\/metal-noise-barrier-alphafon-mb\/\",\"name\":\"Metal S\u0259s Bariyeri ALPHAfon-MB - AirRent.ge\",\"isPartOf\":{\"@id\":\"https:\/\/airrent.ge\/#website\"},\"primaryImageOfPage\":{\"@id\":\"https:\/\/airrent.ge\/az\/product\/metal-noise-barrier-alphafon-mb\/#primaryimage\"},\"image\":{\"@id\":\"https:\/\/airrent.ge\/az\/product\/metal-noise-barrier-alphafon-mb\/#primaryimage\"},\"thumbnailUrl\":\"https:\/\/airrent.ge\/wp-content\/uploads\/2025\/06\/metal-barrier-alphafon-mb.webp\",\"datePublished\":\"2025-06-09T15:39:55+00:00\",\"dateModified\":\"2025-06-09T15:45:46+00:00\",\"breadcrumb\":{\"@id\":\"https:\/\/airrent.ge\/az\/product\/metal-noise-barrier-alphafon-mb\/#breadcrumb\"},\"inLanguage\":\"az\",\"potentialAction\":[{\"@type\":\"ReadAction\",\"target\":[\"https:\/\/airrent.ge\/az\/product\/metal-noise-barrier-alphafon-mb\/\"]}]},{\"@type\":\"ImageObject\",\"inLanguage\":\"az\",\"@id\":\"https:\/\/airrent.ge\/az\/product\/metal-noise-barrier-alphafon-mb\/#primaryimage\",\"url\":\"https:\/\/airrent.ge\/wp-content\/uploads\/2025\/06\/metal-barrier-alphafon-mb.webp\",\"contentUrl\":\"https:\/\/airrent.ge\/wp-content\/uploads\/2025\/06\/metal-barrier-alphafon-mb.webp\",\"width\":800,\"height\":600},{\"@type\":\"BreadcrumbList\",\"@id\":\"https:\/\/airrent.ge\/az\/product\/metal-noise-barrier-alphafon-mb\/#breadcrumb\",\"itemListElement\":[{\"@type\":\"ListItem\",\"position\":1,\"name\":\"Home\",\"item\":\"https:\/\/airrent.ge\/az\/home\/\"},{\"@type\":\"ListItem\",\"position\":2,\"name\":\"M\u0259hsullar\",\"item\":\"https:\/\/airrent.ge\/az\/products\/\"},{\"@type\":\"ListItem\",\"position\":3,\"name\":\"Metal S\u0259s Bariyeri ALPHAfon-MB\"}]},{\"@type\":\"WebSite\",\"@id\":\"https:\/\/airrent.ge\/#website\",\"url\":\"https:\/\/airrent.ge\/\",\"name\":\"airrent.ge\",\"description\":\"Rental Services\",\"publisher\":{\"@id\":\"https:\/\/airrent.ge\/#organization\"},\"potentialAction\":[{\"@type\":\"SearchAction\",\"target\":{\"@type\":\"EntryPoint\",\"urlTemplate\":\"https:\/\/airrent.ge\/?s={search_term_string}\"},\"query-input\":{\"@type\":\"PropertyValueSpecification\",\"valueRequired\":true,\"valueName\":\"search_term_string\"}}],\"inLanguage\":\"az\"},{\"@type\":\"Organization\",\"@id\":\"https:\/\/airrent.ge\/#organization\",\"name\":\"airrent.ge\",\"url\":\"https:\/\/airrent.ge\/\",\"logo\":{\"@type\":\"ImageObject\",\"inLanguage\":\"az\",\"@id\":\"https:\/\/airrent.ge\/#\/schema\/logo\/image\/\",\"url\":\"https:\/\/airrent.ge\/wp-content\/uploads\/2026\/03\/airrent.png\",\"contentUrl\":\"https:\/\/airrent.ge\/wp-content\/uploads\/2026\/03\/airrent.png\",\"width\":1536,\"height\":1024,\"caption\":\"airrent.ge\"},\"image\":{\"@id\":\"https:\/\/airrent.ge\/#\/schema\/logo\/image\/\"}}]}<\/script>\n<!-- \/ Yoast SEO plugin. -->","yoast_head_json":{"title":"Metal S\u0259s Bariyeri ALPHAfon-MB - AirRent.ge","robots":{"index":"index","follow":"follow","max-snippet":"max-snippet:-1","max-image-preview":"max-image-preview:large","max-video-preview":"max-video-preview:-1"},"canonical":"https:\/\/airrent.ge\/az\/product\/metal-noise-barrier-alphafon-mb\/","og_locale":"az_AZ","og_type":"article","og_title":"Metal S\u0259s Bariyeri ALPHAfon-MB - AirRent.ge","og_description":"ALPHAfon-MB metal s\u0259s-k\u00fcy mane\u0259si xarici t\u0259r\u0259fd\u0259n sinkl\u0259nmi\u015f metal t\u0259b\u0259q\u0259d\u0259n v\u0259 daxili t\u0259r\u0259f \u00fc\u00e7\u00fcn perforasiya edilmi\u015f metal t\u0259b\u0259q\u0259d\u0259n ibar\u0259tdir.  H\u0259r iki t\u0259r\u0259fd\u0259 standart r\u0259ng RAL 9002-dir, lakin h\u0259r iki t\u0259r\u0259f m\u00fcxt\u0259lif layih\u0259 t\u0259l\u0259bl\u0259rin\u0259 uy\u011fun olaraq ist\u0259nil\u0259n RAL R\u0259ngin\u0259 (\u00fc\u00e7\u00fcnc\u00fc t\u0259r\u0259fl\u0259r t\u0259r\u0259find\u0259n) r\u0259ngl\u0259n\u0259 bil\u0259r.  M\u00fck\u0259mm\u0259l s\u0259s s\u0131zd\u0131rmazl\u0131\u011f\u0131na nail olmaq, h\u0259m d\u0259 \u0259yilm\u0259 g\u00fcc\u00fcn\u00fc art\u0131rmaq \u00fc\u00e7\u00fcn metal mane\u0259nin iki ucu d\u00fczg\u00fcn \u015f\u0259kild\u0259 (ki\u015fi-qad\u0131n) formala\u015f\u0131r.","og_url":"https:\/\/airrent.ge\/az\/product\/metal-noise-barrier-alphafon-mb\/","og_site_name":"AirRent.ge","article_modified_time":"2025-06-09T15:45:46+00:00","og_image":[{"width":800,"height":600,"url":"https:\/\/airrent.ge\/wp-content\/uploads\/2025\/06\/metal-barrier-alphafon-mb.webp","type":"image\/webp"}],"twitter_card":"summary_large_image","twitter_misc":{"Est. reading time":"2 minutes"},"schema":{"@context":"https:\/\/schema.org","@graph":[{"@type":"WebPage","@id":"https:\/\/airrent.ge\/az\/product\/metal-noise-barrier-alphafon-mb\/","url":"https:\/\/airrent.ge\/az\/product\/metal-noise-barrier-alphafon-mb\/","name":"Metal S\u0259s Bariyeri ALPHAfon-MB - AirRent.ge","isPartOf":{"@id":"https:\/\/airrent.ge\/#website"},"primaryImageOfPage":{"@id":"https:\/\/airrent.ge\/az\/product\/metal-noise-barrier-alphafon-mb\/#primaryimage"},"image":{"@id":"https:\/\/airrent.ge\/az\/product\/metal-noise-barrier-alphafon-mb\/#primaryimage"},"thumbnailUrl":"https:\/\/airrent.ge\/wp-content\/uploads\/2025\/06\/metal-barrier-alphafon-mb.webp","datePublished":"2025-06-09T15:39:55+00:00","dateModified":"2025-06-09T15:45:46+00:00","breadcrumb":{"@id":"https:\/\/airrent.ge\/az\/product\/metal-noise-barrier-alphafon-mb\/#breadcrumb"},"inLanguage":"az","potentialAction":[{"@type":"ReadAction","target":["https:\/\/airrent.ge\/az\/product\/metal-noise-barrier-alphafon-mb\/"]}]},{"@type":"ImageObject","inLanguage":"az","@id":"https:\/\/airrent.ge\/az\/product\/metal-noise-barrier-alphafon-mb\/#primaryimage","url":"https:\/\/airrent.ge\/wp-content\/uploads\/2025\/06\/metal-barrier-alphafon-mb.webp","contentUrl":"https:\/\/airrent.ge\/wp-content\/uploads\/2025\/06\/metal-barrier-alphafon-mb.webp","width":800,"height":600},{"@type":"BreadcrumbList","@id":"https:\/\/airrent.ge\/az\/product\/metal-noise-barrier-alphafon-mb\/#breadcrumb","itemListElement":[{"@type":"ListItem","position":1,"name":"Home","item":"https:\/\/airrent.ge\/az\/home\/"},{"@type":"ListItem","position":2,"name":"M\u0259hsullar","item":"https:\/\/airrent.ge\/az\/products\/"},{"@type":"ListItem","position":3,"name":"Metal S\u0259s Bariyeri ALPHAfon-MB"}]},{"@type":"WebSite","@id":"https:\/\/airrent.ge\/#website","url":"https:\/\/airrent.ge\/","name":"airrent.ge","description":"Rental Services","publisher":{"@id":"https:\/\/airrent.ge\/#organization"},"potentialAction":[{"@type":"SearchAction","target":{"@type":"EntryPoint","urlTemplate":"https:\/\/airrent.ge\/?s={search_term_string}"},"query-input":{"@type":"PropertyValueSpecification","valueRequired":true,"valueName":"search_term_string"}}],"inLanguage":"az"},{"@type":"Organization","@id":"https:\/\/airrent.ge\/#organization","name":"airrent.ge","url":"https:\/\/airrent.ge\/","logo":{"@type":"ImageObject","inLanguage":"az","@id":"https:\/\/airrent.ge\/#\/schema\/logo\/image\/","url":"https:\/\/airrent.ge\/wp-content\/uploads\/2026\/03\/airrent.png","contentUrl":"https:\/\/airrent.ge\/wp-content\/uploads\/2026\/03\/airrent.png","width":1536,"height":1024,"caption":"airrent.ge"},"image":{"@id":"https:\/\/airrent.ge\/#\/schema\/logo\/image\/"}}]}},"_links":{"self":[{"href":"https:\/\/airrent.ge\/az\/wp-json\/wp\/v2\/product\/35204","targetHints":{"allow":["GET"]}}],"collection":[{"href":"https:\/\/airrent.ge\/az\/wp-json\/wp\/v2\/product"}],"about":[{"href":"https:\/\/airrent.ge\/az\/wp-json\/wp\/v2\/types\/product"}],"wp:featuredmedia":[{"embeddable":true,"href":"https:\/\/airrent.ge\/az\/wp-json\/wp\/v2\/media\/35144"}],"wp:attachment":[{"href":"https:\/\/airrent.ge\/az\/wp-json\/wp\/v2\/media?parent=35204"}],"wp:term":[{"taxonomy":"product_brand","embeddable":true,"href":"https:\/\/airrent.ge\/az\/wp-json\/wp\/v2\/product_brand?post=35204"},{"taxonomy":"product_cat","embeddable":true,"href":"https:\/\/airrent.ge\/az\/wp-json\/wp\/v2\/product_cat?post=35204"},{"taxonomy":"product_tag","embeddable":true,"href":"https:\/\/airrent.ge\/az\/wp-json\/wp\/v2\/product_tag?post=35204"}],"curies":[{"name":"wp","href":"https:\/\/api.w.org\/{rel}","templated":true}]}}