{"id":35370,"date":"2025-06-10T12:22:19","date_gmt":"2025-06-10T08:22:19","guid":{"rendered":"https:\/\/airsystems.ge\/shop\/product\/sma-swimming-pool-dehumidifiers\/"},"modified":"2025-06-10T12:26:01","modified_gmt":"2025-06-10T08:26:01","slug":"sma-swimming-pool-dehumidifiers","status":"publish","type":"product","link":"https:\/\/airrent.ge\/az\/product\/sma-swimming-pool-dehumidifiers\/","title":{"rendered":"SMA Hovuz n\u0259ml\u0259ndiricil\u0259ri"},"content":{"rendered":"<div class=\"elementor-element elementor-element-70da8153 elementor-widget elementor-widget-theme-page-title elementor-page-title elementor-widget-heading\" data-id=\"70da8153\" data-element_type=\"widget\" data-widget_type=\"theme-page-title.default\">\n<div class=\"elementor-widget-container\">\n<p>Seriya SMA n\u0259ml\u0259ndiricil\u0259ri optimal rahatl\u0131\u011f\u0131 t\u0259min etm\u0259k \u00fc\u00e7\u00fcn r\u00fctub\u0259t\u0259 yax\u0131ndan n\u0259zar\u0259t edilm\u0259li olan hovuzlarda istifad\u0259 \u00fc\u00e7\u00fcn n\u0259z\u0259rd\u0259 tutulmu\u015fdur. Bu qur\u011fular\u0131n hovuza yax\u0131n texniki otaqda qura\u015fd\u0131r\u0131lmas\u0131 n\u0259z\u0259rd\u0259 tutulur. Y\u00fcks\u0259k m\u00f6vcud statik t\u0259zyiq\u0259 malik m\u0259rk\u0259zd\u0259nqa\u00e7ma ventilyatoru h\u0259m havan\u0131n sorulmas\u0131, h\u0259m d\u0259 bo\u015fald\u0131lmas\u0131 \u00fc\u00e7\u00fcn kanallara qo\u015fulma\u011fa imkan verir. Bu seriya 263-d\u0259n 940 l\/24 saata q\u0259d\u0259r olan tutumu \u0259hat\u0259 ed\u0259n 6 \u0259sas modeld\u0259n ibar\u0259tdir.<br \/>\nTemperatur v\u0259 r\u00fctub\u0259t problar\u0131 ist\u0259k \u0259sas\u0131nda t\u0259min edil\u0259n aksesuarlard\u0131r.<\/p>\n<\/div>\n<\/div>\n<div class=\"elementor-element elementor-element-427e8a79 e-flex e-con-boxed e-con e-child\" data-id=\"427e8a79\" data-element_type=\"container\">\n<div class=\"e-con-inner\">\n<div class=\"elementor-element elementor-element-6e19ed90 hidebutton mc-bl elementor-align-left elementor-widget elementor-widget-button\" data-id=\"6e19ed90\" data-element_type=\"widget\" data-widget_type=\"button.default\">\n<div class=\"elementor-widget-container\">\n<div class=\"elementor-button-wrapper\"><a class=\"elementor-button elementor-button-link elementor-size-sm\" href=\"https:\/\/www.enextechnologies.com\/wp-content\/uploads\/2025\/03\/SMA_ENG.pdf\" target=\"_blank\" rel=\"noopener\"><span class=\"elementor-button-content-wrapper\"><span class=\"elementor-button-text\">BROCHURE<\/span><\/span><\/a><\/div>\n<\/div>\n<\/div>\n<\/div>\n<\/div>\n","protected":false},"excerpt":{"rendered":"<div class=\"elementor-element elementor-element-f80f489 elementor-widget elementor-widget-heading\" data-id=\"f80f489\" data-element_type=\"widget\" data-widget_type=\"heading.default\">\n<div class=\"elementor-widget-container\">\n<div class=\"elementor-heading-title elementor-size-default\">N\u0259ml\u0259ndirm\u0259 qabiliyy\u0259ti 111 l\/24 saatdan 940 l\/24 saata q\u0259d\u0259r<br \/>\n3500 m3\/saatdan 8500 m3\/saata q\u0259d\u0259r hava ax\u0131n\u0131<\/div>\n<\/div>\n<\/div>\n","protected":false},"featured_media":35365,"template":"","meta":[],"product_brand":[],"product_cat":[1724,875],"product_tag":[],"class_list":{"0":"post-35370","1":"product","2":"type-product","3":"status-publish","4":"has-post-thumbnail","6":"product_cat-hava-nmlndiricisi","7":"product_cat-snaye-az-kondisionerlr","9":"first","10":"instock","11":"shipping-taxable","12":"product-type-simple"},"yoast_head":"<!-- This site is optimized with the Yoast SEO plugin v27.1.1 - https:\/\/yoast.com\/product\/yoast-seo-wordpress\/ -->\n<title>SMA Hovuz n\u0259ml\u0259ndiricil\u0259ri - AirRent.ge<\/title>\n<meta name=\"robots\" content=\"index, follow, max-snippet:-1, max-image-preview:large, max-video-preview:-1\" \/>\n<link rel=\"canonical\" href=\"https:\/\/airrent.ge\/az\/product\/sma-swimming-pool-dehumidifiers\/\" \/>\n<meta property=\"og:locale\" content=\"az_AZ\" \/>\n<meta property=\"og:type\" content=\"article\" \/>\n<meta property=\"og:title\" content=\"SMA Hovuz n\u0259ml\u0259ndiricil\u0259ri - AirRent.ge\" \/>\n<meta property=\"og:description\" content=\"N\u0259ml\u0259ndirm\u0259 qabiliyy\u0259ti 111 l\/24 saatdan 940 l\/24 saata q\u0259d\u0259r 3500 m3\/saatdan 8500 m3\/saata q\u0259d\u0259r hava ax\u0131n\u0131\" \/>\n<meta property=\"og:url\" content=\"https:\/\/airrent.ge\/az\/product\/sma-swimming-pool-dehumidifiers\/\" \/>\n<meta property=\"og:site_name\" content=\"AirRent.ge\" \/>\n<meta property=\"article:modified_time\" content=\"2025-06-10T08:26:01+00:00\" \/>\n<meta property=\"og:image\" content=\"https:\/\/airrent.ge\/wp-content\/uploads\/2025\/06\/HMA.jpg\" \/>\n\t<meta property=\"og:image:width\" content=\"1352\" \/>\n\t<meta property=\"og:image:height\" content=\"1366\" \/>\n\t<meta property=\"og:image:type\" content=\"image\/jpeg\" \/>\n<meta name=\"twitter:card\" content=\"summary_large_image\" \/>\n<meta name=\"twitter:label1\" content=\"Est. reading time\" \/>\n\t<meta name=\"twitter:data1\" content=\"1 minute\" \/>\n<script type=\"application\/ld+json\" class=\"yoast-schema-graph\">{\"@context\":\"https:\/\/schema.org\",\"@graph\":[{\"@type\":\"WebPage\",\"@id\":\"https:\/\/airrent.ge\/az\/product\/sma-swimming-pool-dehumidifiers\/\",\"url\":\"https:\/\/airrent.ge\/az\/product\/sma-swimming-pool-dehumidifiers\/\",\"name\":\"SMA Hovuz n\u0259ml\u0259ndiricil\u0259ri - AirRent.ge\",\"isPartOf\":{\"@id\":\"https:\/\/airrent.ge\/#website\"},\"primaryImageOfPage\":{\"@id\":\"https:\/\/airrent.ge\/az\/product\/sma-swimming-pool-dehumidifiers\/#primaryimage\"},\"image\":{\"@id\":\"https:\/\/airrent.ge\/az\/product\/sma-swimming-pool-dehumidifiers\/#primaryimage\"},\"thumbnailUrl\":\"https:\/\/airrent.ge\/wp-content\/uploads\/2025\/06\/HMA.jpg\",\"datePublished\":\"2025-06-10T08:22:19+00:00\",\"dateModified\":\"2025-06-10T08:26:01+00:00\",\"breadcrumb\":{\"@id\":\"https:\/\/airrent.ge\/az\/product\/sma-swimming-pool-dehumidifiers\/#breadcrumb\"},\"inLanguage\":\"az\",\"potentialAction\":[{\"@type\":\"ReadAction\",\"target\":[\"https:\/\/airrent.ge\/az\/product\/sma-swimming-pool-dehumidifiers\/\"]}]},{\"@type\":\"ImageObject\",\"inLanguage\":\"az\",\"@id\":\"https:\/\/airrent.ge\/az\/product\/sma-swimming-pool-dehumidifiers\/#primaryimage\",\"url\":\"https:\/\/airrent.ge\/wp-content\/uploads\/2025\/06\/HMA.jpg\",\"contentUrl\":\"https:\/\/airrent.ge\/wp-content\/uploads\/2025\/06\/HMA.jpg\",\"width\":1352,\"height\":1366},{\"@type\":\"BreadcrumbList\",\"@id\":\"https:\/\/airrent.ge\/az\/product\/sma-swimming-pool-dehumidifiers\/#breadcrumb\",\"itemListElement\":[{\"@type\":\"ListItem\",\"position\":1,\"name\":\"Home\",\"item\":\"https:\/\/airrent.ge\/az\/home\/\"},{\"@type\":\"ListItem\",\"position\":2,\"name\":\"M\u0259hsullar\",\"item\":\"https:\/\/airrent.ge\/az\/products\/\"},{\"@type\":\"ListItem\",\"position\":3,\"name\":\"SMA Hovuz n\u0259ml\u0259ndiricil\u0259ri\"}]},{\"@type\":\"WebSite\",\"@id\":\"https:\/\/airrent.ge\/#website\",\"url\":\"https:\/\/airrent.ge\/\",\"name\":\"airrent.ge\",\"description\":\"Rental Services\",\"publisher\":{\"@id\":\"https:\/\/airrent.ge\/#organization\"},\"potentialAction\":[{\"@type\":\"SearchAction\",\"target\":{\"@type\":\"EntryPoint\",\"urlTemplate\":\"https:\/\/airrent.ge\/?s={search_term_string}\"},\"query-input\":{\"@type\":\"PropertyValueSpecification\",\"valueRequired\":true,\"valueName\":\"search_term_string\"}}],\"inLanguage\":\"az\"},{\"@type\":\"Organization\",\"@id\":\"https:\/\/airrent.ge\/#organization\",\"name\":\"airrent.ge\",\"url\":\"https:\/\/airrent.ge\/\",\"logo\":{\"@type\":\"ImageObject\",\"inLanguage\":\"az\",\"@id\":\"https:\/\/airrent.ge\/#\/schema\/logo\/image\/\",\"url\":\"https:\/\/airrent.ge\/wp-content\/uploads\/2026\/03\/airrent.png\",\"contentUrl\":\"https:\/\/airrent.ge\/wp-content\/uploads\/2026\/03\/airrent.png\",\"width\":1536,\"height\":1024,\"caption\":\"airrent.ge\"},\"image\":{\"@id\":\"https:\/\/airrent.ge\/#\/schema\/logo\/image\/\"}}]}<\/script>\n<!-- \/ Yoast SEO plugin. -->","yoast_head_json":{"title":"SMA Hovuz n\u0259ml\u0259ndiricil\u0259ri - AirRent.ge","robots":{"index":"index","follow":"follow","max-snippet":"max-snippet:-1","max-image-preview":"max-image-preview:large","max-video-preview":"max-video-preview:-1"},"canonical":"https:\/\/airrent.ge\/az\/product\/sma-swimming-pool-dehumidifiers\/","og_locale":"az_AZ","og_type":"article","og_title":"SMA Hovuz n\u0259ml\u0259ndiricil\u0259ri - AirRent.ge","og_description":"N\u0259ml\u0259ndirm\u0259 qabiliyy\u0259ti 111 l\/24 saatdan 940 l\/24 saata q\u0259d\u0259r 3500 m3\/saatdan 8500 m3\/saata q\u0259d\u0259r hava ax\u0131n\u0131","og_url":"https:\/\/airrent.ge\/az\/product\/sma-swimming-pool-dehumidifiers\/","og_site_name":"AirRent.ge","article_modified_time":"2025-06-10T08:26:01+00:00","og_image":[{"width":1352,"height":1366,"url":"https:\/\/airrent.ge\/wp-content\/uploads\/2025\/06\/HMA.jpg","type":"image\/jpeg"}],"twitter_card":"summary_large_image","twitter_misc":{"Est. reading time":"1 minute"},"schema":{"@context":"https:\/\/schema.org","@graph":[{"@type":"WebPage","@id":"https:\/\/airrent.ge\/az\/product\/sma-swimming-pool-dehumidifiers\/","url":"https:\/\/airrent.ge\/az\/product\/sma-swimming-pool-dehumidifiers\/","name":"SMA Hovuz n\u0259ml\u0259ndiricil\u0259ri - AirRent.ge","isPartOf":{"@id":"https:\/\/airrent.ge\/#website"},"primaryImageOfPage":{"@id":"https:\/\/airrent.ge\/az\/product\/sma-swimming-pool-dehumidifiers\/#primaryimage"},"image":{"@id":"https:\/\/airrent.ge\/az\/product\/sma-swimming-pool-dehumidifiers\/#primaryimage"},"thumbnailUrl":"https:\/\/airrent.ge\/wp-content\/uploads\/2025\/06\/HMA.jpg","datePublished":"2025-06-10T08:22:19+00:00","dateModified":"2025-06-10T08:26:01+00:00","breadcrumb":{"@id":"https:\/\/airrent.ge\/az\/product\/sma-swimming-pool-dehumidifiers\/#breadcrumb"},"inLanguage":"az","potentialAction":[{"@type":"ReadAction","target":["https:\/\/airrent.ge\/az\/product\/sma-swimming-pool-dehumidifiers\/"]}]},{"@type":"ImageObject","inLanguage":"az","@id":"https:\/\/airrent.ge\/az\/product\/sma-swimming-pool-dehumidifiers\/#primaryimage","url":"https:\/\/airrent.ge\/wp-content\/uploads\/2025\/06\/HMA.jpg","contentUrl":"https:\/\/airrent.ge\/wp-content\/uploads\/2025\/06\/HMA.jpg","width":1352,"height":1366},{"@type":"BreadcrumbList","@id":"https:\/\/airrent.ge\/az\/product\/sma-swimming-pool-dehumidifiers\/#breadcrumb","itemListElement":[{"@type":"ListItem","position":1,"name":"Home","item":"https:\/\/airrent.ge\/az\/home\/"},{"@type":"ListItem","position":2,"name":"M\u0259hsullar","item":"https:\/\/airrent.ge\/az\/products\/"},{"@type":"ListItem","position":3,"name":"SMA Hovuz n\u0259ml\u0259ndiricil\u0259ri"}]},{"@type":"WebSite","@id":"https:\/\/airrent.ge\/#website","url":"https:\/\/airrent.ge\/","name":"airrent.ge","description":"Rental Services","publisher":{"@id":"https:\/\/airrent.ge\/#organization"},"potentialAction":[{"@type":"SearchAction","target":{"@type":"EntryPoint","urlTemplate":"https:\/\/airrent.ge\/?s={search_term_string}"},"query-input":{"@type":"PropertyValueSpecification","valueRequired":true,"valueName":"search_term_string"}}],"inLanguage":"az"},{"@type":"Organization","@id":"https:\/\/airrent.ge\/#organization","name":"airrent.ge","url":"https:\/\/airrent.ge\/","logo":{"@type":"ImageObject","inLanguage":"az","@id":"https:\/\/airrent.ge\/#\/schema\/logo\/image\/","url":"https:\/\/airrent.ge\/wp-content\/uploads\/2026\/03\/airrent.png","contentUrl":"https:\/\/airrent.ge\/wp-content\/uploads\/2026\/03\/airrent.png","width":1536,"height":1024,"caption":"airrent.ge"},"image":{"@id":"https:\/\/airrent.ge\/#\/schema\/logo\/image\/"}}]}},"_links":{"self":[{"href":"https:\/\/airrent.ge\/az\/wp-json\/wp\/v2\/product\/35370","targetHints":{"allow":["GET"]}}],"collection":[{"href":"https:\/\/airrent.ge\/az\/wp-json\/wp\/v2\/product"}],"about":[{"href":"https:\/\/airrent.ge\/az\/wp-json\/wp\/v2\/types\/product"}],"wp:featuredmedia":[{"embeddable":true,"href":"https:\/\/airrent.ge\/az\/wp-json\/wp\/v2\/media\/35365"}],"wp:attachment":[{"href":"https:\/\/airrent.ge\/az\/wp-json\/wp\/v2\/media?parent=35370"}],"wp:term":[{"taxonomy":"product_brand","embeddable":true,"href":"https:\/\/airrent.ge\/az\/wp-json\/wp\/v2\/product_brand?post=35370"},{"taxonomy":"product_cat","embeddable":true,"href":"https:\/\/airrent.ge\/az\/wp-json\/wp\/v2\/product_cat?post=35370"},{"taxonomy":"product_tag","embeddable":true,"href":"https:\/\/airrent.ge\/az\/wp-json\/wp\/v2\/product_tag?post=35370"}],"curies":[{"name":"wp","href":"https:\/\/api.w.org\/{rel}","templated":true}]}}