{"id":35699,"date":"2025-06-12T21:40:20","date_gmt":"2025-06-12T17:40:20","guid":{"rendered":"https:\/\/airsystems.ge\/shop\/product\/yayt-underground-fuel-tank\/"},"modified":"2025-06-12T21:43:34","modified_gmt":"2025-06-12T17:43:34","slug":"yayt-underground-fuel-tank","status":"publish","type":"product","link":"https:\/\/airrent.ge\/az\/product\/yayt-underground-fuel-tank\/","title":{"rendered":"YAYT &#8211; Yeralt\u0131 Yanacaq Anbar\u0131"},"content":{"rendered":"<p>Yer\u00fcst\u00fc y\u00fckl\u0259r\u0259 g\u00f6r\u0259 \u00e7\u0259nl\u0259rin layih\u0259l\u0259ndirilm\u0259si imkan\u0131<br \/>\nMaterial: St37 qara t\u0259b\u0259q\u0259 metal material<br \/>\nStandartlar: TS-EN-12285-1 standart\u0131na uy\u011fundur<br \/>\nKaplama: Korroziyaya davaml\u0131 x\u00fcsusi \u00f6rt\u00fck<br \/>\nYeralt\u0131 T\u0259tbiq: Eni\u015f borular\u0131ndan g\u0259l\u0259n maye t\u0259bii \u00e7\u0259kisi il\u0259 \u00e7\u0259nl\u0259r\u0259 \u00f6t\u00fcr\u00fcl\u00fcr.<\/p>\n<p>T\u0259tbiq Sah\u0259l\u0259ri<br \/>\nYeralt\u0131 \u00e7\u0259nl\u0259rimiz t\u0259l\u0259b \u0259sas\u0131nda a\u015fa\u011f\u0131dak\u0131 sah\u0259l\u0259rd\u0259 d\u0259 istifad\u0259 oluna bil\u0259r:<\/p>\n<p>Yan\u011f\u0131n suyu \u00e7\u0259ni<br \/>\n\u0130\u00e7m\u0259li su \u00e7\u0259ni<br \/>\nKimy\u0259vi maye \u00e7\u0259ni<br \/>\nBa\u011f suvarma \u00e7\u0259ni<br \/>\nYanacaq \u00e7\u0259ni<br \/>\nYeralt\u0131 ya\u011f\u0131\u015f suyu y\u0131\u011fan \u00e7\u0259nl\u0259rimiz ist\u0259y\u0259 g\u00f6r\u0259 d\u0259yi\u015fdiril\u0259 v\u0259 m\u00fcxt\u0259lif m\u0259qs\u0259dl\u0259r \u00fc\u00e7\u00fcn uy\u011funla\u015fd\u0131r\u0131la bil\u0259r. B\u00fct\u00fcn ehtiyaclar v\u0259 \u015f\u0259rtl\u0259r \u00fc\u00e7\u00fcn etibarl\u0131 saxlama h\u0259lli t\u0259klif edirl\u0259r.<\/p>\n","protected":false},"excerpt":{"rendered":"<p>Bitum v\u0259 Epoksi \u00f6rt\u00fckl\u00fc, Oluklu, Yeralt\u0131 Yanacaq \u00c7\u0259nl\u0259ri<\/p>\n<p>Yeralt\u0131 saxlama \u00e7\u0259nl\u0259ri yanacaq v\u0259 ya\u011f\u0131\u015f suyunun saxlanmas\u0131 \u00fc\u00e7\u00fcn praktik, etibarl\u0131 v\u0259 davaml\u0131 bir h\u0259lldir. Bu \u00e7\u0259nl\u0259r x\u00fcsusi \u00fczl\u00fck materiallar\u0131 il\u0259 yeralt\u0131 m\u00fcmk\u00fcn z\u0259d\u0259l\u0259rd\u0259n qorunur v\u0259 korroziyaya davaml\u0131 olaraq istehsal edilir.<\/p>\n","protected":false},"featured_media":35664,"template":"","meta":[],"product_brand":[],"product_cat":[1737,1761],"product_tag":[],"class_list":{"0":"post-35699","1":"product","2":"type-product","3":"status-publish","4":"has-post-thumbnail","6":"product_cat-snaye-buxar-qazani-qazanlar","7":"product_cat-yanacaq-cni-tanklar","9":"first","10":"instock","11":"shipping-taxable","12":"product-type-simple"},"yoast_head":"<!-- This site is optimized with the Yoast SEO plugin v27.1.1 - https:\/\/yoast.com\/product\/yoast-seo-wordpress\/ -->\n<title>YAYT - Yeralt\u0131 Yanacaq Anbar\u0131 - AirRent.ge<\/title>\n<meta name=\"robots\" content=\"index, follow, max-snippet:-1, max-image-preview:large, max-video-preview:-1\" \/>\n<link rel=\"canonical\" href=\"https:\/\/airrent.ge\/az\/product\/yayt-underground-fuel-tank\/\" \/>\n<meta property=\"og:locale\" content=\"az_AZ\" \/>\n<meta property=\"og:type\" content=\"article\" \/>\n<meta property=\"og:title\" content=\"YAYT - Yeralt\u0131 Yanacaq Anbar\u0131 - AirRent.ge\" \/>\n<meta property=\"og:description\" content=\"Bitum v\u0259 Epoksi \u00f6rt\u00fckl\u00fc, Oluklu, Yeralt\u0131 Yanacaq \u00c7\u0259nl\u0259ri  Yeralt\u0131 saxlama \u00e7\u0259nl\u0259ri yanacaq v\u0259 ya\u011f\u0131\u015f suyunun saxlanmas\u0131 \u00fc\u00e7\u00fcn praktik, etibarl\u0131 v\u0259 davaml\u0131 bir h\u0259lldir. Bu \u00e7\u0259nl\u0259r x\u00fcsusi \u00fczl\u00fck materiallar\u0131 il\u0259 yeralt\u0131 m\u00fcmk\u00fcn z\u0259d\u0259l\u0259rd\u0259n qorunur v\u0259 korroziyaya davaml\u0131 olaraq istehsal edilir.\" \/>\n<meta property=\"og:url\" content=\"https:\/\/airrent.ge\/az\/product\/yayt-underground-fuel-tank\/\" \/>\n<meta property=\"og:site_name\" content=\"AirRent.ge\" \/>\n<meta property=\"article:modified_time\" content=\"2025-06-12T17:43:34+00:00\" \/>\n<meta property=\"og:image\" content=\"https:\/\/airrent.ge\/wp-content\/uploads\/2025\/06\/yakit-tanki2918.png\" \/>\n\t<meta property=\"og:image:width\" content=\"800\" \/>\n\t<meta property=\"og:image:height\" content=\"533\" \/>\n\t<meta property=\"og:image:type\" content=\"image\/png\" \/>\n<meta name=\"twitter:card\" content=\"summary_large_image\" \/>\n<meta name=\"twitter:label1\" content=\"Est. reading time\" \/>\n\t<meta name=\"twitter:data1\" content=\"1 minute\" \/>\n<script type=\"application\/ld+json\" class=\"yoast-schema-graph\">{\"@context\":\"https:\/\/schema.org\",\"@graph\":[{\"@type\":\"WebPage\",\"@id\":\"https:\/\/airrent.ge\/az\/product\/yayt-underground-fuel-tank\/\",\"url\":\"https:\/\/airrent.ge\/az\/product\/yayt-underground-fuel-tank\/\",\"name\":\"YAYT - Yeralt\u0131 Yanacaq Anbar\u0131 - AirRent.ge\",\"isPartOf\":{\"@id\":\"https:\/\/airrent.ge\/#website\"},\"primaryImageOfPage\":{\"@id\":\"https:\/\/airrent.ge\/az\/product\/yayt-underground-fuel-tank\/#primaryimage\"},\"image\":{\"@id\":\"https:\/\/airrent.ge\/az\/product\/yayt-underground-fuel-tank\/#primaryimage\"},\"thumbnailUrl\":\"https:\/\/airrent.ge\/wp-content\/uploads\/2025\/06\/yakit-tanki2918.png\",\"datePublished\":\"2025-06-12T17:40:20+00:00\",\"dateModified\":\"2025-06-12T17:43:34+00:00\",\"breadcrumb\":{\"@id\":\"https:\/\/airrent.ge\/az\/product\/yayt-underground-fuel-tank\/#breadcrumb\"},\"inLanguage\":\"az\",\"potentialAction\":[{\"@type\":\"ReadAction\",\"target\":[\"https:\/\/airrent.ge\/az\/product\/yayt-underground-fuel-tank\/\"]}]},{\"@type\":\"ImageObject\",\"inLanguage\":\"az\",\"@id\":\"https:\/\/airrent.ge\/az\/product\/yayt-underground-fuel-tank\/#primaryimage\",\"url\":\"https:\/\/airrent.ge\/wp-content\/uploads\/2025\/06\/yakit-tanki2918.png\",\"contentUrl\":\"https:\/\/airrent.ge\/wp-content\/uploads\/2025\/06\/yakit-tanki2918.png\",\"width\":800,\"height\":533},{\"@type\":\"BreadcrumbList\",\"@id\":\"https:\/\/airrent.ge\/az\/product\/yayt-underground-fuel-tank\/#breadcrumb\",\"itemListElement\":[{\"@type\":\"ListItem\",\"position\":1,\"name\":\"Home\",\"item\":\"https:\/\/airrent.ge\/az\/home\/\"},{\"@type\":\"ListItem\",\"position\":2,\"name\":\"M\u0259hsullar\",\"item\":\"https:\/\/airrent.ge\/az\/products\/\"},{\"@type\":\"ListItem\",\"position\":3,\"name\":\"YAYT &#8211; Yeralt\u0131 Yanacaq Anbar\u0131\"}]},{\"@type\":\"WebSite\",\"@id\":\"https:\/\/airrent.ge\/#website\",\"url\":\"https:\/\/airrent.ge\/\",\"name\":\"airrent.ge\",\"description\":\"Rental Services\",\"publisher\":{\"@id\":\"https:\/\/airrent.ge\/#organization\"},\"potentialAction\":[{\"@type\":\"SearchAction\",\"target\":{\"@type\":\"EntryPoint\",\"urlTemplate\":\"https:\/\/airrent.ge\/?s={search_term_string}\"},\"query-input\":{\"@type\":\"PropertyValueSpecification\",\"valueRequired\":true,\"valueName\":\"search_term_string\"}}],\"inLanguage\":\"az\"},{\"@type\":\"Organization\",\"@id\":\"https:\/\/airrent.ge\/#organization\",\"name\":\"airrent.ge\",\"url\":\"https:\/\/airrent.ge\/\",\"logo\":{\"@type\":\"ImageObject\",\"inLanguage\":\"az\",\"@id\":\"https:\/\/airrent.ge\/#\/schema\/logo\/image\/\",\"url\":\"https:\/\/airrent.ge\/wp-content\/uploads\/2026\/03\/airrent.png\",\"contentUrl\":\"https:\/\/airrent.ge\/wp-content\/uploads\/2026\/03\/airrent.png\",\"width\":1536,\"height\":1024,\"caption\":\"airrent.ge\"},\"image\":{\"@id\":\"https:\/\/airrent.ge\/#\/schema\/logo\/image\/\"}}]}<\/script>\n<!-- \/ Yoast SEO plugin. -->","yoast_head_json":{"title":"YAYT - Yeralt\u0131 Yanacaq Anbar\u0131 - AirRent.ge","robots":{"index":"index","follow":"follow","max-snippet":"max-snippet:-1","max-image-preview":"max-image-preview:large","max-video-preview":"max-video-preview:-1"},"canonical":"https:\/\/airrent.ge\/az\/product\/yayt-underground-fuel-tank\/","og_locale":"az_AZ","og_type":"article","og_title":"YAYT - Yeralt\u0131 Yanacaq Anbar\u0131 - AirRent.ge","og_description":"Bitum v\u0259 Epoksi \u00f6rt\u00fckl\u00fc, Oluklu, Yeralt\u0131 Yanacaq \u00c7\u0259nl\u0259ri  Yeralt\u0131 saxlama \u00e7\u0259nl\u0259ri yanacaq v\u0259 ya\u011f\u0131\u015f suyunun saxlanmas\u0131 \u00fc\u00e7\u00fcn praktik, etibarl\u0131 v\u0259 davaml\u0131 bir h\u0259lldir. Bu \u00e7\u0259nl\u0259r x\u00fcsusi \u00fczl\u00fck materiallar\u0131 il\u0259 yeralt\u0131 m\u00fcmk\u00fcn z\u0259d\u0259l\u0259rd\u0259n qorunur v\u0259 korroziyaya davaml\u0131 olaraq istehsal edilir.","og_url":"https:\/\/airrent.ge\/az\/product\/yayt-underground-fuel-tank\/","og_site_name":"AirRent.ge","article_modified_time":"2025-06-12T17:43:34+00:00","og_image":[{"width":800,"height":533,"url":"https:\/\/airrent.ge\/wp-content\/uploads\/2025\/06\/yakit-tanki2918.png","type":"image\/png"}],"twitter_card":"summary_large_image","twitter_misc":{"Est. reading time":"1 minute"},"schema":{"@context":"https:\/\/schema.org","@graph":[{"@type":"WebPage","@id":"https:\/\/airrent.ge\/az\/product\/yayt-underground-fuel-tank\/","url":"https:\/\/airrent.ge\/az\/product\/yayt-underground-fuel-tank\/","name":"YAYT - Yeralt\u0131 Yanacaq Anbar\u0131 - AirRent.ge","isPartOf":{"@id":"https:\/\/airrent.ge\/#website"},"primaryImageOfPage":{"@id":"https:\/\/airrent.ge\/az\/product\/yayt-underground-fuel-tank\/#primaryimage"},"image":{"@id":"https:\/\/airrent.ge\/az\/product\/yayt-underground-fuel-tank\/#primaryimage"},"thumbnailUrl":"https:\/\/airrent.ge\/wp-content\/uploads\/2025\/06\/yakit-tanki2918.png","datePublished":"2025-06-12T17:40:20+00:00","dateModified":"2025-06-12T17:43:34+00:00","breadcrumb":{"@id":"https:\/\/airrent.ge\/az\/product\/yayt-underground-fuel-tank\/#breadcrumb"},"inLanguage":"az","potentialAction":[{"@type":"ReadAction","target":["https:\/\/airrent.ge\/az\/product\/yayt-underground-fuel-tank\/"]}]},{"@type":"ImageObject","inLanguage":"az","@id":"https:\/\/airrent.ge\/az\/product\/yayt-underground-fuel-tank\/#primaryimage","url":"https:\/\/airrent.ge\/wp-content\/uploads\/2025\/06\/yakit-tanki2918.png","contentUrl":"https:\/\/airrent.ge\/wp-content\/uploads\/2025\/06\/yakit-tanki2918.png","width":800,"height":533},{"@type":"BreadcrumbList","@id":"https:\/\/airrent.ge\/az\/product\/yayt-underground-fuel-tank\/#breadcrumb","itemListElement":[{"@type":"ListItem","position":1,"name":"Home","item":"https:\/\/airrent.ge\/az\/home\/"},{"@type":"ListItem","position":2,"name":"M\u0259hsullar","item":"https:\/\/airrent.ge\/az\/products\/"},{"@type":"ListItem","position":3,"name":"YAYT &#8211; Yeralt\u0131 Yanacaq Anbar\u0131"}]},{"@type":"WebSite","@id":"https:\/\/airrent.ge\/#website","url":"https:\/\/airrent.ge\/","name":"airrent.ge","description":"Rental Services","publisher":{"@id":"https:\/\/airrent.ge\/#organization"},"potentialAction":[{"@type":"SearchAction","target":{"@type":"EntryPoint","urlTemplate":"https:\/\/airrent.ge\/?s={search_term_string}"},"query-input":{"@type":"PropertyValueSpecification","valueRequired":true,"valueName":"search_term_string"}}],"inLanguage":"az"},{"@type":"Organization","@id":"https:\/\/airrent.ge\/#organization","name":"airrent.ge","url":"https:\/\/airrent.ge\/","logo":{"@type":"ImageObject","inLanguage":"az","@id":"https:\/\/airrent.ge\/#\/schema\/logo\/image\/","url":"https:\/\/airrent.ge\/wp-content\/uploads\/2026\/03\/airrent.png","contentUrl":"https:\/\/airrent.ge\/wp-content\/uploads\/2026\/03\/airrent.png","width":1536,"height":1024,"caption":"airrent.ge"},"image":{"@id":"https:\/\/airrent.ge\/#\/schema\/logo\/image\/"}}]}},"_links":{"self":[{"href":"https:\/\/airrent.ge\/az\/wp-json\/wp\/v2\/product\/35699","targetHints":{"allow":["GET"]}}],"collection":[{"href":"https:\/\/airrent.ge\/az\/wp-json\/wp\/v2\/product"}],"about":[{"href":"https:\/\/airrent.ge\/az\/wp-json\/wp\/v2\/types\/product"}],"wp:featuredmedia":[{"embeddable":true,"href":"https:\/\/airrent.ge\/az\/wp-json\/wp\/v2\/media\/35664"}],"wp:attachment":[{"href":"https:\/\/airrent.ge\/az\/wp-json\/wp\/v2\/media?parent=35699"}],"wp:term":[{"taxonomy":"product_brand","embeddable":true,"href":"https:\/\/airrent.ge\/az\/wp-json\/wp\/v2\/product_brand?post=35699"},{"taxonomy":"product_cat","embeddable":true,"href":"https:\/\/airrent.ge\/az\/wp-json\/wp\/v2\/product_cat?post=35699"},{"taxonomy":"product_tag","embeddable":true,"href":"https:\/\/airrent.ge\/az\/wp-json\/wp\/v2\/product_tag?post=35699"}],"curies":[{"name":"wp","href":"https:\/\/api.w.org\/{rel}","templated":true}]}}