{"id":35764,"date":"2025-06-14T13:14:16","date_gmt":"2025-06-14T09:14:16","guid":{"rendered":"https:\/\/airsystems.ge\/shop\/product\/ssk-scotch-type-hot-water-boiler\/"},"modified":"2025-06-14T13:25:13","modified_gmt":"2025-06-14T09:25:13","slug":"ssk-scotch-type-hot-water-boiler","status":"publish","type":"product","link":"https:\/\/airrent.ge\/az\/product\/ssk-scotch-type-hot-water-boiler\/","title":{"rendered":"SSK &#8211; \u015eotland tipli isti su qazan\u0131"},"content":{"rendered":"<p>T\u0259tbiq Sah\u0259l\u0259ri<br \/>\nB\u00f6y\u00fck Binalar<br \/>\nS\u0259naye Obyektl\u0259ri<br \/>\nOtell\u0259r<br \/>\nX\u0259st\u0259xanalar<br \/>\nTekstil fabrikl\u0259ri<br \/>\n\u0130stixana istiliyi,<br \/>\n\u015eotland tipli isti su qazanlar\u0131 y\u00fcks\u0259k enerji q\u0259na\u0259ti v\u0259 h\u0259r c\u00fcr isti su ehtiyac\u0131n\u0131 \u00f6d\u0259y\u0259 bil\u0259n \u00e7evik h\u0259ll\u0259r t\u0259min ed\u0259r\u0259k m\u00fc\u0259ssis\u0259l\u0259r\u0259 \u00fcst\u00fcn s\u0259m\u0259r\u0259lilik v\u0259 g\u00fccl\u00fc performans t\u0259klif edir.<\/p>\n","protected":false},"excerpt":{"rendered":"<p>Maye v\u0259 Qaz Yanacaql\u0131, \u00dc\u00e7 Ke\u00e7idli, Sko\u00e7 Tipli \u0130sti Su Qazan\u0131<\/p>\n<p>Y\u00fcks\u0259k S\u0259m\u0259r\u0259lilik: 90-93% s\u0259m\u0259r\u0259liliyi il\u0259 i\u015fl\u0259y\u0259n skotch tipli isti su qazanlar\u0131 yanacaq s\u0259rfiyyat\u0131n\u0131 minimuma endirir v\u0259 enerjiy\u0259 q\u0259na\u0259t edir.<br \/>\nNominal g\u00fcc: 93 kVt il\u0259 3,198 kVt aras\u0131nda d\u0259yi\u015f\u0259n g\u00fcc se\u00e7iml\u0259ri m\u00fcxt\u0259lif g\u00fcc ehtiyaclar\u0131 \u00fc\u00e7\u00fcn \u00e7evik h\u0259ll\u0259r t\u0259klif edir.<br \/>\n\u0130\u015fl\u0259m\u0259 t\u0259zyiqi: 3-10 bar<br \/>\nDavaml\u0131l\u0131q: Y\u00fcks\u0259k keyfiyy\u0259tli materiallar v\u0259 m\u00f6hk\u0259m istehsal prosesl\u0259ri il\u0259 uzun\u00f6m\u00fcrl\u00fcl\u00fck.<br \/>\nT\u0259hl\u00fck\u0259siz Dizayn: T\u0259hl\u00fck\u0259siz istifad\u0259ni t\u0259min etm\u0259k \u00fc\u00e7\u00fcn n\u0259z\u0259rd\u0259 tutulmu\u015fdur, Avropa \u0130ttifaq\u0131na v\u0259 yerli standartlara uy\u011fun istehsal edilmi\u015fdir.<br \/>\nA\u015fa\u011f\u0131 Emissiya: \u00dc\u00e7 ke\u00e7idli (Wet Back) dizayn say\u0259sind\u0259 a\u015fa\u011f\u0131 emissiya d\u0259y\u0259rl\u0259ri t\u0259klif edir, ekoloji c\u0259h\u0259td\u0259n t\u0259mizdir.<br \/>\nA\u015fa\u011f\u0131 Bax\u0131m X\u0259rcl\u0259ri: Sad\u0259 dizayn\u0131 say\u0259sind\u0259 t\u0259mir x\u0259rcl\u0259rini minimuma endirir.<br \/>\n\u00c7ox Yanacaq Uy\u011funlu\u011fu: T\u0259bii qaz v\u0259 mazut kimi m\u00fcxt\u0259lif maye v\u0259 qaz yanacaq n\u00f6vl\u0259ri il\u0259 i\u015fl\u0259y\u0259 bilir, elastiklik t\u0259min edir.<\/p>\n","protected":false},"featured_media":35747,"template":"","meta":[],"product_brand":[],"product_cat":[1742,1737],"product_tag":[],"class_list":{"0":"post-35764","1":"product","2":"type-product","3":"status-publish","4":"has-post-thumbnail","6":"product_cat-isti-su-qazani-qazanlar","7":"product_cat-snaye-buxar-qazani-qazanlar","9":"first","10":"instock","11":"shipping-taxable","12":"product-type-simple"},"yoast_head":"<!-- This site is optimized with the Yoast SEO plugin v27.1.1 - https:\/\/yoast.com\/product\/yoast-seo-wordpress\/ -->\n<title>SSK - \u015eotland tipli isti su qazan\u0131 - AirRent.ge<\/title>\n<meta name=\"robots\" content=\"index, follow, max-snippet:-1, max-image-preview:large, max-video-preview:-1\" \/>\n<link rel=\"canonical\" href=\"https:\/\/airrent.ge\/az\/product\/ssk-scotch-type-hot-water-boiler\/\" \/>\n<meta property=\"og:locale\" content=\"az_AZ\" \/>\n<meta property=\"og:type\" content=\"article\" \/>\n<meta property=\"og:title\" content=\"SSK - \u015eotland tipli isti su qazan\u0131 - AirRent.ge\" \/>\n<meta property=\"og:description\" content=\"Maye v\u0259 Qaz Yanacaql\u0131, \u00dc\u00e7 Ke\u00e7idli, Sko\u00e7 Tipli \u0130sti Su Qazan\u0131  Y\u00fcks\u0259k S\u0259m\u0259r\u0259lilik: 90-93% s\u0259m\u0259r\u0259liliyi il\u0259 i\u015fl\u0259y\u0259n skotch tipli isti su qazanlar\u0131 yanacaq s\u0259rfiyyat\u0131n\u0131 minimuma endirir v\u0259 enerjiy\u0259 q\u0259na\u0259t edir. Nominal g\u00fcc: 93 kVt il\u0259 3,198 kVt aras\u0131nda d\u0259yi\u015f\u0259n g\u00fcc se\u00e7iml\u0259ri m\u00fcxt\u0259lif g\u00fcc ehtiyaclar\u0131 \u00fc\u00e7\u00fcn \u00e7evik h\u0259ll\u0259r t\u0259klif edir. \u0130\u015fl\u0259m\u0259 t\u0259zyiqi: 3-10 bar Davaml\u0131l\u0131q: Y\u00fcks\u0259k keyfiyy\u0259tli materiallar v\u0259 m\u00f6hk\u0259m istehsal prosesl\u0259ri il\u0259 uzun\u00f6m\u00fcrl\u00fcl\u00fck. T\u0259hl\u00fck\u0259siz Dizayn: T\u0259hl\u00fck\u0259siz istifad\u0259ni t\u0259min etm\u0259k \u00fc\u00e7\u00fcn n\u0259z\u0259rd\u0259 tutulmu\u015fdur, Avropa \u0130ttifaq\u0131na v\u0259 yerli standartlara uy\u011fun istehsal edilmi\u015fdir. A\u015fa\u011f\u0131 Emissiya: \u00dc\u00e7 ke\u00e7idli (Wet Back) dizayn say\u0259sind\u0259 a\u015fa\u011f\u0131 emissiya d\u0259y\u0259rl\u0259ri t\u0259klif edir, ekoloji c\u0259h\u0259td\u0259n t\u0259mizdir. A\u015fa\u011f\u0131 Bax\u0131m X\u0259rcl\u0259ri: Sad\u0259 dizayn\u0131 say\u0259sind\u0259 t\u0259mir x\u0259rcl\u0259rini minimuma endirir. \u00c7ox Yanacaq Uy\u011funlu\u011fu: T\u0259bii qaz v\u0259 mazut kimi m\u00fcxt\u0259lif maye v\u0259 qaz yanacaq n\u00f6vl\u0259ri il\u0259 i\u015fl\u0259y\u0259 bilir, elastiklik t\u0259min edir.\" \/>\n<meta property=\"og:url\" content=\"https:\/\/airrent.ge\/az\/product\/ssk-scotch-type-hot-water-boiler\/\" \/>\n<meta property=\"og:site_name\" content=\"AirRent.ge\" \/>\n<meta property=\"article:modified_time\" content=\"2025-06-14T09:25:13+00:00\" \/>\n<meta property=\"og:image\" content=\"https:\/\/airrent.ge\/wp-content\/uploads\/2025\/06\/114714.jpg\" \/>\n\t<meta property=\"og:image:width\" content=\"800\" \/>\n\t<meta property=\"og:image:height\" content=\"533\" \/>\n\t<meta property=\"og:image:type\" content=\"image\/jpeg\" \/>\n<meta name=\"twitter:card\" content=\"summary_large_image\" \/>\n<script type=\"application\/ld+json\" class=\"yoast-schema-graph\">{\"@context\":\"https:\/\/schema.org\",\"@graph\":[{\"@type\":\"WebPage\",\"@id\":\"https:\/\/airrent.ge\/az\/product\/ssk-scotch-type-hot-water-boiler\/\",\"url\":\"https:\/\/airrent.ge\/az\/product\/ssk-scotch-type-hot-water-boiler\/\",\"name\":\"SSK - \u015eotland tipli isti su qazan\u0131 - AirRent.ge\",\"isPartOf\":{\"@id\":\"https:\/\/airrent.ge\/#website\"},\"primaryImageOfPage\":{\"@id\":\"https:\/\/airrent.ge\/az\/product\/ssk-scotch-type-hot-water-boiler\/#primaryimage\"},\"image\":{\"@id\":\"https:\/\/airrent.ge\/az\/product\/ssk-scotch-type-hot-water-boiler\/#primaryimage\"},\"thumbnailUrl\":\"https:\/\/airrent.ge\/wp-content\/uploads\/2025\/06\/114714.jpg\",\"datePublished\":\"2025-06-14T09:14:16+00:00\",\"dateModified\":\"2025-06-14T09:25:13+00:00\",\"breadcrumb\":{\"@id\":\"https:\/\/airrent.ge\/az\/product\/ssk-scotch-type-hot-water-boiler\/#breadcrumb\"},\"inLanguage\":\"az\",\"potentialAction\":[{\"@type\":\"ReadAction\",\"target\":[\"https:\/\/airrent.ge\/az\/product\/ssk-scotch-type-hot-water-boiler\/\"]}]},{\"@type\":\"ImageObject\",\"inLanguage\":\"az\",\"@id\":\"https:\/\/airrent.ge\/az\/product\/ssk-scotch-type-hot-water-boiler\/#primaryimage\",\"url\":\"https:\/\/airrent.ge\/wp-content\/uploads\/2025\/06\/114714.jpg\",\"contentUrl\":\"https:\/\/airrent.ge\/wp-content\/uploads\/2025\/06\/114714.jpg\",\"width\":800,\"height\":533},{\"@type\":\"BreadcrumbList\",\"@id\":\"https:\/\/airrent.ge\/az\/product\/ssk-scotch-type-hot-water-boiler\/#breadcrumb\",\"itemListElement\":[{\"@type\":\"ListItem\",\"position\":1,\"name\":\"Home\",\"item\":\"https:\/\/airrent.ge\/az\/home\/\"},{\"@type\":\"ListItem\",\"position\":2,\"name\":\"M\u0259hsullar\",\"item\":\"https:\/\/airrent.ge\/az\/products\/\"},{\"@type\":\"ListItem\",\"position\":3,\"name\":\"SSK &#8211; \u015eotland tipli isti su qazan\u0131\"}]},{\"@type\":\"WebSite\",\"@id\":\"https:\/\/airrent.ge\/#website\",\"url\":\"https:\/\/airrent.ge\/\",\"name\":\"airrent.ge\",\"description\":\"Rental Services\",\"publisher\":{\"@id\":\"https:\/\/airrent.ge\/#organization\"},\"potentialAction\":[{\"@type\":\"SearchAction\",\"target\":{\"@type\":\"EntryPoint\",\"urlTemplate\":\"https:\/\/airrent.ge\/?s={search_term_string}\"},\"query-input\":{\"@type\":\"PropertyValueSpecification\",\"valueRequired\":true,\"valueName\":\"search_term_string\"}}],\"inLanguage\":\"az\"},{\"@type\":\"Organization\",\"@id\":\"https:\/\/airrent.ge\/#organization\",\"name\":\"airrent.ge\",\"url\":\"https:\/\/airrent.ge\/\",\"logo\":{\"@type\":\"ImageObject\",\"inLanguage\":\"az\",\"@id\":\"https:\/\/airrent.ge\/#\/schema\/logo\/image\/\",\"url\":\"https:\/\/airrent.ge\/wp-content\/uploads\/2026\/03\/airrent.png\",\"contentUrl\":\"https:\/\/airrent.ge\/wp-content\/uploads\/2026\/03\/airrent.png\",\"width\":1536,\"height\":1024,\"caption\":\"airrent.ge\"},\"image\":{\"@id\":\"https:\/\/airrent.ge\/#\/schema\/logo\/image\/\"}}]}<\/script>\n<!-- \/ Yoast SEO plugin. -->","yoast_head_json":{"title":"SSK - \u015eotland tipli isti su qazan\u0131 - AirRent.ge","robots":{"index":"index","follow":"follow","max-snippet":"max-snippet:-1","max-image-preview":"max-image-preview:large","max-video-preview":"max-video-preview:-1"},"canonical":"https:\/\/airrent.ge\/az\/product\/ssk-scotch-type-hot-water-boiler\/","og_locale":"az_AZ","og_type":"article","og_title":"SSK - \u015eotland tipli isti su qazan\u0131 - AirRent.ge","og_description":"Maye v\u0259 Qaz Yanacaql\u0131, \u00dc\u00e7 Ke\u00e7idli, Sko\u00e7 Tipli \u0130sti Su Qazan\u0131  Y\u00fcks\u0259k S\u0259m\u0259r\u0259lilik: 90-93% s\u0259m\u0259r\u0259liliyi il\u0259 i\u015fl\u0259y\u0259n skotch tipli isti su qazanlar\u0131 yanacaq s\u0259rfiyyat\u0131n\u0131 minimuma endirir v\u0259 enerjiy\u0259 q\u0259na\u0259t edir. Nominal g\u00fcc: 93 kVt il\u0259 3,198 kVt aras\u0131nda d\u0259yi\u015f\u0259n g\u00fcc se\u00e7iml\u0259ri m\u00fcxt\u0259lif g\u00fcc ehtiyaclar\u0131 \u00fc\u00e7\u00fcn \u00e7evik h\u0259ll\u0259r t\u0259klif edir. \u0130\u015fl\u0259m\u0259 t\u0259zyiqi: 3-10 bar Davaml\u0131l\u0131q: Y\u00fcks\u0259k keyfiyy\u0259tli materiallar v\u0259 m\u00f6hk\u0259m istehsal prosesl\u0259ri il\u0259 uzun\u00f6m\u00fcrl\u00fcl\u00fck. T\u0259hl\u00fck\u0259siz Dizayn: T\u0259hl\u00fck\u0259siz istifad\u0259ni t\u0259min etm\u0259k \u00fc\u00e7\u00fcn n\u0259z\u0259rd\u0259 tutulmu\u015fdur, Avropa \u0130ttifaq\u0131na v\u0259 yerli standartlara uy\u011fun istehsal edilmi\u015fdir. A\u015fa\u011f\u0131 Emissiya: \u00dc\u00e7 ke\u00e7idli (Wet Back) dizayn say\u0259sind\u0259 a\u015fa\u011f\u0131 emissiya d\u0259y\u0259rl\u0259ri t\u0259klif edir, ekoloji c\u0259h\u0259td\u0259n t\u0259mizdir. A\u015fa\u011f\u0131 Bax\u0131m X\u0259rcl\u0259ri: Sad\u0259 dizayn\u0131 say\u0259sind\u0259 t\u0259mir x\u0259rcl\u0259rini minimuma endirir. \u00c7ox Yanacaq Uy\u011funlu\u011fu: T\u0259bii qaz v\u0259 mazut kimi m\u00fcxt\u0259lif maye v\u0259 qaz yanacaq n\u00f6vl\u0259ri il\u0259 i\u015fl\u0259y\u0259 bilir, elastiklik t\u0259min edir.","og_url":"https:\/\/airrent.ge\/az\/product\/ssk-scotch-type-hot-water-boiler\/","og_site_name":"AirRent.ge","article_modified_time":"2025-06-14T09:25:13+00:00","og_image":[{"width":800,"height":533,"url":"https:\/\/airrent.ge\/wp-content\/uploads\/2025\/06\/114714.jpg","type":"image\/jpeg"}],"twitter_card":"summary_large_image","schema":{"@context":"https:\/\/schema.org","@graph":[{"@type":"WebPage","@id":"https:\/\/airrent.ge\/az\/product\/ssk-scotch-type-hot-water-boiler\/","url":"https:\/\/airrent.ge\/az\/product\/ssk-scotch-type-hot-water-boiler\/","name":"SSK - \u015eotland tipli isti su qazan\u0131 - AirRent.ge","isPartOf":{"@id":"https:\/\/airrent.ge\/#website"},"primaryImageOfPage":{"@id":"https:\/\/airrent.ge\/az\/product\/ssk-scotch-type-hot-water-boiler\/#primaryimage"},"image":{"@id":"https:\/\/airrent.ge\/az\/product\/ssk-scotch-type-hot-water-boiler\/#primaryimage"},"thumbnailUrl":"https:\/\/airrent.ge\/wp-content\/uploads\/2025\/06\/114714.jpg","datePublished":"2025-06-14T09:14:16+00:00","dateModified":"2025-06-14T09:25:13+00:00","breadcrumb":{"@id":"https:\/\/airrent.ge\/az\/product\/ssk-scotch-type-hot-water-boiler\/#breadcrumb"},"inLanguage":"az","potentialAction":[{"@type":"ReadAction","target":["https:\/\/airrent.ge\/az\/product\/ssk-scotch-type-hot-water-boiler\/"]}]},{"@type":"ImageObject","inLanguage":"az","@id":"https:\/\/airrent.ge\/az\/product\/ssk-scotch-type-hot-water-boiler\/#primaryimage","url":"https:\/\/airrent.ge\/wp-content\/uploads\/2025\/06\/114714.jpg","contentUrl":"https:\/\/airrent.ge\/wp-content\/uploads\/2025\/06\/114714.jpg","width":800,"height":533},{"@type":"BreadcrumbList","@id":"https:\/\/airrent.ge\/az\/product\/ssk-scotch-type-hot-water-boiler\/#breadcrumb","itemListElement":[{"@type":"ListItem","position":1,"name":"Home","item":"https:\/\/airrent.ge\/az\/home\/"},{"@type":"ListItem","position":2,"name":"M\u0259hsullar","item":"https:\/\/airrent.ge\/az\/products\/"},{"@type":"ListItem","position":3,"name":"SSK &#8211; \u015eotland tipli isti su qazan\u0131"}]},{"@type":"WebSite","@id":"https:\/\/airrent.ge\/#website","url":"https:\/\/airrent.ge\/","name":"airrent.ge","description":"Rental Services","publisher":{"@id":"https:\/\/airrent.ge\/#organization"},"potentialAction":[{"@type":"SearchAction","target":{"@type":"EntryPoint","urlTemplate":"https:\/\/airrent.ge\/?s={search_term_string}"},"query-input":{"@type":"PropertyValueSpecification","valueRequired":true,"valueName":"search_term_string"}}],"inLanguage":"az"},{"@type":"Organization","@id":"https:\/\/airrent.ge\/#organization","name":"airrent.ge","url":"https:\/\/airrent.ge\/","logo":{"@type":"ImageObject","inLanguage":"az","@id":"https:\/\/airrent.ge\/#\/schema\/logo\/image\/","url":"https:\/\/airrent.ge\/wp-content\/uploads\/2026\/03\/airrent.png","contentUrl":"https:\/\/airrent.ge\/wp-content\/uploads\/2026\/03\/airrent.png","width":1536,"height":1024,"caption":"airrent.ge"},"image":{"@id":"https:\/\/airrent.ge\/#\/schema\/logo\/image\/"}}]}},"_links":{"self":[{"href":"https:\/\/airrent.ge\/az\/wp-json\/wp\/v2\/product\/35764","targetHints":{"allow":["GET"]}}],"collection":[{"href":"https:\/\/airrent.ge\/az\/wp-json\/wp\/v2\/product"}],"about":[{"href":"https:\/\/airrent.ge\/az\/wp-json\/wp\/v2\/types\/product"}],"wp:featuredmedia":[{"embeddable":true,"href":"https:\/\/airrent.ge\/az\/wp-json\/wp\/v2\/media\/35747"}],"wp:attachment":[{"href":"https:\/\/airrent.ge\/az\/wp-json\/wp\/v2\/media?parent=35764"}],"wp:term":[{"taxonomy":"product_brand","embeddable":true,"href":"https:\/\/airrent.ge\/az\/wp-json\/wp\/v2\/product_brand?post=35764"},{"taxonomy":"product_cat","embeddable":true,"href":"https:\/\/airrent.ge\/az\/wp-json\/wp\/v2\/product_cat?post=35764"},{"taxonomy":"product_tag","embeddable":true,"href":"https:\/\/airrent.ge\/az\/wp-json\/wp\/v2\/product_tag?post=35764"}],"curies":[{"name":"wp","href":"https:\/\/api.w.org\/{rel}","templated":true}]}}