{"id":35849,"date":"2025-06-14T14:10:55","date_gmt":"2025-06-14T10:10:55","guid":{"rendered":"https:\/\/airsystems.ge\/shop\/product\/sbk-scotch-steam-boiler\/"},"modified":"2025-06-14T14:19:08","modified_gmt":"2025-06-14T10:19:08","slug":"sbk-scotch-steam-boiler","status":"publish","type":"product","link":"https:\/\/airrent.ge\/az\/product\/sbk-scotch-steam-boiler\/","title":{"rendered":"SBK &#8211; SCOTCH Buxar Qazan\u0131"},"content":{"rendered":"<p>Mekanik Sistemler A.\u015e. ehtiyaclar\u0131n\u0131za uy\u011fun olaraq 100 kq\/saat il\u0259 15.000 kq\/saat aras\u0131nda buxar istehsal\u0131n\u0131 t\u0259min ed\u0259n buxar qazanlar\u0131 istehsal edir. Qazanlar m\u00fcxt\u0259lif yanacaq n\u00f6vl\u0259rin\u0259 uy\u011fundur v\u0259 3-10 bar aras\u0131nda \u00e7evik i\u015f t\u0259zyiqi il\u0259 geni\u015f t\u0259tbiq sah\u0259si t\u0259klif edir.<\/p>\n<p>S\u0259naye Prosesl\u0259ri<br \/>\nSterilizasiya<br \/>\nAvtoklav<br \/>\nTekstil Sektoru<br \/>\nX\u0259st\u0259xanalar<br \/>\nRezin sektoru<br \/>\nBetonun b\u0259rkidilm\u0259si<br \/>\nNeft emal\u0131 v\u0259 neft-kimya<br \/>\nQida Sektoru<\/p>\n","protected":false},"excerpt":{"rendered":"<p>SBK SCOTCH Buxar Qazan\u0131 &#8211; Maye v\u0259 Qaz Yanacaq, \u00dc\u00e7 Ke\u00e7idli, Buxar Qazan\u0131<\/p>\n<p>SBK-Three-Pass Buxar Qazan\u0131 m\u00fc\u0259ssis\u0259l\u0259rin buxar ehtiyaclar\u0131n\u0131 \u0259n y\u00fcks\u0259k s\u0259m\u0259r\u0259lilikl\u0259 qar\u015f\u0131lamaq \u00fc\u00e7\u00fcn n\u0259z\u0259rd\u0259 tutulmu\u015f m\u00f6hk\u0259m v\u0259 etibarl\u0131 bir h\u0259lldir. Sko\u00e7 tipli buxar qazanlar\u0131 y\u00fcks\u0259k performansl\u0131 strukturlar\u0131 il\u0259 enerjiy\u0259 q\u0259na\u0259t t\u0259min edir v\u0259 m\u00fc\u0259ssis\u0259l\u0259r\u0259 uzunm\u00fcdd\u0259tli x\u0259rc \u00fcst\u00fcnl\u00fckl\u0259ri t\u0259qdim edir. \u00dc\u00e7 ke\u00e7idli istilik \u00f6t\u00fcrm\u0259 sistemi say\u0259sind\u0259 maksimum s\u0259m\u0259r\u0259lilik \u0259ld\u0259 edilir. Maye, qaz v\u0259 b\u0259rk yanacaqlarla i\u015fl\u0259y\u0259 bil\u0259n bu qazanlar geni\u015f t\u0259tbiq sah\u0259l\u0259ri il\u0259 h\u0259r c\u00fcr s\u0259nayenin buxar ehtiyac\u0131n\u0131 qar\u015f\u0131lay\u0131r.<\/p>\n<p>100 kq\/saatdan 15 000 kq\/saata q\u0259d\u0259r<br \/>\n3-10 bar<br \/>\n90%-\u0259 q\u0259d\u0259r s\u0259m\u0259r\u0259lilik t\u0259min edir.<br \/>\n\u00dc\u00e7 ke\u00e7idli n\u0259m arxa dizayn<br \/>\n\u018ftraf m\u00fchit\u0259 uy\u011fun dizayn<br \/>\nY\u00fcks\u0259k enerji q\u0259na\u0259ti<br \/>\nUzun \u00f6m\u00fcr v\u0259 asan t\u0259mir<br \/>\nQabaqc\u0131l t\u0259hl\u00fck\u0259sizlik v\u0259 x\u00fcsusiyy\u0259tl\u0259r<br \/>\nB\u0259rk, maye v\u0259 qaz yanacaqlar\u0131 il\u0259 uy\u011funluq<br \/>\nBuxar kameras\u0131n\u0131n dizayn\u0131<\/p>\n","protected":false},"featured_media":35832,"template":"","meta":[],"product_brand":[],"product_cat":[1756,1737],"product_tag":[],"class_list":{"0":"post-35849","1":"product","2":"type-product","3":"status-publish","4":"has-post-thumbnail","6":"product_cat-buxar-qazanlari-qazan","7":"product_cat-snaye-buxar-qazani-qazanlar","9":"first","10":"instock","11":"shipping-taxable","12":"product-type-simple"},"yoast_head":"<!-- This site is optimized with the Yoast SEO plugin v27.1.1 - https:\/\/yoast.com\/product\/yoast-seo-wordpress\/ -->\n<title>SBK - SCOTCH Buxar Qazan\u0131 - AirRent.ge<\/title>\n<meta name=\"robots\" content=\"index, follow, max-snippet:-1, max-image-preview:large, max-video-preview:-1\" \/>\n<link rel=\"canonical\" href=\"https:\/\/airrent.ge\/az\/product\/sbk-scotch-steam-boiler\/\" \/>\n<meta property=\"og:locale\" content=\"az_AZ\" \/>\n<meta property=\"og:type\" content=\"article\" \/>\n<meta property=\"og:title\" content=\"SBK - SCOTCH Buxar Qazan\u0131 - AirRent.ge\" \/>\n<meta property=\"og:description\" content=\"SBK SCOTCH Buxar Qazan\u0131 - Maye v\u0259 Qaz Yanacaq, \u00dc\u00e7 Ke\u00e7idli, Buxar Qazan\u0131  SBK-Three-Pass Buxar Qazan\u0131 m\u00fc\u0259ssis\u0259l\u0259rin buxar ehtiyaclar\u0131n\u0131 \u0259n y\u00fcks\u0259k s\u0259m\u0259r\u0259lilikl\u0259 qar\u015f\u0131lamaq \u00fc\u00e7\u00fcn n\u0259z\u0259rd\u0259 tutulmu\u015f m\u00f6hk\u0259m v\u0259 etibarl\u0131 bir h\u0259lldir. Sko\u00e7 tipli buxar qazanlar\u0131 y\u00fcks\u0259k performansl\u0131 strukturlar\u0131 il\u0259 enerjiy\u0259 q\u0259na\u0259t t\u0259min edir v\u0259 m\u00fc\u0259ssis\u0259l\u0259r\u0259 uzunm\u00fcdd\u0259tli x\u0259rc \u00fcst\u00fcnl\u00fckl\u0259ri t\u0259qdim edir. \u00dc\u00e7 ke\u00e7idli istilik \u00f6t\u00fcrm\u0259 sistemi say\u0259sind\u0259 maksimum s\u0259m\u0259r\u0259lilik \u0259ld\u0259 edilir. Maye, qaz v\u0259 b\u0259rk yanacaqlarla i\u015fl\u0259y\u0259 bil\u0259n bu qazanlar geni\u015f t\u0259tbiq sah\u0259l\u0259ri il\u0259 h\u0259r c\u00fcr s\u0259nayenin buxar ehtiyac\u0131n\u0131 qar\u015f\u0131lay\u0131r.  100 kq\/saatdan 15 000 kq\/saata q\u0259d\u0259r 3-10 bar 90%-\u0259 q\u0259d\u0259r s\u0259m\u0259r\u0259lilik t\u0259min edir. \u00dc\u00e7 ke\u00e7idli n\u0259m arxa dizayn \u018ftraf m\u00fchit\u0259 uy\u011fun dizayn Y\u00fcks\u0259k enerji q\u0259na\u0259ti Uzun \u00f6m\u00fcr v\u0259 asan t\u0259mir Qabaqc\u0131l t\u0259hl\u00fck\u0259sizlik v\u0259 x\u00fcsusiyy\u0259tl\u0259r B\u0259rk, maye v\u0259 qaz yanacaqlar\u0131 il\u0259 uy\u011funluq Buxar kameras\u0131n\u0131n dizayn\u0131\" \/>\n<meta property=\"og:url\" content=\"https:\/\/airrent.ge\/az\/product\/sbk-scotch-steam-boiler\/\" \/>\n<meta property=\"og:site_name\" content=\"AirRent.ge\" \/>\n<meta property=\"article:modified_time\" content=\"2025-06-14T10:19:08+00:00\" \/>\n<meta property=\"og:image\" content=\"https:\/\/airrent.ge\/wp-content\/uploads\/2025\/06\/sbk-skoc5473.png\" \/>\n\t<meta property=\"og:image:width\" content=\"800\" \/>\n\t<meta property=\"og:image:height\" content=\"867\" \/>\n\t<meta property=\"og:image:type\" content=\"image\/png\" \/>\n<meta name=\"twitter:card\" content=\"summary_large_image\" \/>\n<script type=\"application\/ld+json\" class=\"yoast-schema-graph\">{\"@context\":\"https:\/\/schema.org\",\"@graph\":[{\"@type\":\"WebPage\",\"@id\":\"https:\/\/airrent.ge\/az\/product\/sbk-scotch-steam-boiler\/\",\"url\":\"https:\/\/airrent.ge\/az\/product\/sbk-scotch-steam-boiler\/\",\"name\":\"SBK - SCOTCH Buxar Qazan\u0131 - AirRent.ge\",\"isPartOf\":{\"@id\":\"https:\/\/airrent.ge\/#website\"},\"primaryImageOfPage\":{\"@id\":\"https:\/\/airrent.ge\/az\/product\/sbk-scotch-steam-boiler\/#primaryimage\"},\"image\":{\"@id\":\"https:\/\/airrent.ge\/az\/product\/sbk-scotch-steam-boiler\/#primaryimage\"},\"thumbnailUrl\":\"https:\/\/airrent.ge\/wp-content\/uploads\/2025\/06\/sbk-skoc5473.png\",\"datePublished\":\"2025-06-14T10:10:55+00:00\",\"dateModified\":\"2025-06-14T10:19:08+00:00\",\"breadcrumb\":{\"@id\":\"https:\/\/airrent.ge\/az\/product\/sbk-scotch-steam-boiler\/#breadcrumb\"},\"inLanguage\":\"az\",\"potentialAction\":[{\"@type\":\"ReadAction\",\"target\":[\"https:\/\/airrent.ge\/az\/product\/sbk-scotch-steam-boiler\/\"]}]},{\"@type\":\"ImageObject\",\"inLanguage\":\"az\",\"@id\":\"https:\/\/airrent.ge\/az\/product\/sbk-scotch-steam-boiler\/#primaryimage\",\"url\":\"https:\/\/airrent.ge\/wp-content\/uploads\/2025\/06\/sbk-skoc5473.png\",\"contentUrl\":\"https:\/\/airrent.ge\/wp-content\/uploads\/2025\/06\/sbk-skoc5473.png\",\"width\":800,\"height\":867},{\"@type\":\"BreadcrumbList\",\"@id\":\"https:\/\/airrent.ge\/az\/product\/sbk-scotch-steam-boiler\/#breadcrumb\",\"itemListElement\":[{\"@type\":\"ListItem\",\"position\":1,\"name\":\"Home\",\"item\":\"https:\/\/airrent.ge\/az\/home\/\"},{\"@type\":\"ListItem\",\"position\":2,\"name\":\"M\u0259hsullar\",\"item\":\"https:\/\/airrent.ge\/az\/products\/\"},{\"@type\":\"ListItem\",\"position\":3,\"name\":\"SBK &#8211; SCOTCH Buxar Qazan\u0131\"}]},{\"@type\":\"WebSite\",\"@id\":\"https:\/\/airrent.ge\/#website\",\"url\":\"https:\/\/airrent.ge\/\",\"name\":\"airrent.ge\",\"description\":\"Rental Services\",\"publisher\":{\"@id\":\"https:\/\/airrent.ge\/#organization\"},\"potentialAction\":[{\"@type\":\"SearchAction\",\"target\":{\"@type\":\"EntryPoint\",\"urlTemplate\":\"https:\/\/airrent.ge\/?s={search_term_string}\"},\"query-input\":{\"@type\":\"PropertyValueSpecification\",\"valueRequired\":true,\"valueName\":\"search_term_string\"}}],\"inLanguage\":\"az\"},{\"@type\":\"Organization\",\"@id\":\"https:\/\/airrent.ge\/#organization\",\"name\":\"airrent.ge\",\"url\":\"https:\/\/airrent.ge\/\",\"logo\":{\"@type\":\"ImageObject\",\"inLanguage\":\"az\",\"@id\":\"https:\/\/airrent.ge\/#\/schema\/logo\/image\/\",\"url\":\"https:\/\/airrent.ge\/wp-content\/uploads\/2026\/03\/airrent.png\",\"contentUrl\":\"https:\/\/airrent.ge\/wp-content\/uploads\/2026\/03\/airrent.png\",\"width\":1536,\"height\":1024,\"caption\":\"airrent.ge\"},\"image\":{\"@id\":\"https:\/\/airrent.ge\/#\/schema\/logo\/image\/\"}}]}<\/script>\n<!-- \/ Yoast SEO plugin. -->","yoast_head_json":{"title":"SBK - SCOTCH Buxar Qazan\u0131 - AirRent.ge","robots":{"index":"index","follow":"follow","max-snippet":"max-snippet:-1","max-image-preview":"max-image-preview:large","max-video-preview":"max-video-preview:-1"},"canonical":"https:\/\/airrent.ge\/az\/product\/sbk-scotch-steam-boiler\/","og_locale":"az_AZ","og_type":"article","og_title":"SBK - SCOTCH Buxar Qazan\u0131 - AirRent.ge","og_description":"SBK SCOTCH Buxar Qazan\u0131 - Maye v\u0259 Qaz Yanacaq, \u00dc\u00e7 Ke\u00e7idli, Buxar Qazan\u0131  SBK-Three-Pass Buxar Qazan\u0131 m\u00fc\u0259ssis\u0259l\u0259rin buxar ehtiyaclar\u0131n\u0131 \u0259n y\u00fcks\u0259k s\u0259m\u0259r\u0259lilikl\u0259 qar\u015f\u0131lamaq \u00fc\u00e7\u00fcn n\u0259z\u0259rd\u0259 tutulmu\u015f m\u00f6hk\u0259m v\u0259 etibarl\u0131 bir h\u0259lldir. Sko\u00e7 tipli buxar qazanlar\u0131 y\u00fcks\u0259k performansl\u0131 strukturlar\u0131 il\u0259 enerjiy\u0259 q\u0259na\u0259t t\u0259min edir v\u0259 m\u00fc\u0259ssis\u0259l\u0259r\u0259 uzunm\u00fcdd\u0259tli x\u0259rc \u00fcst\u00fcnl\u00fckl\u0259ri t\u0259qdim edir. \u00dc\u00e7 ke\u00e7idli istilik \u00f6t\u00fcrm\u0259 sistemi say\u0259sind\u0259 maksimum s\u0259m\u0259r\u0259lilik \u0259ld\u0259 edilir. Maye, qaz v\u0259 b\u0259rk yanacaqlarla i\u015fl\u0259y\u0259 bil\u0259n bu qazanlar geni\u015f t\u0259tbiq sah\u0259l\u0259ri il\u0259 h\u0259r c\u00fcr s\u0259nayenin buxar ehtiyac\u0131n\u0131 qar\u015f\u0131lay\u0131r.  100 kq\/saatdan 15 000 kq\/saata q\u0259d\u0259r 3-10 bar 90%-\u0259 q\u0259d\u0259r s\u0259m\u0259r\u0259lilik t\u0259min edir. \u00dc\u00e7 ke\u00e7idli n\u0259m arxa dizayn \u018ftraf m\u00fchit\u0259 uy\u011fun dizayn Y\u00fcks\u0259k enerji q\u0259na\u0259ti Uzun \u00f6m\u00fcr v\u0259 asan t\u0259mir Qabaqc\u0131l t\u0259hl\u00fck\u0259sizlik v\u0259 x\u00fcsusiyy\u0259tl\u0259r B\u0259rk, maye v\u0259 qaz yanacaqlar\u0131 il\u0259 uy\u011funluq Buxar kameras\u0131n\u0131n dizayn\u0131","og_url":"https:\/\/airrent.ge\/az\/product\/sbk-scotch-steam-boiler\/","og_site_name":"AirRent.ge","article_modified_time":"2025-06-14T10:19:08+00:00","og_image":[{"width":800,"height":867,"url":"https:\/\/airrent.ge\/wp-content\/uploads\/2025\/06\/sbk-skoc5473.png","type":"image\/png"}],"twitter_card":"summary_large_image","schema":{"@context":"https:\/\/schema.org","@graph":[{"@type":"WebPage","@id":"https:\/\/airrent.ge\/az\/product\/sbk-scotch-steam-boiler\/","url":"https:\/\/airrent.ge\/az\/product\/sbk-scotch-steam-boiler\/","name":"SBK - SCOTCH Buxar Qazan\u0131 - AirRent.ge","isPartOf":{"@id":"https:\/\/airrent.ge\/#website"},"primaryImageOfPage":{"@id":"https:\/\/airrent.ge\/az\/product\/sbk-scotch-steam-boiler\/#primaryimage"},"image":{"@id":"https:\/\/airrent.ge\/az\/product\/sbk-scotch-steam-boiler\/#primaryimage"},"thumbnailUrl":"https:\/\/airrent.ge\/wp-content\/uploads\/2025\/06\/sbk-skoc5473.png","datePublished":"2025-06-14T10:10:55+00:00","dateModified":"2025-06-14T10:19:08+00:00","breadcrumb":{"@id":"https:\/\/airrent.ge\/az\/product\/sbk-scotch-steam-boiler\/#breadcrumb"},"inLanguage":"az","potentialAction":[{"@type":"ReadAction","target":["https:\/\/airrent.ge\/az\/product\/sbk-scotch-steam-boiler\/"]}]},{"@type":"ImageObject","inLanguage":"az","@id":"https:\/\/airrent.ge\/az\/product\/sbk-scotch-steam-boiler\/#primaryimage","url":"https:\/\/airrent.ge\/wp-content\/uploads\/2025\/06\/sbk-skoc5473.png","contentUrl":"https:\/\/airrent.ge\/wp-content\/uploads\/2025\/06\/sbk-skoc5473.png","width":800,"height":867},{"@type":"BreadcrumbList","@id":"https:\/\/airrent.ge\/az\/product\/sbk-scotch-steam-boiler\/#breadcrumb","itemListElement":[{"@type":"ListItem","position":1,"name":"Home","item":"https:\/\/airrent.ge\/az\/home\/"},{"@type":"ListItem","position":2,"name":"M\u0259hsullar","item":"https:\/\/airrent.ge\/az\/products\/"},{"@type":"ListItem","position":3,"name":"SBK &#8211; SCOTCH Buxar Qazan\u0131"}]},{"@type":"WebSite","@id":"https:\/\/airrent.ge\/#website","url":"https:\/\/airrent.ge\/","name":"airrent.ge","description":"Rental Services","publisher":{"@id":"https:\/\/airrent.ge\/#organization"},"potentialAction":[{"@type":"SearchAction","target":{"@type":"EntryPoint","urlTemplate":"https:\/\/airrent.ge\/?s={search_term_string}"},"query-input":{"@type":"PropertyValueSpecification","valueRequired":true,"valueName":"search_term_string"}}],"inLanguage":"az"},{"@type":"Organization","@id":"https:\/\/airrent.ge\/#organization","name":"airrent.ge","url":"https:\/\/airrent.ge\/","logo":{"@type":"ImageObject","inLanguage":"az","@id":"https:\/\/airrent.ge\/#\/schema\/logo\/image\/","url":"https:\/\/airrent.ge\/wp-content\/uploads\/2026\/03\/airrent.png","contentUrl":"https:\/\/airrent.ge\/wp-content\/uploads\/2026\/03\/airrent.png","width":1536,"height":1024,"caption":"airrent.ge"},"image":{"@id":"https:\/\/airrent.ge\/#\/schema\/logo\/image\/"}}]}},"_links":{"self":[{"href":"https:\/\/airrent.ge\/az\/wp-json\/wp\/v2\/product\/35849","targetHints":{"allow":["GET"]}}],"collection":[{"href":"https:\/\/airrent.ge\/az\/wp-json\/wp\/v2\/product"}],"about":[{"href":"https:\/\/airrent.ge\/az\/wp-json\/wp\/v2\/types\/product"}],"wp:featuredmedia":[{"embeddable":true,"href":"https:\/\/airrent.ge\/az\/wp-json\/wp\/v2\/media\/35832"}],"wp:attachment":[{"href":"https:\/\/airrent.ge\/az\/wp-json\/wp\/v2\/media?parent=35849"}],"wp:term":[{"taxonomy":"product_brand","embeddable":true,"href":"https:\/\/airrent.ge\/az\/wp-json\/wp\/v2\/product_brand?post=35849"},{"taxonomy":"product_cat","embeddable":true,"href":"https:\/\/airrent.ge\/az\/wp-json\/wp\/v2\/product_cat?post=35849"},{"taxonomy":"product_tag","embeddable":true,"href":"https:\/\/airrent.ge\/az\/wp-json\/wp\/v2\/product_tag?post=35849"}],"curies":[{"name":"wp","href":"https:\/\/api.w.org\/{rel}","templated":true}]}}