{"id":36275,"date":"2025-09-03T18:20:04","date_gmt":"2025-09-03T14:20:04","guid":{"rendered":"https:\/\/airsystems.ge\/shop\/product\/fds-3g-rectangular-fire-dampers\/"},"modified":"2025-09-03T18:27:24","modified_gmt":"2025-09-03T14:27:24","slug":"fds-3g-rectangular-fire-dampers","status":"publish","type":"product","link":"https:\/\/airrent.ge\/az\/product\/fds-3g-rectangular-fire-dampers\/","title":{"rendered":"FDS-3G D\u00fczbucaql\u0131 Yan\u011f\u0131n Damperl\u0259ri"},"content":{"rendered":"<div class=\"mb-400 gtm-product-section container-fluid\" data-gtm-name=\"Benefits\" data-gtm-label=\"Benefits (en)\" data-gtm-vis-first-on-screen53434917_103=\"1823\" data-gtm-vis-total-visible-time53434917_103=\"1500\" data-gtm-vis-recent-on-screen53434917_103=\"13009\" data-gtm-vis-has-fired53434917_103=\"1\">\n<div class=\"row\">\n<div class=\"content-element content-element-product-benefit col-12 sm:col-6 mb-400\">\n<div class=\"bg-card px-300 py-250 mobile-nav:px-200 mobile-nav:py-150 h-full flex overflow-hidden card-border\">\n<div class=\"min-w-0\">\n<p>Modulyasiya edilmi\u015f aktuator<br \/>\nModulyasiya edilmi\u015f \u00f6t\u00fcr\u00fcc\u00fc sistemin balansla\u015fd\u0131r\u0131lmas\u0131 \u00fc\u00e7\u00fcn uy\u011fundur. B\u0131\u00e7a\u011f\u0131n ist\u0259diyiniz bucaqda a\u00e7\u0131lmas\u0131na imkan verir.<\/p>\n<p>&nbsp;<\/p>\n<p>Yoxlama a\u00e7\u0131l\u0131\u015flar\u0131<br \/>\n\u00d6l\u00e7\u00fcl\u0259ri 200&#215;200 mm-d\u0259n \u00e7ox olan b\u00fct\u00fcn FDS-3G d\u00fczbucaql\u0131 amortizatorlar iki yoxlama de\u015fiyi il\u0259 tamamlan\u0131r.<\/p>\n<p>&nbsp;<\/p>\n<p>FDS yan\u011f\u0131n damperl\u0259ri b\u00f6lm\u0259l\u0259rd\u0259n istifad\u0259 ed\u0259r\u0259k bir s\u0131ra qur\u011fularda passiv yan\u011f\u0131ndan m\u00fchafiz\u0259ni t\u0259min edir. Onlar z\u0259h\u0259rli qazlar\u0131n, t\u00fcst\u00fcn\u00fcn v\u0259 yan\u011f\u0131n\u0131n yay\u0131lmas\u0131n\u0131n qar\u015f\u0131s\u0131n\u0131 alma\u011fa k\u00f6m\u0259k edir v\u0259 binan\u0131n bo\u015fald\u0131lmas\u0131na daha \u00e7ox vaxt verir. Standart yan\u011f\u0131n damperl\u0259ri EN 15650-y\u0259 uy\u011fun dizayn edilmi\u015f v\u0259 sertifikatla\u015fd\u0131r\u0131lm\u0131\u015f v\u0259 EN 1366-2-y\u0259 uy\u011fun olaraq EIS meyarlar\u0131 \u00fc\u00e7\u00fcn s\u0131naqdan ke\u00e7irilmi\u015fdir. Yan\u011f\u0131n damperl\u0259ri yan\u011f\u0131na davaml\u0131l\u0131q d\u0259r\u0259c\u0259sinin ayr\u0131lmaz bir hiss\u0259sini t\u0259\u015fkil edir.<\/p>\n<p>B\u00fct\u00fcn FDS yan\u011f\u0131n damperl\u0259ri \u0259l mexanizmi v\u0259 ya \u00f6t\u00fcrm\u0259 mexanizmi il\u0259 t\u0259chiz edilir v\u0259 \u0259lav\u0259 t\u0259chizat v\u0259 rabit\u0259 qur\u011fusu m\u00f6vcuddur. Aktivl\u0259\u015fdirm\u0259 mexanizml\u0259ri h\u0259m \u00e7\u0131xar\u0131la, h\u0259m d\u0259 d\u0259yi\u015fdiril\u0259 bil\u0259r. \u00d6t\u00fcr\u00fcc\u00fc il\u0259 idar\u0259 olunan mexanizm \u0259l il\u0259 idar\u0259 olunan mexanizml\u0259 v\u0259 \u0259ksin\u0259 \u0259v\u0259z edil\u0259 bil\u0259r.<\/p>\n<p>FDS yan\u011f\u0131n damperl\u0259ri bir s\u0131ra parametrl\u0259rd\u0259 t\u0259hl\u00fck\u0259siz v\u0259 asan qura\u015fd\u0131rman\u0131 asanla\u015fd\u0131rmaq \u00fc\u00e7\u00fcn odadavaml\u0131 materiallardan haz\u0131rlanm\u0131\u015fd\u0131r. Bu diapazonda dig\u0259r \u00f6l\u00e7\u00fcl\u0259r m\u00f6vcuddur.<\/p>\n<p>&nbsp;<\/p>\n<p>Texniki x\u00fcsusiyy\u0259tl\u0259r<\/p>\n<\/div>\n<\/div>\n<\/div>\n<\/div>\n<\/div>\n<div class=\"mb-400 mt-700 relative container-fluid\">\n<div class=\"gtm-product-section\" data-gtm-name=\"Tech specs\" data-gtm-label=\"Tech specs\" data-offset=\"0\" data-gtm-vis-recent-on-screen53434917_103=\"14005\" data-gtm-vis-first-on-screen53434917_103=\"14006\" data-gtm-vis-total-visible-time53434917_103=\"1500\" data-gtm-vis-has-fired53434917_103=\"1\">\n<div class=\"row gap-y-150 mb-200 desktop-nav:mb-0 md ProductPageISSections_product-info-header___9p5M\">\n<div class=\" col-12 md:col-6 md:text-right print:hidden flex items-center justify-end mobile-nav:flex-col gap-050 \">\n<div class=\"whitespace-nowrap mobile-nav:w-full\"><button class=\"gtm-product-specsheet-link btn btn-secondary btn-small btn-icon-left xs-max:btn-block\">Download spec sheet<\/button><\/div>\n<\/div>\n<\/div>\n<\/div>\n<\/div>\n","protected":false},"excerpt":{"rendered":"<p>\u00c7oxlu qura\u015fd\u0131rma imkanlar\u0131 il\u0259 passiv yan\u011f\u0131ndan m\u00fchafiz\u0259 \u00fc\u00e7\u00fcn d\u00fczbucaql\u0131 yan\u011f\u0131n damperl\u0259ri<\/p>\n<p>Standart olaraq korpusun s\u0131zd\u0131rmazl\u0131q sinfi C<\/p>\n<p>D\u0259yi\u015f\u0259n mexanizm<\/p>\n<p>\u0130ki yoxlama a\u00e7\u0131l\u0131\u015f\u0131<\/p>\n<p>EI120S-\u0259 q\u0259d\u0259r qiym\u0259tl\u0259ndiril\u0259n qur\u011fular\u0131n b\u00f6y\u00fck \u00e7e\u015fidi<\/p>\n<p>Divarda v\u0259 xaricind\u0259 qur\u011fular<\/p>\n","protected":false},"featured_media":36270,"template":"","meta":[],"product_brand":[],"product_cat":[1792,1780,1774],"product_tag":[],"class_list":{"0":"post-36275","1":"product","2":"type-product","3":"status-publish","4":"has-post-thumbnail","6":"product_cat-duzbucaqli-yanginsondurnlr","7":"product_cat-yangin-damperlri","8":"product_cat-yangin-thluksizliyi","10":"first","11":"instock","12":"shipping-taxable","13":"product-type-simple"},"yoast_head":"<!-- This site is optimized with the Yoast SEO plugin v27.1.1 - https:\/\/yoast.com\/product\/yoast-seo-wordpress\/ -->\n<title>FDS-3G D\u00fczbucaql\u0131 Yan\u011f\u0131n Damperl\u0259ri - AirRent.ge<\/title>\n<meta name=\"robots\" content=\"index, follow, max-snippet:-1, max-image-preview:large, max-video-preview:-1\" \/>\n<link rel=\"canonical\" href=\"https:\/\/airrent.ge\/az\/product\/fds-3g-rectangular-fire-dampers\/\" \/>\n<meta property=\"og:locale\" content=\"az_AZ\" \/>\n<meta property=\"og:type\" content=\"article\" \/>\n<meta property=\"og:title\" content=\"FDS-3G D\u00fczbucaql\u0131 Yan\u011f\u0131n Damperl\u0259ri - AirRent.ge\" \/>\n<meta property=\"og:description\" content=\"\u00c7oxlu qura\u015fd\u0131rma imkanlar\u0131 il\u0259 passiv yan\u011f\u0131ndan m\u00fchafiz\u0259 \u00fc\u00e7\u00fcn d\u00fczbucaql\u0131 yan\u011f\u0131n damperl\u0259ri  Standart olaraq korpusun s\u0131zd\u0131rmazl\u0131q sinfi C  D\u0259yi\u015f\u0259n mexanizm  \u0130ki yoxlama a\u00e7\u0131l\u0131\u015f\u0131  EI120S-\u0259 q\u0259d\u0259r qiym\u0259tl\u0259ndiril\u0259n qur\u011fular\u0131n b\u00f6y\u00fck \u00e7e\u015fidi  Divarda v\u0259 xaricind\u0259 qur\u011fular\" \/>\n<meta property=\"og:url\" content=\"https:\/\/airrent.ge\/az\/product\/fds-3g-rectangular-fire-dampers\/\" \/>\n<meta property=\"og:site_name\" content=\"AirRent.ge\" \/>\n<meta property=\"article:modified_time\" content=\"2025-09-03T14:27:24+00:00\" \/>\n<meta property=\"og:image\" content=\"https:\/\/airrent.ge\/wp-content\/uploads\/2025\/09\/converted_COLLAGE_FDS-3G_HQ.png\" \/>\n\t<meta property=\"og:image:width\" content=\"384\" \/>\n\t<meta property=\"og:image:height\" content=\"288\" \/>\n\t<meta property=\"og:image:type\" content=\"image\/png\" \/>\n<meta name=\"twitter:card\" content=\"summary_large_image\" \/>\n<meta name=\"twitter:label1\" content=\"Est. reading time\" \/>\n\t<meta name=\"twitter:data1\" content=\"1 minute\" \/>\n<script type=\"application\/ld+json\" class=\"yoast-schema-graph\">{\"@context\":\"https:\/\/schema.org\",\"@graph\":[{\"@type\":\"WebPage\",\"@id\":\"https:\/\/airrent.ge\/az\/product\/fds-3g-rectangular-fire-dampers\/\",\"url\":\"https:\/\/airrent.ge\/az\/product\/fds-3g-rectangular-fire-dampers\/\",\"name\":\"FDS-3G D\u00fczbucaql\u0131 Yan\u011f\u0131n Damperl\u0259ri - AirRent.ge\",\"isPartOf\":{\"@id\":\"https:\/\/airrent.ge\/#website\"},\"primaryImageOfPage\":{\"@id\":\"https:\/\/airrent.ge\/az\/product\/fds-3g-rectangular-fire-dampers\/#primaryimage\"},\"image\":{\"@id\":\"https:\/\/airrent.ge\/az\/product\/fds-3g-rectangular-fire-dampers\/#primaryimage\"},\"thumbnailUrl\":\"https:\/\/airrent.ge\/wp-content\/uploads\/2025\/09\/converted_COLLAGE_FDS-3G_HQ.png\",\"datePublished\":\"2025-09-03T14:20:04+00:00\",\"dateModified\":\"2025-09-03T14:27:24+00:00\",\"breadcrumb\":{\"@id\":\"https:\/\/airrent.ge\/az\/product\/fds-3g-rectangular-fire-dampers\/#breadcrumb\"},\"inLanguage\":\"az\",\"potentialAction\":[{\"@type\":\"ReadAction\",\"target\":[\"https:\/\/airrent.ge\/az\/product\/fds-3g-rectangular-fire-dampers\/\"]}]},{\"@type\":\"ImageObject\",\"inLanguage\":\"az\",\"@id\":\"https:\/\/airrent.ge\/az\/product\/fds-3g-rectangular-fire-dampers\/#primaryimage\",\"url\":\"https:\/\/airrent.ge\/wp-content\/uploads\/2025\/09\/converted_COLLAGE_FDS-3G_HQ.png\",\"contentUrl\":\"https:\/\/airrent.ge\/wp-content\/uploads\/2025\/09\/converted_COLLAGE_FDS-3G_HQ.png\",\"width\":384,\"height\":288},{\"@type\":\"BreadcrumbList\",\"@id\":\"https:\/\/airrent.ge\/az\/product\/fds-3g-rectangular-fire-dampers\/#breadcrumb\",\"itemListElement\":[{\"@type\":\"ListItem\",\"position\":1,\"name\":\"Home\",\"item\":\"https:\/\/airrent.ge\/az\/home\/\"},{\"@type\":\"ListItem\",\"position\":2,\"name\":\"M\u0259hsullar\",\"item\":\"https:\/\/airrent.ge\/az\/products\/\"},{\"@type\":\"ListItem\",\"position\":3,\"name\":\"FDS-3G D\u00fczbucaql\u0131 Yan\u011f\u0131n Damperl\u0259ri\"}]},{\"@type\":\"WebSite\",\"@id\":\"https:\/\/airrent.ge\/#website\",\"url\":\"https:\/\/airrent.ge\/\",\"name\":\"airrent.ge\",\"description\":\"Rental Services\",\"publisher\":{\"@id\":\"https:\/\/airrent.ge\/#organization\"},\"potentialAction\":[{\"@type\":\"SearchAction\",\"target\":{\"@type\":\"EntryPoint\",\"urlTemplate\":\"https:\/\/airrent.ge\/?s={search_term_string}\"},\"query-input\":{\"@type\":\"PropertyValueSpecification\",\"valueRequired\":true,\"valueName\":\"search_term_string\"}}],\"inLanguage\":\"az\"},{\"@type\":\"Organization\",\"@id\":\"https:\/\/airrent.ge\/#organization\",\"name\":\"airrent.ge\",\"url\":\"https:\/\/airrent.ge\/\",\"logo\":{\"@type\":\"ImageObject\",\"inLanguage\":\"az\",\"@id\":\"https:\/\/airrent.ge\/#\/schema\/logo\/image\/\",\"url\":\"https:\/\/airrent.ge\/wp-content\/uploads\/2026\/03\/airrent.png\",\"contentUrl\":\"https:\/\/airrent.ge\/wp-content\/uploads\/2026\/03\/airrent.png\",\"width\":1536,\"height\":1024,\"caption\":\"airrent.ge\"},\"image\":{\"@id\":\"https:\/\/airrent.ge\/#\/schema\/logo\/image\/\"}}]}<\/script>\n<!-- \/ Yoast SEO plugin. -->","yoast_head_json":{"title":"FDS-3G D\u00fczbucaql\u0131 Yan\u011f\u0131n Damperl\u0259ri - AirRent.ge","robots":{"index":"index","follow":"follow","max-snippet":"max-snippet:-1","max-image-preview":"max-image-preview:large","max-video-preview":"max-video-preview:-1"},"canonical":"https:\/\/airrent.ge\/az\/product\/fds-3g-rectangular-fire-dampers\/","og_locale":"az_AZ","og_type":"article","og_title":"FDS-3G D\u00fczbucaql\u0131 Yan\u011f\u0131n Damperl\u0259ri - AirRent.ge","og_description":"\u00c7oxlu qura\u015fd\u0131rma imkanlar\u0131 il\u0259 passiv yan\u011f\u0131ndan m\u00fchafiz\u0259 \u00fc\u00e7\u00fcn d\u00fczbucaql\u0131 yan\u011f\u0131n damperl\u0259ri  Standart olaraq korpusun s\u0131zd\u0131rmazl\u0131q sinfi C  D\u0259yi\u015f\u0259n mexanizm  \u0130ki yoxlama a\u00e7\u0131l\u0131\u015f\u0131  EI120S-\u0259 q\u0259d\u0259r qiym\u0259tl\u0259ndiril\u0259n qur\u011fular\u0131n b\u00f6y\u00fck \u00e7e\u015fidi  Divarda v\u0259 xaricind\u0259 qur\u011fular","og_url":"https:\/\/airrent.ge\/az\/product\/fds-3g-rectangular-fire-dampers\/","og_site_name":"AirRent.ge","article_modified_time":"2025-09-03T14:27:24+00:00","og_image":[{"width":384,"height":288,"url":"https:\/\/airrent.ge\/wp-content\/uploads\/2025\/09\/converted_COLLAGE_FDS-3G_HQ.png","type":"image\/png"}],"twitter_card":"summary_large_image","twitter_misc":{"Est. reading time":"1 minute"},"schema":{"@context":"https:\/\/schema.org","@graph":[{"@type":"WebPage","@id":"https:\/\/airrent.ge\/az\/product\/fds-3g-rectangular-fire-dampers\/","url":"https:\/\/airrent.ge\/az\/product\/fds-3g-rectangular-fire-dampers\/","name":"FDS-3G D\u00fczbucaql\u0131 Yan\u011f\u0131n Damperl\u0259ri - AirRent.ge","isPartOf":{"@id":"https:\/\/airrent.ge\/#website"},"primaryImageOfPage":{"@id":"https:\/\/airrent.ge\/az\/product\/fds-3g-rectangular-fire-dampers\/#primaryimage"},"image":{"@id":"https:\/\/airrent.ge\/az\/product\/fds-3g-rectangular-fire-dampers\/#primaryimage"},"thumbnailUrl":"https:\/\/airrent.ge\/wp-content\/uploads\/2025\/09\/converted_COLLAGE_FDS-3G_HQ.png","datePublished":"2025-09-03T14:20:04+00:00","dateModified":"2025-09-03T14:27:24+00:00","breadcrumb":{"@id":"https:\/\/airrent.ge\/az\/product\/fds-3g-rectangular-fire-dampers\/#breadcrumb"},"inLanguage":"az","potentialAction":[{"@type":"ReadAction","target":["https:\/\/airrent.ge\/az\/product\/fds-3g-rectangular-fire-dampers\/"]}]},{"@type":"ImageObject","inLanguage":"az","@id":"https:\/\/airrent.ge\/az\/product\/fds-3g-rectangular-fire-dampers\/#primaryimage","url":"https:\/\/airrent.ge\/wp-content\/uploads\/2025\/09\/converted_COLLAGE_FDS-3G_HQ.png","contentUrl":"https:\/\/airrent.ge\/wp-content\/uploads\/2025\/09\/converted_COLLAGE_FDS-3G_HQ.png","width":384,"height":288},{"@type":"BreadcrumbList","@id":"https:\/\/airrent.ge\/az\/product\/fds-3g-rectangular-fire-dampers\/#breadcrumb","itemListElement":[{"@type":"ListItem","position":1,"name":"Home","item":"https:\/\/airrent.ge\/az\/home\/"},{"@type":"ListItem","position":2,"name":"M\u0259hsullar","item":"https:\/\/airrent.ge\/az\/products\/"},{"@type":"ListItem","position":3,"name":"FDS-3G D\u00fczbucaql\u0131 Yan\u011f\u0131n Damperl\u0259ri"}]},{"@type":"WebSite","@id":"https:\/\/airrent.ge\/#website","url":"https:\/\/airrent.ge\/","name":"airrent.ge","description":"Rental Services","publisher":{"@id":"https:\/\/airrent.ge\/#organization"},"potentialAction":[{"@type":"SearchAction","target":{"@type":"EntryPoint","urlTemplate":"https:\/\/airrent.ge\/?s={search_term_string}"},"query-input":{"@type":"PropertyValueSpecification","valueRequired":true,"valueName":"search_term_string"}}],"inLanguage":"az"},{"@type":"Organization","@id":"https:\/\/airrent.ge\/#organization","name":"airrent.ge","url":"https:\/\/airrent.ge\/","logo":{"@type":"ImageObject","inLanguage":"az","@id":"https:\/\/airrent.ge\/#\/schema\/logo\/image\/","url":"https:\/\/airrent.ge\/wp-content\/uploads\/2026\/03\/airrent.png","contentUrl":"https:\/\/airrent.ge\/wp-content\/uploads\/2026\/03\/airrent.png","width":1536,"height":1024,"caption":"airrent.ge"},"image":{"@id":"https:\/\/airrent.ge\/#\/schema\/logo\/image\/"}}]}},"_links":{"self":[{"href":"https:\/\/airrent.ge\/az\/wp-json\/wp\/v2\/product\/36275","targetHints":{"allow":["GET"]}}],"collection":[{"href":"https:\/\/airrent.ge\/az\/wp-json\/wp\/v2\/product"}],"about":[{"href":"https:\/\/airrent.ge\/az\/wp-json\/wp\/v2\/types\/product"}],"wp:featuredmedia":[{"embeddable":true,"href":"https:\/\/airrent.ge\/az\/wp-json\/wp\/v2\/media\/36270"}],"wp:attachment":[{"href":"https:\/\/airrent.ge\/az\/wp-json\/wp\/v2\/media?parent=36275"}],"wp:term":[{"taxonomy":"product_brand","embeddable":true,"href":"https:\/\/airrent.ge\/az\/wp-json\/wp\/v2\/product_brand?post=36275"},{"taxonomy":"product_cat","embeddable":true,"href":"https:\/\/airrent.ge\/az\/wp-json\/wp\/v2\/product_cat?post=36275"},{"taxonomy":"product_tag","embeddable":true,"href":"https:\/\/airrent.ge\/az\/wp-json\/wp\/v2\/product_tag?post=36275"}],"curies":[{"name":"wp","href":"https:\/\/api.w.org\/{rel}","templated":true}]}}