{"id":36333,"date":"2025-09-03T19:46:22","date_gmt":"2025-09-03T15:46:22","guid":{"rendered":"https:\/\/airsystems.ge\/shop\/product\/fdr-3g_ks-circular-fire-dampers\/"},"modified":"2025-09-03T19:52:12","modified_gmt":"2025-09-03T15:52:12","slug":"fdr-3g_ks-circular-fire-dampers","status":"publish","type":"product","link":"https:\/\/airrent.ge\/az\/product\/fdr-3g_ks-circular-fire-dampers\/","title":{"rendered":"FDR-3G_KS Dair\u0259vi Yan\u011f\u0131n Damperl\u0259ri"},"content":{"rendered":"<div class=\"mb-400 gtm-product-section container-fluid\" data-gtm-name=\"Benefits\" data-gtm-label=\"Benefits (en)\" data-gtm-vis-first-on-screen53434917_103=\"43764\" data-gtm-vis-total-visible-time53434917_103=\"1500\" data-gtm-vis-has-fired53434917_103=\"1\">\n<div class=\"row\">\n<div class=\"content-element content-element-product-benefit col-12 sm:col-6 mb-400\">\n<div class=\"bg-card px-300 py-250 mobile-nav:px-200 mobile-nav:py-150 h-full flex overflow-hidden card-border\">\n<div class=\"min-w-0\">\n<p><strong>G\u00f6zl\u0259nilm\u0259zl\u0259r \u00fc\u00e7\u00fcn n\u0259z\u0259rd\u0259 tutulmu\u015fdur<\/strong><br \/>\nTikinti sah\u0259sind\u0259 d\u0259yi\u015fiklikl\u0259r\u0259 haz\u0131r olan dizayn<\/p>\n<p>&nbsp;<\/p>\n<p><strong>\u0130cra ed\u0259n qura\u015fd\u0131rma<\/strong><br \/>\nEI60S, EI90S, EI120S \u00fc\u00e7\u00fcn qiym\u0259tl\u0259ndiril\u0259n yan\u011f\u0131n performans\u0131<\/p>\n<p>&nbsp;<\/p>\n<p><strong>Bir bax\u0131\u015fda yoxlama<\/strong><br \/>\nQura\u015fd\u0131r\u0131lm\u0131\u015f amortizatora s\u00fcr\u0259tli n\u0259z\u0259r salmaq siz\u0259 fikir verir<\/p>\n<p>Komplektl\u0259 t\u0259chiz edilmi\u015f FDR-3G&#8230;KS yan\u011f\u0131n damperl\u0259ri qura\u015fd\u0131rman\u0131n asan yolunu t\u0259msil edir. H\u0259l\u0259 passiv yan\u011f\u0131ndan m\u00fchafiz\u0259ni asanla\u015fd\u0131rmaq v\u0259 z\u0259h\u0259rli qazlar\u0131n, t\u00fcst\u00fcn\u00fcn v\u0259 yan\u011f\u0131n\u0131n yay\u0131lmas\u0131n\u0131n qar\u015f\u0131s\u0131n\u0131 almaqla b\u00f6lm\u0259l\u0259r\u0259 ay\u0131rma.<\/p>\n<p>Yan\u011f\u0131n damperl\u0259ri EN 15650-y\u0259 uy\u011fun olaraq Tikinti M\u0259hsullar\u0131 Qaydas\u0131na \u0259sas\u0259n CE sertifikat\u0131na malikdir. Damperl\u0259r EN 1366-2-y\u0259 uy\u011fun s\u0131naqdan ke\u00e7irilir v\u0259 EN 13501-3-\u0259 uy\u011fun olaraq t\u0259snif edilir. Yan\u011f\u0131n damperl\u0259ri onlar\u0131n T\u0259limat\u0131nda sadalanan v\u0259 t\u0259svir edil\u0259n qur\u011fular \u00fc\u00e7\u00fcn n\u0259z\u0259rd\u0259 tutulub.<\/p>\n<p>FDR-3G&#8230;KS yan\u011f\u0131n damperl\u0259ri standart olaraq ya t\u0259limatla, ya da \u00f6t\u00fcr\u00fcc\u00fc mexanizml\u0259 t\u0259chiz edilir. \u018flav\u0259 t\u0259chizat v\u0259 rabit\u0259 b\u00f6lm\u0259si d\u0259 m\u00f6vcuddur.<\/p>\n<p>Damper b\u0131\u00e7a\u011f\u0131n\u0131n a\u00e7\u0131lmas\u0131 v\u0259 ba\u011flanmas\u0131 \u00f6t\u00fcrm\u0259 mexanizml\u0259ri \u00fc\u00e7\u00fcn uzaqdan aktivl\u0259\u015fdiril\u0259 bil\u0259r. Kanalda hava 72 \u00b0C v\u0259 ya 74 \u00b0C-d\u0259n \u00e7ox olduqda yan\u011f\u0131n ba\u015f verdikd\u0259, istilik qoruyucu h\u0259m \u00f6t\u00fcr\u00fcc\u00fc, h\u0259m d\u0259 mexaniki versiyalarda \u0259riyir. Termal qoruyucunun \u0259rim\u0259si damper b\u0131\u00e7a\u011f\u0131n\u0131n avtomatik ba\u011flanmas\u0131n\u0131 aktivl\u0259\u015fdirir. Sonra damper b\u0131\u00e7a\u011f\u0131 qapal\u0131 v\u0259ziyy\u0259td\u0259 mexaniki olaraq kilidl\u0259nir.<\/p>\n<p>Yan\u011f\u0131n damperl\u0259ri sinkl\u0259nmi\u015f sacdan haz\u0131rlanm\u0131\u015f qoruyuculara malikdir. B\u0131\u00e7aqlar asbest olmayan izolyatorlardan haz\u0131rlan\u0131r v\u0259 soyuq t\u00fcst\u00fc \u00fc\u00e7\u00fcn rezin m\u00f6h\u00fcr\u0259 v\u0259 \u015fi\u015fkin m\u00f6h\u00fcr\u0259 malikdir. Yan\u011f\u0131n v\u0259ziyy\u0259tind\u0259 \u015fi\u015fkin m\u00f6h\u00fcr geni\u015fl\u0259nir.<\/p>\n<p>&nbsp;<\/p>\n<p><strong>S\u0259n\u0259dl\u0259\u015fdirm\u0259<\/strong><\/p>\n<\/div>\n<\/div>\n<\/div>\n<\/div>\n<\/div>\n<div class=\"mb-400 mt-700 relative container-fluid\">\n<div class=\"gtm-product-section\" data-gtm-name=\"Documentation\" data-gtm-label=\"Documentation\" data-offset=\"0\" data-gtm-vis-recent-on-screen53434917_103=\"48508\" data-gtm-vis-first-on-screen53434917_103=\"48508\" data-gtm-vis-total-visible-time53434917_103=\"1500\" data-gtm-vis-has-fired53434917_103=\"1\">\n<div class=\"row gap-y-150 mb-200 desktop-nav:mb-0 md ProductPageISSections_product-info-header___9p5M\">\n<div class=\" col-12 md:col-6 md:text-right print:hidden flex items-center justify-end mobile-nav:flex-col gap-050 \">\n<div class=\"\"><button class=\"gtm-product-specsheet-link btn btn-secondary btn-small btn-icon-left xs-max:btn-block\">Download spec sheet<\/button><\/div>\n<\/div>\n<\/div>\n<\/div>\n<\/div>\n","protected":false},"excerpt":{"rendered":"<p>Effektiv passiv yan\u011f\u0131ndan, t\u00fcst\u00fcd\u0259n v\u0259 qazdan m\u00fchafiz\u0259ni t\u0259min ed\u0259n s\u00fcr\u0259tli v\u0259 asan qura\u015fd\u0131rma<\/p>\n<p>Al\u00e7\u0131pan divar \u00fc\u00e7\u00fcn \u0259n yax\u015f\u0131 kvadrat d\u0259st<\/p>\n<p>Standart olaraq s\u0131zd\u0131rmazl\u0131q sinfi 3C<\/p>\n<p>A\u015fa\u011f\u0131 t\u0259zyiq d\u00fc\u015fm\u0259si<\/p>\n<p>Daxili yoxlama a\u00e7\u0131l\u0131\u015f\u0131<\/p>\n","protected":false},"featured_media":36327,"template":"","meta":[],"product_brand":[],"product_cat":[1793,1780,1774],"product_tag":[],"class_list":{"0":"post-36333","1":"product","2":"type-product","3":"status-publish","4":"has-post-thumbnail","6":"product_cat-dairvi-yanginsondurnlr","7":"product_cat-yangin-damperlri","8":"product_cat-yangin-thluksizliyi","10":"first","11":"instock","12":"shipping-taxable","13":"product-type-simple"},"yoast_head":"<!-- This site is optimized with the Yoast SEO plugin v27.1.1 - https:\/\/yoast.com\/product\/yoast-seo-wordpress\/ -->\n<title>FDR-3G_KS Dair\u0259vi Yan\u011f\u0131n Damperl\u0259ri - AirRent.ge<\/title>\n<meta name=\"robots\" content=\"index, follow, max-snippet:-1, max-image-preview:large, max-video-preview:-1\" \/>\n<link rel=\"canonical\" href=\"https:\/\/airrent.ge\/az\/product\/fdr-3g_ks-circular-fire-dampers\/\" \/>\n<meta property=\"og:locale\" content=\"az_AZ\" \/>\n<meta property=\"og:type\" content=\"article\" \/>\n<meta property=\"og:title\" content=\"FDR-3G_KS Dair\u0259vi Yan\u011f\u0131n Damperl\u0259ri - AirRent.ge\" \/>\n<meta property=\"og:description\" content=\"Effektiv passiv yan\u011f\u0131ndan, t\u00fcst\u00fcd\u0259n v\u0259 qazdan m\u00fchafiz\u0259ni t\u0259min ed\u0259n s\u00fcr\u0259tli v\u0259 asan qura\u015fd\u0131rma  Al\u00e7\u0131pan divar \u00fc\u00e7\u00fcn \u0259n yax\u015f\u0131 kvadrat d\u0259st  Standart olaraq s\u0131zd\u0131rmazl\u0131q sinfi 3C  A\u015fa\u011f\u0131 t\u0259zyiq d\u00fc\u015fm\u0259si  Daxili yoxlama a\u00e7\u0131l\u0131\u015f\u0131\" \/>\n<meta property=\"og:url\" content=\"https:\/\/airrent.ge\/az\/product\/fdr-3g_ks-circular-fire-dampers\/\" \/>\n<meta property=\"og:site_name\" content=\"AirRent.ge\" \/>\n<meta property=\"article:modified_time\" content=\"2025-09-03T15:52:12+00:00\" \/>\n<meta property=\"og:image\" content=\"https:\/\/airrent.ge\/wp-content\/uploads\/2025\/09\/converted_PRODUCT-MAIN-IMAGE_FDR_3G_KS.png\" \/>\n\t<meta property=\"og:image:width\" content=\"384\" \/>\n\t<meta property=\"og:image:height\" content=\"288\" \/>\n\t<meta property=\"og:image:type\" content=\"image\/png\" \/>\n<meta name=\"twitter:card\" content=\"summary_large_image\" \/>\n<meta name=\"twitter:label1\" content=\"Est. reading time\" \/>\n\t<meta name=\"twitter:data1\" content=\"2 minutes\" \/>\n<script type=\"application\/ld+json\" class=\"yoast-schema-graph\">{\"@context\":\"https:\/\/schema.org\",\"@graph\":[{\"@type\":\"WebPage\",\"@id\":\"https:\/\/airrent.ge\/az\/product\/fdr-3g_ks-circular-fire-dampers\/\",\"url\":\"https:\/\/airrent.ge\/az\/product\/fdr-3g_ks-circular-fire-dampers\/\",\"name\":\"FDR-3G_KS Dair\u0259vi Yan\u011f\u0131n Damperl\u0259ri - AirRent.ge\",\"isPartOf\":{\"@id\":\"https:\/\/airrent.ge\/#website\"},\"primaryImageOfPage\":{\"@id\":\"https:\/\/airrent.ge\/az\/product\/fdr-3g_ks-circular-fire-dampers\/#primaryimage\"},\"image\":{\"@id\":\"https:\/\/airrent.ge\/az\/product\/fdr-3g_ks-circular-fire-dampers\/#primaryimage\"},\"thumbnailUrl\":\"https:\/\/airrent.ge\/wp-content\/uploads\/2025\/09\/converted_PRODUCT-MAIN-IMAGE_FDR_3G_KS.png\",\"datePublished\":\"2025-09-03T15:46:22+00:00\",\"dateModified\":\"2025-09-03T15:52:12+00:00\",\"breadcrumb\":{\"@id\":\"https:\/\/airrent.ge\/az\/product\/fdr-3g_ks-circular-fire-dampers\/#breadcrumb\"},\"inLanguage\":\"az\",\"potentialAction\":[{\"@type\":\"ReadAction\",\"target\":[\"https:\/\/airrent.ge\/az\/product\/fdr-3g_ks-circular-fire-dampers\/\"]}]},{\"@type\":\"ImageObject\",\"inLanguage\":\"az\",\"@id\":\"https:\/\/airrent.ge\/az\/product\/fdr-3g_ks-circular-fire-dampers\/#primaryimage\",\"url\":\"https:\/\/airrent.ge\/wp-content\/uploads\/2025\/09\/converted_PRODUCT-MAIN-IMAGE_FDR_3G_KS.png\",\"contentUrl\":\"https:\/\/airrent.ge\/wp-content\/uploads\/2025\/09\/converted_PRODUCT-MAIN-IMAGE_FDR_3G_KS.png\",\"width\":384,\"height\":288},{\"@type\":\"BreadcrumbList\",\"@id\":\"https:\/\/airrent.ge\/az\/product\/fdr-3g_ks-circular-fire-dampers\/#breadcrumb\",\"itemListElement\":[{\"@type\":\"ListItem\",\"position\":1,\"name\":\"Home\",\"item\":\"https:\/\/airrent.ge\/az\/home\/\"},{\"@type\":\"ListItem\",\"position\":2,\"name\":\"M\u0259hsullar\",\"item\":\"https:\/\/airrent.ge\/az\/products\/\"},{\"@type\":\"ListItem\",\"position\":3,\"name\":\"FDR-3G_KS Dair\u0259vi Yan\u011f\u0131n Damperl\u0259ri\"}]},{\"@type\":\"WebSite\",\"@id\":\"https:\/\/airrent.ge\/#website\",\"url\":\"https:\/\/airrent.ge\/\",\"name\":\"airrent.ge\",\"description\":\"Rental Services\",\"publisher\":{\"@id\":\"https:\/\/airrent.ge\/#organization\"},\"potentialAction\":[{\"@type\":\"SearchAction\",\"target\":{\"@type\":\"EntryPoint\",\"urlTemplate\":\"https:\/\/airrent.ge\/?s={search_term_string}\"},\"query-input\":{\"@type\":\"PropertyValueSpecification\",\"valueRequired\":true,\"valueName\":\"search_term_string\"}}],\"inLanguage\":\"az\"},{\"@type\":\"Organization\",\"@id\":\"https:\/\/airrent.ge\/#organization\",\"name\":\"airrent.ge\",\"url\":\"https:\/\/airrent.ge\/\",\"logo\":{\"@type\":\"ImageObject\",\"inLanguage\":\"az\",\"@id\":\"https:\/\/airrent.ge\/#\/schema\/logo\/image\/\",\"url\":\"https:\/\/airrent.ge\/wp-content\/uploads\/2026\/03\/airrent.png\",\"contentUrl\":\"https:\/\/airrent.ge\/wp-content\/uploads\/2026\/03\/airrent.png\",\"width\":1536,\"height\":1024,\"caption\":\"airrent.ge\"},\"image\":{\"@id\":\"https:\/\/airrent.ge\/#\/schema\/logo\/image\/\"}}]}<\/script>\n<!-- \/ Yoast SEO plugin. -->","yoast_head_json":{"title":"FDR-3G_KS Dair\u0259vi Yan\u011f\u0131n Damperl\u0259ri - AirRent.ge","robots":{"index":"index","follow":"follow","max-snippet":"max-snippet:-1","max-image-preview":"max-image-preview:large","max-video-preview":"max-video-preview:-1"},"canonical":"https:\/\/airrent.ge\/az\/product\/fdr-3g_ks-circular-fire-dampers\/","og_locale":"az_AZ","og_type":"article","og_title":"FDR-3G_KS Dair\u0259vi Yan\u011f\u0131n Damperl\u0259ri - AirRent.ge","og_description":"Effektiv passiv yan\u011f\u0131ndan, t\u00fcst\u00fcd\u0259n v\u0259 qazdan m\u00fchafiz\u0259ni t\u0259min ed\u0259n s\u00fcr\u0259tli v\u0259 asan qura\u015fd\u0131rma  Al\u00e7\u0131pan divar \u00fc\u00e7\u00fcn \u0259n yax\u015f\u0131 kvadrat d\u0259st  Standart olaraq s\u0131zd\u0131rmazl\u0131q sinfi 3C  A\u015fa\u011f\u0131 t\u0259zyiq d\u00fc\u015fm\u0259si  Daxili yoxlama a\u00e7\u0131l\u0131\u015f\u0131","og_url":"https:\/\/airrent.ge\/az\/product\/fdr-3g_ks-circular-fire-dampers\/","og_site_name":"AirRent.ge","article_modified_time":"2025-09-03T15:52:12+00:00","og_image":[{"width":384,"height":288,"url":"https:\/\/airrent.ge\/wp-content\/uploads\/2025\/09\/converted_PRODUCT-MAIN-IMAGE_FDR_3G_KS.png","type":"image\/png"}],"twitter_card":"summary_large_image","twitter_misc":{"Est. reading time":"2 minutes"},"schema":{"@context":"https:\/\/schema.org","@graph":[{"@type":"WebPage","@id":"https:\/\/airrent.ge\/az\/product\/fdr-3g_ks-circular-fire-dampers\/","url":"https:\/\/airrent.ge\/az\/product\/fdr-3g_ks-circular-fire-dampers\/","name":"FDR-3G_KS Dair\u0259vi Yan\u011f\u0131n Damperl\u0259ri - AirRent.ge","isPartOf":{"@id":"https:\/\/airrent.ge\/#website"},"primaryImageOfPage":{"@id":"https:\/\/airrent.ge\/az\/product\/fdr-3g_ks-circular-fire-dampers\/#primaryimage"},"image":{"@id":"https:\/\/airrent.ge\/az\/product\/fdr-3g_ks-circular-fire-dampers\/#primaryimage"},"thumbnailUrl":"https:\/\/airrent.ge\/wp-content\/uploads\/2025\/09\/converted_PRODUCT-MAIN-IMAGE_FDR_3G_KS.png","datePublished":"2025-09-03T15:46:22+00:00","dateModified":"2025-09-03T15:52:12+00:00","breadcrumb":{"@id":"https:\/\/airrent.ge\/az\/product\/fdr-3g_ks-circular-fire-dampers\/#breadcrumb"},"inLanguage":"az","potentialAction":[{"@type":"ReadAction","target":["https:\/\/airrent.ge\/az\/product\/fdr-3g_ks-circular-fire-dampers\/"]}]},{"@type":"ImageObject","inLanguage":"az","@id":"https:\/\/airrent.ge\/az\/product\/fdr-3g_ks-circular-fire-dampers\/#primaryimage","url":"https:\/\/airrent.ge\/wp-content\/uploads\/2025\/09\/converted_PRODUCT-MAIN-IMAGE_FDR_3G_KS.png","contentUrl":"https:\/\/airrent.ge\/wp-content\/uploads\/2025\/09\/converted_PRODUCT-MAIN-IMAGE_FDR_3G_KS.png","width":384,"height":288},{"@type":"BreadcrumbList","@id":"https:\/\/airrent.ge\/az\/product\/fdr-3g_ks-circular-fire-dampers\/#breadcrumb","itemListElement":[{"@type":"ListItem","position":1,"name":"Home","item":"https:\/\/airrent.ge\/az\/home\/"},{"@type":"ListItem","position":2,"name":"M\u0259hsullar","item":"https:\/\/airrent.ge\/az\/products\/"},{"@type":"ListItem","position":3,"name":"FDR-3G_KS Dair\u0259vi Yan\u011f\u0131n Damperl\u0259ri"}]},{"@type":"WebSite","@id":"https:\/\/airrent.ge\/#website","url":"https:\/\/airrent.ge\/","name":"airrent.ge","description":"Rental Services","publisher":{"@id":"https:\/\/airrent.ge\/#organization"},"potentialAction":[{"@type":"SearchAction","target":{"@type":"EntryPoint","urlTemplate":"https:\/\/airrent.ge\/?s={search_term_string}"},"query-input":{"@type":"PropertyValueSpecification","valueRequired":true,"valueName":"search_term_string"}}],"inLanguage":"az"},{"@type":"Organization","@id":"https:\/\/airrent.ge\/#organization","name":"airrent.ge","url":"https:\/\/airrent.ge\/","logo":{"@type":"ImageObject","inLanguage":"az","@id":"https:\/\/airrent.ge\/#\/schema\/logo\/image\/","url":"https:\/\/airrent.ge\/wp-content\/uploads\/2026\/03\/airrent.png","contentUrl":"https:\/\/airrent.ge\/wp-content\/uploads\/2026\/03\/airrent.png","width":1536,"height":1024,"caption":"airrent.ge"},"image":{"@id":"https:\/\/airrent.ge\/#\/schema\/logo\/image\/"}}]}},"_links":{"self":[{"href":"https:\/\/airrent.ge\/az\/wp-json\/wp\/v2\/product\/36333","targetHints":{"allow":["GET"]}}],"collection":[{"href":"https:\/\/airrent.ge\/az\/wp-json\/wp\/v2\/product"}],"about":[{"href":"https:\/\/airrent.ge\/az\/wp-json\/wp\/v2\/types\/product"}],"wp:featuredmedia":[{"embeddable":true,"href":"https:\/\/airrent.ge\/az\/wp-json\/wp\/v2\/media\/36327"}],"wp:attachment":[{"href":"https:\/\/airrent.ge\/az\/wp-json\/wp\/v2\/media?parent=36333"}],"wp:term":[{"taxonomy":"product_brand","embeddable":true,"href":"https:\/\/airrent.ge\/az\/wp-json\/wp\/v2\/product_brand?post=36333"},{"taxonomy":"product_cat","embeddable":true,"href":"https:\/\/airrent.ge\/az\/wp-json\/wp\/v2\/product_cat?post=36333"},{"taxonomy":"product_tag","embeddable":true,"href":"https:\/\/airrent.ge\/az\/wp-json\/wp\/v2\/product_tag?post=36333"}],"curies":[{"name":"wp","href":"https:\/\/api.w.org\/{rel}","templated":true}]}}