{"id":36796,"date":"2025-09-07T11:26:08","date_gmt":"2025-09-07T07:26:08","guid":{"rendered":"https:\/\/airsystems.ge\/shop\/product\/nova-rf-f-grilles-aluminium-air-extract-grille-with-a-filter-suitable-for-t-bar-ceiling-installations\/"},"modified":"2025-09-07T11:34:01","modified_gmt":"2025-09-07T07:34:01","slug":"nova-rf-f-grilles-aluminium-air-extract-grille-with-a-filter-suitable-for-t-bar-ceiling-installations","status":"publish","type":"product","link":"https:\/\/airrent.ge\/az\/product\/nova-rf-f-grilles-aluminium-air-extract-grille-with-a-filter-suitable-for-t-bar-ceiling-installations\/","title":{"rendered":"NOVA-RF-F Barmaql\u0131qlar T-bar tavan qur\u011fular\u0131 \u00fc\u00e7\u00fcn uy\u011fun filtrli al\u00fcminium hava \u00e7\u0131xaran barmaql\u0131q"},"content":{"rendered":"<div class=\"content-container content-container-page gtm-product-section\" data-gtm-name=\"Content\" data-gtm-label=\"Content (en)\" data-gtm-vis-first-on-screen53434917_103=\"1990\" data-gtm-vis-total-visible-time53434917_103=\"1500\" data-gtm-vis-has-fired53434917_103=\"1\">\n<div id=\"scroll-NOVA-RF-F-extraction-grille\" class=\"content-element content-element-text-image gtm-component-text-image container-fluid\">\n<div class=\"row flex-row-reverse justify-end\">\n<div class=\"md:offset-1 md:col-6 md:mr-auto sm-max:pt-200 md:pb-100 md:self-center\">\n<div class=\"flex flex-col text-flow first-heading\">\n<p><strong>NOVA-RF-F \u00e7\u0131xarma barmaql\u0131\u011f\u0131<\/strong><br \/>\nNOVA-RF-F, filtrl\u0259 t\u0259chiz edilmi\u015f s\u0259rt, davaml\u0131, lakin y\u00fcng\u00fcl havaland\u0131rma barmaql\u0131\u011f\u0131d\u0131r. M\u00fcxt\u0259lif \u00f6l\u00e7\u00fcl\u0259rd\u0259 m\u00f6vcud olan bu qur\u011fu ofisl\u0259r, ya\u015fay\u0131\u015f sah\u0259l\u0259ri v\u0259 ya otell\u0259r d\u0259 daxil olmaqla m\u00fcxt\u0259lif \u015f\u0259raitl\u0259rd\u0259 T-bar tavanlar\u0131nda asan qura\u015fd\u0131rma \u00fc\u00e7\u00fcn n\u0259z\u0259rd\u0259 tutulmu\u015fdur.<\/p>\n<p><strong>Havaland\u0131rma sisteml\u0259ri \u00fc\u00e7\u00fcn hava \u00e7\u0131xaran barmaql\u0131qlar<\/strong><br \/>\n\u018fsas\u0259n fan coill\u0259ri olan resirkulyasiya sisteml\u0259rind\u0259 havan\u0131n \u00e7\u0131xar\u0131lmas\u0131 \u00fc\u00e7\u00fcn n\u0259z\u0259rd\u0259 tutulmu\u015f barmaql\u0131q m\u00fcxt\u0259lif m\u00fchitl\u0259rd\u0259 effektiv ventilyasiya t\u0259klif edir. \u00c7\u0259r\u00e7iv\u0259, sabit b\u0131\u00e7aqlar, s\u00f6k\u00fcl\u0259 bil\u0259n mesh ekranl\u0131 tavan montaj \u00e7\u0259r\u00e7iv\u0259si v\u0259 65% sinifli qaba filtrl\u0259 qurulmu\u015f NOVA-RF-F m\u00f6hk\u0259m performans\u0131 t\u0259min edir. \u00c7\u0259r\u00e7iv\u0259 v\u0259 adapter sinkl\u0259nmi\u015f poladdan, b\u0131\u00e7aqlar is\u0259 anodla\u015fd\u0131r\u0131lm\u0131\u015f al\u00fcminium profill\u0259rd\u0259n haz\u0131rlan\u0131r.<\/p>\n<p>Estetik v\u0259 sad\u0259 dizayn\u0131 il\u0259 tamamlanan NOVA-RF-F-nin y\u00fcng\u00fcl al\u00fcminium konstruksiyas\u0131 \u0259traf m\u00fchitl\u0259 m\u00fck\u0259mm\u0259l birl\u0259\u015fir.<\/p>\n<p><strong>Qura\u015fd\u0131rmaq v\u0259 daxil olmaq asand\u0131r<\/strong><br \/>\nA\u015fa\u011f\u0131 m\u00fcqavim\u0259t v\u0259 y\u00fcks\u0259k hava ax\u0131n\u0131 tutumu il\u0259 barmaql\u0131\u011f\u0131n qura\u015fd\u0131r\u0131lmas\u0131 sad\u0259dir, filtrin t\u0259mizl\u0259nm\u0259si v\u0259 saxlanmas\u0131 \u00fc\u00e7\u00fcn al\u0259tl\u0259r t\u0259l\u0259b etm\u0259d\u0259n sabitliyi il\u0259 \u00f6y\u00fcn\u00fcr. Yay klipl\u0259ri \u00f6n barmaql\u0131\u011f\u0131 yerind\u0259 b\u0259rkid\u0259r\u0259k asan giri\u015f imkan\u0131 verir. Filtr, h\u0259m\u00e7inin qaba 65% sinfind\u0259, s\u0259m\u0259r\u0259li hava filtrasiyas\u0131n\u0131 asanla\u015fd\u0131r\u0131r.<\/p>\n<p><strong>Hava paylay\u0131c\u0131 m\u0259hsullar\u0131n geni\u015f \u00e7e\u015fidi<\/strong><br \/>\nSystemair m\u00fcxt\u0259lif ventilyasiya sisteml\u0259rinin t\u0259l\u0259bl\u0259rin\u0259 cavab verm\u0259k \u00fc\u00e7\u00fcn geni\u015f \u00e7e\u015fidd\u0259 hava paylay\u0131c\u0131 m\u0259hsullar v\u0259 barmaql\u0131q aksesuarlar\u0131 t\u0259klif edir.<\/p>\n<\/div>\n<\/div>\n<\/div>\n<\/div>\n<div id=\"scroll-PB-NOVA-FF\" class=\"content-element content-element-text-image gtm-component-text-image TextImage_text-image-extended__PHD6R TextImage_text-image-extended--color-default__S1W0X\">\n<div class=\"container-fluid\">\n<div class=\"row\">\n<div class=\"col-12\">\n<div class=\"TextImage_text-image-extended--bg__vXJy6\">\n<div class=\"row mx-0\">\n<div class=\"flex items-center col-4 pl-400 py-400\">\n<figure class=\"w-full flex flex-col\">\n<div class=\"TextImage_text-image-col-image-img-container__3Fpb_ flex flex-1 relative\"><img decoding=\"async\" id=\"\" class=\"object-center\" src=\"https:\/\/a.storyblok.com\/f\/108972\/4665x3865\/95a827cdac\/pb-nova-ff.png\/m\/1920x0\/filters:quality(80)\" sizes=\"(min-width: 768px) 70vw, 90vw\" srcset=\"https:\/\/a.storyblok.com\/f\/108972\/4665x3865\/95a827cdac\/pb-nova-ff.png\/m\/640x0\/filters:quality(80) 640w, https:\/\/a.storyblok.com\/f\/108972\/4665x3865\/95a827cdac\/pb-nova-ff.png\/m\/750x0\/filters:quality(80) 750w, https:\/\/a.storyblok.com\/f\/108972\/4665x3865\/95a827cdac\/pb-nova-ff.png\/m\/828x0\/filters:quality(80) 828w, https:\/\/a.storyblok.com\/f\/108972\/4665x3865\/95a827cdac\/pb-nova-ff.png\/m\/1080x0\/filters:quality(80) 1080w, https:\/\/a.storyblok.com\/f\/108972\/4665x3865\/95a827cdac\/pb-nova-ff.png\/m\/1200x0\/filters:quality(80) 1200w, https:\/\/a.storyblok.com\/f\/108972\/4665x3865\/95a827cdac\/pb-nova-ff.png\/m\/1920x0\/filters:quality(80) 1920w\" alt=\"\" data-nimg=\"responsive\" \/><\/div>\n<\/figure>\n<\/div>\n<div class=\"flex items-center col-6 offset-1\">\n<div class=\"py-400\">\n<div class=\"py-400 mb-100\">\n<div class=\"flex flex-col text-flow\">\n<h2 class=\"TextImage_text-image-headline__FwqZ7 whitespace-pre-line\">PB-NOVA-FF<\/h2>\n<div class=\"richtext-wrap reset-margin-last TextImage_text-image-text-wrap__B_mcT\">\n<p><strong>NOVA qura\u015fd\u0131r\u0131lm\u0131\u015f T-bar tavan \u00fc\u00e7\u00fcn plenum qutusu<\/strong><\/p>\n<p>PB-NOVA-FF hava t\u0259chizat\u0131 v\u0259 hava \u00e7\u0131xarmaq \u00fc\u00e7\u00fcn n\u0259z\u0259rd\u0259 tutulmu\u015f plenum qutusudur. M\u0259hsul b\u00fct\u00fcn barmaql\u0131qda havan\u0131n paylanmas\u0131n\u0131 balansla\u015fd\u0131rmaq \u00fc\u00e7\u00fcn n\u0259z\u0259rd\u0259 tutulub. O, h\u0259m\u00e7inin s\u0259sbo\u011fucu funksiyas\u0131n\u0131 yerin\u0259 yetirir v\u0259 radiator barmaql\u0131\u011f\u0131n\u0131 hava paylay\u0131c\u0131 sistem\u0259 qo\u015fur. M\u0259hsul tavanlarda dair\u0259vi kanallar\u0131n sonunda qura\u015fd\u0131r\u0131l\u0131r.<\/p>\n<p>PB-NOVA-FF sinkl\u0259nmi\u015f polad t\u0259b\u0259q\u0259d\u0259n haz\u0131rlan\u0131r. M\u0259hsul qutudan, barmaql\u0131qdan v\u0259 yan t\u0259r\u0259fd\u0259ki kanal birl\u0259\u015fm\u0259sind\u0259n ibar\u0259tdir.<\/p>\n<p>Sifari\u015finiz, t\u0259rziniz!<br \/>\nM\u0259hsulumuz sizin se\u00e7iml\u0259riniz\u0259 uy\u011funla\u015fd\u0131r\u0131la bil\u0259r v\u0259 estetik bax\u0131\u015f\u0131n\u0131za m\u00fck\u0259mm\u0259l uy\u011funla\u015fmaq \u00fc\u00e7\u00fcn onu ist\u0259nil\u0259n RAL kodu s\u0259thi il\u0259 sifari\u015f etm\u0259y\u0259 imkan verir.<\/p>\n<p>S\u0259n\u0259dl\u0259\u015fdirm\u0259<\/p>\n<\/div>\n<\/div>\n<\/div>\n<\/div>\n<\/div>\n<\/div>\n<\/div>\n<\/div>\n<\/div>\n<\/div>\n<\/div>\n<\/div>\n<div class=\"mb-400 mt-700 relative container-fluid\">\n<div class=\"gtm-product-section\" data-gtm-name=\"Documentation\" data-gtm-label=\"Documentation\" data-offset=\"0\" data-gtm-vis-first-on-screen53434917_103=\"4788\" data-gtm-vis-total-visible-time53434917_103=\"1500\" data-gtm-vis-has-fired53434917_103=\"1\">\n<div class=\"row gap-y-150 mb-200 desktop-nav:mb-0 md ProductPageISSections_product-info-header___9p5M\">\n<div class=\" col-12 md:col-6 md:text-right print:hidden flex items-center justify-end mobile-nav:flex-col gap-050 \">\n<div class=\"\"><button class=\"gtm-product-specsheet-link btn btn-secondary btn-small btn-icon-left xs-max:btn-block\">Download spec sheet<\/button><\/div>\n<\/div>\n<\/div>\n<\/div>\n<\/div>\n","protected":false},"excerpt":{"rendered":"<div>\n<p>T-bar tavan qur\u011fular\u0131 \u00fc\u00e7\u00fcn uy\u011fun filtrli al\u00fcminium hava \u00e7\u0131xaran barmaql\u0131q<\/p>\n<p>Hava t\u0259chizat\u0131 v\u0259 \u00e7\u0131xar\u0131lmas\u0131<\/p>\n<p>Asan filtr giri\u015fi<\/p>\n<p>Estetik dizayn<\/p>\n<p>Y\u00fcng\u00fcl<\/p>\n<\/div>\n<div><\/div>\n<div class=\"gtm-sku-info flex flex-col gap-y-050 text-label-tiny text-neutral-600\">\n<div class=\"flex flex-wrap items-baseline gap-x-100 gap-y-025\"><span class=\"gtm-article-name\">NOVA-RF-F<\/span><span class=\"whitespace-nowrap gtm-article-number text-base font-bold\">#AN-RFF<\/span><\/div>\n<\/div>\n","protected":false},"featured_media":36802,"template":"","meta":[],"product_brand":[],"product_cat":[1843,1847,1855],"product_tag":[],"class_list":{"0":"post-36796","1":"product","2":"type-product","3":"status-publish","4":"has-post-thumbnail","6":"product_cat-hava-paylayici-mhsullar","7":"product_cat-havalandirma-barmaqliqlari","8":"product_cat-nova-barmaqliqlari","10":"first","11":"instock","12":"shipping-taxable","13":"product-type-simple"},"yoast_head":"<!-- This site is optimized with the Yoast SEO plugin v27.1.1 - https:\/\/yoast.com\/product\/yoast-seo-wordpress\/ -->\n<title>NOVA-RF-F Barmaql\u0131qlar T-bar tavan qur\u011fular\u0131 \u00fc\u00e7\u00fcn uy\u011fun filtrli al\u00fcminium hava \u00e7\u0131xaran barmaql\u0131q - AirRent.ge<\/title>\n<meta name=\"robots\" content=\"index, follow, max-snippet:-1, max-image-preview:large, max-video-preview:-1\" \/>\n<link rel=\"canonical\" href=\"https:\/\/airrent.ge\/az\/product\/nova-rf-f-grilles-aluminium-air-extract-grille-with-a-filter-suitable-for-t-bar-ceiling-installations\/\" \/>\n<meta property=\"og:locale\" content=\"az_AZ\" \/>\n<meta property=\"og:type\" content=\"article\" \/>\n<meta property=\"og:title\" content=\"NOVA-RF-F Barmaql\u0131qlar T-bar tavan qur\u011fular\u0131 \u00fc\u00e7\u00fcn uy\u011fun filtrli al\u00fcminium hava \u00e7\u0131xaran barmaql\u0131q - AirRent.ge\" \/>\n<meta property=\"og:description\" content=\"T-bar tavan qur\u011fular\u0131 \u00fc\u00e7\u00fcn uy\u011fun filtrli al\u00fcminium hava \u00e7\u0131xaran barmaql\u0131q  Hava t\u0259chizat\u0131 v\u0259 \u00e7\u0131xar\u0131lmas\u0131  Asan filtr giri\u015fi  Estetik dizayn  Y\u00fcng\u00fcl     NOVA-RF-F#AN-RFF\" \/>\n<meta property=\"og:url\" content=\"https:\/\/airrent.ge\/az\/product\/nova-rf-f-grilles-aluminium-air-extract-grille-with-a-filter-suitable-for-t-bar-ceiling-installations\/\" \/>\n<meta property=\"og:site_name\" content=\"AirRent.ge\" \/>\n<meta property=\"article:modified_time\" content=\"2025-09-07T07:34:01+00:00\" \/>\n<meta property=\"og:image\" content=\"https:\/\/airrent.ge\/wp-content\/uploads\/2025\/09\/NOVA-RF-F_HQ.jpg\" \/>\n\t<meta property=\"og:image:width\" content=\"384\" \/>\n\t<meta property=\"og:image:height\" content=\"288\" \/>\n\t<meta property=\"og:image:type\" content=\"image\/jpeg\" \/>\n<meta name=\"twitter:card\" content=\"summary_large_image\" \/>\n<meta name=\"twitter:label1\" content=\"Est. reading time\" \/>\n\t<meta name=\"twitter:data1\" content=\"2 minutes\" \/>\n<script type=\"application\/ld+json\" class=\"yoast-schema-graph\">{\"@context\":\"https:\/\/schema.org\",\"@graph\":[{\"@type\":\"WebPage\",\"@id\":\"https:\/\/airrent.ge\/az\/product\/nova-rf-f-grilles-aluminium-air-extract-grille-with-a-filter-suitable-for-t-bar-ceiling-installations\/\",\"url\":\"https:\/\/airrent.ge\/az\/product\/nova-rf-f-grilles-aluminium-air-extract-grille-with-a-filter-suitable-for-t-bar-ceiling-installations\/\",\"name\":\"NOVA-RF-F Barmaql\u0131qlar T-bar tavan qur\u011fular\u0131 \u00fc\u00e7\u00fcn uy\u011fun filtrli al\u00fcminium hava \u00e7\u0131xaran barmaql\u0131q - AirRent.ge\",\"isPartOf\":{\"@id\":\"https:\/\/airrent.ge\/#website\"},\"primaryImageOfPage\":{\"@id\":\"https:\/\/airrent.ge\/az\/product\/nova-rf-f-grilles-aluminium-air-extract-grille-with-a-filter-suitable-for-t-bar-ceiling-installations\/#primaryimage\"},\"image\":{\"@id\":\"https:\/\/airrent.ge\/az\/product\/nova-rf-f-grilles-aluminium-air-extract-grille-with-a-filter-suitable-for-t-bar-ceiling-installations\/#primaryimage\"},\"thumbnailUrl\":\"https:\/\/airrent.ge\/wp-content\/uploads\/2025\/09\/NOVA-RF-F_HQ.jpg\",\"datePublished\":\"2025-09-07T07:26:08+00:00\",\"dateModified\":\"2025-09-07T07:34:01+00:00\",\"breadcrumb\":{\"@id\":\"https:\/\/airrent.ge\/az\/product\/nova-rf-f-grilles-aluminium-air-extract-grille-with-a-filter-suitable-for-t-bar-ceiling-installations\/#breadcrumb\"},\"inLanguage\":\"az\",\"potentialAction\":[{\"@type\":\"ReadAction\",\"target\":[\"https:\/\/airrent.ge\/az\/product\/nova-rf-f-grilles-aluminium-air-extract-grille-with-a-filter-suitable-for-t-bar-ceiling-installations\/\"]}]},{\"@type\":\"ImageObject\",\"inLanguage\":\"az\",\"@id\":\"https:\/\/airrent.ge\/az\/product\/nova-rf-f-grilles-aluminium-air-extract-grille-with-a-filter-suitable-for-t-bar-ceiling-installations\/#primaryimage\",\"url\":\"https:\/\/airrent.ge\/wp-content\/uploads\/2025\/09\/NOVA-RF-F_HQ.jpg\",\"contentUrl\":\"https:\/\/airrent.ge\/wp-content\/uploads\/2025\/09\/NOVA-RF-F_HQ.jpg\",\"width\":384,\"height\":288},{\"@type\":\"BreadcrumbList\",\"@id\":\"https:\/\/airrent.ge\/az\/product\/nova-rf-f-grilles-aluminium-air-extract-grille-with-a-filter-suitable-for-t-bar-ceiling-installations\/#breadcrumb\",\"itemListElement\":[{\"@type\":\"ListItem\",\"position\":1,\"name\":\"Home\",\"item\":\"https:\/\/airrent.ge\/az\/home\/\"},{\"@type\":\"ListItem\",\"position\":2,\"name\":\"M\u0259hsullar\",\"item\":\"https:\/\/airrent.ge\/az\/products\/\"},{\"@type\":\"ListItem\",\"position\":3,\"name\":\"NOVA-RF-F Barmaql\u0131qlar T-bar tavan qur\u011fular\u0131 \u00fc\u00e7\u00fcn uy\u011fun filtrli al\u00fcminium hava \u00e7\u0131xaran barmaql\u0131q\"}]},{\"@type\":\"WebSite\",\"@id\":\"https:\/\/airrent.ge\/#website\",\"url\":\"https:\/\/airrent.ge\/\",\"name\":\"airrent.ge\",\"description\":\"Rental Services\",\"publisher\":{\"@id\":\"https:\/\/airrent.ge\/#organization\"},\"potentialAction\":[{\"@type\":\"SearchAction\",\"target\":{\"@type\":\"EntryPoint\",\"urlTemplate\":\"https:\/\/airrent.ge\/?s={search_term_string}\"},\"query-input\":{\"@type\":\"PropertyValueSpecification\",\"valueRequired\":true,\"valueName\":\"search_term_string\"}}],\"inLanguage\":\"az\"},{\"@type\":\"Organization\",\"@id\":\"https:\/\/airrent.ge\/#organization\",\"name\":\"airrent.ge\",\"url\":\"https:\/\/airrent.ge\/\",\"logo\":{\"@type\":\"ImageObject\",\"inLanguage\":\"az\",\"@id\":\"https:\/\/airrent.ge\/#\/schema\/logo\/image\/\",\"url\":\"https:\/\/airrent.ge\/wp-content\/uploads\/2026\/03\/airrent.png\",\"contentUrl\":\"https:\/\/airrent.ge\/wp-content\/uploads\/2026\/03\/airrent.png\",\"width\":1536,\"height\":1024,\"caption\":\"airrent.ge\"},\"image\":{\"@id\":\"https:\/\/airrent.ge\/#\/schema\/logo\/image\/\"}}]}<\/script>\n<!-- \/ Yoast SEO plugin. -->","yoast_head_json":{"title":"NOVA-RF-F Barmaql\u0131qlar T-bar tavan qur\u011fular\u0131 \u00fc\u00e7\u00fcn uy\u011fun filtrli al\u00fcminium hava \u00e7\u0131xaran barmaql\u0131q - AirRent.ge","robots":{"index":"index","follow":"follow","max-snippet":"max-snippet:-1","max-image-preview":"max-image-preview:large","max-video-preview":"max-video-preview:-1"},"canonical":"https:\/\/airrent.ge\/az\/product\/nova-rf-f-grilles-aluminium-air-extract-grille-with-a-filter-suitable-for-t-bar-ceiling-installations\/","og_locale":"az_AZ","og_type":"article","og_title":"NOVA-RF-F Barmaql\u0131qlar T-bar tavan qur\u011fular\u0131 \u00fc\u00e7\u00fcn uy\u011fun filtrli al\u00fcminium hava \u00e7\u0131xaran barmaql\u0131q - AirRent.ge","og_description":"T-bar tavan qur\u011fular\u0131 \u00fc\u00e7\u00fcn uy\u011fun filtrli al\u00fcminium hava \u00e7\u0131xaran barmaql\u0131q  Hava t\u0259chizat\u0131 v\u0259 \u00e7\u0131xar\u0131lmas\u0131  Asan filtr giri\u015fi  Estetik dizayn  Y\u00fcng\u00fcl     NOVA-RF-F#AN-RFF","og_url":"https:\/\/airrent.ge\/az\/product\/nova-rf-f-grilles-aluminium-air-extract-grille-with-a-filter-suitable-for-t-bar-ceiling-installations\/","og_site_name":"AirRent.ge","article_modified_time":"2025-09-07T07:34:01+00:00","og_image":[{"width":384,"height":288,"url":"https:\/\/airrent.ge\/wp-content\/uploads\/2025\/09\/NOVA-RF-F_HQ.jpg","type":"image\/jpeg"}],"twitter_card":"summary_large_image","twitter_misc":{"Est. reading time":"2 minutes"},"schema":{"@context":"https:\/\/schema.org","@graph":[{"@type":"WebPage","@id":"https:\/\/airrent.ge\/az\/product\/nova-rf-f-grilles-aluminium-air-extract-grille-with-a-filter-suitable-for-t-bar-ceiling-installations\/","url":"https:\/\/airrent.ge\/az\/product\/nova-rf-f-grilles-aluminium-air-extract-grille-with-a-filter-suitable-for-t-bar-ceiling-installations\/","name":"NOVA-RF-F Barmaql\u0131qlar T-bar tavan qur\u011fular\u0131 \u00fc\u00e7\u00fcn uy\u011fun filtrli al\u00fcminium hava \u00e7\u0131xaran barmaql\u0131q - AirRent.ge","isPartOf":{"@id":"https:\/\/airrent.ge\/#website"},"primaryImageOfPage":{"@id":"https:\/\/airrent.ge\/az\/product\/nova-rf-f-grilles-aluminium-air-extract-grille-with-a-filter-suitable-for-t-bar-ceiling-installations\/#primaryimage"},"image":{"@id":"https:\/\/airrent.ge\/az\/product\/nova-rf-f-grilles-aluminium-air-extract-grille-with-a-filter-suitable-for-t-bar-ceiling-installations\/#primaryimage"},"thumbnailUrl":"https:\/\/airrent.ge\/wp-content\/uploads\/2025\/09\/NOVA-RF-F_HQ.jpg","datePublished":"2025-09-07T07:26:08+00:00","dateModified":"2025-09-07T07:34:01+00:00","breadcrumb":{"@id":"https:\/\/airrent.ge\/az\/product\/nova-rf-f-grilles-aluminium-air-extract-grille-with-a-filter-suitable-for-t-bar-ceiling-installations\/#breadcrumb"},"inLanguage":"az","potentialAction":[{"@type":"ReadAction","target":["https:\/\/airrent.ge\/az\/product\/nova-rf-f-grilles-aluminium-air-extract-grille-with-a-filter-suitable-for-t-bar-ceiling-installations\/"]}]},{"@type":"ImageObject","inLanguage":"az","@id":"https:\/\/airrent.ge\/az\/product\/nova-rf-f-grilles-aluminium-air-extract-grille-with-a-filter-suitable-for-t-bar-ceiling-installations\/#primaryimage","url":"https:\/\/airrent.ge\/wp-content\/uploads\/2025\/09\/NOVA-RF-F_HQ.jpg","contentUrl":"https:\/\/airrent.ge\/wp-content\/uploads\/2025\/09\/NOVA-RF-F_HQ.jpg","width":384,"height":288},{"@type":"BreadcrumbList","@id":"https:\/\/airrent.ge\/az\/product\/nova-rf-f-grilles-aluminium-air-extract-grille-with-a-filter-suitable-for-t-bar-ceiling-installations\/#breadcrumb","itemListElement":[{"@type":"ListItem","position":1,"name":"Home","item":"https:\/\/airrent.ge\/az\/home\/"},{"@type":"ListItem","position":2,"name":"M\u0259hsullar","item":"https:\/\/airrent.ge\/az\/products\/"},{"@type":"ListItem","position":3,"name":"NOVA-RF-F Barmaql\u0131qlar T-bar tavan qur\u011fular\u0131 \u00fc\u00e7\u00fcn uy\u011fun filtrli al\u00fcminium hava \u00e7\u0131xaran barmaql\u0131q"}]},{"@type":"WebSite","@id":"https:\/\/airrent.ge\/#website","url":"https:\/\/airrent.ge\/","name":"airrent.ge","description":"Rental Services","publisher":{"@id":"https:\/\/airrent.ge\/#organization"},"potentialAction":[{"@type":"SearchAction","target":{"@type":"EntryPoint","urlTemplate":"https:\/\/airrent.ge\/?s={search_term_string}"},"query-input":{"@type":"PropertyValueSpecification","valueRequired":true,"valueName":"search_term_string"}}],"inLanguage":"az"},{"@type":"Organization","@id":"https:\/\/airrent.ge\/#organization","name":"airrent.ge","url":"https:\/\/airrent.ge\/","logo":{"@type":"ImageObject","inLanguage":"az","@id":"https:\/\/airrent.ge\/#\/schema\/logo\/image\/","url":"https:\/\/airrent.ge\/wp-content\/uploads\/2026\/03\/airrent.png","contentUrl":"https:\/\/airrent.ge\/wp-content\/uploads\/2026\/03\/airrent.png","width":1536,"height":1024,"caption":"airrent.ge"},"image":{"@id":"https:\/\/airrent.ge\/#\/schema\/logo\/image\/"}}]}},"_links":{"self":[{"href":"https:\/\/airrent.ge\/az\/wp-json\/wp\/v2\/product\/36796","targetHints":{"allow":["GET"]}}],"collection":[{"href":"https:\/\/airrent.ge\/az\/wp-json\/wp\/v2\/product"}],"about":[{"href":"https:\/\/airrent.ge\/az\/wp-json\/wp\/v2\/types\/product"}],"wp:featuredmedia":[{"embeddable":true,"href":"https:\/\/airrent.ge\/az\/wp-json\/wp\/v2\/media\/36802"}],"wp:attachment":[{"href":"https:\/\/airrent.ge\/az\/wp-json\/wp\/v2\/media?parent=36796"}],"wp:term":[{"taxonomy":"product_brand","embeddable":true,"href":"https:\/\/airrent.ge\/az\/wp-json\/wp\/v2\/product_brand?post=36796"},{"taxonomy":"product_cat","embeddable":true,"href":"https:\/\/airrent.ge\/az\/wp-json\/wp\/v2\/product_cat?post=36796"},{"taxonomy":"product_tag","embeddable":true,"href":"https:\/\/airrent.ge\/az\/wp-json\/wp\/v2\/product_tag?post=36796"}],"curies":[{"name":"wp","href":"https:\/\/api.w.org\/{rel}","templated":true}]}}