{"id":37180,"date":"2025-09-07T15:25:42","date_gmt":"2025-09-07T11:25:42","guid":{"rendered":"https:\/\/airsystems.ge\/shop\/product\/nova-r1-damper-designed-for-nova-grilles\/"},"modified":"2025-09-07T15:35:41","modified_gmt":"2025-09-07T11:35:41","slug":"nova-r1-damper-designed-for-nova-grilles","status":"publish","type":"product","link":"https:\/\/airrent.ge\/az\/product\/nova-r1-damper-designed-for-nova-grilles\/","title":{"rendered":"NOVA-R1 NOVA barmaql\u0131qlar\u0131 \u00fc\u00e7\u00fcn n\u0259z\u0259rd\u0259 tutulmu\u015f amortizator"},"content":{"rendered":"<div class=\"mb-400 gtm-product-section container-fluid\" data-gtm-name=\"Benefits\" data-gtm-label=\"Benefits (en)\" data-gtm-vis-recent-on-screen53434917_103=\"192008\" data-gtm-vis-first-on-screen53434917_103=\"192008\" data-gtm-vis-total-visible-time53434917_103=\"1500\" data-gtm-vis-has-fired53434917_103=\"1\">\n<div class=\"row\">\n<div class=\"content-element content-element-product-benefit col-12 sm:col-6 mb-400\">\n<div class=\"bg-card px-300 py-250 mobile-nav:px-200 mobile-nav:py-150 h-full flex overflow-hidden card-border\">\n<div class=\"min-w-0\">\n<p><strong>Balansla\u015fd\u0131r\u0131lm\u0131\u015f Hava Paylanmas\u0131<\/strong><br \/>\nNOVA barmaql\u0131qlar\u0131 \u00fc\u00e7\u00fcn NOVA-R1 amortizatoru b\u00fct\u00fcn barmaql\u0131qda havan\u0131n paylanmas\u0131n\u0131 tarazla\u015fd\u0131rmaq \u00fc\u00e7\u00fcn n\u0259z\u0259rd\u0259 tutulmu\u015fdur.<\/p>\n<p>&nbsp;<\/p>\n<p><strong>T\u0259nziml\u0259yici t\u0259k\u0259r<\/strong><br \/>\nNOVA-R1 hava ax\u0131n\u0131 d\u0259yi\u015fdirm\u0259k \u00fc\u00e7\u00fcn istifad\u0259 edil\u0259n t\u0259nziml\u0259yici \u00e7arxdan ibar\u0259tdir.<\/p>\n<p>&nbsp;<\/p>\n<p><strong>M\u00f6hk\u0259m tikinti<\/strong><br \/>\nNOVA-R1 sinkl\u0259nmi\u015f polad t\u0259b\u0259q\u0259d\u0259n haz\u0131rlan\u0131r v\u0259 \u00e7\u0259r\u00e7iv\u0259d\u0259n, t\u0259nziml\u0259n\u0259n b\u0131\u00e7aqlardan v\u0259 t\u0259nziml\u0259yici \u00e7arxdan ibar\u0259tdir.<\/p>\n<p>&nbsp;<\/p>\n<p>NOVA-R1 NOVA barmaql\u0131qlar\u0131 il\u0259 istifad\u0259 \u00fc\u00e7\u00fcn n\u0259z\u0259rd\u0259 tutulmu\u015f damperdir. M\u0259hsul b\u00fct\u00fcn barmaql\u0131qda havan\u0131n paylanmas\u0131n\u0131 balansla\u015fd\u0131rmaq \u00fc\u00e7\u00fcn n\u0259z\u0259rd\u0259 tutulub. M\u0259hsul h\u0259m havan\u0131n t\u0259dar\u00fck\u00fc, h\u0259m d\u0259 havan\u0131n \u00e7\u0131xar\u0131lmas\u0131 \u00fc\u00e7\u00fcn n\u0259z\u0259rd\u0259 tutulub. Hava ax\u0131n\u0131n\u0131n istiqam\u0259ti t\u0259nziml\u0259yici \u00e7arxdan istifad\u0259 etm\u0259kl\u0259 d\u0259yi\u015fdirilir.<\/p>\n<p>NOVA-R1 sinkl\u0259nmi\u015f polad t\u0259b\u0259q\u0259d\u0259n haz\u0131rlan\u0131r v\u0259 \u00e7\u0259r\u00e7iv\u0259d\u0259n, t\u0259nziml\u0259n\u0259n b\u0131\u00e7aqlardan v\u0259 t\u0259nziml\u0259yici \u00e7arxdan ibar\u0259tdir. T\u0259nziml\u0259yici \u00e7arx d\u00fcz u\u00e7lu tornavida il\u0259 idar\u0259 olunur. B\u0131\u00e7aqlar bir-birin\u0259 zidd v\u0259 bir-birin\u0259 ba\u011fl\u0131d\u0131r. B\u0131\u00e7aqlar\u0131n buca\u011f\u0131 hava ax\u0131n\u0131na n\u0259zar\u0259t edir. M\u0259hsul he\u00e7 bir \u0259lav\u0259 s\u0259th i\u015fi olmadan t\u0259min edilir.<\/p>\n<\/div>\n<\/div>\n<\/div>\n<\/div>\n<\/div>\n","protected":false},"excerpt":{"rendered":"<div>\n<p>NOVA-R1<br \/>\nNOVA barmaql\u0131qlar\u0131 \u00fc\u00e7\u00fcn n\u0259z\u0259rd\u0259 tutulmu\u015f amortizator<\/p>\n<p>Hava t\u0259chizat\u0131 v\u0259 \u00e7\u0131xar\u0131lmas\u0131<\/p>\n<p>T\u0259nziml\u0259yici t\u0259k\u0259r<\/p>\n<p>Sinkl\u0259nmi\u015f polad t\u0259b\u0259q\u0259<\/p>\n<p>T\u0259nziml\u0259n\u0259n b\u0131\u00e7aqlar<\/p>\n<\/div>\n<div class=\"flex flex-col gap-200\">\n<div class=\"flex flex-col flex-wrap gap-100 md:flex-row md:items-center gtm-purchase-option\" data-gtm-name=\"length\" data-gtm-label=\"Length\">\n<p><label class=\"flex gap-050 md:w-700 leading-none hyphens-auto print:w-full print:max-w-2\/5 text-label-small\">Length<\/label><\/p>\n<div class=\"flex flex-1 flex-wrap gap-050\"><button class=\"select-btn select-btn-small select-btn-selected gtm-purchase-option-value\" type=\"button\" data-gtm-name=\"200\" data-gtm-label=\"200\">200<\/button><button class=\"select-btn select-btn-small select-btn-default gtm-purchase-option-value\" type=\"button\" data-gtm-name=\"225\" data-gtm-label=\"225\">225<\/button><button class=\"select-btn select-btn-small select-btn-default gtm-purchase-option-value\" type=\"button\" data-gtm-name=\"300\" data-gtm-label=\"300\">300<\/button><button class=\"select-btn select-btn-small select-btn-default gtm-purchase-option-value\" type=\"button\" data-gtm-name=\"325\" data-gtm-label=\"325\">325<\/button><button class=\"select-btn select-btn-small select-btn-default gtm-purchase-option-value\" type=\"button\" data-gtm-name=\"400\" data-gtm-label=\"400\">400<\/button><button class=\"select-btn select-btn-small select-btn-default gtm-purchase-option-value\" type=\"button\" data-gtm-name=\"425\" data-gtm-label=\"425\">425<\/button><button class=\"select-btn select-btn-small select-btn-default gtm-purchase-option-value\" type=\"button\" data-gtm-name=\"500\" data-gtm-label=\"500\">500<\/button><button class=\"select-btn select-btn-small select-btn-default gtm-purchase-option-value\" type=\"button\" data-gtm-name=\"525\" data-gtm-label=\"525\">525<\/button><button class=\"select-btn select-btn-small select-btn-default gtm-purchase-option-value\" type=\"button\" data-gtm-name=\"600\" data-gtm-label=\"600\">600<\/button><button class=\"select-btn select-btn-small select-btn-default gtm-purchase-option-value\" type=\"button\" data-gtm-name=\"625\" data-gtm-label=\"625\">625<\/button><button class=\"select-btn select-btn-small select-btn-default gtm-purchase-option-value\" type=\"button\" data-gtm-name=\"800\" data-gtm-label=\"800\">800<\/button><button class=\"select-btn select-btn-small select-btn-default gtm-purchase-option-value\" type=\"button\" data-gtm-name=\"825\" data-gtm-label=\"825\">825<\/button><button class=\"select-btn select-btn-small select-btn-default gtm-purchase-option-value\" type=\"button\" data-gtm-name=\"1000\" data-gtm-label=\"1000\">1000<\/button><button class=\"select-btn select-btn-small select-btn-default gtm-purchase-option-value\" type=\"button\" data-gtm-name=\"1025\" data-gtm-label=\"1025\">1025<\/button><button class=\"select-btn select-btn-small select-btn-default gtm-purchase-option-value\" type=\"button\" data-gtm-name=\"1200\" data-gtm-label=\"1200\">1200<\/button><button class=\"select-btn select-btn-small select-btn-default gtm-purchase-option-value\" type=\"button\" data-gtm-name=\"1225\" data-gtm-label=\"1225\">1225<\/button><\/div>\n<\/div>\n<div class=\"flex flex-col flex-wrap gap-100 md:flex-row md:items-center gtm-purchase-option\" data-gtm-name=\"height\" data-gtm-label=\"Height\">\n<p><label class=\"flex gap-050 md:w-700 leading-none hyphens-auto print:w-full print:max-w-2\/5 text-label-small\">Height<\/label><\/p>\n<div class=\"flex flex-1 flex-wrap gap-050\"><button class=\"select-btn select-btn-small select-btn-default select-btn-disabled gtm-purchase-option-value\" type=\"button\" data-gtm-name=\"75\" data-gtm-label=\"75\">75<\/button><button class=\"select-btn select-btn-small select-btn-selected gtm-purchase-option-value\" type=\"button\" data-gtm-name=\"100\" data-gtm-label=\"100\">100<\/button><button class=\"select-btn select-btn-small select-btn-default select-btn-disabled gtm-purchase-option-value\" type=\"button\" data-gtm-name=\"125\" data-gtm-label=\"125\">125<\/button><button class=\"select-btn select-btn-small select-btn-default gtm-purchase-option-value\" type=\"button\" data-gtm-name=\"150\" data-gtm-label=\"150\">150<\/button><button class=\"select-btn select-btn-small select-btn-default gtm-purchase-option-value\" type=\"button\" data-gtm-name=\"200\" data-gtm-label=\"200\">200<\/button><button class=\"select-btn select-btn-small select-btn-default select-btn-disabled gtm-purchase-option-value\" type=\"button\" data-gtm-name=\"225\" data-gtm-label=\"225\">225<\/button><button class=\"select-btn select-btn-small select-btn-default select-btn-disabled gtm-purchase-option-value\" type=\"button\" data-gtm-name=\"300\" data-gtm-label=\"300\">300<\/button><button class=\"select-btn select-btn-small select-btn-default select-btn-disabled gtm-purchase-option-value\" type=\"button\" data-gtm-name=\"325\" data-gtm-label=\"325\">325<\/button><button class=\"select-btn select-btn-small select-btn-default select-btn-disabled gtm-purchase-option-value\" type=\"button\" data-gtm-name=\"400\" data-gtm-label=\"400\">400<\/button><button class=\"select-btn select-btn-small select-btn-default select-btn-disabled gtm-purchase-option-value\" type=\"button\" data-gtm-name=\"425\" data-gtm-label=\"425\">425<\/button><button class=\"select-btn select-btn-small select-btn-default select-btn-disabled gtm-purchase-option-value\" type=\"button\" data-gtm-name=\"500\" data-gtm-label=\"500\">500<\/button><button class=\"select-btn select-btn-small select-btn-default select-btn-disabled gtm-purchase-option-value\" type=\"button\" data-gtm-name=\"525\" data-gtm-label=\"525\">525<\/button><\/div>\n<\/div>\n<\/div>\n<div class=\"gtm-sku-info flex flex-col gap-y-050 text-label-tiny text-neutral-600\">\n<div class=\"flex flex-wrap items-baseline gap-x-100 gap-y-025\"><span class=\"gtm-article-name\">UR-NOVA-200&#215;100<\/span><span class=\"whitespace-nowrap gtm-article-number text-base font-bold\">#41266<\/span><\/div>\n<\/div>\n","protected":false},"featured_media":38319,"template":"","meta":[],"product_brand":[],"product_cat":[1861,1843,1847],"product_tag":[],"class_list":{"0":"post-37180","1":"product","2":"type-product","3":"status-publish","4":"has-post-thumbnail","6":"product_cat-aksesuarlar-ventilyasiya-barmaqliqlari","7":"product_cat-hava-paylayici-mhsullar","8":"product_cat-havalandirma-barmaqliqlari","10":"first","11":"instock","12":"shipping-taxable","13":"product-type-simple"},"yoast_head":"<!-- This site is optimized with the Yoast SEO plugin v27.1.1 - https:\/\/yoast.com\/product\/yoast-seo-wordpress\/ -->\n<title>NOVA-R1 NOVA barmaql\u0131qlar\u0131 \u00fc\u00e7\u00fcn n\u0259z\u0259rd\u0259 tutulmu\u015f amortizator - AirRent.ge<\/title>\n<meta name=\"robots\" content=\"index, follow, max-snippet:-1, max-image-preview:large, max-video-preview:-1\" \/>\n<link rel=\"canonical\" href=\"https:\/\/airrent.ge\/az\/product\/nova-r1-damper-designed-for-nova-grilles\/\" \/>\n<meta property=\"og:locale\" content=\"az_AZ\" \/>\n<meta property=\"og:type\" content=\"article\" \/>\n<meta property=\"og:title\" content=\"NOVA-R1 NOVA barmaql\u0131qlar\u0131 \u00fc\u00e7\u00fcn n\u0259z\u0259rd\u0259 tutulmu\u015f amortizator - AirRent.ge\" \/>\n<meta property=\"og:description\" content=\"NOVA-R1 NOVA barmaql\u0131qlar\u0131 \u00fc\u00e7\u00fcn n\u0259z\u0259rd\u0259 tutulmu\u015f amortizator  Hava t\u0259chizat\u0131 v\u0259 \u00e7\u0131xar\u0131lmas\u0131  T\u0259nziml\u0259yici t\u0259k\u0259r  Sinkl\u0259nmi\u015f polad t\u0259b\u0259q\u0259  T\u0259nziml\u0259n\u0259n b\u0131\u00e7aqlar      Length 2002253003254004255005256006258008251000102512001225    Height 75100125150200225300325400425500525    UR-NOVA-200x100#41266\" \/>\n<meta property=\"og:url\" content=\"https:\/\/airrent.ge\/az\/product\/nova-r1-damper-designed-for-nova-grilles\/\" \/>\n<meta property=\"og:site_name\" content=\"AirRent.ge\" \/>\n<meta property=\"article:modified_time\" content=\"2025-09-07T11:35:41+00:00\" \/>\n<meta property=\"og:image\" content=\"https:\/\/airrent.ge\/wp-content\/uploads\/2025\/09\/STORYBLOK_R1-NOVA_HQ-1.jpg\" \/>\n\t<meta property=\"og:image:width\" content=\"384\" \/>\n\t<meta property=\"og:image:height\" content=\"288\" \/>\n\t<meta property=\"og:image:type\" content=\"image\/jpeg\" \/>\n<meta name=\"twitter:card\" content=\"summary_large_image\" \/>\n<meta name=\"twitter:label1\" content=\"Est. reading time\" \/>\n\t<meta name=\"twitter:data1\" content=\"1 minute\" \/>\n<script type=\"application\/ld+json\" class=\"yoast-schema-graph\">{\"@context\":\"https:\/\/schema.org\",\"@graph\":[{\"@type\":\"WebPage\",\"@id\":\"https:\/\/airrent.ge\/az\/product\/nova-r1-damper-designed-for-nova-grilles\/\",\"url\":\"https:\/\/airrent.ge\/az\/product\/nova-r1-damper-designed-for-nova-grilles\/\",\"name\":\"NOVA-R1 NOVA barmaql\u0131qlar\u0131 \u00fc\u00e7\u00fcn n\u0259z\u0259rd\u0259 tutulmu\u015f amortizator - AirRent.ge\",\"isPartOf\":{\"@id\":\"https:\/\/airrent.ge\/#website\"},\"primaryImageOfPage\":{\"@id\":\"https:\/\/airrent.ge\/az\/product\/nova-r1-damper-designed-for-nova-grilles\/#primaryimage\"},\"image\":{\"@id\":\"https:\/\/airrent.ge\/az\/product\/nova-r1-damper-designed-for-nova-grilles\/#primaryimage\"},\"thumbnailUrl\":\"https:\/\/airrent.ge\/wp-content\/uploads\/2025\/09\/STORYBLOK_R1-NOVA_HQ-1.jpg\",\"datePublished\":\"2025-09-07T11:25:42+00:00\",\"dateModified\":\"2025-09-07T11:35:41+00:00\",\"breadcrumb\":{\"@id\":\"https:\/\/airrent.ge\/az\/product\/nova-r1-damper-designed-for-nova-grilles\/#breadcrumb\"},\"inLanguage\":\"az\",\"potentialAction\":[{\"@type\":\"ReadAction\",\"target\":[\"https:\/\/airrent.ge\/az\/product\/nova-r1-damper-designed-for-nova-grilles\/\"]}]},{\"@type\":\"ImageObject\",\"inLanguage\":\"az\",\"@id\":\"https:\/\/airrent.ge\/az\/product\/nova-r1-damper-designed-for-nova-grilles\/#primaryimage\",\"url\":\"https:\/\/airrent.ge\/wp-content\/uploads\/2025\/09\/STORYBLOK_R1-NOVA_HQ-1.jpg\",\"contentUrl\":\"https:\/\/airrent.ge\/wp-content\/uploads\/2025\/09\/STORYBLOK_R1-NOVA_HQ-1.jpg\",\"width\":384,\"height\":288},{\"@type\":\"BreadcrumbList\",\"@id\":\"https:\/\/airrent.ge\/az\/product\/nova-r1-damper-designed-for-nova-grilles\/#breadcrumb\",\"itemListElement\":[{\"@type\":\"ListItem\",\"position\":1,\"name\":\"Home\",\"item\":\"https:\/\/airrent.ge\/az\/home\/\"},{\"@type\":\"ListItem\",\"position\":2,\"name\":\"M\u0259hsullar\",\"item\":\"https:\/\/airrent.ge\/az\/products\/\"},{\"@type\":\"ListItem\",\"position\":3,\"name\":\"NOVA-R1 NOVA barmaql\u0131qlar\u0131 \u00fc\u00e7\u00fcn n\u0259z\u0259rd\u0259 tutulmu\u015f amortizator\"}]},{\"@type\":\"WebSite\",\"@id\":\"https:\/\/airrent.ge\/#website\",\"url\":\"https:\/\/airrent.ge\/\",\"name\":\"airrent.ge\",\"description\":\"Rental Services\",\"publisher\":{\"@id\":\"https:\/\/airrent.ge\/#organization\"},\"potentialAction\":[{\"@type\":\"SearchAction\",\"target\":{\"@type\":\"EntryPoint\",\"urlTemplate\":\"https:\/\/airrent.ge\/?s={search_term_string}\"},\"query-input\":{\"@type\":\"PropertyValueSpecification\",\"valueRequired\":true,\"valueName\":\"search_term_string\"}}],\"inLanguage\":\"az\"},{\"@type\":\"Organization\",\"@id\":\"https:\/\/airrent.ge\/#organization\",\"name\":\"airrent.ge\",\"url\":\"https:\/\/airrent.ge\/\",\"logo\":{\"@type\":\"ImageObject\",\"inLanguage\":\"az\",\"@id\":\"https:\/\/airrent.ge\/#\/schema\/logo\/image\/\",\"url\":\"https:\/\/airrent.ge\/wp-content\/uploads\/2026\/03\/airrent.png\",\"contentUrl\":\"https:\/\/airrent.ge\/wp-content\/uploads\/2026\/03\/airrent.png\",\"width\":1536,\"height\":1024,\"caption\":\"airrent.ge\"},\"image\":{\"@id\":\"https:\/\/airrent.ge\/#\/schema\/logo\/image\/\"}}]}<\/script>\n<!-- \/ Yoast SEO plugin. -->","yoast_head_json":{"title":"NOVA-R1 NOVA barmaql\u0131qlar\u0131 \u00fc\u00e7\u00fcn n\u0259z\u0259rd\u0259 tutulmu\u015f amortizator - AirRent.ge","robots":{"index":"index","follow":"follow","max-snippet":"max-snippet:-1","max-image-preview":"max-image-preview:large","max-video-preview":"max-video-preview:-1"},"canonical":"https:\/\/airrent.ge\/az\/product\/nova-r1-damper-designed-for-nova-grilles\/","og_locale":"az_AZ","og_type":"article","og_title":"NOVA-R1 NOVA barmaql\u0131qlar\u0131 \u00fc\u00e7\u00fcn n\u0259z\u0259rd\u0259 tutulmu\u015f amortizator - AirRent.ge","og_description":"NOVA-R1 NOVA barmaql\u0131qlar\u0131 \u00fc\u00e7\u00fcn n\u0259z\u0259rd\u0259 tutulmu\u015f amortizator  Hava t\u0259chizat\u0131 v\u0259 \u00e7\u0131xar\u0131lmas\u0131  T\u0259nziml\u0259yici t\u0259k\u0259r  Sinkl\u0259nmi\u015f polad t\u0259b\u0259q\u0259  T\u0259nziml\u0259n\u0259n b\u0131\u00e7aqlar      Length 2002253003254004255005256006258008251000102512001225    Height 75100125150200225300325400425500525    UR-NOVA-200x100#41266","og_url":"https:\/\/airrent.ge\/az\/product\/nova-r1-damper-designed-for-nova-grilles\/","og_site_name":"AirRent.ge","article_modified_time":"2025-09-07T11:35:41+00:00","og_image":[{"width":384,"height":288,"url":"https:\/\/airrent.ge\/wp-content\/uploads\/2025\/09\/STORYBLOK_R1-NOVA_HQ-1.jpg","type":"image\/jpeg"}],"twitter_card":"summary_large_image","twitter_misc":{"Est. reading time":"1 minute"},"schema":{"@context":"https:\/\/schema.org","@graph":[{"@type":"WebPage","@id":"https:\/\/airrent.ge\/az\/product\/nova-r1-damper-designed-for-nova-grilles\/","url":"https:\/\/airrent.ge\/az\/product\/nova-r1-damper-designed-for-nova-grilles\/","name":"NOVA-R1 NOVA barmaql\u0131qlar\u0131 \u00fc\u00e7\u00fcn n\u0259z\u0259rd\u0259 tutulmu\u015f amortizator - AirRent.ge","isPartOf":{"@id":"https:\/\/airrent.ge\/#website"},"primaryImageOfPage":{"@id":"https:\/\/airrent.ge\/az\/product\/nova-r1-damper-designed-for-nova-grilles\/#primaryimage"},"image":{"@id":"https:\/\/airrent.ge\/az\/product\/nova-r1-damper-designed-for-nova-grilles\/#primaryimage"},"thumbnailUrl":"https:\/\/airrent.ge\/wp-content\/uploads\/2025\/09\/STORYBLOK_R1-NOVA_HQ-1.jpg","datePublished":"2025-09-07T11:25:42+00:00","dateModified":"2025-09-07T11:35:41+00:00","breadcrumb":{"@id":"https:\/\/airrent.ge\/az\/product\/nova-r1-damper-designed-for-nova-grilles\/#breadcrumb"},"inLanguage":"az","potentialAction":[{"@type":"ReadAction","target":["https:\/\/airrent.ge\/az\/product\/nova-r1-damper-designed-for-nova-grilles\/"]}]},{"@type":"ImageObject","inLanguage":"az","@id":"https:\/\/airrent.ge\/az\/product\/nova-r1-damper-designed-for-nova-grilles\/#primaryimage","url":"https:\/\/airrent.ge\/wp-content\/uploads\/2025\/09\/STORYBLOK_R1-NOVA_HQ-1.jpg","contentUrl":"https:\/\/airrent.ge\/wp-content\/uploads\/2025\/09\/STORYBLOK_R1-NOVA_HQ-1.jpg","width":384,"height":288},{"@type":"BreadcrumbList","@id":"https:\/\/airrent.ge\/az\/product\/nova-r1-damper-designed-for-nova-grilles\/#breadcrumb","itemListElement":[{"@type":"ListItem","position":1,"name":"Home","item":"https:\/\/airrent.ge\/az\/home\/"},{"@type":"ListItem","position":2,"name":"M\u0259hsullar","item":"https:\/\/airrent.ge\/az\/products\/"},{"@type":"ListItem","position":3,"name":"NOVA-R1 NOVA barmaql\u0131qlar\u0131 \u00fc\u00e7\u00fcn n\u0259z\u0259rd\u0259 tutulmu\u015f amortizator"}]},{"@type":"WebSite","@id":"https:\/\/airrent.ge\/#website","url":"https:\/\/airrent.ge\/","name":"airrent.ge","description":"Rental Services","publisher":{"@id":"https:\/\/airrent.ge\/#organization"},"potentialAction":[{"@type":"SearchAction","target":{"@type":"EntryPoint","urlTemplate":"https:\/\/airrent.ge\/?s={search_term_string}"},"query-input":{"@type":"PropertyValueSpecification","valueRequired":true,"valueName":"search_term_string"}}],"inLanguage":"az"},{"@type":"Organization","@id":"https:\/\/airrent.ge\/#organization","name":"airrent.ge","url":"https:\/\/airrent.ge\/","logo":{"@type":"ImageObject","inLanguage":"az","@id":"https:\/\/airrent.ge\/#\/schema\/logo\/image\/","url":"https:\/\/airrent.ge\/wp-content\/uploads\/2026\/03\/airrent.png","contentUrl":"https:\/\/airrent.ge\/wp-content\/uploads\/2026\/03\/airrent.png","width":1536,"height":1024,"caption":"airrent.ge"},"image":{"@id":"https:\/\/airrent.ge\/#\/schema\/logo\/image\/"}}]}},"_links":{"self":[{"href":"https:\/\/airrent.ge\/az\/wp-json\/wp\/v2\/product\/37180","targetHints":{"allow":["GET"]}}],"collection":[{"href":"https:\/\/airrent.ge\/az\/wp-json\/wp\/v2\/product"}],"about":[{"href":"https:\/\/airrent.ge\/az\/wp-json\/wp\/v2\/types\/product"}],"wp:featuredmedia":[{"embeddable":true,"href":"https:\/\/airrent.ge\/az\/wp-json\/wp\/v2\/media\/38319"}],"wp:attachment":[{"href":"https:\/\/airrent.ge\/az\/wp-json\/wp\/v2\/media?parent=37180"}],"wp:term":[{"taxonomy":"product_brand","embeddable":true,"href":"https:\/\/airrent.ge\/az\/wp-json\/wp\/v2\/product_brand?post=37180"},{"taxonomy":"product_cat","embeddable":true,"href":"https:\/\/airrent.ge\/az\/wp-json\/wp\/v2\/product_cat?post=37180"},{"taxonomy":"product_tag","embeddable":true,"href":"https:\/\/airrent.ge\/az\/wp-json\/wp\/v2\/product_tag?post=37180"}],"curies":[{"name":"wp","href":"https:\/\/api.w.org\/{rel}","templated":true}]}}