{"id":37263,"date":"2025-09-07T16:20:06","date_gmt":"2025-09-07T12:20:06","guid":{"rendered":"https:\/\/airsystems.ge\/shop\/product\/kcrk-constant-air-volume-controllers-circular-constant-flow-control-damper\/"},"modified":"2025-09-07T16:26:51","modified_gmt":"2025-09-07T12:26:51","slug":"kcrk-constant-air-volume-controllers-circular-constant-flow-control-damper","status":"publish","type":"product","link":"https:\/\/airrent.ge\/az\/product\/kcrk-constant-air-volume-controllers-circular-constant-flow-control-damper\/","title":{"rendered":"KCRK Sabit Hava H\u0259cmi N\u0259zar\u0259t\u00e7il\u0259ri Dair\u0259vi sabit ax\u0131n\u0131 idar\u0259 ed\u0259n damperdamper"},"content":{"rendered":"<div class=\"mb-400 gtm-product-section container-fluid\" data-gtm-name=\"Benefits\" data-gtm-label=\"Benefits (en)\" data-gtm-vis-first-on-screen53434917_103=\"18407\" data-gtm-vis-total-visible-time53434917_103=\"1500\" data-gtm-vis-has-fired53434917_103=\"1\">\n<div class=\"row\">\n<div class=\"content-element content-element-product-benefit col-12 sm:col-6 mb-400\">\n<div class=\"bg-card px-300 py-250 mobile-nav:px-200 mobile-nav:py-150 h-full flex overflow-hidden card-border\">\n<div class=\"min-w-0\">\n<p><strong>G\u00fcc\u00fc laz\u0131m deyil<\/strong><\/p>\n<p>KCRK t\u0259zyiqd\u0259n as\u0131l\u0131 olmayaraq v\u0259 xarici enerji t\u0259chizat\u0131 olmadan i\u015fl\u0259yir<\/p>\n<p><strong>T\u0259nziml\u0259nm\u0259 qabiliyy\u0259ti<\/strong><\/p>\n<p>T\u0259nziml\u0259m\u0259 cihaz\u0131 zavodda t\u0259yin edilmi\u015f hava h\u0259cmi ax\u0131n\u0131n\u0131 \u0259l il\u0259 yenid\u0259n t\u0259nziml\u0259m\u0259y\u0259 imkan verir<\/p>\n<p><strong>\u018flinizd\u0259 etibarl\u0131 v\u0259 ard\u0131c\u0131l hava ax\u0131n\u0131<\/strong><br \/>\n\u0130nteqrasiya edilmi\u015f amortizator say\u0259sind\u0259 KCRK dair\u0259vi sabit ax\u0131n\u0131 idar\u0259 ed\u0259n amortizator geni\u015f t\u0259zyiq \u0259m\u0259liyyatlar\u0131 \u00fcz\u0259rind\u0259 d\u0259qiq v\u0259 sabit n\u0259zar\u0259t t\u0259klif etm\u0259k \u00fc\u00e7\u00fcn n\u0259z\u0259rd\u0259 tutulmu\u015fdur. Bu damper dair\u0259vi kanallarda t\u0259dar\u00fck v\u0259 geri havan\u0131n h\u0259cmin\u0259 n\u0259zar\u0259t etm\u0259k \u00fc\u00e7\u00fcn ideald\u0131r. O, t\u0259zyiq d\u0259yi\u015fikliyind\u0259n as\u0131l\u0131 olmayaraq i\u015fl\u0259yir v\u0259 xarici enerji t\u0259chizat\u0131 t\u0259l\u0259b etmir, sistemin t\u0259nziml\u0259nm\u0259sin\u0259 v\u0259 ya balansla\u015fd\u0131r\u0131lmas\u0131na ehtiyac olmadan daimi hava ax\u0131n\u0131n\u0131 t\u0259min edir.<\/p>\n<p>H\u0259ll yolu il\u0259 sistemin t\u0259nziml\u0259nm\u0259si v\u0259 ya balansla\u015fd\u0131r\u0131lmas\u0131 laz\u0131m deyil; hava ax\u0131n\u0131, \u0259m\u0259liyyat diapazonu daxilind\u0259 v\u0259 ya kanal sistemind\u0259 m\u00f6vcud olan t\u0259zyiq d\u0259yi\u015fiklikl\u0259rind\u0259n as\u0131l\u0131 olmayaraq sabit qal\u0131r. \u018fl il\u0259, birba\u015fa cihazda asanl\u0131qla t\u0259nziml\u0259n\u0259n hava ax\u0131n\u0131 il\u0259 bu etibarl\u0131 v\u0259 s\u0259rf\u0259li hava ax\u0131n\u0131na n\u0259zar\u0259t h\u0259lli, etibarl\u0131 performans v\u0259 istifad\u0259 rahatl\u0131\u011f\u0131 t\u0259min ed\u0259n geni\u015f t\u0259tbiql\u0259r \u00fc\u00e7\u00fcn m\u00fck\u0259mm\u0259ldir.<\/p>\n<\/div>\n<\/div>\n<\/div>\n<\/div>\n<\/div>\n","protected":false},"excerpt":{"rendered":"<div>\n<p>KCRK Sabit Hava H\u0259cmi N\u0259zar\u0259t\u00e7il\u0259ri<br \/>\nDair\u0259vi sabit ax\u0131n\u0131 idar\u0259 ed\u0259n damper<\/p>\n<p>Sistemin t\u0259nziml\u0259nm\u0259si v\u0259 ya balansla\u015fd\u0131r\u0131lmas\u0131 laz\u0131m deyil<\/p>\n<p>Kanal sistemind\u0259 m\u00f6vcud olan \u0259m\u0259liyyat diapazonu daxilind\u0259 h\u0259r hans\u0131 t\u0259zyiq d\u0259yi\u015fikliyind\u0259n as\u0131l\u0131 olmayaraq hava ax\u0131n\u0131 sabit qal\u0131r<\/p>\n<p>Hava ax\u0131n\u0131 birba\u015fa cihazda \u0259l il\u0259 t\u0259nziml\u0259n\u0259 bil\u0259r<\/p>\n<p>50&#8230;250 Pa (\u00f6l\u00e7\u00fcs\u00fc 80) v\u0259 30&#8230;250 Pa (b\u00fct\u00fcn dig\u0259r \u00f6l\u00e7\u00fcl\u0259r) t\u0259zyiql\u0259rd\u0259 i\u015fl\u0259m\u0259<\/p>\n<\/div>\n<div class=\"flex flex-col gap-200\">\n<div class=\"flex flex-col flex-wrap gap-100 md:flex-row md:items-center gtm-purchase-option\" data-gtm-name=\"size\" data-gtm-label=\"Size\">\n<p><label class=\"flex gap-050 md:w-700 leading-none hyphens-auto print:w-full print:max-w-2\/5 text-label-small\">Size<\/label><\/p>\n<div class=\"flex flex-1 flex-wrap gap-050\"><button class=\"select-btn select-btn-small select-btn-selected gtm-purchase-option-value\" type=\"button\" data-gtm-name=\"80\" data-gtm-label=\"80\">80<\/button><button class=\"select-btn select-btn-small select-btn-default gtm-purchase-option-value\" type=\"button\" data-gtm-name=\"100\" data-gtm-label=\"100\">100<\/button><button class=\"select-btn select-btn-small select-btn-default gtm-purchase-option-value\" type=\"button\" data-gtm-name=\"125\" data-gtm-label=\"125\">125<\/button><button class=\"select-btn select-btn-small select-btn-default gtm-purchase-option-value\" type=\"button\" data-gtm-name=\"150\" data-gtm-label=\"150\">150<\/button><button class=\"select-btn select-btn-small select-btn-default gtm-purchase-option-value\" type=\"button\" data-gtm-name=\"160\" data-gtm-label=\"160\">160<\/button><button class=\"select-btn select-btn-small select-btn-default gtm-purchase-option-value\" type=\"button\" data-gtm-name=\"200\" data-gtm-label=\"200\">200<\/button><button class=\"select-btn select-btn-small select-btn-default gtm-purchase-option-value\" type=\"button\" data-gtm-name=\"250\" data-gtm-label=\"250\">250<\/button><\/div>\n<\/div>\n<div class=\"flex flex-col flex-wrap gap-100 md:flex-row md:items-center gtm-purchase-option\" data-gtm-name=\"gasket\" data-gtm-label=\"Number of tight gaskets\">\n<p><label class=\"flex gap-050 md:w-700 leading-none hyphens-auto print:w-full print:max-w-2\/5 text-label-small\">Number of tight gaskets<\/label><\/p>\n<div class=\"flex flex-1 flex-wrap gap-050\"><button class=\"select-btn select-btn-small select-btn-selected gtm-purchase-option-value\" type=\"button\" data-gtm-name=\"1\" data-gtm-label=\"1\">1<\/button><button class=\"select-btn select-btn-small select-btn-default gtm-purchase-option-value\" type=\"button\" data-gtm-name=\"2\" data-gtm-label=\"2\">2<\/button><\/div>\n<\/div>\n<\/div>\n","protected":false},"featured_media":37239,"template":"","meta":[],"product_brand":[],"product_cat":[1873,1867,1843],"product_tag":[],"class_list":{"0":"post-37263","1":"product","2":"type-product","3":"status-publish","4":"has-post-thumbnail","6":"product_cat-daimi-hava-hcmi-nzartcilri","7":"product_cat-hava-hcmin-nzart","8":"product_cat-hava-paylayici-mhsullar","10":"first","11":"instock","12":"shipping-taxable","13":"product-type-simple"},"yoast_head":"<!-- This site is optimized with the Yoast SEO plugin v27.1.1 - https:\/\/yoast.com\/product\/yoast-seo-wordpress\/ -->\n<title>KCRK Sabit Hava H\u0259cmi N\u0259zar\u0259t\u00e7il\u0259ri Dair\u0259vi sabit ax\u0131n\u0131 idar\u0259 ed\u0259n damperdamper - AirRent.ge<\/title>\n<meta name=\"robots\" content=\"index, follow, max-snippet:-1, max-image-preview:large, max-video-preview:-1\" \/>\n<link rel=\"canonical\" href=\"https:\/\/airrent.ge\/az\/product\/kcrk-constant-air-volume-controllers-circular-constant-flow-control-damper\/\" \/>\n<meta property=\"og:locale\" content=\"az_AZ\" \/>\n<meta property=\"og:type\" content=\"article\" \/>\n<meta property=\"og:title\" content=\"KCRK Sabit Hava H\u0259cmi N\u0259zar\u0259t\u00e7il\u0259ri Dair\u0259vi sabit ax\u0131n\u0131 idar\u0259 ed\u0259n damperdamper - AirRent.ge\" \/>\n<meta property=\"og:description\" content=\"KCRK Sabit Hava H\u0259cmi N\u0259zar\u0259t\u00e7il\u0259ri Dair\u0259vi sabit ax\u0131n\u0131 idar\u0259 ed\u0259n damper  Sistemin t\u0259nziml\u0259nm\u0259si v\u0259 ya balansla\u015fd\u0131r\u0131lmas\u0131 laz\u0131m deyil  Kanal sistemind\u0259 m\u00f6vcud olan \u0259m\u0259liyyat diapazonu daxilind\u0259 h\u0259r hans\u0131 t\u0259zyiq d\u0259yi\u015fikliyind\u0259n as\u0131l\u0131 olmayaraq hava ax\u0131n\u0131 sabit qal\u0131r  Hava ax\u0131n\u0131 birba\u015fa cihazda \u0259l il\u0259 t\u0259nziml\u0259n\u0259 bil\u0259r  50...250 Pa (\u00f6l\u00e7\u00fcs\u00fc 80) v\u0259 30...250 Pa (b\u00fct\u00fcn dig\u0259r \u00f6l\u00e7\u00fcl\u0259r) t\u0259zyiql\u0259rd\u0259 i\u015fl\u0259m\u0259      Size 80100125150160200250    Number of tight gaskets 12\" \/>\n<meta property=\"og:url\" content=\"https:\/\/airrent.ge\/az\/product\/kcrk-constant-air-volume-controllers-circular-constant-flow-control-damper\/\" \/>\n<meta property=\"og:site_name\" content=\"AirRent.ge\" \/>\n<meta property=\"article:modified_time\" content=\"2025-09-07T12:26:51+00:00\" \/>\n<meta property=\"og:image\" content=\"https:\/\/airrent.ge\/wp-content\/uploads\/2025\/09\/KCRK_HQ.jpg\" \/>\n\t<meta property=\"og:image:width\" content=\"384\" \/>\n\t<meta property=\"og:image:height\" content=\"288\" \/>\n\t<meta property=\"og:image:type\" content=\"image\/jpeg\" \/>\n<meta name=\"twitter:card\" content=\"summary_large_image\" \/>\n<meta name=\"twitter:label1\" content=\"Est. reading time\" \/>\n\t<meta name=\"twitter:data1\" content=\"1 minute\" \/>\n<script type=\"application\/ld+json\" class=\"yoast-schema-graph\">{\"@context\":\"https:\/\/schema.org\",\"@graph\":[{\"@type\":\"WebPage\",\"@id\":\"https:\/\/airrent.ge\/az\/product\/kcrk-constant-air-volume-controllers-circular-constant-flow-control-damper\/\",\"url\":\"https:\/\/airrent.ge\/az\/product\/kcrk-constant-air-volume-controllers-circular-constant-flow-control-damper\/\",\"name\":\"KCRK Sabit Hava H\u0259cmi N\u0259zar\u0259t\u00e7il\u0259ri Dair\u0259vi sabit ax\u0131n\u0131 idar\u0259 ed\u0259n damperdamper - AirRent.ge\",\"isPartOf\":{\"@id\":\"https:\/\/airrent.ge\/#website\"},\"primaryImageOfPage\":{\"@id\":\"https:\/\/airrent.ge\/az\/product\/kcrk-constant-air-volume-controllers-circular-constant-flow-control-damper\/#primaryimage\"},\"image\":{\"@id\":\"https:\/\/airrent.ge\/az\/product\/kcrk-constant-air-volume-controllers-circular-constant-flow-control-damper\/#primaryimage\"},\"thumbnailUrl\":\"https:\/\/airrent.ge\/wp-content\/uploads\/2025\/09\/KCRK_HQ.jpg\",\"datePublished\":\"2025-09-07T12:20:06+00:00\",\"dateModified\":\"2025-09-07T12:26:51+00:00\",\"breadcrumb\":{\"@id\":\"https:\/\/airrent.ge\/az\/product\/kcrk-constant-air-volume-controllers-circular-constant-flow-control-damper\/#breadcrumb\"},\"inLanguage\":\"az\",\"potentialAction\":[{\"@type\":\"ReadAction\",\"target\":[\"https:\/\/airrent.ge\/az\/product\/kcrk-constant-air-volume-controllers-circular-constant-flow-control-damper\/\"]}]},{\"@type\":\"ImageObject\",\"inLanguage\":\"az\",\"@id\":\"https:\/\/airrent.ge\/az\/product\/kcrk-constant-air-volume-controllers-circular-constant-flow-control-damper\/#primaryimage\",\"url\":\"https:\/\/airrent.ge\/wp-content\/uploads\/2025\/09\/KCRK_HQ.jpg\",\"contentUrl\":\"https:\/\/airrent.ge\/wp-content\/uploads\/2025\/09\/KCRK_HQ.jpg\",\"width\":384,\"height\":288},{\"@type\":\"BreadcrumbList\",\"@id\":\"https:\/\/airrent.ge\/az\/product\/kcrk-constant-air-volume-controllers-circular-constant-flow-control-damper\/#breadcrumb\",\"itemListElement\":[{\"@type\":\"ListItem\",\"position\":1,\"name\":\"Home\",\"item\":\"https:\/\/airrent.ge\/az\/home\/\"},{\"@type\":\"ListItem\",\"position\":2,\"name\":\"M\u0259hsullar\",\"item\":\"https:\/\/airrent.ge\/az\/products\/\"},{\"@type\":\"ListItem\",\"position\":3,\"name\":\"KCRK Sabit Hava H\u0259cmi N\u0259zar\u0259t\u00e7il\u0259ri Dair\u0259vi sabit ax\u0131n\u0131 idar\u0259 ed\u0259n damperdamper\"}]},{\"@type\":\"WebSite\",\"@id\":\"https:\/\/airrent.ge\/#website\",\"url\":\"https:\/\/airrent.ge\/\",\"name\":\"airrent.ge\",\"description\":\"Rental Services\",\"publisher\":{\"@id\":\"https:\/\/airrent.ge\/#organization\"},\"potentialAction\":[{\"@type\":\"SearchAction\",\"target\":{\"@type\":\"EntryPoint\",\"urlTemplate\":\"https:\/\/airrent.ge\/?s={search_term_string}\"},\"query-input\":{\"@type\":\"PropertyValueSpecification\",\"valueRequired\":true,\"valueName\":\"search_term_string\"}}],\"inLanguage\":\"az\"},{\"@type\":\"Organization\",\"@id\":\"https:\/\/airrent.ge\/#organization\",\"name\":\"airrent.ge\",\"url\":\"https:\/\/airrent.ge\/\",\"logo\":{\"@type\":\"ImageObject\",\"inLanguage\":\"az\",\"@id\":\"https:\/\/airrent.ge\/#\/schema\/logo\/image\/\",\"url\":\"https:\/\/airrent.ge\/wp-content\/uploads\/2026\/03\/airrent.png\",\"contentUrl\":\"https:\/\/airrent.ge\/wp-content\/uploads\/2026\/03\/airrent.png\",\"width\":1536,\"height\":1024,\"caption\":\"airrent.ge\"},\"image\":{\"@id\":\"https:\/\/airrent.ge\/#\/schema\/logo\/image\/\"}}]}<\/script>\n<!-- \/ Yoast SEO plugin. -->","yoast_head_json":{"title":"KCRK Sabit Hava H\u0259cmi N\u0259zar\u0259t\u00e7il\u0259ri Dair\u0259vi sabit ax\u0131n\u0131 idar\u0259 ed\u0259n damperdamper - AirRent.ge","robots":{"index":"index","follow":"follow","max-snippet":"max-snippet:-1","max-image-preview":"max-image-preview:large","max-video-preview":"max-video-preview:-1"},"canonical":"https:\/\/airrent.ge\/az\/product\/kcrk-constant-air-volume-controllers-circular-constant-flow-control-damper\/","og_locale":"az_AZ","og_type":"article","og_title":"KCRK Sabit Hava H\u0259cmi N\u0259zar\u0259t\u00e7il\u0259ri Dair\u0259vi sabit ax\u0131n\u0131 idar\u0259 ed\u0259n damperdamper - AirRent.ge","og_description":"KCRK Sabit Hava H\u0259cmi N\u0259zar\u0259t\u00e7il\u0259ri Dair\u0259vi sabit ax\u0131n\u0131 idar\u0259 ed\u0259n damper  Sistemin t\u0259nziml\u0259nm\u0259si v\u0259 ya balansla\u015fd\u0131r\u0131lmas\u0131 laz\u0131m deyil  Kanal sistemind\u0259 m\u00f6vcud olan \u0259m\u0259liyyat diapazonu daxilind\u0259 h\u0259r hans\u0131 t\u0259zyiq d\u0259yi\u015fikliyind\u0259n as\u0131l\u0131 olmayaraq hava ax\u0131n\u0131 sabit qal\u0131r  Hava ax\u0131n\u0131 birba\u015fa cihazda \u0259l il\u0259 t\u0259nziml\u0259n\u0259 bil\u0259r  50...250 Pa (\u00f6l\u00e7\u00fcs\u00fc 80) v\u0259 30...250 Pa (b\u00fct\u00fcn dig\u0259r \u00f6l\u00e7\u00fcl\u0259r) t\u0259zyiql\u0259rd\u0259 i\u015fl\u0259m\u0259      Size 80100125150160200250    Number of tight gaskets 12","og_url":"https:\/\/airrent.ge\/az\/product\/kcrk-constant-air-volume-controllers-circular-constant-flow-control-damper\/","og_site_name":"AirRent.ge","article_modified_time":"2025-09-07T12:26:51+00:00","og_image":[{"width":384,"height":288,"url":"https:\/\/airrent.ge\/wp-content\/uploads\/2025\/09\/KCRK_HQ.jpg","type":"image\/jpeg"}],"twitter_card":"summary_large_image","twitter_misc":{"Est. reading time":"1 minute"},"schema":{"@context":"https:\/\/schema.org","@graph":[{"@type":"WebPage","@id":"https:\/\/airrent.ge\/az\/product\/kcrk-constant-air-volume-controllers-circular-constant-flow-control-damper\/","url":"https:\/\/airrent.ge\/az\/product\/kcrk-constant-air-volume-controllers-circular-constant-flow-control-damper\/","name":"KCRK Sabit Hava H\u0259cmi N\u0259zar\u0259t\u00e7il\u0259ri Dair\u0259vi sabit ax\u0131n\u0131 idar\u0259 ed\u0259n damperdamper - AirRent.ge","isPartOf":{"@id":"https:\/\/airrent.ge\/#website"},"primaryImageOfPage":{"@id":"https:\/\/airrent.ge\/az\/product\/kcrk-constant-air-volume-controllers-circular-constant-flow-control-damper\/#primaryimage"},"image":{"@id":"https:\/\/airrent.ge\/az\/product\/kcrk-constant-air-volume-controllers-circular-constant-flow-control-damper\/#primaryimage"},"thumbnailUrl":"https:\/\/airrent.ge\/wp-content\/uploads\/2025\/09\/KCRK_HQ.jpg","datePublished":"2025-09-07T12:20:06+00:00","dateModified":"2025-09-07T12:26:51+00:00","breadcrumb":{"@id":"https:\/\/airrent.ge\/az\/product\/kcrk-constant-air-volume-controllers-circular-constant-flow-control-damper\/#breadcrumb"},"inLanguage":"az","potentialAction":[{"@type":"ReadAction","target":["https:\/\/airrent.ge\/az\/product\/kcrk-constant-air-volume-controllers-circular-constant-flow-control-damper\/"]}]},{"@type":"ImageObject","inLanguage":"az","@id":"https:\/\/airrent.ge\/az\/product\/kcrk-constant-air-volume-controllers-circular-constant-flow-control-damper\/#primaryimage","url":"https:\/\/airrent.ge\/wp-content\/uploads\/2025\/09\/KCRK_HQ.jpg","contentUrl":"https:\/\/airrent.ge\/wp-content\/uploads\/2025\/09\/KCRK_HQ.jpg","width":384,"height":288},{"@type":"BreadcrumbList","@id":"https:\/\/airrent.ge\/az\/product\/kcrk-constant-air-volume-controllers-circular-constant-flow-control-damper\/#breadcrumb","itemListElement":[{"@type":"ListItem","position":1,"name":"Home","item":"https:\/\/airrent.ge\/az\/home\/"},{"@type":"ListItem","position":2,"name":"M\u0259hsullar","item":"https:\/\/airrent.ge\/az\/products\/"},{"@type":"ListItem","position":3,"name":"KCRK Sabit Hava H\u0259cmi N\u0259zar\u0259t\u00e7il\u0259ri Dair\u0259vi sabit ax\u0131n\u0131 idar\u0259 ed\u0259n damperdamper"}]},{"@type":"WebSite","@id":"https:\/\/airrent.ge\/#website","url":"https:\/\/airrent.ge\/","name":"airrent.ge","description":"Rental Services","publisher":{"@id":"https:\/\/airrent.ge\/#organization"},"potentialAction":[{"@type":"SearchAction","target":{"@type":"EntryPoint","urlTemplate":"https:\/\/airrent.ge\/?s={search_term_string}"},"query-input":{"@type":"PropertyValueSpecification","valueRequired":true,"valueName":"search_term_string"}}],"inLanguage":"az"},{"@type":"Organization","@id":"https:\/\/airrent.ge\/#organization","name":"airrent.ge","url":"https:\/\/airrent.ge\/","logo":{"@type":"ImageObject","inLanguage":"az","@id":"https:\/\/airrent.ge\/#\/schema\/logo\/image\/","url":"https:\/\/airrent.ge\/wp-content\/uploads\/2026\/03\/airrent.png","contentUrl":"https:\/\/airrent.ge\/wp-content\/uploads\/2026\/03\/airrent.png","width":1536,"height":1024,"caption":"airrent.ge"},"image":{"@id":"https:\/\/airrent.ge\/#\/schema\/logo\/image\/"}}]}},"_links":{"self":[{"href":"https:\/\/airrent.ge\/az\/wp-json\/wp\/v2\/product\/37263","targetHints":{"allow":["GET"]}}],"collection":[{"href":"https:\/\/airrent.ge\/az\/wp-json\/wp\/v2\/product"}],"about":[{"href":"https:\/\/airrent.ge\/az\/wp-json\/wp\/v2\/types\/product"}],"wp:featuredmedia":[{"embeddable":true,"href":"https:\/\/airrent.ge\/az\/wp-json\/wp\/v2\/media\/37239"}],"wp:attachment":[{"href":"https:\/\/airrent.ge\/az\/wp-json\/wp\/v2\/media?parent=37263"}],"wp:term":[{"taxonomy":"product_brand","embeddable":true,"href":"https:\/\/airrent.ge\/az\/wp-json\/wp\/v2\/product_brand?post=37263"},{"taxonomy":"product_cat","embeddable":true,"href":"https:\/\/airrent.ge\/az\/wp-json\/wp\/v2\/product_cat?post=37263"},{"taxonomy":"product_tag","embeddable":true,"href":"https:\/\/airrent.ge\/az\/wp-json\/wp\/v2\/product_tag?post=37263"}],"curies":[{"name":"wp","href":"https:\/\/api.w.org\/{rel}","templated":true}]}}