{"id":37823,"date":"2025-09-08T14:03:12","date_gmt":"2025-09-08T10:03:12","guid":{"rendered":"https:\/\/airsystems.ge\/shop\/product\/37814\/"},"modified":"2025-09-08T14:09:01","modified_gmt":"2025-09-08T10:09:01","slug":"37814","status":"publish","type":"product","link":"https:\/\/airrent.ge\/az\/product\/37814\/","title":{"rendered":"M2A-NOTUS NOTUS CAV-lar \u00fc\u00e7\u00fcn aktuator d\u0259sti"},"content":{"rendered":"<div class=\"content-element content-element-product-benefit col-12 sm:col-6 mb-400\">\n<div class=\"bg-card px-300 py-250 mobile-nav:px-200 mobile-nav:py-150 h-full flex overflow-hidden card-border\">\n<div class=\"min-w-0\">\n<p><strong>Sad\u0259 birba\u015fa montaj<\/strong><br \/>\n\u00d6t\u00fcr\u00fcc\u00fc universal \u015faft s\u0131xac\u0131yla birba\u015fa damper \u015faft\u0131na (\u00f86&#8230;12,7 mm) qura\u015fd\u0131r\u0131l\u0131r v\u0259 sonra onun f\u0131rlanmas\u0131n\u0131n qar\u015f\u0131s\u0131n\u0131 almaq \u00fc\u00e7\u00fcn f\u0131rlanma \u0259leyhin\u0259 klipl\u0259 b\u0259rkidilir.<\/p>\n<p><strong>Y\u00fcks\u0259k funksional etibarl\u0131l\u0131q<\/strong><br \/>\n\u00d6t\u00fcr\u00fcc\u00fc h\u0259ddind\u0259n art\u0131q y\u00fckl\u0259nm\u0259d\u0259n qorunur, he\u00e7 bir limit a\u00e7ar\u0131 t\u0259l\u0259b etmir v\u0259 son dayanaca\u011fa \u00e7atd\u0131qda avtomatik olaraq dayan\u0131r<\/p>\n<\/div>\n<\/div>\n<\/div>\n","protected":false},"excerpt":{"rendered":"<div>\n<p>M2A-NOTUS<br \/>\nNOTUS CAV-lar \u00fc\u00e7\u00fcn aktuator d\u0259sti<\/p>\n<p>Sad\u0259 birba\u015fa montaj<\/p>\n<p>\u018fll\u0259 \u0259v\u0259zl\u0259m\u0259<\/p>\n<p>T\u0259nziml\u0259n\u0259n f\u0131rlanma buca\u011f\u0131<\/p>\n<p>Y\u00fcks\u0259k funksional etibarl\u0131l\u0131q<\/p>\n<p>&nbsp;<\/p>\n<\/div>\n<div class=\"gtm-sku-info flex flex-col gap-y-050 text-label-tiny text-neutral-600\">\n<div class=\"flex flex-wrap items-baseline gap-x-100 gap-y-025\"><span class=\"gtm-article-name\">M2A-NOTUS<\/span><span class=\"whitespace-nowrap gtm-article-number text-base font-bold\">#94811<\/span><\/div>\n<\/div>\n","protected":false},"featured_media":37817,"template":"","meta":[],"product_brand":[],"product_cat":[1890,1867,1843],"product_tag":[],"class_list":{"0":"post-37823","1":"product","2":"type-product","3":"status-publish","4":"has-post-thumbnail","6":"product_cat-aksesuarlar-hava-hcmin-nzart","7":"product_cat-hava-hcmin-nzart","8":"product_cat-hava-paylayici-mhsullar","10":"first","11":"instock","12":"shipping-taxable","13":"product-type-simple"},"yoast_head":"<!-- This site is optimized with the Yoast SEO plugin v27.1.1 - https:\/\/yoast.com\/product\/yoast-seo-wordpress\/ -->\n<title>M2A-NOTUS NOTUS CAV-lar \u00fc\u00e7\u00fcn aktuator d\u0259sti - AirRent.ge<\/title>\n<meta name=\"robots\" content=\"index, follow, max-snippet:-1, max-image-preview:large, max-video-preview:-1\" \/>\n<link rel=\"canonical\" href=\"https:\/\/airrent.ge\/az\/product\/37814\/\" \/>\n<meta property=\"og:locale\" content=\"az_AZ\" \/>\n<meta property=\"og:type\" content=\"article\" \/>\n<meta property=\"og:title\" content=\"M2A-NOTUS NOTUS CAV-lar \u00fc\u00e7\u00fcn aktuator d\u0259sti - AirRent.ge\" \/>\n<meta property=\"og:description\" content=\"M2A-NOTUS NOTUS CAV-lar \u00fc\u00e7\u00fcn aktuator d\u0259sti  Sad\u0259 birba\u015fa montaj  \u018fll\u0259 \u0259v\u0259zl\u0259m\u0259  T\u0259nziml\u0259n\u0259n f\u0131rlanma buca\u011f\u0131  Y\u00fcks\u0259k funksional etibarl\u0131l\u0131q  &nbsp;    M2A-NOTUS#94811\" \/>\n<meta property=\"og:url\" content=\"https:\/\/airrent.ge\/az\/product\/37814\/\" \/>\n<meta property=\"og:site_name\" content=\"AirRent.ge\" \/>\n<meta property=\"article:modified_time\" content=\"2025-09-08T10:09:01+00:00\" \/>\n<meta property=\"og:image\" content=\"https:\/\/airrent.ge\/wp-content\/uploads\/2025\/09\/COLLAGE_M2A-NOTUS_HQ.jpg\" \/>\n\t<meta property=\"og:image:width\" content=\"384\" \/>\n\t<meta property=\"og:image:height\" content=\"288\" \/>\n\t<meta property=\"og:image:type\" content=\"image\/jpeg\" \/>\n<meta name=\"twitter:card\" content=\"summary_large_image\" \/>\n<script type=\"application\/ld+json\" class=\"yoast-schema-graph\">{\"@context\":\"https:\/\/schema.org\",\"@graph\":[{\"@type\":\"WebPage\",\"@id\":\"https:\/\/airrent.ge\/az\/product\/37814\/\",\"url\":\"https:\/\/airrent.ge\/az\/product\/37814\/\",\"name\":\"M2A-NOTUS NOTUS CAV-lar \u00fc\u00e7\u00fcn aktuator d\u0259sti - AirRent.ge\",\"isPartOf\":{\"@id\":\"https:\/\/airrent.ge\/#website\"},\"primaryImageOfPage\":{\"@id\":\"https:\/\/airrent.ge\/az\/product\/37814\/#primaryimage\"},\"image\":{\"@id\":\"https:\/\/airrent.ge\/az\/product\/37814\/#primaryimage\"},\"thumbnailUrl\":\"https:\/\/airrent.ge\/wp-content\/uploads\/2025\/09\/COLLAGE_M2A-NOTUS_HQ.jpg\",\"datePublished\":\"2025-09-08T10:03:12+00:00\",\"dateModified\":\"2025-09-08T10:09:01+00:00\",\"breadcrumb\":{\"@id\":\"https:\/\/airrent.ge\/az\/product\/37814\/#breadcrumb\"},\"inLanguage\":\"az\",\"potentialAction\":[{\"@type\":\"ReadAction\",\"target\":[\"https:\/\/airrent.ge\/az\/product\/37814\/\"]}]},{\"@type\":\"ImageObject\",\"inLanguage\":\"az\",\"@id\":\"https:\/\/airrent.ge\/az\/product\/37814\/#primaryimage\",\"url\":\"https:\/\/airrent.ge\/wp-content\/uploads\/2025\/09\/COLLAGE_M2A-NOTUS_HQ.jpg\",\"contentUrl\":\"https:\/\/airrent.ge\/wp-content\/uploads\/2025\/09\/COLLAGE_M2A-NOTUS_HQ.jpg\",\"width\":384,\"height\":288},{\"@type\":\"BreadcrumbList\",\"@id\":\"https:\/\/airrent.ge\/az\/product\/37814\/#breadcrumb\",\"itemListElement\":[{\"@type\":\"ListItem\",\"position\":1,\"name\":\"Home\",\"item\":\"https:\/\/airrent.ge\/az\/home\/\"},{\"@type\":\"ListItem\",\"position\":2,\"name\":\"M\u0259hsullar\",\"item\":\"https:\/\/airrent.ge\/az\/products\/\"},{\"@type\":\"ListItem\",\"position\":3,\"name\":\"M2A-NOTUS NOTUS CAV-lar \u00fc\u00e7\u00fcn aktuator d\u0259sti\"}]},{\"@type\":\"WebSite\",\"@id\":\"https:\/\/airrent.ge\/#website\",\"url\":\"https:\/\/airrent.ge\/\",\"name\":\"airrent.ge\",\"description\":\"Rental Services\",\"publisher\":{\"@id\":\"https:\/\/airrent.ge\/#organization\"},\"potentialAction\":[{\"@type\":\"SearchAction\",\"target\":{\"@type\":\"EntryPoint\",\"urlTemplate\":\"https:\/\/airrent.ge\/?s={search_term_string}\"},\"query-input\":{\"@type\":\"PropertyValueSpecification\",\"valueRequired\":true,\"valueName\":\"search_term_string\"}}],\"inLanguage\":\"az\"},{\"@type\":\"Organization\",\"@id\":\"https:\/\/airrent.ge\/#organization\",\"name\":\"airrent.ge\",\"url\":\"https:\/\/airrent.ge\/\",\"logo\":{\"@type\":\"ImageObject\",\"inLanguage\":\"az\",\"@id\":\"https:\/\/airrent.ge\/#\/schema\/logo\/image\/\",\"url\":\"https:\/\/airrent.ge\/wp-content\/uploads\/2026\/03\/airrent.png\",\"contentUrl\":\"https:\/\/airrent.ge\/wp-content\/uploads\/2026\/03\/airrent.png\",\"width\":1536,\"height\":1024,\"caption\":\"airrent.ge\"},\"image\":{\"@id\":\"https:\/\/airrent.ge\/#\/schema\/logo\/image\/\"}}]}<\/script>\n<!-- \/ Yoast SEO plugin. -->","yoast_head_json":{"title":"M2A-NOTUS NOTUS CAV-lar \u00fc\u00e7\u00fcn aktuator d\u0259sti - AirRent.ge","robots":{"index":"index","follow":"follow","max-snippet":"max-snippet:-1","max-image-preview":"max-image-preview:large","max-video-preview":"max-video-preview:-1"},"canonical":"https:\/\/airrent.ge\/az\/product\/37814\/","og_locale":"az_AZ","og_type":"article","og_title":"M2A-NOTUS NOTUS CAV-lar \u00fc\u00e7\u00fcn aktuator d\u0259sti - AirRent.ge","og_description":"M2A-NOTUS NOTUS CAV-lar \u00fc\u00e7\u00fcn aktuator d\u0259sti  Sad\u0259 birba\u015fa montaj  \u018fll\u0259 \u0259v\u0259zl\u0259m\u0259  T\u0259nziml\u0259n\u0259n f\u0131rlanma buca\u011f\u0131  Y\u00fcks\u0259k funksional etibarl\u0131l\u0131q  &nbsp;    M2A-NOTUS#94811","og_url":"https:\/\/airrent.ge\/az\/product\/37814\/","og_site_name":"AirRent.ge","article_modified_time":"2025-09-08T10:09:01+00:00","og_image":[{"width":384,"height":288,"url":"https:\/\/airrent.ge\/wp-content\/uploads\/2025\/09\/COLLAGE_M2A-NOTUS_HQ.jpg","type":"image\/jpeg"}],"twitter_card":"summary_large_image","schema":{"@context":"https:\/\/schema.org","@graph":[{"@type":"WebPage","@id":"https:\/\/airrent.ge\/az\/product\/37814\/","url":"https:\/\/airrent.ge\/az\/product\/37814\/","name":"M2A-NOTUS NOTUS CAV-lar \u00fc\u00e7\u00fcn aktuator d\u0259sti - AirRent.ge","isPartOf":{"@id":"https:\/\/airrent.ge\/#website"},"primaryImageOfPage":{"@id":"https:\/\/airrent.ge\/az\/product\/37814\/#primaryimage"},"image":{"@id":"https:\/\/airrent.ge\/az\/product\/37814\/#primaryimage"},"thumbnailUrl":"https:\/\/airrent.ge\/wp-content\/uploads\/2025\/09\/COLLAGE_M2A-NOTUS_HQ.jpg","datePublished":"2025-09-08T10:03:12+00:00","dateModified":"2025-09-08T10:09:01+00:00","breadcrumb":{"@id":"https:\/\/airrent.ge\/az\/product\/37814\/#breadcrumb"},"inLanguage":"az","potentialAction":[{"@type":"ReadAction","target":["https:\/\/airrent.ge\/az\/product\/37814\/"]}]},{"@type":"ImageObject","inLanguage":"az","@id":"https:\/\/airrent.ge\/az\/product\/37814\/#primaryimage","url":"https:\/\/airrent.ge\/wp-content\/uploads\/2025\/09\/COLLAGE_M2A-NOTUS_HQ.jpg","contentUrl":"https:\/\/airrent.ge\/wp-content\/uploads\/2025\/09\/COLLAGE_M2A-NOTUS_HQ.jpg","width":384,"height":288},{"@type":"BreadcrumbList","@id":"https:\/\/airrent.ge\/az\/product\/37814\/#breadcrumb","itemListElement":[{"@type":"ListItem","position":1,"name":"Home","item":"https:\/\/airrent.ge\/az\/home\/"},{"@type":"ListItem","position":2,"name":"M\u0259hsullar","item":"https:\/\/airrent.ge\/az\/products\/"},{"@type":"ListItem","position":3,"name":"M2A-NOTUS NOTUS CAV-lar \u00fc\u00e7\u00fcn aktuator d\u0259sti"}]},{"@type":"WebSite","@id":"https:\/\/airrent.ge\/#website","url":"https:\/\/airrent.ge\/","name":"airrent.ge","description":"Rental Services","publisher":{"@id":"https:\/\/airrent.ge\/#organization"},"potentialAction":[{"@type":"SearchAction","target":{"@type":"EntryPoint","urlTemplate":"https:\/\/airrent.ge\/?s={search_term_string}"},"query-input":{"@type":"PropertyValueSpecification","valueRequired":true,"valueName":"search_term_string"}}],"inLanguage":"az"},{"@type":"Organization","@id":"https:\/\/airrent.ge\/#organization","name":"airrent.ge","url":"https:\/\/airrent.ge\/","logo":{"@type":"ImageObject","inLanguage":"az","@id":"https:\/\/airrent.ge\/#\/schema\/logo\/image\/","url":"https:\/\/airrent.ge\/wp-content\/uploads\/2026\/03\/airrent.png","contentUrl":"https:\/\/airrent.ge\/wp-content\/uploads\/2026\/03\/airrent.png","width":1536,"height":1024,"caption":"airrent.ge"},"image":{"@id":"https:\/\/airrent.ge\/#\/schema\/logo\/image\/"}}]}},"_links":{"self":[{"href":"https:\/\/airrent.ge\/az\/wp-json\/wp\/v2\/product\/37823","targetHints":{"allow":["GET"]}}],"collection":[{"href":"https:\/\/airrent.ge\/az\/wp-json\/wp\/v2\/product"}],"about":[{"href":"https:\/\/airrent.ge\/az\/wp-json\/wp\/v2\/types\/product"}],"wp:featuredmedia":[{"embeddable":true,"href":"https:\/\/airrent.ge\/az\/wp-json\/wp\/v2\/media\/37817"}],"wp:attachment":[{"href":"https:\/\/airrent.ge\/az\/wp-json\/wp\/v2\/media?parent=37823"}],"wp:term":[{"taxonomy":"product_brand","embeddable":true,"href":"https:\/\/airrent.ge\/az\/wp-json\/wp\/v2\/product_brand?post=37823"},{"taxonomy":"product_cat","embeddable":true,"href":"https:\/\/airrent.ge\/az\/wp-json\/wp\/v2\/product_cat?post=37823"},{"taxonomy":"product_tag","embeddable":true,"href":"https:\/\/airrent.ge\/az\/wp-json\/wp\/v2\/product_tag?post=37823"}],"curies":[{"name":"wp","href":"https:\/\/api.w.org\/{rel}","templated":true}]}}