{"id":37864,"date":"2025-09-08T16:47:44","date_gmt":"2025-09-08T12:47:44","guid":{"rendered":"https:\/\/airsystems.ge\/shop\/product\/cfc-w-clean-filtering-cassettes-clean-filtering-cassette-with-a-ventilation-grille-hepa-filter-cassette\/"},"modified":"2025-09-08T17:07:59","modified_gmt":"2025-09-08T13:07:59","slug":"cfc-w-clean-filtering-cassettes-clean-filtering-cassette-with-a-ventilation-grille-hepa-filter-cassette","status":"publish","type":"product","link":"https:\/\/airrent.ge\/az\/product\/cfc-w-clean-filtering-cassettes-clean-filtering-cassette-with-a-ventilation-grille-hepa-filter-cassette\/","title":{"rendered":"CFC-W T\u0259miz Filtrl\u0259m\u0259 Kasetl\u0259ri Filtrl\u0259m\u0259 kasetini havaland\u0131rma barmaql\u0131\u011f\u0131 il\u0259 t\u0259mizl\u0259yin. HEPA filtr kaseti"},"content":{"rendered":"<div class=\"mb-400 gtm-product-section container-fluid\" data-gtm-name=\"Benefits\" data-gtm-label=\"Benefits (en)\" data-gtm-vis-first-on-screen53434917_103=\"30631\" data-gtm-vis-total-visible-time53434917_103=\"1500\" data-gtm-vis-has-fired53434917_103=\"1\">\n<div class=\"row\">\n<div class=\"content-element content-element-product-benefit col-12 sm:col-6 mb-400\">\n<div class=\"bg-card px-300 py-250 mobile-nav:px-200 mobile-nav:py-150 h-full flex overflow-hidden card-border\">\n<div class=\"min-w-0\">\n<p><strong>Y\u00fcks\u0259k effektiv filtrasiya<\/strong><br \/>\nCFC-W gigiyena v\u0259 hiss\u0259ciksiz m\u00fchit \u00fc\u00e7\u00fcn y\u00fcks\u0259k t\u0259l\u0259bl\u0259r olan \u0259razil\u0259r\u0259 veril\u0259n havan\u0131n s\u00fcz\u00fclm\u0259si \u00fc\u00e7\u00fcn n\u0259z\u0259rd\u0259 tutulmu\u015fdur.<\/p>\n<p>&nbsp;<\/p>\n<p><strong>Polad t\u0259b\u0259q\u0259<\/strong><br \/>\nCFC-W standart olaraq 30% a\u011f RAL9003 parlaql\u0131\u011f\u0131 olan toz \u00f6rt\u00fckl\u00fc karbon polad t\u0259b\u0259q\u0259d\u0259n haz\u0131rlanm\u0131\u015fd\u0131r.<\/p>\n<p>&nbsp;<\/p>\n<p><strong>Uy\u011funla\u015fa bil\u0259n qura\u015fd\u0131rma<\/strong><br \/>\nCFC-W m\u00fcxt\u0259lif n\u00f6v divarlara qura\u015fd\u0131rmaq \u00fc\u00e7\u00fcn uy\u011fundur.<\/p>\n<p>CFC-W, ciddi gigiyena t\u0259l\u0259bl\u0259ri olan v\u0259 hiss\u0259ciksiz m\u00fchitl\u0259rd\u0259 y\u00fcks\u0259k s\u0259viyy\u0259li filtrasiya t\u0259min etm\u0259k \u00fc\u00e7\u00fcn n\u0259z\u0259rd\u0259 tutulmu\u015f t\u0259miz filtrl\u0259m\u0259 kasetidir. Buraya \u0259m\u0259liyyat otaqlar\u0131, reanimasiya \u015f\u00f6b\u0259l\u0259ri, laboratoriyalar v\u0259 t\u0259miz istehsal sah\u0259l\u0259ri daxildir. Daha az \u00e7\u0259tin t\u0259tbiql\u0259r \u00fc\u00e7\u00fcn versiya da m\u00f6vcuddur. M\u00fcxt\u0259lif n\u00f6v divarlara qura\u015fd\u0131rmaq \u00fc\u00e7\u00fcn n\u0259z\u0259rd\u0259 tutulmu\u015fdur. O, sad\u0259 qulluq v\u0259 t\u0259mizl\u0259m\u0259 \u00fc\u00e7\u00fcn n\u0259z\u0259rd\u0259 tutulmu\u015fdur v\u0259 filtr contas\u0131n\u0131n s\u0131xl\u0131\u011f\u0131n\u0131 v\u0259 t\u0131xanma s\u0259viyy\u0259sini yoxlamaq imkan\u0131na malikdir.<\/p>\n<p>CFC-W filtri standart olaraq toz \u00f6rt\u00fckl\u00fc s\u0259thi, siqnal a\u011f RAL9003 parlaql\u0131\u011f\u0131 30% olan karbon polad t\u0259b\u0259q\u0259d\u0259n haz\u0131rlan\u0131r. \u0130st\u0259y\u0259 g\u00f6r\u0259 dig\u0259r RAL r\u0259ngl\u0259ri m\u00f6vcuddur. T\u0259miz s\u00fczg\u0259c kasetl\u0259rinin korpuslar\u0131nda olan struktur birl\u0259\u015fm\u0259l\u0259r filtrin qar\u015f\u0131s\u0131nda v\u0259 arxas\u0131nda kassetin hermetikliyini t\u0259min etm\u0259k \u00fc\u00e7\u00fcn ard\u0131c\u0131l olaraq qaynaqlan\u0131r.<\/p>\n<\/div>\n<\/div>\n<\/div>\n<\/div>\n<\/div>\n","protected":false},"excerpt":{"rendered":"<div>\n<p>CFC-W T\u0259miz Filtrl\u0259m\u0259 Kasetl\u0259ri Filtrl\u0259m\u0259 kasetini havaland\u0131rma barmaql\u0131\u011f\u0131 il\u0259 t\u0259mizl\u0259yin.<br \/>\nHEPA filtr kaseti<\/p>\n<p>Uy\u011funla\u015fa bil\u0259n divar qura\u015fd\u0131r\u0131lmas\u0131<\/p>\n<p>Y\u00fcks\u0259k s\u0259m\u0259r\u0259lilik<\/p>\n<p>Sad\u0259 qulluq<\/p>\n<\/div>\n<div>\n<div class=\"dropdown-wrapper\"><select class=\"form-dropdown form-input\"><option value=\"A-CFC-W\">CFC-W<\/option><option value=\"229832\">CFC-W-610x305x80-SW<\/option><\/select><\/div>\n<\/div>\n<div class=\"gtm-sku-info flex flex-col gap-y-050 text-label-tiny text-neutral-600\">\n<div class=\"flex flex-wrap items-baseline gap-x-100 gap-y-025\"><span class=\"gtm-article-name\">CFC-W<\/span><span class=\"whitespace-nowrap gtm-article-number text-base font-bold\">#A-CFC-W<\/span><\/div>\n<\/div>\n","protected":false},"featured_media":37847,"template":"","meta":[],"product_brand":[],"product_cat":[1896,1843,1966],"product_tag":[],"class_list":{"0":"post-37864","1":"product","2":"type-product","3":"status-publish","4":"has-post-thumbnail","6":"product_cat-diffuzor-havalandirma-ucun-diffuzorlar","7":"product_cat-hava-paylayici-mhsullar","8":"product_cat-tmiz-filtrlm-kasetlri","10":"first","11":"instock","12":"shipping-taxable","13":"product-type-simple"},"yoast_head":"<!-- This site is optimized with the Yoast SEO plugin v27.1.1 - https:\/\/yoast.com\/product\/yoast-seo-wordpress\/ -->\n<title>CFC-W T\u0259miz Filtrl\u0259m\u0259 Kasetl\u0259ri Filtrl\u0259m\u0259 kasetini havaland\u0131rma barmaql\u0131\u011f\u0131 il\u0259 t\u0259mizl\u0259yin. HEPA filtr kaseti - AirRent.ge<\/title>\n<meta name=\"robots\" content=\"index, follow, max-snippet:-1, max-image-preview:large, max-video-preview:-1\" \/>\n<link rel=\"canonical\" href=\"https:\/\/airrent.ge\/az\/product\/cfc-w-clean-filtering-cassettes-clean-filtering-cassette-with-a-ventilation-grille-hepa-filter-cassette\/\" \/>\n<meta property=\"og:locale\" content=\"az_AZ\" \/>\n<meta property=\"og:type\" content=\"article\" \/>\n<meta property=\"og:title\" content=\"CFC-W T\u0259miz Filtrl\u0259m\u0259 Kasetl\u0259ri Filtrl\u0259m\u0259 kasetini havaland\u0131rma barmaql\u0131\u011f\u0131 il\u0259 t\u0259mizl\u0259yin. HEPA filtr kaseti - AirRent.ge\" \/>\n<meta property=\"og:description\" content=\"CFC-W T\u0259miz Filtrl\u0259m\u0259 Kasetl\u0259ri Filtrl\u0259m\u0259 kasetini havaland\u0131rma barmaql\u0131\u011f\u0131 il\u0259 t\u0259mizl\u0259yin. HEPA filtr kaseti  Uy\u011funla\u015fa bil\u0259n divar qura\u015fd\u0131r\u0131lmas\u0131  Y\u00fcks\u0259k s\u0259m\u0259r\u0259lilik  Sad\u0259 qulluq     CFC-W CFC-W-610x305x80-SW    CFC-W#A-CFC-W\" \/>\n<meta property=\"og:url\" content=\"https:\/\/airrent.ge\/az\/product\/cfc-w-clean-filtering-cassettes-clean-filtering-cassette-with-a-ventilation-grille-hepa-filter-cassette\/\" \/>\n<meta property=\"og:site_name\" content=\"AirRent.ge\" \/>\n<meta property=\"article:modified_time\" content=\"2025-09-08T13:07:59+00:00\" \/>\n<meta property=\"og:image\" content=\"https:\/\/airrent.ge\/wp-content\/uploads\/2025\/09\/RENDERING_CFC-W_HQ.jpg\" \/>\n\t<meta property=\"og:image:width\" content=\"384\" \/>\n\t<meta property=\"og:image:height\" content=\"288\" \/>\n\t<meta property=\"og:image:type\" content=\"image\/jpeg\" \/>\n<meta name=\"twitter:card\" content=\"summary_large_image\" \/>\n<meta name=\"twitter:label1\" content=\"Est. reading time\" \/>\n\t<meta name=\"twitter:data1\" content=\"1 minute\" \/>\n<script type=\"application\/ld+json\" class=\"yoast-schema-graph\">{\"@context\":\"https:\/\/schema.org\",\"@graph\":[{\"@type\":\"WebPage\",\"@id\":\"https:\/\/airrent.ge\/az\/product\/cfc-w-clean-filtering-cassettes-clean-filtering-cassette-with-a-ventilation-grille-hepa-filter-cassette\/\",\"url\":\"https:\/\/airrent.ge\/az\/product\/cfc-w-clean-filtering-cassettes-clean-filtering-cassette-with-a-ventilation-grille-hepa-filter-cassette\/\",\"name\":\"CFC-W T\u0259miz Filtrl\u0259m\u0259 Kasetl\u0259ri Filtrl\u0259m\u0259 kasetini havaland\u0131rma barmaql\u0131\u011f\u0131 il\u0259 t\u0259mizl\u0259yin. HEPA filtr kaseti - AirRent.ge\",\"isPartOf\":{\"@id\":\"https:\/\/airrent.ge\/#website\"},\"primaryImageOfPage\":{\"@id\":\"https:\/\/airrent.ge\/az\/product\/cfc-w-clean-filtering-cassettes-clean-filtering-cassette-with-a-ventilation-grille-hepa-filter-cassette\/#primaryimage\"},\"image\":{\"@id\":\"https:\/\/airrent.ge\/az\/product\/cfc-w-clean-filtering-cassettes-clean-filtering-cassette-with-a-ventilation-grille-hepa-filter-cassette\/#primaryimage\"},\"thumbnailUrl\":\"https:\/\/airrent.ge\/wp-content\/uploads\/2025\/09\/RENDERING_CFC-W_HQ.jpg\",\"datePublished\":\"2025-09-08T12:47:44+00:00\",\"dateModified\":\"2025-09-08T13:07:59+00:00\",\"breadcrumb\":{\"@id\":\"https:\/\/airrent.ge\/az\/product\/cfc-w-clean-filtering-cassettes-clean-filtering-cassette-with-a-ventilation-grille-hepa-filter-cassette\/#breadcrumb\"},\"inLanguage\":\"az\",\"potentialAction\":[{\"@type\":\"ReadAction\",\"target\":[\"https:\/\/airrent.ge\/az\/product\/cfc-w-clean-filtering-cassettes-clean-filtering-cassette-with-a-ventilation-grille-hepa-filter-cassette\/\"]}]},{\"@type\":\"ImageObject\",\"inLanguage\":\"az\",\"@id\":\"https:\/\/airrent.ge\/az\/product\/cfc-w-clean-filtering-cassettes-clean-filtering-cassette-with-a-ventilation-grille-hepa-filter-cassette\/#primaryimage\",\"url\":\"https:\/\/airrent.ge\/wp-content\/uploads\/2025\/09\/RENDERING_CFC-W_HQ.jpg\",\"contentUrl\":\"https:\/\/airrent.ge\/wp-content\/uploads\/2025\/09\/RENDERING_CFC-W_HQ.jpg\",\"width\":384,\"height\":288},{\"@type\":\"BreadcrumbList\",\"@id\":\"https:\/\/airrent.ge\/az\/product\/cfc-w-clean-filtering-cassettes-clean-filtering-cassette-with-a-ventilation-grille-hepa-filter-cassette\/#breadcrumb\",\"itemListElement\":[{\"@type\":\"ListItem\",\"position\":1,\"name\":\"Home\",\"item\":\"https:\/\/airrent.ge\/az\/home\/\"},{\"@type\":\"ListItem\",\"position\":2,\"name\":\"M\u0259hsullar\",\"item\":\"https:\/\/airrent.ge\/az\/products\/\"},{\"@type\":\"ListItem\",\"position\":3,\"name\":\"CFC-W T\u0259miz Filtrl\u0259m\u0259 Kasetl\u0259ri Filtrl\u0259m\u0259 kasetini havaland\u0131rma barmaql\u0131\u011f\u0131 il\u0259 t\u0259mizl\u0259yin. HEPA filtr kaseti\"}]},{\"@type\":\"WebSite\",\"@id\":\"https:\/\/airrent.ge\/#website\",\"url\":\"https:\/\/airrent.ge\/\",\"name\":\"airrent.ge\",\"description\":\"Rental Services\",\"publisher\":{\"@id\":\"https:\/\/airrent.ge\/#organization\"},\"potentialAction\":[{\"@type\":\"SearchAction\",\"target\":{\"@type\":\"EntryPoint\",\"urlTemplate\":\"https:\/\/airrent.ge\/?s={search_term_string}\"},\"query-input\":{\"@type\":\"PropertyValueSpecification\",\"valueRequired\":true,\"valueName\":\"search_term_string\"}}],\"inLanguage\":\"az\"},{\"@type\":\"Organization\",\"@id\":\"https:\/\/airrent.ge\/#organization\",\"name\":\"airrent.ge\",\"url\":\"https:\/\/airrent.ge\/\",\"logo\":{\"@type\":\"ImageObject\",\"inLanguage\":\"az\",\"@id\":\"https:\/\/airrent.ge\/#\/schema\/logo\/image\/\",\"url\":\"https:\/\/airrent.ge\/wp-content\/uploads\/2026\/03\/airrent.png\",\"contentUrl\":\"https:\/\/airrent.ge\/wp-content\/uploads\/2026\/03\/airrent.png\",\"width\":1536,\"height\":1024,\"caption\":\"airrent.ge\"},\"image\":{\"@id\":\"https:\/\/airrent.ge\/#\/schema\/logo\/image\/\"}}]}<\/script>\n<!-- \/ Yoast SEO plugin. -->","yoast_head_json":{"title":"CFC-W T\u0259miz Filtrl\u0259m\u0259 Kasetl\u0259ri Filtrl\u0259m\u0259 kasetini havaland\u0131rma barmaql\u0131\u011f\u0131 il\u0259 t\u0259mizl\u0259yin. HEPA filtr kaseti - AirRent.ge","robots":{"index":"index","follow":"follow","max-snippet":"max-snippet:-1","max-image-preview":"max-image-preview:large","max-video-preview":"max-video-preview:-1"},"canonical":"https:\/\/airrent.ge\/az\/product\/cfc-w-clean-filtering-cassettes-clean-filtering-cassette-with-a-ventilation-grille-hepa-filter-cassette\/","og_locale":"az_AZ","og_type":"article","og_title":"CFC-W T\u0259miz Filtrl\u0259m\u0259 Kasetl\u0259ri Filtrl\u0259m\u0259 kasetini havaland\u0131rma barmaql\u0131\u011f\u0131 il\u0259 t\u0259mizl\u0259yin. HEPA filtr kaseti - AirRent.ge","og_description":"CFC-W T\u0259miz Filtrl\u0259m\u0259 Kasetl\u0259ri Filtrl\u0259m\u0259 kasetini havaland\u0131rma barmaql\u0131\u011f\u0131 il\u0259 t\u0259mizl\u0259yin. HEPA filtr kaseti  Uy\u011funla\u015fa bil\u0259n divar qura\u015fd\u0131r\u0131lmas\u0131  Y\u00fcks\u0259k s\u0259m\u0259r\u0259lilik  Sad\u0259 qulluq     CFC-W CFC-W-610x305x80-SW    CFC-W#A-CFC-W","og_url":"https:\/\/airrent.ge\/az\/product\/cfc-w-clean-filtering-cassettes-clean-filtering-cassette-with-a-ventilation-grille-hepa-filter-cassette\/","og_site_name":"AirRent.ge","article_modified_time":"2025-09-08T13:07:59+00:00","og_image":[{"width":384,"height":288,"url":"https:\/\/airrent.ge\/wp-content\/uploads\/2025\/09\/RENDERING_CFC-W_HQ.jpg","type":"image\/jpeg"}],"twitter_card":"summary_large_image","twitter_misc":{"Est. reading time":"1 minute"},"schema":{"@context":"https:\/\/schema.org","@graph":[{"@type":"WebPage","@id":"https:\/\/airrent.ge\/az\/product\/cfc-w-clean-filtering-cassettes-clean-filtering-cassette-with-a-ventilation-grille-hepa-filter-cassette\/","url":"https:\/\/airrent.ge\/az\/product\/cfc-w-clean-filtering-cassettes-clean-filtering-cassette-with-a-ventilation-grille-hepa-filter-cassette\/","name":"CFC-W T\u0259miz Filtrl\u0259m\u0259 Kasetl\u0259ri Filtrl\u0259m\u0259 kasetini havaland\u0131rma barmaql\u0131\u011f\u0131 il\u0259 t\u0259mizl\u0259yin. HEPA filtr kaseti - AirRent.ge","isPartOf":{"@id":"https:\/\/airrent.ge\/#website"},"primaryImageOfPage":{"@id":"https:\/\/airrent.ge\/az\/product\/cfc-w-clean-filtering-cassettes-clean-filtering-cassette-with-a-ventilation-grille-hepa-filter-cassette\/#primaryimage"},"image":{"@id":"https:\/\/airrent.ge\/az\/product\/cfc-w-clean-filtering-cassettes-clean-filtering-cassette-with-a-ventilation-grille-hepa-filter-cassette\/#primaryimage"},"thumbnailUrl":"https:\/\/airrent.ge\/wp-content\/uploads\/2025\/09\/RENDERING_CFC-W_HQ.jpg","datePublished":"2025-09-08T12:47:44+00:00","dateModified":"2025-09-08T13:07:59+00:00","breadcrumb":{"@id":"https:\/\/airrent.ge\/az\/product\/cfc-w-clean-filtering-cassettes-clean-filtering-cassette-with-a-ventilation-grille-hepa-filter-cassette\/#breadcrumb"},"inLanguage":"az","potentialAction":[{"@type":"ReadAction","target":["https:\/\/airrent.ge\/az\/product\/cfc-w-clean-filtering-cassettes-clean-filtering-cassette-with-a-ventilation-grille-hepa-filter-cassette\/"]}]},{"@type":"ImageObject","inLanguage":"az","@id":"https:\/\/airrent.ge\/az\/product\/cfc-w-clean-filtering-cassettes-clean-filtering-cassette-with-a-ventilation-grille-hepa-filter-cassette\/#primaryimage","url":"https:\/\/airrent.ge\/wp-content\/uploads\/2025\/09\/RENDERING_CFC-W_HQ.jpg","contentUrl":"https:\/\/airrent.ge\/wp-content\/uploads\/2025\/09\/RENDERING_CFC-W_HQ.jpg","width":384,"height":288},{"@type":"BreadcrumbList","@id":"https:\/\/airrent.ge\/az\/product\/cfc-w-clean-filtering-cassettes-clean-filtering-cassette-with-a-ventilation-grille-hepa-filter-cassette\/#breadcrumb","itemListElement":[{"@type":"ListItem","position":1,"name":"Home","item":"https:\/\/airrent.ge\/az\/home\/"},{"@type":"ListItem","position":2,"name":"M\u0259hsullar","item":"https:\/\/airrent.ge\/az\/products\/"},{"@type":"ListItem","position":3,"name":"CFC-W T\u0259miz Filtrl\u0259m\u0259 Kasetl\u0259ri Filtrl\u0259m\u0259 kasetini havaland\u0131rma barmaql\u0131\u011f\u0131 il\u0259 t\u0259mizl\u0259yin. HEPA filtr kaseti"}]},{"@type":"WebSite","@id":"https:\/\/airrent.ge\/#website","url":"https:\/\/airrent.ge\/","name":"airrent.ge","description":"Rental Services","publisher":{"@id":"https:\/\/airrent.ge\/#organization"},"potentialAction":[{"@type":"SearchAction","target":{"@type":"EntryPoint","urlTemplate":"https:\/\/airrent.ge\/?s={search_term_string}"},"query-input":{"@type":"PropertyValueSpecification","valueRequired":true,"valueName":"search_term_string"}}],"inLanguage":"az"},{"@type":"Organization","@id":"https:\/\/airrent.ge\/#organization","name":"airrent.ge","url":"https:\/\/airrent.ge\/","logo":{"@type":"ImageObject","inLanguage":"az","@id":"https:\/\/airrent.ge\/#\/schema\/logo\/image\/","url":"https:\/\/airrent.ge\/wp-content\/uploads\/2026\/03\/airrent.png","contentUrl":"https:\/\/airrent.ge\/wp-content\/uploads\/2026\/03\/airrent.png","width":1536,"height":1024,"caption":"airrent.ge"},"image":{"@id":"https:\/\/airrent.ge\/#\/schema\/logo\/image\/"}}]}},"_links":{"self":[{"href":"https:\/\/airrent.ge\/az\/wp-json\/wp\/v2\/product\/37864","targetHints":{"allow":["GET"]}}],"collection":[{"href":"https:\/\/airrent.ge\/az\/wp-json\/wp\/v2\/product"}],"about":[{"href":"https:\/\/airrent.ge\/az\/wp-json\/wp\/v2\/types\/product"}],"wp:featuredmedia":[{"embeddable":true,"href":"https:\/\/airrent.ge\/az\/wp-json\/wp\/v2\/media\/37847"}],"wp:attachment":[{"href":"https:\/\/airrent.ge\/az\/wp-json\/wp\/v2\/media?parent=37864"}],"wp:term":[{"taxonomy":"product_brand","embeddable":true,"href":"https:\/\/airrent.ge\/az\/wp-json\/wp\/v2\/product_brand?post=37864"},{"taxonomy":"product_cat","embeddable":true,"href":"https:\/\/airrent.ge\/az\/wp-json\/wp\/v2\/product_cat?post=37864"},{"taxonomy":"product_tag","embeddable":true,"href":"https:\/\/airrent.ge\/az\/wp-json\/wp\/v2\/product_tag?post=37864"}],"curies":[{"name":"wp","href":"https:\/\/api.w.org\/{rel}","templated":true}]}}