{"id":37979,"date":"2025-09-08T18:01:59","date_gmt":"2025-09-08T14:01:59","guid":{"rendered":"https:\/\/airsystems.ge\/shop\/product\/ov-s-transfer-units-square-wall-air-transfer-device\/"},"modified":"2025-09-08T18:19:53","modified_gmt":"2025-09-08T14:19:53","slug":"ov-s-transfer-units-square-wall-air-transfer-device","status":"publish","type":"product","link":"https:\/\/airrent.ge\/az\/product\/ov-s-transfer-units-square-wall-air-transfer-device\/","title":{"rendered":"OV-S \u00f6t\u00fcrm\u0259 vahidl\u0259ri Kvadrat divar hava \u00f6t\u00fcrm\u0259 cihaz\u0131"},"content":{"rendered":"<div class=\"mb-400 gtm-product-section container-fluid\" data-gtm-name=\"Benefits\" data-gtm-label=\"Benefits (en)\" data-gtm-vis-recent-on-screen53434917_103=\"93061\" data-gtm-vis-first-on-screen53434917_103=\"93061\" data-gtm-vis-total-visible-time53434917_103=\"1500\" data-gtm-vis-has-fired53434917_103=\"1\">\n<div class=\"row\">\n<div class=\"content-element content-element-product-benefit col-12 sm:col-6 mb-400\">\n<div class=\"bg-card px-300 py-250 mobile-nav:px-200 mobile-nav:py-150 h-full flex overflow-hidden card-border\">\n<div class=\"min-w-0\">\n<h2 class=\"mb-100 h3\"><img loading=\"lazy\" decoding=\"async\" class=\"alignnone size-full wp-image-37951\" src=\"https:\/\/airsystems.ge\/shop\/wp-content\/uploads\/2025\/09\/filters_quality80-36.webp\" alt=\"\" width=\"1920\" height=\"648\" srcset=\"https:\/\/airrent.ge\/wp-content\/uploads\/2025\/09\/filters_quality80-36.webp 1920w, https:\/\/airrent.ge\/wp-content\/uploads\/2025\/09\/filters_quality80-36-400x135.webp 400w, https:\/\/airrent.ge\/wp-content\/uploads\/2025\/09\/filters_quality80-36-1300x439.webp 1300w, https:\/\/airrent.ge\/wp-content\/uploads\/2025\/09\/filters_quality80-36-768x259.webp 768w, https:\/\/airrent.ge\/wp-content\/uploads\/2025\/09\/filters_quality80-36-1536x518.webp 1536w, https:\/\/airrent.ge\/wp-content\/uploads\/2025\/09\/filters_quality80-36-860x290.webp 860w, https:\/\/airrent.ge\/wp-content\/uploads\/2025\/09\/filters_quality80-36-430x145.webp 430w, https:\/\/airrent.ge\/wp-content\/uploads\/2025\/09\/filters_quality80-36-700x236.webp 700w, https:\/\/airrent.ge\/wp-content\/uploads\/2025\/09\/filters_quality80-36-150x51.webp 150w\" sizes=\"auto, (max-width: 1920px) 100vw, 1920px\" \/><\/h2>\n<\/div>\n<\/div>\n<\/div>\n<\/div>\n<\/div>\n<div class=\"content-container content-container-page gtm-product-section\" data-gtm-name=\"Content\" data-gtm-label=\"Content (en)\" data-gtm-vis-recent-on-screen53434917_103=\"93470\" data-gtm-vis-first-on-screen53434917_103=\"93470\" data-gtm-vis-total-visible-time53434917_103=\"1500\" data-gtm-vis-has-fired53434917_103=\"1\">\n<div id=\"scroll-56e32619\" class=\"content-element content-element-grid gtm-component-grid mb-400 overflow-x-hidden container-screen px-0\">\n<div class=\"row mx-0 md:mx-0 pb-400 gap-y-0\">\n<div class=\"content-container content-container-grid-cell px-0 col-12 md:col-4 lg:col-4\">\n<div class=\"content-element content-element-divider gtm-component-divider container-fluid\">\n<div class=\"row\">\n<div class=\"md:col-7 md:offset-1\">\n<div class=\"\">\n<hr class=\"m-0 border-none\" \/>\n<\/div>\n<\/div>\n<\/div>\n<\/div>\n<\/div>\n<div class=\"content-container content-container-grid-cell px-0 col-12 md:col-4 lg:col-4\">\n<div id=\"scroll-93faf030\" class=\"break-words hyphens-auto content-element content-element-stat Stat_stat__1ggk2 Stat_stat--size-l__U0qD1 Stat_stat--color-cool__OWgK6 Stat_stat--is-card__QFUIr Stat_stat--is-in-grid__VRgRO\">\n<div class=\"Stat_text___1hYL\">\n<div class=\"richtext-wrap reset-margin-last\">\n<p><strong>S\u0259m\u0259r\u0259lilik<\/strong><br \/>\nOV-S hava \u00f6t\u00fcrm\u0259 s\u0259m\u0259r\u0259liliyind\u0259 g\u00fcz\u0259\u015ft\u0259 getmir. Otaqlar aras\u0131nda hava m\u00fcbadil\u0259sinin h\u0259m effektiv, h\u0259m d\u0259 q\u00fcsursuz olmas\u0131n\u0131 t\u0259min ed\u0259r\u0259k, a\u015fa\u011f\u0131 hava \u00f6t\u00fcrm\u0259 m\u00fcqavim\u0259tini saxlamaq \u00fc\u00e7\u00fcn n\u0259z\u0259rd\u0259 tutulmu\u015fdur.<\/p>\n<p><strong>Parlaq Dizayn<\/strong><br \/>\nG\u00fccl\u00fc performans\u0131na baxmayaraq, OV-S g\u00f6z\u0259 \u00e7arpmayan, inc\u0259 v\u0259 y\u0131\u011fcam dizayn\u0131 il\u0259 \u00f6y\u00fcn\u00fcr. Bu estetik m\u00fclahiz\u0259 cihaz\u0131n divara q\u00fcsursuz \u015f\u0259kild\u0259 inteqrasiyas\u0131n\u0131 t\u0259min ed\u0259r\u0259k, m\u0259kan\u0131n \u00fcmumi g\u00f6r\u00fcn\u00fc\u015f\u00fcn\u00fc tamamlay\u0131r.<\/p>\n<p><strong>Asan Qura\u015fd\u0131rma<\/strong><br \/>\nOV-S istifad\u0259\u00e7i dostu qura\u015fd\u0131rma prosesi il\u0259 f\u0259xr edir. Dizayn asan v\u0259 s\u00fcr\u0259tli qura\u015fd\u0131rmaya imkan verir<\/p>\n<p><strong>Tikinti<\/strong><br \/>\nOV-S davaml\u0131l\u0131\u011f\u0131 v\u0259 davaml\u0131l\u0131\u011f\u0131 vur\u011fulayaraq a\u015fa\u011f\u0131 karbonlu poladdan haz\u0131rlanm\u0131\u015fd\u0131r. \u0130ki \u00f6rt\u00fck, daxili t\u0259r\u0259fl\u0259rind\u0259 akustik z\u0259ifl\u0259d\u0259n k\u00f6p\u00fck inlaylar\u0131na malikdir v\u0259 optimal performansa nail olma\u011fa y\u00f6n\u0259lmi\u015f vasvas\u0131 dizayn yana\u015fmas\u0131n\u0131 n\u00fcmayi\u015f etdirir.<\/p>\n<p>OV-S ya\u015fay\u0131\u015f, otel v\u0259 ofis \u015f\u0259raitl\u0259rind\u0259 qon\u015fu otaqlar \u00fc\u00e7\u00fcn x\u00fcsusi olaraq haz\u0131rlanm\u0131\u015f y\u00fcks\u0259k performansl\u0131 hava \u00f6t\u00fcrm\u0259 cihaz\u0131 kimi dayan\u0131r. Onun \u0259sas m\u0259qs\u0259di \u0259traf m\u00fchitin akustik aspektl\u0259rini h\u0259ll ed\u0259rk\u0259n hava d\u00f6vran\u0131n\u0131 asanla\u015fd\u0131rmaqd\u0131r.<\/p>\n<p>Akustik imkanlar\u0131n\u0131 art\u0131rmaq \u00fc\u00e7\u00fcn OV-S paketinin bir hiss\u0259si kimi AL-OV-R akustik astarla birlikd\u0259 g\u0259lir. Bu aksessuar s\u0259s-k\u00fcy\u00fcn azald\u0131lmas\u0131na daha da t\u00f6hf\u0259 verir v\u0259 OV-S-ni s\u0259sin idar\u0259 edilm\u0259si \u00fc\u00e7\u00fcn kompleks h\u0259ll edir.<\/p>\n<p><strong>Sifari\u015finiz, t\u0259rziniz!<\/strong><br \/>\nM\u0259hsulumuz sizin se\u00e7iml\u0259riniz\u0259 uy\u011funla\u015fd\u0131r\u0131la bil\u0259r v\u0259 estetik bax\u0131\u015f\u0131n\u0131za m\u00fck\u0259mm\u0259l uy\u011funla\u015fmaq \u00fc\u00e7\u00fcn onu ist\u0259nil\u0259n RAL kodu s\u0259thi il\u0259 sifari\u015f etm\u0259y\u0259 imkan verir.<\/p>\n<\/div>\n<\/div>\n<\/div>\n<\/div>\n<\/div>\n<\/div>\n<\/div>\n","protected":false},"excerpt":{"rendered":"<div>\n<h1 class=\"text-xl mb-0 text-base\">OV-S \u00f6t\u00fcrm\u0259 vahidl\u0259ri<\/h1>\n<p>M\u00f6ht\u0259\u015f\u0259m s\u0259s z\u0259ifl\u0259m\u0259si<\/p>\n<p>\u018fm\u0259liyyat zaman\u0131 yaranan a\u015fa\u011f\u0131 s\u0259s s\u0259viyy\u0259si<\/p>\n<p>A\u015fa\u011f\u0131 hava \u00f6t\u00fcrm\u0259 m\u00fcqavim\u0259ti<\/p>\n<p>G\u00f6z\u0259 \u00e7arpmayan, inc\u0259 v\u0259 y\u0131\u011fcam dizayn<\/p>\n<p>Asan v\u0259 s\u00fcr\u0259tli qura\u015fd\u0131rma<\/p>\n<p>AL-OV-R astarl\u0131 d\u00f6\u015f\u0259kl\u0259 birlikd\u0259 verilir<\/p>\n<\/div>\n<div>\n<div class=\"dropdown-wrapper\"><select class=\"form-dropdown form-input\"><option value=\"A-OV-S\">OV-S<\/option><option value=\"454573\">OV-S-100-SW<\/option><option value=\"454574\">OV-S-125-SW<\/option><option value=\"454575\">OV-S-160-SW<\/option><option value=\"454576\">OV-S-200-SW<\/option><\/select><\/div>\n<\/div>\n<div class=\"gtm-sku-info flex flex-col gap-y-050 text-label-tiny text-neutral-600\">\n<div class=\"flex flex-wrap items-baseline gap-x-100 gap-y-025\"><span class=\"gtm-article-name\">OV-S<\/span><span class=\"whitespace-nowrap gtm-article-number text-base font-bold\">#A-OV-S<\/span><\/div>\n<\/div>\n","protected":false},"featured_media":37968,"template":"","meta":[],"product_brand":[],"product_cat":[1896,1843,1947,1944],"product_tag":[],"class_list":{"0":"post-37979","1":"product","2":"type-product","3":"status-publish","4":"has-post-thumbnail","6":"product_cat-diffuzor-havalandirma-ucun-diffuzorlar","7":"product_cat-hava-paylayici-mhsullar","8":"product_cat-ov-kocurm-vahidlri","9":"product_cat-transfer-vahidlri","11":"first","12":"instock","13":"shipping-taxable","14":"product-type-simple"},"yoast_head":"<!-- This site is optimized with the Yoast SEO plugin v27.1.1 - https:\/\/yoast.com\/product\/yoast-seo-wordpress\/ -->\n<title>OV-S \u00f6t\u00fcrm\u0259 vahidl\u0259ri Kvadrat divar hava \u00f6t\u00fcrm\u0259 cihaz\u0131 - AirRent.ge<\/title>\n<meta name=\"robots\" content=\"index, follow, max-snippet:-1, max-image-preview:large, max-video-preview:-1\" \/>\n<link rel=\"canonical\" href=\"https:\/\/airrent.ge\/az\/product\/ov-s-transfer-units-square-wall-air-transfer-device\/\" \/>\n<meta property=\"og:locale\" content=\"az_AZ\" \/>\n<meta property=\"og:type\" content=\"article\" \/>\n<meta property=\"og:title\" content=\"OV-S \u00f6t\u00fcrm\u0259 vahidl\u0259ri Kvadrat divar hava \u00f6t\u00fcrm\u0259 cihaz\u0131 - AirRent.ge\" \/>\n<meta property=\"og:description\" content=\"OV-S \u00f6t\u00fcrm\u0259 vahidl\u0259ri M\u00f6ht\u0259\u015f\u0259m s\u0259s z\u0259ifl\u0259m\u0259si  \u018fm\u0259liyyat zaman\u0131 yaranan a\u015fa\u011f\u0131 s\u0259s s\u0259viyy\u0259si  A\u015fa\u011f\u0131 hava \u00f6t\u00fcrm\u0259 m\u00fcqavim\u0259ti  G\u00f6z\u0259 \u00e7arpmayan, inc\u0259 v\u0259 y\u0131\u011fcam dizayn  Asan v\u0259 s\u00fcr\u0259tli qura\u015fd\u0131rma  AL-OV-R astarl\u0131 d\u00f6\u015f\u0259kl\u0259 birlikd\u0259 verilir     OV-S OV-S-100-SW OV-S-125-SW OV-S-160-SW OV-S-200-SW    OV-S#A-OV-S\" \/>\n<meta property=\"og:url\" content=\"https:\/\/airrent.ge\/az\/product\/ov-s-transfer-units-square-wall-air-transfer-device\/\" \/>\n<meta property=\"og:site_name\" content=\"AirRent.ge\" \/>\n<meta property=\"article:modified_time\" content=\"2025-09-08T14:19:53+00:00\" \/>\n<meta property=\"og:image\" content=\"https:\/\/airrent.ge\/wp-content\/uploads\/2025\/09\/ECOM_OV-S.jpg\" \/>\n\t<meta property=\"og:image:width\" content=\"384\" \/>\n\t<meta property=\"og:image:height\" content=\"277\" \/>\n\t<meta property=\"og:image:type\" content=\"image\/jpeg\" \/>\n<meta name=\"twitter:card\" content=\"summary_large_image\" \/>\n<meta name=\"twitter:label1\" content=\"Est. reading time\" \/>\n\t<meta name=\"twitter:data1\" content=\"2 minutes\" \/>\n<script type=\"application\/ld+json\" class=\"yoast-schema-graph\">{\"@context\":\"https:\/\/schema.org\",\"@graph\":[{\"@type\":\"WebPage\",\"@id\":\"https:\/\/airrent.ge\/az\/product\/ov-s-transfer-units-square-wall-air-transfer-device\/\",\"url\":\"https:\/\/airrent.ge\/az\/product\/ov-s-transfer-units-square-wall-air-transfer-device\/\",\"name\":\"OV-S \u00f6t\u00fcrm\u0259 vahidl\u0259ri Kvadrat divar hava \u00f6t\u00fcrm\u0259 cihaz\u0131 - AirRent.ge\",\"isPartOf\":{\"@id\":\"https:\/\/airrent.ge\/#website\"},\"primaryImageOfPage\":{\"@id\":\"https:\/\/airrent.ge\/az\/product\/ov-s-transfer-units-square-wall-air-transfer-device\/#primaryimage\"},\"image\":{\"@id\":\"https:\/\/airrent.ge\/az\/product\/ov-s-transfer-units-square-wall-air-transfer-device\/#primaryimage\"},\"thumbnailUrl\":\"https:\/\/airrent.ge\/wp-content\/uploads\/2025\/09\/ECOM_OV-S.jpg\",\"datePublished\":\"2025-09-08T14:01:59+00:00\",\"dateModified\":\"2025-09-08T14:19:53+00:00\",\"breadcrumb\":{\"@id\":\"https:\/\/airrent.ge\/az\/product\/ov-s-transfer-units-square-wall-air-transfer-device\/#breadcrumb\"},\"inLanguage\":\"az\",\"potentialAction\":[{\"@type\":\"ReadAction\",\"target\":[\"https:\/\/airrent.ge\/az\/product\/ov-s-transfer-units-square-wall-air-transfer-device\/\"]}]},{\"@type\":\"ImageObject\",\"inLanguage\":\"az\",\"@id\":\"https:\/\/airrent.ge\/az\/product\/ov-s-transfer-units-square-wall-air-transfer-device\/#primaryimage\",\"url\":\"https:\/\/airrent.ge\/wp-content\/uploads\/2025\/09\/ECOM_OV-S.jpg\",\"contentUrl\":\"https:\/\/airrent.ge\/wp-content\/uploads\/2025\/09\/ECOM_OV-S.jpg\",\"width\":384,\"height\":277},{\"@type\":\"BreadcrumbList\",\"@id\":\"https:\/\/airrent.ge\/az\/product\/ov-s-transfer-units-square-wall-air-transfer-device\/#breadcrumb\",\"itemListElement\":[{\"@type\":\"ListItem\",\"position\":1,\"name\":\"Home\",\"item\":\"https:\/\/airrent.ge\/az\/home\/\"},{\"@type\":\"ListItem\",\"position\":2,\"name\":\"M\u0259hsullar\",\"item\":\"https:\/\/airrent.ge\/az\/products\/\"},{\"@type\":\"ListItem\",\"position\":3,\"name\":\"OV-S \u00f6t\u00fcrm\u0259 vahidl\u0259ri Kvadrat divar hava \u00f6t\u00fcrm\u0259 cihaz\u0131\"}]},{\"@type\":\"WebSite\",\"@id\":\"https:\/\/airrent.ge\/#website\",\"url\":\"https:\/\/airrent.ge\/\",\"name\":\"airrent.ge\",\"description\":\"Rental Services\",\"publisher\":{\"@id\":\"https:\/\/airrent.ge\/#organization\"},\"potentialAction\":[{\"@type\":\"SearchAction\",\"target\":{\"@type\":\"EntryPoint\",\"urlTemplate\":\"https:\/\/airrent.ge\/?s={search_term_string}\"},\"query-input\":{\"@type\":\"PropertyValueSpecification\",\"valueRequired\":true,\"valueName\":\"search_term_string\"}}],\"inLanguage\":\"az\"},{\"@type\":\"Organization\",\"@id\":\"https:\/\/airrent.ge\/#organization\",\"name\":\"airrent.ge\",\"url\":\"https:\/\/airrent.ge\/\",\"logo\":{\"@type\":\"ImageObject\",\"inLanguage\":\"az\",\"@id\":\"https:\/\/airrent.ge\/#\/schema\/logo\/image\/\",\"url\":\"https:\/\/airrent.ge\/wp-content\/uploads\/2026\/03\/airrent.png\",\"contentUrl\":\"https:\/\/airrent.ge\/wp-content\/uploads\/2026\/03\/airrent.png\",\"width\":1536,\"height\":1024,\"caption\":\"airrent.ge\"},\"image\":{\"@id\":\"https:\/\/airrent.ge\/#\/schema\/logo\/image\/\"}}]}<\/script>\n<!-- \/ Yoast SEO plugin. -->","yoast_head_json":{"title":"OV-S \u00f6t\u00fcrm\u0259 vahidl\u0259ri Kvadrat divar hava \u00f6t\u00fcrm\u0259 cihaz\u0131 - AirRent.ge","robots":{"index":"index","follow":"follow","max-snippet":"max-snippet:-1","max-image-preview":"max-image-preview:large","max-video-preview":"max-video-preview:-1"},"canonical":"https:\/\/airrent.ge\/az\/product\/ov-s-transfer-units-square-wall-air-transfer-device\/","og_locale":"az_AZ","og_type":"article","og_title":"OV-S \u00f6t\u00fcrm\u0259 vahidl\u0259ri Kvadrat divar hava \u00f6t\u00fcrm\u0259 cihaz\u0131 - AirRent.ge","og_description":"OV-S \u00f6t\u00fcrm\u0259 vahidl\u0259ri M\u00f6ht\u0259\u015f\u0259m s\u0259s z\u0259ifl\u0259m\u0259si  \u018fm\u0259liyyat zaman\u0131 yaranan a\u015fa\u011f\u0131 s\u0259s s\u0259viyy\u0259si  A\u015fa\u011f\u0131 hava \u00f6t\u00fcrm\u0259 m\u00fcqavim\u0259ti  G\u00f6z\u0259 \u00e7arpmayan, inc\u0259 v\u0259 y\u0131\u011fcam dizayn  Asan v\u0259 s\u00fcr\u0259tli qura\u015fd\u0131rma  AL-OV-R astarl\u0131 d\u00f6\u015f\u0259kl\u0259 birlikd\u0259 verilir     OV-S OV-S-100-SW OV-S-125-SW OV-S-160-SW OV-S-200-SW    OV-S#A-OV-S","og_url":"https:\/\/airrent.ge\/az\/product\/ov-s-transfer-units-square-wall-air-transfer-device\/","og_site_name":"AirRent.ge","article_modified_time":"2025-09-08T14:19:53+00:00","og_image":[{"width":384,"height":277,"url":"https:\/\/airrent.ge\/wp-content\/uploads\/2025\/09\/ECOM_OV-S.jpg","type":"image\/jpeg"}],"twitter_card":"summary_large_image","twitter_misc":{"Est. reading time":"2 minutes"},"schema":{"@context":"https:\/\/schema.org","@graph":[{"@type":"WebPage","@id":"https:\/\/airrent.ge\/az\/product\/ov-s-transfer-units-square-wall-air-transfer-device\/","url":"https:\/\/airrent.ge\/az\/product\/ov-s-transfer-units-square-wall-air-transfer-device\/","name":"OV-S \u00f6t\u00fcrm\u0259 vahidl\u0259ri Kvadrat divar hava \u00f6t\u00fcrm\u0259 cihaz\u0131 - AirRent.ge","isPartOf":{"@id":"https:\/\/airrent.ge\/#website"},"primaryImageOfPage":{"@id":"https:\/\/airrent.ge\/az\/product\/ov-s-transfer-units-square-wall-air-transfer-device\/#primaryimage"},"image":{"@id":"https:\/\/airrent.ge\/az\/product\/ov-s-transfer-units-square-wall-air-transfer-device\/#primaryimage"},"thumbnailUrl":"https:\/\/airrent.ge\/wp-content\/uploads\/2025\/09\/ECOM_OV-S.jpg","datePublished":"2025-09-08T14:01:59+00:00","dateModified":"2025-09-08T14:19:53+00:00","breadcrumb":{"@id":"https:\/\/airrent.ge\/az\/product\/ov-s-transfer-units-square-wall-air-transfer-device\/#breadcrumb"},"inLanguage":"az","potentialAction":[{"@type":"ReadAction","target":["https:\/\/airrent.ge\/az\/product\/ov-s-transfer-units-square-wall-air-transfer-device\/"]}]},{"@type":"ImageObject","inLanguage":"az","@id":"https:\/\/airrent.ge\/az\/product\/ov-s-transfer-units-square-wall-air-transfer-device\/#primaryimage","url":"https:\/\/airrent.ge\/wp-content\/uploads\/2025\/09\/ECOM_OV-S.jpg","contentUrl":"https:\/\/airrent.ge\/wp-content\/uploads\/2025\/09\/ECOM_OV-S.jpg","width":384,"height":277},{"@type":"BreadcrumbList","@id":"https:\/\/airrent.ge\/az\/product\/ov-s-transfer-units-square-wall-air-transfer-device\/#breadcrumb","itemListElement":[{"@type":"ListItem","position":1,"name":"Home","item":"https:\/\/airrent.ge\/az\/home\/"},{"@type":"ListItem","position":2,"name":"M\u0259hsullar","item":"https:\/\/airrent.ge\/az\/products\/"},{"@type":"ListItem","position":3,"name":"OV-S \u00f6t\u00fcrm\u0259 vahidl\u0259ri Kvadrat divar hava \u00f6t\u00fcrm\u0259 cihaz\u0131"}]},{"@type":"WebSite","@id":"https:\/\/airrent.ge\/#website","url":"https:\/\/airrent.ge\/","name":"airrent.ge","description":"Rental Services","publisher":{"@id":"https:\/\/airrent.ge\/#organization"},"potentialAction":[{"@type":"SearchAction","target":{"@type":"EntryPoint","urlTemplate":"https:\/\/airrent.ge\/?s={search_term_string}"},"query-input":{"@type":"PropertyValueSpecification","valueRequired":true,"valueName":"search_term_string"}}],"inLanguage":"az"},{"@type":"Organization","@id":"https:\/\/airrent.ge\/#organization","name":"airrent.ge","url":"https:\/\/airrent.ge\/","logo":{"@type":"ImageObject","inLanguage":"az","@id":"https:\/\/airrent.ge\/#\/schema\/logo\/image\/","url":"https:\/\/airrent.ge\/wp-content\/uploads\/2026\/03\/airrent.png","contentUrl":"https:\/\/airrent.ge\/wp-content\/uploads\/2026\/03\/airrent.png","width":1536,"height":1024,"caption":"airrent.ge"},"image":{"@id":"https:\/\/airrent.ge\/#\/schema\/logo\/image\/"}}]}},"_links":{"self":[{"href":"https:\/\/airrent.ge\/az\/wp-json\/wp\/v2\/product\/37979","targetHints":{"allow":["GET"]}}],"collection":[{"href":"https:\/\/airrent.ge\/az\/wp-json\/wp\/v2\/product"}],"about":[{"href":"https:\/\/airrent.ge\/az\/wp-json\/wp\/v2\/types\/product"}],"wp:featuredmedia":[{"embeddable":true,"href":"https:\/\/airrent.ge\/az\/wp-json\/wp\/v2\/media\/37968"}],"wp:attachment":[{"href":"https:\/\/airrent.ge\/az\/wp-json\/wp\/v2\/media?parent=37979"}],"wp:term":[{"taxonomy":"product_brand","embeddable":true,"href":"https:\/\/airrent.ge\/az\/wp-json\/wp\/v2\/product_brand?post=37979"},{"taxonomy":"product_cat","embeddable":true,"href":"https:\/\/airrent.ge\/az\/wp-json\/wp\/v2\/product_cat?post=37979"},{"taxonomy":"product_tag","embeddable":true,"href":"https:\/\/airrent.ge\/az\/wp-json\/wp\/v2\/product_tag?post=37979"}],"curies":[{"name":"wp","href":"https:\/\/api.w.org\/{rel}","templated":true}]}}