{"id":38243,"date":"2025-09-08T22:15:56","date_gmt":"2025-09-08T18:15:56","guid":{"rendered":"https:\/\/airsystems.ge\/shop\/product\/vvkr-c-s-swirl-diffusers-swirl-supply-diffuser-suitable-for-restaurants-offices-and-shopping-centres\/"},"modified":"2025-09-08T22:18:22","modified_gmt":"2025-09-08T18:18:22","slug":"vvkr-c-s-swirl-diffusers-swirl-supply-diffuser-suitable-for-restaurants-offices-and-shopping-centres","status":"publish","type":"product","link":"https:\/\/airrent.ge\/az\/product\/vvkr-c-s-swirl-diffusers-swirl-supply-diffuser-suitable-for-restaurants-offices-and-shopping-centres\/","title":{"rendered":"VVKR-C-S Swirl Diffuzorlar Restoranlar, ofisl\u0259r v\u0259 ticar\u0259t m\u0259rk\u0259zl\u0259ri \u00fc\u00e7\u00fcn uy\u011fun olan burul\u011fan t\u0259chizat\u0131 diffuzoru"},"content":{"rendered":"","protected":false},"excerpt":{"rendered":"<div>\n<p>Sad\u0259 dizayn<\/p>\n<p>\u018fla induksiya d\u0259r\u0259c\u0259si<\/p>\n<p>M\u00fcxt\u0259lif t\u0259tbiql\u0259r<\/p>\n<p>Sinkl\u0259nmi\u015f polad<\/p>\n<\/div>\n<div class=\"flex flex-col gap-200\">\n<div class=\"flex flex-col flex-wrap gap-100 md:flex-row md:items-center gtm-purchase-option\" data-gtm-name=\"size\" data-gtm-label=\"Size\">\n<p><label class=\"flex gap-050 md:w-700 leading-none hyphens-auto print:w-full print:max-w-2\/5 text-label-small\">Size<\/label><\/p>\n<div class=\"flex flex-1 flex-wrap gap-050\"><button class=\"select-btn select-btn-small select-btn-selected gtm-purchase-option-value\" type=\"button\" data-gtm-name=\"300\" data-gtm-label=\"300\">300<\/button><button class=\"select-btn select-btn-small select-btn-default gtm-purchase-option-value\" type=\"button\" data-gtm-name=\"400\" data-gtm-label=\"400\">400<\/button><button class=\"select-btn select-btn-small select-btn-default gtm-purchase-option-value\" type=\"button\" data-gtm-name=\"500\" data-gtm-label=\"500\">500<\/button><button class=\"select-btn select-btn-small select-btn-default gtm-purchase-option-value\" type=\"button\" data-gtm-name=\"600\" data-gtm-label=\"600\">600<\/button><button class=\"select-btn select-btn-small select-btn-default gtm-purchase-option-value\" type=\"button\" data-gtm-name=\"625\" data-gtm-label=\"625\">625<\/button><button class=\"select-btn select-btn-small select-btn-default gtm-purchase-option-value\" type=\"button\" data-gtm-name=\"800\" data-gtm-label=\"800\">800<\/button><button class=\"select-btn select-btn-small select-btn-default gtm-purchase-option-value\" type=\"button\" data-gtm-name=\"825\" data-gtm-label=\"825\">825<\/button><\/div>\n<\/div>\n<div class=\"flex flex-col flex-wrap gap-100 md:flex-row md:items-center gtm-purchase-option\" data-gtm-name=\"deflectors_color\" data-gtm-label=\"Colour of deflectors\">\n<p><label class=\"flex gap-050 md:w-700 leading-none hyphens-auto print:w-full print:max-w-2\/5 text-label-small\">Colour of deflectors<\/label><\/p>\n<div class=\"flex flex-1 flex-wrap gap-050\"><button class=\"select-btn select-btn-small select-btn-selected gtm-purchase-option-value\" type=\"button\" data-gtm-name=\"Black\" data-gtm-label=\"Black\">Black<\/button><button class=\"select-btn select-btn-small select-btn-default gtm-purchase-option-value\" type=\"button\" data-gtm-name=\"White\" data-gtm-label=\"White\">White<\/button><\/div>\n<\/div>\n<\/div>\n<div class=\"gtm-sku-info flex flex-col gap-y-050 text-label-tiny text-neutral-600\">\n<div class=\"flex flex-wrap items-baseline gap-x-100 gap-y-025\"><span class=\"gtm-article-name\">VVKR-C-S-300-8-B-SW<\/span><span class=\"whitespace-nowrap gtm-article-number text-base font-bold\">#218145<\/span><\/div>\n<\/div>\n","protected":false},"featured_media":38232,"template":"","meta":[],"product_brand":[],"product_cat":[1896,1843,1932],"product_tag":[],"class_list":{"0":"post-38243","1":"product","2":"type-product","3":"status-publish","4":"has-post-thumbnail","6":"product_cat-diffuzor-havalandirma-ucun-diffuzorlar","7":"product_cat-hava-paylayici-mhsullar","8":"product_cat-swirl-diffuzorlar","10":"first","11":"instock","12":"shipping-taxable","13":"product-type-simple"},"yoast_head":"<!-- This site is optimized with the Yoast SEO plugin v27.1.1 - https:\/\/yoast.com\/product\/yoast-seo-wordpress\/ -->\n<title>VVKR-C-S Swirl Diffuzorlar Restoranlar, ofisl\u0259r v\u0259 ticar\u0259t m\u0259rk\u0259zl\u0259ri \u00fc\u00e7\u00fcn uy\u011fun olan burul\u011fan t\u0259chizat\u0131 diffuzoru - AirRent.ge<\/title>\n<meta name=\"robots\" content=\"index, follow, max-snippet:-1, max-image-preview:large, max-video-preview:-1\" \/>\n<link rel=\"canonical\" href=\"https:\/\/airrent.ge\/az\/product\/vvkr-c-s-swirl-diffusers-swirl-supply-diffuser-suitable-for-restaurants-offices-and-shopping-centres\/\" \/>\n<meta property=\"og:locale\" content=\"az_AZ\" \/>\n<meta property=\"og:type\" content=\"article\" \/>\n<meta property=\"og:title\" content=\"VVKR-C-S Swirl Diffuzorlar Restoranlar, ofisl\u0259r v\u0259 ticar\u0259t m\u0259rk\u0259zl\u0259ri \u00fc\u00e7\u00fcn uy\u011fun olan burul\u011fan t\u0259chizat\u0131 diffuzoru - AirRent.ge\" \/>\n<meta property=\"og:description\" content=\"Sad\u0259 dizayn  \u018fla induksiya d\u0259r\u0259c\u0259si  M\u00fcxt\u0259lif t\u0259tbiql\u0259r  Sinkl\u0259nmi\u015f polad      Size 300400500600625800825    Colour of deflectors BlackWhite    VVKR-C-S-300-8-B-SW#218145\" \/>\n<meta property=\"og:url\" content=\"https:\/\/airrent.ge\/az\/product\/vvkr-c-s-swirl-diffusers-swirl-supply-diffuser-suitable-for-restaurants-offices-and-shopping-centres\/\" \/>\n<meta property=\"og:site_name\" content=\"AirRent.ge\" \/>\n<meta property=\"article:modified_time\" content=\"2025-09-08T18:18:22+00:00\" \/>\n<meta property=\"og:image\" content=\"https:\/\/airrent.ge\/wp-content\/uploads\/2025\/09\/PRODUCT-MAIN-IMAGE_VVKR_C_S.jpg\" \/>\n\t<meta property=\"og:image:width\" content=\"384\" \/>\n\t<meta property=\"og:image:height\" content=\"288\" \/>\n\t<meta property=\"og:image:type\" content=\"image\/jpeg\" \/>\n<meta name=\"twitter:card\" content=\"summary_large_image\" \/>\n<script type=\"application\/ld+json\" class=\"yoast-schema-graph\">{\"@context\":\"https:\/\/schema.org\",\"@graph\":[{\"@type\":\"WebPage\",\"@id\":\"https:\/\/airrent.ge\/az\/product\/vvkr-c-s-swirl-diffusers-swirl-supply-diffuser-suitable-for-restaurants-offices-and-shopping-centres\/\",\"url\":\"https:\/\/airrent.ge\/az\/product\/vvkr-c-s-swirl-diffusers-swirl-supply-diffuser-suitable-for-restaurants-offices-and-shopping-centres\/\",\"name\":\"VVKR-C-S Swirl Diffuzorlar Restoranlar, ofisl\u0259r v\u0259 ticar\u0259t m\u0259rk\u0259zl\u0259ri \u00fc\u00e7\u00fcn uy\u011fun olan burul\u011fan t\u0259chizat\u0131 diffuzoru - AirRent.ge\",\"isPartOf\":{\"@id\":\"https:\/\/airrent.ge\/#website\"},\"primaryImageOfPage\":{\"@id\":\"https:\/\/airrent.ge\/az\/product\/vvkr-c-s-swirl-diffusers-swirl-supply-diffuser-suitable-for-restaurants-offices-and-shopping-centres\/#primaryimage\"},\"image\":{\"@id\":\"https:\/\/airrent.ge\/az\/product\/vvkr-c-s-swirl-diffusers-swirl-supply-diffuser-suitable-for-restaurants-offices-and-shopping-centres\/#primaryimage\"},\"thumbnailUrl\":\"https:\/\/airrent.ge\/wp-content\/uploads\/2025\/09\/PRODUCT-MAIN-IMAGE_VVKR_C_S.jpg\",\"datePublished\":\"2025-09-08T18:15:56+00:00\",\"dateModified\":\"2025-09-08T18:18:22+00:00\",\"breadcrumb\":{\"@id\":\"https:\/\/airrent.ge\/az\/product\/vvkr-c-s-swirl-diffusers-swirl-supply-diffuser-suitable-for-restaurants-offices-and-shopping-centres\/#breadcrumb\"},\"inLanguage\":\"az\",\"potentialAction\":[{\"@type\":\"ReadAction\",\"target\":[\"https:\/\/airrent.ge\/az\/product\/vvkr-c-s-swirl-diffusers-swirl-supply-diffuser-suitable-for-restaurants-offices-and-shopping-centres\/\"]}]},{\"@type\":\"ImageObject\",\"inLanguage\":\"az\",\"@id\":\"https:\/\/airrent.ge\/az\/product\/vvkr-c-s-swirl-diffusers-swirl-supply-diffuser-suitable-for-restaurants-offices-and-shopping-centres\/#primaryimage\",\"url\":\"https:\/\/airrent.ge\/wp-content\/uploads\/2025\/09\/PRODUCT-MAIN-IMAGE_VVKR_C_S.jpg\",\"contentUrl\":\"https:\/\/airrent.ge\/wp-content\/uploads\/2025\/09\/PRODUCT-MAIN-IMAGE_VVKR_C_S.jpg\",\"width\":384,\"height\":288},{\"@type\":\"BreadcrumbList\",\"@id\":\"https:\/\/airrent.ge\/az\/product\/vvkr-c-s-swirl-diffusers-swirl-supply-diffuser-suitable-for-restaurants-offices-and-shopping-centres\/#breadcrumb\",\"itemListElement\":[{\"@type\":\"ListItem\",\"position\":1,\"name\":\"Home\",\"item\":\"https:\/\/airrent.ge\/az\/home\/\"},{\"@type\":\"ListItem\",\"position\":2,\"name\":\"M\u0259hsullar\",\"item\":\"https:\/\/airrent.ge\/az\/products\/\"},{\"@type\":\"ListItem\",\"position\":3,\"name\":\"VVKR-C-S Swirl Diffuzorlar Restoranlar, ofisl\u0259r v\u0259 ticar\u0259t m\u0259rk\u0259zl\u0259ri \u00fc\u00e7\u00fcn uy\u011fun olan burul\u011fan t\u0259chizat\u0131 diffuzoru\"}]},{\"@type\":\"WebSite\",\"@id\":\"https:\/\/airrent.ge\/#website\",\"url\":\"https:\/\/airrent.ge\/\",\"name\":\"airrent.ge\",\"description\":\"Rental Services\",\"publisher\":{\"@id\":\"https:\/\/airrent.ge\/#organization\"},\"potentialAction\":[{\"@type\":\"SearchAction\",\"target\":{\"@type\":\"EntryPoint\",\"urlTemplate\":\"https:\/\/airrent.ge\/?s={search_term_string}\"},\"query-input\":{\"@type\":\"PropertyValueSpecification\",\"valueRequired\":true,\"valueName\":\"search_term_string\"}}],\"inLanguage\":\"az\"},{\"@type\":\"Organization\",\"@id\":\"https:\/\/airrent.ge\/#organization\",\"name\":\"airrent.ge\",\"url\":\"https:\/\/airrent.ge\/\",\"logo\":{\"@type\":\"ImageObject\",\"inLanguage\":\"az\",\"@id\":\"https:\/\/airrent.ge\/#\/schema\/logo\/image\/\",\"url\":\"https:\/\/airrent.ge\/wp-content\/uploads\/2026\/03\/airrent.png\",\"contentUrl\":\"https:\/\/airrent.ge\/wp-content\/uploads\/2026\/03\/airrent.png\",\"width\":1536,\"height\":1024,\"caption\":\"airrent.ge\"},\"image\":{\"@id\":\"https:\/\/airrent.ge\/#\/schema\/logo\/image\/\"}}]}<\/script>\n<!-- \/ Yoast SEO plugin. -->","yoast_head_json":{"title":"VVKR-C-S Swirl Diffuzorlar Restoranlar, ofisl\u0259r v\u0259 ticar\u0259t m\u0259rk\u0259zl\u0259ri \u00fc\u00e7\u00fcn uy\u011fun olan burul\u011fan t\u0259chizat\u0131 diffuzoru - AirRent.ge","robots":{"index":"index","follow":"follow","max-snippet":"max-snippet:-1","max-image-preview":"max-image-preview:large","max-video-preview":"max-video-preview:-1"},"canonical":"https:\/\/airrent.ge\/az\/product\/vvkr-c-s-swirl-diffusers-swirl-supply-diffuser-suitable-for-restaurants-offices-and-shopping-centres\/","og_locale":"az_AZ","og_type":"article","og_title":"VVKR-C-S Swirl Diffuzorlar Restoranlar, ofisl\u0259r v\u0259 ticar\u0259t m\u0259rk\u0259zl\u0259ri \u00fc\u00e7\u00fcn uy\u011fun olan burul\u011fan t\u0259chizat\u0131 diffuzoru - AirRent.ge","og_description":"Sad\u0259 dizayn  \u018fla induksiya d\u0259r\u0259c\u0259si  M\u00fcxt\u0259lif t\u0259tbiql\u0259r  Sinkl\u0259nmi\u015f polad      Size 300400500600625800825    Colour of deflectors BlackWhite    VVKR-C-S-300-8-B-SW#218145","og_url":"https:\/\/airrent.ge\/az\/product\/vvkr-c-s-swirl-diffusers-swirl-supply-diffuser-suitable-for-restaurants-offices-and-shopping-centres\/","og_site_name":"AirRent.ge","article_modified_time":"2025-09-08T18:18:22+00:00","og_image":[{"width":384,"height":288,"url":"https:\/\/airrent.ge\/wp-content\/uploads\/2025\/09\/PRODUCT-MAIN-IMAGE_VVKR_C_S.jpg","type":"image\/jpeg"}],"twitter_card":"summary_large_image","schema":{"@context":"https:\/\/schema.org","@graph":[{"@type":"WebPage","@id":"https:\/\/airrent.ge\/az\/product\/vvkr-c-s-swirl-diffusers-swirl-supply-diffuser-suitable-for-restaurants-offices-and-shopping-centres\/","url":"https:\/\/airrent.ge\/az\/product\/vvkr-c-s-swirl-diffusers-swirl-supply-diffuser-suitable-for-restaurants-offices-and-shopping-centres\/","name":"VVKR-C-S Swirl Diffuzorlar Restoranlar, ofisl\u0259r v\u0259 ticar\u0259t m\u0259rk\u0259zl\u0259ri \u00fc\u00e7\u00fcn uy\u011fun olan burul\u011fan t\u0259chizat\u0131 diffuzoru - AirRent.ge","isPartOf":{"@id":"https:\/\/airrent.ge\/#website"},"primaryImageOfPage":{"@id":"https:\/\/airrent.ge\/az\/product\/vvkr-c-s-swirl-diffusers-swirl-supply-diffuser-suitable-for-restaurants-offices-and-shopping-centres\/#primaryimage"},"image":{"@id":"https:\/\/airrent.ge\/az\/product\/vvkr-c-s-swirl-diffusers-swirl-supply-diffuser-suitable-for-restaurants-offices-and-shopping-centres\/#primaryimage"},"thumbnailUrl":"https:\/\/airrent.ge\/wp-content\/uploads\/2025\/09\/PRODUCT-MAIN-IMAGE_VVKR_C_S.jpg","datePublished":"2025-09-08T18:15:56+00:00","dateModified":"2025-09-08T18:18:22+00:00","breadcrumb":{"@id":"https:\/\/airrent.ge\/az\/product\/vvkr-c-s-swirl-diffusers-swirl-supply-diffuser-suitable-for-restaurants-offices-and-shopping-centres\/#breadcrumb"},"inLanguage":"az","potentialAction":[{"@type":"ReadAction","target":["https:\/\/airrent.ge\/az\/product\/vvkr-c-s-swirl-diffusers-swirl-supply-diffuser-suitable-for-restaurants-offices-and-shopping-centres\/"]}]},{"@type":"ImageObject","inLanguage":"az","@id":"https:\/\/airrent.ge\/az\/product\/vvkr-c-s-swirl-diffusers-swirl-supply-diffuser-suitable-for-restaurants-offices-and-shopping-centres\/#primaryimage","url":"https:\/\/airrent.ge\/wp-content\/uploads\/2025\/09\/PRODUCT-MAIN-IMAGE_VVKR_C_S.jpg","contentUrl":"https:\/\/airrent.ge\/wp-content\/uploads\/2025\/09\/PRODUCT-MAIN-IMAGE_VVKR_C_S.jpg","width":384,"height":288},{"@type":"BreadcrumbList","@id":"https:\/\/airrent.ge\/az\/product\/vvkr-c-s-swirl-diffusers-swirl-supply-diffuser-suitable-for-restaurants-offices-and-shopping-centres\/#breadcrumb","itemListElement":[{"@type":"ListItem","position":1,"name":"Home","item":"https:\/\/airrent.ge\/az\/home\/"},{"@type":"ListItem","position":2,"name":"M\u0259hsullar","item":"https:\/\/airrent.ge\/az\/products\/"},{"@type":"ListItem","position":3,"name":"VVKR-C-S Swirl Diffuzorlar Restoranlar, ofisl\u0259r v\u0259 ticar\u0259t m\u0259rk\u0259zl\u0259ri \u00fc\u00e7\u00fcn uy\u011fun olan burul\u011fan t\u0259chizat\u0131 diffuzoru"}]},{"@type":"WebSite","@id":"https:\/\/airrent.ge\/#website","url":"https:\/\/airrent.ge\/","name":"airrent.ge","description":"Rental Services","publisher":{"@id":"https:\/\/airrent.ge\/#organization"},"potentialAction":[{"@type":"SearchAction","target":{"@type":"EntryPoint","urlTemplate":"https:\/\/airrent.ge\/?s={search_term_string}"},"query-input":{"@type":"PropertyValueSpecification","valueRequired":true,"valueName":"search_term_string"}}],"inLanguage":"az"},{"@type":"Organization","@id":"https:\/\/airrent.ge\/#organization","name":"airrent.ge","url":"https:\/\/airrent.ge\/","logo":{"@type":"ImageObject","inLanguage":"az","@id":"https:\/\/airrent.ge\/#\/schema\/logo\/image\/","url":"https:\/\/airrent.ge\/wp-content\/uploads\/2026\/03\/airrent.png","contentUrl":"https:\/\/airrent.ge\/wp-content\/uploads\/2026\/03\/airrent.png","width":1536,"height":1024,"caption":"airrent.ge"},"image":{"@id":"https:\/\/airrent.ge\/#\/schema\/logo\/image\/"}}]}},"_links":{"self":[{"href":"https:\/\/airrent.ge\/az\/wp-json\/wp\/v2\/product\/38243","targetHints":{"allow":["GET"]}}],"collection":[{"href":"https:\/\/airrent.ge\/az\/wp-json\/wp\/v2\/product"}],"about":[{"href":"https:\/\/airrent.ge\/az\/wp-json\/wp\/v2\/types\/product"}],"wp:featuredmedia":[{"embeddable":true,"href":"https:\/\/airrent.ge\/az\/wp-json\/wp\/v2\/media\/38232"}],"wp:attachment":[{"href":"https:\/\/airrent.ge\/az\/wp-json\/wp\/v2\/media?parent=38243"}],"wp:term":[{"taxonomy":"product_brand","embeddable":true,"href":"https:\/\/airrent.ge\/az\/wp-json\/wp\/v2\/product_brand?post=38243"},{"taxonomy":"product_cat","embeddable":true,"href":"https:\/\/airrent.ge\/az\/wp-json\/wp\/v2\/product_cat?post=38243"},{"taxonomy":"product_tag","embeddable":true,"href":"https:\/\/airrent.ge\/az\/wp-json\/wp\/v2\/product_tag?post=38243"}],"curies":[{"name":"wp","href":"https:\/\/api.w.org\/{rel}","templated":true}]}}