{"id":38482,"date":"2025-09-09T18:02:59","date_gmt":"2025-09-09T14:02:59","guid":{"rendered":"https:\/\/airsystems.ge\/shop\/product\/vvkn-a-r-swirl-diffusers-swirl-diffuser-suitable-for-ventilation-and-supplying-cold-or-warm-air\/"},"modified":"2025-09-09T18:06:14","modified_gmt":"2025-09-09T14:06:14","slug":"vvkn-a-r-swirl-diffusers-swirl-diffuser-suitable-for-ventilation-and-supplying-cold-or-warm-air","status":"publish","type":"product","link":"https:\/\/airrent.ge\/az\/product\/vvkn-a-r-swirl-diffusers-swirl-diffuser-suitable-for-ventilation-and-supplying-cold-or-warm-air\/","title":{"rendered":"VVKN-A-R Swirl Diffuzorlar Swirl diffuzor havaland\u0131rma v\u0259 soyuq v\u0259 ya isti hava t\u0259min etm\u0259k \u00fc\u00e7\u00fcn uy\u011fundur"},"content":{"rendered":"<p><img loading=\"lazy\" decoding=\"async\" class=\"alignnone size-full wp-image-38445\" src=\"https:\/\/airsystems.ge\/shop\/wp-content\/uploads\/2025\/09\/filters_quality80-3-9.webp\" alt=\"\" width=\"1920\" height=\"960\" srcset=\"https:\/\/airrent.ge\/wp-content\/uploads\/2025\/09\/filters_quality80-3-9.webp 1920w, https:\/\/airrent.ge\/wp-content\/uploads\/2025\/09\/filters_quality80-3-9-400x200.webp 400w, https:\/\/airrent.ge\/wp-content\/uploads\/2025\/09\/filters_quality80-3-9-1300x650.webp 1300w, https:\/\/airrent.ge\/wp-content\/uploads\/2025\/09\/filters_quality80-3-9-768x384.webp 768w, https:\/\/airrent.ge\/wp-content\/uploads\/2025\/09\/filters_quality80-3-9-1536x768.webp 1536w, https:\/\/airrent.ge\/wp-content\/uploads\/2025\/09\/filters_quality80-3-9-860x430.webp 860w, https:\/\/airrent.ge\/wp-content\/uploads\/2025\/09\/filters_quality80-3-9-430x215.webp 430w, https:\/\/airrent.ge\/wp-content\/uploads\/2025\/09\/filters_quality80-3-9-700x350.webp 700w, https:\/\/airrent.ge\/wp-content\/uploads\/2025\/09\/filters_quality80-3-9-150x75.webp 150w\" sizes=\"auto, (max-width: 1920px) 100vw, 1920px\" \/><\/p>\n","protected":false},"excerpt":{"rendered":"<div class=\"row\">\n<div class=\"col-12 text-style-body-small\">\n<div class=\"richtext-wrap reset-margin-last\">\n<p>Sinkl\u0259nmi\u015f polad<\/p>\n<p>Asan qura\u015fd\u0131rma<\/p>\n<p>Sabit b\u0131\u00e7aqlar<\/p>\n<p>Hava t\u0259chizat\u0131 v\u0259 ya \u00e7\u0131xar\u0131\u015f<\/p>\n<\/div>\n<\/div>\n<\/div>\n<div class=\"flex flex-col gap-200\">\n<div class=\"flex flex-col flex-wrap gap-100 md:flex-row md:items-center gtm-purchase-option\" data-gtm-name=\"size\" data-gtm-label=\"Size\">\n<p><label class=\"flex gap-050 md:w-700 leading-none hyphens-auto print:w-full print:max-w-2\/5 text-label-small\">Size<\/label><\/p>\n<div class=\"flex flex-1 flex-wrap gap-050\"><button class=\"select-btn select-btn-small select-btn-selected gtm-purchase-option-value\" type=\"button\" data-gtm-name=\"300\" data-gtm-label=\"300\">300<\/button><button class=\"select-btn select-btn-small select-btn-default gtm-purchase-option-value\" type=\"button\" data-gtm-name=\"400\" data-gtm-label=\"400\">400<\/button><button class=\"select-btn select-btn-small select-btn-default gtm-purchase-option-value\" type=\"button\" data-gtm-name=\"500\" data-gtm-label=\"500\">500<\/button><button class=\"select-btn select-btn-small select-btn-default gtm-purchase-option-value\" type=\"button\" data-gtm-name=\"600\" data-gtm-label=\"600\">600<\/button><button class=\"select-btn select-btn-small select-btn-default gtm-purchase-option-value\" type=\"button\" data-gtm-name=\"625\" data-gtm-label=\"625\">625<\/button><\/div>\n<\/div>\n<\/div>\n<div class=\"gtm-sku-info flex flex-col gap-y-050 text-label-tiny text-neutral-600\">\n<div class=\"flex flex-wrap items-baseline gap-x-100 gap-y-025\"><span class=\"gtm-article-name\">VVKN-A-R-300-SW<\/span><span class=\"whitespace-nowrap gtm-article-number text-base font-bold\">#217892<\/span><\/div>\n<\/div>\n","protected":false},"featured_media":38477,"template":"","meta":[],"product_brand":[],"product_cat":[1896,1843,1932],"product_tag":[],"class_list":{"0":"post-38482","1":"product","2":"type-product","3":"status-publish","4":"has-post-thumbnail","6":"product_cat-diffuzor-havalandirma-ucun-diffuzorlar","7":"product_cat-hava-paylayici-mhsullar","8":"product_cat-swirl-diffuzorlar","10":"first","11":"instock","12":"shipping-taxable","13":"product-type-simple"},"yoast_head":"<!-- This site is optimized with the Yoast SEO plugin v27.1.1 - https:\/\/yoast.com\/product\/yoast-seo-wordpress\/ -->\n<title>VVKN-A-R Swirl Diffuzorlar Swirl diffuzor havaland\u0131rma v\u0259 soyuq v\u0259 ya isti hava t\u0259min etm\u0259k \u00fc\u00e7\u00fcn uy\u011fundur - AirRent.ge<\/title>\n<meta name=\"robots\" content=\"index, follow, max-snippet:-1, max-image-preview:large, max-video-preview:-1\" \/>\n<link rel=\"canonical\" href=\"https:\/\/airrent.ge\/az\/product\/vvkn-a-r-swirl-diffusers-swirl-diffuser-suitable-for-ventilation-and-supplying-cold-or-warm-air\/\" \/>\n<meta property=\"og:locale\" content=\"az_AZ\" \/>\n<meta property=\"og:type\" content=\"article\" \/>\n<meta property=\"og:title\" content=\"VVKN-A-R Swirl Diffuzorlar Swirl diffuzor havaland\u0131rma v\u0259 soyuq v\u0259 ya isti hava t\u0259min etm\u0259k \u00fc\u00e7\u00fcn uy\u011fundur - AirRent.ge\" \/>\n<meta property=\"og:description\" content=\"Sinkl\u0259nmi\u015f polad  Asan qura\u015fd\u0131rma  Sabit b\u0131\u00e7aqlar  Hava t\u0259chizat\u0131 v\u0259 ya \u00e7\u0131xar\u0131\u015f        Size 300400500600625    VVKN-A-R-300-SW#217892\" \/>\n<meta property=\"og:url\" content=\"https:\/\/airrent.ge\/az\/product\/vvkn-a-r-swirl-diffusers-swirl-diffuser-suitable-for-ventilation-and-supplying-cold-or-warm-air\/\" \/>\n<meta property=\"og:site_name\" content=\"AirRent.ge\" \/>\n<meta property=\"article:modified_time\" content=\"2025-09-09T14:06:14+00:00\" \/>\n<meta property=\"og:image\" content=\"https:\/\/airrent.ge\/wp-content\/uploads\/2025\/09\/PRODUCT-MAIN-IMAGE_VVKN_A_R.jpg\" \/>\n\t<meta property=\"og:image:width\" content=\"384\" \/>\n\t<meta property=\"og:image:height\" content=\"288\" \/>\n\t<meta property=\"og:image:type\" content=\"image\/jpeg\" \/>\n<meta name=\"twitter:card\" content=\"summary_large_image\" \/>\n<script type=\"application\/ld+json\" class=\"yoast-schema-graph\">{\"@context\":\"https:\/\/schema.org\",\"@graph\":[{\"@type\":\"WebPage\",\"@id\":\"https:\/\/airrent.ge\/az\/product\/vvkn-a-r-swirl-diffusers-swirl-diffuser-suitable-for-ventilation-and-supplying-cold-or-warm-air\/\",\"url\":\"https:\/\/airrent.ge\/az\/product\/vvkn-a-r-swirl-diffusers-swirl-diffuser-suitable-for-ventilation-and-supplying-cold-or-warm-air\/\",\"name\":\"VVKN-A-R Swirl Diffuzorlar Swirl diffuzor havaland\u0131rma v\u0259 soyuq v\u0259 ya isti hava t\u0259min etm\u0259k \u00fc\u00e7\u00fcn uy\u011fundur - AirRent.ge\",\"isPartOf\":{\"@id\":\"https:\/\/airrent.ge\/#website\"},\"primaryImageOfPage\":{\"@id\":\"https:\/\/airrent.ge\/az\/product\/vvkn-a-r-swirl-diffusers-swirl-diffuser-suitable-for-ventilation-and-supplying-cold-or-warm-air\/#primaryimage\"},\"image\":{\"@id\":\"https:\/\/airrent.ge\/az\/product\/vvkn-a-r-swirl-diffusers-swirl-diffuser-suitable-for-ventilation-and-supplying-cold-or-warm-air\/#primaryimage\"},\"thumbnailUrl\":\"https:\/\/airrent.ge\/wp-content\/uploads\/2025\/09\/PRODUCT-MAIN-IMAGE_VVKN_A_R.jpg\",\"datePublished\":\"2025-09-09T14:02:59+00:00\",\"dateModified\":\"2025-09-09T14:06:14+00:00\",\"breadcrumb\":{\"@id\":\"https:\/\/airrent.ge\/az\/product\/vvkn-a-r-swirl-diffusers-swirl-diffuser-suitable-for-ventilation-and-supplying-cold-or-warm-air\/#breadcrumb\"},\"inLanguage\":\"az\",\"potentialAction\":[{\"@type\":\"ReadAction\",\"target\":[\"https:\/\/airrent.ge\/az\/product\/vvkn-a-r-swirl-diffusers-swirl-diffuser-suitable-for-ventilation-and-supplying-cold-or-warm-air\/\"]}]},{\"@type\":\"ImageObject\",\"inLanguage\":\"az\",\"@id\":\"https:\/\/airrent.ge\/az\/product\/vvkn-a-r-swirl-diffusers-swirl-diffuser-suitable-for-ventilation-and-supplying-cold-or-warm-air\/#primaryimage\",\"url\":\"https:\/\/airrent.ge\/wp-content\/uploads\/2025\/09\/PRODUCT-MAIN-IMAGE_VVKN_A_R.jpg\",\"contentUrl\":\"https:\/\/airrent.ge\/wp-content\/uploads\/2025\/09\/PRODUCT-MAIN-IMAGE_VVKN_A_R.jpg\",\"width\":384,\"height\":288},{\"@type\":\"BreadcrumbList\",\"@id\":\"https:\/\/airrent.ge\/az\/product\/vvkn-a-r-swirl-diffusers-swirl-diffuser-suitable-for-ventilation-and-supplying-cold-or-warm-air\/#breadcrumb\",\"itemListElement\":[{\"@type\":\"ListItem\",\"position\":1,\"name\":\"Home\",\"item\":\"https:\/\/airrent.ge\/az\/home\/\"},{\"@type\":\"ListItem\",\"position\":2,\"name\":\"M\u0259hsullar\",\"item\":\"https:\/\/airrent.ge\/az\/products\/\"},{\"@type\":\"ListItem\",\"position\":3,\"name\":\"VVKN-A-R Swirl Diffuzorlar Swirl diffuzor havaland\u0131rma v\u0259 soyuq v\u0259 ya isti hava t\u0259min etm\u0259k \u00fc\u00e7\u00fcn uy\u011fundur\"}]},{\"@type\":\"WebSite\",\"@id\":\"https:\/\/airrent.ge\/#website\",\"url\":\"https:\/\/airrent.ge\/\",\"name\":\"airrent.ge\",\"description\":\"Rental Services\",\"publisher\":{\"@id\":\"https:\/\/airrent.ge\/#organization\"},\"potentialAction\":[{\"@type\":\"SearchAction\",\"target\":{\"@type\":\"EntryPoint\",\"urlTemplate\":\"https:\/\/airrent.ge\/?s={search_term_string}\"},\"query-input\":{\"@type\":\"PropertyValueSpecification\",\"valueRequired\":true,\"valueName\":\"search_term_string\"}}],\"inLanguage\":\"az\"},{\"@type\":\"Organization\",\"@id\":\"https:\/\/airrent.ge\/#organization\",\"name\":\"airrent.ge\",\"url\":\"https:\/\/airrent.ge\/\",\"logo\":{\"@type\":\"ImageObject\",\"inLanguage\":\"az\",\"@id\":\"https:\/\/airrent.ge\/#\/schema\/logo\/image\/\",\"url\":\"https:\/\/airrent.ge\/wp-content\/uploads\/2026\/03\/airrent.png\",\"contentUrl\":\"https:\/\/airrent.ge\/wp-content\/uploads\/2026\/03\/airrent.png\",\"width\":1536,\"height\":1024,\"caption\":\"airrent.ge\"},\"image\":{\"@id\":\"https:\/\/airrent.ge\/#\/schema\/logo\/image\/\"}}]}<\/script>\n<!-- \/ Yoast SEO plugin. -->","yoast_head_json":{"title":"VVKN-A-R Swirl Diffuzorlar Swirl diffuzor havaland\u0131rma v\u0259 soyuq v\u0259 ya isti hava t\u0259min etm\u0259k \u00fc\u00e7\u00fcn uy\u011fundur - AirRent.ge","robots":{"index":"index","follow":"follow","max-snippet":"max-snippet:-1","max-image-preview":"max-image-preview:large","max-video-preview":"max-video-preview:-1"},"canonical":"https:\/\/airrent.ge\/az\/product\/vvkn-a-r-swirl-diffusers-swirl-diffuser-suitable-for-ventilation-and-supplying-cold-or-warm-air\/","og_locale":"az_AZ","og_type":"article","og_title":"VVKN-A-R Swirl Diffuzorlar Swirl diffuzor havaland\u0131rma v\u0259 soyuq v\u0259 ya isti hava t\u0259min etm\u0259k \u00fc\u00e7\u00fcn uy\u011fundur - AirRent.ge","og_description":"Sinkl\u0259nmi\u015f polad  Asan qura\u015fd\u0131rma  Sabit b\u0131\u00e7aqlar  Hava t\u0259chizat\u0131 v\u0259 ya \u00e7\u0131xar\u0131\u015f        Size 300400500600625    VVKN-A-R-300-SW#217892","og_url":"https:\/\/airrent.ge\/az\/product\/vvkn-a-r-swirl-diffusers-swirl-diffuser-suitable-for-ventilation-and-supplying-cold-or-warm-air\/","og_site_name":"AirRent.ge","article_modified_time":"2025-09-09T14:06:14+00:00","og_image":[{"width":384,"height":288,"url":"https:\/\/airrent.ge\/wp-content\/uploads\/2025\/09\/PRODUCT-MAIN-IMAGE_VVKN_A_R.jpg","type":"image\/jpeg"}],"twitter_card":"summary_large_image","schema":{"@context":"https:\/\/schema.org","@graph":[{"@type":"WebPage","@id":"https:\/\/airrent.ge\/az\/product\/vvkn-a-r-swirl-diffusers-swirl-diffuser-suitable-for-ventilation-and-supplying-cold-or-warm-air\/","url":"https:\/\/airrent.ge\/az\/product\/vvkn-a-r-swirl-diffusers-swirl-diffuser-suitable-for-ventilation-and-supplying-cold-or-warm-air\/","name":"VVKN-A-R Swirl Diffuzorlar Swirl diffuzor havaland\u0131rma v\u0259 soyuq v\u0259 ya isti hava t\u0259min etm\u0259k \u00fc\u00e7\u00fcn uy\u011fundur - AirRent.ge","isPartOf":{"@id":"https:\/\/airrent.ge\/#website"},"primaryImageOfPage":{"@id":"https:\/\/airrent.ge\/az\/product\/vvkn-a-r-swirl-diffusers-swirl-diffuser-suitable-for-ventilation-and-supplying-cold-or-warm-air\/#primaryimage"},"image":{"@id":"https:\/\/airrent.ge\/az\/product\/vvkn-a-r-swirl-diffusers-swirl-diffuser-suitable-for-ventilation-and-supplying-cold-or-warm-air\/#primaryimage"},"thumbnailUrl":"https:\/\/airrent.ge\/wp-content\/uploads\/2025\/09\/PRODUCT-MAIN-IMAGE_VVKN_A_R.jpg","datePublished":"2025-09-09T14:02:59+00:00","dateModified":"2025-09-09T14:06:14+00:00","breadcrumb":{"@id":"https:\/\/airrent.ge\/az\/product\/vvkn-a-r-swirl-diffusers-swirl-diffuser-suitable-for-ventilation-and-supplying-cold-or-warm-air\/#breadcrumb"},"inLanguage":"az","potentialAction":[{"@type":"ReadAction","target":["https:\/\/airrent.ge\/az\/product\/vvkn-a-r-swirl-diffusers-swirl-diffuser-suitable-for-ventilation-and-supplying-cold-or-warm-air\/"]}]},{"@type":"ImageObject","inLanguage":"az","@id":"https:\/\/airrent.ge\/az\/product\/vvkn-a-r-swirl-diffusers-swirl-diffuser-suitable-for-ventilation-and-supplying-cold-or-warm-air\/#primaryimage","url":"https:\/\/airrent.ge\/wp-content\/uploads\/2025\/09\/PRODUCT-MAIN-IMAGE_VVKN_A_R.jpg","contentUrl":"https:\/\/airrent.ge\/wp-content\/uploads\/2025\/09\/PRODUCT-MAIN-IMAGE_VVKN_A_R.jpg","width":384,"height":288},{"@type":"BreadcrumbList","@id":"https:\/\/airrent.ge\/az\/product\/vvkn-a-r-swirl-diffusers-swirl-diffuser-suitable-for-ventilation-and-supplying-cold-or-warm-air\/#breadcrumb","itemListElement":[{"@type":"ListItem","position":1,"name":"Home","item":"https:\/\/airrent.ge\/az\/home\/"},{"@type":"ListItem","position":2,"name":"M\u0259hsullar","item":"https:\/\/airrent.ge\/az\/products\/"},{"@type":"ListItem","position":3,"name":"VVKN-A-R Swirl Diffuzorlar Swirl diffuzor havaland\u0131rma v\u0259 soyuq v\u0259 ya isti hava t\u0259min etm\u0259k \u00fc\u00e7\u00fcn uy\u011fundur"}]},{"@type":"WebSite","@id":"https:\/\/airrent.ge\/#website","url":"https:\/\/airrent.ge\/","name":"airrent.ge","description":"Rental Services","publisher":{"@id":"https:\/\/airrent.ge\/#organization"},"potentialAction":[{"@type":"SearchAction","target":{"@type":"EntryPoint","urlTemplate":"https:\/\/airrent.ge\/?s={search_term_string}"},"query-input":{"@type":"PropertyValueSpecification","valueRequired":true,"valueName":"search_term_string"}}],"inLanguage":"az"},{"@type":"Organization","@id":"https:\/\/airrent.ge\/#organization","name":"airrent.ge","url":"https:\/\/airrent.ge\/","logo":{"@type":"ImageObject","inLanguage":"az","@id":"https:\/\/airrent.ge\/#\/schema\/logo\/image\/","url":"https:\/\/airrent.ge\/wp-content\/uploads\/2026\/03\/airrent.png","contentUrl":"https:\/\/airrent.ge\/wp-content\/uploads\/2026\/03\/airrent.png","width":1536,"height":1024,"caption":"airrent.ge"},"image":{"@id":"https:\/\/airrent.ge\/#\/schema\/logo\/image\/"}}]}},"_links":{"self":[{"href":"https:\/\/airrent.ge\/az\/wp-json\/wp\/v2\/product\/38482","targetHints":{"allow":["GET"]}}],"collection":[{"href":"https:\/\/airrent.ge\/az\/wp-json\/wp\/v2\/product"}],"about":[{"href":"https:\/\/airrent.ge\/az\/wp-json\/wp\/v2\/types\/product"}],"wp:featuredmedia":[{"embeddable":true,"href":"https:\/\/airrent.ge\/az\/wp-json\/wp\/v2\/media\/38477"}],"wp:attachment":[{"href":"https:\/\/airrent.ge\/az\/wp-json\/wp\/v2\/media?parent=38482"}],"wp:term":[{"taxonomy":"product_brand","embeddable":true,"href":"https:\/\/airrent.ge\/az\/wp-json\/wp\/v2\/product_brand?post=38482"},{"taxonomy":"product_cat","embeddable":true,"href":"https:\/\/airrent.ge\/az\/wp-json\/wp\/v2\/product_cat?post=38482"},{"taxonomy":"product_tag","embeddable":true,"href":"https:\/\/airrent.ge\/az\/wp-json\/wp\/v2\/product_tag?post=38482"}],"curies":[{"name":"wp","href":"https:\/\/api.w.org\/{rel}","templated":true}]}}