{"id":42861,"date":"2025-10-14T22:29:45","date_gmt":"2025-10-14T18:29:45","guid":{"rendered":"https:\/\/airsystems.ge\/shop\/product\/vrf-system-indoor-unit-fresh-air-unit-fresh-air-unit-2nd-generation-12-5-56-kw-mi2-fadhn1-mi2-125fadhn1-mi2-140fadhn1-mi2-200fadhn1-mi2-250fadhn1-mi2-280fadhn1-mi2-450fadhn1-mi2-560fadhn1\/"},"modified":"2025-10-14T22:36:56","modified_gmt":"2025-10-14T18:36:56","slug":"vrf-system-indoor-unit-fresh-air-unit-fresh-air-unit-2nd-generation-12-5-56-kw-mi2-fadhn1-mi2-125fadhn1-mi2-140fadhn1-mi2-200fadhn1-mi2-250fadhn1-mi2-280fadhn1-mi2-450fadhn1-mi2-560fadhn1","status":"publish","type":"product","link":"https:\/\/airrent.ge\/az\/product\/vrf-system-indoor-unit-fresh-air-unit-fresh-air-unit-2nd-generation-12-5-56-kw-mi2-fadhn1-mi2-125fadhn1-mi2-140fadhn1-mi2-200fadhn1-mi2-250fadhn1-mi2-280fadhn1-mi2-450fadhn1-mi2-560fadhn1\/","title":{"rendered":"VRF Sistemi Daxili blok T\u0259miz Hava Vahidi T\u0259miz Hava B\u00f6lm\u0259si, 2-ci N\u0259sil 12,5 &#8211; 56 kVt MI2-***FADHN1  MI2-125FADHN1 MI2-140FADHN1 MI2-200FADHN1 MI2-250FADHN1 MI2-280FADHN1 MI2-450FADHN1 MI2-560FADHN1"},"content":{"rendered":"","protected":false},"excerpt":{"rendered":"<h1>T\u0259miz Hava B\u00f6lm\u0259si, 2-ci N\u0259sil<\/h1>\n<p>M\u0259hsulun spesifikasiyas\u0131<\/p>\n<p>VRF sisteminin t\u0259miz hava qur\u011fusu<\/p>\n<p>100% T\u0259miz Hava<br \/>\nTam \u0130nverter Texnologiyas\u0131<br \/>\n\u0130\u015fl\u0259m\u0259 diapazonu: Q\u0131\u015f: -5\u00b0C, Yay: 43\u00b0C<br \/>\nB\u00f6y\u00fck hava ax\u0131n\u0131<br \/>\nY\u00fcks\u0259k Xarici T\u0259zyiq: 400 Pa-a q\u0259d\u0259r<\/p>\n","protected":false},"featured_media":42856,"template":"","meta":[],"product_brand":[],"product_cat":[1993],"product_tag":[],"class_list":{"0":"post-42861","1":"product","2":"type-product","3":"status-publish","4":"has-post-thumbnail","6":"product_cat-vrf-sistemi","8":"first","9":"instock","10":"shipping-taxable","11":"product-type-simple"},"yoast_head":"<!-- This site is optimized with the Yoast SEO plugin v27.1.1 - https:\/\/yoast.com\/product\/yoast-seo-wordpress\/ -->\n<title>VRF Sistemi Daxili blok T\u0259miz Hava Vahidi T\u0259miz Hava B\u00f6lm\u0259si, 2-ci N\u0259sil 12,5 - 56 kVt MI2-***FADHN1 MI2-125FADHN1 MI2-140FADHN1 MI2-200FADHN1 MI2-250FADHN1 MI2-280FADHN1 MI2-450FADHN1 MI2-560FADHN1 - AirRent.ge<\/title>\n<meta name=\"robots\" content=\"index, follow, max-snippet:-1, max-image-preview:large, max-video-preview:-1\" \/>\n<link rel=\"canonical\" href=\"https:\/\/airrent.ge\/az\/product\/vrf-system-indoor-unit-fresh-air-unit-fresh-air-unit-2nd-generation-12-5-56-kw-mi2-fadhn1-mi2-125fadhn1-mi2-140fadhn1-mi2-200fadhn1-mi2-250fadhn1-mi2-280fadhn1-mi2-450fadhn1-mi2-560fadhn1\/\" \/>\n<meta property=\"og:locale\" content=\"az_AZ\" \/>\n<meta property=\"og:type\" content=\"article\" \/>\n<meta property=\"og:title\" content=\"VRF Sistemi Daxili blok T\u0259miz Hava Vahidi T\u0259miz Hava B\u00f6lm\u0259si, 2-ci N\u0259sil 12,5 - 56 kVt MI2-***FADHN1 MI2-125FADHN1 MI2-140FADHN1 MI2-200FADHN1 MI2-250FADHN1 MI2-280FADHN1 MI2-450FADHN1 MI2-560FADHN1 - AirRent.ge\" \/>\n<meta property=\"og:description\" content=\"T\u0259miz Hava B\u00f6lm\u0259si, 2-ci N\u0259sil M\u0259hsulun spesifikasiyas\u0131  VRF sisteminin t\u0259miz hava qur\u011fusu  100% T\u0259miz Hava Tam \u0130nverter Texnologiyas\u0131 \u0130\u015fl\u0259m\u0259 diapazonu: Q\u0131\u015f: -5\u00b0C, Yay: 43\u00b0C B\u00f6y\u00fck hava ax\u0131n\u0131 Y\u00fcks\u0259k Xarici T\u0259zyiq: 400 Pa-a q\u0259d\u0259r\" \/>\n<meta property=\"og:url\" content=\"https:\/\/airrent.ge\/az\/product\/vrf-system-indoor-unit-fresh-air-unit-fresh-air-unit-2nd-generation-12-5-56-kw-mi2-fadhn1-mi2-125fadhn1-mi2-140fadhn1-mi2-200fadhn1-mi2-250fadhn1-mi2-280fadhn1-mi2-450fadhn1-mi2-560fadhn1\/\" \/>\n<meta property=\"og:site_name\" content=\"AirRent.ge\" \/>\n<meta property=\"article:modified_time\" content=\"2025-10-14T18:36:56+00:00\" \/>\n<meta property=\"og:image\" content=\"https:\/\/airrent.ge\/wp-content\/uploads\/2025\/10\/FA_RESULT.webp\" \/>\n\t<meta property=\"og:image:width\" content=\"768\" \/>\n\t<meta property=\"og:image:height\" content=\"768\" \/>\n\t<meta property=\"og:image:type\" content=\"image\/webp\" \/>\n<meta name=\"twitter:card\" content=\"summary_large_image\" \/>\n<script type=\"application\/ld+json\" class=\"yoast-schema-graph\">{\"@context\":\"https:\/\/schema.org\",\"@graph\":[{\"@type\":\"WebPage\",\"@id\":\"https:\/\/airrent.ge\/az\/product\/vrf-system-indoor-unit-fresh-air-unit-fresh-air-unit-2nd-generation-12-5-56-kw-mi2-fadhn1-mi2-125fadhn1-mi2-140fadhn1-mi2-200fadhn1-mi2-250fadhn1-mi2-280fadhn1-mi2-450fadhn1-mi2-560fadhn1\/\",\"url\":\"https:\/\/airrent.ge\/az\/product\/vrf-system-indoor-unit-fresh-air-unit-fresh-air-unit-2nd-generation-12-5-56-kw-mi2-fadhn1-mi2-125fadhn1-mi2-140fadhn1-mi2-200fadhn1-mi2-250fadhn1-mi2-280fadhn1-mi2-450fadhn1-mi2-560fadhn1\/\",\"name\":\"VRF Sistemi Daxili blok T\u0259miz Hava Vahidi T\u0259miz Hava B\u00f6lm\u0259si, 2-ci N\u0259sil 12,5 - 56 kVt MI2-***FADHN1 MI2-125FADHN1 MI2-140FADHN1 MI2-200FADHN1 MI2-250FADHN1 MI2-280FADHN1 MI2-450FADHN1 MI2-560FADHN1 - AirRent.ge\",\"isPartOf\":{\"@id\":\"https:\/\/airrent.ge\/#website\"},\"primaryImageOfPage\":{\"@id\":\"https:\/\/airrent.ge\/az\/product\/vrf-system-indoor-unit-fresh-air-unit-fresh-air-unit-2nd-generation-12-5-56-kw-mi2-fadhn1-mi2-125fadhn1-mi2-140fadhn1-mi2-200fadhn1-mi2-250fadhn1-mi2-280fadhn1-mi2-450fadhn1-mi2-560fadhn1\/#primaryimage\"},\"image\":{\"@id\":\"https:\/\/airrent.ge\/az\/product\/vrf-system-indoor-unit-fresh-air-unit-fresh-air-unit-2nd-generation-12-5-56-kw-mi2-fadhn1-mi2-125fadhn1-mi2-140fadhn1-mi2-200fadhn1-mi2-250fadhn1-mi2-280fadhn1-mi2-450fadhn1-mi2-560fadhn1\/#primaryimage\"},\"thumbnailUrl\":\"https:\/\/airrent.ge\/wp-content\/uploads\/2025\/10\/FA_RESULT.webp\",\"datePublished\":\"2025-10-14T18:29:45+00:00\",\"dateModified\":\"2025-10-14T18:36:56+00:00\",\"breadcrumb\":{\"@id\":\"https:\/\/airrent.ge\/az\/product\/vrf-system-indoor-unit-fresh-air-unit-fresh-air-unit-2nd-generation-12-5-56-kw-mi2-fadhn1-mi2-125fadhn1-mi2-140fadhn1-mi2-200fadhn1-mi2-250fadhn1-mi2-280fadhn1-mi2-450fadhn1-mi2-560fadhn1\/#breadcrumb\"},\"inLanguage\":\"az\",\"potentialAction\":[{\"@type\":\"ReadAction\",\"target\":[\"https:\/\/airrent.ge\/az\/product\/vrf-system-indoor-unit-fresh-air-unit-fresh-air-unit-2nd-generation-12-5-56-kw-mi2-fadhn1-mi2-125fadhn1-mi2-140fadhn1-mi2-200fadhn1-mi2-250fadhn1-mi2-280fadhn1-mi2-450fadhn1-mi2-560fadhn1\/\"]}]},{\"@type\":\"ImageObject\",\"inLanguage\":\"az\",\"@id\":\"https:\/\/airrent.ge\/az\/product\/vrf-system-indoor-unit-fresh-air-unit-fresh-air-unit-2nd-generation-12-5-56-kw-mi2-fadhn1-mi2-125fadhn1-mi2-140fadhn1-mi2-200fadhn1-mi2-250fadhn1-mi2-280fadhn1-mi2-450fadhn1-mi2-560fadhn1\/#primaryimage\",\"url\":\"https:\/\/airrent.ge\/wp-content\/uploads\/2025\/10\/FA_RESULT.webp\",\"contentUrl\":\"https:\/\/airrent.ge\/wp-content\/uploads\/2025\/10\/FA_RESULT.webp\",\"width\":768,\"height\":768},{\"@type\":\"BreadcrumbList\",\"@id\":\"https:\/\/airrent.ge\/az\/product\/vrf-system-indoor-unit-fresh-air-unit-fresh-air-unit-2nd-generation-12-5-56-kw-mi2-fadhn1-mi2-125fadhn1-mi2-140fadhn1-mi2-200fadhn1-mi2-250fadhn1-mi2-280fadhn1-mi2-450fadhn1-mi2-560fadhn1\/#breadcrumb\",\"itemListElement\":[{\"@type\":\"ListItem\",\"position\":1,\"name\":\"Home\",\"item\":\"https:\/\/airrent.ge\/az\/home\/\"},{\"@type\":\"ListItem\",\"position\":2,\"name\":\"M\u0259hsullar\",\"item\":\"https:\/\/airrent.ge\/az\/products\/\"},{\"@type\":\"ListItem\",\"position\":3,\"name\":\"VRF Sistemi Daxili blok T\u0259miz Hava Vahidi T\u0259miz Hava B\u00f6lm\u0259si, 2-ci N\u0259sil 12,5 &#8211; 56 kVt MI2-***FADHN1 MI2-125FADHN1 MI2-140FADHN1 MI2-200FADHN1 MI2-250FADHN1 MI2-280FADHN1 MI2-450FADHN1 MI2-560FADHN1\"}]},{\"@type\":\"WebSite\",\"@id\":\"https:\/\/airrent.ge\/#website\",\"url\":\"https:\/\/airrent.ge\/\",\"name\":\"airrent.ge\",\"description\":\"Rental Services\",\"publisher\":{\"@id\":\"https:\/\/airrent.ge\/#organization\"},\"potentialAction\":[{\"@type\":\"SearchAction\",\"target\":{\"@type\":\"EntryPoint\",\"urlTemplate\":\"https:\/\/airrent.ge\/?s={search_term_string}\"},\"query-input\":{\"@type\":\"PropertyValueSpecification\",\"valueRequired\":true,\"valueName\":\"search_term_string\"}}],\"inLanguage\":\"az\"},{\"@type\":\"Organization\",\"@id\":\"https:\/\/airrent.ge\/#organization\",\"name\":\"airrent.ge\",\"url\":\"https:\/\/airrent.ge\/\",\"logo\":{\"@type\":\"ImageObject\",\"inLanguage\":\"az\",\"@id\":\"https:\/\/airrent.ge\/#\/schema\/logo\/image\/\",\"url\":\"https:\/\/airrent.ge\/wp-content\/uploads\/2026\/03\/airrent.png\",\"contentUrl\":\"https:\/\/airrent.ge\/wp-content\/uploads\/2026\/03\/airrent.png\",\"width\":1536,\"height\":1024,\"caption\":\"airrent.ge\"},\"image\":{\"@id\":\"https:\/\/airrent.ge\/#\/schema\/logo\/image\/\"}}]}<\/script>\n<!-- \/ Yoast SEO plugin. -->","yoast_head_json":{"title":"VRF Sistemi Daxili blok T\u0259miz Hava Vahidi T\u0259miz Hava B\u00f6lm\u0259si, 2-ci N\u0259sil 12,5 - 56 kVt MI2-***FADHN1 MI2-125FADHN1 MI2-140FADHN1 MI2-200FADHN1 MI2-250FADHN1 MI2-280FADHN1 MI2-450FADHN1 MI2-560FADHN1 - AirRent.ge","robots":{"index":"index","follow":"follow","max-snippet":"max-snippet:-1","max-image-preview":"max-image-preview:large","max-video-preview":"max-video-preview:-1"},"canonical":"https:\/\/airrent.ge\/az\/product\/vrf-system-indoor-unit-fresh-air-unit-fresh-air-unit-2nd-generation-12-5-56-kw-mi2-fadhn1-mi2-125fadhn1-mi2-140fadhn1-mi2-200fadhn1-mi2-250fadhn1-mi2-280fadhn1-mi2-450fadhn1-mi2-560fadhn1\/","og_locale":"az_AZ","og_type":"article","og_title":"VRF Sistemi Daxili blok T\u0259miz Hava Vahidi T\u0259miz Hava B\u00f6lm\u0259si, 2-ci N\u0259sil 12,5 - 56 kVt MI2-***FADHN1 MI2-125FADHN1 MI2-140FADHN1 MI2-200FADHN1 MI2-250FADHN1 MI2-280FADHN1 MI2-450FADHN1 MI2-560FADHN1 - AirRent.ge","og_description":"T\u0259miz Hava B\u00f6lm\u0259si, 2-ci N\u0259sil M\u0259hsulun spesifikasiyas\u0131  VRF sisteminin t\u0259miz hava qur\u011fusu  100% T\u0259miz Hava Tam \u0130nverter Texnologiyas\u0131 \u0130\u015fl\u0259m\u0259 diapazonu: Q\u0131\u015f: -5\u00b0C, Yay: 43\u00b0C B\u00f6y\u00fck hava ax\u0131n\u0131 Y\u00fcks\u0259k Xarici T\u0259zyiq: 400 Pa-a q\u0259d\u0259r","og_url":"https:\/\/airrent.ge\/az\/product\/vrf-system-indoor-unit-fresh-air-unit-fresh-air-unit-2nd-generation-12-5-56-kw-mi2-fadhn1-mi2-125fadhn1-mi2-140fadhn1-mi2-200fadhn1-mi2-250fadhn1-mi2-280fadhn1-mi2-450fadhn1-mi2-560fadhn1\/","og_site_name":"AirRent.ge","article_modified_time":"2025-10-14T18:36:56+00:00","og_image":[{"width":768,"height":768,"url":"https:\/\/airrent.ge\/wp-content\/uploads\/2025\/10\/FA_RESULT.webp","type":"image\/webp"}],"twitter_card":"summary_large_image","schema":{"@context":"https:\/\/schema.org","@graph":[{"@type":"WebPage","@id":"https:\/\/airrent.ge\/az\/product\/vrf-system-indoor-unit-fresh-air-unit-fresh-air-unit-2nd-generation-12-5-56-kw-mi2-fadhn1-mi2-125fadhn1-mi2-140fadhn1-mi2-200fadhn1-mi2-250fadhn1-mi2-280fadhn1-mi2-450fadhn1-mi2-560fadhn1\/","url":"https:\/\/airrent.ge\/az\/product\/vrf-system-indoor-unit-fresh-air-unit-fresh-air-unit-2nd-generation-12-5-56-kw-mi2-fadhn1-mi2-125fadhn1-mi2-140fadhn1-mi2-200fadhn1-mi2-250fadhn1-mi2-280fadhn1-mi2-450fadhn1-mi2-560fadhn1\/","name":"VRF Sistemi Daxili blok T\u0259miz Hava Vahidi T\u0259miz Hava B\u00f6lm\u0259si, 2-ci N\u0259sil 12,5 - 56 kVt MI2-***FADHN1 MI2-125FADHN1 MI2-140FADHN1 MI2-200FADHN1 MI2-250FADHN1 MI2-280FADHN1 MI2-450FADHN1 MI2-560FADHN1 - AirRent.ge","isPartOf":{"@id":"https:\/\/airrent.ge\/#website"},"primaryImageOfPage":{"@id":"https:\/\/airrent.ge\/az\/product\/vrf-system-indoor-unit-fresh-air-unit-fresh-air-unit-2nd-generation-12-5-56-kw-mi2-fadhn1-mi2-125fadhn1-mi2-140fadhn1-mi2-200fadhn1-mi2-250fadhn1-mi2-280fadhn1-mi2-450fadhn1-mi2-560fadhn1\/#primaryimage"},"image":{"@id":"https:\/\/airrent.ge\/az\/product\/vrf-system-indoor-unit-fresh-air-unit-fresh-air-unit-2nd-generation-12-5-56-kw-mi2-fadhn1-mi2-125fadhn1-mi2-140fadhn1-mi2-200fadhn1-mi2-250fadhn1-mi2-280fadhn1-mi2-450fadhn1-mi2-560fadhn1\/#primaryimage"},"thumbnailUrl":"https:\/\/airrent.ge\/wp-content\/uploads\/2025\/10\/FA_RESULT.webp","datePublished":"2025-10-14T18:29:45+00:00","dateModified":"2025-10-14T18:36:56+00:00","breadcrumb":{"@id":"https:\/\/airrent.ge\/az\/product\/vrf-system-indoor-unit-fresh-air-unit-fresh-air-unit-2nd-generation-12-5-56-kw-mi2-fadhn1-mi2-125fadhn1-mi2-140fadhn1-mi2-200fadhn1-mi2-250fadhn1-mi2-280fadhn1-mi2-450fadhn1-mi2-560fadhn1\/#breadcrumb"},"inLanguage":"az","potentialAction":[{"@type":"ReadAction","target":["https:\/\/airrent.ge\/az\/product\/vrf-system-indoor-unit-fresh-air-unit-fresh-air-unit-2nd-generation-12-5-56-kw-mi2-fadhn1-mi2-125fadhn1-mi2-140fadhn1-mi2-200fadhn1-mi2-250fadhn1-mi2-280fadhn1-mi2-450fadhn1-mi2-560fadhn1\/"]}]},{"@type":"ImageObject","inLanguage":"az","@id":"https:\/\/airrent.ge\/az\/product\/vrf-system-indoor-unit-fresh-air-unit-fresh-air-unit-2nd-generation-12-5-56-kw-mi2-fadhn1-mi2-125fadhn1-mi2-140fadhn1-mi2-200fadhn1-mi2-250fadhn1-mi2-280fadhn1-mi2-450fadhn1-mi2-560fadhn1\/#primaryimage","url":"https:\/\/airrent.ge\/wp-content\/uploads\/2025\/10\/FA_RESULT.webp","contentUrl":"https:\/\/airrent.ge\/wp-content\/uploads\/2025\/10\/FA_RESULT.webp","width":768,"height":768},{"@type":"BreadcrumbList","@id":"https:\/\/airrent.ge\/az\/product\/vrf-system-indoor-unit-fresh-air-unit-fresh-air-unit-2nd-generation-12-5-56-kw-mi2-fadhn1-mi2-125fadhn1-mi2-140fadhn1-mi2-200fadhn1-mi2-250fadhn1-mi2-280fadhn1-mi2-450fadhn1-mi2-560fadhn1\/#breadcrumb","itemListElement":[{"@type":"ListItem","position":1,"name":"Home","item":"https:\/\/airrent.ge\/az\/home\/"},{"@type":"ListItem","position":2,"name":"M\u0259hsullar","item":"https:\/\/airrent.ge\/az\/products\/"},{"@type":"ListItem","position":3,"name":"VRF Sistemi Daxili blok T\u0259miz Hava Vahidi T\u0259miz Hava B\u00f6lm\u0259si, 2-ci N\u0259sil 12,5 &#8211; 56 kVt MI2-***FADHN1 MI2-125FADHN1 MI2-140FADHN1 MI2-200FADHN1 MI2-250FADHN1 MI2-280FADHN1 MI2-450FADHN1 MI2-560FADHN1"}]},{"@type":"WebSite","@id":"https:\/\/airrent.ge\/#website","url":"https:\/\/airrent.ge\/","name":"airrent.ge","description":"Rental Services","publisher":{"@id":"https:\/\/airrent.ge\/#organization"},"potentialAction":[{"@type":"SearchAction","target":{"@type":"EntryPoint","urlTemplate":"https:\/\/airrent.ge\/?s={search_term_string}"},"query-input":{"@type":"PropertyValueSpecification","valueRequired":true,"valueName":"search_term_string"}}],"inLanguage":"az"},{"@type":"Organization","@id":"https:\/\/airrent.ge\/#organization","name":"airrent.ge","url":"https:\/\/airrent.ge\/","logo":{"@type":"ImageObject","inLanguage":"az","@id":"https:\/\/airrent.ge\/#\/schema\/logo\/image\/","url":"https:\/\/airrent.ge\/wp-content\/uploads\/2026\/03\/airrent.png","contentUrl":"https:\/\/airrent.ge\/wp-content\/uploads\/2026\/03\/airrent.png","width":1536,"height":1024,"caption":"airrent.ge"},"image":{"@id":"https:\/\/airrent.ge\/#\/schema\/logo\/image\/"}}]}},"_links":{"self":[{"href":"https:\/\/airrent.ge\/az\/wp-json\/wp\/v2\/product\/42861","targetHints":{"allow":["GET"]}}],"collection":[{"href":"https:\/\/airrent.ge\/az\/wp-json\/wp\/v2\/product"}],"about":[{"href":"https:\/\/airrent.ge\/az\/wp-json\/wp\/v2\/types\/product"}],"wp:featuredmedia":[{"embeddable":true,"href":"https:\/\/airrent.ge\/az\/wp-json\/wp\/v2\/media\/42856"}],"wp:attachment":[{"href":"https:\/\/airrent.ge\/az\/wp-json\/wp\/v2\/media?parent=42861"}],"wp:term":[{"taxonomy":"product_brand","embeddable":true,"href":"https:\/\/airrent.ge\/az\/wp-json\/wp\/v2\/product_brand?post=42861"},{"taxonomy":"product_cat","embeddable":true,"href":"https:\/\/airrent.ge\/az\/wp-json\/wp\/v2\/product_cat?post=42861"},{"taxonomy":"product_tag","embeddable":true,"href":"https:\/\/airrent.ge\/az\/wp-json\/wp\/v2\/product_tag?post=42861"}],"curies":[{"name":"wp","href":"https:\/\/api.w.org\/{rel}","templated":true}]}}