{"id":43012,"date":"2025-10-18T14:28:36","date_gmt":"2025-10-18T10:28:36","guid":{"rendered":"https:\/\/airsystems.ge\/shop\/product\/vrf-system-indoor-unit-ducted-middle-static-pressure-duct-2nd-generation-dc-2-2-14-kw-mi2-t2dn1-mi2-22t2dn1-mi2-28t2dn1-mi2-36t2dn1-mi2-45t2dn1-mi2-56t2dn1-mi2-71t2dn1-mi2-80t2dn1-mi2-90t2dn1-m\/"},"modified":"2025-10-18T14:57:46","modified_gmt":"2025-10-18T10:57:46","slug":"vrf-system-indoor-unit-ducted-middle-static-pressure-duct-2nd-generation-dc-2-2-14-kw-mi2-t2dn1-mi2-22t2dn1-mi2-28t2dn1-mi2-36t2dn1-mi2-45t2dn1-mi2-56t2dn1-mi2-71t2dn1-mi2-80t2dn1-mi2-90t2dn1-m","status":"publish","type":"product","link":"https:\/\/airrent.ge\/az\/product\/vrf-system-indoor-unit-ducted-middle-static-pressure-duct-2nd-generation-dc-2-2-14-kw-mi2-t2dn1-mi2-22t2dn1-mi2-28t2dn1-mi2-36t2dn1-mi2-45t2dn1-mi2-56t2dn1-mi2-71t2dn1-mi2-80t2dn1-mi2-90t2dn1-m\/","title":{"rendered":"VRF Sistemi Daxili blok Kanall\u0131 Orta Statik T\u0259zyiq Kanal\u0131, 2-ci N\u0259sil, DC 2,2 &#8211; 14 kVt MI2-**T2DN1  MI2-22T2DN1 MI2-28T2DN1 MI2-36T2DN1 MI2-45T2DN1 MI2-56T2DN1 MI2-71T2DN1 MI2-80T2DN1 MI2-90T2DN1 MI2-112T2DN1 MI2-140T2DN1  MIDEA"},"content":{"rendered":"","protected":false},"excerpt":{"rendered":"<div id=\"w-node-_99251b19-02be-a60d-3556-d396ae97cee4-875f3092\" class=\"product-inner_img-thumbs-wrapper\">\n<div class=\"product-inner_img-thumb is-active\" data-index=\"0\"><span style=\"color: #1b1919; font-size: 28px;\">Orta Statik T\u0259zyiq Kanal\u0131, 2-ci N\u0259sil, DC<\/span><\/div>\n<\/div>\n<div id=\"w-node-c63541f9-43bc-1c18-7844-90c28a81f2cb-875f3092\" class=\"product-inner_info-block\">\n<div class=\"product-inner_info-block-inner\">\n<div class=\"product-inner_text-block\">\n<p>M\u0259hsulun spesifikasiyas\u0131<\/p>\n<p>2-ci N\u0259sil Orta Statik T\u0259zyiqli Kanall\u0131 Daxili B\u00f6lm\u0259<\/p>\n<p>7 S\u00fcr\u0259tli \u0130nverter Texnologiyas\u0131<br \/>\nDrenaj Pompas\u0131 Lift H\u00fcnd\u00fcrl\u00fcy\u00fc: 75 sm<\/p>\n<\/div>\n<\/div>\n<\/div>\n","protected":false},"featured_media":43007,"template":"","meta":[],"product_brand":[],"product_cat":[1993],"product_tag":[],"class_list":{"0":"post-43012","1":"product","2":"type-product","3":"status-publish","4":"has-post-thumbnail","6":"product_cat-vrf-sistemi","8":"first","9":"instock","10":"shipping-taxable","11":"product-type-simple"},"yoast_head":"<!-- This site is optimized with the Yoast SEO plugin v27.1.1 - https:\/\/yoast.com\/product\/yoast-seo-wordpress\/ -->\n<title>VRF Sistemi Daxili blok Kanall\u0131 Orta Statik T\u0259zyiq Kanal\u0131, 2-ci N\u0259sil, DC 2,2 - 14 kVt MI2-**T2DN1 MI2-22T2DN1 MI2-28T2DN1 MI2-36T2DN1 MI2-45T2DN1 MI2-56T2DN1 MI2-71T2DN1 MI2-80T2DN1 MI2-90T2DN1 MI2-112T2DN1 MI2-140T2DN1 MIDEA - AirRent.ge<\/title>\n<meta name=\"robots\" content=\"index, follow, max-snippet:-1, max-image-preview:large, max-video-preview:-1\" \/>\n<link rel=\"canonical\" href=\"https:\/\/airrent.ge\/az\/product\/vrf-system-indoor-unit-ducted-middle-static-pressure-duct-2nd-generation-dc-2-2-14-kw-mi2-t2dn1-mi2-22t2dn1-mi2-28t2dn1-mi2-36t2dn1-mi2-45t2dn1-mi2-56t2dn1-mi2-71t2dn1-mi2-80t2dn1-mi2-90t2dn1-m\/\" \/>\n<meta property=\"og:locale\" content=\"az_AZ\" \/>\n<meta property=\"og:type\" content=\"article\" \/>\n<meta property=\"og:title\" content=\"VRF Sistemi Daxili blok Kanall\u0131 Orta Statik T\u0259zyiq Kanal\u0131, 2-ci N\u0259sil, DC 2,2 - 14 kVt MI2-**T2DN1 MI2-22T2DN1 MI2-28T2DN1 MI2-36T2DN1 MI2-45T2DN1 MI2-56T2DN1 MI2-71T2DN1 MI2-80T2DN1 MI2-90T2DN1 MI2-112T2DN1 MI2-140T2DN1 MIDEA - AirRent.ge\" \/>\n<meta property=\"og:description\" content=\"Orta Statik T\u0259zyiq Kanal\u0131, 2-ci N\u0259sil, DC      M\u0259hsulun spesifikasiyas\u0131  2-ci N\u0259sil Orta Statik T\u0259zyiqli Kanall\u0131 Daxili B\u00f6lm\u0259  7 S\u00fcr\u0259tli \u0130nverter Texnologiyas\u0131 Drenaj Pompas\u0131 Lift H\u00fcnd\u00fcrl\u00fcy\u00fc: 75 sm\" \/>\n<meta property=\"og:url\" content=\"https:\/\/airrent.ge\/az\/product\/vrf-system-indoor-unit-ducted-middle-static-pressure-duct-2nd-generation-dc-2-2-14-kw-mi2-t2dn1-mi2-22t2dn1-mi2-28t2dn1-mi2-36t2dn1-mi2-45t2dn1-mi2-56t2dn1-mi2-71t2dn1-mi2-80t2dn1-mi2-90t2dn1-m\/\" \/>\n<meta property=\"og:site_name\" content=\"AirRent.ge\" \/>\n<meta property=\"article:modified_time\" content=\"2025-10-18T10:57:46+00:00\" \/>\n<meta property=\"og:image\" content=\"https:\/\/airrent.ge\/wp-content\/uploads\/2025\/10\/cq5dam.web_.5000.5000-1_c-1.webp\" \/>\n\t<meta property=\"og:image:width\" content=\"768\" \/>\n\t<meta property=\"og:image:height\" content=\"768\" \/>\n\t<meta property=\"og:image:type\" content=\"image\/webp\" \/>\n<meta name=\"twitter:card\" content=\"summary_large_image\" \/>\n<script type=\"application\/ld+json\" class=\"yoast-schema-graph\">{\"@context\":\"https:\/\/schema.org\",\"@graph\":[{\"@type\":\"WebPage\",\"@id\":\"https:\/\/airrent.ge\/az\/product\/vrf-system-indoor-unit-ducted-middle-static-pressure-duct-2nd-generation-dc-2-2-14-kw-mi2-t2dn1-mi2-22t2dn1-mi2-28t2dn1-mi2-36t2dn1-mi2-45t2dn1-mi2-56t2dn1-mi2-71t2dn1-mi2-80t2dn1-mi2-90t2dn1-m\/\",\"url\":\"https:\/\/airrent.ge\/az\/product\/vrf-system-indoor-unit-ducted-middle-static-pressure-duct-2nd-generation-dc-2-2-14-kw-mi2-t2dn1-mi2-22t2dn1-mi2-28t2dn1-mi2-36t2dn1-mi2-45t2dn1-mi2-56t2dn1-mi2-71t2dn1-mi2-80t2dn1-mi2-90t2dn1-m\/\",\"name\":\"VRF Sistemi Daxili blok Kanall\u0131 Orta Statik T\u0259zyiq Kanal\u0131, 2-ci N\u0259sil, DC 2,2 - 14 kVt MI2-**T2DN1 MI2-22T2DN1 MI2-28T2DN1 MI2-36T2DN1 MI2-45T2DN1 MI2-56T2DN1 MI2-71T2DN1 MI2-80T2DN1 MI2-90T2DN1 MI2-112T2DN1 MI2-140T2DN1 MIDEA - AirRent.ge\",\"isPartOf\":{\"@id\":\"https:\/\/airrent.ge\/#website\"},\"primaryImageOfPage\":{\"@id\":\"https:\/\/airrent.ge\/az\/product\/vrf-system-indoor-unit-ducted-middle-static-pressure-duct-2nd-generation-dc-2-2-14-kw-mi2-t2dn1-mi2-22t2dn1-mi2-28t2dn1-mi2-36t2dn1-mi2-45t2dn1-mi2-56t2dn1-mi2-71t2dn1-mi2-80t2dn1-mi2-90t2dn1-m\/#primaryimage\"},\"image\":{\"@id\":\"https:\/\/airrent.ge\/az\/product\/vrf-system-indoor-unit-ducted-middle-static-pressure-duct-2nd-generation-dc-2-2-14-kw-mi2-t2dn1-mi2-22t2dn1-mi2-28t2dn1-mi2-36t2dn1-mi2-45t2dn1-mi2-56t2dn1-mi2-71t2dn1-mi2-80t2dn1-mi2-90t2dn1-m\/#primaryimage\"},\"thumbnailUrl\":\"https:\/\/airrent.ge\/wp-content\/uploads\/2025\/10\/cq5dam.web_.5000.5000-1_c-1.webp\",\"datePublished\":\"2025-10-18T10:28:36+00:00\",\"dateModified\":\"2025-10-18T10:57:46+00:00\",\"breadcrumb\":{\"@id\":\"https:\/\/airrent.ge\/az\/product\/vrf-system-indoor-unit-ducted-middle-static-pressure-duct-2nd-generation-dc-2-2-14-kw-mi2-t2dn1-mi2-22t2dn1-mi2-28t2dn1-mi2-36t2dn1-mi2-45t2dn1-mi2-56t2dn1-mi2-71t2dn1-mi2-80t2dn1-mi2-90t2dn1-m\/#breadcrumb\"},\"inLanguage\":\"az\",\"potentialAction\":[{\"@type\":\"ReadAction\",\"target\":[\"https:\/\/airrent.ge\/az\/product\/vrf-system-indoor-unit-ducted-middle-static-pressure-duct-2nd-generation-dc-2-2-14-kw-mi2-t2dn1-mi2-22t2dn1-mi2-28t2dn1-mi2-36t2dn1-mi2-45t2dn1-mi2-56t2dn1-mi2-71t2dn1-mi2-80t2dn1-mi2-90t2dn1-m\/\"]}]},{\"@type\":\"ImageObject\",\"inLanguage\":\"az\",\"@id\":\"https:\/\/airrent.ge\/az\/product\/vrf-system-indoor-unit-ducted-middle-static-pressure-duct-2nd-generation-dc-2-2-14-kw-mi2-t2dn1-mi2-22t2dn1-mi2-28t2dn1-mi2-36t2dn1-mi2-45t2dn1-mi2-56t2dn1-mi2-71t2dn1-mi2-80t2dn1-mi2-90t2dn1-m\/#primaryimage\",\"url\":\"https:\/\/airrent.ge\/wp-content\/uploads\/2025\/10\/cq5dam.web_.5000.5000-1_c-1.webp\",\"contentUrl\":\"https:\/\/airrent.ge\/wp-content\/uploads\/2025\/10\/cq5dam.web_.5000.5000-1_c-1.webp\",\"width\":768,\"height\":768},{\"@type\":\"BreadcrumbList\",\"@id\":\"https:\/\/airrent.ge\/az\/product\/vrf-system-indoor-unit-ducted-middle-static-pressure-duct-2nd-generation-dc-2-2-14-kw-mi2-t2dn1-mi2-22t2dn1-mi2-28t2dn1-mi2-36t2dn1-mi2-45t2dn1-mi2-56t2dn1-mi2-71t2dn1-mi2-80t2dn1-mi2-90t2dn1-m\/#breadcrumb\",\"itemListElement\":[{\"@type\":\"ListItem\",\"position\":1,\"name\":\"Home\",\"item\":\"https:\/\/airrent.ge\/az\/home\/\"},{\"@type\":\"ListItem\",\"position\":2,\"name\":\"M\u0259hsullar\",\"item\":\"https:\/\/airrent.ge\/az\/products\/\"},{\"@type\":\"ListItem\",\"position\":3,\"name\":\"VRF Sistemi Daxili blok Kanall\u0131 Orta Statik T\u0259zyiq Kanal\u0131, 2-ci N\u0259sil, DC 2,2 &#8211; 14 kVt MI2-**T2DN1 MI2-22T2DN1 MI2-28T2DN1 MI2-36T2DN1 MI2-45T2DN1 MI2-56T2DN1 MI2-71T2DN1 MI2-80T2DN1 MI2-90T2DN1 MI2-112T2DN1 MI2-140T2DN1 MIDEA\"}]},{\"@type\":\"WebSite\",\"@id\":\"https:\/\/airrent.ge\/#website\",\"url\":\"https:\/\/airrent.ge\/\",\"name\":\"airrent.ge\",\"description\":\"Rental Services\",\"publisher\":{\"@id\":\"https:\/\/airrent.ge\/#organization\"},\"potentialAction\":[{\"@type\":\"SearchAction\",\"target\":{\"@type\":\"EntryPoint\",\"urlTemplate\":\"https:\/\/airrent.ge\/?s={search_term_string}\"},\"query-input\":{\"@type\":\"PropertyValueSpecification\",\"valueRequired\":true,\"valueName\":\"search_term_string\"}}],\"inLanguage\":\"az\"},{\"@type\":\"Organization\",\"@id\":\"https:\/\/airrent.ge\/#organization\",\"name\":\"airrent.ge\",\"url\":\"https:\/\/airrent.ge\/\",\"logo\":{\"@type\":\"ImageObject\",\"inLanguage\":\"az\",\"@id\":\"https:\/\/airrent.ge\/#\/schema\/logo\/image\/\",\"url\":\"https:\/\/airrent.ge\/wp-content\/uploads\/2026\/03\/airrent.png\",\"contentUrl\":\"https:\/\/airrent.ge\/wp-content\/uploads\/2026\/03\/airrent.png\",\"width\":1536,\"height\":1024,\"caption\":\"airrent.ge\"},\"image\":{\"@id\":\"https:\/\/airrent.ge\/#\/schema\/logo\/image\/\"}}]}<\/script>\n<!-- \/ Yoast SEO plugin. -->","yoast_head_json":{"title":"VRF Sistemi Daxili blok Kanall\u0131 Orta Statik T\u0259zyiq Kanal\u0131, 2-ci N\u0259sil, DC 2,2 - 14 kVt MI2-**T2DN1 MI2-22T2DN1 MI2-28T2DN1 MI2-36T2DN1 MI2-45T2DN1 MI2-56T2DN1 MI2-71T2DN1 MI2-80T2DN1 MI2-90T2DN1 MI2-112T2DN1 MI2-140T2DN1 MIDEA - AirRent.ge","robots":{"index":"index","follow":"follow","max-snippet":"max-snippet:-1","max-image-preview":"max-image-preview:large","max-video-preview":"max-video-preview:-1"},"canonical":"https:\/\/airrent.ge\/az\/product\/vrf-system-indoor-unit-ducted-middle-static-pressure-duct-2nd-generation-dc-2-2-14-kw-mi2-t2dn1-mi2-22t2dn1-mi2-28t2dn1-mi2-36t2dn1-mi2-45t2dn1-mi2-56t2dn1-mi2-71t2dn1-mi2-80t2dn1-mi2-90t2dn1-m\/","og_locale":"az_AZ","og_type":"article","og_title":"VRF Sistemi Daxili blok Kanall\u0131 Orta Statik T\u0259zyiq Kanal\u0131, 2-ci N\u0259sil, DC 2,2 - 14 kVt MI2-**T2DN1 MI2-22T2DN1 MI2-28T2DN1 MI2-36T2DN1 MI2-45T2DN1 MI2-56T2DN1 MI2-71T2DN1 MI2-80T2DN1 MI2-90T2DN1 MI2-112T2DN1 MI2-140T2DN1 MIDEA - AirRent.ge","og_description":"Orta Statik T\u0259zyiq Kanal\u0131, 2-ci N\u0259sil, DC      M\u0259hsulun spesifikasiyas\u0131  2-ci N\u0259sil Orta Statik T\u0259zyiqli Kanall\u0131 Daxili B\u00f6lm\u0259  7 S\u00fcr\u0259tli \u0130nverter Texnologiyas\u0131 Drenaj Pompas\u0131 Lift H\u00fcnd\u00fcrl\u00fcy\u00fc: 75 sm","og_url":"https:\/\/airrent.ge\/az\/product\/vrf-system-indoor-unit-ducted-middle-static-pressure-duct-2nd-generation-dc-2-2-14-kw-mi2-t2dn1-mi2-22t2dn1-mi2-28t2dn1-mi2-36t2dn1-mi2-45t2dn1-mi2-56t2dn1-mi2-71t2dn1-mi2-80t2dn1-mi2-90t2dn1-m\/","og_site_name":"AirRent.ge","article_modified_time":"2025-10-18T10:57:46+00:00","og_image":[{"width":768,"height":768,"url":"https:\/\/airrent.ge\/wp-content\/uploads\/2025\/10\/cq5dam.web_.5000.5000-1_c-1.webp","type":"image\/webp"}],"twitter_card":"summary_large_image","schema":{"@context":"https:\/\/schema.org","@graph":[{"@type":"WebPage","@id":"https:\/\/airrent.ge\/az\/product\/vrf-system-indoor-unit-ducted-middle-static-pressure-duct-2nd-generation-dc-2-2-14-kw-mi2-t2dn1-mi2-22t2dn1-mi2-28t2dn1-mi2-36t2dn1-mi2-45t2dn1-mi2-56t2dn1-mi2-71t2dn1-mi2-80t2dn1-mi2-90t2dn1-m\/","url":"https:\/\/airrent.ge\/az\/product\/vrf-system-indoor-unit-ducted-middle-static-pressure-duct-2nd-generation-dc-2-2-14-kw-mi2-t2dn1-mi2-22t2dn1-mi2-28t2dn1-mi2-36t2dn1-mi2-45t2dn1-mi2-56t2dn1-mi2-71t2dn1-mi2-80t2dn1-mi2-90t2dn1-m\/","name":"VRF Sistemi Daxili blok Kanall\u0131 Orta Statik T\u0259zyiq Kanal\u0131, 2-ci N\u0259sil, DC 2,2 - 14 kVt MI2-**T2DN1 MI2-22T2DN1 MI2-28T2DN1 MI2-36T2DN1 MI2-45T2DN1 MI2-56T2DN1 MI2-71T2DN1 MI2-80T2DN1 MI2-90T2DN1 MI2-112T2DN1 MI2-140T2DN1 MIDEA - AirRent.ge","isPartOf":{"@id":"https:\/\/airrent.ge\/#website"},"primaryImageOfPage":{"@id":"https:\/\/airrent.ge\/az\/product\/vrf-system-indoor-unit-ducted-middle-static-pressure-duct-2nd-generation-dc-2-2-14-kw-mi2-t2dn1-mi2-22t2dn1-mi2-28t2dn1-mi2-36t2dn1-mi2-45t2dn1-mi2-56t2dn1-mi2-71t2dn1-mi2-80t2dn1-mi2-90t2dn1-m\/#primaryimage"},"image":{"@id":"https:\/\/airrent.ge\/az\/product\/vrf-system-indoor-unit-ducted-middle-static-pressure-duct-2nd-generation-dc-2-2-14-kw-mi2-t2dn1-mi2-22t2dn1-mi2-28t2dn1-mi2-36t2dn1-mi2-45t2dn1-mi2-56t2dn1-mi2-71t2dn1-mi2-80t2dn1-mi2-90t2dn1-m\/#primaryimage"},"thumbnailUrl":"https:\/\/airrent.ge\/wp-content\/uploads\/2025\/10\/cq5dam.web_.5000.5000-1_c-1.webp","datePublished":"2025-10-18T10:28:36+00:00","dateModified":"2025-10-18T10:57:46+00:00","breadcrumb":{"@id":"https:\/\/airrent.ge\/az\/product\/vrf-system-indoor-unit-ducted-middle-static-pressure-duct-2nd-generation-dc-2-2-14-kw-mi2-t2dn1-mi2-22t2dn1-mi2-28t2dn1-mi2-36t2dn1-mi2-45t2dn1-mi2-56t2dn1-mi2-71t2dn1-mi2-80t2dn1-mi2-90t2dn1-m\/#breadcrumb"},"inLanguage":"az","potentialAction":[{"@type":"ReadAction","target":["https:\/\/airrent.ge\/az\/product\/vrf-system-indoor-unit-ducted-middle-static-pressure-duct-2nd-generation-dc-2-2-14-kw-mi2-t2dn1-mi2-22t2dn1-mi2-28t2dn1-mi2-36t2dn1-mi2-45t2dn1-mi2-56t2dn1-mi2-71t2dn1-mi2-80t2dn1-mi2-90t2dn1-m\/"]}]},{"@type":"ImageObject","inLanguage":"az","@id":"https:\/\/airrent.ge\/az\/product\/vrf-system-indoor-unit-ducted-middle-static-pressure-duct-2nd-generation-dc-2-2-14-kw-mi2-t2dn1-mi2-22t2dn1-mi2-28t2dn1-mi2-36t2dn1-mi2-45t2dn1-mi2-56t2dn1-mi2-71t2dn1-mi2-80t2dn1-mi2-90t2dn1-m\/#primaryimage","url":"https:\/\/airrent.ge\/wp-content\/uploads\/2025\/10\/cq5dam.web_.5000.5000-1_c-1.webp","contentUrl":"https:\/\/airrent.ge\/wp-content\/uploads\/2025\/10\/cq5dam.web_.5000.5000-1_c-1.webp","width":768,"height":768},{"@type":"BreadcrumbList","@id":"https:\/\/airrent.ge\/az\/product\/vrf-system-indoor-unit-ducted-middle-static-pressure-duct-2nd-generation-dc-2-2-14-kw-mi2-t2dn1-mi2-22t2dn1-mi2-28t2dn1-mi2-36t2dn1-mi2-45t2dn1-mi2-56t2dn1-mi2-71t2dn1-mi2-80t2dn1-mi2-90t2dn1-m\/#breadcrumb","itemListElement":[{"@type":"ListItem","position":1,"name":"Home","item":"https:\/\/airrent.ge\/az\/home\/"},{"@type":"ListItem","position":2,"name":"M\u0259hsullar","item":"https:\/\/airrent.ge\/az\/products\/"},{"@type":"ListItem","position":3,"name":"VRF Sistemi Daxili blok Kanall\u0131 Orta Statik T\u0259zyiq Kanal\u0131, 2-ci N\u0259sil, DC 2,2 &#8211; 14 kVt MI2-**T2DN1 MI2-22T2DN1 MI2-28T2DN1 MI2-36T2DN1 MI2-45T2DN1 MI2-56T2DN1 MI2-71T2DN1 MI2-80T2DN1 MI2-90T2DN1 MI2-112T2DN1 MI2-140T2DN1 MIDEA"}]},{"@type":"WebSite","@id":"https:\/\/airrent.ge\/#website","url":"https:\/\/airrent.ge\/","name":"airrent.ge","description":"Rental Services","publisher":{"@id":"https:\/\/airrent.ge\/#organization"},"potentialAction":[{"@type":"SearchAction","target":{"@type":"EntryPoint","urlTemplate":"https:\/\/airrent.ge\/?s={search_term_string}"},"query-input":{"@type":"PropertyValueSpecification","valueRequired":true,"valueName":"search_term_string"}}],"inLanguage":"az"},{"@type":"Organization","@id":"https:\/\/airrent.ge\/#organization","name":"airrent.ge","url":"https:\/\/airrent.ge\/","logo":{"@type":"ImageObject","inLanguage":"az","@id":"https:\/\/airrent.ge\/#\/schema\/logo\/image\/","url":"https:\/\/airrent.ge\/wp-content\/uploads\/2026\/03\/airrent.png","contentUrl":"https:\/\/airrent.ge\/wp-content\/uploads\/2026\/03\/airrent.png","width":1536,"height":1024,"caption":"airrent.ge"},"image":{"@id":"https:\/\/airrent.ge\/#\/schema\/logo\/image\/"}}]}},"_links":{"self":[{"href":"https:\/\/airrent.ge\/az\/wp-json\/wp\/v2\/product\/43012","targetHints":{"allow":["GET"]}}],"collection":[{"href":"https:\/\/airrent.ge\/az\/wp-json\/wp\/v2\/product"}],"about":[{"href":"https:\/\/airrent.ge\/az\/wp-json\/wp\/v2\/types\/product"}],"wp:featuredmedia":[{"embeddable":true,"href":"https:\/\/airrent.ge\/az\/wp-json\/wp\/v2\/media\/43007"}],"wp:attachment":[{"href":"https:\/\/airrent.ge\/az\/wp-json\/wp\/v2\/media?parent=43012"}],"wp:term":[{"taxonomy":"product_brand","embeddable":true,"href":"https:\/\/airrent.ge\/az\/wp-json\/wp\/v2\/product_brand?post=43012"},{"taxonomy":"product_cat","embeddable":true,"href":"https:\/\/airrent.ge\/az\/wp-json\/wp\/v2\/product_cat?post=43012"},{"taxonomy":"product_tag","embeddable":true,"href":"https:\/\/airrent.ge\/az\/wp-json\/wp\/v2\/product_tag?post=43012"}],"curies":[{"name":"wp","href":"https:\/\/api.w.org\/{rel}","templated":true}]}}