{"id":43121,"date":"2025-10-18T16:52:13","date_gmt":"2025-10-18T12:52:13","guid":{"rendered":"https:\/\/airsystems.ge\/shop\/product\/vrf-system-indoor-unit-ducted-high-static-pressure-duct-v8-5-6-56-kw-miht1hn18-mih56t1hn18-mih71t1n18-mih80t1n18-mih90t1n18-mih112t1n18-mih125t1n18-mih140t1n18-mih160t1n18-mih200t1n18-mih224t1n1\/"},"modified":"2025-10-18T16:58:35","modified_gmt":"2025-10-18T12:58:35","slug":"vrf-system-indoor-unit-ducted-high-static-pressure-duct-v8-5-6-56-kw-miht1hn18-mih56t1hn18-mih71t1n18-mih80t1n18-mih90t1n18-mih112t1n18-mih125t1n18-mih140t1n18-mih160t1n18-mih200t1n18-mih224t1n1","status":"publish","type":"product","link":"https:\/\/airrent.ge\/az\/product\/vrf-system-indoor-unit-ducted-high-static-pressure-duct-v8-5-6-56-kw-miht1hn18-mih56t1hn18-mih71t1n18-mih80t1n18-mih90t1n18-mih112t1n18-mih125t1n18-mih140t1n18-mih160t1n18-mih200t1n18-mih224t1n1\/","title":{"rendered":"VRF Sistemi Daxili blok Kanall\u0131 Y\u00fcks\u0259k Statik T\u0259zyiq Kanal\u0131, V8 5,6 &#8211; 56 Kw MIH**T1HN18  MIH56T1HN18 MIH71T1N18 MIH80T1N18 MIH90T1N18 MIH112T1N18 MIH125T1N18 MIH140T1N18 MIH160T1N18 MIH200T1N18 MIH224T1N18 MIH252T1N18 MIH280T1N18 MIH335T1N18 MIH400T1N18 MIH450T1N18 MIH560T1N18  MIDEA"},"content":{"rendered":"","protected":false},"excerpt":{"rendered":"<h1>Y\u00fcks\u0259k Statik T\u0259zyiq Kanal\u0131, V8<\/h1>\n<p>M\u0259hsulun spesifikasiyas\u0131<\/p>\n<p>V8 N\u0259sil Kanall\u0131 Tip Daxili B\u00f6lm\u0259<\/p>\n<p>7 S\u00fcr\u0259tli \u0130nverter Texnologiyas\u0131<br \/>\n\u00c7irkli Filtr Blockage Rate Vizualizasiya<br \/>\nAdaptiv ESP: Daimi hava ax\u0131n\u0131 t\u0259min etm\u0259k \u00fc\u00e7\u00fcn statik t\u0259zyiq avtomatik olaraq d\u0259yi\u015fir<br \/>\nMETA 2: T\u0259kmill\u0259\u015fdirilmi\u015f S\u0259m\u0259r\u0259lilik, S\u00fcr\u0259tli Soyutma\/\u0130sitm\u0259<br \/>\nHiperlink: Qura\u015fd\u0131rma vaxt\u0131n\u0131 v\u0259 qiym\u0259tini azald\u0131r<br \/>\nZen air 2.0: \u00c7oxfunksiyal\u0131 Hava ax\u0131n\u0131n\u0131n idar\u0259 edilm\u0259si<br \/>\n\u0130stilik d\u0259yi\u015fdiricisinin avtomatik t\u0259mizl\u0259nm\u0259si funksiyas\u0131<br \/>\nSakit \u018fm\u0259liyyat<\/p>\n","protected":false},"featured_media":43104,"template":"","meta":[],"product_brand":[],"product_cat":[1993],"product_tag":[],"class_list":{"0":"post-43121","1":"product","2":"type-product","3":"status-publish","4":"has-post-thumbnail","6":"product_cat-vrf-sistemi","8":"first","9":"instock","10":"shipping-taxable","11":"product-type-simple"},"yoast_head":"<!-- This site is optimized with the Yoast SEO plugin v27.1.1 - https:\/\/yoast.com\/product\/yoast-seo-wordpress\/ -->\n<title>VRF Sistemi Daxili blok Kanall\u0131 Y\u00fcks\u0259k Statik T\u0259zyiq Kanal\u0131, V8 5,6 - 56 Kw MIH**T1HN18 MIH56T1HN18 MIH71T1N18 MIH80T1N18 MIH90T1N18 MIH112T1N18 MIH125T1N18 MIH140T1N18 MIH160T1N18 MIH200T1N18 MIH224T1N18 MIH252T1N18 MIH280T1N18 MIH335T1N18 MIH400T1N18 MIH450T1N18 MIH560T1N18 MIDEA - AirRent.ge<\/title>\n<meta name=\"robots\" content=\"index, follow, max-snippet:-1, max-image-preview:large, max-video-preview:-1\" \/>\n<link rel=\"canonical\" href=\"https:\/\/airrent.ge\/az\/product\/vrf-system-indoor-unit-ducted-high-static-pressure-duct-v8-5-6-56-kw-miht1hn18-mih56t1hn18-mih71t1n18-mih80t1n18-mih90t1n18-mih112t1n18-mih125t1n18-mih140t1n18-mih160t1n18-mih200t1n18-mih224t1n1\/\" \/>\n<meta property=\"og:locale\" content=\"az_AZ\" \/>\n<meta property=\"og:type\" content=\"article\" \/>\n<meta property=\"og:title\" content=\"VRF Sistemi Daxili blok Kanall\u0131 Y\u00fcks\u0259k Statik T\u0259zyiq Kanal\u0131, V8 5,6 - 56 Kw MIH**T1HN18 MIH56T1HN18 MIH71T1N18 MIH80T1N18 MIH90T1N18 MIH112T1N18 MIH125T1N18 MIH140T1N18 MIH160T1N18 MIH200T1N18 MIH224T1N18 MIH252T1N18 MIH280T1N18 MIH335T1N18 MIH400T1N18 MIH450T1N18 MIH560T1N18 MIDEA - AirRent.ge\" \/>\n<meta property=\"og:description\" content=\"Y\u00fcks\u0259k Statik T\u0259zyiq Kanal\u0131, V8 M\u0259hsulun spesifikasiyas\u0131  V8 N\u0259sil Kanall\u0131 Tip Daxili B\u00f6lm\u0259  7 S\u00fcr\u0259tli \u0130nverter Texnologiyas\u0131 \u00c7irkli Filtr Blockage Rate Vizualizasiya Adaptiv ESP: Daimi hava ax\u0131n\u0131 t\u0259min etm\u0259k \u00fc\u00e7\u00fcn statik t\u0259zyiq avtomatik olaraq d\u0259yi\u015fir META 2: T\u0259kmill\u0259\u015fdirilmi\u015f S\u0259m\u0259r\u0259lilik, S\u00fcr\u0259tli Soyutma\/\u0130sitm\u0259 Hiperlink: Qura\u015fd\u0131rma vaxt\u0131n\u0131 v\u0259 qiym\u0259tini azald\u0131r Zen air 2.0: \u00c7oxfunksiyal\u0131 Hava ax\u0131n\u0131n\u0131n idar\u0259 edilm\u0259si \u0130stilik d\u0259yi\u015fdiricisinin avtomatik t\u0259mizl\u0259nm\u0259si funksiyas\u0131 Sakit \u018fm\u0259liyyat\" \/>\n<meta property=\"og:url\" content=\"https:\/\/airrent.ge\/az\/product\/vrf-system-indoor-unit-ducted-high-static-pressure-duct-v8-5-6-56-kw-miht1hn18-mih56t1hn18-mih71t1n18-mih80t1n18-mih90t1n18-mih112t1n18-mih125t1n18-mih140t1n18-mih160t1n18-mih200t1n18-mih224t1n1\/\" \/>\n<meta property=\"og:site_name\" content=\"AirRent.ge\" \/>\n<meta property=\"article:modified_time\" content=\"2025-10-18T12:58:35+00:00\" \/>\n<meta property=\"og:image\" content=\"https:\/\/airrent.ge\/wp-content\/uploads\/2025\/10\/V8-HIGH-STATIC-PRESSURE-DUCT-20-33.5KW-BEHIND_RESULT.webp\" \/>\n\t<meta property=\"og:image:width\" content=\"784\" \/>\n\t<meta property=\"og:image:height\" content=\"441\" \/>\n\t<meta property=\"og:image:type\" content=\"image\/webp\" \/>\n<meta name=\"twitter:card\" content=\"summary_large_image\" \/>\n<script type=\"application\/ld+json\" class=\"yoast-schema-graph\">{\"@context\":\"https:\/\/schema.org\",\"@graph\":[{\"@type\":\"WebPage\",\"@id\":\"https:\/\/airrent.ge\/az\/product\/vrf-system-indoor-unit-ducted-high-static-pressure-duct-v8-5-6-56-kw-miht1hn18-mih56t1hn18-mih71t1n18-mih80t1n18-mih90t1n18-mih112t1n18-mih125t1n18-mih140t1n18-mih160t1n18-mih200t1n18-mih224t1n1\/\",\"url\":\"https:\/\/airrent.ge\/az\/product\/vrf-system-indoor-unit-ducted-high-static-pressure-duct-v8-5-6-56-kw-miht1hn18-mih56t1hn18-mih71t1n18-mih80t1n18-mih90t1n18-mih112t1n18-mih125t1n18-mih140t1n18-mih160t1n18-mih200t1n18-mih224t1n1\/\",\"name\":\"VRF Sistemi Daxili blok Kanall\u0131 Y\u00fcks\u0259k Statik T\u0259zyiq Kanal\u0131, V8 5,6 - 56 Kw MIH**T1HN18 MIH56T1HN18 MIH71T1N18 MIH80T1N18 MIH90T1N18 MIH112T1N18 MIH125T1N18 MIH140T1N18 MIH160T1N18 MIH200T1N18 MIH224T1N18 MIH252T1N18 MIH280T1N18 MIH335T1N18 MIH400T1N18 MIH450T1N18 MIH560T1N18 MIDEA - AirRent.ge\",\"isPartOf\":{\"@id\":\"https:\/\/airrent.ge\/#website\"},\"primaryImageOfPage\":{\"@id\":\"https:\/\/airrent.ge\/az\/product\/vrf-system-indoor-unit-ducted-high-static-pressure-duct-v8-5-6-56-kw-miht1hn18-mih56t1hn18-mih71t1n18-mih80t1n18-mih90t1n18-mih112t1n18-mih125t1n18-mih140t1n18-mih160t1n18-mih200t1n18-mih224t1n1\/#primaryimage\"},\"image\":{\"@id\":\"https:\/\/airrent.ge\/az\/product\/vrf-system-indoor-unit-ducted-high-static-pressure-duct-v8-5-6-56-kw-miht1hn18-mih56t1hn18-mih71t1n18-mih80t1n18-mih90t1n18-mih112t1n18-mih125t1n18-mih140t1n18-mih160t1n18-mih200t1n18-mih224t1n1\/#primaryimage\"},\"thumbnailUrl\":\"https:\/\/airrent.ge\/wp-content\/uploads\/2025\/10\/V8-HIGH-STATIC-PRESSURE-DUCT-20-33.5KW-BEHIND_RESULT.webp\",\"datePublished\":\"2025-10-18T12:52:13+00:00\",\"dateModified\":\"2025-10-18T12:58:35+00:00\",\"breadcrumb\":{\"@id\":\"https:\/\/airrent.ge\/az\/product\/vrf-system-indoor-unit-ducted-high-static-pressure-duct-v8-5-6-56-kw-miht1hn18-mih56t1hn18-mih71t1n18-mih80t1n18-mih90t1n18-mih112t1n18-mih125t1n18-mih140t1n18-mih160t1n18-mih200t1n18-mih224t1n1\/#breadcrumb\"},\"inLanguage\":\"az\",\"potentialAction\":[{\"@type\":\"ReadAction\",\"target\":[\"https:\/\/airrent.ge\/az\/product\/vrf-system-indoor-unit-ducted-high-static-pressure-duct-v8-5-6-56-kw-miht1hn18-mih56t1hn18-mih71t1n18-mih80t1n18-mih90t1n18-mih112t1n18-mih125t1n18-mih140t1n18-mih160t1n18-mih200t1n18-mih224t1n1\/\"]}]},{\"@type\":\"ImageObject\",\"inLanguage\":\"az\",\"@id\":\"https:\/\/airrent.ge\/az\/product\/vrf-system-indoor-unit-ducted-high-static-pressure-duct-v8-5-6-56-kw-miht1hn18-mih56t1hn18-mih71t1n18-mih80t1n18-mih90t1n18-mih112t1n18-mih125t1n18-mih140t1n18-mih160t1n18-mih200t1n18-mih224t1n1\/#primaryimage\",\"url\":\"https:\/\/airrent.ge\/wp-content\/uploads\/2025\/10\/V8-HIGH-STATIC-PRESSURE-DUCT-20-33.5KW-BEHIND_RESULT.webp\",\"contentUrl\":\"https:\/\/airrent.ge\/wp-content\/uploads\/2025\/10\/V8-HIGH-STATIC-PRESSURE-DUCT-20-33.5KW-BEHIND_RESULT.webp\",\"width\":784,\"height\":441},{\"@type\":\"BreadcrumbList\",\"@id\":\"https:\/\/airrent.ge\/az\/product\/vrf-system-indoor-unit-ducted-high-static-pressure-duct-v8-5-6-56-kw-miht1hn18-mih56t1hn18-mih71t1n18-mih80t1n18-mih90t1n18-mih112t1n18-mih125t1n18-mih140t1n18-mih160t1n18-mih200t1n18-mih224t1n1\/#breadcrumb\",\"itemListElement\":[{\"@type\":\"ListItem\",\"position\":1,\"name\":\"Home\",\"item\":\"https:\/\/airrent.ge\/az\/home\/\"},{\"@type\":\"ListItem\",\"position\":2,\"name\":\"M\u0259hsullar\",\"item\":\"https:\/\/airrent.ge\/az\/products\/\"},{\"@type\":\"ListItem\",\"position\":3,\"name\":\"VRF Sistemi Daxili blok Kanall\u0131 Y\u00fcks\u0259k Statik T\u0259zyiq Kanal\u0131, V8 5,6 &#8211; 56 Kw MIH**T1HN18 MIH56T1HN18 MIH71T1N18 MIH80T1N18 MIH90T1N18 MIH112T1N18 MIH125T1N18 MIH140T1N18 MIH160T1N18 MIH200T1N18 MIH224T1N18 MIH252T1N18 MIH280T1N18 MIH335T1N18 MIH400T1N18 MIH450T1N18 MIH560T1N18 MIDEA\"}]},{\"@type\":\"WebSite\",\"@id\":\"https:\/\/airrent.ge\/#website\",\"url\":\"https:\/\/airrent.ge\/\",\"name\":\"airrent.ge\",\"description\":\"Rental Services\",\"publisher\":{\"@id\":\"https:\/\/airrent.ge\/#organization\"},\"potentialAction\":[{\"@type\":\"SearchAction\",\"target\":{\"@type\":\"EntryPoint\",\"urlTemplate\":\"https:\/\/airrent.ge\/?s={search_term_string}\"},\"query-input\":{\"@type\":\"PropertyValueSpecification\",\"valueRequired\":true,\"valueName\":\"search_term_string\"}}],\"inLanguage\":\"az\"},{\"@type\":\"Organization\",\"@id\":\"https:\/\/airrent.ge\/#organization\",\"name\":\"airrent.ge\",\"url\":\"https:\/\/airrent.ge\/\",\"logo\":{\"@type\":\"ImageObject\",\"inLanguage\":\"az\",\"@id\":\"https:\/\/airrent.ge\/#\/schema\/logo\/image\/\",\"url\":\"https:\/\/airrent.ge\/wp-content\/uploads\/2026\/03\/airrent.png\",\"contentUrl\":\"https:\/\/airrent.ge\/wp-content\/uploads\/2026\/03\/airrent.png\",\"width\":1536,\"height\":1024,\"caption\":\"airrent.ge\"},\"image\":{\"@id\":\"https:\/\/airrent.ge\/#\/schema\/logo\/image\/\"}}]}<\/script>\n<!-- \/ Yoast SEO plugin. -->","yoast_head_json":{"title":"VRF Sistemi Daxili blok Kanall\u0131 Y\u00fcks\u0259k Statik T\u0259zyiq Kanal\u0131, V8 5,6 - 56 Kw MIH**T1HN18 MIH56T1HN18 MIH71T1N18 MIH80T1N18 MIH90T1N18 MIH112T1N18 MIH125T1N18 MIH140T1N18 MIH160T1N18 MIH200T1N18 MIH224T1N18 MIH252T1N18 MIH280T1N18 MIH335T1N18 MIH400T1N18 MIH450T1N18 MIH560T1N18 MIDEA - AirRent.ge","robots":{"index":"index","follow":"follow","max-snippet":"max-snippet:-1","max-image-preview":"max-image-preview:large","max-video-preview":"max-video-preview:-1"},"canonical":"https:\/\/airrent.ge\/az\/product\/vrf-system-indoor-unit-ducted-high-static-pressure-duct-v8-5-6-56-kw-miht1hn18-mih56t1hn18-mih71t1n18-mih80t1n18-mih90t1n18-mih112t1n18-mih125t1n18-mih140t1n18-mih160t1n18-mih200t1n18-mih224t1n1\/","og_locale":"az_AZ","og_type":"article","og_title":"VRF Sistemi Daxili blok Kanall\u0131 Y\u00fcks\u0259k Statik T\u0259zyiq Kanal\u0131, V8 5,6 - 56 Kw MIH**T1HN18 MIH56T1HN18 MIH71T1N18 MIH80T1N18 MIH90T1N18 MIH112T1N18 MIH125T1N18 MIH140T1N18 MIH160T1N18 MIH200T1N18 MIH224T1N18 MIH252T1N18 MIH280T1N18 MIH335T1N18 MIH400T1N18 MIH450T1N18 MIH560T1N18 MIDEA - AirRent.ge","og_description":"Y\u00fcks\u0259k Statik T\u0259zyiq Kanal\u0131, V8 M\u0259hsulun spesifikasiyas\u0131  V8 N\u0259sil Kanall\u0131 Tip Daxili B\u00f6lm\u0259  7 S\u00fcr\u0259tli \u0130nverter Texnologiyas\u0131 \u00c7irkli Filtr Blockage Rate Vizualizasiya Adaptiv ESP: Daimi hava ax\u0131n\u0131 t\u0259min etm\u0259k \u00fc\u00e7\u00fcn statik t\u0259zyiq avtomatik olaraq d\u0259yi\u015fir META 2: T\u0259kmill\u0259\u015fdirilmi\u015f S\u0259m\u0259r\u0259lilik, S\u00fcr\u0259tli Soyutma\/\u0130sitm\u0259 Hiperlink: Qura\u015fd\u0131rma vaxt\u0131n\u0131 v\u0259 qiym\u0259tini azald\u0131r Zen air 2.0: \u00c7oxfunksiyal\u0131 Hava ax\u0131n\u0131n\u0131n idar\u0259 edilm\u0259si \u0130stilik d\u0259yi\u015fdiricisinin avtomatik t\u0259mizl\u0259nm\u0259si funksiyas\u0131 Sakit \u018fm\u0259liyyat","og_url":"https:\/\/airrent.ge\/az\/product\/vrf-system-indoor-unit-ducted-high-static-pressure-duct-v8-5-6-56-kw-miht1hn18-mih56t1hn18-mih71t1n18-mih80t1n18-mih90t1n18-mih112t1n18-mih125t1n18-mih140t1n18-mih160t1n18-mih200t1n18-mih224t1n1\/","og_site_name":"AirRent.ge","article_modified_time":"2025-10-18T12:58:35+00:00","og_image":[{"width":784,"height":441,"url":"https:\/\/airrent.ge\/wp-content\/uploads\/2025\/10\/V8-HIGH-STATIC-PRESSURE-DUCT-20-33.5KW-BEHIND_RESULT.webp","type":"image\/webp"}],"twitter_card":"summary_large_image","schema":{"@context":"https:\/\/schema.org","@graph":[{"@type":"WebPage","@id":"https:\/\/airrent.ge\/az\/product\/vrf-system-indoor-unit-ducted-high-static-pressure-duct-v8-5-6-56-kw-miht1hn18-mih56t1hn18-mih71t1n18-mih80t1n18-mih90t1n18-mih112t1n18-mih125t1n18-mih140t1n18-mih160t1n18-mih200t1n18-mih224t1n1\/","url":"https:\/\/airrent.ge\/az\/product\/vrf-system-indoor-unit-ducted-high-static-pressure-duct-v8-5-6-56-kw-miht1hn18-mih56t1hn18-mih71t1n18-mih80t1n18-mih90t1n18-mih112t1n18-mih125t1n18-mih140t1n18-mih160t1n18-mih200t1n18-mih224t1n1\/","name":"VRF Sistemi Daxili blok Kanall\u0131 Y\u00fcks\u0259k Statik T\u0259zyiq Kanal\u0131, V8 5,6 - 56 Kw MIH**T1HN18 MIH56T1HN18 MIH71T1N18 MIH80T1N18 MIH90T1N18 MIH112T1N18 MIH125T1N18 MIH140T1N18 MIH160T1N18 MIH200T1N18 MIH224T1N18 MIH252T1N18 MIH280T1N18 MIH335T1N18 MIH400T1N18 MIH450T1N18 MIH560T1N18 MIDEA - AirRent.ge","isPartOf":{"@id":"https:\/\/airrent.ge\/#website"},"primaryImageOfPage":{"@id":"https:\/\/airrent.ge\/az\/product\/vrf-system-indoor-unit-ducted-high-static-pressure-duct-v8-5-6-56-kw-miht1hn18-mih56t1hn18-mih71t1n18-mih80t1n18-mih90t1n18-mih112t1n18-mih125t1n18-mih140t1n18-mih160t1n18-mih200t1n18-mih224t1n1\/#primaryimage"},"image":{"@id":"https:\/\/airrent.ge\/az\/product\/vrf-system-indoor-unit-ducted-high-static-pressure-duct-v8-5-6-56-kw-miht1hn18-mih56t1hn18-mih71t1n18-mih80t1n18-mih90t1n18-mih112t1n18-mih125t1n18-mih140t1n18-mih160t1n18-mih200t1n18-mih224t1n1\/#primaryimage"},"thumbnailUrl":"https:\/\/airrent.ge\/wp-content\/uploads\/2025\/10\/V8-HIGH-STATIC-PRESSURE-DUCT-20-33.5KW-BEHIND_RESULT.webp","datePublished":"2025-10-18T12:52:13+00:00","dateModified":"2025-10-18T12:58:35+00:00","breadcrumb":{"@id":"https:\/\/airrent.ge\/az\/product\/vrf-system-indoor-unit-ducted-high-static-pressure-duct-v8-5-6-56-kw-miht1hn18-mih56t1hn18-mih71t1n18-mih80t1n18-mih90t1n18-mih112t1n18-mih125t1n18-mih140t1n18-mih160t1n18-mih200t1n18-mih224t1n1\/#breadcrumb"},"inLanguage":"az","potentialAction":[{"@type":"ReadAction","target":["https:\/\/airrent.ge\/az\/product\/vrf-system-indoor-unit-ducted-high-static-pressure-duct-v8-5-6-56-kw-miht1hn18-mih56t1hn18-mih71t1n18-mih80t1n18-mih90t1n18-mih112t1n18-mih125t1n18-mih140t1n18-mih160t1n18-mih200t1n18-mih224t1n1\/"]}]},{"@type":"ImageObject","inLanguage":"az","@id":"https:\/\/airrent.ge\/az\/product\/vrf-system-indoor-unit-ducted-high-static-pressure-duct-v8-5-6-56-kw-miht1hn18-mih56t1hn18-mih71t1n18-mih80t1n18-mih90t1n18-mih112t1n18-mih125t1n18-mih140t1n18-mih160t1n18-mih200t1n18-mih224t1n1\/#primaryimage","url":"https:\/\/airrent.ge\/wp-content\/uploads\/2025\/10\/V8-HIGH-STATIC-PRESSURE-DUCT-20-33.5KW-BEHIND_RESULT.webp","contentUrl":"https:\/\/airrent.ge\/wp-content\/uploads\/2025\/10\/V8-HIGH-STATIC-PRESSURE-DUCT-20-33.5KW-BEHIND_RESULT.webp","width":784,"height":441},{"@type":"BreadcrumbList","@id":"https:\/\/airrent.ge\/az\/product\/vrf-system-indoor-unit-ducted-high-static-pressure-duct-v8-5-6-56-kw-miht1hn18-mih56t1hn18-mih71t1n18-mih80t1n18-mih90t1n18-mih112t1n18-mih125t1n18-mih140t1n18-mih160t1n18-mih200t1n18-mih224t1n1\/#breadcrumb","itemListElement":[{"@type":"ListItem","position":1,"name":"Home","item":"https:\/\/airrent.ge\/az\/home\/"},{"@type":"ListItem","position":2,"name":"M\u0259hsullar","item":"https:\/\/airrent.ge\/az\/products\/"},{"@type":"ListItem","position":3,"name":"VRF Sistemi Daxili blok Kanall\u0131 Y\u00fcks\u0259k Statik T\u0259zyiq Kanal\u0131, V8 5,6 &#8211; 56 Kw MIH**T1HN18 MIH56T1HN18 MIH71T1N18 MIH80T1N18 MIH90T1N18 MIH112T1N18 MIH125T1N18 MIH140T1N18 MIH160T1N18 MIH200T1N18 MIH224T1N18 MIH252T1N18 MIH280T1N18 MIH335T1N18 MIH400T1N18 MIH450T1N18 MIH560T1N18 MIDEA"}]},{"@type":"WebSite","@id":"https:\/\/airrent.ge\/#website","url":"https:\/\/airrent.ge\/","name":"airrent.ge","description":"Rental Services","publisher":{"@id":"https:\/\/airrent.ge\/#organization"},"potentialAction":[{"@type":"SearchAction","target":{"@type":"EntryPoint","urlTemplate":"https:\/\/airrent.ge\/?s={search_term_string}"},"query-input":{"@type":"PropertyValueSpecification","valueRequired":true,"valueName":"search_term_string"}}],"inLanguage":"az"},{"@type":"Organization","@id":"https:\/\/airrent.ge\/#organization","name":"airrent.ge","url":"https:\/\/airrent.ge\/","logo":{"@type":"ImageObject","inLanguage":"az","@id":"https:\/\/airrent.ge\/#\/schema\/logo\/image\/","url":"https:\/\/airrent.ge\/wp-content\/uploads\/2026\/03\/airrent.png","contentUrl":"https:\/\/airrent.ge\/wp-content\/uploads\/2026\/03\/airrent.png","width":1536,"height":1024,"caption":"airrent.ge"},"image":{"@id":"https:\/\/airrent.ge\/#\/schema\/logo\/image\/"}}]}},"_links":{"self":[{"href":"https:\/\/airrent.ge\/az\/wp-json\/wp\/v2\/product\/43121","targetHints":{"allow":["GET"]}}],"collection":[{"href":"https:\/\/airrent.ge\/az\/wp-json\/wp\/v2\/product"}],"about":[{"href":"https:\/\/airrent.ge\/az\/wp-json\/wp\/v2\/types\/product"}],"wp:featuredmedia":[{"embeddable":true,"href":"https:\/\/airrent.ge\/az\/wp-json\/wp\/v2\/media\/43104"}],"wp:attachment":[{"href":"https:\/\/airrent.ge\/az\/wp-json\/wp\/v2\/media?parent=43121"}],"wp:term":[{"taxonomy":"product_brand","embeddable":true,"href":"https:\/\/airrent.ge\/az\/wp-json\/wp\/v2\/product_brand?post=43121"},{"taxonomy":"product_cat","embeddable":true,"href":"https:\/\/airrent.ge\/az\/wp-json\/wp\/v2\/product_cat?post=43121"},{"taxonomy":"product_tag","embeddable":true,"href":"https:\/\/airrent.ge\/az\/wp-json\/wp\/v2\/product_tag?post=43121"}],"curies":[{"name":"wp","href":"https:\/\/api.w.org\/{rel}","templated":true}]}}