{"id":43169,"date":"2025-10-18T18:19:10","date_gmt":"2025-10-18T14:19:10","guid":{"rendered":"https:\/\/airsystems.ge\/shop\/product\/vrf-system-indoor-unit-cassette-one-way-cassette-2nd-generation-ac-1-8-7-1-kw-mdv-dq1-n1-db-mdv-d18q1-n1-db-mdv-d22q1-n1-db-mdv-d28q1-n1-db-mdv-d36q1-n1-db-mdv-d45q1-n1-db-mdv-d56q\/"},"modified":"2025-10-18T18:29:01","modified_gmt":"2025-10-18T14:29:01","slug":"vrf-system-indoor-unit-cassette-one-way-cassette-2nd-generation-ac-1-8-7-1-kw-mdv-dq1-n1-db-mdv-d18q1-n1-db-mdv-d22q1-n1-db-mdv-d28q1-n1-db-mdv-d36q1-n1-db-mdv-d45q1-n1-db-mdv-d56q","status":"publish","type":"product","link":"https:\/\/airrent.ge\/az\/product\/vrf-system-indoor-unit-cassette-one-way-cassette-2nd-generation-ac-1-8-7-1-kw-mdv-dq1-n1-db-mdv-d18q1-n1-db-mdv-d22q1-n1-db-mdv-d28q1-n1-db-mdv-d36q1-n1-db-mdv-d45q1-n1-db-mdv-d56q\/","title":{"rendered":"VRF Sistemi Daxili blok kaseti  T\u0259k Y\u00f6nl\u00fc Kaset, 2-ci N\u0259sil, AC 1,8 &#8211; 7,1 kVt MDV-D**Q1\/N1-D(B)  MDV-D18Q1\/N1-D(B) MDV-D22Q1\/N1-D(B) MDV-D28Q1\/N1-D(B) MDV-D36Q1\/N1-D(B) MDV-D45Q1\/N1-D(B) MDV-D56Q1\/N1-D(B) MDV-D71Q1\/N1-D(B)  MIDEA"},"content":{"rendered":"","protected":false},"excerpt":{"rendered":"<h1>T\u0259k Y\u00f6nl\u00fc Kaset, 2-ci N\u0259sil, AC<\/h1>\n<p>M\u0259hsulun spesifikasiyas\u0131<\/p>\n<p>2-ci N\u0259sil Bir Y\u00f6nl\u00fc Kaset<\/p>\n<p>3 Fan S\u00fcr\u0259ti<br \/>\n\u00c7ox add\u0131ml\u0131 \u015faquli yell\u0259nc\u0259k<br \/>\nDrenaj Pompas\u0131 Lift H\u00fcnd\u00fcrl\u00fcy\u00fc: 75 sm<br \/>\nT\u0259miz Hava Q\u0259bul Liman\u0131: 10%-\u0259 q\u0259d\u0259r<\/p>\n","protected":false},"featured_media":43164,"template":"","meta":[],"product_brand":[],"product_cat":[1993],"product_tag":[],"class_list":{"0":"post-43169","1":"product","2":"type-product","3":"status-publish","4":"has-post-thumbnail","6":"product_cat-vrf-sistemi","8":"first","9":"instock","10":"shipping-taxable","11":"product-type-simple"},"yoast_head":"<!-- This site is optimized with the Yoast SEO plugin v27.1.1 - https:\/\/yoast.com\/product\/yoast-seo-wordpress\/ -->\n<title>VRF Sistemi Daxili blok kaseti T\u0259k Y\u00f6nl\u00fc Kaset, 2-ci N\u0259sil, AC 1,8 - 7,1 kVt MDV-D**Q1\/N1-D(B) MDV-D18Q1\/N1-D(B) MDV-D22Q1\/N1-D(B) MDV-D28Q1\/N1-D(B) MDV-D36Q1\/N1-D(B) MDV-D45Q1\/N1-D(B) MDV-D56Q1\/N1-D(B) MDV-D71Q1\/N1-D(B) MIDEA - AirRent.ge<\/title>\n<meta name=\"robots\" content=\"index, follow, max-snippet:-1, max-image-preview:large, max-video-preview:-1\" \/>\n<link rel=\"canonical\" href=\"https:\/\/airrent.ge\/az\/product\/vrf-system-indoor-unit-cassette-one-way-cassette-2nd-generation-ac-1-8-7-1-kw-mdv-dq1-n1-db-mdv-d18q1-n1-db-mdv-d22q1-n1-db-mdv-d28q1-n1-db-mdv-d36q1-n1-db-mdv-d45q1-n1-db-mdv-d56q\/\" \/>\n<meta property=\"og:locale\" content=\"az_AZ\" \/>\n<meta property=\"og:type\" content=\"article\" \/>\n<meta property=\"og:title\" content=\"VRF Sistemi Daxili blok kaseti T\u0259k Y\u00f6nl\u00fc Kaset, 2-ci N\u0259sil, AC 1,8 - 7,1 kVt MDV-D**Q1\/N1-D(B) MDV-D18Q1\/N1-D(B) MDV-D22Q1\/N1-D(B) MDV-D28Q1\/N1-D(B) MDV-D36Q1\/N1-D(B) MDV-D45Q1\/N1-D(B) MDV-D56Q1\/N1-D(B) MDV-D71Q1\/N1-D(B) MIDEA - AirRent.ge\" \/>\n<meta property=\"og:description\" content=\"T\u0259k Y\u00f6nl\u00fc Kaset, 2-ci N\u0259sil, AC M\u0259hsulun spesifikasiyas\u0131  2-ci N\u0259sil Bir Y\u00f6nl\u00fc Kaset  3 Fan S\u00fcr\u0259ti \u00c7ox add\u0131ml\u0131 \u015faquli yell\u0259nc\u0259k Drenaj Pompas\u0131 Lift H\u00fcnd\u00fcrl\u00fcy\u00fc: 75 sm T\u0259miz Hava Q\u0259bul Liman\u0131: 10%-\u0259 q\u0259d\u0259r\" \/>\n<meta property=\"og:url\" content=\"https:\/\/airrent.ge\/az\/product\/vrf-system-indoor-unit-cassette-one-way-cassette-2nd-generation-ac-1-8-7-1-kw-mdv-dq1-n1-db-mdv-d18q1-n1-db-mdv-d22q1-n1-db-mdv-d28q1-n1-db-mdv-d36q1-n1-db-mdv-d45q1-n1-db-mdv-d56q\/\" \/>\n<meta property=\"og:site_name\" content=\"AirRent.ge\" \/>\n<meta property=\"article:modified_time\" content=\"2025-10-18T14:29:01+00:00\" \/>\n<meta property=\"og:image\" content=\"https:\/\/airrent.ge\/wp-content\/uploads\/2025\/10\/image_c.webp\" \/>\n\t<meta property=\"og:image:width\" content=\"768\" \/>\n\t<meta property=\"og:image:height\" content=\"768\" \/>\n\t<meta property=\"og:image:type\" content=\"image\/webp\" \/>\n<meta name=\"twitter:card\" content=\"summary_large_image\" \/>\n<script type=\"application\/ld+json\" class=\"yoast-schema-graph\">{\"@context\":\"https:\/\/schema.org\",\"@graph\":[{\"@type\":\"WebPage\",\"@id\":\"https:\/\/airrent.ge\/az\/product\/vrf-system-indoor-unit-cassette-one-way-cassette-2nd-generation-ac-1-8-7-1-kw-mdv-dq1-n1-db-mdv-d18q1-n1-db-mdv-d22q1-n1-db-mdv-d28q1-n1-db-mdv-d36q1-n1-db-mdv-d45q1-n1-db-mdv-d56q\/\",\"url\":\"https:\/\/airrent.ge\/az\/product\/vrf-system-indoor-unit-cassette-one-way-cassette-2nd-generation-ac-1-8-7-1-kw-mdv-dq1-n1-db-mdv-d18q1-n1-db-mdv-d22q1-n1-db-mdv-d28q1-n1-db-mdv-d36q1-n1-db-mdv-d45q1-n1-db-mdv-d56q\/\",\"name\":\"VRF Sistemi Daxili blok kaseti T\u0259k Y\u00f6nl\u00fc Kaset, 2-ci N\u0259sil, AC 1,8 - 7,1 kVt MDV-D**Q1\/N1-D(B) MDV-D18Q1\/N1-D(B) MDV-D22Q1\/N1-D(B) MDV-D28Q1\/N1-D(B) MDV-D36Q1\/N1-D(B) MDV-D45Q1\/N1-D(B) MDV-D56Q1\/N1-D(B) MDV-D71Q1\/N1-D(B) MIDEA - AirRent.ge\",\"isPartOf\":{\"@id\":\"https:\/\/airrent.ge\/#website\"},\"primaryImageOfPage\":{\"@id\":\"https:\/\/airrent.ge\/az\/product\/vrf-system-indoor-unit-cassette-one-way-cassette-2nd-generation-ac-1-8-7-1-kw-mdv-dq1-n1-db-mdv-d18q1-n1-db-mdv-d22q1-n1-db-mdv-d28q1-n1-db-mdv-d36q1-n1-db-mdv-d45q1-n1-db-mdv-d56q\/#primaryimage\"},\"image\":{\"@id\":\"https:\/\/airrent.ge\/az\/product\/vrf-system-indoor-unit-cassette-one-way-cassette-2nd-generation-ac-1-8-7-1-kw-mdv-dq1-n1-db-mdv-d18q1-n1-db-mdv-d22q1-n1-db-mdv-d28q1-n1-db-mdv-d36q1-n1-db-mdv-d45q1-n1-db-mdv-d56q\/#primaryimage\"},\"thumbnailUrl\":\"https:\/\/airrent.ge\/wp-content\/uploads\/2025\/10\/image_c.webp\",\"datePublished\":\"2025-10-18T14:19:10+00:00\",\"dateModified\":\"2025-10-18T14:29:01+00:00\",\"breadcrumb\":{\"@id\":\"https:\/\/airrent.ge\/az\/product\/vrf-system-indoor-unit-cassette-one-way-cassette-2nd-generation-ac-1-8-7-1-kw-mdv-dq1-n1-db-mdv-d18q1-n1-db-mdv-d22q1-n1-db-mdv-d28q1-n1-db-mdv-d36q1-n1-db-mdv-d45q1-n1-db-mdv-d56q\/#breadcrumb\"},\"inLanguage\":\"az\",\"potentialAction\":[{\"@type\":\"ReadAction\",\"target\":[\"https:\/\/airrent.ge\/az\/product\/vrf-system-indoor-unit-cassette-one-way-cassette-2nd-generation-ac-1-8-7-1-kw-mdv-dq1-n1-db-mdv-d18q1-n1-db-mdv-d22q1-n1-db-mdv-d28q1-n1-db-mdv-d36q1-n1-db-mdv-d45q1-n1-db-mdv-d56q\/\"]}]},{\"@type\":\"ImageObject\",\"inLanguage\":\"az\",\"@id\":\"https:\/\/airrent.ge\/az\/product\/vrf-system-indoor-unit-cassette-one-way-cassette-2nd-generation-ac-1-8-7-1-kw-mdv-dq1-n1-db-mdv-d18q1-n1-db-mdv-d22q1-n1-db-mdv-d28q1-n1-db-mdv-d36q1-n1-db-mdv-d45q1-n1-db-mdv-d56q\/#primaryimage\",\"url\":\"https:\/\/airrent.ge\/wp-content\/uploads\/2025\/10\/image_c.webp\",\"contentUrl\":\"https:\/\/airrent.ge\/wp-content\/uploads\/2025\/10\/image_c.webp\",\"width\":768,\"height\":768},{\"@type\":\"BreadcrumbList\",\"@id\":\"https:\/\/airrent.ge\/az\/product\/vrf-system-indoor-unit-cassette-one-way-cassette-2nd-generation-ac-1-8-7-1-kw-mdv-dq1-n1-db-mdv-d18q1-n1-db-mdv-d22q1-n1-db-mdv-d28q1-n1-db-mdv-d36q1-n1-db-mdv-d45q1-n1-db-mdv-d56q\/#breadcrumb\",\"itemListElement\":[{\"@type\":\"ListItem\",\"position\":1,\"name\":\"Home\",\"item\":\"https:\/\/airrent.ge\/az\/home\/\"},{\"@type\":\"ListItem\",\"position\":2,\"name\":\"M\u0259hsullar\",\"item\":\"https:\/\/airrent.ge\/az\/products\/\"},{\"@type\":\"ListItem\",\"position\":3,\"name\":\"VRF Sistemi Daxili blok kaseti T\u0259k Y\u00f6nl\u00fc Kaset, 2-ci N\u0259sil, AC 1,8 &#8211; 7,1 kVt MDV-D**Q1\/N1-D(B) MDV-D18Q1\/N1-D(B) MDV-D22Q1\/N1-D(B) MDV-D28Q1\/N1-D(B) MDV-D36Q1\/N1-D(B) MDV-D45Q1\/N1-D(B) MDV-D56Q1\/N1-D(B) MDV-D71Q1\/N1-D(B) MIDEA\"}]},{\"@type\":\"WebSite\",\"@id\":\"https:\/\/airrent.ge\/#website\",\"url\":\"https:\/\/airrent.ge\/\",\"name\":\"airrent.ge\",\"description\":\"Rental Services\",\"publisher\":{\"@id\":\"https:\/\/airrent.ge\/#organization\"},\"potentialAction\":[{\"@type\":\"SearchAction\",\"target\":{\"@type\":\"EntryPoint\",\"urlTemplate\":\"https:\/\/airrent.ge\/?s={search_term_string}\"},\"query-input\":{\"@type\":\"PropertyValueSpecification\",\"valueRequired\":true,\"valueName\":\"search_term_string\"}}],\"inLanguage\":\"az\"},{\"@type\":\"Organization\",\"@id\":\"https:\/\/airrent.ge\/#organization\",\"name\":\"airrent.ge\",\"url\":\"https:\/\/airrent.ge\/\",\"logo\":{\"@type\":\"ImageObject\",\"inLanguage\":\"az\",\"@id\":\"https:\/\/airrent.ge\/#\/schema\/logo\/image\/\",\"url\":\"https:\/\/airrent.ge\/wp-content\/uploads\/2026\/03\/airrent.png\",\"contentUrl\":\"https:\/\/airrent.ge\/wp-content\/uploads\/2026\/03\/airrent.png\",\"width\":1536,\"height\":1024,\"caption\":\"airrent.ge\"},\"image\":{\"@id\":\"https:\/\/airrent.ge\/#\/schema\/logo\/image\/\"}}]}<\/script>\n<!-- \/ Yoast SEO plugin. -->","yoast_head_json":{"title":"VRF Sistemi Daxili blok kaseti T\u0259k Y\u00f6nl\u00fc Kaset, 2-ci N\u0259sil, AC 1,8 - 7,1 kVt MDV-D**Q1\/N1-D(B) MDV-D18Q1\/N1-D(B) MDV-D22Q1\/N1-D(B) MDV-D28Q1\/N1-D(B) MDV-D36Q1\/N1-D(B) MDV-D45Q1\/N1-D(B) MDV-D56Q1\/N1-D(B) MDV-D71Q1\/N1-D(B) MIDEA - AirRent.ge","robots":{"index":"index","follow":"follow","max-snippet":"max-snippet:-1","max-image-preview":"max-image-preview:large","max-video-preview":"max-video-preview:-1"},"canonical":"https:\/\/airrent.ge\/az\/product\/vrf-system-indoor-unit-cassette-one-way-cassette-2nd-generation-ac-1-8-7-1-kw-mdv-dq1-n1-db-mdv-d18q1-n1-db-mdv-d22q1-n1-db-mdv-d28q1-n1-db-mdv-d36q1-n1-db-mdv-d45q1-n1-db-mdv-d56q\/","og_locale":"az_AZ","og_type":"article","og_title":"VRF Sistemi Daxili blok kaseti T\u0259k Y\u00f6nl\u00fc Kaset, 2-ci N\u0259sil, AC 1,8 - 7,1 kVt MDV-D**Q1\/N1-D(B) MDV-D18Q1\/N1-D(B) MDV-D22Q1\/N1-D(B) MDV-D28Q1\/N1-D(B) MDV-D36Q1\/N1-D(B) MDV-D45Q1\/N1-D(B) MDV-D56Q1\/N1-D(B) MDV-D71Q1\/N1-D(B) MIDEA - AirRent.ge","og_description":"T\u0259k Y\u00f6nl\u00fc Kaset, 2-ci N\u0259sil, AC M\u0259hsulun spesifikasiyas\u0131  2-ci N\u0259sil Bir Y\u00f6nl\u00fc Kaset  3 Fan S\u00fcr\u0259ti \u00c7ox add\u0131ml\u0131 \u015faquli yell\u0259nc\u0259k Drenaj Pompas\u0131 Lift H\u00fcnd\u00fcrl\u00fcy\u00fc: 75 sm T\u0259miz Hava Q\u0259bul Liman\u0131: 10%-\u0259 q\u0259d\u0259r","og_url":"https:\/\/airrent.ge\/az\/product\/vrf-system-indoor-unit-cassette-one-way-cassette-2nd-generation-ac-1-8-7-1-kw-mdv-dq1-n1-db-mdv-d18q1-n1-db-mdv-d22q1-n1-db-mdv-d28q1-n1-db-mdv-d36q1-n1-db-mdv-d45q1-n1-db-mdv-d56q\/","og_site_name":"AirRent.ge","article_modified_time":"2025-10-18T14:29:01+00:00","og_image":[{"width":768,"height":768,"url":"https:\/\/airrent.ge\/wp-content\/uploads\/2025\/10\/image_c.webp","type":"image\/webp"}],"twitter_card":"summary_large_image","schema":{"@context":"https:\/\/schema.org","@graph":[{"@type":"WebPage","@id":"https:\/\/airrent.ge\/az\/product\/vrf-system-indoor-unit-cassette-one-way-cassette-2nd-generation-ac-1-8-7-1-kw-mdv-dq1-n1-db-mdv-d18q1-n1-db-mdv-d22q1-n1-db-mdv-d28q1-n1-db-mdv-d36q1-n1-db-mdv-d45q1-n1-db-mdv-d56q\/","url":"https:\/\/airrent.ge\/az\/product\/vrf-system-indoor-unit-cassette-one-way-cassette-2nd-generation-ac-1-8-7-1-kw-mdv-dq1-n1-db-mdv-d18q1-n1-db-mdv-d22q1-n1-db-mdv-d28q1-n1-db-mdv-d36q1-n1-db-mdv-d45q1-n1-db-mdv-d56q\/","name":"VRF Sistemi Daxili blok kaseti T\u0259k Y\u00f6nl\u00fc Kaset, 2-ci N\u0259sil, AC 1,8 - 7,1 kVt MDV-D**Q1\/N1-D(B) MDV-D18Q1\/N1-D(B) MDV-D22Q1\/N1-D(B) MDV-D28Q1\/N1-D(B) MDV-D36Q1\/N1-D(B) MDV-D45Q1\/N1-D(B) MDV-D56Q1\/N1-D(B) MDV-D71Q1\/N1-D(B) MIDEA - AirRent.ge","isPartOf":{"@id":"https:\/\/airrent.ge\/#website"},"primaryImageOfPage":{"@id":"https:\/\/airrent.ge\/az\/product\/vrf-system-indoor-unit-cassette-one-way-cassette-2nd-generation-ac-1-8-7-1-kw-mdv-dq1-n1-db-mdv-d18q1-n1-db-mdv-d22q1-n1-db-mdv-d28q1-n1-db-mdv-d36q1-n1-db-mdv-d45q1-n1-db-mdv-d56q\/#primaryimage"},"image":{"@id":"https:\/\/airrent.ge\/az\/product\/vrf-system-indoor-unit-cassette-one-way-cassette-2nd-generation-ac-1-8-7-1-kw-mdv-dq1-n1-db-mdv-d18q1-n1-db-mdv-d22q1-n1-db-mdv-d28q1-n1-db-mdv-d36q1-n1-db-mdv-d45q1-n1-db-mdv-d56q\/#primaryimage"},"thumbnailUrl":"https:\/\/airrent.ge\/wp-content\/uploads\/2025\/10\/image_c.webp","datePublished":"2025-10-18T14:19:10+00:00","dateModified":"2025-10-18T14:29:01+00:00","breadcrumb":{"@id":"https:\/\/airrent.ge\/az\/product\/vrf-system-indoor-unit-cassette-one-way-cassette-2nd-generation-ac-1-8-7-1-kw-mdv-dq1-n1-db-mdv-d18q1-n1-db-mdv-d22q1-n1-db-mdv-d28q1-n1-db-mdv-d36q1-n1-db-mdv-d45q1-n1-db-mdv-d56q\/#breadcrumb"},"inLanguage":"az","potentialAction":[{"@type":"ReadAction","target":["https:\/\/airrent.ge\/az\/product\/vrf-system-indoor-unit-cassette-one-way-cassette-2nd-generation-ac-1-8-7-1-kw-mdv-dq1-n1-db-mdv-d18q1-n1-db-mdv-d22q1-n1-db-mdv-d28q1-n1-db-mdv-d36q1-n1-db-mdv-d45q1-n1-db-mdv-d56q\/"]}]},{"@type":"ImageObject","inLanguage":"az","@id":"https:\/\/airrent.ge\/az\/product\/vrf-system-indoor-unit-cassette-one-way-cassette-2nd-generation-ac-1-8-7-1-kw-mdv-dq1-n1-db-mdv-d18q1-n1-db-mdv-d22q1-n1-db-mdv-d28q1-n1-db-mdv-d36q1-n1-db-mdv-d45q1-n1-db-mdv-d56q\/#primaryimage","url":"https:\/\/airrent.ge\/wp-content\/uploads\/2025\/10\/image_c.webp","contentUrl":"https:\/\/airrent.ge\/wp-content\/uploads\/2025\/10\/image_c.webp","width":768,"height":768},{"@type":"BreadcrumbList","@id":"https:\/\/airrent.ge\/az\/product\/vrf-system-indoor-unit-cassette-one-way-cassette-2nd-generation-ac-1-8-7-1-kw-mdv-dq1-n1-db-mdv-d18q1-n1-db-mdv-d22q1-n1-db-mdv-d28q1-n1-db-mdv-d36q1-n1-db-mdv-d45q1-n1-db-mdv-d56q\/#breadcrumb","itemListElement":[{"@type":"ListItem","position":1,"name":"Home","item":"https:\/\/airrent.ge\/az\/home\/"},{"@type":"ListItem","position":2,"name":"M\u0259hsullar","item":"https:\/\/airrent.ge\/az\/products\/"},{"@type":"ListItem","position":3,"name":"VRF Sistemi Daxili blok kaseti T\u0259k Y\u00f6nl\u00fc Kaset, 2-ci N\u0259sil, AC 1,8 &#8211; 7,1 kVt MDV-D**Q1\/N1-D(B) MDV-D18Q1\/N1-D(B) MDV-D22Q1\/N1-D(B) MDV-D28Q1\/N1-D(B) MDV-D36Q1\/N1-D(B) MDV-D45Q1\/N1-D(B) MDV-D56Q1\/N1-D(B) MDV-D71Q1\/N1-D(B) MIDEA"}]},{"@type":"WebSite","@id":"https:\/\/airrent.ge\/#website","url":"https:\/\/airrent.ge\/","name":"airrent.ge","description":"Rental Services","publisher":{"@id":"https:\/\/airrent.ge\/#organization"},"potentialAction":[{"@type":"SearchAction","target":{"@type":"EntryPoint","urlTemplate":"https:\/\/airrent.ge\/?s={search_term_string}"},"query-input":{"@type":"PropertyValueSpecification","valueRequired":true,"valueName":"search_term_string"}}],"inLanguage":"az"},{"@type":"Organization","@id":"https:\/\/airrent.ge\/#organization","name":"airrent.ge","url":"https:\/\/airrent.ge\/","logo":{"@type":"ImageObject","inLanguage":"az","@id":"https:\/\/airrent.ge\/#\/schema\/logo\/image\/","url":"https:\/\/airrent.ge\/wp-content\/uploads\/2026\/03\/airrent.png","contentUrl":"https:\/\/airrent.ge\/wp-content\/uploads\/2026\/03\/airrent.png","width":1536,"height":1024,"caption":"airrent.ge"},"image":{"@id":"https:\/\/airrent.ge\/#\/schema\/logo\/image\/"}}]}},"_links":{"self":[{"href":"https:\/\/airrent.ge\/az\/wp-json\/wp\/v2\/product\/43169","targetHints":{"allow":["GET"]}}],"collection":[{"href":"https:\/\/airrent.ge\/az\/wp-json\/wp\/v2\/product"}],"about":[{"href":"https:\/\/airrent.ge\/az\/wp-json\/wp\/v2\/types\/product"}],"wp:featuredmedia":[{"embeddable":true,"href":"https:\/\/airrent.ge\/az\/wp-json\/wp\/v2\/media\/43164"}],"wp:attachment":[{"href":"https:\/\/airrent.ge\/az\/wp-json\/wp\/v2\/media?parent=43169"}],"wp:term":[{"taxonomy":"product_brand","embeddable":true,"href":"https:\/\/airrent.ge\/az\/wp-json\/wp\/v2\/product_brand?post=43169"},{"taxonomy":"product_cat","embeddable":true,"href":"https:\/\/airrent.ge\/az\/wp-json\/wp\/v2\/product_cat?post=43169"},{"taxonomy":"product_tag","embeddable":true,"href":"https:\/\/airrent.ge\/az\/wp-json\/wp\/v2\/product_tag?post=43169"}],"curies":[{"name":"wp","href":"https:\/\/api.w.org\/{rel}","templated":true}]}}