{"id":44112,"date":"2026-01-17T16:54:35","date_gmt":"2026-01-17T12:54:35","guid":{"rendered":"https:\/\/airsystems.ge\/shop\/product\/trotec-uv-torchlight-16f-hand-held-uv-a-lamp-hand-held-uv-a-lamp\/"},"modified":"2026-01-17T22:46:32","modified_gmt":"2026-01-17T18:46:32","slug":"trotec-uv-torchlight-16f-hand-held-uv-a-lamp-hand-held-uv-a-lamp","status":"publish","type":"product","link":"https:\/\/airrent.ge\/az\/product\/trotec-uv-torchlight-16f-hand-held-uv-a-lamp-hand-held-uv-a-lamp\/","title":{"rendered":"Trotec UV f\u0259n\u0259ri 16F \u2013 \u0259l il\u0259 i\u015fl\u0259y\u0259n UV-A lampas\u0131 \u018fl il\u0259 i\u015fl\u0259y\u0259n UV-A lampas\u0131"},"content":{"rendered":"<section class=\"max-w-[1088px] mx-auto w-full px-5 my-10 md:my-12 lg:my-16 xl:my-20 xl:px-0\" data-block=\"bullet-list\">\n<div class=\"md:text-center\">\n<h3 class=\"text-black font-bold text-lg md:text-xl lg:text-2xl\">\u018fsas x\u00fcsusiyy\u0259tl\u0259r<\/h3>\n<\/div>\n<div class=\"mt-6 md:mt-10\">\n<div class=\"flex flex-wrap\">\n<div class=\"w-full md:w-1\/2 auto-bullets md:pr-16\">\n<ul>\n<li class=\"text-sm md:text-base text-black mt-3 flex items-start\">\n<div class=\"pl-5\">Y\u00fcks\u0259k i\u015f\u0131qland\u0131rma intensivliyin\u0259 malik ultra kompakt \u0259l lampas\u0131<br \/>\nSonsuz fokuslana bil\u0259n UB-A \u015f\u00fcalanma konusuna g\u00f6r\u0259 i\u015f\u0131qland\u0131rmadan proyektora q\u0259d\u0259r olduqca \u00e7ox y\u00f6nl\u00fcd\u00fcr<br \/>\nB\u00f6y\u00fck miqyasl\u0131 v\u0259 h\u0259tta \u0259l\u00e7atmaz yerl\u0259rin effektiv m\u00fcayin\u0259si \u00fc\u00e7\u00fcn i\u015f\u0131q v\u0259 mobil sistem<br \/>\nY\u00fcks\u0259k m\u00f6hk\u0259mlikli al\u00fcminium \u0259rintisind\u0259n haz\u0131rlanm\u0131\u015f m\u00f6hk\u0259m metal korpus<br \/>\nY\u00fcks\u0259k enerji s\u0259m\u0259r\u0259liliyi, buna g\u00f6r\u0259 d\u0259 daha az c\u0259r\u0259yan istehlak\u0131 v\u0259 daha uzun xidm\u0259t m\u00fcdd\u0259ti<br \/>\nSoyutma ventilyatoru olmadan xo\u015f s\u0259ssiz i\u015fl\u0259m\u0259<br \/>\nDaha uzun istil\u0259\u015fm\u0259 m\u0259rh\u0259l\u0259l\u0259rin\u0259 ehtiyac olmadan d\u0259rhal istifad\u0259y\u0259 haz\u0131rd\u0131r<br \/>\nN\u0259qliyyat qutusu v\u0259 UB qoruyucu eyn\u0259kl\u0259r daxil olmaqla tam d\u0259st<\/div>\n<\/li>\n<\/ul>\n<\/div>\n<\/div>\n<\/div>\n<\/section>\n<section class=\"max-w-[1088px] mx-auto w-full px-5 my-10 md:my-12 lg:my-16 xl:my-20 xl:px-0\" data-block=\"product-specifications\">\n<div class=\"md:text-center\">\n<h3 class=\"text-black font-bold text-lg md:text-xl lg:text-2xl\"><strong>Product specifications<\/strong><\/h3>\n<\/div>\n<div class=\" md:mt-10\">\n<div class=\"\">\n<div class=\"lg:mt-0 \">\n<div id=\"spec-uv-torchlight-16f\" class=\"prose max-w-full md:overflow-auto\" data-spec-content=\"\">\n<div class=\"spreadsheet-container hidden md:block\">\n<table class=\"w-full table-fixed mb-0\">\n<thead>\n<tr>\n<th class=\"font-bold text-base\"><span class=\"block px-4\">Specifications<\/span><\/th>\n<th class=\"font-bold text-base text-center\"><span class=\"block px-10 md:px-20\">Units<\/span><\/th>\n<th class=\"font-bold text-base text-center will-change\"><span class=\"block px-4\">UV-Torchlight\u00a016F<\/span><\/th>\n<\/tr>\n<\/thead>\n<tbody>\n<tr class=\"bg-grey-200\/50 p-2\">\n<td colspan=\"1\"><span class=\"block px-4\">Lamp type<\/span><\/td>\n<td class=\"text-center\">\n<div class=\"px-10 md:px-20 flex items-center justify-center\"><\/div>\n<\/td>\n<td class=\"text-center will-change\">\n<div class=\"px-10 md:px-20 flex items-center justify-center\">1 x LED<\/div>\n<\/td>\n<\/tr>\n<tr class=\" p-2\">\n<td colspan=\"1\"><span class=\"block px-4\">Wavelength<\/span><\/td>\n<td class=\"text-center\">\n<div class=\"px-10 md:px-20 flex items-center justify-center\"><\/div>\n<\/td>\n<td class=\"text-center will-change\">\n<div class=\"px-10 md:px-20 flex items-center justify-center\">UV-A, peak at 365\u00a0nm<\/div>\n<\/td>\n<\/tr>\n<tr class=\"bg-grey-200\/50 p-2\">\n<td colspan=\"1\"><span class=\"block px-4\">Power (total)<\/span><\/td>\n<td class=\"text-center\">\n<div class=\"px-10 md:px-20 flex items-center justify-center\">W<\/div>\n<\/td>\n<td class=\"text-center will-change\">\n<div class=\"px-10 md:px-20 flex items-center justify-center\">10<\/div>\n<\/td>\n<\/tr>\n<tr class=\" p-2\">\n<td colspan=\"1\"><span class=\"block px-4\">Radiation intensity<\/span><\/td>\n<td class=\"text-center\">\n<div class=\"px-10 md:px-20 flex items-center justify-center\">\u03bcW \/ cm\u00b2<\/div>\n<\/td>\n<td class=\"text-center will-change\">\n<div class=\"px-10 md:px-20 flex items-center justify-center\">39,000 (at a distance of 38 mm)<\/div>\n<\/td>\n<\/tr>\n<tr class=\"bg-grey-200\/50 p-2\">\n<td colspan=\"1\"><span class=\"block px-4\">Radiation cone<\/span><\/td>\n<td class=\"text-center\">\n<div class=\"px-10 md:px-20 flex items-center justify-center\">\u00f8 mm<\/div>\n<\/td>\n<td class=\"text-center will-change\">\n<div class=\"px-10 md:px-20 flex items-center justify-center\">Approx. 60 (at a distance of 38 mm)<\/div>\n<\/td>\n<\/tr>\n<tr class=\" p-2\">\n<td colspan=\"1\"><span class=\"block px-4\">Battery type<\/span><\/td>\n<td class=\"text-center\">\n<div class=\"px-10 md:px-20 flex items-center justify-center\"><\/div>\n<\/td>\n<td class=\"text-center will-change\">\n<div class=\"px-10 md:px-20 flex items-center justify-center\">Alkali-manganese; 3 x 1.5 V AAA or 3 x 1.2 V AAA (rechargeable)<\/div>\n<\/td>\n<\/tr>\n<tr class=\"bg-grey-200\/50 p-2\">\n<td colspan=\"1\"><span class=\"block px-4\">Operating time<\/span><\/td>\n<td class=\"text-center\">\n<div class=\"px-10 md:px-20 flex items-center justify-center\">h<\/div>\n<\/td>\n<td class=\"text-center will-change\">\n<div class=\"px-10 md:px-20 flex items-center justify-center\">\u2248 2<\/div>\n<\/td>\n<\/tr>\n<tr class=\" p-2\">\n<td colspan=\"1\"><span class=\"block px-4\">Functions<\/span><\/td>\n<td class=\"text-center\">\n<div class=\"px-10 md:px-20 flex items-center justify-center\"><\/div>\n<\/td>\n<td class=\"text-center will-change\">\n<div class=\"px-10 md:px-20 flex items-center justify-center\">On\/Off push button, focus ring for variable focal length setting<\/div>\n<\/td>\n<\/tr>\n<tr class=\"bg-grey-200\/50 p-2\">\n<td colspan=\"1\"><span class=\"block px-4\">Type of protection<\/span><\/td>\n<td class=\"text-center\">\n<div class=\"px-10 md:px-20 flex items-center justify-center\"><\/div>\n<\/td>\n<td class=\"text-center will-change\">\n<div class=\"px-10 md:px-20 flex items-center justify-center\">IP54<\/div>\n<\/td>\n<\/tr>\n<tr class=\" p-2\">\n<td colspan=\"1\"><span class=\"block px-4\">Product size (l x w x h)<\/span><\/td>\n<td class=\"text-center\">\n<div class=\"px-10 md:px-20 flex items-center justify-center\">mm<\/div>\n<\/td>\n<td class=\"text-center will-change\">\n<div class=\"px-10 md:px-20 flex items-center justify-center\">139 x 34 x 34<\/div>\n<\/td>\n<\/tr>\n<tr class=\"bg-grey-200\/50 p-2\">\n<td colspan=\"1\"><span class=\"block px-4\">Weight<\/span><\/td>\n<td class=\"text-center\">\n<div class=\"px-10 md:px-20 flex items-center justify-center\">g<\/div>\n<\/td>\n<td class=\"text-center will-change\">\n<div class=\"px-10 md:px-20 flex items-center justify-center\">142 (without batteries)<\/div>\n<\/td>\n<\/tr>\n<\/tbody>\n<\/table>\n<\/div>\n<\/div>\n<\/div>\n<\/div>\n<\/div>\n<\/section>\n<section class=\"max-w-[1088px] mx-auto w-full px-5 my-10 md:my-12 lg:my-16 xl:my-20 xl:px-0\" data-block=\"link-list\">\n<div class=\"max-w-[1088px] mx-auto\">\n<div class=\"md:text-center\"><\/div>\n<div class=\"mt-6 max-w-4xl mx-auto\">\n<div class=\"flex flex-wrap md:ml-20\">\n<div class=\"w-full md:w-1\/2 auto-bullets \">\n<ul>\n<li class=\"flex items-center gap-5 text-sm text-black mt-3 md:text-base lg:text-lg\">\n<div>Uy\u011fundur:<br \/>\nS\u0259naye, fabrikl\u0259r v\u0259 istehsalat<br \/>\nSu z\u0259d\u0259l\u0259rinin b\u0259rpas\u0131<\/div>\n<\/li>\n<\/ul>\n<\/div>\n<\/div>\n<\/div>\n<\/div>\n<\/section>\n<p>&nbsp;<\/p>\n<p><a class=\"content-tab-shop-image\" href=\"https:\/\/uk.trotec.com\/fileadmin\/downloads\/Leckageortung\/UV_Torchlight_16F\/TRT-KA-UV-Torchlight_16F-TC-001-INT.pdf\" target=\"_blank\" rel=\"noopener\"><img loading=\"lazy\" decoding=\"async\" src=\"https:\/\/uk.trotec.com\/images\/quick-guide-uv-torchlight-16f-int-tx-downloads-b5cb.gif\" alt=\"\" width=\"130\" height=\"184\" \/><\/a><\/p>\n<div class=\"content-tab-shop-text\">\n<h2><a href=\"https:\/\/uk.trotec.com\/fileadmin\/downloads\/Leckageortung\/UV_Torchlight_16F\/TRT-KA-UV-Torchlight_16F-TC-001-INT.pdf\" target=\"_blank\" rel=\"noopener\">Quick guide UV\u2011Torchlight 16F (INT)<\/a><\/h2>\n<p class=\"bodytext\">TRT-KA-UV-Torchlight_16F-TC-001-INT.pdf\u00a0(3.50 MB)<\/p>\n<p class=\"bodytext\"><a class=\"buy buy-left\" href=\"https:\/\/uk.trotec.com\/fileadmin\/downloads\/Leckageortung\/UV_Torchlight_16F\/TRT-KA-UV-Torchlight_16F-TC-001-INT.pdf\" target=\"_blank\" rel=\"noopener\">Download<\/a><\/p>\n<\/div>\n<p><a class=\"content-tab-shop-image\" href=\"https:\/\/uk.trotec.com\/fileadmin\/downloads\/Leckageortung\/UV_Torchlight_16F\/TRT-BA-UV-Torchlight_16F_TC-001-EN.pdf\" target=\"_blank\" rel=\"noopener\"><img loading=\"lazy\" decoding=\"async\" src=\"https:\/\/uk.trotec.com\/images\/operating-manual-uv-torchlight-16f-en-tx-downloads-a69c.gif\" alt=\"\" width=\"130\" height=\"184\" \/><\/a><\/p>\n<div class=\"content-tab-shop-text\">\n<h2><a href=\"https:\/\/uk.trotec.com\/fileadmin\/downloads\/Leckageortung\/UV_Torchlight_16F\/TRT-BA-UV-Torchlight_16F_TC-001-EN.pdf\" target=\"_blank\" rel=\"noopener\">Operating manual UV\u2011Torchlight 16F (EN)<\/a><\/h2>\n<p class=\"bodytext\">TRT-BA-UV-Torchlight_16F_TC-001-EN.pdf\u00a0(5.24 MB)<\/p>\n<p class=\"bodytext\"><a class=\"buy buy-left\" href=\"https:\/\/uk.trotec.com\/fileadmin\/downloads\/Leckageortung\/UV_Torchlight_16F\/TRT-BA-UV-Torchlight_16F_TC-001-EN.pdf\" target=\"_blank\" rel=\"noopener\">Download<\/a><\/p>\n<\/div>\n","protected":false},"excerpt":{"rendered":"<p>UV-F\u0259n\u0259r 16F il\u0259 material s\u0131na\u011f\u0131, s\u0131zma a\u015fkarlanmas\u0131, keyfiyy\u0259t\u0259 n\u0259zar\u0259t, el\u0259c\u0259 d\u0259 t\u0259hl\u00fck\u0259sizlik t\u0259tbiql\u0259ri m\u0259qs\u0259dil\u0259 da\u011f\u0131d\u0131c\u0131 olmayan izl\u0259yici i\u015f\u0131\u011f\u0131n a\u015fkarlanmas\u0131 \u00fc\u00e7\u00fcn pe\u015f\u0259kar \u0259l il\u0259 i\u015fl\u0259y\u0259n UV-A lampas\u0131na sahibsiniz.<\/p>\n<p>Bu y\u00fcng\u00fcl v\u0259 m\u00f6hk\u0259m LED f\u0259n\u0259r, i\u015f\u0259 sal\u0131nd\u0131qdan d\u0259rhal sonra maksimum UV-A performans\u0131 t\u0259min edir v\u0259 x\u00fcsusil\u0259 \u0259l\u00e7atmaz yerl\u0259rin s\u00fcr\u0259tli yoxlan\u0131lmas\u0131 v\u0259 ya yoxlan\u0131lmas\u0131 \u00fc\u00e7\u00fcn uy\u011fundur. UV-F\u0259n\u0259r 16F-in t\u0259sirli d\u0259r\u0259c\u0259d\u0259 y\u00fcks\u0259k i\u015f\u0131qland\u0131rma intensivliyi say\u0259sind\u0259 \u00e7ox y\u00fcks\u0259k fl\u00fcoresan stimulla\u015fd\u0131r\u0131lmas\u0131 \u0259ld\u0259 edil\u0259 bil\u0259r &#8211; bu \u015f\u0259kild\u0259 h\u0259tta ki\u00e7ik izl\u0259yicil\u0259r bel\u0259 g\u00fcn i\u015f\u0131\u011f\u0131nda ayd\u0131n g\u00f6r\u00fcn\u00fcr.<\/p>\n<p>Daha \u00e7ox m\u0259lumat \u00fc\u00e7\u00fcn kataloqa klikl\u0259yin.<\/p>\n","protected":false},"featured_media":44065,"template":"","meta":[],"product_brand":[],"product_cat":[1004,820,817],"product_tag":[],"class_list":{"0":"post-44112","1":"product","2":"type-product","3":"status-publish","4":"has-post-thumbnail","6":"product_cat-leak-detection-az","7":"product_cat-olcm-texnologiyasi-cihazlari-altlri-az","8":"product_cat-trotec-az","10":"first","11":"instock","12":"shipping-taxable","13":"purchasable","14":"product-type-simple"},"yoast_head":"<!-- This site is optimized with the Yoast SEO plugin v27.1.1 - https:\/\/yoast.com\/product\/yoast-seo-wordpress\/ -->\n<title>Trotec UV f\u0259n\u0259ri 16F \u2013 \u0259l il\u0259 i\u015fl\u0259y\u0259n UV-A lampas\u0131 \u018fl il\u0259 i\u015fl\u0259y\u0259n UV-A lampas\u0131 - AirRent.ge<\/title>\n<meta name=\"robots\" content=\"index, follow, max-snippet:-1, max-image-preview:large, max-video-preview:-1\" \/>\n<link rel=\"canonical\" href=\"https:\/\/airrent.ge\/az\/product\/trotec-uv-torchlight-16f-hand-held-uv-a-lamp-hand-held-uv-a-lamp\/\" \/>\n<meta property=\"og:locale\" content=\"az_AZ\" \/>\n<meta property=\"og:type\" content=\"article\" \/>\n<meta property=\"og:title\" content=\"Trotec UV f\u0259n\u0259ri 16F \u2013 \u0259l il\u0259 i\u015fl\u0259y\u0259n UV-A lampas\u0131 \u018fl il\u0259 i\u015fl\u0259y\u0259n UV-A lampas\u0131 - AirRent.ge\" \/>\n<meta property=\"og:description\" content=\"UV-F\u0259n\u0259r 16F il\u0259 material s\u0131na\u011f\u0131, s\u0131zma a\u015fkarlanmas\u0131, keyfiyy\u0259t\u0259 n\u0259zar\u0259t, el\u0259c\u0259 d\u0259 t\u0259hl\u00fck\u0259sizlik t\u0259tbiql\u0259ri m\u0259qs\u0259dil\u0259 da\u011f\u0131d\u0131c\u0131 olmayan izl\u0259yici i\u015f\u0131\u011f\u0131n a\u015fkarlanmas\u0131 \u00fc\u00e7\u00fcn pe\u015f\u0259kar \u0259l il\u0259 i\u015fl\u0259y\u0259n UV-A lampas\u0131na sahibsiniz.  Bu y\u00fcng\u00fcl v\u0259 m\u00f6hk\u0259m LED f\u0259n\u0259r, i\u015f\u0259 sal\u0131nd\u0131qdan d\u0259rhal sonra maksimum UV-A performans\u0131 t\u0259min edir v\u0259 x\u00fcsusil\u0259 \u0259l\u00e7atmaz yerl\u0259rin s\u00fcr\u0259tli yoxlan\u0131lmas\u0131 v\u0259 ya yoxlan\u0131lmas\u0131 \u00fc\u00e7\u00fcn uy\u011fundur. UV-F\u0259n\u0259r 16F-in t\u0259sirli d\u0259r\u0259c\u0259d\u0259 y\u00fcks\u0259k i\u015f\u0131qland\u0131rma intensivliyi say\u0259sind\u0259 \u00e7ox y\u00fcks\u0259k fl\u00fcoresan stimulla\u015fd\u0131r\u0131lmas\u0131 \u0259ld\u0259 edil\u0259 bil\u0259r - bu \u015f\u0259kild\u0259 h\u0259tta ki\u00e7ik izl\u0259yicil\u0259r bel\u0259 g\u00fcn i\u015f\u0131\u011f\u0131nda ayd\u0131n g\u00f6r\u00fcn\u00fcr.  Daha \u00e7ox m\u0259lumat \u00fc\u00e7\u00fcn kataloqa klikl\u0259yin.\" \/>\n<meta property=\"og:url\" content=\"https:\/\/airrent.ge\/az\/product\/trotec-uv-torchlight-16f-hand-held-uv-a-lamp-hand-held-uv-a-lamp\/\" \/>\n<meta property=\"og:site_name\" content=\"AirRent.ge\" \/>\n<meta property=\"article:modified_time\" content=\"2026-01-17T18:46:32+00:00\" \/>\n<meta property=\"og:image\" content=\"https:\/\/airrent.ge\/wp-content\/uploads\/2026\/01\/Trotec_UV-Torchlight-16F_application-04-web.jpg\" \/>\n\t<meta property=\"og:image:width\" content=\"1000\" \/>\n\t<meta property=\"og:image:height\" content=\"1000\" \/>\n\t<meta property=\"og:image:type\" content=\"image\/jpeg\" \/>\n<meta name=\"twitter:card\" content=\"summary_large_image\" \/>\n<meta name=\"twitter:label1\" content=\"Est. reading time\" \/>\n\t<meta name=\"twitter:data1\" content=\"1 minute\" \/>\n<script type=\"application\/ld+json\" class=\"yoast-schema-graph\">{\"@context\":\"https:\/\/schema.org\",\"@graph\":[{\"@type\":\"WebPage\",\"@id\":\"https:\/\/airrent.ge\/az\/product\/trotec-uv-torchlight-16f-hand-held-uv-a-lamp-hand-held-uv-a-lamp\/\",\"url\":\"https:\/\/airrent.ge\/az\/product\/trotec-uv-torchlight-16f-hand-held-uv-a-lamp-hand-held-uv-a-lamp\/\",\"name\":\"Trotec UV f\u0259n\u0259ri 16F \u2013 \u0259l il\u0259 i\u015fl\u0259y\u0259n UV-A lampas\u0131 \u018fl il\u0259 i\u015fl\u0259y\u0259n UV-A lampas\u0131 - AirRent.ge\",\"isPartOf\":{\"@id\":\"https:\/\/airrent.ge\/#website\"},\"primaryImageOfPage\":{\"@id\":\"https:\/\/airrent.ge\/az\/product\/trotec-uv-torchlight-16f-hand-held-uv-a-lamp-hand-held-uv-a-lamp\/#primaryimage\"},\"image\":{\"@id\":\"https:\/\/airrent.ge\/az\/product\/trotec-uv-torchlight-16f-hand-held-uv-a-lamp-hand-held-uv-a-lamp\/#primaryimage\"},\"thumbnailUrl\":\"https:\/\/airrent.ge\/wp-content\/uploads\/2026\/01\/Trotec_UV-Torchlight-16F_application-04-web.jpg\",\"datePublished\":\"2026-01-17T12:54:35+00:00\",\"dateModified\":\"2026-01-17T18:46:32+00:00\",\"breadcrumb\":{\"@id\":\"https:\/\/airrent.ge\/az\/product\/trotec-uv-torchlight-16f-hand-held-uv-a-lamp-hand-held-uv-a-lamp\/#breadcrumb\"},\"inLanguage\":\"az\",\"potentialAction\":[{\"@type\":\"ReadAction\",\"target\":[\"https:\/\/airrent.ge\/az\/product\/trotec-uv-torchlight-16f-hand-held-uv-a-lamp-hand-held-uv-a-lamp\/\"]}]},{\"@type\":\"ImageObject\",\"inLanguage\":\"az\",\"@id\":\"https:\/\/airrent.ge\/az\/product\/trotec-uv-torchlight-16f-hand-held-uv-a-lamp-hand-held-uv-a-lamp\/#primaryimage\",\"url\":\"https:\/\/airrent.ge\/wp-content\/uploads\/2026\/01\/Trotec_UV-Torchlight-16F_application-04-web.jpg\",\"contentUrl\":\"https:\/\/airrent.ge\/wp-content\/uploads\/2026\/01\/Trotec_UV-Torchlight-16F_application-04-web.jpg\",\"width\":1000,\"height\":1000},{\"@type\":\"BreadcrumbList\",\"@id\":\"https:\/\/airrent.ge\/az\/product\/trotec-uv-torchlight-16f-hand-held-uv-a-lamp-hand-held-uv-a-lamp\/#breadcrumb\",\"itemListElement\":[{\"@type\":\"ListItem\",\"position\":1,\"name\":\"Home\",\"item\":\"https:\/\/airrent.ge\/az\/home\/\"},{\"@type\":\"ListItem\",\"position\":2,\"name\":\"M\u0259hsullar\",\"item\":\"https:\/\/airrent.ge\/az\/products\/\"},{\"@type\":\"ListItem\",\"position\":3,\"name\":\"Trotec UV f\u0259n\u0259ri 16F \u2013 \u0259l il\u0259 i\u015fl\u0259y\u0259n UV-A lampas\u0131 \u018fl il\u0259 i\u015fl\u0259y\u0259n UV-A lampas\u0131\"}]},{\"@type\":\"WebSite\",\"@id\":\"https:\/\/airrent.ge\/#website\",\"url\":\"https:\/\/airrent.ge\/\",\"name\":\"airrent.ge\",\"description\":\"Rental Services\",\"publisher\":{\"@id\":\"https:\/\/airrent.ge\/#organization\"},\"potentialAction\":[{\"@type\":\"SearchAction\",\"target\":{\"@type\":\"EntryPoint\",\"urlTemplate\":\"https:\/\/airrent.ge\/?s={search_term_string}\"},\"query-input\":{\"@type\":\"PropertyValueSpecification\",\"valueRequired\":true,\"valueName\":\"search_term_string\"}}],\"inLanguage\":\"az\"},{\"@type\":\"Organization\",\"@id\":\"https:\/\/airrent.ge\/#organization\",\"name\":\"airrent.ge\",\"url\":\"https:\/\/airrent.ge\/\",\"logo\":{\"@type\":\"ImageObject\",\"inLanguage\":\"az\",\"@id\":\"https:\/\/airrent.ge\/#\/schema\/logo\/image\/\",\"url\":\"https:\/\/airrent.ge\/wp-content\/uploads\/2026\/03\/airrent.png\",\"contentUrl\":\"https:\/\/airrent.ge\/wp-content\/uploads\/2026\/03\/airrent.png\",\"width\":1536,\"height\":1024,\"caption\":\"airrent.ge\"},\"image\":{\"@id\":\"https:\/\/airrent.ge\/#\/schema\/logo\/image\/\"}}]}<\/script>\n<!-- \/ Yoast SEO plugin. -->","yoast_head_json":{"title":"Trotec UV f\u0259n\u0259ri 16F \u2013 \u0259l il\u0259 i\u015fl\u0259y\u0259n UV-A lampas\u0131 \u018fl il\u0259 i\u015fl\u0259y\u0259n UV-A lampas\u0131 - AirRent.ge","robots":{"index":"index","follow":"follow","max-snippet":"max-snippet:-1","max-image-preview":"max-image-preview:large","max-video-preview":"max-video-preview:-1"},"canonical":"https:\/\/airrent.ge\/az\/product\/trotec-uv-torchlight-16f-hand-held-uv-a-lamp-hand-held-uv-a-lamp\/","og_locale":"az_AZ","og_type":"article","og_title":"Trotec UV f\u0259n\u0259ri 16F \u2013 \u0259l il\u0259 i\u015fl\u0259y\u0259n UV-A lampas\u0131 \u018fl il\u0259 i\u015fl\u0259y\u0259n UV-A lampas\u0131 - AirRent.ge","og_description":"UV-F\u0259n\u0259r 16F il\u0259 material s\u0131na\u011f\u0131, s\u0131zma a\u015fkarlanmas\u0131, keyfiyy\u0259t\u0259 n\u0259zar\u0259t, el\u0259c\u0259 d\u0259 t\u0259hl\u00fck\u0259sizlik t\u0259tbiql\u0259ri m\u0259qs\u0259dil\u0259 da\u011f\u0131d\u0131c\u0131 olmayan izl\u0259yici i\u015f\u0131\u011f\u0131n a\u015fkarlanmas\u0131 \u00fc\u00e7\u00fcn pe\u015f\u0259kar \u0259l il\u0259 i\u015fl\u0259y\u0259n UV-A lampas\u0131na sahibsiniz.  Bu y\u00fcng\u00fcl v\u0259 m\u00f6hk\u0259m LED f\u0259n\u0259r, i\u015f\u0259 sal\u0131nd\u0131qdan d\u0259rhal sonra maksimum UV-A performans\u0131 t\u0259min edir v\u0259 x\u00fcsusil\u0259 \u0259l\u00e7atmaz yerl\u0259rin s\u00fcr\u0259tli yoxlan\u0131lmas\u0131 v\u0259 ya yoxlan\u0131lmas\u0131 \u00fc\u00e7\u00fcn uy\u011fundur. UV-F\u0259n\u0259r 16F-in t\u0259sirli d\u0259r\u0259c\u0259d\u0259 y\u00fcks\u0259k i\u015f\u0131qland\u0131rma intensivliyi say\u0259sind\u0259 \u00e7ox y\u00fcks\u0259k fl\u00fcoresan stimulla\u015fd\u0131r\u0131lmas\u0131 \u0259ld\u0259 edil\u0259 bil\u0259r - bu \u015f\u0259kild\u0259 h\u0259tta ki\u00e7ik izl\u0259yicil\u0259r bel\u0259 g\u00fcn i\u015f\u0131\u011f\u0131nda ayd\u0131n g\u00f6r\u00fcn\u00fcr.  Daha \u00e7ox m\u0259lumat \u00fc\u00e7\u00fcn kataloqa klikl\u0259yin.","og_url":"https:\/\/airrent.ge\/az\/product\/trotec-uv-torchlight-16f-hand-held-uv-a-lamp-hand-held-uv-a-lamp\/","og_site_name":"AirRent.ge","article_modified_time":"2026-01-17T18:46:32+00:00","og_image":[{"width":1000,"height":1000,"url":"https:\/\/airrent.ge\/wp-content\/uploads\/2026\/01\/Trotec_UV-Torchlight-16F_application-04-web.jpg","type":"image\/jpeg"}],"twitter_card":"summary_large_image","twitter_misc":{"Est. reading time":"1 minute"},"schema":{"@context":"https:\/\/schema.org","@graph":[{"@type":"WebPage","@id":"https:\/\/airrent.ge\/az\/product\/trotec-uv-torchlight-16f-hand-held-uv-a-lamp-hand-held-uv-a-lamp\/","url":"https:\/\/airrent.ge\/az\/product\/trotec-uv-torchlight-16f-hand-held-uv-a-lamp-hand-held-uv-a-lamp\/","name":"Trotec UV f\u0259n\u0259ri 16F \u2013 \u0259l il\u0259 i\u015fl\u0259y\u0259n UV-A lampas\u0131 \u018fl il\u0259 i\u015fl\u0259y\u0259n UV-A lampas\u0131 - AirRent.ge","isPartOf":{"@id":"https:\/\/airrent.ge\/#website"},"primaryImageOfPage":{"@id":"https:\/\/airrent.ge\/az\/product\/trotec-uv-torchlight-16f-hand-held-uv-a-lamp-hand-held-uv-a-lamp\/#primaryimage"},"image":{"@id":"https:\/\/airrent.ge\/az\/product\/trotec-uv-torchlight-16f-hand-held-uv-a-lamp-hand-held-uv-a-lamp\/#primaryimage"},"thumbnailUrl":"https:\/\/airrent.ge\/wp-content\/uploads\/2026\/01\/Trotec_UV-Torchlight-16F_application-04-web.jpg","datePublished":"2026-01-17T12:54:35+00:00","dateModified":"2026-01-17T18:46:32+00:00","breadcrumb":{"@id":"https:\/\/airrent.ge\/az\/product\/trotec-uv-torchlight-16f-hand-held-uv-a-lamp-hand-held-uv-a-lamp\/#breadcrumb"},"inLanguage":"az","potentialAction":[{"@type":"ReadAction","target":["https:\/\/airrent.ge\/az\/product\/trotec-uv-torchlight-16f-hand-held-uv-a-lamp-hand-held-uv-a-lamp\/"]}]},{"@type":"ImageObject","inLanguage":"az","@id":"https:\/\/airrent.ge\/az\/product\/trotec-uv-torchlight-16f-hand-held-uv-a-lamp-hand-held-uv-a-lamp\/#primaryimage","url":"https:\/\/airrent.ge\/wp-content\/uploads\/2026\/01\/Trotec_UV-Torchlight-16F_application-04-web.jpg","contentUrl":"https:\/\/airrent.ge\/wp-content\/uploads\/2026\/01\/Trotec_UV-Torchlight-16F_application-04-web.jpg","width":1000,"height":1000},{"@type":"BreadcrumbList","@id":"https:\/\/airrent.ge\/az\/product\/trotec-uv-torchlight-16f-hand-held-uv-a-lamp-hand-held-uv-a-lamp\/#breadcrumb","itemListElement":[{"@type":"ListItem","position":1,"name":"Home","item":"https:\/\/airrent.ge\/az\/home\/"},{"@type":"ListItem","position":2,"name":"M\u0259hsullar","item":"https:\/\/airrent.ge\/az\/products\/"},{"@type":"ListItem","position":3,"name":"Trotec UV f\u0259n\u0259ri 16F \u2013 \u0259l il\u0259 i\u015fl\u0259y\u0259n UV-A lampas\u0131 \u018fl il\u0259 i\u015fl\u0259y\u0259n UV-A lampas\u0131"}]},{"@type":"WebSite","@id":"https:\/\/airrent.ge\/#website","url":"https:\/\/airrent.ge\/","name":"airrent.ge","description":"Rental Services","publisher":{"@id":"https:\/\/airrent.ge\/#organization"},"potentialAction":[{"@type":"SearchAction","target":{"@type":"EntryPoint","urlTemplate":"https:\/\/airrent.ge\/?s={search_term_string}"},"query-input":{"@type":"PropertyValueSpecification","valueRequired":true,"valueName":"search_term_string"}}],"inLanguage":"az"},{"@type":"Organization","@id":"https:\/\/airrent.ge\/#organization","name":"airrent.ge","url":"https:\/\/airrent.ge\/","logo":{"@type":"ImageObject","inLanguage":"az","@id":"https:\/\/airrent.ge\/#\/schema\/logo\/image\/","url":"https:\/\/airrent.ge\/wp-content\/uploads\/2026\/03\/airrent.png","contentUrl":"https:\/\/airrent.ge\/wp-content\/uploads\/2026\/03\/airrent.png","width":1536,"height":1024,"caption":"airrent.ge"},"image":{"@id":"https:\/\/airrent.ge\/#\/schema\/logo\/image\/"}}]}},"_links":{"self":[{"href":"https:\/\/airrent.ge\/az\/wp-json\/wp\/v2\/product\/44112","targetHints":{"allow":["GET"]}}],"collection":[{"href":"https:\/\/airrent.ge\/az\/wp-json\/wp\/v2\/product"}],"about":[{"href":"https:\/\/airrent.ge\/az\/wp-json\/wp\/v2\/types\/product"}],"wp:featuredmedia":[{"embeddable":true,"href":"https:\/\/airrent.ge\/az\/wp-json\/wp\/v2\/media\/44065"}],"wp:attachment":[{"href":"https:\/\/airrent.ge\/az\/wp-json\/wp\/v2\/media?parent=44112"}],"wp:term":[{"taxonomy":"product_brand","embeddable":true,"href":"https:\/\/airrent.ge\/az\/wp-json\/wp\/v2\/product_brand?post=44112"},{"taxonomy":"product_cat","embeddable":true,"href":"https:\/\/airrent.ge\/az\/wp-json\/wp\/v2\/product_cat?post=44112"},{"taxonomy":"product_tag","embeddable":true,"href":"https:\/\/airrent.ge\/az\/wp-json\/wp\/v2\/product_tag?post=44112"}],"curies":[{"name":"wp","href":"https:\/\/api.w.org\/{rel}","templated":true}]}}