{"id":17058,"date":"2025-02-06T14:35:20","date_gmt":"2025-02-06T10:35:20","guid":{"rendered":"https:\/\/airsystems.ge\/shop\/product\/inverter-air-conditioner-24-kw-yhkf18xeebmh-inverter-heat-pump-york\/"},"modified":"2025-02-06T15:07:00","modified_gmt":"2025-02-06T11:07:00","slug":"inverter-air-conditioner-24-kw-yhkf18xeebmh-inverter-heat-pump-york","status":"publish","type":"product","link":"https:\/\/airrent.ge\/fr\/produit\/inverter-air-conditioner-24-kw-yhkf18xeebmh-inverter-heat-pump-york\/","title":{"rendered":"Climatiseur \u00e0 onduleur 24 kW YHKF18XEEBMH Climatiseur Pompe \u00e0 chaleur York"},"content":{"rendered":"<table width=\"1276\">\n<tbody>\n<tr>\n<td colspan=\"3\" width=\"730\">York Set Model<\/td>\n<td width=\"132\">YHKF09ZEEDMHORY<\/td>\n<td width=\"139\">YHKF12ZEEDMHORY<\/td>\n<td width=\"146\">YHKF18ZEEBMHORY<\/td>\n<td width=\"129\">YHKF24ZEEBMHORY<\/td>\n<\/tr>\n<tr>\n<td colspan=\"3\">York Outdoor<\/td>\n<td>YHKF09YEEDMHO-Y<\/td>\n<td>YHKF12YEEDMHO-Y<\/td>\n<td>YHKF18YEEBMHO-Y<\/td>\n<td>YHKF24YEEBMHO-Y<\/td>\n<\/tr>\n<tr>\n<td colspan=\"3\">York Indoor<\/td>\n<td>YHKF09XEEDMH-RY<\/td>\n<td>YHKF12XEEDMH-RY<\/td>\n<td>YHKF18XEEBMH-RY<\/td>\n<td>YHKF24XEEBMH-RY<\/td>\n<\/tr>\n<tr>\n<td colspan=\"2\">Power supply<\/td>\n<td>Ph-V-Hz<\/td>\n<td colspan=\"4\">1Ph-220~240V-50Hz<\/td>\n<\/tr>\n<tr>\n<td colspan=\"3\">Power supply by<\/td>\n<td colspan=\"4\">Outdoor<\/td>\n<\/tr>\n<tr>\n<td rowspan=\"6\">Cooling<\/td>\n<td>Capacity<\/td>\n<td>Btu\/h<\/td>\n<td>9,000 (3,500~11,000)<\/td>\n<td>12,000 (4,700~14,700)<\/td>\n<td>18,000 (11,570~20,130)<\/td>\n<td>24,000 (7,200~28,000)<\/td>\n<\/tr>\n<tr>\n<td>Capacity<\/td>\n<td>W<\/td>\n<td>2,637 (1,025~3,224)<\/td>\n<td>3,517 (1,377~4,308)<\/td>\n<td>5,275 (3,931~5,900)<\/td>\n<td>7,034 (2,110~8,206)<\/td>\n<\/tr>\n<tr>\n<td>Power input<\/td>\n<td>W<\/td>\n<td>613 (90~1,140)<\/td>\n<td>977 (130~1,650)<\/td>\n<td>1,550 (560~2,050)<\/td>\n<td>2,510 (420~3,200)<\/td>\n<\/tr>\n<tr>\n<td>Current<\/td>\n<td>A<\/td>\n<td>2.66 (0.4~4.7)<\/td>\n<td>4.24 (0.6~7.2)<\/td>\n<td>6.7\uff082.4~9)<\/td>\n<td>10.9 (1.8~13.9)<\/td>\n<\/tr>\n<tr>\n<td>SEER<\/td>\n<td>W\/W<\/td>\n<td>8.8<\/td>\n<td>8.5<\/td>\n<td>6.7<\/td>\n<td>6.4<\/td>\n<\/tr>\n<tr>\n<td>Energy Efficiency Class<\/td>\n<td>W\/W<\/td>\n<td>A+++<\/td>\n<td>A+++<\/td>\n<td>A++<\/td>\n<td>A++<\/td>\n<\/tr>\n<tr>\n<td rowspan=\"6\">Heating<\/td>\n<td>Capacity<\/td>\n<td>Btu\/h<\/td>\n<td>10,000 (2,800~11,500)<\/td>\n<td>13,000 (3,640~14,950)<\/td>\n<td>19,000 (10,580~19,960)<\/td>\n<td>25,000 (5,300~28,000)<\/td>\n<\/tr>\n<tr>\n<td>Capacity<\/td>\n<td>W<\/td>\n<td>2,930 (821~3,370)<\/td>\n<td>3,811 (1,067~4,381)<\/td>\n<td>5,568 (3,391~5,850)<\/td>\n<td>7,327 (1,553~8,206)<\/td>\n<\/tr>\n<tr>\n<td>Power input<\/td>\n<td>W<\/td>\n<td>637 (110~1,080)<\/td>\n<td>977 (160~1,560)<\/td>\n<td>1,500 (780~2,000)<\/td>\n<td>2,130 (300~3,100)<\/td>\n<\/tr>\n<tr>\n<td>Current<\/td>\n<td>A<\/td>\n<td>2.77 (0.48~4.7)<\/td>\n<td>4.24 (0.7~6.78)<\/td>\n<td>6.5 (3.4~8.7)<\/td>\n<td>9.3 (1.3~13.5)<\/td>\n<\/tr>\n<tr>\n<td>SCOP<\/td>\n<td>W\/W<\/td>\n<td>4.6<\/td>\n<td>4.6<\/td>\n<td>4<\/td>\n<td>4<\/td>\n<\/tr>\n<tr>\n<td>Energy Efficiency Class<\/td>\n<td><\/td>\n<td>A++<\/td>\n<td>A++<\/td>\n<td>A+<\/td>\n<td>A+<\/td>\n<\/tr>\n<tr>\n<td colspan=\"2\">Max. input consumption<\/td>\n<td>W<\/td>\n<td>2,200<\/td>\n<td>2,200<\/td>\n<td>2,500<\/td>\n<td>3,700<\/td>\n<\/tr>\n<tr>\n<td colspan=\"2\">Max. current<\/td>\n<td>A<\/td>\n<td>10.5<\/td>\n<td>10.5<\/td>\n<td>13<\/td>\n<td>19<\/td>\n<\/tr>\n<tr>\n<td rowspan=\"3\">Compressor<\/td>\n<td>Type<\/td>\n<td><\/td>\n<td>ROTARY<\/td>\n<td>ROTARY<\/td>\n<td>ROTARY<\/td>\n<td>ROTARY<\/td>\n<\/tr>\n<tr>\n<td>Rated current(RLA)<\/td>\n<td>A<\/td>\n<td>4.65<\/td>\n<td>4.65<\/td>\n<td>7.5<\/td>\n<td>9.45<\/td>\n<\/tr>\n<tr>\n<td>Refrigerant oil\/oil charge<\/td>\n<td>ml<\/td>\n<td>VG74\/300ml<\/td>\n<td>VG74\/300ml<\/td>\n<td>VG74\/440ml<\/td>\n<td>VG74\/670ml<\/td>\n<\/tr>\n<tr>\n<td rowspan=\"3\">Indoor fan motor<\/td>\n<td>Type<\/td>\n<td><\/td>\n<td>DC<\/td>\n<td>DC<\/td>\n<td>DC<\/td>\n<td>DC<\/td>\n<\/tr>\n<tr>\n<td>Output<\/td>\n<td>W<\/td>\n<td>20<\/td>\n<td>20<\/td>\n<td>20<\/td>\n<td>20<\/td>\n<\/tr>\n<tr>\n<td>Speed(Hi\/Mi\/Lo)<\/td>\n<td>rpm<\/td>\n<td>1,000\/800\/700<\/td>\n<td>1,100\/900\/750<\/td>\n<td>1,100\/900\/750<\/td>\n<td>1,000\/800\/700<\/td>\n<\/tr>\n<tr>\n<td>Indoor air flow (Hi\/Mi\/Lo)<\/td>\n<td><\/td>\n<td>m3\/h<\/td>\n<td>483\/362\/303<\/td>\n<td>584\/477\/395<\/td>\n<td>730\/500\/420<\/td>\n<td>1,020\/830\/640<\/td>\n<\/tr>\n<tr>\n<td colspan=\"2\">Indoor sound power level (Hi)<\/td>\n<td>dB(A)<\/td>\n<td>55<\/td>\n<td>55<\/td>\n<td>59<\/td>\n<td>64<\/td>\n<\/tr>\n<tr>\n<td rowspan=\"3\">Indoor unit<\/td>\n<td>Dimension(W*H*D)<\/td>\n<td>mm<\/td>\n<td>802x297x189<\/td>\n<td>802x297x189<\/td>\n<td>965x319x215<\/td>\n<td>1,080x335x226<\/td>\n<\/tr>\n<tr>\n<td>Packing(W*H*D)<\/td>\n<td>mm<\/td>\n<td>875x380x285<\/td>\n<td>875x380x285<\/td>\n<td>1,045x410x305<\/td>\n<td>1,155x415x320<\/td>\n<\/tr>\n<tr>\n<td>Net\/Gross weight<\/td>\n<td>kg<\/td>\n<td>8.6\/11.1<\/td>\n<td>8.6\/11.1<\/td>\n<td>10.9\/14.2<\/td>\n<td>13.7\/17.3<\/td>\n<\/tr>\n<tr>\n<td rowspan=\"3\">Outdoor fan motor<\/td>\n<td>Type<\/td>\n<td><\/td>\n<td>DC<\/td>\n<td>DC<\/td>\n<td>DC<\/td>\n<td>DC<\/td>\n<\/tr>\n<tr>\n<td>Output<\/td>\n<td>W<\/td>\n<td>34<\/td>\n<td>34<\/td>\n<td>34<\/td>\n<td>80<\/td>\n<\/tr>\n<tr>\n<td>Speed(Hi\/Lo)<\/td>\n<td>rpm<\/td>\n<td>780\/450<\/td>\n<td>800\/450<\/td>\n<td>760\/650<\/td>\n<td>830\/550<\/td>\n<\/tr>\n<tr>\n<td><\/td>\n<td>rpm<\/td>\n<td>780\/450<\/td>\n<td><\/td>\n<td><\/td>\n<td><\/td>\n<td><\/td>\n<\/tr>\n<tr>\n<td colspan=\"2\">Outdoor air flow<\/td>\n<td>m3\/h<\/td>\n<td>2,150<\/td>\n<td>2,200<\/td>\n<td>2,100<\/td>\n<td>3,500<\/td>\n<\/tr>\n<tr>\n<td colspan=\"2\">Outdoor sound power level<\/td>\n<td>dB(A)<\/td>\n<td>60<\/td>\n<td>62<\/td>\n<td>65<\/td>\n<td>67<\/td>\n<\/tr>\n<tr>\n<td rowspan=\"3\">Outdoor unit<\/td>\n<td>Dimension(W*H*D)<\/td>\n<td>mm<\/td>\n<td>765x555x303<\/td>\n<td>765x555x303<\/td>\n<td>805x554x330<\/td>\n<td>890x673x342<\/td>\n<\/tr>\n<tr>\n<td>Packing(W*H*D)<\/td>\n<td>mm<\/td>\n<td>887x610x337<\/td>\n<td>887x610x337<\/td>\n<td>915x615x370<\/td>\n<td>995x740x398<\/td>\n<\/tr>\n<tr>\n<td>Net\/Gross weight<\/td>\n<td>kg<\/td>\n<td>26.7\/29.1<\/td>\n<td>26.7\/29.1<\/td>\n<td>33.5\/36.1<\/td>\n<td>43.9\/46.9<\/td>\n<\/tr>\n<tr>\n<td rowspan=\"3\">Refrigerant<\/td>\n<td>Type<\/td>\n<td><\/td>\n<td>R32<\/td>\n<td>R32<\/td>\n<td>R32<\/td>\n<td>R32<\/td>\n<\/tr>\n<tr>\n<td>GWP<\/td>\n<td><\/td>\n<td>675<\/td>\n<td>675<\/td>\n<td>675<\/td>\n<td>675<\/td>\n<\/tr>\n<tr>\n<td>Charged quantity<\/td>\n<td>kg<\/td>\n<td>0.62<\/td>\n<td>0.62<\/td>\n<td>1.1<\/td>\n<td>1.45<\/td>\n<\/tr>\n<tr>\n<td rowspan=\"3\">Refrigerant piping<\/td>\n<td>Liquid side\/ Gas side<\/td>\n<td>mm<\/td>\n<td>\u00d86.35\/\u00d89.52<\/td>\n<td>\u00d86.35\/\u00d89.52<\/td>\n<td>\u00d86.35\/\u00d812.7<\/td>\n<td>\u00d89.52\/\u00d815.9<\/td>\n<\/tr>\n<tr>\n<td>Max. refrigerant pipe length<\/td>\n<td>m<\/td>\n<td>25<\/td>\n<td>25<\/td>\n<td>30<\/td>\n<td>30<\/td>\n<\/tr>\n<tr>\n<td>Max. difference in level<\/td>\n<td>m<\/td>\n<td>10<\/td>\n<td>10<\/td>\n<td>20<\/td>\n<td>20<\/td>\n<\/tr>\n<tr>\n<td>Operation temperature<\/td>\n<td>Indoor(cooling\/ heating)<\/td>\n<td>\u00b0C<\/td>\n<td>17\uff5e32\/0\uff5e30<\/td>\n<td>17\uff5e32\/0\uff5e30<\/td>\n<td>17\uff5e32\/0\uff5e30<\/td>\n<td>17\uff5e32\/0\uff5e30<\/td>\n<\/tr>\n<tr>\n<td>Indoor(cooling\/ heating)<\/td>\n<td>Outdoor(cooling\/heating)<\/td>\n<td>\u00b0C<\/td>\n<td>-15\uff5e50\/-15\uff5e24<\/td>\n<td>-15\uff5e50\/-15\uff5e24<\/td>\n<td>-15\uff5e50\/-15\uff5e24<\/td>\n<td>-15\uff5e50\/-15\uff5e24<\/td>\n<\/tr>\n<tr>\n<td colspan=\"3\">Qty\u2019per 20\u2019 \/40\u2019 \/40&rsquo;HQ<\/td>\n<td>98\/208\/250<\/td>\n<td>98\/208\/250<\/td>\n<td>86\/174\/204<\/td>\n<td>64\/134\/156<\/td>\n<\/tr>\n<\/tbody>\n<\/table>\n","protected":false},"excerpt":{"rendered":"<p>Principales caract\u00e9ristiques<br \/>\n\u2022 4 mod\u00e8les de 9 000 \u00e0 24 000 Btu\/h.<br \/>\n\u2022 R\u00e9frig\u00e9rant \u00e9cologique R32.<br \/>\n\u2022 Conception moderne et compacte.<br \/>\n\u2022 Refroidissement et chauffage efficaces.<br \/>\n\u2022 Ailerons recouverts d&rsquo;or pour int\u00e9rieur\/ext\u00e9rieur.<br \/>\n\u2022 Red\u00e9marrage automatique et autodiagnostic.<br \/>\n\u2022 Fonction Suivez-moi.<br \/>\n\u2022 M\u00e9moire de position des persiennes.<br \/>\n\u2022 Mode veille.<br \/>\n\u2022 Minuterie marche\/arr\u00eat 24 heures.<br \/>\n\u2022 Mode turbo.<\/p>\n<p>&nbsp;<\/p>\n<p>La gamme de climatiseurs YORK\u00ae comprend une large gamme.<br \/>\nChaque mod\u00e8le est con\u00e7u pour offrir confort et efficacit\u00e9, dans une unit\u00e9 facile \u00e0 utiliser et au design \u00e9l\u00e9gant. Convient \u00e0 une vari\u00e9t\u00e9 d&rsquo;espaces, que ce soit dans une maison ou un bureau. Les mod\u00e8les r\u00e9pondent aux cotes d&rsquo;efficacit\u00e9 \u00e9nerg\u00e9tique les plus \u00e9lev\u00e9es, de sorte que moins d&rsquo;\u00e9nergie est consomm\u00e9e sans sacrifier le confort<br \/>\net les performances. Les unit\u00e9s de condensation et int\u00e9rieures sont con\u00e7ues pour un fonctionnement silencieux. Et les param\u00e8tres de contr\u00f4le du confort sont facilement modifi\u00e9s en appuyant sur un bouton de la t\u00e9l\u00e9commande.<\/p>\n<p>&nbsp;<\/p>\n<p>Ailettes dor\u00e9es<br \/>\nLe rev\u00eatement dor\u00e9 anticorrosion unique sur les ailettes en aluminium<br \/>\ndes \u00e9changeurs de chaleur peut r\u00e9sister \u00e0 l&rsquo;air salin, \u00e0 la pluie et \u00e0 d&rsquo;autres \u00e9l\u00e9ments corrosifs. Il emp\u00eache \u00e9galement efficacement la prolif\u00e9ration des bact\u00e9ries<br \/>\net am\u00e9liore l&rsquo;efficacit\u00e9 thermique.<\/p>\n","protected":false},"featured_media":17031,"template":"","meta":[],"product_brand":[],"product_cat":[705],"product_tag":[],"class_list":{"0":"post-17058","1":"product","2":"type-product","3":"status-publish","4":"has-post-thumbnail","6":"product_cat-climatiseur","8":"first","9":"instock","10":"sale","11":"shipping-taxable","12":"purchasable","13":"product-type-simple"},"yoast_head":"<!-- This site is optimized with the Yoast SEO plugin v27.1.1 - https:\/\/yoast.com\/product\/yoast-seo-wordpress\/ -->\n<title>Climatiseur \u00e0 onduleur 24 kW YHKF18XEEBMH Climatiseur Pompe \u00e0 chaleur York - AirRent.ge<\/title>\n<meta name=\"robots\" content=\"index, follow, max-snippet:-1, max-image-preview:large, max-video-preview:-1\" \/>\n<link rel=\"canonical\" href=\"https:\/\/airrent.ge\/fr\/produit\/inverter-air-conditioner-24-kw-yhkf18xeebmh-inverter-heat-pump-york\/\" \/>\n<meta property=\"og:locale\" content=\"fr_FR\" \/>\n<meta property=\"og:type\" content=\"article\" \/>\n<meta property=\"og:title\" content=\"Climatiseur \u00e0 onduleur 24 kW YHKF18XEEBMH Climatiseur Pompe \u00e0 chaleur York - AirRent.ge\" \/>\n<meta property=\"og:description\" content=\"Principales caract\u00e9ristiques \u2022 4 mod\u00e8les de 9 000 \u00e0 24 000 Btu\/h. \u2022 R\u00e9frig\u00e9rant \u00e9cologique R32. \u2022 Conception moderne et compacte. \u2022 Refroidissement et chauffage efficaces. \u2022 Ailerons recouverts d&#039;or pour int\u00e9rieur\/ext\u00e9rieur. \u2022 Red\u00e9marrage automatique et autodiagnostic. \u2022 Fonction Suivez-moi. \u2022 M\u00e9moire de position des persiennes. \u2022 Mode veille. \u2022 Minuterie marche\/arr\u00eat 24 heures. \u2022 Mode turbo.  &nbsp;  La gamme de climatiseurs YORK\u00ae comprend une large gamme. Chaque mod\u00e8le est con\u00e7u pour offrir confort et efficacit\u00e9, dans une unit\u00e9 facile \u00e0 utiliser et au design \u00e9l\u00e9gant. Convient \u00e0 une vari\u00e9t\u00e9 d&#039;espaces, que ce soit dans une maison ou un bureau. Les mod\u00e8les r\u00e9pondent aux cotes d&#039;efficacit\u00e9 \u00e9nerg\u00e9tique les plus \u00e9lev\u00e9es, de sorte que moins d&#039;\u00e9nergie est consomm\u00e9e sans sacrifier le confort et les performances. Les unit\u00e9s de condensation et int\u00e9rieures sont con\u00e7ues pour un fonctionnement silencieux. Et les param\u00e8tres de contr\u00f4le du confort sont facilement modifi\u00e9s en appuyant sur un bouton de la t\u00e9l\u00e9commande.  &nbsp;  Ailettes dor\u00e9es Le rev\u00eatement dor\u00e9 anticorrosion unique sur les ailettes en aluminium des \u00e9changeurs de chaleur peut r\u00e9sister \u00e0 l&#039;air salin, \u00e0 la pluie et \u00e0 d&#039;autres \u00e9l\u00e9ments corrosifs. Il emp\u00eache \u00e9galement efficacement la prolif\u00e9ration des bact\u00e9ries et am\u00e9liore l&#039;efficacit\u00e9 thermique.\" \/>\n<meta property=\"og:url\" content=\"https:\/\/airrent.ge\/fr\/produit\/inverter-air-conditioner-24-kw-yhkf18xeebmh-inverter-heat-pump-york\/\" \/>\n<meta property=\"og:site_name\" content=\"AirRent.ge\" \/>\n<meta property=\"article:modified_time\" content=\"2025-02-06T11:07:00+00:00\" \/>\n<meta property=\"og:image\" content=\"https:\/\/airrent.ge\/wp-content\/uploads\/2025\/02\/T1-R410-High-Wall-Inverter-Heat-Pump-Indoor-1.jpg\" \/>\n\t<meta property=\"og:image:width\" content=\"548\" \/>\n\t<meta property=\"og:image:height\" content=\"361\" \/>\n\t<meta property=\"og:image:type\" content=\"image\/jpeg\" \/>\n<meta name=\"twitter:card\" content=\"summary_large_image\" \/>\n<meta name=\"twitter:label1\" content=\"Dur\u00e9e de lecture estim\u00e9e\" \/>\n\t<meta name=\"twitter:data1\" content=\"1 minute\" \/>\n<script type=\"application\/ld+json\" class=\"yoast-schema-graph\">{\"@context\":\"https:\/\/schema.org\",\"@graph\":[{\"@type\":\"WebPage\",\"@id\":\"https:\/\/airrent.ge\/fr\/produit\/inverter-air-conditioner-24-kw-yhkf18xeebmh-inverter-heat-pump-york\/\",\"url\":\"https:\/\/airrent.ge\/fr\/produit\/inverter-air-conditioner-24-kw-yhkf18xeebmh-inverter-heat-pump-york\/\",\"name\":\"Climatiseur \u00e0 onduleur 24 kW YHKF18XEEBMH Climatiseur Pompe \u00e0 chaleur York - AirRent.ge\",\"isPartOf\":{\"@id\":\"https:\/\/airrent.ge\/#website\"},\"primaryImageOfPage\":{\"@id\":\"https:\/\/airrent.ge\/fr\/produit\/inverter-air-conditioner-24-kw-yhkf18xeebmh-inverter-heat-pump-york\/#primaryimage\"},\"image\":{\"@id\":\"https:\/\/airrent.ge\/fr\/produit\/inverter-air-conditioner-24-kw-yhkf18xeebmh-inverter-heat-pump-york\/#primaryimage\"},\"thumbnailUrl\":\"https:\/\/airrent.ge\/wp-content\/uploads\/2025\/02\/T1-R410-High-Wall-Inverter-Heat-Pump-Indoor-1.jpg\",\"datePublished\":\"2025-02-06T10:35:20+00:00\",\"dateModified\":\"2025-02-06T11:07:00+00:00\",\"breadcrumb\":{\"@id\":\"https:\/\/airrent.ge\/fr\/produit\/inverter-air-conditioner-24-kw-yhkf18xeebmh-inverter-heat-pump-york\/#breadcrumb\"},\"inLanguage\":\"fr-FR\",\"potentialAction\":[{\"@type\":\"ReadAction\",\"target\":[\"https:\/\/airrent.ge\/fr\/produit\/inverter-air-conditioner-24-kw-yhkf18xeebmh-inverter-heat-pump-york\/\"]}]},{\"@type\":\"ImageObject\",\"inLanguage\":\"fr-FR\",\"@id\":\"https:\/\/airrent.ge\/fr\/produit\/inverter-air-conditioner-24-kw-yhkf18xeebmh-inverter-heat-pump-york\/#primaryimage\",\"url\":\"https:\/\/airrent.ge\/wp-content\/uploads\/2025\/02\/T1-R410-High-Wall-Inverter-Heat-Pump-Indoor-1.jpg\",\"contentUrl\":\"https:\/\/airrent.ge\/wp-content\/uploads\/2025\/02\/T1-R410-High-Wall-Inverter-Heat-Pump-Indoor-1.jpg\",\"width\":548,\"height\":361},{\"@type\":\"BreadcrumbList\",\"@id\":\"https:\/\/airrent.ge\/fr\/produit\/inverter-air-conditioner-24-kw-yhkf18xeebmh-inverter-heat-pump-york\/#breadcrumb\",\"itemListElement\":[{\"@type\":\"ListItem\",\"position\":1,\"name\":\"Home\",\"item\":\"https:\/\/airrent.ge\/fr\/home\/\"},{\"@type\":\"ListItem\",\"position\":2,\"name\":\"Products\",\"item\":\"https:\/\/airrent.ge\/fr\/products\/\"},{\"@type\":\"ListItem\",\"position\":3,\"name\":\"Climatiseur \u00e0 onduleur 24 kW YHKF18XEEBMH Climatiseur Pompe \u00e0 chaleur York\"}]},{\"@type\":\"WebSite\",\"@id\":\"https:\/\/airrent.ge\/#website\",\"url\":\"https:\/\/airrent.ge\/\",\"name\":\"airrent.ge\",\"description\":\"Rental Services\",\"publisher\":{\"@id\":\"https:\/\/airrent.ge\/#organization\"},\"potentialAction\":[{\"@type\":\"SearchAction\",\"target\":{\"@type\":\"EntryPoint\",\"urlTemplate\":\"https:\/\/airrent.ge\/?s={search_term_string}\"},\"query-input\":{\"@type\":\"PropertyValueSpecification\",\"valueRequired\":true,\"valueName\":\"search_term_string\"}}],\"inLanguage\":\"fr-FR\"},{\"@type\":\"Organization\",\"@id\":\"https:\/\/airrent.ge\/#organization\",\"name\":\"airrent.ge\",\"url\":\"https:\/\/airrent.ge\/\",\"logo\":{\"@type\":\"ImageObject\",\"inLanguage\":\"fr-FR\",\"@id\":\"https:\/\/airrent.ge\/#\/schema\/logo\/image\/\",\"url\":\"https:\/\/airrent.ge\/wp-content\/uploads\/2026\/03\/airrent.png\",\"contentUrl\":\"https:\/\/airrent.ge\/wp-content\/uploads\/2026\/03\/airrent.png\",\"width\":1536,\"height\":1024,\"caption\":\"airrent.ge\"},\"image\":{\"@id\":\"https:\/\/airrent.ge\/#\/schema\/logo\/image\/\"}}]}<\/script>\n<!-- \/ Yoast SEO plugin. -->","yoast_head_json":{"title":"Climatiseur \u00e0 onduleur 24 kW YHKF18XEEBMH Climatiseur Pompe \u00e0 chaleur York - AirRent.ge","robots":{"index":"index","follow":"follow","max-snippet":"max-snippet:-1","max-image-preview":"max-image-preview:large","max-video-preview":"max-video-preview:-1"},"canonical":"https:\/\/airrent.ge\/fr\/produit\/inverter-air-conditioner-24-kw-yhkf18xeebmh-inverter-heat-pump-york\/","og_locale":"fr_FR","og_type":"article","og_title":"Climatiseur \u00e0 onduleur 24 kW YHKF18XEEBMH Climatiseur Pompe \u00e0 chaleur York - AirRent.ge","og_description":"Principales caract\u00e9ristiques \u2022 4 mod\u00e8les de 9 000 \u00e0 24 000 Btu\/h. \u2022 R\u00e9frig\u00e9rant \u00e9cologique R32. \u2022 Conception moderne et compacte. \u2022 Refroidissement et chauffage efficaces. \u2022 Ailerons recouverts d'or pour int\u00e9rieur\/ext\u00e9rieur. \u2022 Red\u00e9marrage automatique et autodiagnostic. \u2022 Fonction Suivez-moi. \u2022 M\u00e9moire de position des persiennes. \u2022 Mode veille. \u2022 Minuterie marche\/arr\u00eat 24 heures. \u2022 Mode turbo.  &nbsp;  La gamme de climatiseurs YORK\u00ae comprend une large gamme. Chaque mod\u00e8le est con\u00e7u pour offrir confort et efficacit\u00e9, dans une unit\u00e9 facile \u00e0 utiliser et au design \u00e9l\u00e9gant. Convient \u00e0 une vari\u00e9t\u00e9 d'espaces, que ce soit dans une maison ou un bureau. Les mod\u00e8les r\u00e9pondent aux cotes d'efficacit\u00e9 \u00e9nerg\u00e9tique les plus \u00e9lev\u00e9es, de sorte que moins d'\u00e9nergie est consomm\u00e9e sans sacrifier le confort et les performances. Les unit\u00e9s de condensation et int\u00e9rieures sont con\u00e7ues pour un fonctionnement silencieux. Et les param\u00e8tres de contr\u00f4le du confort sont facilement modifi\u00e9s en appuyant sur un bouton de la t\u00e9l\u00e9commande.  &nbsp;  Ailettes dor\u00e9es Le rev\u00eatement dor\u00e9 anticorrosion unique sur les ailettes en aluminium des \u00e9changeurs de chaleur peut r\u00e9sister \u00e0 l'air salin, \u00e0 la pluie et \u00e0 d'autres \u00e9l\u00e9ments corrosifs. Il emp\u00eache \u00e9galement efficacement la prolif\u00e9ration des bact\u00e9ries et am\u00e9liore l'efficacit\u00e9 thermique.","og_url":"https:\/\/airrent.ge\/fr\/produit\/inverter-air-conditioner-24-kw-yhkf18xeebmh-inverter-heat-pump-york\/","og_site_name":"AirRent.ge","article_modified_time":"2025-02-06T11:07:00+00:00","og_image":[{"width":548,"height":361,"url":"https:\/\/airrent.ge\/wp-content\/uploads\/2025\/02\/T1-R410-High-Wall-Inverter-Heat-Pump-Indoor-1.jpg","type":"image\/jpeg"}],"twitter_card":"summary_large_image","twitter_misc":{"Dur\u00e9e de lecture estim\u00e9e":"1 minute"},"schema":{"@context":"https:\/\/schema.org","@graph":[{"@type":"WebPage","@id":"https:\/\/airrent.ge\/fr\/produit\/inverter-air-conditioner-24-kw-yhkf18xeebmh-inverter-heat-pump-york\/","url":"https:\/\/airrent.ge\/fr\/produit\/inverter-air-conditioner-24-kw-yhkf18xeebmh-inverter-heat-pump-york\/","name":"Climatiseur \u00e0 onduleur 24 kW YHKF18XEEBMH Climatiseur Pompe \u00e0 chaleur York - AirRent.ge","isPartOf":{"@id":"https:\/\/airrent.ge\/#website"},"primaryImageOfPage":{"@id":"https:\/\/airrent.ge\/fr\/produit\/inverter-air-conditioner-24-kw-yhkf18xeebmh-inverter-heat-pump-york\/#primaryimage"},"image":{"@id":"https:\/\/airrent.ge\/fr\/produit\/inverter-air-conditioner-24-kw-yhkf18xeebmh-inverter-heat-pump-york\/#primaryimage"},"thumbnailUrl":"https:\/\/airrent.ge\/wp-content\/uploads\/2025\/02\/T1-R410-High-Wall-Inverter-Heat-Pump-Indoor-1.jpg","datePublished":"2025-02-06T10:35:20+00:00","dateModified":"2025-02-06T11:07:00+00:00","breadcrumb":{"@id":"https:\/\/airrent.ge\/fr\/produit\/inverter-air-conditioner-24-kw-yhkf18xeebmh-inverter-heat-pump-york\/#breadcrumb"},"inLanguage":"fr-FR","potentialAction":[{"@type":"ReadAction","target":["https:\/\/airrent.ge\/fr\/produit\/inverter-air-conditioner-24-kw-yhkf18xeebmh-inverter-heat-pump-york\/"]}]},{"@type":"ImageObject","inLanguage":"fr-FR","@id":"https:\/\/airrent.ge\/fr\/produit\/inverter-air-conditioner-24-kw-yhkf18xeebmh-inverter-heat-pump-york\/#primaryimage","url":"https:\/\/airrent.ge\/wp-content\/uploads\/2025\/02\/T1-R410-High-Wall-Inverter-Heat-Pump-Indoor-1.jpg","contentUrl":"https:\/\/airrent.ge\/wp-content\/uploads\/2025\/02\/T1-R410-High-Wall-Inverter-Heat-Pump-Indoor-1.jpg","width":548,"height":361},{"@type":"BreadcrumbList","@id":"https:\/\/airrent.ge\/fr\/produit\/inverter-air-conditioner-24-kw-yhkf18xeebmh-inverter-heat-pump-york\/#breadcrumb","itemListElement":[{"@type":"ListItem","position":1,"name":"Home","item":"https:\/\/airrent.ge\/fr\/home\/"},{"@type":"ListItem","position":2,"name":"Products","item":"https:\/\/airrent.ge\/fr\/products\/"},{"@type":"ListItem","position":3,"name":"Climatiseur \u00e0 onduleur 24 kW YHKF18XEEBMH Climatiseur Pompe \u00e0 chaleur York"}]},{"@type":"WebSite","@id":"https:\/\/airrent.ge\/#website","url":"https:\/\/airrent.ge\/","name":"airrent.ge","description":"Rental Services","publisher":{"@id":"https:\/\/airrent.ge\/#organization"},"potentialAction":[{"@type":"SearchAction","target":{"@type":"EntryPoint","urlTemplate":"https:\/\/airrent.ge\/?s={search_term_string}"},"query-input":{"@type":"PropertyValueSpecification","valueRequired":true,"valueName":"search_term_string"}}],"inLanguage":"fr-FR"},{"@type":"Organization","@id":"https:\/\/airrent.ge\/#organization","name":"airrent.ge","url":"https:\/\/airrent.ge\/","logo":{"@type":"ImageObject","inLanguage":"fr-FR","@id":"https:\/\/airrent.ge\/#\/schema\/logo\/image\/","url":"https:\/\/airrent.ge\/wp-content\/uploads\/2026\/03\/airrent.png","contentUrl":"https:\/\/airrent.ge\/wp-content\/uploads\/2026\/03\/airrent.png","width":1536,"height":1024,"caption":"airrent.ge"},"image":{"@id":"https:\/\/airrent.ge\/#\/schema\/logo\/image\/"}}]}},"_links":{"self":[{"href":"https:\/\/airrent.ge\/fr\/wp-json\/wp\/v2\/product\/17058","targetHints":{"allow":["GET"]}}],"collection":[{"href":"https:\/\/airrent.ge\/fr\/wp-json\/wp\/v2\/product"}],"about":[{"href":"https:\/\/airrent.ge\/fr\/wp-json\/wp\/v2\/types\/product"}],"wp:featuredmedia":[{"embeddable":true,"href":"https:\/\/airrent.ge\/fr\/wp-json\/wp\/v2\/media\/17031"}],"wp:attachment":[{"href":"https:\/\/airrent.ge\/fr\/wp-json\/wp\/v2\/media?parent=17058"}],"wp:term":[{"taxonomy":"product_brand","embeddable":true,"href":"https:\/\/airrent.ge\/fr\/wp-json\/wp\/v2\/product_brand?post=17058"},{"taxonomy":"product_cat","embeddable":true,"href":"https:\/\/airrent.ge\/fr\/wp-json\/wp\/v2\/product_cat?post=17058"},{"taxonomy":"product_tag","embeddable":true,"href":"https:\/\/airrent.ge\/fr\/wp-json\/wp\/v2\/product_tag?post=17058"}],"curies":[{"name":"wp","href":"https:\/\/api.w.org\/{rel}","templated":true}]}}