{"id":17156,"date":"2025-02-07T15:45:28","date_gmt":"2025-02-07T11:45:28","guid":{"rendered":"https:\/\/airsystems.ge\/shop\/product\/vibro-bl-mini-vibration-isolation-wall-brace\/"},"modified":"2025-02-07T15:47:46","modified_gmt":"2025-02-07T11:47:46","slug":"vibro-bl-mini-vibration-isolation-wall-brace","status":"publish","type":"product","link":"https:\/\/airrent.ge\/fr\/produit\/vibro-bl-mini-vibration-isolation-wall-brace\/","title":{"rendered":"Vibro BL.mini : Support mural anti-vibratoire"},"content":{"rendered":"<p><img loading=\"lazy\" decoding=\"async\" class=\"alignnone size-full wp-image-13195\" src=\"https:\/\/antivibration-systems.com\/wp-content\/uploads\/2024\/09\/Vibro-BL.mini-Selection-Table-e1725989809474.jpg\" alt=\"Vibro-BL.mini Selection Table\" width=\"521\" height=\"201\" \/><\/p>\n","protected":false},"excerpt":{"rendered":"<p>Vibro-BL.mini est un support mural anti-vibratoire, utilis\u00e9 dans les applications de cloisons s\u00e8ches flottantes. Il se compose d&rsquo;un cadre m\u00e9tallique en forme de L utilisant le support anti-vibratoire en caoutchouc Vibro-mini.<\/p>\n<p>Vibro-BL.mini est un support mural anti-vibratoire. Le cadre m\u00e9tallique en forme de L pr\u00e9sente diverses perforations pour une installation plus facile selon l&rsquo;application.<\/p>\n<p>Un support anti-vibratoire en caoutchouc sp\u00e9cial, Vibro-mini, est situ\u00e9 \u00e0 l&rsquo;ext\u00e9rieur pour absorber principalement les forces de compression et de tension. La vis traversante est soigneusement plac\u00e9e de mani\u00e8re \u00e0 \u00e9viter tout contact avec le cadre m\u00e9tallique, de sorte qu&rsquo;aucun pont sonore ne soit cr\u00e9\u00e9.<\/p>\n<p>Les supports muraux anti-vibratoires Vibro-BL.mini sont utilis\u00e9s afin d&rsquo;ajouter de l&rsquo;int\u00e9grit\u00e9 structurelle aux murs en plaques de pl\u00e2tre de grande taille, qui sont mont\u00e9s sur des plots anti-vibratoires ou bas\u00e9s sur des planchers flottants.<\/p>\n<p>Cet isolateur de vibrations est principalement utilis\u00e9 pour \u00e9viter toute connexion directe entre les doubles murs et augmenter leur rigidit\u00e9. Un autre avantage est qu&rsquo;ils emp\u00eachent \u00e9galement le flambage des murs en cas de tremblement de terre. Ils sont \u00e9galement utiles lorsqu&rsquo;un mur secondaire est appliqu\u00e9 pour une meilleure isolation acoustique, o\u00f9 des connexions rigides provoqueraient des ponts sonores ind\u00e9sirables, compromettant l&rsquo;isolation acoustique finale.<\/p>\n<p>Le Vibro-BL.mini peut \u00eatre facilement mont\u00e9 sur un mur de briques existant, \u00e0 l&rsquo;aide d&rsquo;une cheville et d&rsquo;une vis en plastique (non fournies), ou viss\u00e9 sur un cadre en bois ou en m\u00e9tal.<\/p>\n","protected":false},"featured_media":17145,"template":"","meta":[],"product_brand":[],"product_cat":[707],"product_tag":[],"class_list":{"0":"post-17156","1":"product","2":"type-product","3":"status-publish","4":"has-post-thumbnail","6":"product_cat-vibration-anti-bruit-acoustique-fr","8":"first","9":"instock","10":"shipping-taxable","11":"product-type-simple"},"yoast_head":"<!-- This site is optimized with the Yoast SEO plugin v27.1.1 - https:\/\/yoast.com\/product\/yoast-seo-wordpress\/ -->\n<title>Vibro BL.mini : Support mural anti-vibratoire - AirRent.ge<\/title>\n<meta name=\"robots\" content=\"index, follow, max-snippet:-1, max-image-preview:large, max-video-preview:-1\" \/>\n<link rel=\"canonical\" href=\"https:\/\/airrent.ge\/fr\/produit\/vibro-bl-mini-vibration-isolation-wall-brace\/\" \/>\n<meta property=\"og:locale\" content=\"fr_FR\" \/>\n<meta property=\"og:type\" content=\"article\" \/>\n<meta property=\"og:title\" content=\"Vibro BL.mini : Support mural anti-vibratoire - AirRent.ge\" \/>\n<meta property=\"og:description\" content=\"Vibro-BL.mini est un support mural anti-vibratoire, utilis\u00e9 dans les applications de cloisons s\u00e8ches flottantes. Il se compose d&#039;un cadre m\u00e9tallique en forme de L utilisant le support anti-vibratoire en caoutchouc Vibro-mini.  Vibro-BL.mini est un support mural anti-vibratoire. Le cadre m\u00e9tallique en forme de L pr\u00e9sente diverses perforations pour une installation plus facile selon l&#039;application.  Un support anti-vibratoire en caoutchouc sp\u00e9cial, Vibro-mini, est situ\u00e9 \u00e0 l&#039;ext\u00e9rieur pour absorber principalement les forces de compression et de tension. La vis traversante est soigneusement plac\u00e9e de mani\u00e8re \u00e0 \u00e9viter tout contact avec le cadre m\u00e9tallique, de sorte qu&#039;aucun pont sonore ne soit cr\u00e9\u00e9.  Les supports muraux anti-vibratoires Vibro-BL.mini sont utilis\u00e9s afin d&#039;ajouter de l&#039;int\u00e9grit\u00e9 structurelle aux murs en plaques de pl\u00e2tre de grande taille, qui sont mont\u00e9s sur des plots anti-vibratoires ou bas\u00e9s sur des planchers flottants.  Cet isolateur de vibrations est principalement utilis\u00e9 pour \u00e9viter toute connexion directe entre les doubles murs et augmenter leur rigidit\u00e9. Un autre avantage est qu&#039;ils emp\u00eachent \u00e9galement le flambage des murs en cas de tremblement de terre. Ils sont \u00e9galement utiles lorsqu&#039;un mur secondaire est appliqu\u00e9 pour une meilleure isolation acoustique, o\u00f9 des connexions rigides provoqueraient des ponts sonores ind\u00e9sirables, compromettant l&#039;isolation acoustique finale.  Le Vibro-BL.mini peut \u00eatre facilement mont\u00e9 sur un mur de briques existant, \u00e0 l&#039;aide d&#039;une cheville et d&#039;une vis en plastique (non fournies), ou viss\u00e9 sur un cadre en bois ou en m\u00e9tal.\" \/>\n<meta property=\"og:url\" content=\"https:\/\/airrent.ge\/fr\/produit\/vibro-bl-mini-vibration-isolation-wall-brace\/\" \/>\n<meta property=\"og:site_name\" content=\"AirRent.ge\" \/>\n<meta property=\"article:modified_time\" content=\"2025-02-07T11:47:46+00:00\" \/>\n<meta property=\"og:image\" content=\"https:\/\/airrent.ge\/wp-content\/uploads\/2025\/02\/bl.mini_.300x300.jpg\" \/>\n\t<meta property=\"og:image:width\" content=\"300\" \/>\n\t<meta property=\"og:image:height\" content=\"300\" \/>\n\t<meta property=\"og:image:type\" content=\"image\/jpeg\" \/>\n<meta name=\"twitter:card\" content=\"summary_large_image\" \/>\n<script type=\"application\/ld+json\" class=\"yoast-schema-graph\">{\"@context\":\"https:\/\/schema.org\",\"@graph\":[{\"@type\":\"WebPage\",\"@id\":\"https:\/\/airrent.ge\/fr\/produit\/vibro-bl-mini-vibration-isolation-wall-brace\/\",\"url\":\"https:\/\/airrent.ge\/fr\/produit\/vibro-bl-mini-vibration-isolation-wall-brace\/\",\"name\":\"Vibro BL.mini : Support mural anti-vibratoire - AirRent.ge\",\"isPartOf\":{\"@id\":\"https:\/\/airrent.ge\/#website\"},\"primaryImageOfPage\":{\"@id\":\"https:\/\/airrent.ge\/fr\/produit\/vibro-bl-mini-vibration-isolation-wall-brace\/#primaryimage\"},\"image\":{\"@id\":\"https:\/\/airrent.ge\/fr\/produit\/vibro-bl-mini-vibration-isolation-wall-brace\/#primaryimage\"},\"thumbnailUrl\":\"https:\/\/airrent.ge\/wp-content\/uploads\/2025\/02\/bl.mini_.300x300.jpg\",\"datePublished\":\"2025-02-07T11:45:28+00:00\",\"dateModified\":\"2025-02-07T11:47:46+00:00\",\"breadcrumb\":{\"@id\":\"https:\/\/airrent.ge\/fr\/produit\/vibro-bl-mini-vibration-isolation-wall-brace\/#breadcrumb\"},\"inLanguage\":\"fr-FR\",\"potentialAction\":[{\"@type\":\"ReadAction\",\"target\":[\"https:\/\/airrent.ge\/fr\/produit\/vibro-bl-mini-vibration-isolation-wall-brace\/\"]}]},{\"@type\":\"ImageObject\",\"inLanguage\":\"fr-FR\",\"@id\":\"https:\/\/airrent.ge\/fr\/produit\/vibro-bl-mini-vibration-isolation-wall-brace\/#primaryimage\",\"url\":\"https:\/\/airrent.ge\/wp-content\/uploads\/2025\/02\/bl.mini_.300x300.jpg\",\"contentUrl\":\"https:\/\/airrent.ge\/wp-content\/uploads\/2025\/02\/bl.mini_.300x300.jpg\",\"width\":300,\"height\":300},{\"@type\":\"BreadcrumbList\",\"@id\":\"https:\/\/airrent.ge\/fr\/produit\/vibro-bl-mini-vibration-isolation-wall-brace\/#breadcrumb\",\"itemListElement\":[{\"@type\":\"ListItem\",\"position\":1,\"name\":\"Home\",\"item\":\"https:\/\/airrent.ge\/fr\/home\/\"},{\"@type\":\"ListItem\",\"position\":2,\"name\":\"Products\",\"item\":\"https:\/\/airrent.ge\/fr\/products\/\"},{\"@type\":\"ListItem\",\"position\":3,\"name\":\"Vibro BL.mini : Support mural anti-vibratoire\"}]},{\"@type\":\"WebSite\",\"@id\":\"https:\/\/airrent.ge\/#website\",\"url\":\"https:\/\/airrent.ge\/\",\"name\":\"airrent.ge\",\"description\":\"Rental Services\",\"publisher\":{\"@id\":\"https:\/\/airrent.ge\/#organization\"},\"potentialAction\":[{\"@type\":\"SearchAction\",\"target\":{\"@type\":\"EntryPoint\",\"urlTemplate\":\"https:\/\/airrent.ge\/?s={search_term_string}\"},\"query-input\":{\"@type\":\"PropertyValueSpecification\",\"valueRequired\":true,\"valueName\":\"search_term_string\"}}],\"inLanguage\":\"fr-FR\"},{\"@type\":\"Organization\",\"@id\":\"https:\/\/airrent.ge\/#organization\",\"name\":\"airrent.ge\",\"url\":\"https:\/\/airrent.ge\/\",\"logo\":{\"@type\":\"ImageObject\",\"inLanguage\":\"fr-FR\",\"@id\":\"https:\/\/airrent.ge\/#\/schema\/logo\/image\/\",\"url\":\"https:\/\/airrent.ge\/wp-content\/uploads\/2026\/03\/airrent.png\",\"contentUrl\":\"https:\/\/airrent.ge\/wp-content\/uploads\/2026\/03\/airrent.png\",\"width\":1536,\"height\":1024,\"caption\":\"airrent.ge\"},\"image\":{\"@id\":\"https:\/\/airrent.ge\/#\/schema\/logo\/image\/\"}}]}<\/script>\n<!-- \/ Yoast SEO plugin. -->","yoast_head_json":{"title":"Vibro BL.mini : Support mural anti-vibratoire - AirRent.ge","robots":{"index":"index","follow":"follow","max-snippet":"max-snippet:-1","max-image-preview":"max-image-preview:large","max-video-preview":"max-video-preview:-1"},"canonical":"https:\/\/airrent.ge\/fr\/produit\/vibro-bl-mini-vibration-isolation-wall-brace\/","og_locale":"fr_FR","og_type":"article","og_title":"Vibro BL.mini : Support mural anti-vibratoire - AirRent.ge","og_description":"Vibro-BL.mini est un support mural anti-vibratoire, utilis\u00e9 dans les applications de cloisons s\u00e8ches flottantes. Il se compose d'un cadre m\u00e9tallique en forme de L utilisant le support anti-vibratoire en caoutchouc Vibro-mini.  Vibro-BL.mini est un support mural anti-vibratoire. Le cadre m\u00e9tallique en forme de L pr\u00e9sente diverses perforations pour une installation plus facile selon l'application.  Un support anti-vibratoire en caoutchouc sp\u00e9cial, Vibro-mini, est situ\u00e9 \u00e0 l'ext\u00e9rieur pour absorber principalement les forces de compression et de tension. La vis traversante est soigneusement plac\u00e9e de mani\u00e8re \u00e0 \u00e9viter tout contact avec le cadre m\u00e9tallique, de sorte qu'aucun pont sonore ne soit cr\u00e9\u00e9.  Les supports muraux anti-vibratoires Vibro-BL.mini sont utilis\u00e9s afin d'ajouter de l'int\u00e9grit\u00e9 structurelle aux murs en plaques de pl\u00e2tre de grande taille, qui sont mont\u00e9s sur des plots anti-vibratoires ou bas\u00e9s sur des planchers flottants.  Cet isolateur de vibrations est principalement utilis\u00e9 pour \u00e9viter toute connexion directe entre les doubles murs et augmenter leur rigidit\u00e9. Un autre avantage est qu'ils emp\u00eachent \u00e9galement le flambage des murs en cas de tremblement de terre. Ils sont \u00e9galement utiles lorsqu'un mur secondaire est appliqu\u00e9 pour une meilleure isolation acoustique, o\u00f9 des connexions rigides provoqueraient des ponts sonores ind\u00e9sirables, compromettant l'isolation acoustique finale.  Le Vibro-BL.mini peut \u00eatre facilement mont\u00e9 sur un mur de briques existant, \u00e0 l'aide d'une cheville et d'une vis en plastique (non fournies), ou viss\u00e9 sur un cadre en bois ou en m\u00e9tal.","og_url":"https:\/\/airrent.ge\/fr\/produit\/vibro-bl-mini-vibration-isolation-wall-brace\/","og_site_name":"AirRent.ge","article_modified_time":"2025-02-07T11:47:46+00:00","og_image":[{"width":300,"height":300,"url":"https:\/\/airrent.ge\/wp-content\/uploads\/2025\/02\/bl.mini_.300x300.jpg","type":"image\/jpeg"}],"twitter_card":"summary_large_image","schema":{"@context":"https:\/\/schema.org","@graph":[{"@type":"WebPage","@id":"https:\/\/airrent.ge\/fr\/produit\/vibro-bl-mini-vibration-isolation-wall-brace\/","url":"https:\/\/airrent.ge\/fr\/produit\/vibro-bl-mini-vibration-isolation-wall-brace\/","name":"Vibro BL.mini : Support mural anti-vibratoire - AirRent.ge","isPartOf":{"@id":"https:\/\/airrent.ge\/#website"},"primaryImageOfPage":{"@id":"https:\/\/airrent.ge\/fr\/produit\/vibro-bl-mini-vibration-isolation-wall-brace\/#primaryimage"},"image":{"@id":"https:\/\/airrent.ge\/fr\/produit\/vibro-bl-mini-vibration-isolation-wall-brace\/#primaryimage"},"thumbnailUrl":"https:\/\/airrent.ge\/wp-content\/uploads\/2025\/02\/bl.mini_.300x300.jpg","datePublished":"2025-02-07T11:45:28+00:00","dateModified":"2025-02-07T11:47:46+00:00","breadcrumb":{"@id":"https:\/\/airrent.ge\/fr\/produit\/vibro-bl-mini-vibration-isolation-wall-brace\/#breadcrumb"},"inLanguage":"fr-FR","potentialAction":[{"@type":"ReadAction","target":["https:\/\/airrent.ge\/fr\/produit\/vibro-bl-mini-vibration-isolation-wall-brace\/"]}]},{"@type":"ImageObject","inLanguage":"fr-FR","@id":"https:\/\/airrent.ge\/fr\/produit\/vibro-bl-mini-vibration-isolation-wall-brace\/#primaryimage","url":"https:\/\/airrent.ge\/wp-content\/uploads\/2025\/02\/bl.mini_.300x300.jpg","contentUrl":"https:\/\/airrent.ge\/wp-content\/uploads\/2025\/02\/bl.mini_.300x300.jpg","width":300,"height":300},{"@type":"BreadcrumbList","@id":"https:\/\/airrent.ge\/fr\/produit\/vibro-bl-mini-vibration-isolation-wall-brace\/#breadcrumb","itemListElement":[{"@type":"ListItem","position":1,"name":"Home","item":"https:\/\/airrent.ge\/fr\/home\/"},{"@type":"ListItem","position":2,"name":"Products","item":"https:\/\/airrent.ge\/fr\/products\/"},{"@type":"ListItem","position":3,"name":"Vibro BL.mini : Support mural anti-vibratoire"}]},{"@type":"WebSite","@id":"https:\/\/airrent.ge\/#website","url":"https:\/\/airrent.ge\/","name":"airrent.ge","description":"Rental Services","publisher":{"@id":"https:\/\/airrent.ge\/#organization"},"potentialAction":[{"@type":"SearchAction","target":{"@type":"EntryPoint","urlTemplate":"https:\/\/airrent.ge\/?s={search_term_string}"},"query-input":{"@type":"PropertyValueSpecification","valueRequired":true,"valueName":"search_term_string"}}],"inLanguage":"fr-FR"},{"@type":"Organization","@id":"https:\/\/airrent.ge\/#organization","name":"airrent.ge","url":"https:\/\/airrent.ge\/","logo":{"@type":"ImageObject","inLanguage":"fr-FR","@id":"https:\/\/airrent.ge\/#\/schema\/logo\/image\/","url":"https:\/\/airrent.ge\/wp-content\/uploads\/2026\/03\/airrent.png","contentUrl":"https:\/\/airrent.ge\/wp-content\/uploads\/2026\/03\/airrent.png","width":1536,"height":1024,"caption":"airrent.ge"},"image":{"@id":"https:\/\/airrent.ge\/#\/schema\/logo\/image\/"}}]}},"_links":{"self":[{"href":"https:\/\/airrent.ge\/fr\/wp-json\/wp\/v2\/product\/17156","targetHints":{"allow":["GET"]}}],"collection":[{"href":"https:\/\/airrent.ge\/fr\/wp-json\/wp\/v2\/product"}],"about":[{"href":"https:\/\/airrent.ge\/fr\/wp-json\/wp\/v2\/types\/product"}],"wp:featuredmedia":[{"embeddable":true,"href":"https:\/\/airrent.ge\/fr\/wp-json\/wp\/v2\/media\/17145"}],"wp:attachment":[{"href":"https:\/\/airrent.ge\/fr\/wp-json\/wp\/v2\/media?parent=17156"}],"wp:term":[{"taxonomy":"product_brand","embeddable":true,"href":"https:\/\/airrent.ge\/fr\/wp-json\/wp\/v2\/product_brand?post=17156"},{"taxonomy":"product_cat","embeddable":true,"href":"https:\/\/airrent.ge\/fr\/wp-json\/wp\/v2\/product_cat?post=17156"},{"taxonomy":"product_tag","embeddable":true,"href":"https:\/\/airrent.ge\/fr\/wp-json\/wp\/v2\/product_tag?post=17156"}],"curies":[{"name":"wp","href":"https:\/\/api.w.org\/{rel}","templated":true}]}}