{"id":17322,"date":"2025-02-07T16:33:55","date_gmt":"2025-02-07T12:33:55","guid":{"rendered":"https:\/\/airsystems.ge\/shop\/product\/vibro-3d-multi-directional-anti-vibration-mount\/"},"modified":"2025-02-07T16:45:35","modified_gmt":"2025-02-07T12:45:35","slug":"vibro-3d-multi-directional-anti-vibration-mount","status":"publish","type":"product","link":"https:\/\/airrent.ge\/fr\/produit\/vibro-3d-multi-directional-anti-vibration-mount\/","title":{"rendered":"Vibro-3D : Support antivibratoire multidirectionnel"},"content":{"rendered":"<p><img loading=\"lazy\" decoding=\"async\" class=\"alignnone size-full wp-image-13540\" src=\"https:\/\/antivibration-systems.com\/wp-content\/uploads\/2024\/10\/Vibro-3D-selection-table-e1727971790312.jpg\" sizes=\"auto, (max-width: 700px) 100vw, 700px\" srcset=\"https:\/\/antivibration-systems.com\/wp-content\/uploads\/2024\/10\/Vibro-3D-selection-table-e1727971790312.jpg 700w, https:\/\/antivibration-systems.com\/wp-content\/uploads\/2024\/10\/Vibro-3D-selection-table-e1727971790312-291x300.jpg 291w, https:\/\/antivibration-systems.com\/wp-content\/uploads\/2024\/10\/Vibro-3D-selection-table-e1727971790312-24x24.jpg 24w, https:\/\/antivibration-systems.com\/wp-content\/uploads\/2024\/10\/Vibro-3D-selection-table-e1727971790312-48x48.jpg 48w\" alt=\"Vibro-3D selection table\" width=\"700\" height=\"721\" \/><\/p>\n<div class=\"border_grid photo_gallery \" data-rt-animate=\"animate\" data-rt-animation-type=\"fadeInDown\">\n<div class=\"row fixed_heights\">\n<div class=\"col col-sm-3 col-xs-12 \">\n<div><img decoding=\"async\" class=\"img-responsive\" src=\"https:\/\/antivibration-systems.com\/wp-content\/uploads\/2012\/10\/3D-katopsien.jpg\" alt=\"Vibro-3D \u2013 Plan View\" \/><\/div>\n<\/div>\n<div class=\"col col-sm-3 col-xs-12 \">\n<div><img decoding=\"async\" class=\"img-responsive\" src=\"https:\/\/antivibration-systems.com\/wp-content\/uploads\/2012\/10\/3D-tomien.jpg\" alt=\"Vibro-3D \u2013 Section\" \/><\/div>\n<\/div>\n<div class=\"col col-sm-3 col-xs-12 \">\n<div><img decoding=\"async\" class=\"img-responsive\" src=\"https:\/\/antivibration-systems.com\/wp-content\/uploads\/2012\/10\/3D-polykateuthintikien.jpg\" alt=\"Vibro-3D \u2013 Multidirectional load\" \/><\/div>\n<\/div>\n<\/div>\n<\/div>\n<p>La coque m\u00e9tallique galvanis\u00e9e de Vibro-3D prot\u00e8ge les pi\u00e8ces \u00e9lastiques internes des environnements corrosifs et assure ainsi la long\u00e9vit\u00e9 m\u00eame dans des conditions tr\u00e8s dures et corrosives. De plus, Vibro-3D r\u00e9pond \u00e0 des normes de s\u00e9curit\u00e9 \u00e9lev\u00e9es gr\u00e2ce \u00e0 sa conception unique qui, m\u00eame en cas d&rsquo;exposition \u00e0 des conditions destructrices (incendie) qui d\u00e9truiraient les pi\u00e8ces \u00e9lastiques internes, sa fixation sup\u00e9rieure, qui maintient le dispositif suspendu, ne c\u00e8de pas (Fail Safe).<\/p>\n<p>Vibro-3D couvre une large gamme de charges, en raison de sa capacit\u00e9 \u00e0 modifier la densit\u00e9 et la rigidit\u00e9 des mousses de polyur\u00e9thane internes, il a \u00e9galement la capacit\u00e9 de d\u00e9salignement angulaire jusqu&rsquo;\u00e0 150.<\/p>\n<p>Il est disponible avec une extr\u00e9mit\u00e9 femelle (type F), m\u00e2le (type \u039c) et avec une fixation sup\u00e9rieure femelle sp\u00e9ciale pour le montage (type SF).<\/p>\n<p>Vibro-3D peut \u00eatre utilis\u00e9 soit pour le montage, soit pour la suspension de charges respectives.<\/p>\n<p>Remarque : la charge maximale pour la force radiale doit \u00eatre de 15 % de la charge de montage.<\/p>\n","protected":false},"excerpt":{"rendered":"<p>Le nouveau support antivibratoire Vibro-3D peut supporter des \u00e9quipements vibrants lourds dans toutes les directions (x, y, z) et peut supporter des forces de tension, de compression et de cisaillement. Le principal mat\u00e9riau \u00e9lastique interne est la mousse de polyur\u00e9thane \u00e0 cellules semi-ferm\u00e9es.<\/p>\n<p>DESCRIPTION<\/p>\n<p>Le nouveau support antivibratoire Vibro-3D est l&rsquo;un des rares supports antivibratoires qui peut supporter des \u00e9quipements vibrants lourds dans toutes les directions (x, y, z) et peut supporter des forces de tension, de compression et de cisaillement.<br \/>\nLe support antivibratoire Vibro-3D est con\u00e7u pour supporter des charges impulsives dans les trois axes, il est donc capable de recevoir des chocs\/compressions verticaux ou lat\u00e9raux \u00e9lev\u00e9s avec un risque de destruction minimal.<br \/>\nLe principal mat\u00e9riau \u00e9lastique interne est la mousse de polyur\u00e9thane \u00e0 cellules semi-ferm\u00e9es, qui est produite en Allemagne par BSW sous la marque d\u00e9pos\u00e9e Regufoam\u00ae. La gamme compl\u00e8te de ses diagrammes de comportement m\u00e9canique, qui a \u00e9t\u00e9 r\u00e9alis\u00e9e \u00e0 l&rsquo;Universit\u00e9 de Dresde, est disponible sur demande.<\/p>\n<p>Support antivibratoire multidirectionnel Vibro-3D, adapt\u00e9 pour :<br \/>\nSuspension de tuyaux d&rsquo;\u00e9chappement.<br \/>\nAPPLICATIONS marines et a\u00e9ronautiques.<br \/>\nSupport de conduites de refroidissement au fr\u00e9on.<br \/>\nMontage de moteurs \u00e0 haut r\u00e9gime.<br \/>\nMontage d&rsquo;appareils \u00e9lectroniques.<br \/>\nSuspension et fixation murale de haut-parleurs.<br \/>\nProtection antisismique des machines.<br \/>\nR\u00e9gulation de la hauteur et montage<\/p>\n<p>Le support antivibratoire Vibro-3D est \u00e9quip\u00e9 d&rsquo;un dispositif de r\u00e9gulation de la hauteur r\u00e9sistant \u00e0 la rouille (Vibro-HR).<\/p>\n","protected":false},"featured_media":17307,"template":"","meta":[],"product_brand":[],"product_cat":[707],"product_tag":[],"class_list":{"0":"post-17322","1":"product","2":"type-product","3":"status-publish","4":"has-post-thumbnail","6":"product_cat-vibration-anti-bruit-acoustique-fr","8":"first","9":"instock","10":"shipping-taxable","11":"product-type-simple"},"yoast_head":"<!-- This site is optimized with the Yoast SEO plugin v27.1.1 - https:\/\/yoast.com\/product\/yoast-seo-wordpress\/ -->\n<title>Vibro-3D : Support antivibratoire multidirectionnel - AirRent.ge<\/title>\n<meta name=\"robots\" content=\"index, follow, max-snippet:-1, max-image-preview:large, max-video-preview:-1\" \/>\n<link rel=\"canonical\" href=\"https:\/\/airrent.ge\/fr\/produit\/vibro-3d-multi-directional-anti-vibration-mount\/\" \/>\n<meta property=\"og:locale\" content=\"fr_FR\" \/>\n<meta property=\"og:type\" content=\"article\" \/>\n<meta property=\"og:title\" content=\"Vibro-3D : Support antivibratoire multidirectionnel - AirRent.ge\" \/>\n<meta property=\"og:description\" content=\"Le nouveau support antivibratoire Vibro-3D peut supporter des \u00e9quipements vibrants lourds dans toutes les directions (x, y, z) et peut supporter des forces de tension, de compression et de cisaillement. Le principal mat\u00e9riau \u00e9lastique interne est la mousse de polyur\u00e9thane \u00e0 cellules semi-ferm\u00e9es.  DESCRIPTION  Le nouveau support antivibratoire Vibro-3D est l&#039;un des rares supports antivibratoires qui peut supporter des \u00e9quipements vibrants lourds dans toutes les directions (x, y, z) et peut supporter des forces de tension, de compression et de cisaillement. Le support antivibratoire Vibro-3D est con\u00e7u pour supporter des charges impulsives dans les trois axes, il est donc capable de recevoir des chocs\/compressions verticaux ou lat\u00e9raux \u00e9lev\u00e9s avec un risque de destruction minimal. Le principal mat\u00e9riau \u00e9lastique interne est la mousse de polyur\u00e9thane \u00e0 cellules semi-ferm\u00e9es, qui est produite en Allemagne par BSW sous la marque d\u00e9pos\u00e9e Regufoam\u00ae. La gamme compl\u00e8te de ses diagrammes de comportement m\u00e9canique, qui a \u00e9t\u00e9 r\u00e9alis\u00e9e \u00e0 l&#039;Universit\u00e9 de Dresde, est disponible sur demande.  Support antivibratoire multidirectionnel Vibro-3D, adapt\u00e9 pour : Suspension de tuyaux d&#039;\u00e9chappement. APPLICATIONS marines et a\u00e9ronautiques. Support de conduites de refroidissement au fr\u00e9on. Montage de moteurs \u00e0 haut r\u00e9gime. Montage d&#039;appareils \u00e9lectroniques. Suspension et fixation murale de haut-parleurs. Protection antisismique des machines. R\u00e9gulation de la hauteur et montage  Le support antivibratoire Vibro-3D est \u00e9quip\u00e9 d&#039;un dispositif de r\u00e9gulation de la hauteur r\u00e9sistant \u00e0 la rouille (Vibro-HR).\" \/>\n<meta property=\"og:url\" content=\"https:\/\/airrent.ge\/fr\/produit\/vibro-3d-multi-directional-anti-vibration-mount\/\" \/>\n<meta property=\"og:site_name\" content=\"AirRent.ge\" \/>\n<meta property=\"article:modified_time\" content=\"2025-02-07T12:45:35+00:00\" \/>\n<meta property=\"og:image\" content=\"https:\/\/airrent.ge\/wp-content\/uploads\/2025\/02\/3D-photo.jpg\" \/>\n\t<meta property=\"og:image:width\" content=\"280\" \/>\n\t<meta property=\"og:image:height\" content=\"210\" \/>\n\t<meta property=\"og:image:type\" content=\"image\/jpeg\" \/>\n<meta name=\"twitter:card\" content=\"summary_large_image\" \/>\n<meta name=\"twitter:label1\" content=\"Dur\u00e9e de lecture estim\u00e9e\" \/>\n\t<meta name=\"twitter:data1\" content=\"1 minute\" \/>\n<script type=\"application\/ld+json\" class=\"yoast-schema-graph\">{\"@context\":\"https:\/\/schema.org\",\"@graph\":[{\"@type\":\"WebPage\",\"@id\":\"https:\/\/airrent.ge\/fr\/produit\/vibro-3d-multi-directional-anti-vibration-mount\/\",\"url\":\"https:\/\/airrent.ge\/fr\/produit\/vibro-3d-multi-directional-anti-vibration-mount\/\",\"name\":\"Vibro-3D : Support antivibratoire multidirectionnel - AirRent.ge\",\"isPartOf\":{\"@id\":\"https:\/\/airrent.ge\/#website\"},\"primaryImageOfPage\":{\"@id\":\"https:\/\/airrent.ge\/fr\/produit\/vibro-3d-multi-directional-anti-vibration-mount\/#primaryimage\"},\"image\":{\"@id\":\"https:\/\/airrent.ge\/fr\/produit\/vibro-3d-multi-directional-anti-vibration-mount\/#primaryimage\"},\"thumbnailUrl\":\"https:\/\/airrent.ge\/wp-content\/uploads\/2025\/02\/3D-photo.jpg\",\"datePublished\":\"2025-02-07T12:33:55+00:00\",\"dateModified\":\"2025-02-07T12:45:35+00:00\",\"breadcrumb\":{\"@id\":\"https:\/\/airrent.ge\/fr\/produit\/vibro-3d-multi-directional-anti-vibration-mount\/#breadcrumb\"},\"inLanguage\":\"fr-FR\",\"potentialAction\":[{\"@type\":\"ReadAction\",\"target\":[\"https:\/\/airrent.ge\/fr\/produit\/vibro-3d-multi-directional-anti-vibration-mount\/\"]}]},{\"@type\":\"ImageObject\",\"inLanguage\":\"fr-FR\",\"@id\":\"https:\/\/airrent.ge\/fr\/produit\/vibro-3d-multi-directional-anti-vibration-mount\/#primaryimage\",\"url\":\"https:\/\/airrent.ge\/wp-content\/uploads\/2025\/02\/3D-photo.jpg\",\"contentUrl\":\"https:\/\/airrent.ge\/wp-content\/uploads\/2025\/02\/3D-photo.jpg\",\"width\":280,\"height\":210},{\"@type\":\"BreadcrumbList\",\"@id\":\"https:\/\/airrent.ge\/fr\/produit\/vibro-3d-multi-directional-anti-vibration-mount\/#breadcrumb\",\"itemListElement\":[{\"@type\":\"ListItem\",\"position\":1,\"name\":\"Home\",\"item\":\"https:\/\/airrent.ge\/fr\/home\/\"},{\"@type\":\"ListItem\",\"position\":2,\"name\":\"Products\",\"item\":\"https:\/\/airrent.ge\/fr\/products\/\"},{\"@type\":\"ListItem\",\"position\":3,\"name\":\"Vibro-3D : Support antivibratoire multidirectionnel\"}]},{\"@type\":\"WebSite\",\"@id\":\"https:\/\/airrent.ge\/#website\",\"url\":\"https:\/\/airrent.ge\/\",\"name\":\"airrent.ge\",\"description\":\"Rental Services\",\"publisher\":{\"@id\":\"https:\/\/airrent.ge\/#organization\"},\"potentialAction\":[{\"@type\":\"SearchAction\",\"target\":{\"@type\":\"EntryPoint\",\"urlTemplate\":\"https:\/\/airrent.ge\/?s={search_term_string}\"},\"query-input\":{\"@type\":\"PropertyValueSpecification\",\"valueRequired\":true,\"valueName\":\"search_term_string\"}}],\"inLanguage\":\"fr-FR\"},{\"@type\":\"Organization\",\"@id\":\"https:\/\/airrent.ge\/#organization\",\"name\":\"airrent.ge\",\"url\":\"https:\/\/airrent.ge\/\",\"logo\":{\"@type\":\"ImageObject\",\"inLanguage\":\"fr-FR\",\"@id\":\"https:\/\/airrent.ge\/#\/schema\/logo\/image\/\",\"url\":\"https:\/\/airrent.ge\/wp-content\/uploads\/2026\/03\/airrent.png\",\"contentUrl\":\"https:\/\/airrent.ge\/wp-content\/uploads\/2026\/03\/airrent.png\",\"width\":1536,\"height\":1024,\"caption\":\"airrent.ge\"},\"image\":{\"@id\":\"https:\/\/airrent.ge\/#\/schema\/logo\/image\/\"}}]}<\/script>\n<!-- \/ Yoast SEO plugin. -->","yoast_head_json":{"title":"Vibro-3D : Support antivibratoire multidirectionnel - AirRent.ge","robots":{"index":"index","follow":"follow","max-snippet":"max-snippet:-1","max-image-preview":"max-image-preview:large","max-video-preview":"max-video-preview:-1"},"canonical":"https:\/\/airrent.ge\/fr\/produit\/vibro-3d-multi-directional-anti-vibration-mount\/","og_locale":"fr_FR","og_type":"article","og_title":"Vibro-3D : Support antivibratoire multidirectionnel - AirRent.ge","og_description":"Le nouveau support antivibratoire Vibro-3D peut supporter des \u00e9quipements vibrants lourds dans toutes les directions (x, y, z) et peut supporter des forces de tension, de compression et de cisaillement. Le principal mat\u00e9riau \u00e9lastique interne est la mousse de polyur\u00e9thane \u00e0 cellules semi-ferm\u00e9es.  DESCRIPTION  Le nouveau support antivibratoire Vibro-3D est l'un des rares supports antivibratoires qui peut supporter des \u00e9quipements vibrants lourds dans toutes les directions (x, y, z) et peut supporter des forces de tension, de compression et de cisaillement. Le support antivibratoire Vibro-3D est con\u00e7u pour supporter des charges impulsives dans les trois axes, il est donc capable de recevoir des chocs\/compressions verticaux ou lat\u00e9raux \u00e9lev\u00e9s avec un risque de destruction minimal. Le principal mat\u00e9riau \u00e9lastique interne est la mousse de polyur\u00e9thane \u00e0 cellules semi-ferm\u00e9es, qui est produite en Allemagne par BSW sous la marque d\u00e9pos\u00e9e Regufoam\u00ae. La gamme compl\u00e8te de ses diagrammes de comportement m\u00e9canique, qui a \u00e9t\u00e9 r\u00e9alis\u00e9e \u00e0 l'Universit\u00e9 de Dresde, est disponible sur demande.  Support antivibratoire multidirectionnel Vibro-3D, adapt\u00e9 pour : Suspension de tuyaux d'\u00e9chappement. APPLICATIONS marines et a\u00e9ronautiques. Support de conduites de refroidissement au fr\u00e9on. Montage de moteurs \u00e0 haut r\u00e9gime. Montage d'appareils \u00e9lectroniques. Suspension et fixation murale de haut-parleurs. Protection antisismique des machines. R\u00e9gulation de la hauteur et montage  Le support antivibratoire Vibro-3D est \u00e9quip\u00e9 d'un dispositif de r\u00e9gulation de la hauteur r\u00e9sistant \u00e0 la rouille (Vibro-HR).","og_url":"https:\/\/airrent.ge\/fr\/produit\/vibro-3d-multi-directional-anti-vibration-mount\/","og_site_name":"AirRent.ge","article_modified_time":"2025-02-07T12:45:35+00:00","og_image":[{"width":280,"height":210,"url":"https:\/\/airrent.ge\/wp-content\/uploads\/2025\/02\/3D-photo.jpg","type":"image\/jpeg"}],"twitter_card":"summary_large_image","twitter_misc":{"Dur\u00e9e de lecture estim\u00e9e":"1 minute"},"schema":{"@context":"https:\/\/schema.org","@graph":[{"@type":"WebPage","@id":"https:\/\/airrent.ge\/fr\/produit\/vibro-3d-multi-directional-anti-vibration-mount\/","url":"https:\/\/airrent.ge\/fr\/produit\/vibro-3d-multi-directional-anti-vibration-mount\/","name":"Vibro-3D : Support antivibratoire multidirectionnel - AirRent.ge","isPartOf":{"@id":"https:\/\/airrent.ge\/#website"},"primaryImageOfPage":{"@id":"https:\/\/airrent.ge\/fr\/produit\/vibro-3d-multi-directional-anti-vibration-mount\/#primaryimage"},"image":{"@id":"https:\/\/airrent.ge\/fr\/produit\/vibro-3d-multi-directional-anti-vibration-mount\/#primaryimage"},"thumbnailUrl":"https:\/\/airrent.ge\/wp-content\/uploads\/2025\/02\/3D-photo.jpg","datePublished":"2025-02-07T12:33:55+00:00","dateModified":"2025-02-07T12:45:35+00:00","breadcrumb":{"@id":"https:\/\/airrent.ge\/fr\/produit\/vibro-3d-multi-directional-anti-vibration-mount\/#breadcrumb"},"inLanguage":"fr-FR","potentialAction":[{"@type":"ReadAction","target":["https:\/\/airrent.ge\/fr\/produit\/vibro-3d-multi-directional-anti-vibration-mount\/"]}]},{"@type":"ImageObject","inLanguage":"fr-FR","@id":"https:\/\/airrent.ge\/fr\/produit\/vibro-3d-multi-directional-anti-vibration-mount\/#primaryimage","url":"https:\/\/airrent.ge\/wp-content\/uploads\/2025\/02\/3D-photo.jpg","contentUrl":"https:\/\/airrent.ge\/wp-content\/uploads\/2025\/02\/3D-photo.jpg","width":280,"height":210},{"@type":"BreadcrumbList","@id":"https:\/\/airrent.ge\/fr\/produit\/vibro-3d-multi-directional-anti-vibration-mount\/#breadcrumb","itemListElement":[{"@type":"ListItem","position":1,"name":"Home","item":"https:\/\/airrent.ge\/fr\/home\/"},{"@type":"ListItem","position":2,"name":"Products","item":"https:\/\/airrent.ge\/fr\/products\/"},{"@type":"ListItem","position":3,"name":"Vibro-3D : Support antivibratoire multidirectionnel"}]},{"@type":"WebSite","@id":"https:\/\/airrent.ge\/#website","url":"https:\/\/airrent.ge\/","name":"airrent.ge","description":"Rental Services","publisher":{"@id":"https:\/\/airrent.ge\/#organization"},"potentialAction":[{"@type":"SearchAction","target":{"@type":"EntryPoint","urlTemplate":"https:\/\/airrent.ge\/?s={search_term_string}"},"query-input":{"@type":"PropertyValueSpecification","valueRequired":true,"valueName":"search_term_string"}}],"inLanguage":"fr-FR"},{"@type":"Organization","@id":"https:\/\/airrent.ge\/#organization","name":"airrent.ge","url":"https:\/\/airrent.ge\/","logo":{"@type":"ImageObject","inLanguage":"fr-FR","@id":"https:\/\/airrent.ge\/#\/schema\/logo\/image\/","url":"https:\/\/airrent.ge\/wp-content\/uploads\/2026\/03\/airrent.png","contentUrl":"https:\/\/airrent.ge\/wp-content\/uploads\/2026\/03\/airrent.png","width":1536,"height":1024,"caption":"airrent.ge"},"image":{"@id":"https:\/\/airrent.ge\/#\/schema\/logo\/image\/"}}]}},"_links":{"self":[{"href":"https:\/\/airrent.ge\/fr\/wp-json\/wp\/v2\/product\/17322","targetHints":{"allow":["GET"]}}],"collection":[{"href":"https:\/\/airrent.ge\/fr\/wp-json\/wp\/v2\/product"}],"about":[{"href":"https:\/\/airrent.ge\/fr\/wp-json\/wp\/v2\/types\/product"}],"wp:featuredmedia":[{"embeddable":true,"href":"https:\/\/airrent.ge\/fr\/wp-json\/wp\/v2\/media\/17307"}],"wp:attachment":[{"href":"https:\/\/airrent.ge\/fr\/wp-json\/wp\/v2\/media?parent=17322"}],"wp:term":[{"taxonomy":"product_brand","embeddable":true,"href":"https:\/\/airrent.ge\/fr\/wp-json\/wp\/v2\/product_brand?post=17322"},{"taxonomy":"product_cat","embeddable":true,"href":"https:\/\/airrent.ge\/fr\/wp-json\/wp\/v2\/product_cat?post=17322"},{"taxonomy":"product_tag","embeddable":true,"href":"https:\/\/airrent.ge\/fr\/wp-json\/wp\/v2\/product_tag?post=17322"}],"curies":[{"name":"wp","href":"https:\/\/api.w.org\/{rel}","templated":true}]}}