{"id":17778,"date":"2025-02-07T20:11:55","date_gmt":"2025-02-07T16:11:55","guid":{"rendered":"https:\/\/airsystems.ge\/shop\/product\/vibro-ls-f-anti-vibration-load-suspension-with-regufoam\/"},"modified":"2025-02-07T20:13:50","modified_gmt":"2025-02-07T16:13:50","slug":"vibro-ls-f-anti-vibration-load-suspension-with-regufoam","status":"publish","type":"product","link":"https:\/\/airrent.ge\/fr\/produit\/vibro-ls-f-anti-vibration-load-suspension-with-regufoam\/","title":{"rendered":"Vibro-LS.F : Suspension anti-vibratoire de charges avec Regufoam\u00ae"},"content":{"rendered":"<h5><strong>Selection Table:<\/strong><\/h5>\n<table class=\"tg\">\n<thead>\n<tr>\n<th class=\"tg-amwm\">TYPE<\/th>\n<th class=\"tg-amwm\">COLOUR CODE<\/th>\n<th class=\"tg-amwm\">MAX AXIAL RESTRAINT (daN)<\/th>\n<\/tr>\n<\/thead>\n<tbody>\n<tr>\n<td class=\"tg-baqh\">Vibro-LS.F 10<\/td>\n<td class=\"tg-baqh\">Black<\/td>\n<td class=\"tg-baqh\">10<\/td>\n<\/tr>\n<tr>\n<td class=\"tg-baqh\">Vibro-LS.F 20<\/td>\n<td class=\"tg-baqh\">Grey<\/td>\n<td class=\"tg-baqh\">20<\/td>\n<\/tr>\n<tr>\n<td class=\"tg-baqh\">Vibro-LS.F 40<\/td>\n<td class=\"tg-baqh\">Beige<\/td>\n<td class=\"tg-baqh\">40<\/td>\n<\/tr>\n<\/tbody>\n<\/table>\n<p><strong>Dynamic Characteristics:<\/strong><\/p>\n<p>Natural frequency (at maximum load) :<br \/>\n\u2013 14 Hz (12.5mm foam thickness)<br \/>\n\u2013 10 Hz (25mm foam thickness)<\/p>\n","protected":false},"excerpt":{"rendered":"<p>Les suspensions anti-vibratoires pour plafonds et suspensions de charges sont utilis\u00e9es pour la suspension de faux plafonds flottants avec plaques de pl\u00e2tre, la suspension anti-vibratoire de machines, etc. Le principal mat\u00e9riau \u00e9lastique interne est la mousse de polyur\u00e9thane \u00e0 cellules semi-ferm\u00e9es.<\/p>\n<p>Les suspensions anti-vibratoires pour plafonds Vibro-LS.F sont utilis\u00e9es pour la suspension de charges (forces verticales) telles que la suspension de faux plafonds flottants avec plaques de pl\u00e2tre, la suspension anti-vibratoire de machines (ventilateurs, climatiseurs, etc.), la suspension anti-vibratoire de tuyaux, conduits d&rsquo;air, etc.<\/p>\n<p>Vibro-LS.F se compose d&rsquo;un cadre m\u00e9tallique galvanis\u00e9, sp\u00e9cialement modul\u00e9 pour la suspension de charges. Au milieu, il y a une mousse de polyur\u00e9thane de haute qualit\u00e9 \u00e0 cellules semi-ferm\u00e9es, sous la marque Regufoam\u00ae, qui \u00e9vite la transmission des vibrations tout en offrant des r\u00e9sultats acoustiques optimaux. Son assemblage m\u00e9tallique est une structure \u00ab \u00e0 s\u00e9curit\u00e9 int\u00e9gr\u00e9e \u00bb dans les applications de r\u00e9sistance au feu et aux chocs. La vis traversante n&rsquo;entre pas en contact avec le cadre m\u00e9tallique, de sorte qu&rsquo;aucun pont sonore n&rsquo;est cr\u00e9\u00e9.<\/p>\n<p>\u00c0 sa base, il est \u00e9quip\u00e9 de deux trous ovales pour faciliter l&rsquo;installation.<\/p>\n","protected":false},"featured_media":17755,"template":"","meta":[],"product_brand":[],"product_cat":[707],"product_tag":[],"class_list":{"0":"post-17778","1":"product","2":"type-product","3":"status-publish","4":"has-post-thumbnail","6":"product_cat-vibration-anti-bruit-acoustique-fr","8":"first","9":"instock","10":"shipping-taxable","11":"product-type-simple"},"yoast_head":"<!-- This site is optimized with the Yoast SEO plugin v27.1.1 - https:\/\/yoast.com\/product\/yoast-seo-wordpress\/ -->\n<title>Vibro-LS.F : Suspension anti-vibratoire de charges avec Regufoam\u00ae - AirRent.ge<\/title>\n<meta name=\"robots\" content=\"index, follow, max-snippet:-1, max-image-preview:large, max-video-preview:-1\" \/>\n<link rel=\"canonical\" href=\"https:\/\/airrent.ge\/fr\/produit\/vibro-ls-f-anti-vibration-load-suspension-with-regufoam\/\" \/>\n<meta property=\"og:locale\" content=\"fr_FR\" \/>\n<meta property=\"og:type\" content=\"article\" \/>\n<meta property=\"og:title\" content=\"Vibro-LS.F : Suspension anti-vibratoire de charges avec Regufoam\u00ae - AirRent.ge\" \/>\n<meta property=\"og:description\" content=\"Les suspensions anti-vibratoires pour plafonds et suspensions de charges sont utilis\u00e9es pour la suspension de faux plafonds flottants avec plaques de pl\u00e2tre, la suspension anti-vibratoire de machines, etc. Le principal mat\u00e9riau \u00e9lastique interne est la mousse de polyur\u00e9thane \u00e0 cellules semi-ferm\u00e9es.  Les suspensions anti-vibratoires pour plafonds Vibro-LS.F sont utilis\u00e9es pour la suspension de charges (forces verticales) telles que la suspension de faux plafonds flottants avec plaques de pl\u00e2tre, la suspension anti-vibratoire de machines (ventilateurs, climatiseurs, etc.), la suspension anti-vibratoire de tuyaux, conduits d&#039;air, etc.  Vibro-LS.F se compose d&#039;un cadre m\u00e9tallique galvanis\u00e9, sp\u00e9cialement modul\u00e9 pour la suspension de charges. Au milieu, il y a une mousse de polyur\u00e9thane de haute qualit\u00e9 \u00e0 cellules semi-ferm\u00e9es, sous la marque Regufoam\u00ae, qui \u00e9vite la transmission des vibrations tout en offrant des r\u00e9sultats acoustiques optimaux. Son assemblage m\u00e9tallique est une structure \u00ab \u00e0 s\u00e9curit\u00e9 int\u00e9gr\u00e9e \u00bb dans les applications de r\u00e9sistance au feu et aux chocs. La vis traversante n&#039;entre pas en contact avec le cadre m\u00e9tallique, de sorte qu&#039;aucun pont sonore n&#039;est cr\u00e9\u00e9.  \u00c0 sa base, il est \u00e9quip\u00e9 de deux trous ovales pour faciliter l&#039;installation.\" \/>\n<meta property=\"og:url\" content=\"https:\/\/airrent.ge\/fr\/produit\/vibro-ls-f-anti-vibration-load-suspension-with-regufoam\/\" \/>\n<meta property=\"og:site_name\" content=\"AirRent.ge\" \/>\n<meta property=\"article:modified_time\" content=\"2025-02-07T16:13:50+00:00\" \/>\n<meta property=\"og:image\" content=\"https:\/\/airrent.ge\/wp-content\/uploads\/2025\/02\/Vibro-LS.F-12mm.jpg\" \/>\n\t<meta property=\"og:image:width\" content=\"1280\" \/>\n\t<meta property=\"og:image:height\" content=\"1024\" \/>\n\t<meta property=\"og:image:type\" content=\"image\/jpeg\" \/>\n<meta name=\"twitter:card\" content=\"summary_large_image\" \/>\n<script type=\"application\/ld+json\" class=\"yoast-schema-graph\">{\"@context\":\"https:\/\/schema.org\",\"@graph\":[{\"@type\":\"WebPage\",\"@id\":\"https:\/\/airrent.ge\/fr\/produit\/vibro-ls-f-anti-vibration-load-suspension-with-regufoam\/\",\"url\":\"https:\/\/airrent.ge\/fr\/produit\/vibro-ls-f-anti-vibration-load-suspension-with-regufoam\/\",\"name\":\"Vibro-LS.F : Suspension anti-vibratoire de charges avec Regufoam\u00ae - AirRent.ge\",\"isPartOf\":{\"@id\":\"https:\/\/airrent.ge\/#website\"},\"primaryImageOfPage\":{\"@id\":\"https:\/\/airrent.ge\/fr\/produit\/vibro-ls-f-anti-vibration-load-suspension-with-regufoam\/#primaryimage\"},\"image\":{\"@id\":\"https:\/\/airrent.ge\/fr\/produit\/vibro-ls-f-anti-vibration-load-suspension-with-regufoam\/#primaryimage\"},\"thumbnailUrl\":\"https:\/\/airrent.ge\/wp-content\/uploads\/2025\/02\/Vibro-LS.F-12mm.jpg\",\"datePublished\":\"2025-02-07T16:11:55+00:00\",\"dateModified\":\"2025-02-07T16:13:50+00:00\",\"breadcrumb\":{\"@id\":\"https:\/\/airrent.ge\/fr\/produit\/vibro-ls-f-anti-vibration-load-suspension-with-regufoam\/#breadcrumb\"},\"inLanguage\":\"fr-FR\",\"potentialAction\":[{\"@type\":\"ReadAction\",\"target\":[\"https:\/\/airrent.ge\/fr\/produit\/vibro-ls-f-anti-vibration-load-suspension-with-regufoam\/\"]}]},{\"@type\":\"ImageObject\",\"inLanguage\":\"fr-FR\",\"@id\":\"https:\/\/airrent.ge\/fr\/produit\/vibro-ls-f-anti-vibration-load-suspension-with-regufoam\/#primaryimage\",\"url\":\"https:\/\/airrent.ge\/wp-content\/uploads\/2025\/02\/Vibro-LS.F-12mm.jpg\",\"contentUrl\":\"https:\/\/airrent.ge\/wp-content\/uploads\/2025\/02\/Vibro-LS.F-12mm.jpg\",\"width\":1280,\"height\":1024},{\"@type\":\"BreadcrumbList\",\"@id\":\"https:\/\/airrent.ge\/fr\/produit\/vibro-ls-f-anti-vibration-load-suspension-with-regufoam\/#breadcrumb\",\"itemListElement\":[{\"@type\":\"ListItem\",\"position\":1,\"name\":\"Home\",\"item\":\"https:\/\/airrent.ge\/fr\/home\/\"},{\"@type\":\"ListItem\",\"position\":2,\"name\":\"Products\",\"item\":\"https:\/\/airrent.ge\/fr\/products\/\"},{\"@type\":\"ListItem\",\"position\":3,\"name\":\"Vibro-LS.F : Suspension anti-vibratoire de charges avec Regufoam\u00ae\"}]},{\"@type\":\"WebSite\",\"@id\":\"https:\/\/airrent.ge\/#website\",\"url\":\"https:\/\/airrent.ge\/\",\"name\":\"airrent.ge\",\"description\":\"Rental Services\",\"publisher\":{\"@id\":\"https:\/\/airrent.ge\/#organization\"},\"potentialAction\":[{\"@type\":\"SearchAction\",\"target\":{\"@type\":\"EntryPoint\",\"urlTemplate\":\"https:\/\/airrent.ge\/?s={search_term_string}\"},\"query-input\":{\"@type\":\"PropertyValueSpecification\",\"valueRequired\":true,\"valueName\":\"search_term_string\"}}],\"inLanguage\":\"fr-FR\"},{\"@type\":\"Organization\",\"@id\":\"https:\/\/airrent.ge\/#organization\",\"name\":\"airrent.ge\",\"url\":\"https:\/\/airrent.ge\/\",\"logo\":{\"@type\":\"ImageObject\",\"inLanguage\":\"fr-FR\",\"@id\":\"https:\/\/airrent.ge\/#\/schema\/logo\/image\/\",\"url\":\"https:\/\/airrent.ge\/wp-content\/uploads\/2026\/03\/airrent.png\",\"contentUrl\":\"https:\/\/airrent.ge\/wp-content\/uploads\/2026\/03\/airrent.png\",\"width\":1536,\"height\":1024,\"caption\":\"airrent.ge\"},\"image\":{\"@id\":\"https:\/\/airrent.ge\/#\/schema\/logo\/image\/\"}}]}<\/script>\n<!-- \/ Yoast SEO plugin. -->","yoast_head_json":{"title":"Vibro-LS.F : Suspension anti-vibratoire de charges avec Regufoam\u00ae - AirRent.ge","robots":{"index":"index","follow":"follow","max-snippet":"max-snippet:-1","max-image-preview":"max-image-preview:large","max-video-preview":"max-video-preview:-1"},"canonical":"https:\/\/airrent.ge\/fr\/produit\/vibro-ls-f-anti-vibration-load-suspension-with-regufoam\/","og_locale":"fr_FR","og_type":"article","og_title":"Vibro-LS.F : Suspension anti-vibratoire de charges avec Regufoam\u00ae - AirRent.ge","og_description":"Les suspensions anti-vibratoires pour plafonds et suspensions de charges sont utilis\u00e9es pour la suspension de faux plafonds flottants avec plaques de pl\u00e2tre, la suspension anti-vibratoire de machines, etc. Le principal mat\u00e9riau \u00e9lastique interne est la mousse de polyur\u00e9thane \u00e0 cellules semi-ferm\u00e9es.  Les suspensions anti-vibratoires pour plafonds Vibro-LS.F sont utilis\u00e9es pour la suspension de charges (forces verticales) telles que la suspension de faux plafonds flottants avec plaques de pl\u00e2tre, la suspension anti-vibratoire de machines (ventilateurs, climatiseurs, etc.), la suspension anti-vibratoire de tuyaux, conduits d'air, etc.  Vibro-LS.F se compose d'un cadre m\u00e9tallique galvanis\u00e9, sp\u00e9cialement modul\u00e9 pour la suspension de charges. Au milieu, il y a une mousse de polyur\u00e9thane de haute qualit\u00e9 \u00e0 cellules semi-ferm\u00e9es, sous la marque Regufoam\u00ae, qui \u00e9vite la transmission des vibrations tout en offrant des r\u00e9sultats acoustiques optimaux. Son assemblage m\u00e9tallique est une structure \u00ab \u00e0 s\u00e9curit\u00e9 int\u00e9gr\u00e9e \u00bb dans les applications de r\u00e9sistance au feu et aux chocs. La vis traversante n'entre pas en contact avec le cadre m\u00e9tallique, de sorte qu'aucun pont sonore n'est cr\u00e9\u00e9.  \u00c0 sa base, il est \u00e9quip\u00e9 de deux trous ovales pour faciliter l'installation.","og_url":"https:\/\/airrent.ge\/fr\/produit\/vibro-ls-f-anti-vibration-load-suspension-with-regufoam\/","og_site_name":"AirRent.ge","article_modified_time":"2025-02-07T16:13:50+00:00","og_image":[{"width":1280,"height":1024,"url":"https:\/\/airrent.ge\/wp-content\/uploads\/2025\/02\/Vibro-LS.F-12mm.jpg","type":"image\/jpeg"}],"twitter_card":"summary_large_image","schema":{"@context":"https:\/\/schema.org","@graph":[{"@type":"WebPage","@id":"https:\/\/airrent.ge\/fr\/produit\/vibro-ls-f-anti-vibration-load-suspension-with-regufoam\/","url":"https:\/\/airrent.ge\/fr\/produit\/vibro-ls-f-anti-vibration-load-suspension-with-regufoam\/","name":"Vibro-LS.F : Suspension anti-vibratoire de charges avec Regufoam\u00ae - AirRent.ge","isPartOf":{"@id":"https:\/\/airrent.ge\/#website"},"primaryImageOfPage":{"@id":"https:\/\/airrent.ge\/fr\/produit\/vibro-ls-f-anti-vibration-load-suspension-with-regufoam\/#primaryimage"},"image":{"@id":"https:\/\/airrent.ge\/fr\/produit\/vibro-ls-f-anti-vibration-load-suspension-with-regufoam\/#primaryimage"},"thumbnailUrl":"https:\/\/airrent.ge\/wp-content\/uploads\/2025\/02\/Vibro-LS.F-12mm.jpg","datePublished":"2025-02-07T16:11:55+00:00","dateModified":"2025-02-07T16:13:50+00:00","breadcrumb":{"@id":"https:\/\/airrent.ge\/fr\/produit\/vibro-ls-f-anti-vibration-load-suspension-with-regufoam\/#breadcrumb"},"inLanguage":"fr-FR","potentialAction":[{"@type":"ReadAction","target":["https:\/\/airrent.ge\/fr\/produit\/vibro-ls-f-anti-vibration-load-suspension-with-regufoam\/"]}]},{"@type":"ImageObject","inLanguage":"fr-FR","@id":"https:\/\/airrent.ge\/fr\/produit\/vibro-ls-f-anti-vibration-load-suspension-with-regufoam\/#primaryimage","url":"https:\/\/airrent.ge\/wp-content\/uploads\/2025\/02\/Vibro-LS.F-12mm.jpg","contentUrl":"https:\/\/airrent.ge\/wp-content\/uploads\/2025\/02\/Vibro-LS.F-12mm.jpg","width":1280,"height":1024},{"@type":"BreadcrumbList","@id":"https:\/\/airrent.ge\/fr\/produit\/vibro-ls-f-anti-vibration-load-suspension-with-regufoam\/#breadcrumb","itemListElement":[{"@type":"ListItem","position":1,"name":"Home","item":"https:\/\/airrent.ge\/fr\/home\/"},{"@type":"ListItem","position":2,"name":"Products","item":"https:\/\/airrent.ge\/fr\/products\/"},{"@type":"ListItem","position":3,"name":"Vibro-LS.F : Suspension anti-vibratoire de charges avec Regufoam\u00ae"}]},{"@type":"WebSite","@id":"https:\/\/airrent.ge\/#website","url":"https:\/\/airrent.ge\/","name":"airrent.ge","description":"Rental Services","publisher":{"@id":"https:\/\/airrent.ge\/#organization"},"potentialAction":[{"@type":"SearchAction","target":{"@type":"EntryPoint","urlTemplate":"https:\/\/airrent.ge\/?s={search_term_string}"},"query-input":{"@type":"PropertyValueSpecification","valueRequired":true,"valueName":"search_term_string"}}],"inLanguage":"fr-FR"},{"@type":"Organization","@id":"https:\/\/airrent.ge\/#organization","name":"airrent.ge","url":"https:\/\/airrent.ge\/","logo":{"@type":"ImageObject","inLanguage":"fr-FR","@id":"https:\/\/airrent.ge\/#\/schema\/logo\/image\/","url":"https:\/\/airrent.ge\/wp-content\/uploads\/2026\/03\/airrent.png","contentUrl":"https:\/\/airrent.ge\/wp-content\/uploads\/2026\/03\/airrent.png","width":1536,"height":1024,"caption":"airrent.ge"},"image":{"@id":"https:\/\/airrent.ge\/#\/schema\/logo\/image\/"}}]}},"_links":{"self":[{"href":"https:\/\/airrent.ge\/fr\/wp-json\/wp\/v2\/product\/17778","targetHints":{"allow":["GET"]}}],"collection":[{"href":"https:\/\/airrent.ge\/fr\/wp-json\/wp\/v2\/product"}],"about":[{"href":"https:\/\/airrent.ge\/fr\/wp-json\/wp\/v2\/types\/product"}],"wp:featuredmedia":[{"embeddable":true,"href":"https:\/\/airrent.ge\/fr\/wp-json\/wp\/v2\/media\/17755"}],"wp:attachment":[{"href":"https:\/\/airrent.ge\/fr\/wp-json\/wp\/v2\/media?parent=17778"}],"wp:term":[{"taxonomy":"product_brand","embeddable":true,"href":"https:\/\/airrent.ge\/fr\/wp-json\/wp\/v2\/product_brand?post=17778"},{"taxonomy":"product_cat","embeddable":true,"href":"https:\/\/airrent.ge\/fr\/wp-json\/wp\/v2\/product_cat?post=17778"},{"taxonomy":"product_tag","embeddable":true,"href":"https:\/\/airrent.ge\/fr\/wp-json\/wp\/v2\/product_tag?post=17778"}],"curies":[{"name":"wp","href":"https:\/\/api.w.org\/{rel}","templated":true}]}}