{"id":17855,"date":"2025-02-07T20:31:13","date_gmt":"2025-02-07T16:31:13","guid":{"rendered":"https:\/\/airsystems.ge\/shop\/product\/vibro-pi-mini-sound-insulation-suspension-for-gypsum-board-ceilings\/"},"modified":"2025-02-07T20:41:17","modified_gmt":"2025-02-07T16:41:17","slug":"vibro-pi-mini-sound-insulation-suspension-for-gypsum-board-ceilings","status":"publish","type":"product","link":"https:\/\/airrent.ge\/fr\/produit\/vibro-pi-mini-sound-insulation-suspension-for-gypsum-board-ceilings\/","title":{"rendered":"Vibro-Pi mini : Suspension d&rsquo;isolation acoustique pour plafonds en plaques de pl\u00e2tre"},"content":{"rendered":"<p>20 daN for every suspension.<\/p>\n<p>The anchor of suspension must be perpendicular.<\/p>\n<p><strong>Dynamic Characteristics<\/strong><\/p>\n<p>Natural frequency over 10Hz.<\/p>\n","protected":false},"excerpt":{"rendered":"<p>Suspension de plafonds en plaques de pl\u00e2tre insonorisantes. Elle peut \u00eatre utilis\u00e9e dans toutes les applications de plafonds flottants.<\/p>\n<p>DESCRIPTION<\/p>\n<p>La suspension d&rsquo;isolation acoustique Vibro-Pi mini est utilis\u00e9e pour suspendre des plafonds insonorisants (plaques de pl\u00e2tre), suspendre des conduits d&rsquo;air, etc. La conception du profil m\u00e9tallique avec ses bords peut \u00eatre facilement coup\u00e9e ou pli\u00e9e en diff\u00e9rentes longueurs pour obtenir des niveaux in\u00e9gaux du plafond flottant si n\u00e9cessaire.<br \/>\nVibro-Pi mini se compose d&rsquo;un cadre m\u00e9tallique en t\u00f4le galvanis\u00e9e correctement form\u00e9e. Un support sp\u00e9cial en caoutchouc anti-vibration (Vibro-mini) est plac\u00e9 sur la partie sup\u00e9rieure. \u00c0 travers le support en caoutchouc, une vis M6 (non incluse) est utilis\u00e9e qui peut \u00eatre ancr\u00e9e au plafond.<br \/>\nLe support anti-vibration en caoutchouc Vibro-mini est le r\u00e9sultat d&rsquo;une recherche sp\u00e9cialis\u00e9e r\u00e9alis\u00e9e \u00e0 partir d&rsquo;un compos\u00e9 de caoutchouc de haute qualit\u00e9 avec un tr\u00e8s bon rapport d\u00e9flexion\/charge pour un excellent contr\u00f4le des vibrations. Le profil m\u00e9tallique est sp\u00e9cialement perfor\u00e9, ce qui permet de le couper facilement \u00e0 diff\u00e9rentes longueurs afin de couvrir les besoins du projet.<\/p>\n<p>Installation<\/p>\n<p>Lors de l&rsquo;installation d&rsquo;un faux plafond en plaques de pl\u00e2tre \u00e0 l&rsquo;aide du support antivibratoire Vibro-Pi mini<br \/>\nla proc\u00e9dure suivante est suivie\u00a0:<br \/>\n\u2022 Marquez les points de suspension du faux plafond.<br \/>\n\u2022 Percez des trous jusqu&rsquo;\u00e0 \u00d88 dans le plafond.<br \/>\n\u2022 Pr\u00e9parez le Vibro-Pi mini sans lui donner la forme \u03a0<br \/>\n\u2022 Vissez les boulons ou les tiges.<br \/>\n\u2022 Pliez les deux rabats lat\u00e9raux de mani\u00e8re \u00e0 cr\u00e9er une forme \u03a0.<br \/>\n\u2022 Vissez et accrochez le profil m\u00e9tallique sur les deux c\u00f4t\u00e9s du Vibro-Pi mini.<\/p>\n<p>APPLICATIONS<\/p>\n<p>Suspension de plafonds en plaques de pl\u00e2tre \u00e0 isolation phonique.<br \/>\nSuspension antivibratoire de conduits d&rsquo;air, etc.<br \/>\nCARACT\u00c9RISTIQUES DYNAMIQUES<\/p>\n<p>Charge maximale\u00a0: 20 daN<br \/>\nFr\u00e9quence naturelle\u00a0: 15 Hz<\/p>\n","protected":false},"featured_media":17844,"template":"","meta":[],"product_brand":[],"product_cat":[707],"product_tag":[],"class_list":{"0":"post-17855","1":"product","2":"type-product","3":"status-publish","4":"has-post-thumbnail","6":"product_cat-vibration-anti-bruit-acoustique-fr","8":"first","9":"instock","10":"shipping-taxable","11":"product-type-simple"},"yoast_head":"<!-- This site is optimized with the Yoast SEO plugin v27.1.1 - https:\/\/yoast.com\/product\/yoast-seo-wordpress\/ -->\n<title>Vibro-Pi mini : Suspension d&#039;isolation acoustique pour plafonds en plaques de pl\u00e2tre - AirRent.ge<\/title>\n<meta name=\"robots\" content=\"index, follow, max-snippet:-1, max-image-preview:large, max-video-preview:-1\" \/>\n<link rel=\"canonical\" href=\"https:\/\/airrent.ge\/fr\/produit\/vibro-pi-mini-sound-insulation-suspension-for-gypsum-board-ceilings\/\" \/>\n<meta property=\"og:locale\" content=\"fr_FR\" \/>\n<meta property=\"og:type\" content=\"article\" \/>\n<meta property=\"og:title\" content=\"Vibro-Pi mini : Suspension d&#039;isolation acoustique pour plafonds en plaques de pl\u00e2tre - AirRent.ge\" \/>\n<meta property=\"og:description\" content=\"Suspension de plafonds en plaques de pl\u00e2tre insonorisantes. Elle peut \u00eatre utilis\u00e9e dans toutes les applications de plafonds flottants.  DESCRIPTION  La suspension d&#039;isolation acoustique Vibro-Pi mini est utilis\u00e9e pour suspendre des plafonds insonorisants (plaques de pl\u00e2tre), suspendre des conduits d&#039;air, etc. La conception du profil m\u00e9tallique avec ses bords peut \u00eatre facilement coup\u00e9e ou pli\u00e9e en diff\u00e9rentes longueurs pour obtenir des niveaux in\u00e9gaux du plafond flottant si n\u00e9cessaire. Vibro-Pi mini se compose d&#039;un cadre m\u00e9tallique en t\u00f4le galvanis\u00e9e correctement form\u00e9e. Un support sp\u00e9cial en caoutchouc anti-vibration (Vibro-mini) est plac\u00e9 sur la partie sup\u00e9rieure. \u00c0 travers le support en caoutchouc, une vis M6 (non incluse) est utilis\u00e9e qui peut \u00eatre ancr\u00e9e au plafond. Le support anti-vibration en caoutchouc Vibro-mini est le r\u00e9sultat d&#039;une recherche sp\u00e9cialis\u00e9e r\u00e9alis\u00e9e \u00e0 partir d&#039;un compos\u00e9 de caoutchouc de haute qualit\u00e9 avec un tr\u00e8s bon rapport d\u00e9flexion\/charge pour un excellent contr\u00f4le des vibrations. Le profil m\u00e9tallique est sp\u00e9cialement perfor\u00e9, ce qui permet de le couper facilement \u00e0 diff\u00e9rentes longueurs afin de couvrir les besoins du projet.  Installation  Lors de l&#039;installation d&#039;un faux plafond en plaques de pl\u00e2tre \u00e0 l&#039;aide du support antivibratoire Vibro-Pi mini la proc\u00e9dure suivante est suivie\u00a0: \u2022 Marquez les points de suspension du faux plafond. \u2022 Percez des trous jusqu&#039;\u00e0 \u00d88 dans le plafond. \u2022 Pr\u00e9parez le Vibro-Pi mini sans lui donner la forme \u03a0 \u2022 Vissez les boulons ou les tiges. \u2022 Pliez les deux rabats lat\u00e9raux de mani\u00e8re \u00e0 cr\u00e9er une forme \u03a0. \u2022 Vissez et accrochez le profil m\u00e9tallique sur les deux c\u00f4t\u00e9s du Vibro-Pi mini.  APPLICATIONS  Suspension de plafonds en plaques de pl\u00e2tre \u00e0 isolation phonique. Suspension antivibratoire de conduits d&#039;air, etc. CARACT\u00c9RISTIQUES DYNAMIQUES  Charge maximale\u00a0: 20 daN Fr\u00e9quence naturelle\u00a0: 15 Hz\" \/>\n<meta property=\"og:url\" content=\"https:\/\/airrent.ge\/fr\/produit\/vibro-pi-mini-sound-insulation-suspension-for-gypsum-board-ceilings\/\" \/>\n<meta property=\"og:site_name\" content=\"AirRent.ge\" \/>\n<meta property=\"article:modified_time\" content=\"2025-02-07T16:41:17+00:00\" \/>\n<meta property=\"og:image\" content=\"https:\/\/airrent.ge\/wp-content\/uploads\/2025\/02\/07200994630_A.jpg\" \/>\n\t<meta property=\"og:image:width\" content=\"280\" \/>\n\t<meta property=\"og:image:height\" content=\"210\" \/>\n\t<meta property=\"og:image:type\" content=\"image\/jpeg\" \/>\n<meta name=\"twitter:card\" content=\"summary_large_image\" \/>\n<script type=\"application\/ld+json\" class=\"yoast-schema-graph\">{\"@context\":\"https:\/\/schema.org\",\"@graph\":[{\"@type\":\"WebPage\",\"@id\":\"https:\/\/airrent.ge\/fr\/produit\/vibro-pi-mini-sound-insulation-suspension-for-gypsum-board-ceilings\/\",\"url\":\"https:\/\/airrent.ge\/fr\/produit\/vibro-pi-mini-sound-insulation-suspension-for-gypsum-board-ceilings\/\",\"name\":\"Vibro-Pi mini : Suspension d'isolation acoustique pour plafonds en plaques de pl\u00e2tre - AirRent.ge\",\"isPartOf\":{\"@id\":\"https:\/\/airrent.ge\/#website\"},\"primaryImageOfPage\":{\"@id\":\"https:\/\/airrent.ge\/fr\/produit\/vibro-pi-mini-sound-insulation-suspension-for-gypsum-board-ceilings\/#primaryimage\"},\"image\":{\"@id\":\"https:\/\/airrent.ge\/fr\/produit\/vibro-pi-mini-sound-insulation-suspension-for-gypsum-board-ceilings\/#primaryimage\"},\"thumbnailUrl\":\"https:\/\/airrent.ge\/wp-content\/uploads\/2025\/02\/07200994630_A.jpg\",\"datePublished\":\"2025-02-07T16:31:13+00:00\",\"dateModified\":\"2025-02-07T16:41:17+00:00\",\"breadcrumb\":{\"@id\":\"https:\/\/airrent.ge\/fr\/produit\/vibro-pi-mini-sound-insulation-suspension-for-gypsum-board-ceilings\/#breadcrumb\"},\"inLanguage\":\"fr-FR\",\"potentialAction\":[{\"@type\":\"ReadAction\",\"target\":[\"https:\/\/airrent.ge\/fr\/produit\/vibro-pi-mini-sound-insulation-suspension-for-gypsum-board-ceilings\/\"]}]},{\"@type\":\"ImageObject\",\"inLanguage\":\"fr-FR\",\"@id\":\"https:\/\/airrent.ge\/fr\/produit\/vibro-pi-mini-sound-insulation-suspension-for-gypsum-board-ceilings\/#primaryimage\",\"url\":\"https:\/\/airrent.ge\/wp-content\/uploads\/2025\/02\/07200994630_A.jpg\",\"contentUrl\":\"https:\/\/airrent.ge\/wp-content\/uploads\/2025\/02\/07200994630_A.jpg\",\"width\":280,\"height\":210},{\"@type\":\"BreadcrumbList\",\"@id\":\"https:\/\/airrent.ge\/fr\/produit\/vibro-pi-mini-sound-insulation-suspension-for-gypsum-board-ceilings\/#breadcrumb\",\"itemListElement\":[{\"@type\":\"ListItem\",\"position\":1,\"name\":\"Home\",\"item\":\"https:\/\/airrent.ge\/fr\/home\/\"},{\"@type\":\"ListItem\",\"position\":2,\"name\":\"Products\",\"item\":\"https:\/\/airrent.ge\/fr\/products\/\"},{\"@type\":\"ListItem\",\"position\":3,\"name\":\"Vibro-Pi mini : Suspension d&#8217;isolation acoustique pour plafonds en plaques de pl\u00e2tre\"}]},{\"@type\":\"WebSite\",\"@id\":\"https:\/\/airrent.ge\/#website\",\"url\":\"https:\/\/airrent.ge\/\",\"name\":\"airrent.ge\",\"description\":\"Rental Services\",\"publisher\":{\"@id\":\"https:\/\/airrent.ge\/#organization\"},\"potentialAction\":[{\"@type\":\"SearchAction\",\"target\":{\"@type\":\"EntryPoint\",\"urlTemplate\":\"https:\/\/airrent.ge\/?s={search_term_string}\"},\"query-input\":{\"@type\":\"PropertyValueSpecification\",\"valueRequired\":true,\"valueName\":\"search_term_string\"}}],\"inLanguage\":\"fr-FR\"},{\"@type\":\"Organization\",\"@id\":\"https:\/\/airrent.ge\/#organization\",\"name\":\"airrent.ge\",\"url\":\"https:\/\/airrent.ge\/\",\"logo\":{\"@type\":\"ImageObject\",\"inLanguage\":\"fr-FR\",\"@id\":\"https:\/\/airrent.ge\/#\/schema\/logo\/image\/\",\"url\":\"https:\/\/airrent.ge\/wp-content\/uploads\/2026\/03\/airrent.png\",\"contentUrl\":\"https:\/\/airrent.ge\/wp-content\/uploads\/2026\/03\/airrent.png\",\"width\":1536,\"height\":1024,\"caption\":\"airrent.ge\"},\"image\":{\"@id\":\"https:\/\/airrent.ge\/#\/schema\/logo\/image\/\"}}]}<\/script>\n<!-- \/ Yoast SEO plugin. -->","yoast_head_json":{"title":"Vibro-Pi mini : Suspension d'isolation acoustique pour plafonds en plaques de pl\u00e2tre - AirRent.ge","robots":{"index":"index","follow":"follow","max-snippet":"max-snippet:-1","max-image-preview":"max-image-preview:large","max-video-preview":"max-video-preview:-1"},"canonical":"https:\/\/airrent.ge\/fr\/produit\/vibro-pi-mini-sound-insulation-suspension-for-gypsum-board-ceilings\/","og_locale":"fr_FR","og_type":"article","og_title":"Vibro-Pi mini : Suspension d'isolation acoustique pour plafonds en plaques de pl\u00e2tre - AirRent.ge","og_description":"Suspension de plafonds en plaques de pl\u00e2tre insonorisantes. Elle peut \u00eatre utilis\u00e9e dans toutes les applications de plafonds flottants.  DESCRIPTION  La suspension d'isolation acoustique Vibro-Pi mini est utilis\u00e9e pour suspendre des plafonds insonorisants (plaques de pl\u00e2tre), suspendre des conduits d'air, etc. La conception du profil m\u00e9tallique avec ses bords peut \u00eatre facilement coup\u00e9e ou pli\u00e9e en diff\u00e9rentes longueurs pour obtenir des niveaux in\u00e9gaux du plafond flottant si n\u00e9cessaire. Vibro-Pi mini se compose d'un cadre m\u00e9tallique en t\u00f4le galvanis\u00e9e correctement form\u00e9e. Un support sp\u00e9cial en caoutchouc anti-vibration (Vibro-mini) est plac\u00e9 sur la partie sup\u00e9rieure. \u00c0 travers le support en caoutchouc, une vis M6 (non incluse) est utilis\u00e9e qui peut \u00eatre ancr\u00e9e au plafond. Le support anti-vibration en caoutchouc Vibro-mini est le r\u00e9sultat d'une recherche sp\u00e9cialis\u00e9e r\u00e9alis\u00e9e \u00e0 partir d'un compos\u00e9 de caoutchouc de haute qualit\u00e9 avec un tr\u00e8s bon rapport d\u00e9flexion\/charge pour un excellent contr\u00f4le des vibrations. Le profil m\u00e9tallique est sp\u00e9cialement perfor\u00e9, ce qui permet de le couper facilement \u00e0 diff\u00e9rentes longueurs afin de couvrir les besoins du projet.  Installation  Lors de l'installation d'un faux plafond en plaques de pl\u00e2tre \u00e0 l'aide du support antivibratoire Vibro-Pi mini la proc\u00e9dure suivante est suivie\u00a0: \u2022 Marquez les points de suspension du faux plafond. \u2022 Percez des trous jusqu'\u00e0 \u00d88 dans le plafond. \u2022 Pr\u00e9parez le Vibro-Pi mini sans lui donner la forme \u03a0 \u2022 Vissez les boulons ou les tiges. \u2022 Pliez les deux rabats lat\u00e9raux de mani\u00e8re \u00e0 cr\u00e9er une forme \u03a0. \u2022 Vissez et accrochez le profil m\u00e9tallique sur les deux c\u00f4t\u00e9s du Vibro-Pi mini.  APPLICATIONS  Suspension de plafonds en plaques de pl\u00e2tre \u00e0 isolation phonique. Suspension antivibratoire de conduits d'air, etc. CARACT\u00c9RISTIQUES DYNAMIQUES  Charge maximale\u00a0: 20 daN Fr\u00e9quence naturelle\u00a0: 15 Hz","og_url":"https:\/\/airrent.ge\/fr\/produit\/vibro-pi-mini-sound-insulation-suspension-for-gypsum-board-ceilings\/","og_site_name":"AirRent.ge","article_modified_time":"2025-02-07T16:41:17+00:00","og_image":[{"width":280,"height":210,"url":"https:\/\/airrent.ge\/wp-content\/uploads\/2025\/02\/07200994630_A.jpg","type":"image\/jpeg"}],"twitter_card":"summary_large_image","schema":{"@context":"https:\/\/schema.org","@graph":[{"@type":"WebPage","@id":"https:\/\/airrent.ge\/fr\/produit\/vibro-pi-mini-sound-insulation-suspension-for-gypsum-board-ceilings\/","url":"https:\/\/airrent.ge\/fr\/produit\/vibro-pi-mini-sound-insulation-suspension-for-gypsum-board-ceilings\/","name":"Vibro-Pi mini : Suspension d'isolation acoustique pour plafonds en plaques de pl\u00e2tre - AirRent.ge","isPartOf":{"@id":"https:\/\/airrent.ge\/#website"},"primaryImageOfPage":{"@id":"https:\/\/airrent.ge\/fr\/produit\/vibro-pi-mini-sound-insulation-suspension-for-gypsum-board-ceilings\/#primaryimage"},"image":{"@id":"https:\/\/airrent.ge\/fr\/produit\/vibro-pi-mini-sound-insulation-suspension-for-gypsum-board-ceilings\/#primaryimage"},"thumbnailUrl":"https:\/\/airrent.ge\/wp-content\/uploads\/2025\/02\/07200994630_A.jpg","datePublished":"2025-02-07T16:31:13+00:00","dateModified":"2025-02-07T16:41:17+00:00","breadcrumb":{"@id":"https:\/\/airrent.ge\/fr\/produit\/vibro-pi-mini-sound-insulation-suspension-for-gypsum-board-ceilings\/#breadcrumb"},"inLanguage":"fr-FR","potentialAction":[{"@type":"ReadAction","target":["https:\/\/airrent.ge\/fr\/produit\/vibro-pi-mini-sound-insulation-suspension-for-gypsum-board-ceilings\/"]}]},{"@type":"ImageObject","inLanguage":"fr-FR","@id":"https:\/\/airrent.ge\/fr\/produit\/vibro-pi-mini-sound-insulation-suspension-for-gypsum-board-ceilings\/#primaryimage","url":"https:\/\/airrent.ge\/wp-content\/uploads\/2025\/02\/07200994630_A.jpg","contentUrl":"https:\/\/airrent.ge\/wp-content\/uploads\/2025\/02\/07200994630_A.jpg","width":280,"height":210},{"@type":"BreadcrumbList","@id":"https:\/\/airrent.ge\/fr\/produit\/vibro-pi-mini-sound-insulation-suspension-for-gypsum-board-ceilings\/#breadcrumb","itemListElement":[{"@type":"ListItem","position":1,"name":"Home","item":"https:\/\/airrent.ge\/fr\/home\/"},{"@type":"ListItem","position":2,"name":"Products","item":"https:\/\/airrent.ge\/fr\/products\/"},{"@type":"ListItem","position":3,"name":"Vibro-Pi mini : Suspension d&#8217;isolation acoustique pour plafonds en plaques de pl\u00e2tre"}]},{"@type":"WebSite","@id":"https:\/\/airrent.ge\/#website","url":"https:\/\/airrent.ge\/","name":"airrent.ge","description":"Rental Services","publisher":{"@id":"https:\/\/airrent.ge\/#organization"},"potentialAction":[{"@type":"SearchAction","target":{"@type":"EntryPoint","urlTemplate":"https:\/\/airrent.ge\/?s={search_term_string}"},"query-input":{"@type":"PropertyValueSpecification","valueRequired":true,"valueName":"search_term_string"}}],"inLanguage":"fr-FR"},{"@type":"Organization","@id":"https:\/\/airrent.ge\/#organization","name":"airrent.ge","url":"https:\/\/airrent.ge\/","logo":{"@type":"ImageObject","inLanguage":"fr-FR","@id":"https:\/\/airrent.ge\/#\/schema\/logo\/image\/","url":"https:\/\/airrent.ge\/wp-content\/uploads\/2026\/03\/airrent.png","contentUrl":"https:\/\/airrent.ge\/wp-content\/uploads\/2026\/03\/airrent.png","width":1536,"height":1024,"caption":"airrent.ge"},"image":{"@id":"https:\/\/airrent.ge\/#\/schema\/logo\/image\/"}}]}},"_links":{"self":[{"href":"https:\/\/airrent.ge\/fr\/wp-json\/wp\/v2\/product\/17855","targetHints":{"allow":["GET"]}}],"collection":[{"href":"https:\/\/airrent.ge\/fr\/wp-json\/wp\/v2\/product"}],"about":[{"href":"https:\/\/airrent.ge\/fr\/wp-json\/wp\/v2\/types\/product"}],"wp:featuredmedia":[{"embeddable":true,"href":"https:\/\/airrent.ge\/fr\/wp-json\/wp\/v2\/media\/17844"}],"wp:attachment":[{"href":"https:\/\/airrent.ge\/fr\/wp-json\/wp\/v2\/media?parent=17855"}],"wp:term":[{"taxonomy":"product_brand","embeddable":true,"href":"https:\/\/airrent.ge\/fr\/wp-json\/wp\/v2\/product_brand?post=17855"},{"taxonomy":"product_cat","embeddable":true,"href":"https:\/\/airrent.ge\/fr\/wp-json\/wp\/v2\/product_cat?post=17855"},{"taxonomy":"product_tag","embeddable":true,"href":"https:\/\/airrent.ge\/fr\/wp-json\/wp\/v2\/product_tag?post=17855"}],"curies":[{"name":"wp","href":"https:\/\/api.w.org\/{rel}","templated":true}]}}